{"id":2155,"date":"2026-03-04T01:33:26","date_gmt":"2026-03-04T01:33:26","guid":{"rendered":"https:\/\/www.upspower-supply.com\/?post_type=product&#038;p=2155"},"modified":"2026-04-18T05:45:11","modified_gmt":"2026-04-18T05:45:11","slug":"nobreak-1-10kva-uninterruptible-power-supply-for-small-business","status":"publish","type":"product","link":"https:\/\/www.upspower-supply.com\/vi\/san-pham\/nobreak-1-10kva-uninterruptible-power-supply-for-small-business\/","title":{"rendered":"Nobreak 1-10kva | UPS Online 1200VA, 2kVA, 3kVA, 6kVA, 10kVA"},"content":{"rendered":"<p>B\u1ed9 ngu\u1ed3n d\u1ef1 ph\u00f2ng (UPS) Nobreak 1\u201310kVA l\u00e0 gi\u1ea3i ph\u00e1p b\u1ea3o v\u1ec7 ngu\u1ed3n \u0111i\u1ec7n \u0111a n\u0103ng th\u1ebf h\u1ec7 m\u1edbi \u0111\u01b0\u1ee3c thi\u1ebft k\u1ebf \u0111\u1ec3 cung c\u1ea5p ngu\u1ed3n \u0111i\u1ec7n li\u00ean t\u1ee5c, \u1ed5n \u0111\u1ecbnh v\u00e0 ch\u1ea5t l\u01b0\u1ee3ng cao cho c\u00e1c doanh nghi\u1ec7p nh\u1ecf v\u00e0 m\u00f4i tr\u01b0\u1eddng chuy\u00ean nghi\u1ec7p.<\/p>\n<p>\u0110\u01b0\u1ee3c x\u00e2y d\u1ef1ng tr\u00ean ki\u1ebfn tr\u00fac chuy\u1ec3n \u0111\u1ed5i k\u00e9p tr\u1ef1c tuy\u1ebfn, h\u1ec7 th\u1ed1ng n\u00e0y cung c\u1ea5p s\u1ef1 c\u00e1ch ly ho\u00e0n to\u00e0n gi\u1eefa ngu\u1ed3n \u0111i\u1ec7n \u0111\u1ea7u v\u00e0o v\u00e0 \u0111\u1ea7u ra, b\u1ea3o v\u1ec7 hi\u1ec7u qu\u1ea3 c\u00e1c thi\u1ebft b\u1ecb \u0111\u01b0\u1ee3c k\u1ebft n\u1ed1i kh\u1ecfi nhi\u1ec1u s\u1ef1 c\u1ed1 \u0111i\u1ec7n kh\u00e1c nhau, bao g\u1ed3m:<\/p>\n<h3>C\u00e1c t\u00ednh n\u0103ng hi\u1ec7u n\u0103ng ch\u00ednh<\/h3>\n<ul>\n<li>Thi\u1ebft k\u1ebf chuy\u1ec3n \u0111\u1ed5i k\u00e9p tr\u1ef1c tuy\u1ebfn v\u1edbi c\u00f4ng ngh\u1ec7 \u0111i\u1ec1u khi\u1ec3n vi x\u1eed l\u00fd ti\u00ean ti\u1ebfn.<\/li>\n<li>M\u00e0n h\u00ecnh LCD gi\u00fap v\u1eadn h\u00e0nh d\u1ec5 d\u00e0ng v\u00e0 b\u1ea3o tr\u00ec thu\u1eadn ti\u1ec7n.<\/li>\n<li>D\u1ea3i \u0111i\u1ec7n \u00e1p \u0111\u1ea7u v\u00e0o r\u1ed9ng (110Vac \u2013 300Vac), ph\u00f9 h\u1ee3p v\u1edbi m\u00f4i tr\u01b0\u1eddng l\u01b0\u1edbi \u0111i\u1ec7n kh\u1eafc nghi\u1ec7t.<\/li>\n<li>H\u1ec7 s\u1ed1 c\u00f4ng su\u1ea5t \u0111\u1ea7u v\u00e0o \u2265 0,99 cho thi\u1ebft k\u1ebf \u0111i\u1ec7n xanh ti\u1ebft ki\u1ec7m n\u0103ng l\u01b0\u1ee3ng<\/li>\n<li>H\u1ec7 s\u1ed1 c\u00f4ng su\u1ea5t \u0111\u1ea7u ra c\u00f3 th\u1ec3 l\u1ef1a ch\u1ecdn 0.8 \/ 0.9 \/ 1.0 v\u1edbi kh\u1ea3 n\u0103ng ch\u1ecbu t\u1ea3i m\u1ea1nh m\u1ebd.<\/li>\n<li>Hi\u1ec7u su\u1ea5t ch\u1ebf \u0111\u1ed9 AC \u0111\u1ea1t chu\u1ea9n 94% tr\u1edf l\u00ean gi\u00fap ti\u1ebft ki\u1ec7m n\u0103ng l\u01b0\u1ee3ng t\u1ed1t h\u01a1n.<\/li>\n<li>C\u00e1c m\u1eabu c\u00f3 th\u1eddi gian s\u1eed d\u1ee5ng l\u00e2u d\u00e0i h\u1ed7 tr\u1ee3 d\u00f2ng s\u1ea1c l\u00ean \u0111\u1ebfn 12A v\u1edbi t\u00ednh n\u0103ng qu\u1ea3n l\u00fd s\u1ea1c th\u00f4ng minh nhi\u1ec1u giai \u0111o\u1ea1n.<\/li>\n<li>B\u1ea3o v\u1ec7 to\u00e0n di\u1ec7n bao g\u1ed3m b\u1ea3o v\u1ec7 qu\u00e1 \u00e1p, ng\u1eafn m\u1ea1ch v\u00e0 qu\u00e1 nhi\u1ec7t.<\/li>\n<li>Giao di\u1ec7n truy\u1ec1n th\u00f4ng RS232 ti\u00eau chu\u1ea9n v\u1edbi t\u00f9y ch\u1ecdn th\u1ebb SNMP v\u00e0 c\u1ed5ng USB.<\/li>\n<\/ul>\n<h3>T\u00f3m t\u1eaft th\u00f4ng s\u1ed1 k\u1ef9 thu\u1eadt<\/h3>\n<div class=\"max-w-4xl max-h-[80vh] my-8 overflow-auto mx-auto overflow-auto rounded-lg border border-gray-200 shadow-sm\">\n<table class=\"min-w-full border border-gray-300 text-sm text-center\">\n<thead class=\"bg-gray-100 font-semibold\">\n<tr>\n<th class=\"border p-2\">Ng\u01b0\u1eddi m\u1eabu<\/th>\n<th class=\"border p-2\">01L-H<\/th>\n<th class=\"border p-2\">01-H<\/th>\n<th class=\"border p-2\">02L-H<\/th>\n<th class=\"border p-2\">02-H<\/th>\n<th class=\"border p-2\">03L-H<\/th>\n<th class=\"border p-2\">03-H<\/th>\n<th class=\"border p-2\">06L-H<\/th>\n<th class=\"border p-2\">06-H<\/th>\n<th class=\"border p-2\">10L-H<\/th>\n<th class=\"border p-2\">10-H<\/th>\n<\/tr>\n<tr class=\"bg-gray-50\">\n<th class=\"border p-2\">Dung t\u00edch<\/th>\n<td class=\"border p-2\" colspan=\"2\">1kVA<\/td>\n<td class=\"border p-2\" colspan=\"2\">2kVA<\/td>\n<td class=\"border p-2\" colspan=\"2\">3kVA<\/td>\n<td class=\"border p-2\" colspan=\"2\">6kVA<\/td>\n<td class=\"border p-2\" colspan=\"2\">10kVA<\/td>\n<\/tr>\n<\/thead>\n<tbody>\n      <!-- INPUT --><\/p>\n<tr class=\"bg-gray-100 font-semibold\">\n<td colspan=\"11\" class=\"border p-2 text-left\">\u0110\u1ea7u v\u00e0o<\/td>\n<\/tr>\n<tr>\n<td class=\"border p-2\">D\u00e2y d\u1eabn \u0111\u1ea7u v\u00e0o<\/td>\n<td colspan=\"10\" class=\"border p-2\">L + N + PE<\/td>\n<\/tr>\n<tr>\n<td class=\"border p-2\">\u0110i\u1ec7n \u00e1p \u0111\u1ea7u v\u00e0o \u0111\u1ecbnh m\u1ee9c<\/td>\n<td colspan=\"10\" class=\"border p-2\">208 \/ 220 \/ 230 \/ 240 VAC<\/td>\n<\/tr>\n<tr>\n<td class=\"border p-2\">Ph\u1ea1m vi \u0111i\u1ec7n \u00e1p \u0111\u1ea7u v\u00e0o<\/td>\n<td colspan=\"10\" class=\"border p-2\">110 \u2013 300 VAC (176\u2013276 VAC n\u1ebfu kh\u00f4ng gi\u1ea3m c\u00f4ng su\u1ea5t)<\/td>\n<\/tr>\n<tr>\n<td class=\"border p-2\">D\u1ea3i t\u1ea7n s\u1ed1<\/td>\n<td colspan=\"10\" class=\"border p-2\">44\u201356Hz ho\u1eb7c 54\u201366Hz (T\u1ef1 \u0111\u1ed9ng nh\u1eadn di\u1ec7n)<\/td>\n<\/tr>\n<tr>\n<td class=\"border p-2\">H\u1ec7 s\u1ed1 c\u00f4ng su\u1ea5t \u0111\u1ea7u v\u00e0o<\/td>\n<td colspan=\"10\" class=\"border p-2\">\u2265 0,99<\/td>\n<\/tr>\n<p>      <!-- OUTPUT --><\/p>\n<tr class=\"bg-gray-100 font-semibold\">\n<td colspan=\"11\" class=\"border p-2 text-left\">\u0110\u1ea7u ra<\/td>\n<\/tr>\n<tr>\n<td class=\"border p-2\">D\u00e2y d\u1eabn \u0111\u1ea7u ra<\/td>\n<td colspan=\"10\" class=\"border p-2\">L + N + PE<\/td>\n<\/tr>\n<tr>\n<td class=\"border p-2\">\u0110i\u1ec7n \u00e1p \u0111\u1ea7u ra<\/td>\n<td colspan=\"10\" class=\"border p-2\">208 \/ 220 \/ 230 \/ 240 VAC<\/td>\n<\/tr>\n<tr>\n<td class=\"border p-2\">\u0110i\u1ec1u ch\u1ec9nh \u0111i\u1ec7n \u00e1p<\/td>\n<td colspan=\"10\" class=\"border p-2\">\u00b11%<\/td>\n<\/tr>\n<tr>\n<td class=\"border p-2\">T\u1ea7n s\u1ed1 \u0111\u1ea7u ra<\/td>\n<td colspan=\"10\" class=\"border p-2\">\n          Ch\u1ebf \u0111\u1ed9 tr\u1ef1c tuy\u1ebfn: \u0111\u1ed3ng b\u1ed9 v\u1edbi ngu\u1ed3n \u0111i\u1ec7n l\u01b0\u1edbi; Ch\u1ebf \u0111\u1ed9 d\u00f9ng pin: 50\/60Hz \u00b10.05Hz\n        <\/td>\n<\/tr>\n<tr>\n<td class=\"border p-2\">THD<\/td>\n<td colspan=\"10\" class=\"border p-2\">\n          \u22643% (T\u1ea3i tuy\u1ebfn t\u00ednh), \u22646% (T\u1ea3i phi tuy\u1ebfn t\u00ednh)\n        <\/td>\n<\/tr>\n<tr>\n<td class=\"border p-2\">H\u1ec7 s\u1ed1 c\u00f4ng su\u1ea5t \u0111\u1ea7u ra<\/td>\n<td colspan=\"10\" class=\"border p-2\">0.8<\/td>\n<\/tr>\n<tr>\n<td class=\"border p-2\">Th\u1eddi gian chuy\u1ec3n giao<\/td>\n<td colspan=\"10\" class=\"border p-2\">\n          Ngu\u1ed3n \u0111i\u1ec7n l\u01b0\u1edbi \u2192 Pin: 0ms | Bi\u1ebfn t\u1ea7n \u2192 Ch\u1ebf \u0111\u1ed9 b\u1ecf qua: \u22644ms\n        <\/td>\n<\/tr>\n<tr>\n<td class=\"border p-2\">Kh\u1ea3 n\u0103ng qu\u00e1 t\u1ea3i<\/td>\n<td colspan=\"10\" class=\"border p-2\">\n          T\u1ea3i tr\u1ecdng 102\u2013110%: 30 ph\u00fat; 110\u2013130%: 10 ph\u00fat; 130\u2013150%: 30 gi\u00e2y; \u2265150%: 200 ms\n        <\/td>\n<\/tr>\n<tr>\n<td class=\"border p-2\">Hi\u1ec7u su\u1ea5t (Ch\u1ebf \u0111\u1ed9 AC)<\/td>\n<td colspan=\"10\" class=\"border p-2\">\u226594,5% (1\u20133kVA), \u226595% (6\u201310kVA)<\/td>\n<\/tr>\n<p>      <!-- BATTERY --><\/p>\n<tr class=\"bg-gray-100 font-semibold\">\n<td colspan=\"11\" class=\"border p-2 text-left\">\u1eaec quy<\/td>\n<\/tr>\n<tr>\n<td class=\"border p-2\">\u0110i\u1ec7n \u00e1p pin<\/td>\n<td class=\"border p-2\">36VDC<\/td>\n<td class=\"border p-2\">Pin trong 3\u00d712V 7Ah<\/td>\n<td class=\"border p-2\">72VDC<\/td>\n<td class=\"border p-2\">Pin trong 6\u00d712V 7Ah<\/td>\n<td class=\"border p-2\">96VDC<\/td>\n<td class=\"border p-2\">Pin trong 8\u00d712V 7Ah<\/td>\n<td class=\"border p-2\">192\u2013240VDC<\/td>\n<td class=\"border p-2\">Pin ngo\u00e0i<\/td>\n<td class=\"border p-2\">192\u2013240VDC<\/td>\n<td class=\"border p-2\">Pin ngo\u00e0i<\/td>\n<\/tr>\n<tr>\n<td class=\"border p-2\">D\u00f2ng \u0111i\u1ec7n s\u1ea1c<\/td>\n<td colspan=\"10\" class=\"border p-2\">\n          D\u00f2ng \u0111i\u1ec7n \u0111i\u1ec1u ch\u1ec9nh \u0111\u01b0\u1ee3c t\u1eeb 1\u201312A (c\u00e1c m\u1eabu c\u00f3 ch\u1ebf \u0111\u1ed9 d\u1ef1 ph\u00f2ng d\u00e0i h\u1ea1n l\u00ean \u0111\u1ebfn 12A)\n        <\/td>\n<\/tr>\n<p>      <!-- SYSTEM --><\/p>\n<tr class=\"bg-gray-100 font-semibold\">\n<td colspan=\"11\" class=\"border p-2 text-left\">H\u1ec7 th\u1ed1ng<\/td>\n<\/tr>\n<tr>\n<td class=\"border p-2\">Tr\u01b0ng b\u00e0y<\/td>\n<td colspan=\"10\" class=\"border p-2\">\n          M\u00e0n h\u00ecnh LCD hi\u1ec3n th\u1ecb \u0111i\u1ec7n \u00e1p \u0111\u1ea7u v\u00e0o\/\u0111\u1ea7u ra, t\u1ea3i, tr\u1ea1ng th\u00e1i pin v\u00e0 ch\u1ebf \u0111\u1ed9 ho\u1ea1t \u0111\u1ed9ng.\n        <\/td>\n<\/tr>\n<tr>\n<td class=\"border p-2\">Giao di\u1ec7n truy\u1ec1n th\u00f4ng<\/td>\n<td colspan=\"10\" class=\"border p-2\">\n          Giao di\u1ec7n RS232 ti\u00eau chu\u1ea9n, card SNMP t\u00f9y ch\u1ecdn v\u00e0 giao di\u1ec7n USB.\n        <\/td>\n<\/tr>\n<p>      <!-- ENVIRONMENT --><\/p>\n<tr class=\"bg-gray-100 font-semibold\">\n<td colspan=\"11\" class=\"border p-2 text-left\">M\u00f4i tr\u01b0\u1eddng<\/td>\n<\/tr>\n<tr>\n<td class=\"border p-2\">Nhi\u1ec7t \u0111\u1ed9 ho\u1ea1t \u0111\u1ed9ng<\/td>\n<td colspan=\"10\" class=\"border p-2\">0\u00b0C \u2013 40\u00b0C<\/td>\n<\/tr>\n<tr>\n<td class=\"border p-2\">\u0110\u1ed9 \u1ea9m<\/td>\n<td colspan=\"10\" class=\"border p-2\">20% \u2013 95% (Kh\u00f4ng ng\u01b0ng t\u1ee5)<\/td>\n<\/tr>\n<tr>\n<td class=\"border p-2\">\u0110\u1ed9 cao<\/td>\n<td colspan=\"10\" class=\"border p-2\">\n          \u22641000m kh\u00f4ng c\u1ea7n gi\u1ea3m c\u00f4ng su\u1ea5t (gi\u1ea3m c\u00f4ng su\u1ea5t khi \u1edf \u0111\u1ed9 s\u00e2u tr\u00ean 1000m)\n        <\/td>\n<\/tr>\n<\/tbody>\n<\/table>\n<\/div>","protected":false},"excerpt":{"rendered":"<p>B\u1ed9 ngu\u1ed3n d\u1ef1 ph\u00f2ng kh\u00f4ng gi\u00e1n \u0111o\u1ea1n Nobreak 1\u201310kVA d\u00e0nh cho doanh nghi\u1ec7p nh\u1ecf l\u00e0 m\u1ed9t UPS chuy\u1ec3n \u0111\u1ed5i k\u00e9p tr\u1ef1c tuy\u1ebfn hi\u1ec7u su\u1ea5t cao \u0111\u01b0\u1ee3c thi\u1ebft k\u1ebf \u0111\u1ec3 cung c\u1ea5p ngu\u1ed3n \u0111i\u1ec7n \u1ed5n \u0111\u1ecbnh v\u00e0 s\u1ea1ch s\u1ebd cho c\u00e1c thi\u1ebft b\u1ecb quan tr\u1ecdng. V\u1edbi c\u00f4ng ngh\u1ec7 \u0111i\u1ec1u khi\u1ec3n k\u1ef9 thu\u1eadt s\u1ed1 DSP ti\u00ean ti\u1ebfn v\u00e0 thi\u1ebft k\u1ebf d\u1ea1ng th\u00e1p\/gi\u00e1 \u0111\u1ee1 linh ho\u1ea1t, n\u00f3 \u0111\u1ea3m b\u1ea3o ngu\u1ed3n \u0111i\u1ec7n \u0111\u1ea7u ra \u1ed5n \u0111\u1ecbnh tr\u01b0\u1edbc c\u00e1c s\u1ef1 c\u1ed1 m\u1ea5t \u0111i\u1ec7n, dao \u0111\u1ed9ng \u0111i\u1ec7n \u00e1p, \u0111\u1ed9t bi\u1ebfn \u0111i\u1ec7n v\u00e0 nhi\u1ec5u lo\u1ea1n \u0111i\u1ec7n, l\u00fd t\u01b0\u1edfng cho v\u0103n ph\u00f2ng, ph\u00f2ng CNTT v\u00e0 c\u00e1c \u1ee9ng d\u1ee5ng th\u01b0\u01a1ng m\u1ea1i. C\u00f3 c\u00e1c phi\u00ean b\u1ea3n 1kva Nobreak, 2kva Nobreak, 3kva Nobreak, 6kva Nobreak, 10kva Nobreak.<\/p>\n<p><a href=\"https:\/\/www.upspower-supply.com\/vi\/nobreak\/\">ngu\u1ed3n \u0111i\u1ec7n kh\u00f4ng b\u1ecb h\u1ecfng<\/a><\/p>","protected":false},"featured_media":2156,"comment_status":"open","ping_status":"closed","template":"","meta":{"_acf_changed":false,"_uag_custom_page_level_css":"","site-sidebar-layout":"default","site-content-layout":"","ast-site-content-layout":"default","site-content-style":"default","site-sidebar-style":"default","ast-global-header-display":"","ast-banner-title-visibility":"","ast-main-header-display":"","ast-hfb-above-header-display":"","ast-hfb-below-header-display":"","ast-hfb-mobile-header-display":"","site-post-title":"","ast-breadcrumbs-content":"","ast-featured-img":"","footer-sml-layout":"","theme-transparent-header-meta":"default","adv-header-id-meta":"","stick-header-meta":"","header-above-stick-meta":"","header-main-stick-meta":"","header-below-stick-meta":"","astra-migrate-meta-layouts":"set","ast-page-background-enabled":"default","ast-page-background-meta":{"desktop":{"background-color":"var(--ast-global-color-4)","background-image":"","background-repeat":"repeat","background-position":"center center","background-size":"auto","background-attachment":"scroll","background-type":"","background-media":"","overlay-type":"","overlay-color":"","overlay-opacity":"","overlay-gradient":""},"tablet":{"background-color":"","background-image":"","background-repeat":"repeat","background-position":"center center","background-size":"auto","background-attachment":"scroll","background-type":"","background-media":"","overlay-type":"","overlay-color":"","overlay-opacity":"","overlay-gradient":""},"mobile":{"background-color":"","background-image":"","background-repeat":"repeat","background-position":"center center","background-size":"auto","background-attachment":"scroll","background-type":"","background-media":"","overlay-type":"","overlay-color":"","overlay-opacity":"","overlay-gradient":""}},"ast-content-background-meta":{"desktop":{"background-color":"var(--ast-global-color-5)","background-image":"","background-repeat":"repeat","background-position":"center center","background-size":"auto","background-attachment":"scroll","background-type":"","background-media":"","overlay-type":"","overlay-color":"","overlay-opacity":"","overlay-gradient":""},"tablet":{"background-color":"var(--ast-global-color-5)","background-image":"","background-repeat":"repeat","background-position":"center center","background-size":"auto","background-attachment":"scroll","background-type":"","background-media":"","overlay-type":"","overlay-color":"","overlay-opacity":"","overlay-gradient":""},"mobile":{"background-color":"var(--ast-global-color-5)","background-image":"","background-repeat":"repeat","background-position":"center center","background-size":"auto","background-attachment":"scroll","background-type":"","background-media":"","overlay-type":"","overlay-color":"","overlay-opacity":"","overlay-gradient":""}}},"product_brand":[],"product_cat":[26],"product_tag":[46,49],"class_list":{"0":"post-2155","1":"product","2":"type-product","3":"status-publish","4":"has-post-thumbnail","6":"product_cat-online-ups","7":"product_tag-double-conversion-ups","8":"product_tag-single-phase-ups","9":"desktop-align-left","10":"tablet-align-left","11":"mobile-align-left","13":"first","14":"instock","15":"shipping-taxable","16":"product-type-simple"},"acf":[],"yoast_head":"<!-- This site is optimized with the Yoast SEO plugin v25.0 - https:\/\/yoast.com\/wordpress\/plugins\/seo\/ -->\n<title>Nobreak 1-10kva | 1200VA, 2kVA, 3kVA, 6kVA, 10kVA Online UPS - UPS power supply<\/title>\n<meta name=\"description\" content=\"Nobreak UPS solutions including 1200VA, 2kVA, 3kVA, 6kVA and 10kVA models. Online UPS systems designed for small business, servers, network equipment and critical power backup.\" \/>\n<meta name=\"robots\" content=\"index, follow, max-snippet:-1, max-image-preview:large, max-video-preview:-1\" \/>\n<link rel=\"canonical\" href=\"https:\/\/www.upspower-supply.com\/vi\/san-pham\/nobreak-1-10kva-uninterruptible-power-supply-for-small-business\/\" \/>\n<meta property=\"og:locale\" content=\"vi_VN\" \/>\n<meta property=\"og:type\" content=\"article\" \/>\n<meta property=\"og:title\" content=\"Nobreak 1-10kva | 1200VA, 2kVA, 3kVA, 6kVA, 10kVA Online UPS - UPS power supply\" \/>\n<meta property=\"og:description\" content=\"Nobreak UPS solutions including 1200VA, 2kVA, 3kVA, 6kVA and 10kVA models. Online UPS systems designed for small business, servers, network equipment and critical power backup.\" \/>\n<meta property=\"og:url\" content=\"https:\/\/www.upspower-supply.com\/vi\/san-pham\/nobreak-1-10kva-uninterruptible-power-supply-for-small-business\/\" \/>\n<meta property=\"og:site_name\" content=\"UPS power supply\" \/>\n<meta property=\"article:modified_time\" content=\"2026-04-18T05:45:11+00:00\" \/>\n<meta property=\"og:image\" content=\"https:\/\/www.upspower-supply.com\/wp-content\/uploads\/2026\/03\/nobreak-1-10kva-1.jpg\" \/>\n\t<meta property=\"og:image:width\" content=\"1000\" \/>\n\t<meta property=\"og:image:height\" content=\"894\" \/>\n\t<meta property=\"og:image:type\" content=\"image\/jpeg\" \/>\n<meta name=\"twitter:card\" content=\"summary_large_image\" \/>\n<meta name=\"twitter:label1\" content=\"\u01af\u1edbc t\u00ednh th\u1eddi gian \u0111\u1ecdc\" \/>\n\t<meta name=\"twitter:data1\" content=\"2 ph\u00fat\" \/>\n<script type=\"application\/ld+json\" class=\"yoast-schema-graph\">{\"@context\":\"https:\/\/schema.org\",\"@graph\":[{\"@type\":\"WebPage\",\"@id\":\"https:\/\/www.upspower-supply.com\/product\/nobreak-1-10kva-uninterruptible-power-supply-for-small-business\/\",\"url\":\"https:\/\/www.upspower-supply.com\/product\/nobreak-1-10kva-uninterruptible-power-supply-for-small-business\/\",\"name\":\"Nobreak 1-10kva | 1200VA, 2kVA, 3kVA, 6kVA, 10kVA Online UPS - UPS power supply\",\"isPartOf\":{\"@id\":\"https:\/\/www.upspower-supply.com\/#website\"},\"primaryImageOfPage\":{\"@id\":\"https:\/\/www.upspower-supply.com\/product\/nobreak-1-10kva-uninterruptible-power-supply-for-small-business\/#primaryimage\"},\"image\":{\"@id\":\"https:\/\/www.upspower-supply.com\/product\/nobreak-1-10kva-uninterruptible-power-supply-for-small-business\/#primaryimage\"},\"thumbnailUrl\":\"https:\/\/www.upspower-supply.com\/wp-content\/uploads\/2026\/03\/nobreak-1-10kva-1.jpg\",\"datePublished\":\"2026-03-04T01:33:26+00:00\",\"dateModified\":\"2026-04-18T05:45:11+00:00\",\"description\":\"Nobreak UPS solutions including 1200VA, 2kVA, 3kVA, 6kVA and 10kVA models. Online UPS systems designed for small business, servers, network equipment and critical power backup.\",\"breadcrumb\":{\"@id\":\"https:\/\/www.upspower-supply.com\/product\/nobreak-1-10kva-uninterruptible-power-supply-for-small-business\/#breadcrumb\"},\"inLanguage\":\"vi\",\"potentialAction\":[{\"@type\":\"ReadAction\",\"target\":[\"https:\/\/www.upspower-supply.com\/product\/nobreak-1-10kva-uninterruptible-power-supply-for-small-business\/\"]}]},{\"@type\":\"ImageObject\",\"inLanguage\":\"vi\",\"@id\":\"https:\/\/www.upspower-supply.com\/product\/nobreak-1-10kva-uninterruptible-power-supply-for-small-business\/#primaryimage\",\"url\":\"https:\/\/www.upspower-supply.com\/wp-content\/uploads\/2026\/03\/nobreak-1-10kva-1.jpg\",\"contentUrl\":\"https:\/\/www.upspower-supply.com\/wp-content\/uploads\/2026\/03\/nobreak-1-10kva-1.jpg\",\"width\":1000,\"height\":894,\"caption\":\"nobreak 1-10kva tower ups\"},{\"@type\":\"BreadcrumbList\",\"@id\":\"https:\/\/www.upspower-supply.com\/product\/nobreak-1-10kva-uninterruptible-power-supply-for-small-business\/#breadcrumb\",\"itemListElement\":[{\"@type\":\"ListItem\",\"position\":1,\"name\":\"Home\",\"item\":\"https:\/\/www.upspower-supply.com\/\"},{\"@type\":\"ListItem\",\"position\":2,\"name\":\"Shop\",\"item\":\"https:\/\/www.upspower-supply.com\/shop\/\"},{\"@type\":\"ListItem\",\"position\":3,\"name\":\"Nobreak 1-10kva | 1200VA, 2kVA, 3kVA, 6kVA, 10kVA Online UPS\"}]},{\"@type\":\"WebSite\",\"@id\":\"https:\/\/www.upspower-supply.com\/#website\",\"url\":\"https:\/\/www.upspower-supply.com\/\",\"name\":\"UPS power supply\",\"description\":\"\",\"potentialAction\":[{\"@type\":\"SearchAction\",\"target\":{\"@type\":\"EntryPoint\",\"urlTemplate\":\"https:\/\/www.upspower-supply.com\/?s={search_term_string}\"},\"query-input\":{\"@type\":\"PropertyValueSpecification\",\"valueRequired\":true,\"valueName\":\"search_term_string\"}}],\"inLanguage\":\"vi\"}]}<\/script>\n<!-- \/ Yoast SEO plugin. -->","yoast_head_json":{"title":"Nobreak 1-10kva | 1200VA, 2kVA, 3kVA, 6kVA, 10kVA Online UPS - UPS power supply","description":"Nobreak UPS solutions including 1200VA, 2kVA, 3kVA, 6kVA and 10kVA models. Online UPS systems designed for small business, servers, network equipment and critical power backup.","robots":{"index":"index","follow":"follow","max-snippet":"max-snippet:-1","max-image-preview":"max-image-preview:large","max-video-preview":"max-video-preview:-1"},"canonical":"https:\/\/www.upspower-supply.com\/vi\/san-pham\/nobreak-1-10kva-uninterruptible-power-supply-for-small-business\/","og_locale":"vi_VN","og_type":"article","og_title":"Nobreak 1-10kva | 1200VA, 2kVA, 3kVA, 6kVA, 10kVA Online UPS - UPS power supply","og_description":"Nobreak UPS solutions including 1200VA, 2kVA, 3kVA, 6kVA and 10kVA models. Online UPS systems designed for small business, servers, network equipment and critical power backup.","og_url":"https:\/\/www.upspower-supply.com\/vi\/san-pham\/nobreak-1-10kva-uninterruptible-power-supply-for-small-business\/","og_site_name":"UPS power supply","article_modified_time":"2026-04-18T05:45:11+00:00","og_image":[{"width":1000,"height":894,"url":"https:\/\/www.upspower-supply.com\/wp-content\/uploads\/2026\/03\/nobreak-1-10kva-1.jpg","type":"image\/jpeg"}],"twitter_card":"summary_large_image","twitter_misc":{"\u01af\u1edbc t\u00ednh th\u1eddi gian \u0111\u1ecdc":"2 ph\u00fat"},"schema":{"@context":"https:\/\/schema.org","@graph":[{"@type":"WebPage","@id":"https:\/\/www.upspower-supply.com\/product\/nobreak-1-10kva-uninterruptible-power-supply-for-small-business\/","url":"https:\/\/www.upspower-supply.com\/product\/nobreak-1-10kva-uninterruptible-power-supply-for-small-business\/","name":"Nobreak 1-10kva | 1200VA, 2kVA, 3kVA, 6kVA, 10kVA Online UPS - UPS power supply","isPartOf":{"@id":"https:\/\/www.upspower-supply.com\/#website"},"primaryImageOfPage":{"@id":"https:\/\/www.upspower-supply.com\/product\/nobreak-1-10kva-uninterruptible-power-supply-for-small-business\/#primaryimage"},"image":{"@id":"https:\/\/www.upspower-supply.com\/product\/nobreak-1-10kva-uninterruptible-power-supply-for-small-business\/#primaryimage"},"thumbnailUrl":"https:\/\/www.upspower-supply.com\/wp-content\/uploads\/2026\/03\/nobreak-1-10kva-1.jpg","datePublished":"2026-03-04T01:33:26+00:00","dateModified":"2026-04-18T05:45:11+00:00","description":"Nobreak UPS solutions including 1200VA, 2kVA, 3kVA, 6kVA and 10kVA models. Online UPS systems designed for small business, servers, network equipment and critical power backup.","breadcrumb":{"@id":"https:\/\/www.upspower-supply.com\/product\/nobreak-1-10kva-uninterruptible-power-supply-for-small-business\/#breadcrumb"},"inLanguage":"vi","potentialAction":[{"@type":"ReadAction","target":["https:\/\/www.upspower-supply.com\/product\/nobreak-1-10kva-uninterruptible-power-supply-for-small-business\/"]}]},{"@type":"ImageObject","inLanguage":"vi","@id":"https:\/\/www.upspower-supply.com\/product\/nobreak-1-10kva-uninterruptible-power-supply-for-small-business\/#primaryimage","url":"https:\/\/www.upspower-supply.com\/wp-content\/uploads\/2026\/03\/nobreak-1-10kva-1.jpg","contentUrl":"https:\/\/www.upspower-supply.com\/wp-content\/uploads\/2026\/03\/nobreak-1-10kva-1.jpg","width":1000,"height":894,"caption":"nobreak 1-10kva tower ups"},{"@type":"BreadcrumbList","@id":"https:\/\/www.upspower-supply.com\/product\/nobreak-1-10kva-uninterruptible-power-supply-for-small-business\/#breadcrumb","itemListElement":[{"@type":"ListItem","position":1,"name":"Home","item":"https:\/\/www.upspower-supply.com\/"},{"@type":"ListItem","position":2,"name":"Shop","item":"https:\/\/www.upspower-supply.com\/shop\/"},{"@type":"ListItem","position":3,"name":"Nobreak 1-10kva | 1200VA, 2kVA, 3kVA, 6kVA, 10kVA Online UPS"}]},{"@type":"WebSite","@id":"https:\/\/www.upspower-supply.com\/#website","url":"https:\/\/www.upspower-supply.com\/","name":"UPS power supply","description":"","potentialAction":[{"@type":"SearchAction","target":{"@type":"EntryPoint","urlTemplate":"https:\/\/www.upspower-supply.com\/?s={search_term_string}"},"query-input":{"@type":"PropertyValueSpecification","valueRequired":true,"valueName":"search_term_string"}}],"inLanguage":"vi"}]}},"uagb_featured_image_src":{"full":["https:\/\/www.upspower-supply.com\/wp-content\/uploads\/2026\/03\/nobreak-1-10kva-1.jpg",1000,894,false],"thumbnail":["https:\/\/www.upspower-supply.com\/wp-content\/uploads\/2026\/03\/nobreak-1-10kva-1-150x150.jpg",150,150,true],"medium":["https:\/\/www.upspower-supply.com\/wp-content\/uploads\/2026\/03\/nobreak-1-10kva-1-300x268.jpg",300,268,true],"medium_large":["https:\/\/www.upspower-supply.com\/wp-content\/uploads\/2026\/03\/nobreak-1-10kva-1-768x687.jpg",768,687,true],"large":["https:\/\/www.upspower-supply.com\/wp-content\/uploads\/2026\/03\/nobreak-1-10kva-1.jpg",1000,894,false],"1536x1536":["https:\/\/www.upspower-supply.com\/wp-content\/uploads\/2026\/03\/nobreak-1-10kva-1.jpg",1000,894,false],"2048x2048":["https:\/\/www.upspower-supply.com\/wp-content\/uploads\/2026\/03\/nobreak-1-10kva-1.jpg",1000,894,false],"trp-custom-language-flag":["https:\/\/www.upspower-supply.com\/wp-content\/uploads\/2026\/03\/nobreak-1-10kva-1-13x12.jpg",13,12,true],"woocommerce_thumbnail":["https:\/\/www.upspower-supply.com\/wp-content\/uploads\/2026\/03\/nobreak-1-10kva-1-300x300.jpg",300,300,true],"woocommerce_single":["https:\/\/www.upspower-supply.com\/wp-content\/uploads\/2026\/03\/nobreak-1-10kva-1-600x536.jpg",600,536,true],"woocommerce_gallery_thumbnail":["https:\/\/www.upspower-supply.com\/wp-content\/uploads\/2026\/03\/nobreak-1-10kva-1-100x100.jpg",100,100,true]},"uagb_author_info":{"display_name":"Tyne Tingey","author_link":"https:\/\/www.upspower-supply.com\/vi\/author\/"},"uagb_comment_info":1,"uagb_excerpt":"Nobreak 1\u201310kVA Uninterruptible Power Supply for Small Business is a high-performance online double-conversion UPS designed to provide reliable and clean power protection for critical equipment. Featuring advanced DSP digital control technology and flexible tower\/rack convertible design, it ensures stable power output against outages, voltage fluctuations, surges, and electrical disturbances, making it ideal for offices, IT&hellip;","_links":{"self":[{"href":"https:\/\/www.upspower-supply.com\/vi\/wp-json\/wp\/v2\/product\/2155","targetHints":{"allow":["GET"]}}],"collection":[{"href":"https:\/\/www.upspower-supply.com\/vi\/wp-json\/wp\/v2\/product"}],"about":[{"href":"https:\/\/www.upspower-supply.com\/vi\/wp-json\/wp\/v2\/types\/product"}],"replies":[{"embeddable":true,"href":"https:\/\/www.upspower-supply.com\/vi\/wp-json\/wp\/v2\/comments?post=2155"}],"wp:featuredmedia":[{"embeddable":true,"href":"https:\/\/www.upspower-supply.com\/vi\/wp-json\/wp\/v2\/media\/2156"}],"wp:attachment":[{"href":"https:\/\/www.upspower-supply.com\/vi\/wp-json\/wp\/v2\/media?parent=2155"}],"wp:term":[{"taxonomy":"product_brand","embeddable":true,"href":"https:\/\/www.upspower-supply.com\/vi\/wp-json\/wp\/v2\/product_brand?post=2155"},{"taxonomy":"product_cat","embeddable":true,"href":"https:\/\/www.upspower-supply.com\/vi\/wp-json\/wp\/v2\/product_cat?post=2155"},{"taxonomy":"product_tag","embeddable":true,"href":"https:\/\/www.upspower-supply.com\/vi\/wp-json\/wp\/v2\/product_tag?post=2155"}],"curies":[{"name":"wp","href":"https:\/\/api.w.org\/{rel}","templated":true}]}}