{"id":2135,"date":"2026-02-26T06:52:13","date_gmt":"2026-02-26T06:52:13","guid":{"rendered":"https:\/\/www.upspower-supply.com\/?post_type=product&#038;p=2135"},"modified":"2026-02-26T08:29:51","modified_gmt":"2026-02-26T08:29:51","slug":"nobreak-20kva-ups-systems-manufacturer","status":"publish","type":"product","link":"https:\/\/www.upspower-supply.com\/vi\/san-pham\/nobreak-20kva-ups-systems-manufacturer\/","title":{"rendered":"Nh\u00e0 s\u1ea3n xu\u1ea5t h\u1ec7 th\u1ed1ng UPS 20kVA kh\u00f4ng gi\u00e1n \u0111o\u1ea1n"},"content":{"rendered":"<p>V\u1edbi t\u01b0 c\u00e1ch l\u00e0 ng\u01b0\u1eddi \u0111\u1ee9ng \u0111\u1ea7u <strong>Nh\u00e0 s\u1ea3n xu\u1ea5t h\u1ec7 th\u1ed1ng UPS 20kVA Nobreak<\/strong>Ch\u00fang t\u00f4i cung c\u1ea5p hi\u1ec7u su\u1ea5t cao.<br \/>\nH\u1ec7 th\u1ed1ng b\u1ea3o v\u1ec7 ngu\u1ed3n \u0111i\u1ec7n \u0111\u01b0\u1ee3c thi\u1ebft k\u1ebf cho c\u01a1 s\u1edf h\u1ea1 t\u1ea7ng tr\u1ecdng y\u1ebfu. H\u1ec7 th\u1ed1ng 3 pha 20kVA c\u1ee7a ch\u00fang t\u00f4i l\u00e0...<br \/>\n\u0110\u01b0\u1ee3c thi\u1ebft k\u1ebf v\u1edbi c\u00f4ng ngh\u1ec7 Chuy\u1ec3n \u0111\u1ed5i k\u00e9p tr\u1ef1c tuy\u1ebfn th\u1ef1c s\u1ef1, \u0111\u1ea3m b\u1ea3o thi\u1ebft b\u1ecb nh\u1ea1y c\u1ea3m c\u1ee7a b\u1ea1n \u0111\u01b0\u1ee3c b\u1ea3o v\u1ec7.<br \/>\nHo\u00e0n to\u00e0n c\u00e1ch ly kh\u1ecfi s\u1ef1 b\u1ea5t \u1ed5n c\u1ee7a \u0111\u01b0\u1eddng d\u00e2y \u0111i\u1ec7n v\u1edbi th\u1eddi gian truy\u1ec1n t\u1ea3i b\u1eb1ng kh\u00f4ng.<\/p>\n<h3>C\u00e1c t\u00ednh n\u0103ng hi\u1ec7u n\u0103ng ch\u00ednh<\/h3>\n<ul>\n<li><strong>\u0110i\u1ec1u khi\u1ec3n s\u1ed1 DSP:<\/strong> C\u00f4ng ngh\u1ec7 x\u1eed l\u00fd t\u00edn hi\u1ec7u s\u1ed1 (DSP) ti\u00ean ti\u1ebfn cung c\u1ea5p \u0111\u1ed9 \u1ed5n \u0111\u1ecbnh v\u01b0\u1ee3t tr\u1ed9i v\u00e0 kh\u1ea3 n\u0103ng \u0111i\u1ec1u ch\u1ec9nh \u0111i\u1ec7n \u00e1p \u0111\u1ea7u ra ch\u00ednh x\u00e1c cho c\u00e1c thi\u1ebft b\u1ecb \u0111i\u1ec7n t\u1eed nh\u1ea1y c\u1ea3m.<\/li>\n<li><strong>\u0110\u1ed9 b\u1ec1n c\u00f4ng nghi\u1ec7p 3 pha:<\/strong> \u0110\u01b0\u1ee3c c\u1ea5u h\u00ecnh cho 3P\/4W+G v\u1edbi d\u1ea3i \u0111i\u1ec7n \u00e1p \u0111\u1ea7u v\u00e0o c\u1ef1c r\u1ed9ng (207V \u0111\u1ebfn 475Vac), l\u00fd t\u01b0\u1edfng cho c\u00e1c khu v\u1ef1c c\u00f3 l\u01b0\u1edbi \u0111i\u1ec7n kh\u00f4ng \u1ed5n \u0111\u1ecbnh.<\/li>\n<li><strong>Th\u1eddi gian chuy\u1ec3n giao b\u1eb1ng kh\u00f4ng:<\/strong> Ch\u1ebf \u0111\u1ed9 chuy\u1ec3n \u0111\u1ed5i k\u00e9p tr\u1ef1c tuy\u1ebfn th\u1ef1c s\u1ef1 \u0111\u1ea3m b\u1ea3o chuy\u1ec3n \u0111\u1ed5i 0ms gi\u1eefa ch\u1ebf \u0111\u1ed9 s\u1eed d\u1ee5ng \u0111i\u1ec7n v\u00e0 pin, ng\u0103n ng\u1eeba m\u1ea5t d\u1eef li\u1ec7u ho\u1eb7c kh\u1edfi \u0111\u1ed9ng l\u1ea1i h\u1ec7 th\u1ed1ng.<\/li>\n<li><strong>Hi\u1ec7u su\u1ea5t cao &amp; H\u1ec7 s\u1ed1 c\u00f4ng su\u1ea5t cao:<\/strong> S\u1ea3n ph\u1ea9m c\u00f3 h\u1ec7 s\u1ed1 c\u00f4ng su\u1ea5t \u0111\u1ea7u v\u00e0o cao (\u22650,99) v\u00e0 hi\u1ec7u su\u1ea5t v\u01b0\u1ee3t tr\u1ed9i so v\u1edbi 90%, gi\u00fap gi\u1ea3m \u0111\u00e1ng k\u1ec3 chi ph\u00ed v\u1eadn h\u00e0nh v\u00e0 l\u01b0\u1ee3ng nhi\u1ec7t t\u1ecfa ra.<\/li>\n<li><strong>Kh\u1ea3 n\u0103ng kh\u1edfi \u0111\u1ed9ng ngu\u1ed9i:<\/strong> Kh\u1ea3 n\u0103ng kh\u1edfi \u0111\u1ed9ng UPS tr\u1ef1c ti\u1ebfp t\u1eeb b\u1ed9 pin ngay c\u1ea3 khi kh\u00f4ng c\u00f3 ngu\u1ed3n \u0111i\u1ec7n l\u01b0\u1edbi.<\/li>\n<\/ul>\n<h3>\u0110\u1ed9 tin c\u1eady cho c\u00e1c \u1ee9ng d\u1ee5ng quan tr\u1ecdng<\/h3>\n<p>H\u1ec7 th\u1ed1ng 20kVA n\u00e0y \u0111\u01b0\u1ee3c thi\u1ebft k\u1ebf ri\u00eang cho m\u1ee5c \u0111\u00edch c\u1ee5 th\u1ec3 sau: <strong>trung t\u00e2m d\u1eef li\u1ec7u, c\u01a1 s\u1edf y t\u1ebf v\u00e0 t\u1ef1 \u0111\u1ed9ng h\u00f3a c\u00f4ng nghi\u1ec7p<\/strong>.<br \/>\nV\u1edbi h\u1ec7 th\u1ed1ng qu\u1ea3n l\u00fd pin 192Vdc t\u00edch h\u1ee3p v\u00e0 kh\u1ea3 n\u0103ng b\u1ea3o v\u1ec7 th\u00f4ng minh ch\u1ed1ng qu\u00e1 t\u1ea3i v\u00e0 l\u1ec7ch pha.<br \/>\nC\u00e1c l\u1ed7i tr\u00ecnh t\u1ef1, n\u00f3 \u0111\u1ea1i di\u1ec7n cho ti\u00eau chu\u1ea9n v\u00e0ng trong vi\u1ec7c \u0111\u1ea3m b\u1ea3o t\u00ednh li\u00ean t\u1ee5c c\u1ee7a ho\u1ea1t \u0111\u1ed9ng kinh doanh.<\/p>\n<h3>T\u00f3m t\u1eaft th\u00f4ng s\u1ed1 k\u1ef9 thu\u1eadt<\/h3>\n<div class=\"max-w-4xl max-h-[80vh] my-8 overflow-auto mx-auto overflow-auto rounded-lg border border-gray-200 shadow-sm\">\n<table class=\"w-full text-left text-sm border-collapse bg-white\">\n<thead class=\"bg-slate-50 border-b border-gray-200\">\n<tr>\n<th class=\"p-3 font-bold text-gray-700 border-r border-gray-200\">Ng\u01b0\u1eddi m\u1eabu<\/th>\n<th class=\"p-3 font-bold text-gray-700 text-center border-r border-gray-200\">NB-10L-H<\/th>\n<th class=\"p-3 font-bold text-gray-700 text-center border-r border-gray-200\">NB-15L-H<\/th>\n<th class=\"p-3 font-bold text-gray-700 text-center border-r border-gray-200\">NB-20L-H<\/th>\n<th class=\"p-3 font-bold text-gray-700 text-center\">NB-30L-H<\/th>\n<\/tr>\n<\/thead>\n<tbody class=\"divide-y divide-gray-200\">\n<tr class=\"bg-orange-50\/50\">\n<td class=\"p-3 font-semibold border-r border-gray-200\">Dung t\u00edch<\/td>\n<td class=\"p-3 text-center border-r border-gray-200\">10KVA\/8KW<\/td>\n<td class=\"p-3 text-center border-r border-gray-200\">15KVA\/12KW<\/td>\n<td class=\"p-3 text-center border-r border-gray-200\">20KVA\/16KW<\/td>\n<td class=\"p-3 text-center\">30KVA\/21KW<\/td>\n<\/tr>\n<tr>\n<td class=\"p-3 font-semibold border-r border-gray-200\">Giai \u0111o\u1ea1n<\/td>\n<td class=\"p-3 text-center italic text-gray-600\" colspan=\"4\">\u0110\u1ea7u v\u00e0o ba pha \/ \u0110\u1ea7u ra m\u1ed9t pha<\/td>\n<\/tr>\n<tr class=\"bg-slate-100\">\n<td class=\"p-2 font-bold text-xs uppercase tracking-wider text-slate-500\" colspan=\"5\">Tham s\u1ed1 \u0111\u1ea7u v\u00e0o<\/td>\n<\/tr>\n<tr>\n<td class=\"p-3 border-r border-gray-200\">Ph\u1ea1m vi \u0111i\u1ec7n \u00e1p \u0111\u1ea7u v\u00e0o<\/td>\n<td class=\"p-3 text-center\" colspan=\"4\">\u0110i\u1ec7n \u00e1p pha: 110~300VAC; \u0110i\u1ec7n \u00e1p l\u01b0\u1edbi: 190~520VAC<\/td>\n<\/tr>\n<tr>\n<td class=\"p-3 border-r border-gray-200\">\u0110i\u1ec7n \u00e1p \u0111\u1ea7u v\u00e0o \u0111\u1ecbnh m\u1ee9c<\/td>\n<td class=\"p-3 text-center\" colspan=\"4\">3 x 380\/400\/415 VAC (3 pha + N)<\/td>\n<\/tr>\n<tr>\n<td class=\"p-3 border-r border-gray-200\">D\u1ea3i t\u1ea7n s\u1ed1<\/td>\n<td class=\"p-3 text-center\" colspan=\"4\">44~56Hz @50Hz \/ 54Hz~66Hz @60Hz<\/td>\n<\/tr>\n<tr>\n<td class=\"p-3 border-r border-gray-200\">H\u1ec7 s\u1ed1 c\u00f4ng su\u1ea5t<\/td>\n<td class=\"p-3 text-center\" colspan=\"4\">0.99 @100% T\u1ea3i<\/td>\n<\/tr>\n<tr class=\"bg-slate-100\">\n<td class=\"p-2 font-bold text-xs uppercase tracking-wider text-slate-500\" colspan=\"5\">Th\u00f4ng s\u1ed1 \u0111\u1ea7u ra<\/td>\n<\/tr>\n<tr>\n<td class=\"p-3 border-r border-gray-200\">\u0110i\u1ec7n \u00e1p \u0111\u1ea7u ra<\/td>\n<td class=\"p-3 text-center\" colspan=\"4\">220VAC<\/td>\n<\/tr>\n<tr>\n<td class=\"p-3 border-r border-gray-200\">\u0110\u1ed9 ch\u00ednh x\u00e1c \u0111i\u1ec7n \u00e1p (Pin)<\/td>\n<td class=\"p-3 text-center\" colspan=\"4\">\u00b1 1%<\/td>\n<\/tr>\n<tr>\n<td class=\"p-3 border-r border-gray-200\">H\u1ec7 s\u1ed1 c\u00f4ng su\u1ea5t \u0111\u1ea7u ra<\/td>\n<td class=\"p-3 text-center border-r border-gray-200\" colspan=\"3\">0.8<\/td>\n<td class=\"p-3 text-center\">0.7<\/td>\n<\/tr>\n<tr>\n<td class=\"p-3 border-r border-gray-200\">Th\u1eddi gian truy\u1ec1n t\u1ea3i (T\u1eeb ngu\u1ed3n \u0111i\u1ec7n ch\u00ednh \u0111\u1ebfn b\u1ed9 ph\u1eadn \u0111\u00e1nh b\u00f3ng)<\/td>\n<td class=\"p-3 text-center font-medium text-blue-600\" colspan=\"4\">0ms<\/td>\n<\/tr>\n<tr>\n<td class=\"p-3 border-r border-gray-200\">Hi\u1ec7u su\u1ea5t (Ch\u1ebf \u0111\u1ed9 ngu\u1ed3n \u0111i\u1ec7n l\u01b0\u1edbi)<\/td>\n<td class=\"p-3 text-center font-semibold\" colspan=\"4\">\u2265 95,5%<\/td>\n<\/tr>\n<tr>\n<td class=\"p-3 border-r border-gray-200\">Hi\u1ec7u qu\u1ea3 (Ch\u1ebf \u0111\u1ed9 ECO)<\/td>\n<td class=\"p-3 text-center font-semibold text-green-600\" colspan=\"4\">\u2265 98,5%<\/td>\n<\/tr>\n<tr class=\"bg-slate-100\">\n<td class=\"p-2 font-bold text-xs uppercase tracking-wider text-slate-500\" colspan=\"5\">C\u1ea5u h\u00ecnh pin<\/td>\n<\/tr>\n<tr>\n<td class=\"p-3 border-r border-gray-200\">\u0110i\u1ec7n \u00e1p pin<\/td>\n<td class=\"p-3 text-center\" colspan=\"4\">12V<\/td>\n<\/tr>\n<tr>\n<td class=\"p-3 border-r border-gray-200\">S\u1ed1 l\u01b0\u1ee3ng \u0111\u01a1n v\u1ecb (D\u00e0i h\u1ea1n)<\/td>\n<td class=\"p-3 text-center border-r border-gray-200\" colspan=\"3\">16-20 \u0111\u01a1n v\u1ecb (M\u1eb7c \u0111\u1ecbnh: 16)<\/td>\n<td class=\"p-3 text-center\">32 \u0111\u01a1n v\u1ecb<\/td>\n<\/tr>\n<tr>\n<td class=\"p-3 border-r border-gray-200\">D\u00f2ng \u0111i\u1ec7n s\u1ea1c<\/td>\n<td class=\"p-3 text-center\" colspan=\"4\">1-12A (M\u1eb7c \u0111\u1ecbnh: 5A)<\/td>\n<\/tr>\n<tr class=\"bg-slate-100\">\n<td class=\"p-2 font-bold text-xs uppercase tracking-wider text-slate-500\" colspan=\"5\">V\u1eadt l\u00fd &amp; M\u00f4i tr\u01b0\u1eddng<\/td>\n<\/tr>\n<tr>\n<td class=\"p-3 border-r border-gray-200\">K\u00edch th\u01b0\u1edbc (D*W*H) mm<\/td>\n<td class=\"p-3 text-center\" colspan=\"4\">534 * 190 * 338<\/td>\n<\/tr>\n<tr>\n<td class=\"p-3 border-r border-gray-200\">Tr\u1ecdng l\u01b0\u1ee3ng (KG)<\/td>\n<td class=\"p-3 text-center border-r border-gray-200\">17<\/td>\n<td class=\"p-3 text-center border-r border-gray-200\">17.2<\/td>\n<td class=\"p-3 text-center border-r border-gray-200\">17.4<\/td>\n<td class=\"p-3 text-center\">18.9<\/td>\n<\/tr>\n<tr>\n<td class=\"p-3 border-r border-gray-200\">Nhi\u1ec7t \u0111\u1ed9 ho\u1ea1t \u0111\u1ed9ng<\/td>\n<td class=\"p-3 text-center\" colspan=\"4\">0 ~ 40\u00b0C<\/td>\n<\/tr>\n<tr>\n<td class=\"p-3 border-r border-gray-200\">M\u1ee9c \u0111\u1ed9 ti\u1ebfng \u1ed3n<\/td>\n<td class=\"p-3 text-center\" colspan=\"4\">&lt; 60dB \u1edf kho\u1ea3ng c\u00e1ch 1 m\u00e9t<\/td>\n<\/tr>\n<tr>\n<td class=\"p-3 border-r border-gray-200\">S\u1ef1 qu\u1ea3n l\u00fd<\/td>\n<td class=\"p-3 text-center bg-blue-50\/30\" colspan=\"4\">Giao di\u1ec7n RS-232\/USB th\u00f4ng minh; Th\u1ebb SNMP t\u00f9y ch\u1ecdn, EPO t\u00f9y ch\u1ecdn<\/td>\n<\/tr>\n<\/tbody>\n<\/table>\n<\/div>","protected":false},"excerpt":{"rendered":"<p>B\u1ed9 l\u01b0u \u0111i\u1ec7n UPS 3 pha tr\u1ef1c tuy\u1ebfn hi\u1ec7u su\u1ea5t cao 20kVA, chuy\u1ec3n \u0111\u1ed5i k\u00e9p, kh\u00f4ng gi\u00e1n \u0111o\u1ea1n. \u0110\u01b0\u1ee3c thi\u1ebft k\u1ebf cho \u0111\u1ed9 tin c\u1eady cao trong c\u00e1c \u1ee9ng d\u1ee5ng quan tr\u1ecdng, v\u1edbi \u0111i\u1ec1u khi\u1ec3n k\u1ef9 thu\u1eadt s\u1ed1 DSP, d\u1ea3i \u0111i\u1ec7n \u00e1p \u0111\u1ea7u v\u00e0o c\u1ef1c r\u1ed9ng v\u00e0 th\u1eddi gian chuy\u1ec3n m\u1ea1ch b\u1eb1ng kh\u00f4ng. Ho\u00e0n h\u1ea3o cho trung t\u00e2m d\u1eef li\u1ec7u, c\u01a1 s\u1edf y t\u1ebf v\u00e0 t\u1ef1 \u0111\u1ed9ng h\u00f3a c\u00f4ng nghi\u1ec7p. Bao g\u1ed3m h\u1ed7 tr\u1ee3 pin t\u00edch h\u1ee3p \u0111\u1ec3 \u0111\u1ea3m b\u1ea3o ngu\u1ed3n \u0111i\u1ec7n li\u00ean t\u1ee5c ngay l\u1eadp t\u1ee9c.<\/p>","protected":false},"featured_media":2136,"comment_status":"open","ping_status":"closed","template":"","meta":{"_acf_changed":false,"_uag_custom_page_level_css":"","site-sidebar-layout":"default","site-content-layout":"","ast-site-content-layout":"default","site-content-style":"default","site-sidebar-style":"default","ast-global-header-display":"","ast-banner-title-visibility":"","ast-main-header-display":"","ast-hfb-above-header-display":"","ast-hfb-below-header-display":"","ast-hfb-mobile-header-display":"","site-post-title":"","ast-breadcrumbs-content":"","ast-featured-img":"","footer-sml-layout":"","theme-transparent-header-meta":"default","adv-header-id-meta":"","stick-header-meta":"","header-above-stick-meta":"","header-main-stick-meta":"","header-below-stick-meta":"","astra-migrate-meta-layouts":"set","ast-page-background-enabled":"default","ast-page-background-meta":{"desktop":{"background-color":"var(--ast-global-color-4)","background-image":"","background-repeat":"repeat","background-position":"center center","background-size":"auto","background-attachment":"scroll","background-type":"","background-media":"","overlay-type":"","overlay-color":"","overlay-opacity":"","overlay-gradient":""},"tablet":{"background-color":"","background-image":"","background-repeat":"repeat","background-position":"center center","background-size":"auto","background-attachment":"scroll","background-type":"","background-media":"","overlay-type":"","overlay-color":"","overlay-opacity":"","overlay-gradient":""},"mobile":{"background-color":"","background-image":"","background-repeat":"repeat","background-position":"center center","background-size":"auto","background-attachment":"scroll","background-type":"","background-media":"","overlay-type":"","overlay-color":"","overlay-opacity":"","overlay-gradient":""}},"ast-content-background-meta":{"desktop":{"background-color":"var(--ast-global-color-5)","background-image":"","background-repeat":"repeat","background-position":"center center","background-size":"auto","background-attachment":"scroll","background-type":"","background-media":"","overlay-type":"","overlay-color":"","overlay-opacity":"","overlay-gradient":""},"tablet":{"background-color":"var(--ast-global-color-5)","background-image":"","background-repeat":"repeat","background-position":"center center","background-size":"auto","background-attachment":"scroll","background-type":"","background-media":"","overlay-type":"","overlay-color":"","overlay-opacity":"","overlay-gradient":""},"mobile":{"background-color":"var(--ast-global-color-5)","background-image":"","background-repeat":"repeat","background-position":"center center","background-size":"auto","background-attachment":"scroll","background-type":"","background-media":"","overlay-type":"","overlay-color":"","overlay-opacity":"","overlay-gradient":""}}},"product_brand":[],"product_cat":[26],"product_tag":[46],"class_list":{"0":"post-2135","1":"product","2":"type-product","3":"status-publish","4":"has-post-thumbnail","6":"product_cat-online-ups","7":"product_tag-double-conversion-ups","8":"desktop-align-left","9":"tablet-align-left","10":"mobile-align-left","12":"first","13":"instock","14":"shipping-taxable","15":"product-type-simple"},"acf":[],"yoast_head":"<!-- This site is optimized with the Yoast SEO plugin v25.0 - https:\/\/yoast.com\/wordpress\/plugins\/seo\/ -->\n<title>nobreak 20kva ups systems manufacturer - UPS power supply<\/title>\n<meta name=\"description\" content=\"Reliable Nobreak 20kVA UPS systems from a professional manufacturer. 3-Phase online double conversion, zero transfer time, and DSP control. Ideal for industrial and medical use. Request a quote!\" \/>\n<meta name=\"robots\" content=\"index, follow, max-snippet:-1, max-image-preview:large, max-video-preview:-1\" \/>\n<link rel=\"canonical\" href=\"https:\/\/www.upspower-supply.com\/vi\/san-pham\/nobreak-20kva-ups-systems-manufacturer\/\" \/>\n<meta property=\"og:locale\" content=\"vi_VN\" \/>\n<meta property=\"og:type\" content=\"article\" \/>\n<meta property=\"og:title\" content=\"nobreak 20kva ups systems manufacturer - UPS power supply\" \/>\n<meta property=\"og:description\" content=\"Reliable Nobreak 20kVA UPS systems from a professional manufacturer. 3-Phase online double conversion, zero transfer time, and DSP control. Ideal for industrial and medical use. Request a quote!\" \/>\n<meta property=\"og:url\" content=\"https:\/\/www.upspower-supply.com\/vi\/san-pham\/nobreak-20kva-ups-systems-manufacturer\/\" \/>\n<meta property=\"og:site_name\" content=\"UPS power supply\" \/>\n<meta property=\"article:modified_time\" content=\"2026-02-26T08:29:51+00:00\" \/>\n<meta property=\"og:image\" content=\"https:\/\/www.upspower-supply.com\/wp-content\/uploads\/2026\/02\/nobreak-20kva-1.jpg\" \/>\n\t<meta property=\"og:image:width\" content=\"1000\" \/>\n\t<meta property=\"og:image:height\" content=\"907\" \/>\n\t<meta property=\"og:image:type\" content=\"image\/jpeg\" \/>\n<meta name=\"twitter:card\" content=\"summary_large_image\" \/>\n<meta name=\"twitter:label1\" content=\"\u01af\u1edbc t\u00ednh th\u1eddi gian \u0111\u1ecdc\" \/>\n\t<meta name=\"twitter:data1\" content=\"2 ph\u00fat\" \/>\n<script type=\"application\/ld+json\" class=\"yoast-schema-graph\">{\"@context\":\"https:\/\/schema.org\",\"@graph\":[{\"@type\":\"WebPage\",\"@id\":\"https:\/\/www.upspower-supply.com\/product\/nobreak-20kva-ups-systems-manufacturer\/\",\"url\":\"https:\/\/www.upspower-supply.com\/product\/nobreak-20kva-ups-systems-manufacturer\/\",\"name\":\"nobreak 20kva ups systems manufacturer - UPS power supply\",\"isPartOf\":{\"@id\":\"https:\/\/www.upspower-supply.com\/#website\"},\"primaryImageOfPage\":{\"@id\":\"https:\/\/www.upspower-supply.com\/product\/nobreak-20kva-ups-systems-manufacturer\/#primaryimage\"},\"image\":{\"@id\":\"https:\/\/www.upspower-supply.com\/product\/nobreak-20kva-ups-systems-manufacturer\/#primaryimage\"},\"thumbnailUrl\":\"https:\/\/www.upspower-supply.com\/wp-content\/uploads\/2026\/02\/nobreak-20kva-1.jpg\",\"datePublished\":\"2026-02-26T06:52:13+00:00\",\"dateModified\":\"2026-02-26T08:29:51+00:00\",\"description\":\"Reliable Nobreak 20kVA UPS systems from a professional manufacturer. 3-Phase online double conversion, zero transfer time, and DSP control. Ideal for industrial and medical use. Request a quote!\",\"breadcrumb\":{\"@id\":\"https:\/\/www.upspower-supply.com\/product\/nobreak-20kva-ups-systems-manufacturer\/#breadcrumb\"},\"inLanguage\":\"vi\",\"potentialAction\":[{\"@type\":\"ReadAction\",\"target\":[\"https:\/\/www.upspower-supply.com\/product\/nobreak-20kva-ups-systems-manufacturer\/\"]}]},{\"@type\":\"ImageObject\",\"inLanguage\":\"vi\",\"@id\":\"https:\/\/www.upspower-supply.com\/product\/nobreak-20kva-ups-systems-manufacturer\/#primaryimage\",\"url\":\"https:\/\/www.upspower-supply.com\/wp-content\/uploads\/2026\/02\/nobreak-20kva-1.jpg\",\"contentUrl\":\"https:\/\/www.upspower-supply.com\/wp-content\/uploads\/2026\/02\/nobreak-20kva-1.jpg\",\"width\":1000,\"height\":907,\"caption\":\"nobreak 20kva\"},{\"@type\":\"BreadcrumbList\",\"@id\":\"https:\/\/www.upspower-supply.com\/product\/nobreak-20kva-ups-systems-manufacturer\/#breadcrumb\",\"itemListElement\":[{\"@type\":\"ListItem\",\"position\":1,\"name\":\"Home\",\"item\":\"https:\/\/www.upspower-supply.com\/\"},{\"@type\":\"ListItem\",\"position\":2,\"name\":\"Shop\",\"item\":\"https:\/\/www.upspower-supply.com\/shop\/\"},{\"@type\":\"ListItem\",\"position\":3,\"name\":\"nobreak 20kva ups systems manufacturer\"}]},{\"@type\":\"WebSite\",\"@id\":\"https:\/\/www.upspower-supply.com\/#website\",\"url\":\"https:\/\/www.upspower-supply.com\/\",\"name\":\"UPS power supply\",\"description\":\"\",\"potentialAction\":[{\"@type\":\"SearchAction\",\"target\":{\"@type\":\"EntryPoint\",\"urlTemplate\":\"https:\/\/www.upspower-supply.com\/?s={search_term_string}\"},\"query-input\":{\"@type\":\"PropertyValueSpecification\",\"valueRequired\":true,\"valueName\":\"search_term_string\"}}],\"inLanguage\":\"vi\"}]}<\/script>\n<!-- \/ Yoast SEO plugin. -->","yoast_head_json":{"title":"nobreak 20kva ups systems manufacturer - UPS power supply","description":"Reliable Nobreak 20kVA UPS systems from a professional manufacturer. 3-Phase online double conversion, zero transfer time, and DSP control. Ideal for industrial and medical use. Request a quote!","robots":{"index":"index","follow":"follow","max-snippet":"max-snippet:-1","max-image-preview":"max-image-preview:large","max-video-preview":"max-video-preview:-1"},"canonical":"https:\/\/www.upspower-supply.com\/vi\/san-pham\/nobreak-20kva-ups-systems-manufacturer\/","og_locale":"vi_VN","og_type":"article","og_title":"nobreak 20kva ups systems manufacturer - UPS power supply","og_description":"Reliable Nobreak 20kVA UPS systems from a professional manufacturer. 3-Phase online double conversion, zero transfer time, and DSP control. Ideal for industrial and medical use. Request a quote!","og_url":"https:\/\/www.upspower-supply.com\/vi\/san-pham\/nobreak-20kva-ups-systems-manufacturer\/","og_site_name":"UPS power supply","article_modified_time":"2026-02-26T08:29:51+00:00","og_image":[{"width":1000,"height":907,"url":"https:\/\/www.upspower-supply.com\/wp-content\/uploads\/2026\/02\/nobreak-20kva-1.jpg","type":"image\/jpeg"}],"twitter_card":"summary_large_image","twitter_misc":{"\u01af\u1edbc t\u00ednh th\u1eddi gian \u0111\u1ecdc":"2 ph\u00fat"},"schema":{"@context":"https:\/\/schema.org","@graph":[{"@type":"WebPage","@id":"https:\/\/www.upspower-supply.com\/product\/nobreak-20kva-ups-systems-manufacturer\/","url":"https:\/\/www.upspower-supply.com\/product\/nobreak-20kva-ups-systems-manufacturer\/","name":"nobreak 20kva ups systems manufacturer - UPS power supply","isPartOf":{"@id":"https:\/\/www.upspower-supply.com\/#website"},"primaryImageOfPage":{"@id":"https:\/\/www.upspower-supply.com\/product\/nobreak-20kva-ups-systems-manufacturer\/#primaryimage"},"image":{"@id":"https:\/\/www.upspower-supply.com\/product\/nobreak-20kva-ups-systems-manufacturer\/#primaryimage"},"thumbnailUrl":"https:\/\/www.upspower-supply.com\/wp-content\/uploads\/2026\/02\/nobreak-20kva-1.jpg","datePublished":"2026-02-26T06:52:13+00:00","dateModified":"2026-02-26T08:29:51+00:00","description":"Reliable Nobreak 20kVA UPS systems from a professional manufacturer. 3-Phase online double conversion, zero transfer time, and DSP control. Ideal for industrial and medical use. Request a quote!","breadcrumb":{"@id":"https:\/\/www.upspower-supply.com\/product\/nobreak-20kva-ups-systems-manufacturer\/#breadcrumb"},"inLanguage":"vi","potentialAction":[{"@type":"ReadAction","target":["https:\/\/www.upspower-supply.com\/product\/nobreak-20kva-ups-systems-manufacturer\/"]}]},{"@type":"ImageObject","inLanguage":"vi","@id":"https:\/\/www.upspower-supply.com\/product\/nobreak-20kva-ups-systems-manufacturer\/#primaryimage","url":"https:\/\/www.upspower-supply.com\/wp-content\/uploads\/2026\/02\/nobreak-20kva-1.jpg","contentUrl":"https:\/\/www.upspower-supply.com\/wp-content\/uploads\/2026\/02\/nobreak-20kva-1.jpg","width":1000,"height":907,"caption":"nobreak 20kva"},{"@type":"BreadcrumbList","@id":"https:\/\/www.upspower-supply.com\/product\/nobreak-20kva-ups-systems-manufacturer\/#breadcrumb","itemListElement":[{"@type":"ListItem","position":1,"name":"Home","item":"https:\/\/www.upspower-supply.com\/"},{"@type":"ListItem","position":2,"name":"Shop","item":"https:\/\/www.upspower-supply.com\/shop\/"},{"@type":"ListItem","position":3,"name":"nobreak 20kva ups systems manufacturer"}]},{"@type":"WebSite","@id":"https:\/\/www.upspower-supply.com\/#website","url":"https:\/\/www.upspower-supply.com\/","name":"UPS power supply","description":"","potentialAction":[{"@type":"SearchAction","target":{"@type":"EntryPoint","urlTemplate":"https:\/\/www.upspower-supply.com\/?s={search_term_string}"},"query-input":{"@type":"PropertyValueSpecification","valueRequired":true,"valueName":"search_term_string"}}],"inLanguage":"vi"}]}},"uagb_featured_image_src":{"full":["https:\/\/www.upspower-supply.com\/wp-content\/uploads\/2026\/02\/nobreak-20kva-1.jpg",1000,907,false],"thumbnail":["https:\/\/www.upspower-supply.com\/wp-content\/uploads\/2026\/02\/nobreak-20kva-1-150x150.jpg",150,150,true],"medium":["https:\/\/www.upspower-supply.com\/wp-content\/uploads\/2026\/02\/nobreak-20kva-1-300x272.jpg",300,272,true],"medium_large":["https:\/\/www.upspower-supply.com\/wp-content\/uploads\/2026\/02\/nobreak-20kva-1-768x697.jpg",768,697,true],"large":["https:\/\/www.upspower-supply.com\/wp-content\/uploads\/2026\/02\/nobreak-20kva-1.jpg",1000,907,false],"1536x1536":["https:\/\/www.upspower-supply.com\/wp-content\/uploads\/2026\/02\/nobreak-20kva-1.jpg",1000,907,false],"2048x2048":["https:\/\/www.upspower-supply.com\/wp-content\/uploads\/2026\/02\/nobreak-20kva-1.jpg",1000,907,false],"trp-custom-language-flag":["https:\/\/www.upspower-supply.com\/wp-content\/uploads\/2026\/02\/nobreak-20kva-1-13x12.jpg",13,12,true],"woocommerce_thumbnail":["https:\/\/www.upspower-supply.com\/wp-content\/uploads\/2026\/02\/nobreak-20kva-1-300x300.jpg",300,300,true],"woocommerce_single":["https:\/\/www.upspower-supply.com\/wp-content\/uploads\/2026\/02\/nobreak-20kva-1-600x544.jpg",600,544,true],"woocommerce_gallery_thumbnail":["https:\/\/www.upspower-supply.com\/wp-content\/uploads\/2026\/02\/nobreak-20kva-1-100x100.jpg",100,100,true]},"uagb_author_info":{"display_name":"Tyne Tingey","author_link":"https:\/\/www.upspower-supply.com\/vi\/author\/"},"uagb_comment_info":0,"uagb_excerpt":"High-efficiency 20kVA 3-Phase Online Double Conversion Nobreak UPS. Designed for mission-critical reliability, featuring DSP digital control, ultra-wide input voltage range, and zero transfer time. Perfect for data centers, medical facilities, and industrial automation. Includes integrated battery support for immediate power continuity.","_links":{"self":[{"href":"https:\/\/www.upspower-supply.com\/vi\/wp-json\/wp\/v2\/product\/2135","targetHints":{"allow":["GET"]}}],"collection":[{"href":"https:\/\/www.upspower-supply.com\/vi\/wp-json\/wp\/v2\/product"}],"about":[{"href":"https:\/\/www.upspower-supply.com\/vi\/wp-json\/wp\/v2\/types\/product"}],"replies":[{"embeddable":true,"href":"https:\/\/www.upspower-supply.com\/vi\/wp-json\/wp\/v2\/comments?post=2135"}],"wp:featuredmedia":[{"embeddable":true,"href":"https:\/\/www.upspower-supply.com\/vi\/wp-json\/wp\/v2\/media\/2136"}],"wp:attachment":[{"href":"https:\/\/www.upspower-supply.com\/vi\/wp-json\/wp\/v2\/media?parent=2135"}],"wp:term":[{"taxonomy":"product_brand","embeddable":true,"href":"https:\/\/www.upspower-supply.com\/vi\/wp-json\/wp\/v2\/product_brand?post=2135"},{"taxonomy":"product_cat","embeddable":true,"href":"https:\/\/www.upspower-supply.com\/vi\/wp-json\/wp\/v2\/product_cat?post=2135"},{"taxonomy":"product_tag","embeddable":true,"href":"https:\/\/www.upspower-supply.com\/vi\/wp-json\/wp\/v2\/product_tag?post=2135"}],"curies":[{"name":"wp","href":"https:\/\/api.w.org\/{rel}","templated":true}]}}