{"id":1997,"date":"2025-12-23T03:55:12","date_gmt":"2025-12-23T03:55:12","guid":{"rendered":"https:\/\/www.upspower-supply.com\/?post_type=product&#038;p=1997"},"modified":"2025-12-23T05:12:34","modified_gmt":"2025-12-23T05:12:34","slug":"true-online-ups-10-300-kva","status":"publish","type":"product","link":"https:\/\/www.upspower-supply.com\/vi\/san-pham\/true-online-ups-10-300-kva\/","title":{"rendered":"UPS Online True Online 10 \u2013 300 KVA"},"content":{"rendered":"<p>Ph\u00f2ng m\u00e1y ch\u1ee7 hi\u1ec7n \u0111\u1ea1i ch\u1ee9a c\u01a1 s\u1edf h\u1ea1 t\u1ea7ng CNTT quan tr\u1ecdng, bao g\u1ed3m m\u00e1y ch\u1ee7, thi\u1ebft b\u1ecb m\u1ea1ng v\u00e0 c\u00e1c h\u1ec7 th\u1ed1ng \u0111i\u1ec7n v\u00e0 l\u00e0m m\u00e1t h\u1ed7 tr\u1ee3. T\u00f9y thu\u1ed9c v\u00e0o quy m\u00f4 ho\u1ea1t \u0111\u1ed9ng, m\u1ed9t ph\u00f2ng m\u00e1y ch\u1ee7 c\u00f3 th\u1ec3 ch\u1ee9a t\u1eeb v\u00e0i gi\u00e1 \u0111\u1ee1 \u0111\u1ebfn h\u00e0ng tr\u0103m m\u00e1y ch\u1ee7, t\u1ea5t c\u1ea3 \u0111\u01b0\u1ee3c s\u1eafp x\u1ebfp an to\u00e0n b\u00ean trong c\u00e1c t\u1ee7 gi\u00e1 \u0111\u1ee1 \u0111\u1ec3 \u0111\u1ea3m b\u1ea3o hi\u1ec7u qu\u1ea3, an to\u00e0n v\u00e0 d\u1ec5 b\u1ea3o tr\u00ec. C\u00e1c m\u00e1y ch\u1ee7 n\u00e0y th\u01b0\u1eddng ho\u1ea1t \u0111\u1ed9ng m\u00e0 kh\u00f4ng c\u1ea7n m\u00e0n h\u00ecnh ho\u1eb7c thi\u1ebft b\u1ecb nh\u1eadp li\u1ec7u c\u1ee5c b\u1ed9 v\u00e0 \u0111\u01b0\u1ee3c gi\u00e1m s\u00e1t v\u00e0 qu\u1ea3n l\u00fd t\u1eeb xa t\u1eeb c\u00e1c trung t\u00e2m \u0111i\u1ec1u khi\u1ec3n t\u1eadp trung.<\/p>\n<p>Khi nhu c\u1ea7u \u0111i\u1ec7n to\u00e1n ti\u1ebfp t\u1ee5c t\u0103ng tr\u01b0\u1edfng, y\u00eau c\u1ea7u v\u1ec1 ngu\u1ed3n \u0111i\u1ec7n cho ph\u00f2ng m\u00e1y ch\u1ee7 tr\u1edf n\u00ean ng\u00e0y c\u00e0ng ph\u1ee9c t\u1ea1p v\u00e0 quan tr\u1ecdng. \u0110\u1ec3 duy tr\u00ec ho\u1ea1t \u0111\u1ed9ng li\u00ean t\u1ee5c v\u00e0 b\u1ea3o v\u1ec7 thi\u1ebft b\u1ecb nh\u1ea1y c\u1ea3m kh\u1ecfi c\u00e1c s\u1ef1 c\u1ed1 v\u1ec1 \u0111i\u1ec7n, m\u1ed9t h\u1ec7 th\u1ed1ng ngu\u1ed3n \u0111i\u1ec7n d\u1ef1 ph\u00f2ng (UPS) \u0111\u00e1ng tin c\u1eady l\u00e0 \u0111i\u1ec1u c\u1ea7n thi\u1ebft. \u0110\u1ed1i v\u1edbi c\u00e1c \u1ee9ng d\u1ee5ng ph\u00f2ng m\u00e1y ch\u1ee7 quy m\u00f4 v\u1eeba v\u00e0 l\u1edbn, m\u1ed9t h\u1ec7 th\u1ed1ng UPS c\u1ea7n thi\u1ebft. <strong>UPS chuy\u1ec3n \u0111\u1ed5i k\u00e9p tr\u1ef1c tuy\u1ebfn th\u1ef1c s\u1ef1<\/strong> Trong d\u1ea3i c\u00f4ng su\u1ea5t 10\u2013300 kVA, \u0111\u00e2y l\u00e0 gi\u1ea3i ph\u00e1p \u0111\u01b0\u1ee3c \u01b0u ti\u00ean, cung c\u1ea5p ngu\u1ed3n \u0111i\u1ec7n li\u00ean t\u1ee5c, s\u1ea1ch, kh\u00f4ng c\u00f3 th\u1eddi gian chuy\u1ec3n m\u1ea1ch v\u00e0 kh\u1ea3 n\u0103ng b\u1ea3o v\u1ec7 t\u1ed1i \u0111a cho c\u00e1c m\u00f4i tr\u01b0\u1eddng CNTT quan tr\u1ecdng.<\/p>\n<p>&nbsp;<\/p>\n<p>&nbsp;<\/p>\n<h3>T\u00ednh n\u0103ng<\/h3>\n<p>Trong m\u1ed9t h\u1ec7 th\u1ed1ng UPS chuy\u1ec3n \u0111\u1ed5i k\u00e9p tr\u1ef1c tuy\u1ebfn th\u1ef1c s\u1ef1, b\u1ed9 bi\u1ebfn t\u1ea7n ho\u1ea1t \u0111\u1ed9ng li\u00ean t\u1ee5c \u0111\u1ec3 cung c\u1ea5p ngu\u1ed3n \u0111i\u1ec7n s\u1ea1ch, \u1ed5n \u0111\u1ecbnh v\u00e0 \u0111\u00e1ng tin c\u1eady m\u1ecdi l\u00fac. Thi\u1ebft k\u1ebf n\u00e0y \u0111\u1ea3m b\u1ea3o c\u00e1ch ly ho\u00e0n to\u00e0n t\u1ea3i \u0111\u01b0\u1ee3c k\u1ebft n\u1ed1i kh\u1ecfi c\u00e1c nhi\u1ec5u lo\u1ea1n \u0111i\u1ec7n l\u01b0\u1edbi, l\u00fd t\u01b0\u1edfng cho c\u00e1c \u1ee9ng d\u1ee5ng m\u00e0 th\u1eddi gian ho\u1ea1t \u0111\u1ed9ng li\u00ean t\u1ee5c l\u00e0 r\u1ea5t quan tr\u1ecdng.<\/p>\n<p>B\u1eb1ng c\u00e1ch chuy\u1ec3n \u0111\u1ed5i ngu\u1ed3n \u0111i\u1ec7n xoay chi\u1ec1u (AC) \u0111\u1ea7u v\u00e0o th\u00e0nh ngu\u1ed3n \u0111i\u1ec7n m\u1ed9t chi\u1ec1u (DC) th\u00f4ng qua b\u1ed9 ch\u1ec9nh l\u01b0u v\u00e0 sau \u0111\u00f3 chuy\u1ec3n \u0111\u1ed5i ng\u01b0\u1ee3c l\u1ea1i th\u00e0nh ngu\u1ed3n \u0111i\u1ec7n xoay chi\u1ec1u (AC) th\u00f4ng qua b\u1ed9 bi\u1ebfn t\u1ea7n, UPS cung c\u1ea5p kh\u1ea3 n\u0103ng \u0111i\u1ec1u ch\u1ec9nh \u0111i\u1ec7n \u00e1p ch\u00ednh x\u00e1c, t\u1ea7n s\u1ed1 \u0111\u1ea7u ra \u1ed5n \u0111\u1ecbnh v\u00e0 b\u1ea3o v\u1ec7 hi\u1ec7u qu\u1ea3 ch\u1ed1ng l\u1ea1i c\u00e1c xung \u0111i\u1ec7n, s\u1ee5t \u00e1p, s\u00f3ng h\u00e0i v\u00e0 nhi\u1ec5u \u0111i\u1ec7n. Trong tr\u01b0\u1eddng h\u1ee3p m\u1ea5t \u0111i\u1ec7n l\u01b0\u1edbi, h\u1ec7 th\u1ed1ng s\u1ebd t\u1ef1 \u0111\u1ed9ng l\u1ea5y n\u0103ng l\u01b0\u1ee3ng t\u1eeb pin m\u00e0 kh\u00f4ng c\u00f3 b\u1ea5t k\u1ef3 \u0111\u1ed9 tr\u1ec5 chuy\u1ec3n \u0111\u1ed5i n\u00e0o, \u0111\u1ea3m b\u1ea3o cung c\u1ea5p \u0111i\u1ec7n li\u00ean t\u1ee5c cho c\u00e1c thi\u1ebft b\u1ecb quan tr\u1ecdng.<\/p>\n<div class=\"ups-features grid gap-6 md:grid-cols-2 lg:grid-cols-3\">\n<div class=\"feature-card border rounded-lg p-4 shadow-sm\">\n<div class=\"feature-title font-semibold text-lg mb-2\">Chuy\u1ec3n \u0111\u1ed5i k\u00e9p tr\u1ef1c tuy\u1ebfn th\u1ef1c s\u1ef1<\/div>\n<div class=\"feature-desc text-gray-700\">Cung c\u1ea5p ngu\u1ed3n \u0111i\u1ec7n tr\u1ef1c tuy\u1ebfn li\u00ean t\u1ee5c v\u1edbi th\u1eddi gian chuy\u1ec3n \u0111\u1ed5i b\u1eb1ng kh\u00f4ng. C\u00f4ng ngh\u1ec7 DSP \u0111\u1ea3m b\u1ea3o \u0111\u1ed9 tin c\u1eady t\u1ed1i \u0111a v\u00e0 \u0111\u1ea7u ra \u1ed5n \u0111\u1ecbnh cho c\u00e1c thi\u1ebft b\u1ecb quan tr\u1ecdng.<\/div>\n<\/div>\n<div class=\"feature-card border rounded-lg p-4 shadow-sm\">\n<div class=\"feature-title font-semibold text-lg mb-2\">Thi\u1ebft k\u1ebf m\u00e1y bi\u1ebfn \u00e1p c\u00e1ch ly \u0111i\u1ec7n<\/div>\n<div class=\"feature-desc text-gray-700\">Bi\u1ebfn \u00e1p c\u00e1ch ly t\u00edch h\u1ee3p cung c\u1ea5p kh\u1ea3 n\u0103ng c\u00e1ch ly \u0111i\u1ec7n ho\u00e0n to\u00e0n, b\u1ea3o v\u1ec7 c\u00e1c t\u1ea3i nh\u1ea1y c\u1ea3m kh\u1ecfi c\u00e1c nhi\u1ec5u lo\u1ea1n \u0111i\u1ec7n.<\/div>\n<\/div>\n<div class=\"feature-card border rounded-lg p-4 shadow-sm\">\n<div class=\"feature-title font-semibold text-lg mb-2\">Kh\u1ea3 n\u0103ng ho\u1ea1t \u0111\u1ed9ng song song l\u00ean \u0111\u1ebfn 4 thi\u1ebft b\u1ecb<\/div>\n<div class=\"feature-desc text-gray-700\">H\u1ed7 tr\u1ee3 c\u1ea5u h\u00ecnh song song v\u00e0 d\u1ef1 ph\u00f2ng \u0111\u1ec3 n\u00e2ng cao \u0111\u1ed9 tin c\u1eady v\u00e0 kh\u1ea3 n\u0103ng m\u1edf r\u1ed9ng t\u1ed5ng th\u1ec3 c\u1ee7a h\u1ec7 th\u1ed1ng.<\/div>\n<\/div>\n<div class=\"feature-card border rounded-lg p-4 shadow-sm\">\n<div class=\"feature-title font-semibold text-lg mb-2\">\u0110\u01b0\u1ee3c thi\u1ebft k\u1ebf \u0111\u1ec3 ch\u1ecbu \u0111\u01b0\u1ee3c m\u1ecdi lo\u1ea1i t\u1ea3i tr\u1ecdng.<\/div>\n<div class=\"feature-desc text-gray-700\">Thi\u1ebft k\u1ebf \u0111\u1ea1t ti\u00eau chu\u1ea9n c\u00f4ng nghi\u1ec7p, ph\u00f9 h\u1ee3p v\u1edbi m\u1ecdi lo\u1ea1i t\u1ea3i tr\u1ecdng, \u0111\u1ea3m b\u1ea3o hi\u1ec7u su\u1ea5t \u1ed5n \u0111\u1ecbnh trong c\u00e1c \u0111i\u1ec1u ki\u1ec7n v\u1eadn h\u00e0nh kh\u00e1c nhau.<\/div>\n<\/div>\n<div class=\"feature-card border rounded-lg p-4 shadow-sm\">\n<div class=\"feature-title font-semibold text-lg mb-2\">Nhi\u1ec1u c\u1ed5ng giao ti\u1ebfp<\/div>\n<div class=\"feature-desc text-gray-700\">\u0110\u01b0\u1ee3c trang b\u1ecb Modbus RS232\/RS485, c\u00e1c ti\u1ebfp \u0111i\u1ec3m kh\u00f4 v\u00e0 c\u00e1c khe c\u1eafm m\u1edf r\u1ed9ng \u0111\u1ec3 thu\u1eadn ti\u1ec7n cho vi\u1ec7c gi\u00e1m s\u00e1t v\u00e0 qu\u1ea3n l\u00fd t\u1ea1i ch\u1ed7 v\u00e0 t\u1eeb xa.<\/div>\n<\/div>\n<\/div>\n<p>&nbsp;<\/p>\n<p>&nbsp;<\/p>\n<div class=\"overflow-x-auto\">\n<table class=\"w-full border border-gray-200 text-sm text-left\">\n<tbody class=\"divide-y divide-gray-200\">\n<tr>\n<th class=\"w-1\/3 bg-gray-50 px-4 py-3 font-medium text-gray-700\">Ng\u01b0\u1eddi m\u1eabu<\/th>\n<td class=\"px-4 py-3\">LFL300<\/td>\n<\/tr>\n<tr>\n<th class=\"bg-gray-50 px-4 py-3 font-medium text-gray-700\">Quy\u1ec1n l\u1ef1c<\/th>\n<td class=\"px-4 py-3\">10\u2013300 kVA<\/td>\n<\/tr>\n<tr>\n<th class=\"bg-gray-50 px-4 py-3 font-medium text-gray-700\">Ph\u1ea1m vi \u0111i\u1ec7n \u00e1p \u0111\u1ea7u v\u00e0o<\/th>\n<td class=\"px-4 py-3\">380 VAC \u00b125% (c\u00f3 th\u1ec3 t\u00f9y ch\u1ec9nh)<\/td>\n<\/tr>\n<tr>\n<th class=\"bg-gray-50 px-4 py-3 font-medium text-gray-700\">\u0110i\u1ec7n \u00e1p \u0111\u1ea7u ra<\/th>\n<td class=\"px-4 py-3\">380 VAC \u00b11% (c\u00f3 th\u1ec3 t\u00f9y ch\u1ec9nh)<\/td>\n<\/tr>\n<tr>\n<th class=\"bg-gray-50 px-4 py-3 font-medium text-gray-700\">C\u1ea5u h\u00ecnh pha<\/th>\n<td class=\"px-4 py-3\">\u0110\u1ea7u v\u00e0o ba pha \/ \u0110\u1ea7u ra ba pha<\/td>\n<\/tr>\n<tr>\n<th class=\"bg-gray-50 px-4 py-3 font-medium text-gray-700\">D\u1ea1ng s\u00f3ng \u0111\u1ea7u ra<\/th>\n<td class=\"px-4 py-3\">S\u00f3ng sin thu\u1ea7n t\u00fay<\/td>\n<\/tr>\n<tr>\n<th class=\"bg-gray-50 px-4 py-3 font-medium text-gray-700\">T\u1ea7n s\u1ed1 ho\u1ea1t \u0111\u1ed9ng<\/th>\n<td class=\"px-4 py-3\">50 \/ 60 Hz<\/td>\n<\/tr>\n<tr>\n<th class=\"bg-gray-50 px-4 py-3 font-medium text-gray-700\">Th\u1eddi gian chuy\u1ec3n giao<\/th>\n<td class=\"px-4 py-3\">0 gi\u00e2y<\/td>\n<\/tr>\n<tr>\n<th class=\"bg-gray-50 px-4 py-3 font-medium text-gray-700\">Lo\u1ea1i pin<\/th>\n<td class=\"px-4 py-3\">\u1eaec quy ch\u00ec-axit k\u00edn<\/td>\n<\/tr>\n<tr>\n<th class=\"bg-gray-50 px-4 py-3 font-medium text-gray-700\">\u0110i\u1ec7n \u00e1p pin<\/th>\n<td class=\"px-4 py-3\">384 VDC (c\u00f3 th\u1ec3 \u0111i\u1ec1u ch\u1ec9nh)<\/td>\n<\/tr>\n<tr>\n<th class=\"bg-gray-50 px-4 py-3 font-medium text-gray-700\">Th\u1eddi gian sao l\u01b0u<\/th>\n<td class=\"px-4 py-3\">C\u00f3 th\u1ec3 t\u00f9y ch\u1ec9nh<\/td>\n<\/tr>\n<tr>\n<th class=\"bg-gray-50 px-4 py-3 font-medium text-gray-700\">S\u1ef1 b\u1ea3o v\u1ec7<\/th>\n<td class=\"px-4 py-3\">B\u1ea3o v\u1ec7 ng\u1eafn m\u1ea1ch \u0111i\u1ec7n t\u1eed, gi\u1edbi h\u1ea1n d\u00f2ng \u0111i\u1ec7n \u1edf m\u1ee9c 1,3 l\u1ea7n d\u00f2ng \u0111i\u1ec7n \u0111\u1ecbnh m\u1ee9c.<\/td>\n<\/tr>\n<tr>\n<th class=\"bg-gray-50 px-4 py-3 font-medium text-gray-700\">Kh\u1ea3 n\u0103ng ch\u1ecbu t\u1ea3i<\/th>\n<td class=\"px-4 py-3\">110% trong 10 ph\u00fat; 125% trong 3 ph\u00fat; 150% trong 1 ph\u00fat<\/td>\n<\/tr>\n<tr>\n<th class=\"bg-gray-50 px-4 py-3 font-medium text-gray-700\">\u0110\u00e8n b\u00e1o LED<\/th>\n<td class=\"px-4 py-3\">\u0110\u1ea7u v\u00e0o, bi\u1ebfn t\u1ea7n, ch\u1ebf \u0111\u1ed9 bypass, tr\u1ea1ng th\u00e1i pin<\/td>\n<\/tr>\n<tr>\n<th class=\"bg-gray-50 px-4 py-3 font-medium text-gray-700\">M\u00e0n h\u00ecnh LCD<\/th>\n<td class=\"px-4 py-3\">\u0110i\u1ec7n \u00e1p \u0111\u1ea7u v\u00e0o\/\u0111\u1ea7u ra, t\u1ea7n s\u1ed1, \u0111i\u1ec7n \u00e1p pin, ph\u1ea7n tr\u0103m t\u1ea3i, nhi\u1ec7t \u0111\u1ed9<\/td>\n<\/tr>\n<tr>\n<th class=\"bg-gray-50 px-4 py-3 font-medium text-gray-700\">Bi\u1ebfn d\u1ea1ng s\u00f3ng<\/th>\n<td class=\"px-4 py-3\">\u22643% (t\u1ea3i tuy\u1ebfn t\u00ednh), \u22645% (t\u1ea3i phi tuy\u1ebfn t\u00ednh)<\/td>\n<\/tr>\n<tr>\n<th class=\"bg-gray-50 px-4 py-3 font-medium text-gray-700\">Nhi\u1ec7t \u0111\u1ed9 l\u00e0m vi\u1ec7c<\/th>\n<td class=\"px-4 py-3\">0\u00b0C \u0111\u1ebfn +45\u00b0C<\/td>\n<\/tr>\n<tr>\n<th class=\"bg-gray-50 px-4 py-3 font-medium text-gray-700\">Nhi\u1ec7t \u0111\u1ed9 l\u01b0u tr\u1eef<\/th>\n<td class=\"px-4 py-3\">-25\u00b0C \u0111\u1ebfn +55\u00b0C<\/td>\n<\/tr>\n<tr>\n<th class=\"bg-gray-50 px-4 py-3 font-medium text-gray-700\">\u0110\u1ed9 \u1ea9m t\u01b0\u01a1ng \u0111\u1ed1i<\/th>\n<td class=\"px-4 py-3\">0\u201395% (kh\u00f4ng ng\u01b0ng t\u1ee5)<\/td>\n<\/tr>\n<tr>\n<th class=\"bg-gray-50 px-4 py-3 font-medium text-gray-700\">\u0110\u1ed9 cao<\/th>\n<td class=\"px-4 py-3\">\u2264 1000 m<\/td>\n<\/tr>\n<tr>\n<th class=\"bg-gray-50 px-4 py-3 font-medium text-gray-700\">M\u1ee9c \u0111\u1ed9 ti\u1ebfng \u1ed3n<\/th>\n<td class=\"px-4 py-3\">&lt; 50 dB<\/td>\n<\/tr>\n<tr>\n<th class=\"bg-gray-50 px-4 py-3 font-medium text-gray-700\">Giao di\u1ec7n truy\u1ec1n th\u00f4ng<\/th>\n<td class=\"px-4 py-3\">RS485, RS232, USB, ti\u1ebfp \u0111i\u1ec3m kh\u00f4, khe c\u1eafm th\u1ebb m\u1edf r\u1ed9ng th\u00f4ng minh<\/td>\n<\/tr>\n<tr>\n<th class=\"bg-gray-50 px-4 py-3 font-medium text-gray-700\">Ti\u00eau chu\u1ea9n<\/th>\n<td class=\"px-4 py-3\">IEC 62040-1<\/td>\n<\/tr>\n<tr>\n<th class=\"bg-gray-50 px-4 py-3 font-medium text-gray-700\">X\u1ebfp h\u1ea1ng IP<\/th>\n<td class=\"px-4 py-3\">IP20<\/td>\n<\/tr>\n<\/tbody>\n<\/table>\n<\/div>","protected":false},"excerpt":{"rendered":"<p>C\u00f4ng su\u1ea5t \u0111\u1ecbnh m\u1ee9c: 10KVA-300KVA<br \/>\n\u0110i\u1ec7n \u00e1p \u0111\u1ea7u v\u00e0o: 380\/400VAC, v.v.<br \/>\n\u0110i\u1ec7n \u00e1p \u0111\u1ea7u ra: 380\/400VAC, v.v.<br \/>\nS\u1ed1 l\u01b0\u1ee3ng \u0111\u1eb7t h\u00e0ng t\u1ed1i thi\u1ec3u: 1 b\u1ed9\/m\u00f3n<br \/>\nD\u1ecbch v\u1ee5 OEM &amp; ODM: C\u00f3 s\u1eb5n<br \/>\nBao b\u00ec: Th\u00f9ng g\u1ed7 d\u00e1n<\/p>","protected":false},"featured_media":1998,"comment_status":"open","ping_status":"closed","template":"","meta":{"_acf_changed":false,"_uag_custom_page_level_css":"","site-sidebar-layout":"default","site-content-layout":"","ast-site-content-layout":"default","site-content-style":"default","site-sidebar-style":"default","ast-global-header-display":"","ast-banner-title-visibility":"","ast-main-header-display":"","ast-hfb-above-header-display":"","ast-hfb-below-header-display":"","ast-hfb-mobile-header-display":"","site-post-title":"","ast-breadcrumbs-content":"","ast-featured-img":"","footer-sml-layout":"","theme-transparent-header-meta":"default","adv-header-id-meta":"","stick-header-meta":"","header-above-stick-meta":"","header-main-stick-meta":"","header-below-stick-meta":"","astra-migrate-meta-layouts":"set","ast-page-background-enabled":"default","ast-page-background-meta":{"desktop":{"background-color":"var(--ast-global-color-4)","background-image":"","background-repeat":"repeat","background-position":"center center","background-size":"auto","background-attachment":"scroll","background-type":"","background-media":"","overlay-type":"","overlay-color":"","overlay-opacity":"","overlay-gradient":""},"tablet":{"background-color":"","background-image":"","background-repeat":"repeat","background-position":"center center","background-size":"auto","background-attachment":"scroll","background-type":"","background-media":"","overlay-type":"","overlay-color":"","overlay-opacity":"","overlay-gradient":""},"mobile":{"background-color":"","background-image":"","background-repeat":"repeat","background-position":"center center","background-size":"auto","background-attachment":"scroll","background-type":"","background-media":"","overlay-type":"","overlay-color":"","overlay-opacity":"","overlay-gradient":""}},"ast-content-background-meta":{"desktop":{"background-color":"var(--ast-global-color-5)","background-image":"","background-repeat":"repeat","background-position":"center center","background-size":"auto","background-attachment":"scroll","background-type":"","background-media":"","overlay-type":"","overlay-color":"","overlay-opacity":"","overlay-gradient":""},"tablet":{"background-color":"var(--ast-global-color-5)","background-image":"","background-repeat":"repeat","background-position":"center center","background-size":"auto","background-attachment":"scroll","background-type":"","background-media":"","overlay-type":"","overlay-color":"","overlay-opacity":"","overlay-gradient":""},"mobile":{"background-color":"var(--ast-global-color-5)","background-image":"","background-repeat":"repeat","background-position":"center center","background-size":"auto","background-attachment":"scroll","background-type":"","background-media":"","overlay-type":"","overlay-color":"","overlay-opacity":"","overlay-gradient":""}}},"product_brand":[],"product_cat":[26],"product_tag":[46,36],"class_list":{"0":"post-1997","1":"product","2":"type-product","3":"status-publish","4":"has-post-thumbnail","6":"product_cat-online-ups","7":"product_tag-double-conversion-ups","8":"product_tag-pure-sine-wave-ups","9":"desktop-align-left","10":"tablet-align-left","11":"mobile-align-left","13":"first","14":"instock","15":"shipping-taxable","16":"product-type-simple"},"acf":[],"yoast_head":"<!-- This site is optimized with the Yoast SEO plugin v25.0 - https:\/\/yoast.com\/wordpress\/plugins\/seo\/ -->\n<title>True Online UPS 10 - 300 KVA - UPS power supply<\/title>\n<meta name=\"robots\" content=\"index, follow, max-snippet:-1, max-image-preview:large, max-video-preview:-1\" \/>\n<link rel=\"canonical\" href=\"https:\/\/www.upspower-supply.com\/vi\/san-pham\/true-online-ups-10-300-kva\/\" \/>\n<meta property=\"og:locale\" content=\"vi_VN\" \/>\n<meta property=\"og:type\" content=\"article\" \/>\n<meta property=\"og:title\" content=\"True Online UPS 10 - 300 KVA - UPS power supply\" \/>\n<meta property=\"og:description\" content=\"Rated Power: 10KVA-300KVA Input Voltage: 380\/400VAC, etc Output Voltage: 380\/400VAC, etc MOQ: 1 Set\/Piece OEM &amp; ODM Service: Available Packaging: Plywood Case\" \/>\n<meta property=\"og:url\" content=\"https:\/\/www.upspower-supply.com\/vi\/san-pham\/true-online-ups-10-300-kva\/\" \/>\n<meta property=\"og:site_name\" content=\"UPS power supply\" \/>\n<meta property=\"article:modified_time\" content=\"2025-12-23T05:12:34+00:00\" \/>\n<meta property=\"og:image\" content=\"https:\/\/www.upspower-supply.com\/wp-content\/uploads\/2025\/12\/true-online-ups-10-300-kva.jpg\" \/>\n\t<meta property=\"og:image:width\" content=\"800\" \/>\n\t<meta property=\"og:image:height\" content=\"800\" \/>\n\t<meta property=\"og:image:type\" content=\"image\/jpeg\" \/>\n<meta name=\"twitter:card\" content=\"summary_large_image\" \/>\n<meta name=\"twitter:label1\" content=\"\u01af\u1edbc t\u00ednh th\u1eddi gian \u0111\u1ecdc\" \/>\n\t<meta name=\"twitter:data1\" content=\"3 ph\u00fat\" \/>\n<script type=\"application\/ld+json\" class=\"yoast-schema-graph\">{\"@context\":\"https:\/\/schema.org\",\"@graph\":[{\"@type\":\"WebPage\",\"@id\":\"https:\/\/www.upspower-supply.com\/product\/true-online-ups-10-300-kva\/\",\"url\":\"https:\/\/www.upspower-supply.com\/product\/true-online-ups-10-300-kva\/\",\"name\":\"True Online UPS 10 - 300 KVA - UPS power supply\",\"isPartOf\":{\"@id\":\"https:\/\/www.upspower-supply.com\/#website\"},\"primaryImageOfPage\":{\"@id\":\"https:\/\/www.upspower-supply.com\/product\/true-online-ups-10-300-kva\/#primaryimage\"},\"image\":{\"@id\":\"https:\/\/www.upspower-supply.com\/product\/true-online-ups-10-300-kva\/#primaryimage\"},\"thumbnailUrl\":\"https:\/\/www.upspower-supply.com\/wp-content\/uploads\/2025\/12\/true-online-ups-10-300-kva.jpg\",\"datePublished\":\"2025-12-23T03:55:12+00:00\",\"dateModified\":\"2025-12-23T05:12:34+00:00\",\"breadcrumb\":{\"@id\":\"https:\/\/www.upspower-supply.com\/product\/true-online-ups-10-300-kva\/#breadcrumb\"},\"inLanguage\":\"vi\",\"potentialAction\":[{\"@type\":\"ReadAction\",\"target\":[\"https:\/\/www.upspower-supply.com\/product\/true-online-ups-10-300-kva\/\"]}]},{\"@type\":\"ImageObject\",\"inLanguage\":\"vi\",\"@id\":\"https:\/\/www.upspower-supply.com\/product\/true-online-ups-10-300-kva\/#primaryimage\",\"url\":\"https:\/\/www.upspower-supply.com\/wp-content\/uploads\/2025\/12\/true-online-ups-10-300-kva.jpg\",\"contentUrl\":\"https:\/\/www.upspower-supply.com\/wp-content\/uploads\/2025\/12\/true-online-ups-10-300-kva.jpg\",\"width\":800,\"height\":800,\"caption\":\"True Online UPS 10 - 300 KVA\"},{\"@type\":\"BreadcrumbList\",\"@id\":\"https:\/\/www.upspower-supply.com\/product\/true-online-ups-10-300-kva\/#breadcrumb\",\"itemListElement\":[{\"@type\":\"ListItem\",\"position\":1,\"name\":\"Home\",\"item\":\"https:\/\/www.upspower-supply.com\/\"},{\"@type\":\"ListItem\",\"position\":2,\"name\":\"Shop\",\"item\":\"https:\/\/www.upspower-supply.com\/shop\/\"},{\"@type\":\"ListItem\",\"position\":3,\"name\":\"True Online UPS 10 &#8211; 300 KVA\"}]},{\"@type\":\"WebSite\",\"@id\":\"https:\/\/www.upspower-supply.com\/#website\",\"url\":\"https:\/\/www.upspower-supply.com\/\",\"name\":\"UPS power supply\",\"description\":\"\",\"potentialAction\":[{\"@type\":\"SearchAction\",\"target\":{\"@type\":\"EntryPoint\",\"urlTemplate\":\"https:\/\/www.upspower-supply.com\/?s={search_term_string}\"},\"query-input\":{\"@type\":\"PropertyValueSpecification\",\"valueRequired\":true,\"valueName\":\"search_term_string\"}}],\"inLanguage\":\"vi\"}]}<\/script>\n<!-- \/ Yoast SEO plugin. -->","yoast_head_json":{"title":"True Online UPS 10 - 300 KVA - UPS power supply","robots":{"index":"index","follow":"follow","max-snippet":"max-snippet:-1","max-image-preview":"max-image-preview:large","max-video-preview":"max-video-preview:-1"},"canonical":"https:\/\/www.upspower-supply.com\/vi\/san-pham\/true-online-ups-10-300-kva\/","og_locale":"vi_VN","og_type":"article","og_title":"True Online UPS 10 - 300 KVA - UPS power supply","og_description":"Rated Power: 10KVA-300KVA Input Voltage: 380\/400VAC, etc Output Voltage: 380\/400VAC, etc MOQ: 1 Set\/Piece OEM &amp; ODM Service: Available Packaging: Plywood Case","og_url":"https:\/\/www.upspower-supply.com\/vi\/san-pham\/true-online-ups-10-300-kva\/","og_site_name":"UPS power supply","article_modified_time":"2025-12-23T05:12:34+00:00","og_image":[{"width":800,"height":800,"url":"https:\/\/www.upspower-supply.com\/wp-content\/uploads\/2025\/12\/true-online-ups-10-300-kva.jpg","type":"image\/jpeg"}],"twitter_card":"summary_large_image","twitter_misc":{"\u01af\u1edbc t\u00ednh th\u1eddi gian \u0111\u1ecdc":"3 ph\u00fat"},"schema":{"@context":"https:\/\/schema.org","@graph":[{"@type":"WebPage","@id":"https:\/\/www.upspower-supply.com\/product\/true-online-ups-10-300-kva\/","url":"https:\/\/www.upspower-supply.com\/product\/true-online-ups-10-300-kva\/","name":"True Online UPS 10 - 300 KVA - UPS power supply","isPartOf":{"@id":"https:\/\/www.upspower-supply.com\/#website"},"primaryImageOfPage":{"@id":"https:\/\/www.upspower-supply.com\/product\/true-online-ups-10-300-kva\/#primaryimage"},"image":{"@id":"https:\/\/www.upspower-supply.com\/product\/true-online-ups-10-300-kva\/#primaryimage"},"thumbnailUrl":"https:\/\/www.upspower-supply.com\/wp-content\/uploads\/2025\/12\/true-online-ups-10-300-kva.jpg","datePublished":"2025-12-23T03:55:12+00:00","dateModified":"2025-12-23T05:12:34+00:00","breadcrumb":{"@id":"https:\/\/www.upspower-supply.com\/product\/true-online-ups-10-300-kva\/#breadcrumb"},"inLanguage":"vi","potentialAction":[{"@type":"ReadAction","target":["https:\/\/www.upspower-supply.com\/product\/true-online-ups-10-300-kva\/"]}]},{"@type":"ImageObject","inLanguage":"vi","@id":"https:\/\/www.upspower-supply.com\/product\/true-online-ups-10-300-kva\/#primaryimage","url":"https:\/\/www.upspower-supply.com\/wp-content\/uploads\/2025\/12\/true-online-ups-10-300-kva.jpg","contentUrl":"https:\/\/www.upspower-supply.com\/wp-content\/uploads\/2025\/12\/true-online-ups-10-300-kva.jpg","width":800,"height":800,"caption":"True Online UPS 10 - 300 KVA"},{"@type":"BreadcrumbList","@id":"https:\/\/www.upspower-supply.com\/product\/true-online-ups-10-300-kva\/#breadcrumb","itemListElement":[{"@type":"ListItem","position":1,"name":"Home","item":"https:\/\/www.upspower-supply.com\/"},{"@type":"ListItem","position":2,"name":"Shop","item":"https:\/\/www.upspower-supply.com\/shop\/"},{"@type":"ListItem","position":3,"name":"True Online UPS 10 &#8211; 300 KVA"}]},{"@type":"WebSite","@id":"https:\/\/www.upspower-supply.com\/#website","url":"https:\/\/www.upspower-supply.com\/","name":"UPS power supply","description":"","potentialAction":[{"@type":"SearchAction","target":{"@type":"EntryPoint","urlTemplate":"https:\/\/www.upspower-supply.com\/?s={search_term_string}"},"query-input":{"@type":"PropertyValueSpecification","valueRequired":true,"valueName":"search_term_string"}}],"inLanguage":"vi"}]}},"uagb_featured_image_src":{"full":["https:\/\/www.upspower-supply.com\/wp-content\/uploads\/2025\/12\/true-online-ups-10-300-kva.jpg",800,800,false],"thumbnail":["https:\/\/www.upspower-supply.com\/wp-content\/uploads\/2025\/12\/true-online-ups-10-300-kva-150x150.jpg",150,150,true],"medium":["https:\/\/www.upspower-supply.com\/wp-content\/uploads\/2025\/12\/true-online-ups-10-300-kva-300x300.jpg",300,300,true],"medium_large":["https:\/\/www.upspower-supply.com\/wp-content\/uploads\/2025\/12\/true-online-ups-10-300-kva-768x768.jpg",768,768,true],"large":["https:\/\/www.upspower-supply.com\/wp-content\/uploads\/2025\/12\/true-online-ups-10-300-kva.jpg",800,800,false],"1536x1536":["https:\/\/www.upspower-supply.com\/wp-content\/uploads\/2025\/12\/true-online-ups-10-300-kva.jpg",800,800,false],"2048x2048":["https:\/\/www.upspower-supply.com\/wp-content\/uploads\/2025\/12\/true-online-ups-10-300-kva.jpg",800,800,false],"trp-custom-language-flag":["https:\/\/www.upspower-supply.com\/wp-content\/uploads\/2025\/12\/true-online-ups-10-300-kva-12x12.jpg",12,12,true],"woocommerce_thumbnail":["https:\/\/www.upspower-supply.com\/wp-content\/uploads\/2025\/12\/true-online-ups-10-300-kva-300x300.jpg",300,300,true],"woocommerce_single":["https:\/\/www.upspower-supply.com\/wp-content\/uploads\/2025\/12\/true-online-ups-10-300-kva-600x600.jpg",600,600,true],"woocommerce_gallery_thumbnail":["https:\/\/www.upspower-supply.com\/wp-content\/uploads\/2025\/12\/true-online-ups-10-300-kva-100x100.jpg",100,100,true]},"uagb_author_info":{"display_name":"Tyne Tingey","author_link":"https:\/\/www.upspower-supply.com\/vi\/author\/"},"uagb_comment_info":0,"uagb_excerpt":"Rated Power: 10KVA-300KVA Input Voltage: 380\/400VAC, etc Output Voltage: 380\/400VAC, etc MOQ: 1 Set\/Piece OEM &amp; ODM Service: Available Packaging: Plywood Case","_links":{"self":[{"href":"https:\/\/www.upspower-supply.com\/vi\/wp-json\/wp\/v2\/product\/1997","targetHints":{"allow":["GET"]}}],"collection":[{"href":"https:\/\/www.upspower-supply.com\/vi\/wp-json\/wp\/v2\/product"}],"about":[{"href":"https:\/\/www.upspower-supply.com\/vi\/wp-json\/wp\/v2\/types\/product"}],"replies":[{"embeddable":true,"href":"https:\/\/www.upspower-supply.com\/vi\/wp-json\/wp\/v2\/comments?post=1997"}],"wp:featuredmedia":[{"embeddable":true,"href":"https:\/\/www.upspower-supply.com\/vi\/wp-json\/wp\/v2\/media\/1998"}],"wp:attachment":[{"href":"https:\/\/www.upspower-supply.com\/vi\/wp-json\/wp\/v2\/media?parent=1997"}],"wp:term":[{"taxonomy":"product_brand","embeddable":true,"href":"https:\/\/www.upspower-supply.com\/vi\/wp-json\/wp\/v2\/product_brand?post=1997"},{"taxonomy":"product_cat","embeddable":true,"href":"https:\/\/www.upspower-supply.com\/vi\/wp-json\/wp\/v2\/product_cat?post=1997"},{"taxonomy":"product_tag","embeddable":true,"href":"https:\/\/www.upspower-supply.com\/vi\/wp-json\/wp\/v2\/product_tag?post=1997"}],"curies":[{"name":"wp","href":"https:\/\/api.w.org\/{rel}","templated":true}]}}