{"id":1617,"date":"2025-07-23T07:20:53","date_gmt":"2025-07-23T07:20:53","guid":{"rendered":"https:\/\/www.upspower-supply.com\/?post_type=product&#038;p=1617"},"modified":"2025-07-23T07:41:33","modified_gmt":"2025-07-23T07:41:33","slug":"mini-uninterruptible-power-supply-mini-dc-ups-18w-24w-36w-5v-9v-12v","status":"publish","type":"product","link":"https:\/\/www.upspower-supply.com\/vi\/san-pham\/mini-uninterruptible-power-supply-mini-dc-ups-18w-24w-36w-5v-9v-12v\/","title":{"rendered":"B\u1ed9 ngu\u1ed3n mini kh\u00f4ng b\u1ecb gi\u00e1n \u0111o\u1ea1n, Mini DC UPS, 18W 24W 36W, 5V 9V 12V"},"content":{"rendered":"<ul class=\"list-disc pl-5 text-base text-gray-700\">\n<li>Kh\u1ea3 n\u0103ng t\u01b0\u01a1ng th\u00edch r\u1ed9ng \u2013 h\u1ed7 tr\u1ee3 b\u1ed9 \u0111\u1ecbnh tuy\u1ebfn WiFi, modem, camera IP v\u00e0 c\u00e1c thi\u1ebft b\u1ecb d\u00f9ng ngu\u1ed3n DC kh\u00e1c.<\/li>\n<li>\u0110\u01b0\u1ee3c trang b\u1ecb pin lithium LiFePO4 dung l\u01b0\u1ee3ng cao 8800mAh \/ 10400mAh \u0111\u1ec3 k\u00e9o d\u00e0i th\u1eddi gian s\u1eed d\u1ee5ng d\u1ef1 ph\u00f2ng.<\/li>\n<li>POE (C\u1ea5p ngu\u1ed3n qua Ethernet) t\u00edch h\u1ee3p cho ph\u00e9p truy\u1ec1n d\u1eef li\u1ec7u v\u00e0 ngu\u1ed3n \u0111i\u1ec7n \u0111\u1ed3ng th\u1eddi, gi\u00fap \u0111\u01a1n gi\u1ea3n h\u00f3a vi\u1ec7c \u0111i d\u00e2y.<\/li>\n<li>B\u1ea3o v\u1ec7 m\u1ea1ch ti\u00ean ti\u1ebfn \u2013 bao g\u1ed3m b\u1ea3o v\u1ec7 qu\u00e1 t\u1ea3i, qu\u00e1 x\u1ea3 v\u00e0 ng\u1eafn m\u1ea1ch.<\/li>\n<li>Nhi\u1ec1u t\u00f9y ch\u1ecdn \u0111\u1ea7u ra: USB, DC 5V\/9V\/12V v\u00e0 c\u1ed5ng POE \u0111\u1ec3 h\u1ed7 tr\u1ee3 thi\u1ebft b\u1ecb linh ho\u1ea1t.<\/li>\n<li>D\u1ea3i \u0111i\u1ec7n \u00e1p \u0111\u1ea7u v\u00e0o AC r\u1ed9ng: 85\u2013265V AC (t\u01b0\u01a1ng th\u00edch v\u1edbi c\u1ea3 h\u1ec7 th\u1ed1ng 110V v\u00e0 220V).<\/li>\n<\/ul>\n<p><img loading=\"lazy\" decoding=\"async\" class=\"alignnone wp-image-1623 size-full\" src=\"https:\/\/www.upspower-supply.com\/wp-content\/uploads\/2025\/07\/mini-uninterruptible-power-supply-detail-2.jpeg\" alt=\"b\u1ed9 ngu\u1ed3n mini kh\u00f4ng b\u1ecb gi\u00e1n \u0111o\u1ea1n\" width=\"750\" height=\"1100\" srcset=\"https:\/\/www.upspower-supply.com\/wp-content\/uploads\/2025\/07\/mini-uninterruptible-power-supply-detail-2.jpeg 750w, https:\/\/www.upspower-supply.com\/wp-content\/uploads\/2025\/07\/mini-uninterruptible-power-supply-detail-2-205x300.jpeg 205w, https:\/\/www.upspower-supply.com\/wp-content\/uploads\/2025\/07\/mini-uninterruptible-power-supply-detail-2-698x1024.jpeg 698w, https:\/\/www.upspower-supply.com\/wp-content\/uploads\/2025\/07\/mini-uninterruptible-power-supply-detail-2-8x12.jpeg 8w, https:\/\/www.upspower-supply.com\/wp-content\/uploads\/2025\/07\/mini-uninterruptible-power-supply-detail-2-600x880.jpeg 600w\" sizes=\"auto, (max-width: 750px) 100vw, 750px\" \/><\/p>\n<table class=\"table-auto w-full max-w-[1060px] text-left text-sm\">\n<thead>\n<tr class=\"bg-[#f7f8fa]\">\n<th class=\"p-2 text-base\">Ng\u01b0\u1eddi m\u1eabu<\/th>\n<th class=\"p-2 text-center text-base\">DC18P<\/th>\n<th class=\"p-2 text-center text-base\">DC24P<\/th>\n<th class=\"p-2 text-center text-base\">DC36P<\/th>\n<\/tr>\n<\/thead>\n<tbody>\n<tr>\n<td class=\"p-2 text-base\">C\u00f4ng su\u1ea5t \u0111\u1ea7u ra<\/td>\n<td class=\"p-2 text-center\">18W<\/td>\n<td class=\"p-2 text-center\">24W<\/td>\n<td class=\"p-2 text-center\">36W<\/td>\n<\/tr>\n<tr>\n<td class=\"p-2 align-top\" rowspan=\"6\">\n<div class=\"text-base\">C\u1ed5ng \u0111\u1ea7u ra<\/div>\n<\/td>\n<td class=\"p-2 text-center\">USB 5V\/2A<\/td>\n<td class=\"p-2 text-center\">USB 5V\/2A<\/td>\n<td class=\"p-2 text-center\">USB 5V\/2A<\/td>\n<\/tr>\n<tr>\n<td class=\"p-2 text-center\">DC5V\/2A<\/td>\n<td class=\"p-2 text-center\">DC5V\/2A<\/td>\n<td class=\"p-2 text-center\">DC5V\/2A<\/td>\n<\/tr>\n<tr>\n<td class=\"p-2 text-center\">DC9V\/1A<\/td>\n<td class=\"p-2 text-center\">DC9V\/2A<\/td>\n<td class=\"p-2 text-center\">DC9V\/2A<\/td>\n<\/tr>\n<tr>\n<td class=\"p-2 text-center\">DC12V\/1A<\/td>\n<td class=\"p-2 text-center\">DC12V\/2A<\/td>\n<td class=\"p-2 text-center\">DC12V\/2A<\/td>\n<\/tr>\n<tr>\n<td class=\"p-2 text-center\">Ngu\u1ed3n c\u1ea5p PoE 15V\/0.6A<\/td>\n<td class=\"p-2 text-center\">Ngu\u1ed3n c\u1ea5p PoE 15V\/0.6A<\/td>\n<td class=\"p-2 text-center\">Ngu\u1ed3n c\u1ea5p PoE 15V\/0.6A<\/td>\n<\/tr>\n<tr>\n<td class=\"p-2 text-center\">Ngu\u1ed3n c\u1ea5p PoE 24V\/0,6A<\/td>\n<td class=\"p-2 text-center\">Ngu\u1ed3n c\u1ea5p PoE 24V\/0,6A<\/td>\n<td class=\"p-2 text-center\">Ngu\u1ed3n c\u1ea5p PoE 24V\/0,6A<\/td>\n<\/tr>\n<tr>\n<td class=\"p-2 text-base\">C\u1ed5ng \u0111\u1ea7u v\u00e0o<\/td>\n<td class=\"p-2 text-center\" colspan=\"3\">85-265Vac<\/td>\n<\/tr>\n<tr>\n<td class=\"p-2 text-base\">Lo\u1ea1i pin<\/td>\n<td class=\"p-2 text-center\" colspan=\"3\">Pin Lithium-ion\/Pin LiFePO4<\/td>\n<\/tr>\n<tr>\n<td class=\"p-2 text-base\">Dung l\u01b0\u1ee3ng pin<\/td>\n<td class=\"p-2 text-center\" colspan=\"3\">2200mah*4 \/ 2600mah*4<\/td>\n<\/tr>\n<tr>\n<td class=\"p-2 text-base\">M\u00e0u s\u1eafc<\/td>\n<td class=\"p-2 text-center\" colspan=\"3\">M\u00e0u \u0111en ti\u00eau chu\u1ea9n, c\u00f3 s\u1eb5n m\u00e0u t\u00f9y ch\u1ec9nh<\/td>\n<\/tr>\n<tr>\n<td class=\"p-2 text-base\">Hi\u1ec7u qu\u1ea3<\/td>\n<td class=\"p-2 text-center\" colspan=\"3\">Ch\u1ebf \u0111\u1ed9 ngu\u1ed3n \u0111i\u1ec7n xoay chi\u1ec1u th\u00e0nh ph\u1ed1 &gt;85%, Ch\u1ebf \u0111\u1ed9 pin &gt;90%<\/td>\n<\/tr>\n<tr>\n<td class=\"p-2 text-base\">Lo\u1ea1i ngu\u1ed3n \u0111i\u1ec7n<\/td>\n<td class=\"p-2 text-center\" colspan=\"3\">Ngu\u1ed3n \u0111i\u1ec7n t\u1ef1 \u0111\u1ed9ng kh\u00f4ng b\u1ecb gi\u00e1n \u0111o\u1ea1n<\/td>\n<\/tr>\n<tr>\n<td class=\"p-2 text-base\">S\u1ef1 b\u1ea3o v\u1ec7<\/td>\n<td class=\"p-2 text-center\" colspan=\"3\">B\u1ea3o v\u1ec7 qu\u00e1 t\u1ea3i, qu\u00e1 d\u00f2ng, qu\u00e1 t\u1ea3i, qu\u00e1 nhi\u1ec7t v\u00e0 ng\u1eafn m\u1ea1ch<\/td>\n<\/tr>\n<tr>\n<td class=\"p-2 text-base\">K\u00edch th\u01b0\u1edbc s\u1ea3n ph\u1ea9m<\/td>\n<td class=\"p-2 text-center\" colspan=\"3\">160*105*33mm<\/td>\n<\/tr>\n<tr>\n<td class=\"p-2 text-base\">K\u00edch th\u01b0\u1edbc \u0111\u00f3ng g\u00f3i<\/td>\n<td class=\"p-2 text-center\" colspan=\"3\">180*160*37mm<\/td>\n<\/tr>\n<tr>\n<td class=\"p-2 text-base\">Tr\u1ecdng l\u01b0\u1ee3ng t\u1ecbnh<\/td>\n<td class=\"p-2 text-center\">0,39kg<\/td>\n<td class=\"p-2 text-center\">0,4kg<\/td>\n<td class=\"p-2 text-center\">0,42kg<\/td>\n<\/tr>\n<tr>\n<td class=\"p-2 text-base\">T\u1ed5ng tr\u1ecdng l\u01b0\u1ee3ng<\/td>\n<td class=\"p-2 text-center\">0,5kg<\/td>\n<td class=\"p-2 text-center\">0,52kg<\/td>\n<td class=\"p-2 text-center\">0,56kg<\/td>\n<\/tr>\n<tr>\n<td class=\"p-2 text-base\">Nhi\u1ec7t \u0111\u1ed9 l\u00e0m vi\u1ec7c<\/td>\n<td class=\"p-2 text-center\" colspan=\"3\">0\u00baC-40\u00baC<\/td>\n<\/tr>\n<\/tbody>\n<\/table>\n<p><img loading=\"lazy\" decoding=\"async\" class=\"alignnone wp-image-1624 size-full\" src=\"https:\/\/www.upspower-supply.com\/wp-content\/uploads\/2025\/07\/mini-uninterruptible-power-supply-detail-application.jpeg\" alt=\"b\u1ed9 ngu\u1ed3n mini kh\u00f4ng b\u1ecb gi\u00e1n \u0111o\u1ea1n\" width=\"750\" height=\"843\" srcset=\"https:\/\/www.upspower-supply.com\/wp-content\/uploads\/2025\/07\/mini-uninterruptible-power-supply-detail-application.jpeg 750w, https:\/\/www.upspower-supply.com\/wp-content\/uploads\/2025\/07\/mini-uninterruptible-power-supply-detail-application-267x300.jpeg 267w, https:\/\/www.upspower-supply.com\/wp-content\/uploads\/2025\/07\/mini-uninterruptible-power-supply-detail-application-11x12.jpeg 11w, https:\/\/www.upspower-supply.com\/wp-content\/uploads\/2025\/07\/mini-uninterruptible-power-supply-detail-application-600x674.jpeg 600w\" sizes=\"auto, (max-width: 750px) 100vw, 750px\" \/><\/p>\n<p><img loading=\"lazy\" decoding=\"async\" class=\"alignnone wp-image-1625 size-full\" src=\"https:\/\/www.upspower-supply.com\/wp-content\/uploads\/2025\/07\/mini-uninterruptible-power-supply-detail-3.jpeg\" alt=\"b\u1ed9 ngu\u1ed3n mini kh\u00f4ng b\u1ecb gi\u00e1n \u0111o\u1ea1n\" width=\"750\" height=\"1119\" srcset=\"https:\/\/www.upspower-supply.com\/wp-content\/uploads\/2025\/07\/mini-uninterruptible-power-supply-detail-3.jpeg 750w, https:\/\/www.upspower-supply.com\/wp-content\/uploads\/2025\/07\/mini-uninterruptible-power-supply-detail-3-201x300.jpeg 201w, https:\/\/www.upspower-supply.com\/wp-content\/uploads\/2025\/07\/mini-uninterruptible-power-supply-detail-3-686x1024.jpeg 686w, https:\/\/www.upspower-supply.com\/wp-content\/uploads\/2025\/07\/mini-uninterruptible-power-supply-detail-3-8x12.jpeg 8w, https:\/\/www.upspower-supply.com\/wp-content\/uploads\/2025\/07\/mini-uninterruptible-power-supply-detail-3-600x895.jpeg 600w\" sizes=\"auto, (max-width: 750px) 100vw, 750px\" \/><\/p>\n<p>&nbsp;<\/p>\n<p><a href=\"https:\/\/www.aqetech.com\/product-category\/3-6-volt-lithium-battery\/\">Pin 3,6 v<\/a>\uff0c<a href=\"https:\/\/www.upspower-supply.com\/vi\/danh-muc-san-pham\/modular-ups\/\">ups c\u00f3 kh\u1ea3 n\u0103ng m\u1edf r\u1ed9ng<\/a><\/p>","protected":false},"excerpt":{"rendered":"<p>B\u1ed9 ngu\u1ed3n d\u1ef1 ph\u00f2ng Mini DC UPS \u2013 Pin LiFePO4 8800mAh | \u0110\u1ea7u ra USB &amp; POE 5V\/9V\/12V | H\u1ed7 tr\u1ee3 18W \/ 24W \/ 36W | Ngu\u1ed3n \u0111i\u1ec7n li\u00ean t\u1ee5c cho B\u1ed9 \u0111\u1ecbnh tuy\u1ebfn WiFi, Modem, Camera<\/p>","protected":false},"featured_media":1620,"comment_status":"open","ping_status":"closed","template":"","meta":{"_acf_changed":false,"_uag_custom_page_level_css":"","site-sidebar-layout":"default","site-content-layout":"","ast-site-content-layout":"default","site-content-style":"default","site-sidebar-style":"default","ast-global-header-display":"","ast-banner-title-visibility":"","ast-main-header-display":"","ast-hfb-above-header-display":"","ast-hfb-below-header-display":"","ast-hfb-mobile-header-display":"","site-post-title":"","ast-breadcrumbs-content":"","ast-featured-img":"","footer-sml-layout":"","theme-transparent-header-meta":"default","adv-header-id-meta":"","stick-header-meta":"","header-above-stick-meta":"","header-main-stick-meta":"","header-below-stick-meta":"","astra-migrate-meta-layouts":"set","ast-page-background-enabled":"default","ast-page-background-meta":{"desktop":{"background-color":"var(--ast-global-color-4)","background-image":"","background-repeat":"repeat","background-position":"center center","background-size":"auto","background-attachment":"scroll","background-type":"","background-media":"","overlay-type":"","overlay-color":"","overlay-opacity":"","overlay-gradient":""},"tablet":{"background-color":"","background-image":"","background-repeat":"repeat","background-position":"center center","background-size":"auto","background-attachment":"scroll","background-type":"","background-media":"","overlay-type":"","overlay-color":"","overlay-opacity":"","overlay-gradient":""},"mobile":{"background-color":"","background-image":"","background-repeat":"repeat","background-position":"center center","background-size":"auto","background-attachment":"scroll","background-type":"","background-media":"","overlay-type":"","overlay-color":"","overlay-opacity":"","overlay-gradient":""}},"ast-content-background-meta":{"desktop":{"background-color":"var(--ast-global-color-5)","background-image":"","background-repeat":"repeat","background-position":"center center","background-size":"auto","background-attachment":"scroll","background-type":"","background-media":"","overlay-type":"","overlay-color":"","overlay-opacity":"","overlay-gradient":""},"tablet":{"background-color":"var(--ast-global-color-5)","background-image":"","background-repeat":"repeat","background-position":"center center","background-size":"auto","background-attachment":"scroll","background-type":"","background-media":"","overlay-type":"","overlay-color":"","overlay-opacity":"","overlay-gradient":""},"mobile":{"background-color":"var(--ast-global-color-5)","background-image":"","background-repeat":"repeat","background-position":"center center","background-size":"auto","background-attachment":"scroll","background-type":"","background-media":"","overlay-type":"","overlay-color":"","overlay-opacity":"","overlay-gradient":""}}},"product_brand":[],"product_cat":[44],"product_tag":[],"class_list":{"0":"post-1617","1":"product","2":"type-product","3":"status-publish","4":"has-post-thumbnail","6":"product_cat-dc-ups","7":"desktop-align-left","8":"tablet-align-left","9":"mobile-align-left","11":"first","12":"instock","13":"shipping-taxable","14":"product-type-simple"},"acf":[],"yoast_head":"<!-- This site is optimized with the Yoast SEO plugin v25.0 - https:\/\/yoast.com\/wordpress\/plugins\/seo\/ -->\n<title>Mini uninterruptible power supply, Mini DC UPS, 18W 24W 36W, 5V 9V 12V<\/title>\n<meta name=\"description\" content=\"Mini DC UPS Backup Power Supply \u2013 8800mAh LiFePO4 | Multi-Voltage USB &amp; POE Output | Reliable Power for Network Devices\uff0cMini DC UPS wholesale\" \/>\n<meta name=\"robots\" content=\"index, follow, max-snippet:-1, max-image-preview:large, max-video-preview:-1\" \/>\n<link rel=\"canonical\" href=\"https:\/\/www.upspower-supply.com\/vi\/san-pham\/mini-uninterruptible-power-supply-mini-dc-ups-18w-24w-36w-5v-9v-12v\/\" \/>\n<meta property=\"og:locale\" content=\"vi_VN\" \/>\n<meta property=\"og:type\" content=\"article\" \/>\n<meta property=\"og:title\" content=\"Mini uninterruptible power supply, Mini DC UPS, 18W 24W 36W, 5V 9V 12V\" \/>\n<meta property=\"og:description\" content=\"Mini DC UPS Backup Power Supply \u2013 8800mAh LiFePO4 | Multi-Voltage USB &amp; POE Output | Reliable Power for Network Devices\uff0cMini DC UPS wholesale\" \/>\n<meta property=\"og:url\" content=\"https:\/\/www.upspower-supply.com\/vi\/san-pham\/mini-uninterruptible-power-supply-mini-dc-ups-18w-24w-36w-5v-9v-12v\/\" \/>\n<meta property=\"og:site_name\" content=\"UPS power supply\" \/>\n<meta property=\"article:modified_time\" content=\"2025-07-23T07:41:33+00:00\" \/>\n<meta property=\"og:image\" content=\"https:\/\/www.upspower-supply.com\/wp-content\/uploads\/2025\/07\/mini-uninterruptible-power-supply-1.jpeg\" \/>\n\t<meta property=\"og:image:width\" content=\"1861\" \/>\n\t<meta property=\"og:image:height\" content=\"1457\" \/>\n\t<meta property=\"og:image:type\" content=\"image\/jpeg\" \/>\n<meta name=\"twitter:card\" content=\"summary_large_image\" \/>\n<meta name=\"twitter:label1\" content=\"\u01af\u1edbc t\u00ednh th\u1eddi gian \u0111\u1ecdc\" \/>\n\t<meta name=\"twitter:data1\" content=\"2 ph\u00fat\" \/>\n<script type=\"application\/ld+json\" class=\"yoast-schema-graph\">{\"@context\":\"https:\/\/schema.org\",\"@graph\":[{\"@type\":\"WebPage\",\"@id\":\"https:\/\/www.upspower-supply.com\/product\/mini-uninterruptible-power-supply-mini-dc-ups-18w-24w-36w-5v-9v-12v\/\",\"url\":\"https:\/\/www.upspower-supply.com\/product\/mini-uninterruptible-power-supply-mini-dc-ups-18w-24w-36w-5v-9v-12v\/\",\"name\":\"Mini uninterruptible power supply, Mini DC UPS, 18W 24W 36W, 5V 9V 12V\",\"isPartOf\":{\"@id\":\"https:\/\/www.upspower-supply.com\/#website\"},\"primaryImageOfPage\":{\"@id\":\"https:\/\/www.upspower-supply.com\/product\/mini-uninterruptible-power-supply-mini-dc-ups-18w-24w-36w-5v-9v-12v\/#primaryimage\"},\"image\":{\"@id\":\"https:\/\/www.upspower-supply.com\/product\/mini-uninterruptible-power-supply-mini-dc-ups-18w-24w-36w-5v-9v-12v\/#primaryimage\"},\"thumbnailUrl\":\"https:\/\/www.upspower-supply.com\/wp-content\/uploads\/2025\/07\/mini-uninterruptible-power-supply-1.jpeg\",\"datePublished\":\"2025-07-23T07:20:53+00:00\",\"dateModified\":\"2025-07-23T07:41:33+00:00\",\"description\":\"Mini DC UPS Backup Power Supply \u2013 8800mAh LiFePO4 | Multi-Voltage USB & POE Output | Reliable Power for Network Devices\uff0cMini DC UPS wholesale\",\"breadcrumb\":{\"@id\":\"https:\/\/www.upspower-supply.com\/product\/mini-uninterruptible-power-supply-mini-dc-ups-18w-24w-36w-5v-9v-12v\/#breadcrumb\"},\"inLanguage\":\"vi\",\"potentialAction\":[{\"@type\":\"ReadAction\",\"target\":[\"https:\/\/www.upspower-supply.com\/product\/mini-uninterruptible-power-supply-mini-dc-ups-18w-24w-36w-5v-9v-12v\/\"]}]},{\"@type\":\"ImageObject\",\"inLanguage\":\"vi\",\"@id\":\"https:\/\/www.upspower-supply.com\/product\/mini-uninterruptible-power-supply-mini-dc-ups-18w-24w-36w-5v-9v-12v\/#primaryimage\",\"url\":\"https:\/\/www.upspower-supply.com\/wp-content\/uploads\/2025\/07\/mini-uninterruptible-power-supply-1.jpeg\",\"contentUrl\":\"https:\/\/www.upspower-supply.com\/wp-content\/uploads\/2025\/07\/mini-uninterruptible-power-supply-1.jpeg\",\"width\":1861,\"height\":1457,\"caption\":\"mini uninterruptible power supply\"},{\"@type\":\"BreadcrumbList\",\"@id\":\"https:\/\/www.upspower-supply.com\/product\/mini-uninterruptible-power-supply-mini-dc-ups-18w-24w-36w-5v-9v-12v\/#breadcrumb\",\"itemListElement\":[{\"@type\":\"ListItem\",\"position\":1,\"name\":\"Home\",\"item\":\"https:\/\/www.upspower-supply.com\/\"},{\"@type\":\"ListItem\",\"position\":2,\"name\":\"Shop\",\"item\":\"https:\/\/www.upspower-supply.com\/shop\/\"},{\"@type\":\"ListItem\",\"position\":3,\"name\":\"Mini uninterruptible power supply, Mini DC UPS, 18W 24W 36W, 5V 9V 12V\"}]},{\"@type\":\"WebSite\",\"@id\":\"https:\/\/www.upspower-supply.com\/#website\",\"url\":\"https:\/\/www.upspower-supply.com\/\",\"name\":\"UPS power supply\",\"description\":\"\",\"potentialAction\":[{\"@type\":\"SearchAction\",\"target\":{\"@type\":\"EntryPoint\",\"urlTemplate\":\"https:\/\/www.upspower-supply.com\/?s={search_term_string}\"},\"query-input\":{\"@type\":\"PropertyValueSpecification\",\"valueRequired\":true,\"valueName\":\"search_term_string\"}}],\"inLanguage\":\"vi\"}]}<\/script>\n<!-- \/ Yoast SEO plugin. -->","yoast_head_json":{"title":"Mini uninterruptible power supply, Mini DC UPS, 18W 24W 36W, 5V 9V 12V","description":"Mini DC UPS Backup Power Supply \u2013 8800mAh LiFePO4 | Multi-Voltage USB & POE Output | Reliable Power for Network Devices\uff0cMini DC UPS wholesale","robots":{"index":"index","follow":"follow","max-snippet":"max-snippet:-1","max-image-preview":"max-image-preview:large","max-video-preview":"max-video-preview:-1"},"canonical":"https:\/\/www.upspower-supply.com\/vi\/san-pham\/mini-uninterruptible-power-supply-mini-dc-ups-18w-24w-36w-5v-9v-12v\/","og_locale":"vi_VN","og_type":"article","og_title":"Mini uninterruptible power supply, Mini DC UPS, 18W 24W 36W, 5V 9V 12V","og_description":"Mini DC UPS Backup Power Supply \u2013 8800mAh LiFePO4 | Multi-Voltage USB & POE Output | Reliable Power for Network Devices\uff0cMini DC UPS wholesale","og_url":"https:\/\/www.upspower-supply.com\/vi\/san-pham\/mini-uninterruptible-power-supply-mini-dc-ups-18w-24w-36w-5v-9v-12v\/","og_site_name":"UPS power supply","article_modified_time":"2025-07-23T07:41:33+00:00","og_image":[{"width":1861,"height":1457,"url":"https:\/\/www.upspower-supply.com\/wp-content\/uploads\/2025\/07\/mini-uninterruptible-power-supply-1.jpeg","type":"image\/jpeg"}],"twitter_card":"summary_large_image","twitter_misc":{"\u01af\u1edbc t\u00ednh th\u1eddi gian \u0111\u1ecdc":"2 ph\u00fat"},"schema":{"@context":"https:\/\/schema.org","@graph":[{"@type":"WebPage","@id":"https:\/\/www.upspower-supply.com\/product\/mini-uninterruptible-power-supply-mini-dc-ups-18w-24w-36w-5v-9v-12v\/","url":"https:\/\/www.upspower-supply.com\/product\/mini-uninterruptible-power-supply-mini-dc-ups-18w-24w-36w-5v-9v-12v\/","name":"Mini uninterruptible power supply, Mini DC UPS, 18W 24W 36W, 5V 9V 12V","isPartOf":{"@id":"https:\/\/www.upspower-supply.com\/#website"},"primaryImageOfPage":{"@id":"https:\/\/www.upspower-supply.com\/product\/mini-uninterruptible-power-supply-mini-dc-ups-18w-24w-36w-5v-9v-12v\/#primaryimage"},"image":{"@id":"https:\/\/www.upspower-supply.com\/product\/mini-uninterruptible-power-supply-mini-dc-ups-18w-24w-36w-5v-9v-12v\/#primaryimage"},"thumbnailUrl":"https:\/\/www.upspower-supply.com\/wp-content\/uploads\/2025\/07\/mini-uninterruptible-power-supply-1.jpeg","datePublished":"2025-07-23T07:20:53+00:00","dateModified":"2025-07-23T07:41:33+00:00","description":"Mini DC UPS Backup Power Supply \u2013 8800mAh LiFePO4 | Multi-Voltage USB & POE Output | Reliable Power for Network Devices\uff0cMini DC UPS wholesale","breadcrumb":{"@id":"https:\/\/www.upspower-supply.com\/product\/mini-uninterruptible-power-supply-mini-dc-ups-18w-24w-36w-5v-9v-12v\/#breadcrumb"},"inLanguage":"vi","potentialAction":[{"@type":"ReadAction","target":["https:\/\/www.upspower-supply.com\/product\/mini-uninterruptible-power-supply-mini-dc-ups-18w-24w-36w-5v-9v-12v\/"]}]},{"@type":"ImageObject","inLanguage":"vi","@id":"https:\/\/www.upspower-supply.com\/product\/mini-uninterruptible-power-supply-mini-dc-ups-18w-24w-36w-5v-9v-12v\/#primaryimage","url":"https:\/\/www.upspower-supply.com\/wp-content\/uploads\/2025\/07\/mini-uninterruptible-power-supply-1.jpeg","contentUrl":"https:\/\/www.upspower-supply.com\/wp-content\/uploads\/2025\/07\/mini-uninterruptible-power-supply-1.jpeg","width":1861,"height":1457,"caption":"mini uninterruptible power supply"},{"@type":"BreadcrumbList","@id":"https:\/\/www.upspower-supply.com\/product\/mini-uninterruptible-power-supply-mini-dc-ups-18w-24w-36w-5v-9v-12v\/#breadcrumb","itemListElement":[{"@type":"ListItem","position":1,"name":"Home","item":"https:\/\/www.upspower-supply.com\/"},{"@type":"ListItem","position":2,"name":"Shop","item":"https:\/\/www.upspower-supply.com\/shop\/"},{"@type":"ListItem","position":3,"name":"Mini uninterruptible power supply, Mini DC UPS, 18W 24W 36W, 5V 9V 12V"}]},{"@type":"WebSite","@id":"https:\/\/www.upspower-supply.com\/#website","url":"https:\/\/www.upspower-supply.com\/","name":"UPS power supply","description":"","potentialAction":[{"@type":"SearchAction","target":{"@type":"EntryPoint","urlTemplate":"https:\/\/www.upspower-supply.com\/?s={search_term_string}"},"query-input":{"@type":"PropertyValueSpecification","valueRequired":true,"valueName":"search_term_string"}}],"inLanguage":"vi"}]}},"uagb_featured_image_src":{"full":["https:\/\/www.upspower-supply.com\/wp-content\/uploads\/2025\/07\/mini-uninterruptible-power-supply-1.jpeg",1861,1457,false],"thumbnail":["https:\/\/www.upspower-supply.com\/wp-content\/uploads\/2025\/07\/mini-uninterruptible-power-supply-1-150x150.jpeg",150,150,true],"medium":["https:\/\/www.upspower-supply.com\/wp-content\/uploads\/2025\/07\/mini-uninterruptible-power-supply-1-300x235.jpeg",300,235,true],"medium_large":["https:\/\/www.upspower-supply.com\/wp-content\/uploads\/2025\/07\/mini-uninterruptible-power-supply-1-768x601.jpeg",768,601,true],"large":["https:\/\/www.upspower-supply.com\/wp-content\/uploads\/2025\/07\/mini-uninterruptible-power-supply-1-1024x802.jpeg",1024,802,true],"1536x1536":["https:\/\/www.upspower-supply.com\/wp-content\/uploads\/2025\/07\/mini-uninterruptible-power-supply-1-1536x1203.jpeg",1536,1203,true],"2048x2048":["https:\/\/www.upspower-supply.com\/wp-content\/uploads\/2025\/07\/mini-uninterruptible-power-supply-1.jpeg",1861,1457,false],"trp-custom-language-flag":["https:\/\/www.upspower-supply.com\/wp-content\/uploads\/2025\/07\/mini-uninterruptible-power-supply-1-15x12.jpeg",15,12,true],"woocommerce_thumbnail":["https:\/\/www.upspower-supply.com\/wp-content\/uploads\/2025\/07\/mini-uninterruptible-power-supply-1-300x300.jpeg",300,300,true],"woocommerce_single":["https:\/\/www.upspower-supply.com\/wp-content\/uploads\/2025\/07\/mini-uninterruptible-power-supply-1-600x470.jpeg",600,470,true],"woocommerce_gallery_thumbnail":["https:\/\/www.upspower-supply.com\/wp-content\/uploads\/2025\/07\/mini-uninterruptible-power-supply-1-100x100.jpeg",100,100,true]},"uagb_author_info":{"display_name":"Tyne Tingey","author_link":"https:\/\/www.upspower-supply.com\/vi\/author\/"},"uagb_comment_info":0,"uagb_excerpt":"Mini DC UPS Backup Power Supply \u2013 8800mAh LiFePO4 Battery | 5V\/9V\/12V USB &amp; POE Output | 18W \/ 24W \/ 36W Support | Uninterruptible Power for WiFi Routers, Modems, Cameras","_links":{"self":[{"href":"https:\/\/www.upspower-supply.com\/vi\/wp-json\/wp\/v2\/product\/1617","targetHints":{"allow":["GET"]}}],"collection":[{"href":"https:\/\/www.upspower-supply.com\/vi\/wp-json\/wp\/v2\/product"}],"about":[{"href":"https:\/\/www.upspower-supply.com\/vi\/wp-json\/wp\/v2\/types\/product"}],"replies":[{"embeddable":true,"href":"https:\/\/www.upspower-supply.com\/vi\/wp-json\/wp\/v2\/comments?post=1617"}],"wp:featuredmedia":[{"embeddable":true,"href":"https:\/\/www.upspower-supply.com\/vi\/wp-json\/wp\/v2\/media\/1620"}],"wp:attachment":[{"href":"https:\/\/www.upspower-supply.com\/vi\/wp-json\/wp\/v2\/media?parent=1617"}],"wp:term":[{"taxonomy":"product_brand","embeddable":true,"href":"https:\/\/www.upspower-supply.com\/vi\/wp-json\/wp\/v2\/product_brand?post=1617"},{"taxonomy":"product_cat","embeddable":true,"href":"https:\/\/www.upspower-supply.com\/vi\/wp-json\/wp\/v2\/product_cat?post=1617"},{"taxonomy":"product_tag","embeddable":true,"href":"https:\/\/www.upspower-supply.com\/vi\/wp-json\/wp\/v2\/product_tag?post=1617"}],"curies":[{"name":"wp","href":"https:\/\/api.w.org\/{rel}","templated":true}]}}