{"id":1570,"date":"2025-07-14T08:34:15","date_gmt":"2025-07-14T08:34:15","guid":{"rendered":"https:\/\/www.upspower-supply.com\/?post_type=product&#038;p=1570"},"modified":"2026-03-31T08:50:32","modified_gmt":"2026-03-31T08:50:32","slug":"ups-19-inch-rack-rack-mount-ups-power-online-ups","status":"publish","type":"product","link":"https:\/\/www.upspower-supply.com\/vi\/san-pham\/ups-19-inch-rack-rack-mount-ups-power-online-ups\/","title":{"rendered":"UPS 19 inch rack, b\u1ed9 l\u01b0u \u0111i\u1ec7n UPS g\u1eafn rack, UPS tr\u1ef1c tuy\u1ebfn"},"content":{"rendered":"<div class=\"overflow-x-auto\">\n<table class=\"min-w-full border border-gray-300 text-sm text-left\">\n<thead class=\"bg-gray-100 font-semibold\">\n<tr>\n<th class=\"border px-4 py-2\">Tham s\u1ed1<\/th>\n<th class=\"border px-4 py-2\">\u0110\u1eb7c \u0111i\u1ec3m k\u1ef9 thu\u1eadt<\/th>\n<\/tr>\n<\/thead>\n<tbody>\n<tr>\n<td class=\"border px-4 py-2\">T\u00ean s\u1ea3n ph\u1ea9m<\/td>\n<td class=\"border px-4 py-2\">B\u1ed9 l\u01b0u \u0111i\u1ec7n tr\u1ef1c tuy\u1ebfn g\u1eafn t\u1ee7 rack t\u1ea7n s\u1ed1 cao 3KVA<\/td>\n<\/tr>\n<tr>\n<td class=\"border px-4 py-2\">Ng\u01b0\u1eddi m\u1eabu<\/td>\n<td class=\"border px-4 py-2\">PRM1103<\/td>\n<\/tr>\n<tr>\n<td class=\"border px-4 py-2\">C\u00f4ng su\u1ea5t \u0111i\u1ec7n<\/td>\n<td class=\"border px-4 py-2\">3KVA \/ 3KW<\/td>\n<\/tr>\n<tr>\n<td class=\"border px-4 py-2\">\u0110i\u1ec7n \u00e1p pin<\/td>\n<td class=\"border px-4 py-2\">96VDC<\/td>\n<\/tr>\n<tr>\n<td class=\"border px-4 py-2\">H\u1ec7 s\u1ed1 c\u00f4ng su\u1ea5t<\/td>\n<td class=\"border px-4 py-2\">1.0<\/td>\n<\/tr>\n<tr>\n<td class=\"border px-4 py-2\">K\u00edch th\u01b0\u1edbc (S x R x C mm)<\/td>\n<td class=\"border px-4 py-2\">440 x 420 x 88<\/td>\n<\/tr>\n<tr>\n<td class=\"border px-4 py-2\">C\u00e2n n\u1eb7ng<\/td>\n<td class=\"border px-4 py-2\">7 kg<\/td>\n<\/tr>\n<tr class=\"bg-gray-100 font-semibold\">\n<td class=\"border px-4 py-2\" colspan=\"2\">\u0110\u1ea6U V\u00c0O<\/td>\n<\/tr>\n<tr>\n<td class=\"border px-4 py-2\">\u0110\u1ecbnh d\u1ea1ng \u0111\u1ea7u v\u00e0o<\/td>\n<td class=\"border px-4 py-2\">L + N + PE<\/td>\n<\/tr>\n<tr>\n<td class=\"border px-4 py-2\">\u0110i\u1ec7n \u00e1p \u0111\u1ecbnh m\u1ee9c<\/td>\n<td class=\"border px-4 py-2\">208\/220\/230\/240VAC<\/td>\n<\/tr>\n<tr>\n<td class=\"border px-4 py-2\">Ph\u1ea1m vi \u0111i\u1ec7n \u00e1p<\/td>\n<td class=\"border px-4 py-2\">110V\u2013300VAC<\/td>\n<\/tr>\n<tr>\n<td class=\"border px-4 py-2\">D\u1ea3i t\u1ea7n s\u1ed1<\/td>\n<td class=\"border px-4 py-2\">50\/60\u00b16Hz (c\u00f3 th\u1ec3 c\u00e0i \u0111\u1eb7t \u00b110Hz)<\/td>\n<\/tr>\n<tr>\n<td class=\"border px-4 py-2\">H\u1ec7 s\u1ed1 c\u00f4ng su\u1ea5t<\/td>\n<td class=\"border px-4 py-2\">\u22650,99<\/td>\n<\/tr>\n<tr>\n<td class=\"border px-4 py-2\">THDi<\/td>\n<td class=\"border px-4 py-2\">\u22643% (Tuy\u1ebfn t\u00ednh), \u22645% (Phi tuy\u1ebfn t\u00ednh)<\/td>\n<\/tr>\n<tr class=\"bg-gray-100 font-semibold\">\n<td class=\"border px-4 py-2\" colspan=\"2\">\u0110\u1ea6U RA<\/td>\n<\/tr>\n<tr>\n<td class=\"border px-4 py-2\">\u0110\u1ecbnh d\u1ea1ng \u0111\u1ea7u ra<\/td>\n<td class=\"border px-4 py-2\">L + N + PE<\/td>\n<\/tr>\n<tr>\n<td class=\"border px-4 py-2\">\u0110i\u1ec7n \u00e1p \u0111\u1ecbnh m\u1ee9c<\/td>\n<td class=\"border px-4 py-2\">208\/220\/230\/240VAC<\/td>\n<\/tr>\n<tr>\n<td class=\"border px-4 py-2\">\u0110i\u1ec1u ch\u1ec9nh \u0111i\u1ec7n \u00e1p<\/td>\n<td class=\"border px-4 py-2\">\u00b1 1%<\/td>\n<\/tr>\n<tr>\n<td class=\"border px-4 py-2\">T\u1ea7n s\u1ed1 (Ch\u1ebf \u0111\u1ed9 pin)<\/td>\n<td class=\"border px-4 py-2\">50\/60Hz \u00b1 1%<\/td>\n<\/tr>\n<tr>\n<td class=\"border px-4 py-2\">THDu<\/td>\n<td class=\"border px-4 py-2\">\u22641% (Tuy\u1ebfn t\u00ednh), \u22643% (Phi tuy\u1ebfn t\u00ednh)<\/td>\n<\/tr>\n<tr>\n<td class=\"border px-4 py-2\">H\u1ec7 s\u1ed1 c\u00f4ng su\u1ea5t<\/td>\n<td class=\"border px-4 py-2\">1.0<\/td>\n<\/tr>\n<tr>\n<td class=\"border px-4 py-2\">Kh\u1ea3 n\u0103ng qu\u00e1 t\u1ea3i<\/td>\n<td class=\"border px-4 py-2\">Nhi\u1ec1u gi\u1edbi h\u1ea1n th\u1eddi gian kh\u00e1c nhau t\u00f9y thu\u1ed9c v\u00e0o t\u1ea3i %<\/td>\n<\/tr>\n<tr>\n<td class=\"border px-4 py-2\">D\u1ea1ng s\u00f3ng<\/td>\n<td class=\"border px-4 py-2\">S\u00f3ng sin chu\u1ea9n<\/td>\n<\/tr>\n<tr class=\"bg-gray-100 font-semibold\">\n<td class=\"border px-4 py-2\" colspan=\"2\">TH\u1edcI GIAN CHUY\u1ec2N GIAO<\/td>\n<\/tr>\n<tr>\n<td class=\"border px-4 py-2\">AC sang Pin<\/td>\n<td class=\"border px-4 py-2\">0 gi\u00e2y<\/td>\n<\/tr>\n<tr>\n<td class=\"border px-4 py-2\">Bi\u1ebfn t\u1ea7n \u0111\u1ec3 b\u1ecf qua<\/td>\n<td class=\"border px-4 py-2\">4 ms<\/td>\n<\/tr>\n<tr class=\"bg-gray-100 font-semibold\">\n<td class=\"border px-4 py-2\" colspan=\"2\">HI\u1ec6U QU\u1ea2<\/td>\n<\/tr>\n<tr>\n<td class=\"border px-4 py-2\">Ch\u1ebf \u0111\u1ed9 AC<\/td>\n<td class=\"border px-4 py-2\">95,5% \u1edf 220VAC<\/td>\n<\/tr>\n<tr>\n<td class=\"border px-4 py-2\">Ch\u1ebf \u0111\u1ed9 pin<\/td>\n<td class=\"border px-4 py-2\">91.5%<\/td>\n<\/tr>\n<tr class=\"bg-gray-100 font-semibold\">\n<td class=\"border px-4 py-2\" colspan=\"2\">\u1eaeC QUY<\/td>\n<\/tr>\n<tr>\n<td class=\"border px-4 py-2\">Lo\u1ea1i pin<\/td>\n<td class=\"border px-4 py-2\">T\u00f9y thu\u1ed9c v\u00e0o \u1ee9ng d\u1ee5ng<\/td>\n<\/tr>\n<tr>\n<td class=\"border px-4 py-2\">S\u1ed1 l\u01b0\u1ee3ng pin<\/td>\n<td class=\"border px-4 py-2\">8<\/td>\n<\/tr>\n<tr>\n<td class=\"border px-4 py-2\">D\u00f2ng \u0111i\u1ec7n s\u1ea1c<\/td>\n<td class=\"border px-4 py-2\">5A (m\u1eb7c \u0111\u1ecbnh), c\u00f3 th\u1ec3 \u0111i\u1ec1u ch\u1ec9nh 1\u201312A<\/td>\n<\/tr>\n<tr>\n<td class=\"border px-4 py-2\">Ch\u1ebf \u0111\u1ed9 s\u1ea1c<\/td>\n<td class=\"border px-4 py-2\">Hai giai \u0111o\u1ea1n \/ Ba giai \u0111o\u1ea1n<\/td>\n<\/tr>\n<tr class=\"bg-gray-100 font-semibold\">\n<td class=\"border px-4 py-2\" colspan=\"2\">TR\u01afNG B\u00c0Y<\/td>\n<\/tr>\n<tr>\n<td class=\"border px-4 py-2\">M\u00e0n h\u00ecnh LCD<\/td>\n<td class=\"border px-4 py-2\">Ch\u1ebf \u0111\u1ed9 l\u00e0m vi\u1ec7c, t\u1ea3i, \u0111\u1ea7u v\u00e0o, \u0111\u1ea7u ra<\/td>\n<\/tr>\n<tr class=\"bg-gray-100 font-semibold\">\n<td class=\"border px-4 py-2\" colspan=\"2\">M\u00d4I TR\u01af\u1edcNG<\/td>\n<\/tr>\n<tr>\n<td class=\"border px-4 py-2\">Nhi\u1ec7t \u0111\u1ed9 ho\u1ea1t \u0111\u1ed9ng<\/td>\n<td class=\"border px-4 py-2\">0\u201340\u2103<\/td>\n<\/tr>\n<tr>\n<td class=\"border px-4 py-2\">Nhi\u1ec7t \u0111\u1ed9 l\u01b0u tr\u1eef<\/td>\n<td class=\"border px-4 py-2\">-15\u201360\u2103 (Pin: 0\u201340\u2103)<\/td>\n<\/tr>\n<tr>\n<td class=\"border px-4 py-2\">\u0110\u1ed9 \u1ea9m<\/td>\n<td class=\"border px-4 py-2\">20\u201395% RH (kh\u00f4ng ng\u01b0ng t\u1ee5)<\/td>\n<\/tr>\n<tr>\n<td class=\"border px-4 py-2\">\u0110\u1ed9 cao<\/td>\n<td class=\"border px-4 py-2\">\u22641000m<\/td>\n<\/tr>\n<tr>\n<td class=\"border px-4 py-2\">Ti\u1ebfng \u1ed3n<\/td>\n<td class=\"border px-4 py-2\">&lt; 45 dB \u1edf 1m<\/td>\n<\/tr>\n<tr class=\"bg-gray-100 font-semibold\">\n<td class=\"border px-4 py-2\" colspan=\"2\">S\u1ef0 QU\u1ea2N L\u00dd<\/td>\n<\/tr>\n<tr>\n<td class=\"border px-4 py-2\">RS232 \/ USB<\/td>\n<td class=\"border px-4 py-2\">H\u1ed7 tr\u1ee3 Windows \/ Linux \/ Mac<\/td>\n<\/tr>\n<tr>\n<td class=\"border px-4 py-2\">SNMP (T\u00f9y ch\u1ecdn)<\/td>\n<td class=\"border px-4 py-2\">Gi\u00e1m s\u00e1t ngu\u1ed3n \u0111i\u1ec7n t\u1eeb xa th\u00f4ng qua tr\u00ecnh qu\u1ea3n l\u00fd web ho\u1eb7c SNMP<\/td>\n<\/tr>\n<\/tbody>\n<\/table>\n<p><img loading=\"lazy\" decoding=\"async\" class=\"alignnone wp-image-1577 size-full\" src=\"https:\/\/www.upspower-supply.com\/wp-content\/uploads\/2025\/07\/ups-19-inch-rack-rack-mount-ups-power-detail.jpg\" alt=\"Chi ti\u1ebft v\u1ec1 b\u1ed9 l\u01b0u \u0111i\u1ec7n rack 19 inch\" width=\"750\" height=\"1247\" srcset=\"https:\/\/www.upspower-supply.com\/wp-content\/uploads\/2025\/07\/ups-19-inch-rack-rack-mount-ups-power-detail.jpg 750w, https:\/\/www.upspower-supply.com\/wp-content\/uploads\/2025\/07\/ups-19-inch-rack-rack-mount-ups-power-detail-180x300.jpg 180w, https:\/\/www.upspower-supply.com\/wp-content\/uploads\/2025\/07\/ups-19-inch-rack-rack-mount-ups-power-detail-616x1024.jpg 616w, https:\/\/www.upspower-supply.com\/wp-content\/uploads\/2025\/07\/ups-19-inch-rack-rack-mount-ups-power-detail-7x12.jpg 7w, https:\/\/www.upspower-supply.com\/wp-content\/uploads\/2025\/07\/ups-19-inch-rack-rack-mount-ups-power-detail-600x998.jpg 600w\" sizes=\"auto, (max-width: 750px) 100vw, 750px\" \/><\/p>\n<\/div>","protected":false},"excerpt":{"rendered":"<p>B\u1ed9 l\u01b0u \u0111i\u1ec7n UPS g\u1eafn t\u1ee7 rack 19 inch nh\u1ecf g\u1ecdn, b\u1ea3o v\u1ec7 ngu\u1ed3n \u0111i\u1ec7n \u0111\u00e1ng tin c\u1eady trong ph\u00f2ng m\u00e1y ch\u1ee7 v\u00e0 trung t\u00e2m d\u1eef li\u1ec7u. L\u00fd t\u01b0\u1edfng cho thi\u1ebft b\u1ecb m\u1ea1ng, cung c\u1ea5p kh\u1ea3 n\u0103ng sao l\u01b0u \u1ed5n \u0111\u1ecbnh, hi\u1ec7u su\u1ea5t cao v\u00e0 d\u1ec5 d\u00e0ng t\u00edch h\u1ee3p v\u00e0o t\u1ee7 rack ti\u00eau chu\u1ea9n.<\/p>\n<div class=\"text-sm text-gray-700\">\n<h3 class=\"text-base font-semibold mb-2\">C\u00e1c t\u00ednh n\u0103ng ch\u00ednh<\/h3>\n<ul class=\"list-disc pl-5 space-y-1\">\n<li>C\u00f4ng ngh\u1ec7 chuy\u1ec3n \u0111\u1ed5i k\u00e9p th\u1ef1c s\u1ef1 cho kh\u1ea3 n\u0103ng b\u1ea3o v\u1ec7 li\u00ean t\u1ee5c<\/li>\n<li>B\u1ed9 vi x\u1eed l\u00fd v\u00e0 \u0111i\u1ec1u khi\u1ec3n DSP \u0111\u1ea3m b\u1ea3o \u0111\u1ed9 tin c\u1eady v\u00e0 hi\u1ec7u su\u1ea5t h\u1ec7 th\u1ed1ng cao<\/li>\n<li>H\u1ec7 s\u1ed1 c\u00f4ng su\u1ea5t \u0111\u1ea7u v\u00e0o t\u00edch h\u1ee3p (PFC)<\/li>\n<li>Cung c\u1ea5p h\u1ec7 s\u1ed1 c\u00f4ng su\u1ea5t \u0111\u1ea7u ra \u0111\u1ea7y \u0111\u1ee7 l\u00e0 1.0<\/li>\n<li>D\u1ea3i \u0111i\u1ec7n \u00e1p \u0111\u1ea7u v\u00e0o r\u1ed9ng: 110V\u2013300V AC<\/li>\n<li>Hi\u1ec7u su\u1ea5t cao l\u00ean \u0111\u1ebfn 95,5% \u1edf ch\u1ebf \u0111\u1ed9 tr\u1ef1c tuy\u1ebfn<\/li>\n<li>H\u1ed7 tr\u1ee3 ch\u1ebf \u0111\u1ed9 chuy\u1ec3n \u0111\u1ed5i t\u1ea7n s\u1ed1 50Hz\/60Hz<\/li>\n<li>Ch\u1ebf \u0111\u1ed9 ECO c\u00f3 s\u1eb5n \u0111\u1ec3 ti\u1ebft ki\u1ec7m n\u0103ng l\u01b0\u1ee3ng<\/li>\n<li>T\u1eaft ngu\u1ed3n kh\u1ea9n c\u1ea5p (EPO) \u0111\u1ec3 tu\u00e2n th\u1ee7 an to\u00e0n<\/li>\n<li>M\u00e0n h\u00ecnh LCD \u0111\u1ed3 h\u1ecda ti\u00ean ti\u1ebfn v\u1edbi giao di\u1ec7n \u0111a ng\u00f4n ng\u1eef<\/li>\n<li>C\u00f3 th\u1ec3 c\u1ea5u h\u00ecnh s\u1ed1 l\u01b0\u1ee3ng pin v\u00e0 d\u00f2ng s\u1ea1c<\/li>\n<li>H\u1ed7 tr\u1ee3 ch\u1ebf \u0111\u1ed9 s\u1ea1c hai giai \u0111o\u1ea1n v\u00e0 ba giai \u0111o\u1ea1n<\/li>\n<li>D\u00f2ng s\u1ea1c c\u00f3 th\u1ec3 m\u1edf r\u1ed9ng l\u00ean \u0111\u1ebfn 12A (d\u00e0nh cho c\u00e1c m\u1eabu ch\u1ea1y d\u00e0i)<\/li>\n<li>C\u00e0i \u0111\u1eb7t \u0111i\u1ec7n \u00e1p \u0111\u1ea7u ra c\u00f3 th\u1ec3 l\u1eadp tr\u00ecnh<\/li>\n<li>Ch\u1ee9c n\u0103ng kh\u1edfi \u0111\u1ed9ng ngu\u1ed9i t\u1eeb pin<\/li>\n<li>C\u00f4ng ngh\u1ec7 s\u1ea1c th\u00f4ng minh k\u00e9o d\u00e0i tu\u1ed5i th\u1ecd pin<\/li>\n<li>T\u01b0\u01a1ng th\u00edch v\u1edbi \u0111\u1ea7u v\u00e0o m\u00e1y ph\u00e1t \u0111i\u1ec7n<\/li>\n<li>Khe c\u1eafm SNMP \u0111\u1ec3 gi\u00e1m s\u00e1t t\u1eeb xa v\u00e0 qu\u1ea3n l\u00fd m\u1ea1ng<\/li>\n<\/ul>\n<\/div>","protected":false},"featured_media":1574,"comment_status":"open","ping_status":"closed","template":"","meta":{"_acf_changed":false,"_uag_custom_page_level_css":"","site-sidebar-layout":"default","site-content-layout":"","ast-site-content-layout":"default","site-content-style":"default","site-sidebar-style":"default","ast-global-header-display":"","ast-banner-title-visibility":"","ast-main-header-display":"","ast-hfb-above-header-display":"","ast-hfb-below-header-display":"","ast-hfb-mobile-header-display":"","site-post-title":"","ast-breadcrumbs-content":"","ast-featured-img":"","footer-sml-layout":"","theme-transparent-header-meta":"default","adv-header-id-meta":"","stick-header-meta":"","header-above-stick-meta":"","header-main-stick-meta":"","header-below-stick-meta":"","astra-migrate-meta-layouts":"set","ast-page-background-enabled":"default","ast-page-background-meta":{"desktop":{"background-color":"var(--ast-global-color-4)","background-image":"","background-repeat":"repeat","background-position":"center center","background-size":"auto","background-attachment":"scroll","background-type":"","background-media":"","overlay-type":"","overlay-color":"","overlay-opacity":"","overlay-gradient":""},"tablet":{"background-color":"","background-image":"","background-repeat":"repeat","background-position":"center center","background-size":"auto","background-attachment":"scroll","background-type":"","background-media":"","overlay-type":"","overlay-color":"","overlay-opacity":"","overlay-gradient":""},"mobile":{"background-color":"","background-image":"","background-repeat":"repeat","background-position":"center center","background-size":"auto","background-attachment":"scroll","background-type":"","background-media":"","overlay-type":"","overlay-color":"","overlay-opacity":"","overlay-gradient":""}},"ast-content-background-meta":{"desktop":{"background-color":"var(--ast-global-color-5)","background-image":"","background-repeat":"repeat","background-position":"center center","background-size":"auto","background-attachment":"scroll","background-type":"","background-media":"","overlay-type":"","overlay-color":"","overlay-opacity":"","overlay-gradient":""},"tablet":{"background-color":"var(--ast-global-color-5)","background-image":"","background-repeat":"repeat","background-position":"center center","background-size":"auto","background-attachment":"scroll","background-type":"","background-media":"","overlay-type":"","overlay-color":"","overlay-opacity":"","overlay-gradient":""},"mobile":{"background-color":"var(--ast-global-color-5)","background-image":"","background-repeat":"repeat","background-position":"center center","background-size":"auto","background-attachment":"scroll","background-type":"","background-media":"","overlay-type":"","overlay-color":"","overlay-opacity":"","overlay-gradient":""}}},"product_brand":[],"product_cat":[45],"product_tag":[],"class_list":{"0":"post-1570","1":"product","2":"type-product","3":"status-publish","4":"has-post-thumbnail","6":"product_cat-rack-mount-ups","7":"desktop-align-left","8":"tablet-align-left","9":"mobile-align-left","11":"first","12":"instock","13":"shipping-taxable","14":"product-type-simple"},"acf":[],"yoast_head":"<!-- This site is optimized with the Yoast SEO plugin v25.0 - https:\/\/yoast.com\/wordpress\/plugins\/seo\/ -->\n<title>UPS 19 inch rack, rack mount ups power, Online UPS - UPS power supply<\/title>\n<meta name=\"description\" content=\"Compact 19-inch rack-mount UPS for reliable power protection in server rooms and data centers. Ideal for network equipment, offering stable backup, high efficiency, and easy integration into standard racks.\" \/>\n<meta name=\"robots\" content=\"index, follow, max-snippet:-1, max-image-preview:large, max-video-preview:-1\" \/>\n<link rel=\"canonical\" href=\"https:\/\/www.upspower-supply.com\/vi\/san-pham\/ups-19-inch-rack-rack-mount-ups-power-online-ups\/\" \/>\n<meta property=\"og:locale\" content=\"vi_VN\" \/>\n<meta property=\"og:type\" content=\"article\" \/>\n<meta property=\"og:title\" content=\"UPS 19 inch rack, rack mount ups power, Online UPS - UPS power supply\" \/>\n<meta property=\"og:description\" content=\"Compact 19-inch rack-mount UPS for reliable power protection in server rooms and data centers. Ideal for network equipment, offering stable backup, high efficiency, and easy integration into standard racks.\" \/>\n<meta property=\"og:url\" content=\"https:\/\/www.upspower-supply.com\/vi\/san-pham\/ups-19-inch-rack-rack-mount-ups-power-online-ups\/\" \/>\n<meta property=\"og:site_name\" content=\"UPS power supply\" \/>\n<meta property=\"article:modified_time\" content=\"2026-03-31T08:50:32+00:00\" \/>\n<meta property=\"og:image\" content=\"https:\/\/www.upspower-supply.com\/wp-content\/uploads\/2025\/07\/ups-19-inch-rack-rack-mount-ups-power-2.jpg\" \/>\n\t<meta property=\"og:image:width\" content=\"800\" \/>\n\t<meta property=\"og:image:height\" content=\"800\" \/>\n\t<meta property=\"og:image:type\" content=\"image\/jpeg\" \/>\n<meta name=\"twitter:card\" content=\"summary_large_image\" \/>\n<meta name=\"twitter:label1\" content=\"\u01af\u1edbc t\u00ednh th\u1eddi gian \u0111\u1ecdc\" \/>\n\t<meta name=\"twitter:data1\" content=\"2 ph\u00fat\" \/>\n<script type=\"application\/ld+json\" class=\"yoast-schema-graph\">{\"@context\":\"https:\/\/schema.org\",\"@graph\":[{\"@type\":\"WebPage\",\"@id\":\"https:\/\/www.upspower-supply.com\/product\/ups-19-inch-rack-rack-mount-ups-power-online-ups\/\",\"url\":\"https:\/\/www.upspower-supply.com\/product\/ups-19-inch-rack-rack-mount-ups-power-online-ups\/\",\"name\":\"UPS 19 inch rack, rack mount ups power, Online UPS - UPS power supply\",\"isPartOf\":{\"@id\":\"https:\/\/www.upspower-supply.com\/#website\"},\"primaryImageOfPage\":{\"@id\":\"https:\/\/www.upspower-supply.com\/product\/ups-19-inch-rack-rack-mount-ups-power-online-ups\/#primaryimage\"},\"image\":{\"@id\":\"https:\/\/www.upspower-supply.com\/product\/ups-19-inch-rack-rack-mount-ups-power-online-ups\/#primaryimage\"},\"thumbnailUrl\":\"https:\/\/www.upspower-supply.com\/wp-content\/uploads\/2025\/07\/ups-19-inch-rack-rack-mount-ups-power-2.jpg\",\"datePublished\":\"2025-07-14T08:34:15+00:00\",\"dateModified\":\"2026-03-31T08:50:32+00:00\",\"description\":\"Compact 19-inch rack-mount UPS for reliable power protection in server rooms and data centers. Ideal for network equipment, offering stable backup, high efficiency, and easy integration into standard racks.\",\"breadcrumb\":{\"@id\":\"https:\/\/www.upspower-supply.com\/product\/ups-19-inch-rack-rack-mount-ups-power-online-ups\/#breadcrumb\"},\"inLanguage\":\"vi\",\"potentialAction\":[{\"@type\":\"ReadAction\",\"target\":[\"https:\/\/www.upspower-supply.com\/product\/ups-19-inch-rack-rack-mount-ups-power-online-ups\/\"]}]},{\"@type\":\"ImageObject\",\"inLanguage\":\"vi\",\"@id\":\"https:\/\/www.upspower-supply.com\/product\/ups-19-inch-rack-rack-mount-ups-power-online-ups\/#primaryimage\",\"url\":\"https:\/\/www.upspower-supply.com\/wp-content\/uploads\/2025\/07\/ups-19-inch-rack-rack-mount-ups-power-2.jpg\",\"contentUrl\":\"https:\/\/www.upspower-supply.com\/wp-content\/uploads\/2025\/07\/ups-19-inch-rack-rack-mount-ups-power-2.jpg\",\"width\":800,\"height\":800,\"caption\":\"rack mount ups power\"},{\"@type\":\"BreadcrumbList\",\"@id\":\"https:\/\/www.upspower-supply.com\/product\/ups-19-inch-rack-rack-mount-ups-power-online-ups\/#breadcrumb\",\"itemListElement\":[{\"@type\":\"ListItem\",\"position\":1,\"name\":\"Home\",\"item\":\"https:\/\/www.upspower-supply.com\/\"},{\"@type\":\"ListItem\",\"position\":2,\"name\":\"Shop\",\"item\":\"https:\/\/www.upspower-supply.com\/shop\/\"},{\"@type\":\"ListItem\",\"position\":3,\"name\":\"UPS 19 inch rack, rack mount ups power, Online UPS\"}]},{\"@type\":\"WebSite\",\"@id\":\"https:\/\/www.upspower-supply.com\/#website\",\"url\":\"https:\/\/www.upspower-supply.com\/\",\"name\":\"UPS power supply\",\"description\":\"\",\"potentialAction\":[{\"@type\":\"SearchAction\",\"target\":{\"@type\":\"EntryPoint\",\"urlTemplate\":\"https:\/\/www.upspower-supply.com\/?s={search_term_string}\"},\"query-input\":{\"@type\":\"PropertyValueSpecification\",\"valueRequired\":true,\"valueName\":\"search_term_string\"}}],\"inLanguage\":\"vi\"}]}<\/script>\n<!-- \/ Yoast SEO plugin. -->","yoast_head_json":{"title":"UPS 19 inch rack, rack mount ups power, Online UPS - UPS power supply","description":"Compact 19-inch rack-mount UPS for reliable power protection in server rooms and data centers. Ideal for network equipment, offering stable backup, high efficiency, and easy integration into standard racks.","robots":{"index":"index","follow":"follow","max-snippet":"max-snippet:-1","max-image-preview":"max-image-preview:large","max-video-preview":"max-video-preview:-1"},"canonical":"https:\/\/www.upspower-supply.com\/vi\/san-pham\/ups-19-inch-rack-rack-mount-ups-power-online-ups\/","og_locale":"vi_VN","og_type":"article","og_title":"UPS 19 inch rack, rack mount ups power, Online UPS - UPS power supply","og_description":"Compact 19-inch rack-mount UPS for reliable power protection in server rooms and data centers. Ideal for network equipment, offering stable backup, high efficiency, and easy integration into standard racks.","og_url":"https:\/\/www.upspower-supply.com\/vi\/san-pham\/ups-19-inch-rack-rack-mount-ups-power-online-ups\/","og_site_name":"UPS power supply","article_modified_time":"2026-03-31T08:50:32+00:00","og_image":[{"width":800,"height":800,"url":"https:\/\/www.upspower-supply.com\/wp-content\/uploads\/2025\/07\/ups-19-inch-rack-rack-mount-ups-power-2.jpg","type":"image\/jpeg"}],"twitter_card":"summary_large_image","twitter_misc":{"\u01af\u1edbc t\u00ednh th\u1eddi gian \u0111\u1ecdc":"2 ph\u00fat"},"schema":{"@context":"https:\/\/schema.org","@graph":[{"@type":"WebPage","@id":"https:\/\/www.upspower-supply.com\/product\/ups-19-inch-rack-rack-mount-ups-power-online-ups\/","url":"https:\/\/www.upspower-supply.com\/product\/ups-19-inch-rack-rack-mount-ups-power-online-ups\/","name":"UPS 19 inch rack, rack mount ups power, Online UPS - UPS power supply","isPartOf":{"@id":"https:\/\/www.upspower-supply.com\/#website"},"primaryImageOfPage":{"@id":"https:\/\/www.upspower-supply.com\/product\/ups-19-inch-rack-rack-mount-ups-power-online-ups\/#primaryimage"},"image":{"@id":"https:\/\/www.upspower-supply.com\/product\/ups-19-inch-rack-rack-mount-ups-power-online-ups\/#primaryimage"},"thumbnailUrl":"https:\/\/www.upspower-supply.com\/wp-content\/uploads\/2025\/07\/ups-19-inch-rack-rack-mount-ups-power-2.jpg","datePublished":"2025-07-14T08:34:15+00:00","dateModified":"2026-03-31T08:50:32+00:00","description":"Compact 19-inch rack-mount UPS for reliable power protection in server rooms and data centers. Ideal for network equipment, offering stable backup, high efficiency, and easy integration into standard racks.","breadcrumb":{"@id":"https:\/\/www.upspower-supply.com\/product\/ups-19-inch-rack-rack-mount-ups-power-online-ups\/#breadcrumb"},"inLanguage":"vi","potentialAction":[{"@type":"ReadAction","target":["https:\/\/www.upspower-supply.com\/product\/ups-19-inch-rack-rack-mount-ups-power-online-ups\/"]}]},{"@type":"ImageObject","inLanguage":"vi","@id":"https:\/\/www.upspower-supply.com\/product\/ups-19-inch-rack-rack-mount-ups-power-online-ups\/#primaryimage","url":"https:\/\/www.upspower-supply.com\/wp-content\/uploads\/2025\/07\/ups-19-inch-rack-rack-mount-ups-power-2.jpg","contentUrl":"https:\/\/www.upspower-supply.com\/wp-content\/uploads\/2025\/07\/ups-19-inch-rack-rack-mount-ups-power-2.jpg","width":800,"height":800,"caption":"rack mount ups power"},{"@type":"BreadcrumbList","@id":"https:\/\/www.upspower-supply.com\/product\/ups-19-inch-rack-rack-mount-ups-power-online-ups\/#breadcrumb","itemListElement":[{"@type":"ListItem","position":1,"name":"Home","item":"https:\/\/www.upspower-supply.com\/"},{"@type":"ListItem","position":2,"name":"Shop","item":"https:\/\/www.upspower-supply.com\/shop\/"},{"@type":"ListItem","position":3,"name":"UPS 19 inch rack, rack mount ups power, Online UPS"}]},{"@type":"WebSite","@id":"https:\/\/www.upspower-supply.com\/#website","url":"https:\/\/www.upspower-supply.com\/","name":"UPS power supply","description":"","potentialAction":[{"@type":"SearchAction","target":{"@type":"EntryPoint","urlTemplate":"https:\/\/www.upspower-supply.com\/?s={search_term_string}"},"query-input":{"@type":"PropertyValueSpecification","valueRequired":true,"valueName":"search_term_string"}}],"inLanguage":"vi"}]}},"uagb_featured_image_src":{"full":["https:\/\/www.upspower-supply.com\/wp-content\/uploads\/2025\/07\/ups-19-inch-rack-rack-mount-ups-power-2.jpg",800,800,false],"thumbnail":["https:\/\/www.upspower-supply.com\/wp-content\/uploads\/2025\/07\/ups-19-inch-rack-rack-mount-ups-power-2-150x150.jpg",150,150,true],"medium":["https:\/\/www.upspower-supply.com\/wp-content\/uploads\/2025\/07\/ups-19-inch-rack-rack-mount-ups-power-2-300x300.jpg",300,300,true],"medium_large":["https:\/\/www.upspower-supply.com\/wp-content\/uploads\/2025\/07\/ups-19-inch-rack-rack-mount-ups-power-2-768x768.jpg",768,768,true],"large":["https:\/\/www.upspower-supply.com\/wp-content\/uploads\/2025\/07\/ups-19-inch-rack-rack-mount-ups-power-2.jpg",800,800,false],"1536x1536":["https:\/\/www.upspower-supply.com\/wp-content\/uploads\/2025\/07\/ups-19-inch-rack-rack-mount-ups-power-2.jpg",800,800,false],"2048x2048":["https:\/\/www.upspower-supply.com\/wp-content\/uploads\/2025\/07\/ups-19-inch-rack-rack-mount-ups-power-2.jpg",800,800,false],"trp-custom-language-flag":["https:\/\/www.upspower-supply.com\/wp-content\/uploads\/2025\/07\/ups-19-inch-rack-rack-mount-ups-power-2-12x12.jpg",12,12,true],"woocommerce_thumbnail":["https:\/\/www.upspower-supply.com\/wp-content\/uploads\/2025\/07\/ups-19-inch-rack-rack-mount-ups-power-2-300x300.jpg",300,300,true],"woocommerce_single":["https:\/\/www.upspower-supply.com\/wp-content\/uploads\/2025\/07\/ups-19-inch-rack-rack-mount-ups-power-2-600x600.jpg",600,600,true],"woocommerce_gallery_thumbnail":["https:\/\/www.upspower-supply.com\/wp-content\/uploads\/2025\/07\/ups-19-inch-rack-rack-mount-ups-power-2-100x100.jpg",100,100,true]},"uagb_author_info":{"display_name":"Tyne Tingey","author_link":"https:\/\/www.upspower-supply.com\/vi\/author\/"},"uagb_comment_info":0,"uagb_excerpt":"Compact 19-inch rack-mount UPS for reliable power protection in server rooms and data centers. Ideal for network equipment, offering stable backup, high efficiency, and easy integration into standard racks. Key Features True double-conversion technology for continuous protection Microprocessor and DSP control ensure high system reliability and performance Built-in input power factor correction (PFC) Delivers full&hellip;","_links":{"self":[{"href":"https:\/\/www.upspower-supply.com\/vi\/wp-json\/wp\/v2\/product\/1570","targetHints":{"allow":["GET"]}}],"collection":[{"href":"https:\/\/www.upspower-supply.com\/vi\/wp-json\/wp\/v2\/product"}],"about":[{"href":"https:\/\/www.upspower-supply.com\/vi\/wp-json\/wp\/v2\/types\/product"}],"replies":[{"embeddable":true,"href":"https:\/\/www.upspower-supply.com\/vi\/wp-json\/wp\/v2\/comments?post=1570"}],"wp:featuredmedia":[{"embeddable":true,"href":"https:\/\/www.upspower-supply.com\/vi\/wp-json\/wp\/v2\/media\/1574"}],"wp:attachment":[{"href":"https:\/\/www.upspower-supply.com\/vi\/wp-json\/wp\/v2\/media?parent=1570"}],"wp:term":[{"taxonomy":"product_brand","embeddable":true,"href":"https:\/\/www.upspower-supply.com\/vi\/wp-json\/wp\/v2\/product_brand?post=1570"},{"taxonomy":"product_cat","embeddable":true,"href":"https:\/\/www.upspower-supply.com\/vi\/wp-json\/wp\/v2\/product_cat?post=1570"},{"taxonomy":"product_tag","embeddable":true,"href":"https:\/\/www.upspower-supply.com\/vi\/wp-json\/wp\/v2\/product_tag?post=1570"}],"curies":[{"name":"wp","href":"https:\/\/api.w.org\/{rel}","templated":true}]}}