{"id":1561,"date":"2025-07-11T02:25:21","date_gmt":"2025-07-11T02:25:21","guid":{"rendered":"https:\/\/www.upspower-supply.com\/?post_type=product&#038;p=1561"},"modified":"2025-07-11T02:37:24","modified_gmt":"2025-07-11T02:37:24","slug":"mini-dc-ups-with-lithium-battery","status":"publish","type":"product","link":"https:\/\/www.upspower-supply.com\/vi\/san-pham\/mini-dc-ups-with-lithium-battery\/","title":{"rendered":"B\u1ed9 l\u01b0u \u0111i\u1ec7n mini DC c\u00f3 pin lithium"},"content":{"rendered":"<p>L\u00e0 nh\u00e0 s\u1ea3n xu\u1ea5t c\u00f3 tr\u1ee5 s\u1edf t\u1ea1i Trung Qu\u1ed1c, ch\u00fang t\u00f4i cung c\u1ea5p gi\u00e1 b\u00e1n bu\u00f4n B2B, v\u1eadn chuy\u1ec3n nhanh v\u00e0 h\u1ed7 tr\u1ee3 OEM\/ODM cho ng\u01b0\u1eddi mua to\u00e0n c\u1ea7u.<\/p>\n<p><strong>\u1ee8ng d\u1ee5ng:<\/strong><\/p>\n<p>B\u1ed9 \u0111\u1ecbnh tuy\u1ebfn\/H\u1ec7 th\u1ed1ng \u0111i\u1ec7n tho\u1ea1i VOIP H\u1ec7 th\u1ed1ng gi\u00e1m s\u00e1t\/Modem\/H\u1ec7 th\u1ed1ng an ninh<\/p>\n<p>&nbsp;<\/p>\n<div class=\"overflow-x-auto\">\n<table class=\"min-w-full table-auto border border-gray-300 text-sm text-left\">\n<thead>\n<tr class=\"bg-gray-100 text-gray-700\">\n<th class=\"border px-4 py-2\">Ng\u01b0\u1eddi m\u1eabu<\/th>\n<th class=\"border px-4 py-2\">DC1018P<\/th>\n<th class=\"border px-4 py-2\">DC1036P<\/th>\n<\/tr>\n<\/thead>\n<tbody>\n<tr>\n<td class=\"border px-4 py-2\">\u0110\u1ea7u v\u00e0o<\/td>\n<td class=\"border px-4 py-2\" colspan=\"2\">85-265Vac \/ 50-60Hz<\/td>\n<\/tr>\n<tr class=\"bg-gray-50\">\n<td class=\"border px-4 py-2\" rowspan=\"6\">\u0110\u1ea7u ra<\/td>\n<td class=\"border px-4 py-2\">USB 5V \/ 2A<\/td>\n<td class=\"border px-4 py-2\">USB 5V \/ 2A<\/td>\n<\/tr>\n<tr>\n<td class=\"border px-4 py-2\">DC5V \/ 2A<\/td>\n<td class=\"border px-4 py-2\">DC5V \/ 2A<\/td>\n<\/tr>\n<tr class=\"bg-gray-50\">\n<td class=\"border px-4 py-2\">DC9V \/ 1A<\/td>\n<td class=\"border px-4 py-2\">DC9V \/ 2A<\/td>\n<\/tr>\n<tr>\n<td class=\"border px-4 py-2\">DC12V \/ 1A<\/td>\n<td class=\"border px-4 py-2\">DC12V \/ 2A<\/td>\n<\/tr>\n<tr class=\"bg-gray-50\">\n<td class=\"border px-4 py-2\">POE 15V \/ 0,6A<\/td>\n<td class=\"border px-4 py-2\">POE 15V \/ 1A<\/td>\n<\/tr>\n<tr>\n<td class=\"border px-4 py-2\">POE 24V \/ 0,6A<\/td>\n<td class=\"border px-4 py-2\">POE 24V \/ 1A<\/td>\n<\/tr>\n<tr class=\"bg-gray-50\">\n<td class=\"border px-4 py-2\">C\u00f4ng su\u1ea5t \u0111\u1ea7u ra (T\u1ed1i \u0111a)<\/td>\n<td class=\"border px-4 py-2\">18W<\/td>\n<td class=\"border px-4 py-2\">36W<\/td>\n<\/tr>\n<tr>\n<td class=\"border px-4 py-2\">Dung l\u01b0\u1ee3ng pin<\/td>\n<td class=\"border px-4 py-2\" colspan=\"2\">2200mAh \u00d7 4 (Pin Lithium)<\/td>\n<\/tr>\n<tr class=\"bg-gray-50\">\n<td class=\"border px-4 py-2\">Nhi\u1ec7t \u0111\u1ed9 ho\u1ea1t \u0111\u1ed9ng<\/td>\n<td class=\"border px-4 py-2\" colspan=\"2\">-10\u2103 \u0111\u1ebfn 40\u2103<\/td>\n<\/tr>\n<tr>\n<td class=\"border px-4 py-2\">\u0110\u1ed9 \u1ea9m<\/td>\n<td class=\"border px-4 py-2\" colspan=\"2\">10% \u2013 90% RH<\/td>\n<\/tr>\n<tr class=\"bg-gray-50\">\n<td class=\"border px-4 py-2\">K\u00edch th\u01b0\u1edbc (mm)<\/td>\n<td class=\"border px-4 py-2\" colspan=\"2\">160 \u00d7 105 \u00d7 33 mm<\/td>\n<\/tr>\n<tr>\n<td class=\"border px-4 py-2\">Kh\u1ed1i l\u01b0\u1ee3ng t\u1ecbnh (kg)<\/td>\n<td class=\"border px-4 py-2\">0,41 kg<\/td>\n<td class=\"border px-4 py-2\">0,42 kg<\/td>\n<\/tr>\n<\/tbody>\n<\/table>\n<\/div>\n<p><a href=\"https:\/\/www.aqetech.com\/product-category\/3-6-volt-lithium-battery\/\">pin lithium 3.6v<\/a><\/p>","protected":false},"excerpt":{"rendered":"<p>B\u1ea1n c\u00f3 c\u1ea3m th\u1ea5y kh\u00f3 ch\u1ecbu khi m\u1ea5t k\u1ebft n\u1ed1i internet khi m\u1ea5t \u0111i\u1ec7n kh\u00f4ng?<\/p>\n<p>B\u1ed9 l\u01b0u \u0111i\u1ec7n mini DC c\u1ee7a ch\u00fang t\u00f4i c\u00f3 th\u1ec3 gi\u00fap b\u1ea1n ti\u1ebft ki\u1ec7m!<\/p>\n<p>Nh\u1ecf g\u1ecdn n\u00e0y <strong>B\u1ed9 l\u01b0u \u0111i\u1ec7n DC mini<\/strong> \u0110\u01b0\u1ee3c trang b\u1ecb pin lithium t\u00edch h\u1ee3p, s\u1ea3n ph\u1ea9m cung c\u1ea5p ngu\u1ed3n \u0111i\u1ec7n d\u1ef1 ph\u00f2ng li\u1ec1n m\u1ea1ch cho b\u1ed9 \u0111\u1ecbnh tuy\u1ebfn, modem, camera quan s\u00e1t v\u00e0 c\u00e1c thi\u1ebft b\u1ecb DC \u0111i\u1ec7n \u00e1p th\u1ea5p kh\u00e1c. \u0110\u01b0\u1ee3c thi\u1ebft k\u1ebf v\u1edbi m\u1ea1ch b\u1ea3o v\u1ec7 th\u00f4ng minh v\u00e0 nhi\u1ec1u t\u00f9y ch\u1ecdn \u0111\u1ea7u ra DC (5V\/9V\/12V), s\u1ea3n ph\u1ea9m \u0111\u1ea3m b\u1ea3o ho\u1ea1t \u0111\u1ed9ng \u0111\u00e1ng tin c\u1eady ngay c\u1ea3 khi m\u1ea5t \u0111i\u1ec7n. L\u00fd t\u01b0\u1edfng cho c\u00e1c \u1ee9ng d\u1ee5ng gia \u0111\u00ecnh, v\u0103n ph\u00f2ng v\u00e0 IoT. C\u00f3 s\u1eb5n dung l\u01b0\u1ee3ng pin t\u00f9y ch\u1ec9nh.<\/p>\n<p><strong>\u0110i\u1ec3m n\u1ed5i b\u1eadt c\u1ee7a ch\u1ee9c n\u0103ng:<\/strong><\/p>\n<p>D\u1ea3i \u0111i\u1ec7n \u00e1p \u0111\u1ea7u v\u00e0o r\u1ed9ng: 86\u2013265V AC<\/p>\n<p>M\u1ea1ch b\u1ea3o v\u1ec7 th\u00f4ng minh: ng\u0103n ng\u1eeba t\u00ecnh tr\u1ea1ng s\u1ea1c qu\u00e1 m\u1ee9c, x\u1ea3 qu\u00e1 m\u1ee9c v\u00e0 \u0111o\u1ea3n m\u1ea1ch<\/p>\n<p>Pin lithium t\u00edch h\u1ee3p (c\u00f3 th\u1ec3 t\u00f9y ch\u1ec9nh dung l\u01b0\u1ee3ng)<\/p>\n<p>C\u1ed5ng PoE t\u00edch h\u1ee3p gi\u00fap \u0111\u01a1n gi\u1ea3n h\u00f3a vi\u1ec7c \u0111i d\u00e2y v\u00e0 l\u1eafp \u0111\u1eb7t<\/p>","protected":false},"featured_media":1563,"comment_status":"open","ping_status":"closed","template":"","meta":{"_acf_changed":false,"_uag_custom_page_level_css":"","site-sidebar-layout":"default","site-content-layout":"","ast-site-content-layout":"default","site-content-style":"default","site-sidebar-style":"default","ast-global-header-display":"","ast-banner-title-visibility":"","ast-main-header-display":"","ast-hfb-above-header-display":"","ast-hfb-below-header-display":"","ast-hfb-mobile-header-display":"","site-post-title":"","ast-breadcrumbs-content":"","ast-featured-img":"","footer-sml-layout":"","theme-transparent-header-meta":"default","adv-header-id-meta":"","stick-header-meta":"","header-above-stick-meta":"","header-main-stick-meta":"","header-below-stick-meta":"","astra-migrate-meta-layouts":"set","ast-page-background-enabled":"default","ast-page-background-meta":{"desktop":{"background-color":"var(--ast-global-color-4)","background-image":"","background-repeat":"repeat","background-position":"center center","background-size":"auto","background-attachment":"scroll","background-type":"","background-media":"","overlay-type":"","overlay-color":"","overlay-opacity":"","overlay-gradient":""},"tablet":{"background-color":"","background-image":"","background-repeat":"repeat","background-position":"center center","background-size":"auto","background-attachment":"scroll","background-type":"","background-media":"","overlay-type":"","overlay-color":"","overlay-opacity":"","overlay-gradient":""},"mobile":{"background-color":"","background-image":"","background-repeat":"repeat","background-position":"center center","background-size":"auto","background-attachment":"scroll","background-type":"","background-media":"","overlay-type":"","overlay-color":"","overlay-opacity":"","overlay-gradient":""}},"ast-content-background-meta":{"desktop":{"background-color":"var(--ast-global-color-5)","background-image":"","background-repeat":"repeat","background-position":"center center","background-size":"auto","background-attachment":"scroll","background-type":"","background-media":"","overlay-type":"","overlay-color":"","overlay-opacity":"","overlay-gradient":""},"tablet":{"background-color":"var(--ast-global-color-5)","background-image":"","background-repeat":"repeat","background-position":"center center","background-size":"auto","background-attachment":"scroll","background-type":"","background-media":"","overlay-type":"","overlay-color":"","overlay-opacity":"","overlay-gradient":""},"mobile":{"background-color":"var(--ast-global-color-5)","background-image":"","background-repeat":"repeat","background-position":"center center","background-size":"auto","background-attachment":"scroll","background-type":"","background-media":"","overlay-type":"","overlay-color":"","overlay-opacity":"","overlay-gradient":""}}},"product_brand":[],"product_cat":[44],"product_tag":[],"class_list":{"0":"post-1561","1":"product","2":"type-product","3":"status-publish","4":"has-post-thumbnail","6":"product_cat-dc-ups","7":"desktop-align-left","8":"tablet-align-left","9":"mobile-align-left","11":"first","12":"instock","13":"shipping-taxable","14":"product-type-simple"},"acf":[],"yoast_head":"<!-- This site is optimized with the Yoast SEO plugin v25.0 - https:\/\/yoast.com\/wordpress\/plugins\/seo\/ -->\n<title>Mini DC UPS with lithium battery, China ups manufacturer - UPS power supply<\/title>\n<meta name=\"description\" content=\"Reliable Mini DC UPS with lithium battery for routers, CCTV, and IoT devices. Provides 5V\/9V\/12V backup with smart protection and compact design.\" \/>\n<meta name=\"robots\" content=\"index, follow, max-snippet:-1, max-image-preview:large, max-video-preview:-1\" \/>\n<link rel=\"canonical\" href=\"https:\/\/www.upspower-supply.com\/vi\/san-pham\/mini-dc-ups-with-lithium-battery\/\" \/>\n<meta property=\"og:locale\" content=\"vi_VN\" \/>\n<meta property=\"og:type\" content=\"article\" \/>\n<meta property=\"og:title\" content=\"Mini DC UPS with lithium battery, China ups manufacturer - UPS power supply\" \/>\n<meta property=\"og:description\" content=\"Reliable Mini DC UPS with lithium battery for routers, CCTV, and IoT devices. Provides 5V\/9V\/12V backup with smart protection and compact design.\" \/>\n<meta property=\"og:url\" content=\"https:\/\/www.upspower-supply.com\/vi\/san-pham\/mini-dc-ups-with-lithium-battery\/\" \/>\n<meta property=\"og:site_name\" content=\"UPS power supply\" \/>\n<meta property=\"article:modified_time\" content=\"2025-07-11T02:37:24+00:00\" \/>\n<meta property=\"og:image\" content=\"https:\/\/www.upspower-supply.com\/wp-content\/uploads\/2025\/07\/mini-dc-ups-with-lithium-battery-2.jpg\" \/>\n\t<meta property=\"og:image:width\" content=\"800\" \/>\n\t<meta property=\"og:image:height\" content=\"800\" \/>\n\t<meta property=\"og:image:type\" content=\"image\/jpeg\" \/>\n<meta name=\"twitter:card\" content=\"summary_large_image\" \/>\n<meta name=\"twitter:label1\" content=\"\u01af\u1edbc t\u00ednh th\u1eddi gian \u0111\u1ecdc\" \/>\n\t<meta name=\"twitter:data1\" content=\"1 ph\u00fat\" \/>\n<script type=\"application\/ld+json\" class=\"yoast-schema-graph\">{\"@context\":\"https:\/\/schema.org\",\"@graph\":[{\"@type\":\"WebPage\",\"@id\":\"https:\/\/www.upspower-supply.com\/product\/mini-dc-ups-with-lithium-battery\/\",\"url\":\"https:\/\/www.upspower-supply.com\/product\/mini-dc-ups-with-lithium-battery\/\",\"name\":\"Mini DC UPS with lithium battery, China ups manufacturer - UPS power supply\",\"isPartOf\":{\"@id\":\"https:\/\/www.upspower-supply.com\/#website\"},\"primaryImageOfPage\":{\"@id\":\"https:\/\/www.upspower-supply.com\/product\/mini-dc-ups-with-lithium-battery\/#primaryimage\"},\"image\":{\"@id\":\"https:\/\/www.upspower-supply.com\/product\/mini-dc-ups-with-lithium-battery\/#primaryimage\"},\"thumbnailUrl\":\"https:\/\/www.upspower-supply.com\/wp-content\/uploads\/2025\/07\/mini-dc-ups-with-lithium-battery-2.jpg\",\"datePublished\":\"2025-07-11T02:25:21+00:00\",\"dateModified\":\"2025-07-11T02:37:24+00:00\",\"description\":\"Reliable Mini DC UPS with lithium battery for routers, CCTV, and IoT devices. Provides 5V\/9V\/12V backup with smart protection and compact design.\",\"breadcrumb\":{\"@id\":\"https:\/\/www.upspower-supply.com\/product\/mini-dc-ups-with-lithium-battery\/#breadcrumb\"},\"inLanguage\":\"vi\",\"potentialAction\":[{\"@type\":\"ReadAction\",\"target\":[\"https:\/\/www.upspower-supply.com\/product\/mini-dc-ups-with-lithium-battery\/\"]}]},{\"@type\":\"ImageObject\",\"inLanguage\":\"vi\",\"@id\":\"https:\/\/www.upspower-supply.com\/product\/mini-dc-ups-with-lithium-battery\/#primaryimage\",\"url\":\"https:\/\/www.upspower-supply.com\/wp-content\/uploads\/2025\/07\/mini-dc-ups-with-lithium-battery-2.jpg\",\"contentUrl\":\"https:\/\/www.upspower-supply.com\/wp-content\/uploads\/2025\/07\/mini-dc-ups-with-lithium-battery-2.jpg\",\"width\":800,\"height\":800,\"caption\":\"Mini DC UPS with lithium battery\"},{\"@type\":\"BreadcrumbList\",\"@id\":\"https:\/\/www.upspower-supply.com\/product\/mini-dc-ups-with-lithium-battery\/#breadcrumb\",\"itemListElement\":[{\"@type\":\"ListItem\",\"position\":1,\"name\":\"Home\",\"item\":\"https:\/\/www.upspower-supply.com\/\"},{\"@type\":\"ListItem\",\"position\":2,\"name\":\"Shop\",\"item\":\"https:\/\/www.upspower-supply.com\/shop\/\"},{\"@type\":\"ListItem\",\"position\":3,\"name\":\"Mini DC UPS with lithium battery\"}]},{\"@type\":\"WebSite\",\"@id\":\"https:\/\/www.upspower-supply.com\/#website\",\"url\":\"https:\/\/www.upspower-supply.com\/\",\"name\":\"UPS power supply\",\"description\":\"\",\"potentialAction\":[{\"@type\":\"SearchAction\",\"target\":{\"@type\":\"EntryPoint\",\"urlTemplate\":\"https:\/\/www.upspower-supply.com\/?s={search_term_string}\"},\"query-input\":{\"@type\":\"PropertyValueSpecification\",\"valueRequired\":true,\"valueName\":\"search_term_string\"}}],\"inLanguage\":\"vi\"}]}<\/script>\n<!-- \/ Yoast SEO plugin. -->","yoast_head_json":{"title":"Mini DC UPS with lithium battery, China ups manufacturer - UPS power supply","description":"Reliable Mini DC UPS with lithium battery for routers, CCTV, and IoT devices. Provides 5V\/9V\/12V backup with smart protection and compact design.","robots":{"index":"index","follow":"follow","max-snippet":"max-snippet:-1","max-image-preview":"max-image-preview:large","max-video-preview":"max-video-preview:-1"},"canonical":"https:\/\/www.upspower-supply.com\/vi\/san-pham\/mini-dc-ups-with-lithium-battery\/","og_locale":"vi_VN","og_type":"article","og_title":"Mini DC UPS with lithium battery, China ups manufacturer - UPS power supply","og_description":"Reliable Mini DC UPS with lithium battery for routers, CCTV, and IoT devices. Provides 5V\/9V\/12V backup with smart protection and compact design.","og_url":"https:\/\/www.upspower-supply.com\/vi\/san-pham\/mini-dc-ups-with-lithium-battery\/","og_site_name":"UPS power supply","article_modified_time":"2025-07-11T02:37:24+00:00","og_image":[{"width":800,"height":800,"url":"https:\/\/www.upspower-supply.com\/wp-content\/uploads\/2025\/07\/mini-dc-ups-with-lithium-battery-2.jpg","type":"image\/jpeg"}],"twitter_card":"summary_large_image","twitter_misc":{"\u01af\u1edbc t\u00ednh th\u1eddi gian \u0111\u1ecdc":"1 ph\u00fat"},"schema":{"@context":"https:\/\/schema.org","@graph":[{"@type":"WebPage","@id":"https:\/\/www.upspower-supply.com\/product\/mini-dc-ups-with-lithium-battery\/","url":"https:\/\/www.upspower-supply.com\/product\/mini-dc-ups-with-lithium-battery\/","name":"Mini DC UPS with lithium battery, China ups manufacturer - UPS power supply","isPartOf":{"@id":"https:\/\/www.upspower-supply.com\/#website"},"primaryImageOfPage":{"@id":"https:\/\/www.upspower-supply.com\/product\/mini-dc-ups-with-lithium-battery\/#primaryimage"},"image":{"@id":"https:\/\/www.upspower-supply.com\/product\/mini-dc-ups-with-lithium-battery\/#primaryimage"},"thumbnailUrl":"https:\/\/www.upspower-supply.com\/wp-content\/uploads\/2025\/07\/mini-dc-ups-with-lithium-battery-2.jpg","datePublished":"2025-07-11T02:25:21+00:00","dateModified":"2025-07-11T02:37:24+00:00","description":"Reliable Mini DC UPS with lithium battery for routers, CCTV, and IoT devices. Provides 5V\/9V\/12V backup with smart protection and compact design.","breadcrumb":{"@id":"https:\/\/www.upspower-supply.com\/product\/mini-dc-ups-with-lithium-battery\/#breadcrumb"},"inLanguage":"vi","potentialAction":[{"@type":"ReadAction","target":["https:\/\/www.upspower-supply.com\/product\/mini-dc-ups-with-lithium-battery\/"]}]},{"@type":"ImageObject","inLanguage":"vi","@id":"https:\/\/www.upspower-supply.com\/product\/mini-dc-ups-with-lithium-battery\/#primaryimage","url":"https:\/\/www.upspower-supply.com\/wp-content\/uploads\/2025\/07\/mini-dc-ups-with-lithium-battery-2.jpg","contentUrl":"https:\/\/www.upspower-supply.com\/wp-content\/uploads\/2025\/07\/mini-dc-ups-with-lithium-battery-2.jpg","width":800,"height":800,"caption":"Mini DC UPS with lithium battery"},{"@type":"BreadcrumbList","@id":"https:\/\/www.upspower-supply.com\/product\/mini-dc-ups-with-lithium-battery\/#breadcrumb","itemListElement":[{"@type":"ListItem","position":1,"name":"Home","item":"https:\/\/www.upspower-supply.com\/"},{"@type":"ListItem","position":2,"name":"Shop","item":"https:\/\/www.upspower-supply.com\/shop\/"},{"@type":"ListItem","position":3,"name":"Mini DC UPS with lithium battery"}]},{"@type":"WebSite","@id":"https:\/\/www.upspower-supply.com\/#website","url":"https:\/\/www.upspower-supply.com\/","name":"UPS power supply","description":"","potentialAction":[{"@type":"SearchAction","target":{"@type":"EntryPoint","urlTemplate":"https:\/\/www.upspower-supply.com\/?s={search_term_string}"},"query-input":{"@type":"PropertyValueSpecification","valueRequired":true,"valueName":"search_term_string"}}],"inLanguage":"vi"}]}},"uagb_featured_image_src":{"full":["https:\/\/www.upspower-supply.com\/wp-content\/uploads\/2025\/07\/mini-dc-ups-with-lithium-battery-2.jpg",800,800,false],"thumbnail":["https:\/\/www.upspower-supply.com\/wp-content\/uploads\/2025\/07\/mini-dc-ups-with-lithium-battery-2-150x150.jpg",150,150,true],"medium":["https:\/\/www.upspower-supply.com\/wp-content\/uploads\/2025\/07\/mini-dc-ups-with-lithium-battery-2-300x300.jpg",300,300,true],"medium_large":["https:\/\/www.upspower-supply.com\/wp-content\/uploads\/2025\/07\/mini-dc-ups-with-lithium-battery-2-768x768.jpg",768,768,true],"large":["https:\/\/www.upspower-supply.com\/wp-content\/uploads\/2025\/07\/mini-dc-ups-with-lithium-battery-2.jpg",800,800,false],"1536x1536":["https:\/\/www.upspower-supply.com\/wp-content\/uploads\/2025\/07\/mini-dc-ups-with-lithium-battery-2.jpg",800,800,false],"2048x2048":["https:\/\/www.upspower-supply.com\/wp-content\/uploads\/2025\/07\/mini-dc-ups-with-lithium-battery-2.jpg",800,800,false],"trp-custom-language-flag":["https:\/\/www.upspower-supply.com\/wp-content\/uploads\/2025\/07\/mini-dc-ups-with-lithium-battery-2-12x12.jpg",12,12,true],"woocommerce_thumbnail":["https:\/\/www.upspower-supply.com\/wp-content\/uploads\/2025\/07\/mini-dc-ups-with-lithium-battery-2-300x300.jpg",300,300,true],"woocommerce_single":["https:\/\/www.upspower-supply.com\/wp-content\/uploads\/2025\/07\/mini-dc-ups-with-lithium-battery-2-600x600.jpg",600,600,true],"woocommerce_gallery_thumbnail":["https:\/\/www.upspower-supply.com\/wp-content\/uploads\/2025\/07\/mini-dc-ups-with-lithium-battery-2-100x100.jpg",100,100,true]},"uagb_author_info":{"display_name":"Tyne Tingey","author_link":"https:\/\/www.upspower-supply.com\/vi\/author\/"},"uagb_comment_info":0,"uagb_excerpt":"Are you frustrated by losing internet access during a power outage? Our mini dc ups can save you! This compact Mini DC UPS features a built-in lithium battery to provide seamless backup power for routers, modems, CCTV cameras, and other low-voltage DC devices. Designed with intelligent circuit protection and multiple DC output options (5V\/9V\/12V), it&hellip;","_links":{"self":[{"href":"https:\/\/www.upspower-supply.com\/vi\/wp-json\/wp\/v2\/product\/1561","targetHints":{"allow":["GET"]}}],"collection":[{"href":"https:\/\/www.upspower-supply.com\/vi\/wp-json\/wp\/v2\/product"}],"about":[{"href":"https:\/\/www.upspower-supply.com\/vi\/wp-json\/wp\/v2\/types\/product"}],"replies":[{"embeddable":true,"href":"https:\/\/www.upspower-supply.com\/vi\/wp-json\/wp\/v2\/comments?post=1561"}],"wp:featuredmedia":[{"embeddable":true,"href":"https:\/\/www.upspower-supply.com\/vi\/wp-json\/wp\/v2\/media\/1563"}],"wp:attachment":[{"href":"https:\/\/www.upspower-supply.com\/vi\/wp-json\/wp\/v2\/media?parent=1561"}],"wp:term":[{"taxonomy":"product_brand","embeddable":true,"href":"https:\/\/www.upspower-supply.com\/vi\/wp-json\/wp\/v2\/product_brand?post=1561"},{"taxonomy":"product_cat","embeddable":true,"href":"https:\/\/www.upspower-supply.com\/vi\/wp-json\/wp\/v2\/product_cat?post=1561"},{"taxonomy":"product_tag","embeddable":true,"href":"https:\/\/www.upspower-supply.com\/vi\/wp-json\/wp\/v2\/product_tag?post=1561"}],"curies":[{"name":"wp","href":"https:\/\/api.w.org\/{rel}","templated":true}]}}