{"id":1516,"date":"2025-06-26T08:50:54","date_gmt":"2025-06-26T08:50:54","guid":{"rendered":"https:\/\/www.upspower-supply.com\/?post_type=product&#038;p=1516"},"modified":"2025-06-26T08:51:40","modified_gmt":"2025-06-26T08:51:40","slug":"ups-power-supply-1500va-reliable-backup-for-pcs","status":"publish","type":"product","link":"https:\/\/www.upspower-supply.com\/vi\/san-pham\/ups-power-supply-1500va-reliable-backup-for-pcs\/","title":{"rendered":"B\u1ed9 l\u01b0u \u0111i\u1ec7n UPS 1500VA, Ngu\u1ed3n d\u1ef1 ph\u00f2ng \u0111\u00e1ng tin c\u1eady cho m\u00e1y t\u00ednh"},"content":{"rendered":"<div class=\"max-w-3xl mx-auto p-6 bg-white shadow rounded-lg\">\n<h2 class=\"text-2xl font-bold text-gray-800 mb-4\">B\u1ed9 l\u01b0u \u0111i\u1ec7n Line-Interactive 1500VA \u2013 Gi\u1ea3i ph\u00e1p ngu\u1ed3n \u0111i\u1ec7n d\u1ef1 ph\u00f2ng \u0111\u00e1ng tin c\u1eady<\/h2>\n<p class=\"text-gray-700 mb-4\">B\u1ed9 l\u01b0u \u0111i\u1ec7n UPS Line-Interactive 1500VA n\u00e0y \u0111\u01b0\u1ee3c thi\u1ebft k\u1ebf \u0111\u1ec3 cung c\u1ea5p ngu\u1ed3n \u0111i\u1ec7n \u1ed5n \u0111\u1ecbnh v\u00e0 li\u00ean t\u1ee5c cho c\u00e1c thi\u1ebft b\u1ecb \u0111i\u1ec7n t\u1eed gia d\u1ee5ng v\u00e0 v\u0103n ph\u00f2ng. \u0110\u01b0\u1ee3c trang b\u1ecb c\u00e1c t\u00ednh n\u0103ng th\u00f4ng minh nh\u01b0 s\u1ea1c t\u1ef1 \u0111\u1ed9ng v\u00e0 \u0111i\u1ec1u khi\u1ec3n CPU, b\u1ed9 l\u01b0u \u0111i\u1ec7n \u0111\u1ea3m b\u1ea3o hi\u1ec7u su\u1ea5t pin v\u00e0 b\u1ea3o v\u1ec7 h\u1ec7 th\u1ed1ng t\u1ed1i \u01b0u.<\/p>\n<h4 class=\"text-xl font-semibold text-gray-800 mb-3\">\ud83d\udd0b C\u00e1c t\u00ednh n\u0103ng ch\u00ednh:<\/h4>\n<ul class=\"list-decimal list-inside text-gray-700 space-y-2\">\n<li><strong>T\u1ef1 \u0111\u1ed9ng kh\u1edfi \u0111\u1ed9ng l\u1ea1i:<\/strong> T\u1ef1 \u0111\u1ed9ng b\u1eadt l\u1ea1i khi c\u00f3 ngu\u1ed3n \u0111i\u1ec7n AC tr\u1edf l\u1ea1i.<\/li>\n<li><strong>Ch\u1ebf \u0111\u1ed9 im l\u1eb7ng:<\/strong> C\u00f3 th\u1ec3 c\u1ea5u h\u00ecnh ch\u1ebf \u0111\u1ed9 ho\u1ea1t \u0111\u1ed9ng im l\u1eb7ng cho m\u00f4i tr\u01b0\u1eddng nh\u1ea1y c\u1ea3m v\u1edbi ti\u1ebfng \u1ed3n.<\/li>\n<li><strong>S\u1ea1c ngo\u1ea1i tuy\u1ebfn:<\/strong> Gi\u1eef cho pin \u0111\u01b0\u1ee3c s\u1ea1c ngay c\u1ea3 khi UPS \u0111\u00e3 t\u1eaft.<\/li>\n<li><strong>B\u1ea3o v\u1ec7 pin:<\/strong> Ng\u1eaft \u0111i\u1ec7n \u00e1p th\u1ea5p gi\u00fap b\u1ea3o v\u1ec7 tu\u1ed5i th\u1ecd pin.<\/li>\n<li><strong>An to\u00e0n l\u00e0 tr\u00ean h\u1ebft:<\/strong> T\u00edch h\u1ee3p ch\u1ee9c n\u0103ng b\u1ea3o v\u1ec7 qu\u00e1 t\u1ea3i v\u00e0 ng\u1eafn m\u1ea1ch.<\/li>\n<li><strong>Qu\u1ea3n l\u00fd CPU:<\/strong> Ki\u1ec3m so\u00e1t ngu\u1ed3n \u0111i\u1ec7n th\u00f4ng minh th\u00f4ng qua CPU.<\/li>\n<li><strong>C\u1ed5ng \u0111a n\u0103ng:<\/strong> H\u1ed7 tr\u1ee3 c\u1ed5ng RJ45\/11 v\u00e0 USB t\u00f9y ch\u1ecdn.<\/li>\n<li><strong>\u0110\u1ea7u v\u00e0o \u0111i\u1ec7n \u00e1p r\u1ed9ng:<\/strong> Th\u00edch \u1ee9ng v\u1edbi ngu\u1ed3n \u0111i\u1ec7n l\u01b0\u1edbi kh\u00f4ng \u1ed5n \u0111\u1ecbnh v\u1edbi ph\u1ea1m vi \u0111\u1ea7u v\u00e0o r\u1ed9ng.<\/li>\n<\/ul>\n<p class=\"mt-4 text-gray-700\">Ho\u00e0n h\u1ea3o \u0111\u1ec3 b\u1ea3o v\u1ec7 m\u00e1y t\u00ednh, thi\u1ebft b\u1ecb m\u1ea1ng v\u00e0 c\u00e1c thi\u1ebft b\u1ecb \u0111i\u1ec7n t\u1eed nh\u1ea1y c\u1ea3m kh\u1ecfi t\u00ecnh tr\u1ea1ng m\u1ea5t \u0111i\u1ec7n \u0111\u1ed9t ng\u1ed9t v\u00e0 bi\u1ebfn \u0111\u1ed9ng \u0111i\u1ec7n \u00e1p.<\/p>\n<\/div>\n<p><img loading=\"lazy\" decoding=\"async\" class=\"alignnone wp-image-1521 size-large\" src=\"https:\/\/www.upspower-supply.com\/wp-content\/uploads\/2025\/06\/ups-power-supply-1500va-detail-1024x657.jpg\" alt=\"T\u00ednh n\u0103ng c\u1ee7a b\u1ed9 ngu\u1ed3n ups 1500va\" width=\"1024\" height=\"657\" srcset=\"https:\/\/www.upspower-supply.com\/wp-content\/uploads\/2025\/06\/ups-power-supply-1500va-detail-1024x657.jpg 1024w, https:\/\/www.upspower-supply.com\/wp-content\/uploads\/2025\/06\/ups-power-supply-1500va-detail-300x192.jpg 300w, https:\/\/www.upspower-supply.com\/wp-content\/uploads\/2025\/06\/ups-power-supply-1500va-detail-768x493.jpg 768w, https:\/\/www.upspower-supply.com\/wp-content\/uploads\/2025\/06\/ups-power-supply-1500va-detail-1536x985.jpg 1536w, https:\/\/www.upspower-supply.com\/wp-content\/uploads\/2025\/06\/ups-power-supply-1500va-detail-2048x1314.jpg 2048w, https:\/\/www.upspower-supply.com\/wp-content\/uploads\/2025\/06\/ups-power-supply-1500va-detail-18x12.jpg 18w, https:\/\/www.upspower-supply.com\/wp-content\/uploads\/2025\/06\/ups-power-supply-1500va-detail-600x385.jpg 600w\" sizes=\"auto, (max-width: 1024px) 100vw, 1024px\" \/><\/p>\n<table class=\"w-full mt-3 border border-gray-300 text-sm\">\n<tbody>\n<tr class=\"border-b border-gray-300\">\n<td class=\"p-4 bg-gray-100 font-medium\">N\u01a1i xu\u1ea5t x\u1ee9<\/td>\n<td class=\"p-4 font-semibold\">Th\u01b0\u1ee3ng H\u1ea3i, Trung Qu\u1ed1c<\/td>\n<\/tr>\n<tr class=\"border-b border-gray-300\">\n<td class=\"p-4 bg-gray-100 font-medium\">T\u00ean th\u01b0\u01a1ng hi\u1ec7u<\/td>\n<td class=\"p-4 font-semibold\">RM<\/td>\n<\/tr>\n<tr class=\"border-b border-gray-300\">\n<td class=\"p-4 bg-gray-100 font-medium\">S\u1ed1 hi\u1ec7u m\u1eabu<\/td>\n<td class=\"p-4 font-semibold\">RM450~850<\/td>\n<\/tr>\n<tr class=\"border-b border-gray-300\">\n<td class=\"p-4 bg-gray-100 font-medium\">N\u0103ng l\u01b0\u1ee3ng \u0111i\u1ec7n<\/td>\n<td class=\"p-4 font-semibold\">360Wh<\/td>\n<\/tr>\n<tr class=\"border-b border-gray-300\">\n<td class=\"p-4 bg-gray-100 font-medium\">Giai \u0111o\u1ea1n<\/td>\n<td class=\"p-4 font-semibold\">Pha \u0111\u01a1n<\/td>\n<\/tr>\n<tr class=\"border-b border-gray-300\">\n<td class=\"p-4 bg-gray-100 font-medium\">S\u1ef1 b\u1ea3o v\u1ec7<\/td>\n<td class=\"p-4 font-semibold\">Qu\u00e1 d\u00f2ng<\/td>\n<\/tr>\n<tr class=\"border-b border-gray-300\">\n<td class=\"p-4 bg-gray-100 font-medium\">C\u00e2n n\u1eb7ng<\/td>\n<td class=\"p-4 font-semibold\">3~12KG<\/td>\n<\/tr>\n<tr class=\"border-b border-gray-300\">\n<td class=\"p-4 bg-gray-100 font-medium\">Ki\u1ec3u<\/td>\n<td class=\"p-4 font-semibold\">Line Interactive<\/td>\n<\/tr>\n<tr class=\"border-b border-gray-300\">\n<td class=\"p-4 bg-gray-100 font-medium\">\u1ee8ng d\u1ee5ng<\/td>\n<td class=\"p-4 font-semibold\">M\u00c1Y T\u00cdNH, B\u1ed9 \u0111\u1ecbnh tuy\u1ebfn<\/td>\n<\/tr>\n<tr class=\"border-b border-gray-300\">\n<td class=\"p-4 bg-gray-100 font-medium\">T\u00ean s\u1ea3n ph\u1ea9m<\/td>\n<td class=\"p-4 font-semibold\">B\u1ed9 l\u01b0u \u0111i\u1ec7n Line Interactive<\/td>\n<\/tr>\n<tr class=\"border-b border-gray-300\">\n<td class=\"p-4 bg-gray-100 font-medium\">Dung t\u00edch<\/td>\n<td class=\"p-4 font-semibold\">450~2000VA<\/td>\n<\/tr>\n<tr class=\"border-b border-gray-300\">\n<td class=\"p-4 bg-gray-100 font-medium\">Lo\u1ea1i pin<\/td>\n<td class=\"p-4 font-semibold\">\u1eaec quy axit ch\u00ec k\u00edn<\/td>\n<\/tr>\n<tr class=\"border-b border-gray-300\">\n<td class=\"p-4 bg-gray-100 font-medium\">D\u1ea1ng s\u00f3ng<\/td>\n<td class=\"p-4 font-semibold\">S\u00f3ng sin m\u00f4 ph\u1ecfng<\/td>\n<\/tr>\n<tr class=\"border-b border-gray-300\">\n<td class=\"p-4 bg-gray-100 font-medium\">Tr\u01b0ng b\u00e0y<\/td>\n<td class=\"p-4 font-semibold\">LCD+LED<\/td>\n<\/tr>\n<tr class=\"border-b border-gray-300\">\n<td class=\"p-4 bg-gray-100 font-medium\">Th\u1eddi gian chuy\u1ec3n giao<\/td>\n<td class=\"p-4 font-semibold\">2-6ms<\/td>\n<\/tr>\n<tr class=\"border-b border-gray-300\">\n<td class=\"p-4 bg-gray-100 font-medium\">\u0110i\u1ec7n \u00e1p \u0111\u1ea7u v\u00e0o<\/td>\n<td class=\"p-4 font-semibold\">110\/120\/220\/230\/240vac<\/td>\n<\/tr>\n<tr class=\"border-b border-gray-300\">\n<td class=\"p-4 bg-gray-100 font-medium\">\u0110i\u1ec7n \u00e1p \u0111\u1ea7u ra<\/td>\n<td class=\"p-4 font-semibold\">110\/120\/220\/230\/240vac<\/td>\n<\/tr>\n<tr class=\"border-b border-gray-300\">\n<td class=\"p-4 bg-gray-100 font-medium\">H\u1ec7 s\u1ed1 c\u00f4ng su\u1ea5t<\/td>\n<td class=\"p-4 font-semibold\">0,6 (chu\u1ea9n)<\/td>\n<\/tr>\n<tr>\n<td class=\"p-4 bg-gray-100 font-medium\">Ch\u1ee9ng nh\u1eadn<\/td>\n<td class=\"p-4 font-semibold\">CE\/ROSH\/MSDS\/UN38.3<\/td>\n<\/tr>\n<\/tbody>\n<\/table>","protected":false},"excerpt":{"rendered":"<p>Line-Interactive UPS 1500VA \u2013 Reliable Backup Power Solution This 1500VA Line-Interactive UPS is designed to provide stable and continuous power [&hellip;]<\/p>","protected":false},"featured_media":1520,"comment_status":"open","ping_status":"closed","template":"","meta":{"_acf_changed":false,"_uag_custom_page_level_css":"","site-sidebar-layout":"default","site-content-layout":"","ast-site-content-layout":"default","site-content-style":"default","site-sidebar-style":"default","ast-global-header-display":"","ast-banner-title-visibility":"","ast-main-header-display":"","ast-hfb-above-header-display":"","ast-hfb-below-header-display":"","ast-hfb-mobile-header-display":"","site-post-title":"","ast-breadcrumbs-content":"","ast-featured-img":"","footer-sml-layout":"","theme-transparent-header-meta":"default","adv-header-id-meta":"","stick-header-meta":"","header-above-stick-meta":"","header-main-stick-meta":"","header-below-stick-meta":"","astra-migrate-meta-layouts":"set","ast-page-background-enabled":"default","ast-page-background-meta":{"desktop":{"background-color":"var(--ast-global-color-4)","background-image":"","background-repeat":"repeat","background-position":"center center","background-size":"auto","background-attachment":"scroll","background-type":"","background-media":"","overlay-type":"","overlay-color":"","overlay-opacity":"","overlay-gradient":""},"tablet":{"background-color":"","background-image":"","background-repeat":"repeat","background-position":"center center","background-size":"auto","background-attachment":"scroll","background-type":"","background-media":"","overlay-type":"","overlay-color":"","overlay-opacity":"","overlay-gradient":""},"mobile":{"background-color":"","background-image":"","background-repeat":"repeat","background-position":"center center","background-size":"auto","background-attachment":"scroll","background-type":"","background-media":"","overlay-type":"","overlay-color":"","overlay-opacity":"","overlay-gradient":""}},"ast-content-background-meta":{"desktop":{"background-color":"var(--ast-global-color-5)","background-image":"","background-repeat":"repeat","background-position":"center center","background-size":"auto","background-attachment":"scroll","background-type":"","background-media":"","overlay-type":"","overlay-color":"","overlay-opacity":"","overlay-gradient":""},"tablet":{"background-color":"var(--ast-global-color-5)","background-image":"","background-repeat":"repeat","background-position":"center center","background-size":"auto","background-attachment":"scroll","background-type":"","background-media":"","overlay-type":"","overlay-color":"","overlay-opacity":"","overlay-gradient":""},"mobile":{"background-color":"var(--ast-global-color-5)","background-image":"","background-repeat":"repeat","background-position":"center center","background-size":"auto","background-attachment":"scroll","background-type":"","background-media":"","overlay-type":"","overlay-color":"","overlay-opacity":"","overlay-gradient":""}}},"product_brand":[],"product_cat":[42],"product_tag":[],"class_list":{"0":"post-1516","1":"product","2":"type-product","3":"status-publish","4":"has-post-thumbnail","6":"product_cat-line-interactive-ups","7":"desktop-align-left","8":"tablet-align-left","9":"mobile-align-left","11":"first","12":"instock","13":"shipping-taxable","14":"product-type-simple"},"acf":[],"yoast_head":"<!-- This site is optimized with the Yoast SEO plugin v25.0 - https:\/\/yoast.com\/wordpress\/plugins\/seo\/ -->\n<title>UPS power supply 1500va, Reliable Backup for PCs - UPS power supply<\/title>\n<meta name=\"description\" content=\"Protect your electronics from outages and surges with our 1500VA UPS. Ideal for home offices, small servers, and networking equipment. UPS wholesale!\" \/>\n<meta name=\"robots\" content=\"index, follow, max-snippet:-1, max-image-preview:large, max-video-preview:-1\" \/>\n<link rel=\"canonical\" href=\"https:\/\/www.upspower-supply.com\/vi\/san-pham\/ups-power-supply-1500va-reliable-backup-for-pcs\/\" \/>\n<meta property=\"og:locale\" content=\"vi_VN\" \/>\n<meta property=\"og:type\" content=\"article\" \/>\n<meta property=\"og:title\" content=\"UPS power supply 1500va, Reliable Backup for PCs - UPS power supply\" \/>\n<meta property=\"og:description\" content=\"Protect your electronics from outages and surges with our 1500VA UPS. Ideal for home offices, small servers, and networking equipment. UPS wholesale!\" \/>\n<meta property=\"og:url\" content=\"https:\/\/www.upspower-supply.com\/vi\/san-pham\/ups-power-supply-1500va-reliable-backup-for-pcs\/\" \/>\n<meta property=\"og:site_name\" content=\"UPS power supply\" \/>\n<meta property=\"article:modified_time\" content=\"2025-06-26T08:51:40+00:00\" \/>\n<meta property=\"og:image\" content=\"https:\/\/www.upspower-supply.com\/wp-content\/uploads\/2025\/06\/ups-power-supply-1500va-4.jpg\" \/>\n\t<meta property=\"og:image:width\" content=\"1000\" \/>\n\t<meta property=\"og:image:height\" content=\"1000\" \/>\n\t<meta property=\"og:image:type\" content=\"image\/jpeg\" \/>\n<meta name=\"twitter:card\" content=\"summary_large_image\" \/>\n<meta name=\"twitter:label1\" content=\"\u01af\u1edbc t\u00ednh th\u1eddi gian \u0111\u1ecdc\" \/>\n\t<meta name=\"twitter:data1\" content=\"2 ph\u00fat\" \/>\n<script type=\"application\/ld+json\" class=\"yoast-schema-graph\">{\"@context\":\"https:\/\/schema.org\",\"@graph\":[{\"@type\":\"WebPage\",\"@id\":\"https:\/\/www.upspower-supply.com\/product\/ups-power-supply-1500va-reliable-backup-for-pcs\/\",\"url\":\"https:\/\/www.upspower-supply.com\/product\/ups-power-supply-1500va-reliable-backup-for-pcs\/\",\"name\":\"UPS power supply 1500va, Reliable Backup for PCs - UPS power supply\",\"isPartOf\":{\"@id\":\"https:\/\/www.upspower-supply.com\/#website\"},\"primaryImageOfPage\":{\"@id\":\"https:\/\/www.upspower-supply.com\/product\/ups-power-supply-1500va-reliable-backup-for-pcs\/#primaryimage\"},\"image\":{\"@id\":\"https:\/\/www.upspower-supply.com\/product\/ups-power-supply-1500va-reliable-backup-for-pcs\/#primaryimage\"},\"thumbnailUrl\":\"https:\/\/www.upspower-supply.com\/wp-content\/uploads\/2025\/06\/ups-power-supply-1500va-4.jpg\",\"datePublished\":\"2025-06-26T08:50:54+00:00\",\"dateModified\":\"2025-06-26T08:51:40+00:00\",\"description\":\"Protect your electronics from outages and surges with our 1500VA UPS. Ideal for home offices, small servers, and networking equipment. UPS wholesale!\",\"breadcrumb\":{\"@id\":\"https:\/\/www.upspower-supply.com\/product\/ups-power-supply-1500va-reliable-backup-for-pcs\/#breadcrumb\"},\"inLanguage\":\"vi\",\"potentialAction\":[{\"@type\":\"ReadAction\",\"target\":[\"https:\/\/www.upspower-supply.com\/product\/ups-power-supply-1500va-reliable-backup-for-pcs\/\"]}]},{\"@type\":\"ImageObject\",\"inLanguage\":\"vi\",\"@id\":\"https:\/\/www.upspower-supply.com\/product\/ups-power-supply-1500va-reliable-backup-for-pcs\/#primaryimage\",\"url\":\"https:\/\/www.upspower-supply.com\/wp-content\/uploads\/2025\/06\/ups-power-supply-1500va-4.jpg\",\"contentUrl\":\"https:\/\/www.upspower-supply.com\/wp-content\/uploads\/2025\/06\/ups-power-supply-1500va-4.jpg\",\"width\":1000,\"height\":1000,\"caption\":\"ups power supply 1500va\"},{\"@type\":\"BreadcrumbList\",\"@id\":\"https:\/\/www.upspower-supply.com\/product\/ups-power-supply-1500va-reliable-backup-for-pcs\/#breadcrumb\",\"itemListElement\":[{\"@type\":\"ListItem\",\"position\":1,\"name\":\"Home\",\"item\":\"https:\/\/www.upspower-supply.com\/\"},{\"@type\":\"ListItem\",\"position\":2,\"name\":\"Shop\",\"item\":\"https:\/\/www.upspower-supply.com\/shop\/\"},{\"@type\":\"ListItem\",\"position\":3,\"name\":\"UPS power supply 1500va, Reliable Backup for PCs\"}]},{\"@type\":\"WebSite\",\"@id\":\"https:\/\/www.upspower-supply.com\/#website\",\"url\":\"https:\/\/www.upspower-supply.com\/\",\"name\":\"UPS power supply\",\"description\":\"\",\"potentialAction\":[{\"@type\":\"SearchAction\",\"target\":{\"@type\":\"EntryPoint\",\"urlTemplate\":\"https:\/\/www.upspower-supply.com\/?s={search_term_string}\"},\"query-input\":{\"@type\":\"PropertyValueSpecification\",\"valueRequired\":true,\"valueName\":\"search_term_string\"}}],\"inLanguage\":\"vi\"}]}<\/script>\n<!-- \/ Yoast SEO plugin. -->","yoast_head_json":{"title":"UPS power supply 1500va, Reliable Backup for PCs - UPS power supply","description":"Protect your electronics from outages and surges with our 1500VA UPS. Ideal for home offices, small servers, and networking equipment. UPS wholesale!","robots":{"index":"index","follow":"follow","max-snippet":"max-snippet:-1","max-image-preview":"max-image-preview:large","max-video-preview":"max-video-preview:-1"},"canonical":"https:\/\/www.upspower-supply.com\/vi\/san-pham\/ups-power-supply-1500va-reliable-backup-for-pcs\/","og_locale":"vi_VN","og_type":"article","og_title":"UPS power supply 1500va, Reliable Backup for PCs - UPS power supply","og_description":"Protect your electronics from outages and surges with our 1500VA UPS. Ideal for home offices, small servers, and networking equipment. UPS wholesale!","og_url":"https:\/\/www.upspower-supply.com\/vi\/san-pham\/ups-power-supply-1500va-reliable-backup-for-pcs\/","og_site_name":"UPS power supply","article_modified_time":"2025-06-26T08:51:40+00:00","og_image":[{"width":1000,"height":1000,"url":"https:\/\/www.upspower-supply.com\/wp-content\/uploads\/2025\/06\/ups-power-supply-1500va-4.jpg","type":"image\/jpeg"}],"twitter_card":"summary_large_image","twitter_misc":{"\u01af\u1edbc t\u00ednh th\u1eddi gian \u0111\u1ecdc":"2 ph\u00fat"},"schema":{"@context":"https:\/\/schema.org","@graph":[{"@type":"WebPage","@id":"https:\/\/www.upspower-supply.com\/product\/ups-power-supply-1500va-reliable-backup-for-pcs\/","url":"https:\/\/www.upspower-supply.com\/product\/ups-power-supply-1500va-reliable-backup-for-pcs\/","name":"UPS power supply 1500va, Reliable Backup for PCs - UPS power supply","isPartOf":{"@id":"https:\/\/www.upspower-supply.com\/#website"},"primaryImageOfPage":{"@id":"https:\/\/www.upspower-supply.com\/product\/ups-power-supply-1500va-reliable-backup-for-pcs\/#primaryimage"},"image":{"@id":"https:\/\/www.upspower-supply.com\/product\/ups-power-supply-1500va-reliable-backup-for-pcs\/#primaryimage"},"thumbnailUrl":"https:\/\/www.upspower-supply.com\/wp-content\/uploads\/2025\/06\/ups-power-supply-1500va-4.jpg","datePublished":"2025-06-26T08:50:54+00:00","dateModified":"2025-06-26T08:51:40+00:00","description":"Protect your electronics from outages and surges with our 1500VA UPS. Ideal for home offices, small servers, and networking equipment. UPS wholesale!","breadcrumb":{"@id":"https:\/\/www.upspower-supply.com\/product\/ups-power-supply-1500va-reliable-backup-for-pcs\/#breadcrumb"},"inLanguage":"vi","potentialAction":[{"@type":"ReadAction","target":["https:\/\/www.upspower-supply.com\/product\/ups-power-supply-1500va-reliable-backup-for-pcs\/"]}]},{"@type":"ImageObject","inLanguage":"vi","@id":"https:\/\/www.upspower-supply.com\/product\/ups-power-supply-1500va-reliable-backup-for-pcs\/#primaryimage","url":"https:\/\/www.upspower-supply.com\/wp-content\/uploads\/2025\/06\/ups-power-supply-1500va-4.jpg","contentUrl":"https:\/\/www.upspower-supply.com\/wp-content\/uploads\/2025\/06\/ups-power-supply-1500va-4.jpg","width":1000,"height":1000,"caption":"ups power supply 1500va"},{"@type":"BreadcrumbList","@id":"https:\/\/www.upspower-supply.com\/product\/ups-power-supply-1500va-reliable-backup-for-pcs\/#breadcrumb","itemListElement":[{"@type":"ListItem","position":1,"name":"Home","item":"https:\/\/www.upspower-supply.com\/"},{"@type":"ListItem","position":2,"name":"Shop","item":"https:\/\/www.upspower-supply.com\/shop\/"},{"@type":"ListItem","position":3,"name":"UPS power supply 1500va, Reliable Backup for PCs"}]},{"@type":"WebSite","@id":"https:\/\/www.upspower-supply.com\/#website","url":"https:\/\/www.upspower-supply.com\/","name":"UPS power supply","description":"","potentialAction":[{"@type":"SearchAction","target":{"@type":"EntryPoint","urlTemplate":"https:\/\/www.upspower-supply.com\/?s={search_term_string}"},"query-input":{"@type":"PropertyValueSpecification","valueRequired":true,"valueName":"search_term_string"}}],"inLanguage":"vi"}]}},"uagb_featured_image_src":{"full":["https:\/\/www.upspower-supply.com\/wp-content\/uploads\/2025\/06\/ups-power-supply-1500va-4.jpg",1000,1000,false],"thumbnail":["https:\/\/www.upspower-supply.com\/wp-content\/uploads\/2025\/06\/ups-power-supply-1500va-4-150x150.jpg",150,150,true],"medium":["https:\/\/www.upspower-supply.com\/wp-content\/uploads\/2025\/06\/ups-power-supply-1500va-4-300x300.jpg",300,300,true],"medium_large":["https:\/\/www.upspower-supply.com\/wp-content\/uploads\/2025\/06\/ups-power-supply-1500va-4-768x768.jpg",768,768,true],"large":["https:\/\/www.upspower-supply.com\/wp-content\/uploads\/2025\/06\/ups-power-supply-1500va-4.jpg",1000,1000,false],"1536x1536":["https:\/\/www.upspower-supply.com\/wp-content\/uploads\/2025\/06\/ups-power-supply-1500va-4.jpg",1000,1000,false],"2048x2048":["https:\/\/www.upspower-supply.com\/wp-content\/uploads\/2025\/06\/ups-power-supply-1500va-4.jpg",1000,1000,false],"trp-custom-language-flag":["https:\/\/www.upspower-supply.com\/wp-content\/uploads\/2025\/06\/ups-power-supply-1500va-4-12x12.jpg",12,12,true],"woocommerce_thumbnail":["https:\/\/www.upspower-supply.com\/wp-content\/uploads\/2025\/06\/ups-power-supply-1500va-4-300x300.jpg",300,300,true],"woocommerce_single":["https:\/\/www.upspower-supply.com\/wp-content\/uploads\/2025\/06\/ups-power-supply-1500va-4-600x600.jpg",600,600,true],"woocommerce_gallery_thumbnail":["https:\/\/www.upspower-supply.com\/wp-content\/uploads\/2025\/06\/ups-power-supply-1500va-4-100x100.jpg",100,100,true]},"uagb_author_info":{"display_name":"Tyne Tingey","author_link":"https:\/\/www.upspower-supply.com\/vi\/author\/"},"uagb_comment_info":0,"uagb_excerpt":"Line-Interactive UPS 1500VA \u2013 Reliable Backup Power Solution This 1500VA Line-Interactive UPS is designed to provide stable and continuous power [&hellip;]","_links":{"self":[{"href":"https:\/\/www.upspower-supply.com\/vi\/wp-json\/wp\/v2\/product\/1516","targetHints":{"allow":["GET"]}}],"collection":[{"href":"https:\/\/www.upspower-supply.com\/vi\/wp-json\/wp\/v2\/product"}],"about":[{"href":"https:\/\/www.upspower-supply.com\/vi\/wp-json\/wp\/v2\/types\/product"}],"replies":[{"embeddable":true,"href":"https:\/\/www.upspower-supply.com\/vi\/wp-json\/wp\/v2\/comments?post=1516"}],"wp:featuredmedia":[{"embeddable":true,"href":"https:\/\/www.upspower-supply.com\/vi\/wp-json\/wp\/v2\/media\/1520"}],"wp:attachment":[{"href":"https:\/\/www.upspower-supply.com\/vi\/wp-json\/wp\/v2\/media?parent=1516"}],"wp:term":[{"taxonomy":"product_brand","embeddable":true,"href":"https:\/\/www.upspower-supply.com\/vi\/wp-json\/wp\/v2\/product_brand?post=1516"},{"taxonomy":"product_cat","embeddable":true,"href":"https:\/\/www.upspower-supply.com\/vi\/wp-json\/wp\/v2\/product_cat?post=1516"},{"taxonomy":"product_tag","embeddable":true,"href":"https:\/\/www.upspower-supply.com\/vi\/wp-json\/wp\/v2\/product_tag?post=1516"}],"curies":[{"name":"wp","href":"https:\/\/api.w.org\/{rel}","templated":true}]}}