{"id":1354,"date":"2025-05-14T09:27:08","date_gmt":"2025-05-14T09:27:08","guid":{"rendered":"https:\/\/www.upspower-supply.com\/?post_type=product&#038;p=1354"},"modified":"2025-06-26T01:19:56","modified_gmt":"2025-06-26T01:19:56","slug":"sine-wave-offline-ups-400va-240w","status":"publish","type":"product","link":"https:\/\/www.upspower-supply.com\/vi\/san-pham\/sine-wave-offline-ups-400va-240w\/","title":{"rendered":"B\u1ed9 l\u01b0u \u0111i\u1ec7n UPS ngo\u1ea1i tuy\u1ebfn s\u00f3ng sin 400VA 240W"},"content":{"rendered":"<h3>B\u1ed9 l\u01b0u \u0111i\u1ec7n UPS ngo\u1ea1i tuy\u1ebfn s\u00f3ng sin 400VA 240W \u2013 Gi\u1ea3i ph\u00e1p d\u1ef1 ph\u00f2ng ngu\u1ed3n \u0111i\u1ec7n hi\u1ec7u su\u1ea5t cao<\/h3>\n<p>B\u1ed9 l\u01b0u \u0111i\u1ec7n UPS ngo\u1ea1i tuy\u1ebfn s\u00f3ng sin 400VA 240W, \u0111\u01b0\u1ee3c thi\u1ebft k\u1ebf cho c\u1ea3 m\u1ee5c \u0111\u00edch s\u1eed d\u1ee5ng d\u00e2n d\u1ee5ng v\u00e0 th\u01b0\u01a1ng m\u1ea1i. B\u1ed9 l\u01b0u \u0111i\u1ec7n li\u00ean t\u1ee5c \u0111\u00e1ng tin c\u1eady n\u00e0y mang \u0111\u1ebfn kh\u1ea3 n\u0103ng b\u1ea3o v\u1ec7 m\u1ea1nh m\u1ebd cho t\u1ea5t c\u1ea3 c\u00e1c thi\u1ebft b\u1ecb \u0111i\u1ec7n t\u1eed c\u1ee7a b\u1ea1n, \u0111\u1ea3m b\u1ea3o ho\u1ea1t \u0111\u1ed9ng li\u00ean t\u1ee5c ngay c\u1ea3 khi m\u1ea5t \u0111i\u1ec7n. V\u1edbi thi\u1ebft k\u1ebf nh\u1ecf g\u1ecdn v\u00e0 tinh t\u1ebf, UPS d\u1ec5 d\u00e0ng t\u00edch h\u1ee3p v\u00e0o m\u1ecdi m\u00f4i tr\u01b0\u1eddng.<\/p>\n<div class=\"max-w-2xl mx-auto bg-white shadow-md rounded-lg overflow-y-auto max-h-[700px]\">\n<table class=\"w-full border-collapse !mb-0\">\n<tbody>\n<tr class=\"border-b\">\n<td class=\"py-2 px-4 font-semibold text-gray-700\">T\u00ean th\u01b0\u01a1ng hi\u1ec7u<\/td>\n<td class=\"py-2 px-4 text-gray-600\">RM<\/td>\n<\/tr>\n<tr class=\"border-b\">\n<td class=\"py-2 px-4 font-semibold text-gray-700\">S\u1ed1 hi\u1ec7u m\u1eabu<\/td>\n<td class=\"py-2 px-4 text-gray-600\">RM400<\/td>\n<\/tr>\n<tr class=\"border-b\">\n<td class=\"py-2 px-4 font-semibold text-gray-700\">Giai \u0111o\u1ea1n<\/td>\n<td class=\"py-2 px-4 text-gray-600\">Pha \u0111\u01a1n<\/td>\n<\/tr>\n<tr class=\"border-b\">\n<td class=\"py-2 px-4 font-semibold text-gray-700\">S\u1ef1 b\u1ea3o v\u1ec7<\/td>\n<td class=\"py-2 px-4 text-gray-600\">Qu\u00e1 \u00e1p<\/td>\n<\/tr>\n<tr class=\"border-b\">\n<td class=\"py-2 px-4 font-semibold text-gray-700\">C\u00e2n n\u1eb7ng<\/td>\n<td class=\"py-2 px-4 text-gray-600\">4,5kg<\/td>\n<\/tr>\n<tr class=\"border-b\">\n<td class=\"py-2 px-4 font-semibold text-gray-700\">Ki\u1ec3u<\/td>\n<td class=\"py-2 px-4 text-gray-600\">Ch\u1ebf \u0111\u1ed9 ch\u1edd<\/td>\n<\/tr>\n<tr class=\"border-b\">\n<td class=\"py-2 px-4 font-semibold text-gray-700\">\u1ee8ng d\u1ee5ng<\/td>\n<td class=\"py-2 px-4 text-gray-600\">M\u00e1y t\u00ednh<\/td>\n<\/tr>\n<tr class=\"border-b\">\n<td class=\"py-2 px-4 font-semibold text-gray-700\">T\u00ean s\u1ea3n ph\u1ea9m<\/td>\n<td class=\"py-2 px-4 text-gray-600\">B\u1ed9 l\u01b0u \u0111i\u1ec7n 400VA<\/td>\n<\/tr>\n<tr class=\"border-b\">\n<td class=\"py-2 px-4 font-semibold text-gray-700\">D\u1ea1ng s\u00f3ng<\/td>\n<td class=\"py-2 px-4 text-gray-600\">S\u00f3ng sin \u0111\u00e3 s\u1eeda \u0111\u1ed5i<\/td>\n<\/tr>\n<tr class=\"border-b\">\n<td class=\"py-2 px-4 font-semibold text-gray-700\">Th\u1eddi gian chuy\u1ec3n giao<\/td>\n<td class=\"py-2 px-4 text-gray-600\">6ms<\/td>\n<\/tr>\n<tr class=\"border-b\">\n<td class=\"py-2 px-4 font-semibold text-gray-700\">Dung t\u00edch<\/td>\n<td class=\"py-2 px-4 text-gray-600\">240W<\/td>\n<\/tr>\n<tr class=\"border-b\">\n<td class=\"py-2 px-4 font-semibold text-gray-700\">Tr\u01b0ng b\u00e0y<\/td>\n<td class=\"py-2 px-4 text-gray-600\">M\u00e0n h\u00ecnh LCD<\/td>\n<\/tr>\n<tr class=\"border-b\">\n<td class=\"py-2 px-4 font-semibold text-gray-700\">Lo\u1ea1i pin<\/td>\n<td class=\"py-2 px-4 text-gray-600\">12V 7Ah *1 c\u00e1i<\/td>\n<\/tr>\n<tr class=\"border-b\">\n<td class=\"py-2 px-4 font-semibold text-gray-700\">Th\u1eddi gian sao l\u01b0u<\/td>\n<td class=\"py-2 px-4 text-gray-600\">20 ph\u00fat cho m\u00e1y t\u00ednh<\/td>\n<\/tr>\n<tr class=\"border-b\">\n<td class=\"py-2 px-4 font-semibold text-gray-700\">B\u1ea3o h\u00e0nh<\/td>\n<td class=\"py-2 px-4 text-gray-600\">1 n\u0103m<\/td>\n<\/tr>\n<tr class=\"border-b\">\n<td class=\"py-2 px-4 font-semibold text-gray-700\">Ph\u1ea1m vi \u0111i\u1ec7n \u00e1p \u0111\u1ea7u v\u00e0o<\/td>\n<td class=\"py-2 px-4 text-gray-600\">162 \u2013 268Vac \/ 170 \u2013 280Vac<\/td>\n<\/tr>\n<tr class=\"border-b\">\n<td class=\"py-2 px-4 font-semibold text-gray-700\">T\u00ednh th\u01b0\u1eddng xuy\u00ean<\/td>\n<td class=\"py-2 px-4 text-gray-600\">50Hz\u00b11Hz ho\u1eb7c 60Hz\u00b11Hz<\/td>\n<\/tr>\n<\/tbody>\n<\/table>\n<\/div>","protected":false},"excerpt":{"rendered":"<p>Khai ph\u00e1 ti\u1ec1m n\u0103ng kinh doanh c\u1ee7a b\u1ea1n v\u1edbi c\u00e1c l\u1ef1a ch\u1ecdn b\u00e1n bu\u00f4n UPS Sine Wave Offline c\u1ee7a ch\u00fang t\u00f4i. L\u00fd t\u01b0\u1edfng cho c\u00e1c nh\u00e0 b\u00e1n l\u1ebb ho\u1eb7c nh\u00e0 ph\u00e2n ph\u1ed1i mu\u1ed1n n\u00e2ng cao danh m\u1ee5c s\u1ea3n ph\u1ea9m, UPS n\u00e0y c\u00f3 gi\u00e1 c\u1ea3 c\u1ea1nh tranh. Ngo\u00e0i ra, ch\u00fang t\u00f4i cung c\u1ea5p d\u1ecbch v\u1ee5 OEM v\u00e0 ODM, cho ph\u00e9p b\u1ea1n t\u00f9y ch\u1ec9nh s\u1ea3n ph\u1ea9m sao cho ph\u00f9 h\u1ee3p v\u1edbi th\u01b0\u01a1ng hi\u1ec7u v\u00e0 nhu c\u1ea7u th\u1ecb tr\u01b0\u1eddng c\u1ee5 th\u1ec3 c\u1ee7a b\u1ea1n. \u0110\u1ea3m b\u1ea3o s\u1ea3n ph\u1ea9m c\u1ee7a b\u1ea1n n\u1ed5i b\u1eadt v\u1edbi c\u00e1c t\u00ednh n\u0103ng v\u00e0 th\u01b0\u01a1ng hi\u1ec7u \u0111\u01b0\u1ee3c thi\u1ebft k\u1ebf ri\u00eang.<\/p>","protected":false},"featured_media":1355,"comment_status":"open","ping_status":"closed","template":"","meta":{"_acf_changed":false,"_uag_custom_page_level_css":"","site-sidebar-layout":"default","site-content-layout":"","ast-site-content-layout":"default","site-content-style":"default","site-sidebar-style":"default","ast-global-header-display":"","ast-banner-title-visibility":"","ast-main-header-display":"","ast-hfb-above-header-display":"","ast-hfb-below-header-display":"","ast-hfb-mobile-header-display":"","site-post-title":"","ast-breadcrumbs-content":"","ast-featured-img":"","footer-sml-layout":"","theme-transparent-header-meta":"default","adv-header-id-meta":"","stick-header-meta":"","header-above-stick-meta":"","header-main-stick-meta":"","header-below-stick-meta":"","astra-migrate-meta-layouts":"set","ast-page-background-enabled":"default","ast-page-background-meta":{"desktop":{"background-color":"var(--ast-global-color-4)","background-image":"","background-repeat":"repeat","background-position":"center center","background-size":"auto","background-attachment":"scroll","background-type":"","background-media":"","overlay-type":"","overlay-color":"","overlay-opacity":"","overlay-gradient":""},"tablet":{"background-color":"","background-image":"","background-repeat":"repeat","background-position":"center center","background-size":"auto","background-attachment":"scroll","background-type":"","background-media":"","overlay-type":"","overlay-color":"","overlay-opacity":"","overlay-gradient":""},"mobile":{"background-color":"","background-image":"","background-repeat":"repeat","background-position":"center center","background-size":"auto","background-attachment":"scroll","background-type":"","background-media":"","overlay-type":"","overlay-color":"","overlay-opacity":"","overlay-gradient":""}},"ast-content-background-meta":{"desktop":{"background-color":"var(--ast-global-color-5)","background-image":"","background-repeat":"repeat","background-position":"center center","background-size":"auto","background-attachment":"scroll","background-type":"","background-media":"","overlay-type":"","overlay-color":"","overlay-opacity":"","overlay-gradient":""},"tablet":{"background-color":"var(--ast-global-color-5)","background-image":"","background-repeat":"repeat","background-position":"center center","background-size":"auto","background-attachment":"scroll","background-type":"","background-media":"","overlay-type":"","overlay-color":"","overlay-opacity":"","overlay-gradient":""},"mobile":{"background-color":"var(--ast-global-color-5)","background-image":"","background-repeat":"repeat","background-position":"center center","background-size":"auto","background-attachment":"scroll","background-type":"","background-media":"","overlay-type":"","overlay-color":"","overlay-opacity":"","overlay-gradient":""}}},"product_brand":[],"product_cat":[38],"product_tag":[],"class_list":{"0":"post-1354","1":"product","2":"type-product","3":"status-publish","4":"has-post-thumbnail","6":"product_cat-offline-ups","7":"desktop-align-left","8":"tablet-align-left","9":"mobile-align-left","11":"first","12":"instock","13":"shipping-taxable","14":"product-type-simple"},"acf":[],"yoast_head":"<!-- This site is optimized with the Yoast SEO plugin v25.0 - https:\/\/yoast.com\/wordpress\/plugins\/seo\/ -->\n<title>Sine Wave Offline UPS 400VA 240W - UPS power supply<\/title>\n<meta name=\"robots\" content=\"index, follow, max-snippet:-1, max-image-preview:large, max-video-preview:-1\" \/>\n<link rel=\"canonical\" href=\"https:\/\/www.upspower-supply.com\/vi\/san-pham\/sine-wave-offline-ups-400va-240w\/\" \/>\n<meta property=\"og:locale\" content=\"vi_VN\" \/>\n<meta property=\"og:type\" content=\"article\" \/>\n<meta property=\"og:title\" content=\"Sine Wave Offline UPS 400VA 240W - UPS power supply\" \/>\n<meta property=\"og:description\" content=\"Unlock the potential for your business with our wholesale options for the Sine Wave Offline UPS. Ideal for retailers or distributors looking to enhance their product portfolio, this UPS is available at competitive pricing. Additionally, we offer OEM and ODM services, allowing you to customize the unit to suit your brand and specific market needs. Ensure your offerings stand out with tailored features and branding.\" \/>\n<meta property=\"og:url\" content=\"https:\/\/www.upspower-supply.com\/vi\/san-pham\/sine-wave-offline-ups-400va-240w\/\" \/>\n<meta property=\"og:site_name\" content=\"UPS power supply\" \/>\n<meta property=\"article:modified_time\" content=\"2025-06-26T01:19:56+00:00\" \/>\n<meta property=\"og:image\" content=\"https:\/\/www.upspower-supply.com\/wp-content\/uploads\/2025\/05\/sine-wave-offline-ups-400va-240w-1-min.jpg\" \/>\n\t<meta property=\"og:image:width\" content=\"800\" \/>\n\t<meta property=\"og:image:height\" content=\"800\" \/>\n\t<meta property=\"og:image:type\" content=\"image\/jpeg\" \/>\n<meta name=\"twitter:card\" content=\"summary_large_image\" \/>\n<meta name=\"twitter:label1\" content=\"\u01af\u1edbc t\u00ednh th\u1eddi gian \u0111\u1ecdc\" \/>\n\t<meta name=\"twitter:data1\" content=\"1 ph\u00fat\" \/>\n<script type=\"application\/ld+json\" class=\"yoast-schema-graph\">{\"@context\":\"https:\/\/schema.org\",\"@graph\":[{\"@type\":\"WebPage\",\"@id\":\"https:\/\/www.upspower-supply.com\/product\/sine-wave-offline-ups-400va-240w\/\",\"url\":\"https:\/\/www.upspower-supply.com\/product\/sine-wave-offline-ups-400va-240w\/\",\"name\":\"Sine Wave Offline UPS 400VA 240W - UPS power supply\",\"isPartOf\":{\"@id\":\"https:\/\/www.upspower-supply.com\/#website\"},\"primaryImageOfPage\":{\"@id\":\"https:\/\/www.upspower-supply.com\/product\/sine-wave-offline-ups-400va-240w\/#primaryimage\"},\"image\":{\"@id\":\"https:\/\/www.upspower-supply.com\/product\/sine-wave-offline-ups-400va-240w\/#primaryimage\"},\"thumbnailUrl\":\"https:\/\/www.upspower-supply.com\/wp-content\/uploads\/2025\/05\/sine-wave-offline-ups-400va-240w-1-min.jpg\",\"datePublished\":\"2025-05-14T09:27:08+00:00\",\"dateModified\":\"2025-06-26T01:19:56+00:00\",\"breadcrumb\":{\"@id\":\"https:\/\/www.upspower-supply.com\/product\/sine-wave-offline-ups-400va-240w\/#breadcrumb\"},\"inLanguage\":\"vi\",\"potentialAction\":[{\"@type\":\"ReadAction\",\"target\":[\"https:\/\/www.upspower-supply.com\/product\/sine-wave-offline-ups-400va-240w\/\"]}]},{\"@type\":\"ImageObject\",\"inLanguage\":\"vi\",\"@id\":\"https:\/\/www.upspower-supply.com\/product\/sine-wave-offline-ups-400va-240w\/#primaryimage\",\"url\":\"https:\/\/www.upspower-supply.com\/wp-content\/uploads\/2025\/05\/sine-wave-offline-ups-400va-240w-1-min.jpg\",\"contentUrl\":\"https:\/\/www.upspower-supply.com\/wp-content\/uploads\/2025\/05\/sine-wave-offline-ups-400va-240w-1-min.jpg\",\"width\":800,\"height\":800,\"caption\":\"Sine Wave Offline UPS 400VA 240W\"},{\"@type\":\"BreadcrumbList\",\"@id\":\"https:\/\/www.upspower-supply.com\/product\/sine-wave-offline-ups-400va-240w\/#breadcrumb\",\"itemListElement\":[{\"@type\":\"ListItem\",\"position\":1,\"name\":\"Home\",\"item\":\"https:\/\/www.upspower-supply.com\/\"},{\"@type\":\"ListItem\",\"position\":2,\"name\":\"Shop\",\"item\":\"https:\/\/www.upspower-supply.com\/shop\/\"},{\"@type\":\"ListItem\",\"position\":3,\"name\":\"Sine Wave Offline UPS 400VA 240W\"}]},{\"@type\":\"WebSite\",\"@id\":\"https:\/\/www.upspower-supply.com\/#website\",\"url\":\"https:\/\/www.upspower-supply.com\/\",\"name\":\"UPS power supply\",\"description\":\"\",\"potentialAction\":[{\"@type\":\"SearchAction\",\"target\":{\"@type\":\"EntryPoint\",\"urlTemplate\":\"https:\/\/www.upspower-supply.com\/?s={search_term_string}\"},\"query-input\":{\"@type\":\"PropertyValueSpecification\",\"valueRequired\":true,\"valueName\":\"search_term_string\"}}],\"inLanguage\":\"vi\"}]}<\/script>\n<!-- \/ Yoast SEO plugin. -->","yoast_head_json":{"title":"Sine Wave Offline UPS 400VA 240W - UPS power supply","robots":{"index":"index","follow":"follow","max-snippet":"max-snippet:-1","max-image-preview":"max-image-preview:large","max-video-preview":"max-video-preview:-1"},"canonical":"https:\/\/www.upspower-supply.com\/vi\/san-pham\/sine-wave-offline-ups-400va-240w\/","og_locale":"vi_VN","og_type":"article","og_title":"Sine Wave Offline UPS 400VA 240W - UPS power supply","og_description":"Unlock the potential for your business with our wholesale options for the Sine Wave Offline UPS. Ideal for retailers or distributors looking to enhance their product portfolio, this UPS is available at competitive pricing. Additionally, we offer OEM and ODM services, allowing you to customize the unit to suit your brand and specific market needs. Ensure your offerings stand out with tailored features and branding.","og_url":"https:\/\/www.upspower-supply.com\/vi\/san-pham\/sine-wave-offline-ups-400va-240w\/","og_site_name":"UPS power supply","article_modified_time":"2025-06-26T01:19:56+00:00","og_image":[{"width":800,"height":800,"url":"https:\/\/www.upspower-supply.com\/wp-content\/uploads\/2025\/05\/sine-wave-offline-ups-400va-240w-1-min.jpg","type":"image\/jpeg"}],"twitter_card":"summary_large_image","twitter_misc":{"\u01af\u1edbc t\u00ednh th\u1eddi gian \u0111\u1ecdc":"1 ph\u00fat"},"schema":{"@context":"https:\/\/schema.org","@graph":[{"@type":"WebPage","@id":"https:\/\/www.upspower-supply.com\/product\/sine-wave-offline-ups-400va-240w\/","url":"https:\/\/www.upspower-supply.com\/product\/sine-wave-offline-ups-400va-240w\/","name":"Sine Wave Offline UPS 400VA 240W - UPS power supply","isPartOf":{"@id":"https:\/\/www.upspower-supply.com\/#website"},"primaryImageOfPage":{"@id":"https:\/\/www.upspower-supply.com\/product\/sine-wave-offline-ups-400va-240w\/#primaryimage"},"image":{"@id":"https:\/\/www.upspower-supply.com\/product\/sine-wave-offline-ups-400va-240w\/#primaryimage"},"thumbnailUrl":"https:\/\/www.upspower-supply.com\/wp-content\/uploads\/2025\/05\/sine-wave-offline-ups-400va-240w-1-min.jpg","datePublished":"2025-05-14T09:27:08+00:00","dateModified":"2025-06-26T01:19:56+00:00","breadcrumb":{"@id":"https:\/\/www.upspower-supply.com\/product\/sine-wave-offline-ups-400va-240w\/#breadcrumb"},"inLanguage":"vi","potentialAction":[{"@type":"ReadAction","target":["https:\/\/www.upspower-supply.com\/product\/sine-wave-offline-ups-400va-240w\/"]}]},{"@type":"ImageObject","inLanguage":"vi","@id":"https:\/\/www.upspower-supply.com\/product\/sine-wave-offline-ups-400va-240w\/#primaryimage","url":"https:\/\/www.upspower-supply.com\/wp-content\/uploads\/2025\/05\/sine-wave-offline-ups-400va-240w-1-min.jpg","contentUrl":"https:\/\/www.upspower-supply.com\/wp-content\/uploads\/2025\/05\/sine-wave-offline-ups-400va-240w-1-min.jpg","width":800,"height":800,"caption":"Sine Wave Offline UPS 400VA 240W"},{"@type":"BreadcrumbList","@id":"https:\/\/www.upspower-supply.com\/product\/sine-wave-offline-ups-400va-240w\/#breadcrumb","itemListElement":[{"@type":"ListItem","position":1,"name":"Home","item":"https:\/\/www.upspower-supply.com\/"},{"@type":"ListItem","position":2,"name":"Shop","item":"https:\/\/www.upspower-supply.com\/shop\/"},{"@type":"ListItem","position":3,"name":"Sine Wave Offline UPS 400VA 240W"}]},{"@type":"WebSite","@id":"https:\/\/www.upspower-supply.com\/#website","url":"https:\/\/www.upspower-supply.com\/","name":"UPS power supply","description":"","potentialAction":[{"@type":"SearchAction","target":{"@type":"EntryPoint","urlTemplate":"https:\/\/www.upspower-supply.com\/?s={search_term_string}"},"query-input":{"@type":"PropertyValueSpecification","valueRequired":true,"valueName":"search_term_string"}}],"inLanguage":"vi"}]}},"uagb_featured_image_src":{"full":["https:\/\/www.upspower-supply.com\/wp-content\/uploads\/2025\/05\/sine-wave-offline-ups-400va-240w-1-min.jpg",800,800,false],"thumbnail":["https:\/\/www.upspower-supply.com\/wp-content\/uploads\/2025\/05\/sine-wave-offline-ups-400va-240w-1-min-150x150.jpg",150,150,true],"medium":["https:\/\/www.upspower-supply.com\/wp-content\/uploads\/2025\/05\/sine-wave-offline-ups-400va-240w-1-min-300x300.jpg",300,300,true],"medium_large":["https:\/\/www.upspower-supply.com\/wp-content\/uploads\/2025\/05\/sine-wave-offline-ups-400va-240w-1-min-768x768.jpg",768,768,true],"large":["https:\/\/www.upspower-supply.com\/wp-content\/uploads\/2025\/05\/sine-wave-offline-ups-400va-240w-1-min.jpg",800,800,false],"1536x1536":["https:\/\/www.upspower-supply.com\/wp-content\/uploads\/2025\/05\/sine-wave-offline-ups-400va-240w-1-min.jpg",800,800,false],"2048x2048":["https:\/\/www.upspower-supply.com\/wp-content\/uploads\/2025\/05\/sine-wave-offline-ups-400va-240w-1-min.jpg",800,800,false],"trp-custom-language-flag":["https:\/\/www.upspower-supply.com\/wp-content\/uploads\/2025\/05\/sine-wave-offline-ups-400va-240w-1-min-12x12.jpg",12,12,true],"woocommerce_thumbnail":["https:\/\/www.upspower-supply.com\/wp-content\/uploads\/2025\/05\/sine-wave-offline-ups-400va-240w-1-min-300x300.jpg",300,300,true],"woocommerce_single":["https:\/\/www.upspower-supply.com\/wp-content\/uploads\/2025\/05\/sine-wave-offline-ups-400va-240w-1-min-600x600.jpg",600,600,true],"woocommerce_gallery_thumbnail":["https:\/\/www.upspower-supply.com\/wp-content\/uploads\/2025\/05\/sine-wave-offline-ups-400va-240w-1-min-100x100.jpg",100,100,true]},"uagb_author_info":{"display_name":"Tyne Tingey","author_link":"https:\/\/www.upspower-supply.com\/vi\/author\/"},"uagb_comment_info":0,"uagb_excerpt":"Unlock the potential for your business with our wholesale options for the Sine Wave Offline UPS. Ideal for retailers or distributors looking to enhance their product portfolio, this UPS is available at competitive pricing. Additionally, we offer OEM and ODM services, allowing you to customize the unit to suit your brand and specific market needs.&hellip;","_links":{"self":[{"href":"https:\/\/www.upspower-supply.com\/vi\/wp-json\/wp\/v2\/product\/1354","targetHints":{"allow":["GET"]}}],"collection":[{"href":"https:\/\/www.upspower-supply.com\/vi\/wp-json\/wp\/v2\/product"}],"about":[{"href":"https:\/\/www.upspower-supply.com\/vi\/wp-json\/wp\/v2\/types\/product"}],"replies":[{"embeddable":true,"href":"https:\/\/www.upspower-supply.com\/vi\/wp-json\/wp\/v2\/comments?post=1354"}],"wp:featuredmedia":[{"embeddable":true,"href":"https:\/\/www.upspower-supply.com\/vi\/wp-json\/wp\/v2\/media\/1355"}],"wp:attachment":[{"href":"https:\/\/www.upspower-supply.com\/vi\/wp-json\/wp\/v2\/media?parent=1354"}],"wp:term":[{"taxonomy":"product_brand","embeddable":true,"href":"https:\/\/www.upspower-supply.com\/vi\/wp-json\/wp\/v2\/product_brand?post=1354"},{"taxonomy":"product_cat","embeddable":true,"href":"https:\/\/www.upspower-supply.com\/vi\/wp-json\/wp\/v2\/product_cat?post=1354"},{"taxonomy":"product_tag","embeddable":true,"href":"https:\/\/www.upspower-supply.com\/vi\/wp-json\/wp\/v2\/product_tag?post=1354"}],"curies":[{"name":"wp","href":"https:\/\/api.w.org\/{rel}","templated":true}]}}