{"id":1353,"date":"2025-05-13T07:32:12","date_gmt":"2025-05-13T07:32:12","guid":{"rendered":"https:\/\/www.upspower-supply.com\/product\/portable-power-station-for-refrigerator-600w\/"},"modified":"2026-03-28T19:55:51","modified_gmt":"2026-03-28T19:55:51","slug":"portable-power-station-for-refrigerator-600w","status":"publish","type":"product","link":"https:\/\/www.upspower-supply.com\/vi\/san-pham\/portable-power-station-for-refrigerator-600w\/","title":{"rendered":"Tr\u1ea1m \u0111i\u1ec7n di \u0111\u1ed9ng cho t\u1ee7 l\u1ea1nh 600w"},"content":{"rendered":"<p>C\u00f4ng su\u1ea5t 600W <strong>Tr\u1ea1m \u0111i\u1ec7n pin di \u0111\u1ed9ng<\/strong> l\u00e0 gi\u1ea3i ph\u00e1p n\u0103ng l\u01b0\u1ee3ng m\u1ea1nh m\u1ebd v\u00e0 linh ho\u1ea1t cho s\u1eed d\u1ee5ng ngo\u00e0i tr\u1eddi v\u00e0 kh\u1ea9n c\u1ea5p. \u0110\u01b0\u1ee3c trang b\u1ecb pin lithium-ion 520Wh (140400mAh) ch\u1ea5t l\u01b0\u1ee3ng cao, s\u1ea3n ph\u1ea9m cung c\u1ea5p c\u00f4ng su\u1ea5t AC li\u00ean t\u1ee5c l\u00ean \u0111\u1ebfn 600W th\u00f4ng qua hai \u0111\u1ea7u ra s\u00f3ng sin chu\u1ea9n, v\u1edbi c\u00f4ng su\u1ea5t t\u1ed1i \u0111a l\u00ean \u0111\u1ebfn 650W. S\u1ea3n ph\u1ea9m c\u00f3 nhi\u1ec1u t\u00f9y ch\u1ecdn \u0111\u1ea7u ra, bao g\u1ed3m c\u1ed5ng USB, Type-C v\u00e0 DC, h\u1ed7 tr\u1ee3 s\u1ea1c nhanh v\u1edbi QC 3.0 v\u00e0 PD60W. S\u1ea1c \u0111\u1ea7y ch\u1ec9 trong 3-4 gi\u1edd b\u1eb1ng c\u00e1ch s\u1eed d\u1ee5ng k\u1ebft h\u1ee3p \u0111\u1ea7u v\u00e0o DC v\u00e0 Type-C. V\u1edbi \u0111\u00e8n LED 4W, s\u1ea1c kh\u00f4ng d\u00e2y 10W v\u00e0 thi\u1ebft k\u1ebf b\u1ec1n b\u1ec9 \u0111\u01b0\u1ee3c ch\u1ee9ng nh\u1eadn b\u1edfi PSE, FCC, CE, ROHS, MSDS v\u00e0 UN38.3, s\u1ea3n ph\u1ea9m ho\u1ea1t \u0111\u1ed9ng \u0111\u00e1ng tin c\u1eady t\u1eeb -10\u00b0C \u0111\u1ebfn 40\u00b0C. Ph\u00f9 h\u1ee3p cho <a href=\"https:\/\/www.plastic-crates.co.in\/en\/product-category\/ice-storage-box\/\" class=\"no-translation\" target=\"_blank\" rel=\"noopener\" data-no-translation=\"\">ice storage box<\/a>G\u00f3i s\u1ea3n ph\u1ea9m bao g\u1ed3m m\u00e1y ph\u00e1t \u0111i\u1ec7n n\u0103ng l\u01b0\u1ee3ng m\u1eb7t tr\u1eddi, b\u1ed9 \u0111\u1ed5i ngu\u1ed3n, d\u00e2y ngu\u1ed3n AC, b\u1ed9 s\u1ea1c \u00f4 t\u00f4 v\u00e0 h\u01b0\u1edbng d\u1eabn s\u1eed d\u1ee5ng\u2014ho\u00e0n h\u1ea3o \u0111\u1ec3 cung c\u1ea5p n\u0103ng l\u01b0\u1ee3ng cho nh\u1eefng chuy\u1ebfn phi\u00eau l\u01b0u c\u1ee7a b\u1ea1n.<\/p>\n<p><img loading=\"lazy\" decoding=\"async\" class=\"alignnone size-full wp-image-1896\" src=\"https:\/\/www.upspower-supply.com\/wp-content\/uploads\/2025\/05\/portable-power-station-for-refrigerator-600w-798c59.jpg\" alt=\"tr\u1ea1m ph\u00e1t \u0111i\u1ec7n pin di \u0111\u1ed9ng 600w chi ti\u1ebft\" width=\"1200\" height=\"1800\" \/><br \/>\n<img loading=\"lazy\" decoding=\"async\" class=\"alignnone size-full wp-image-1897\" src=\"https:\/\/www.upspower-supply.com\/wp-content\/uploads\/2025\/05\/portable-power-station-for-refrigerator-600w-f60ccd.jpg\" alt=\"Tr\u1ea1m \u0111i\u1ec7n di \u0111\u1ed9ng 600w c\u00f3 h\u1ed9p l\u00e0m m\u00e1t b\u1eb1ng \u0111\u00e1\" width=\"1200\" height=\"1744\" \/><br \/>\n<img loading=\"lazy\" decoding=\"async\" class=\"alignnone size-full wp-image-1898\" src=\"https:\/\/www.upspower-supply.com\/wp-content\/uploads\/2025\/05\/portable-power-station-for-refrigerator-600w-42f36f.jpg\" alt=\"Tr\u1ea1m ph\u00e1t \u0111i\u1ec7n pin di \u0111\u1ed9ng 600w c\u00f3 \u0111\u00e8n LED\" width=\"1200\" height=\"1056\" \/><br \/>\n<img loading=\"lazy\" decoding=\"async\" class=\"alignnone size-full wp-image-1899\" src=\"https:\/\/www.upspower-supply.com\/wp-content\/uploads\/2025\/05\/portable-power-station-for-refrigerator-600w-3d10cd.jpg\" alt=\"Tr\u1ea1m ph\u00e1t \u0111i\u1ec7n pin di \u0111\u1ed9ng 600w lo\u1ea1i ph\u00edch c\u1eafm t\u00f9y ch\u1ec9nh\" width=\"1200\" height=\"959\" \/><\/p>\n<p><img loading=\"lazy\" decoding=\"async\" class=\"alignnone size-full wp-image-1900\" src=\"https:\/\/www.upspower-supply.com\/wp-content\/uploads\/2025\/05\/portable-power-station-for-refrigerator-600w-63f448.jpg\" alt=\"tr\u1ea1m ph\u00e1t \u0111i\u1ec7n pin di \u0111\u1ed9ng 600w chi ti\u1ebft\" width=\"1200\" height=\"1469\" \/><br \/>\n<img loading=\"lazy\" decoding=\"async\" class=\"alignnone size-full wp-image-1901\" src=\"https:\/\/www.upspower-supply.com\/wp-content\/uploads\/2025\/05\/portable-power-station-for-refrigerator-600w-6c46a2.jpg\" alt=\"Tr\u1ea1m ph\u00e1t \u0111i\u1ec7n di \u0111\u1ed9ng 600W s\u1ea1c kh\u00f4ng d\u00e2y\" width=\"1200\" height=\"1634\" \/><br \/>\n<img loading=\"lazy\" decoding=\"async\" class=\"alignnone size-full wp-image-1902\" src=\"https:\/\/www.upspower-supply.com\/wp-content\/uploads\/2025\/05\/portable-power-station-for-refrigerator-600w-01b88e.jpg\" alt=\"tr\u1ea1m \u0111i\u1ec7n pin di \u0111\u1ed9ng 600w BMS\" width=\"1200\" height=\"1828\" \/><\/p>\n<p><img loading=\"lazy\" decoding=\"async\" class=\"alignnone size-full wp-image-1903\" src=\"https:\/\/www.upspower-supply.com\/wp-content\/uploads\/2025\/05\/portable-power-station-for-refrigerator-600w-6d03e9.jpg\" alt=\"T\u00ednh n\u0103ng c\u1ee7a tr\u1ea1m ph\u00e1t \u0111i\u1ec7n pin di \u0111\u1ed9ng 600w\" width=\"1200\" height=\"818\" \/><\/p>","protected":false},"excerpt":{"rendered":"<div class=\"max-w-2xl mx-auto bg-white shadow-md rounded-lg overflow-y-auto max-h-[700px]\">\n<table class=\"w-full border-collapse !mb-0\">\n<tbody>\n<tr class=\"border-b\">\n<td class=\"py-2 px-4 font-semibold text-gray-700\">Ng\u01b0\u1eddi m\u1eabu<\/td>\n<td class=\"py-2 px-4 text-gray-600\">RM-PA600<\/td>\n<\/tr>\n<tr class=\"border-b\">\n<td class=\"py-2 px-4 font-semibold text-gray-700\">Pin t\u00edch h\u1ee3p<\/td>\n<td class=\"py-2 px-4 text-gray-600\">Pin lithium ion ch\u1ea5t l\u01b0\u1ee3ng cao<\/td>\n<\/tr>\n<tr class=\"border-b\">\n<td class=\"py-2 px-4 font-semibold text-gray-700\">Dung l\u01b0\u1ee3ng pin<\/td>\n<td class=\"py-2 px-4 text-gray-600\">520Wh \/ 140400mAh \/ 3.7V<\/td>\n<\/tr>\n<tr class=\"border-b\">\n<td class=\"py-2 px-4 font-semibold text-gray-700\">\u0110\u1ea7u v\u00e0o<\/td>\n<td class=\"py-2 px-4 text-gray-600\">DC5521 12V-26V\/8A T\u1ed0I \u0110A 120W<br \/>\nAnderson 12V-26V\/8A MAX160W<br \/>\nTYPE-C 5V-20V\/3A T\u1ed0I \u0110A PD60W<\/td>\n<\/tr>\n<tr class=\"border-b\">\n<td class=\"py-2 px-4 font-semibold text-gray-700\">Th\u1eddi gian s\u1ea1c \u0111\u1ea7y<\/td>\n<td class=\"py-2 px-4 text-gray-600\">S\u1ea1c m\u1ed9t c\u1ed5ng DC: 4-5 gi\u1edd<br \/>\nS\u1ea1c c\u1ed5ng Anderson \u0111\u01a1n: 4 gi\u1edd<br \/>\nTYPE-C \u0111\u01a1n: 11-12 gi\u1edd<br \/>\nK\u1ebft h\u1ee3p c\u1ed5ng Anderson + c\u1ed5ng TYPE-C s\u1ea1c \u0111\u1ed3ng th\u1eddi: 3-4 gi\u1edd<br \/>\nK\u1ebft h\u1ee3p c\u1ed5ng DC + c\u1ed5ng TYPE-C s\u1ea1c \u0111\u1ed3ng th\u1eddi: 4-5 gi\u1edd<\/td>\n<\/tr>\n<tr class=\"border-b\">\n<td class=\"py-2 px-4 font-semibold text-gray-700\">\u0110\u1ea7u ra DC<\/td>\n<td class=\"py-2 px-4 text-gray-600\">C\u1ed5ng USB: 1 * USB 5V-12V\/2A, QC 3.0;<br \/>\n2 * USB 5V\/3.1A;<br \/>\nC\u1ed5ng Type-C: 1 * Type-c 5V-20V\/3A;<br \/>\n5521 \u0110\u1ea7u ra DC: 4 * DC 13,5V\/6A;<br \/>\n1 * B\u1ed9 chuy\u1ec3n \u0111\u1ed5i b\u1eadt l\u1eeda (13,5V\/10A MAX150W)<\/td>\n<\/tr>\n<tr class=\"border-b\">\n<td class=\"py-2 px-4 font-semibold text-gray-700\">\u0110\u1ea7u ra AC<\/td>\n<td class=\"py-2 px-4 text-gray-600\">2 x \u0111\u1ea7u ra s\u00f3ng sin chu\u1ea9n AC<\/td>\n<\/tr>\n<tr class=\"border-b\">\n<td class=\"py-2 px-4 font-semibold text-gray-700\">Ngu\u1ed3n \u0111i\u1ec7n xoay chi\u1ec1u li\u00ean t\u1ee5c<\/td>\n<td class=\"py-2 px-4 text-gray-600\">600W<\/td>\n<\/tr>\n<tr class=\"border-b\">\n<td class=\"py-2 px-4 font-semibold text-gray-700\">\u0110i\u1ec7n \u00e1p \u0111\u1ea7u ra c\u00f4ng su\u1ea5t kh\u00f4ng \u0111\u1ed5i<\/td>\n<td class=\"py-2 px-4 text-gray-600\">650W (85V-120V (160V-230V))<\/td>\n<\/tr>\n<tr class=\"border-b\">\n<td class=\"py-2 px-4 font-semibold text-gray-700\">\u0110\u00e8n LED chi\u1ebfu s\u00e1ng<\/td>\n<td class=\"py-2 px-4 text-gray-600\">4W<\/td>\n<\/tr>\n<tr class=\"border-b\">\n<td class=\"py-2 px-4 font-semibold text-gray-700\">S\u1ea1c kh\u00f4ng d\u00e2y<\/td>\n<td class=\"py-2 px-4 text-gray-600\">10W<\/td>\n<\/tr>\n<tr class=\"border-b\">\n<td class=\"py-2 px-4 font-semibold text-gray-700\">Nhi\u1ec7t \u0111\u1ed9 ho\u1ea1t \u0111\u1ed9ng<\/td>\n<td class=\"py-2 px-4 text-gray-600\">-10\u00b0C-40\u00b0C<\/td>\n<\/tr>\n<tr class=\"border-b\">\n<td class=\"py-2 px-4 font-semibold text-gray-700\">B\u1ea3o v\u1ec7 s\u1ea3n ph\u1ea9m<\/td>\n<td class=\"py-2 px-4 text-gray-600\">a. B\u1ea3o v\u1ec7 ng\u1eafn m\u1ea1ch<br \/>\nb. B\u1ea3o v\u1ec7 qu\u00e1 d\u00f2ng<br \/>\nc. B\u1ea3o v\u1ec7 qu\u00e1 \u00e1p<br \/>\nd. B\u1ea3o v\u1ec7 \u0111i\u1ec7n \u00e1p th\u1ea5p<br \/>\ne. B\u1ea3o v\u1ec7 qu\u00e1 t\u1ea3i<br \/>\nf. B\u1ea3o v\u1ec7 qu\u00e1 nhi\u1ec7t<\/td>\n<\/tr>\n<tr class=\"border-b\">\n<td class=\"py-2 px-4 font-semibold text-gray-700\">G\u00f3i bao g\u1ed3m<\/td>\n<td class=\"py-2 px-4 text-gray-600\">1 x m\u00e1y ph\u00e1t \u0111i\u1ec7n n\u0103ng l\u01b0\u1ee3ng m\u1eb7t tr\u1eddi di \u0111\u1ed9ng<br \/>\n1 x b\u1ed9 \u0111\u1ed5i ngu\u1ed3n<br \/>\n1 x \u0111\u01b0\u1eddng d\u00e2y AC<br \/>\n1 x h\u01b0\u1edbng d\u1eabn s\u1eed d\u1ee5ng<br \/>\n1 x B\u1ed9 s\u1ea1c \u00f4 t\u00f4<\/td>\n<\/tr>\n<tr class=\"border-b\">\n<td class=\"py-2 px-4 font-semibold text-gray-700\">Ch\u1ee9ng nh\u1eadn m\u00e1y m\u00f3c<\/td>\n<td class=\"py-2 px-4 text-gray-600\">PSE FCC CE ROHS MSDS UN38.3, B\u00e1o c\u00e1o v\u1eadn t\u1ea3i h\u00e0ng kh\u00f4ng, B\u00e1o c\u00e1o v\u1eadn t\u1ea3i bi\u1ec3n<\/td>\n<\/tr>\n<\/tbody>\n<\/table>\n<\/div>","protected":false},"featured_media":1350,"comment_status":"open","ping_status":"closed","template":"","meta":{"_acf_changed":false,"_uag_custom_page_level_css":"","site-sidebar-layout":"default","site-content-layout":"","ast-site-content-layout":"default","site-content-style":"default","site-sidebar-style":"default","ast-global-header-display":"","ast-banner-title-visibility":"","ast-main-header-display":"","ast-hfb-above-header-display":"","ast-hfb-below-header-display":"","ast-hfb-mobile-header-display":"","site-post-title":"","ast-breadcrumbs-content":"","ast-featured-img":"","footer-sml-layout":"","theme-transparent-header-meta":"default","adv-header-id-meta":"","stick-header-meta":"","header-above-stick-meta":"","header-main-stick-meta":"","header-below-stick-meta":"","astra-migrate-meta-layouts":"set","ast-page-background-enabled":"default","ast-page-background-meta":{"desktop":{"background-color":"var(--ast-global-color-4)","background-image":"","background-repeat":"repeat","background-position":"center center","background-size":"auto","background-attachment":"scroll","background-type":"","background-media":"","overlay-type":"","overlay-color":"","overlay-opacity":"","overlay-gradient":""},"tablet":{"background-color":"","background-image":"","background-repeat":"repeat","background-position":"center center","background-size":"auto","background-attachment":"scroll","background-type":"","background-media":"","overlay-type":"","overlay-color":"","overlay-opacity":"","overlay-gradient":""},"mobile":{"background-color":"","background-image":"","background-repeat":"repeat","background-position":"center center","background-size":"auto","background-attachment":"scroll","background-type":"","background-media":"","overlay-type":"","overlay-color":"","overlay-opacity":"","overlay-gradient":""}},"ast-content-background-meta":{"desktop":{"background-color":"var(--ast-global-color-5)","background-image":"","background-repeat":"repeat","background-position":"center center","background-size":"auto","background-attachment":"scroll","background-type":"","background-media":"","overlay-type":"","overlay-color":"","overlay-opacity":"","overlay-gradient":""},"tablet":{"background-color":"var(--ast-global-color-5)","background-image":"","background-repeat":"repeat","background-position":"center center","background-size":"auto","background-attachment":"scroll","background-type":"","background-media":"","overlay-type":"","overlay-color":"","overlay-opacity":"","overlay-gradient":""},"mobile":{"background-color":"var(--ast-global-color-5)","background-image":"","background-repeat":"repeat","background-position":"center center","background-size":"auto","background-attachment":"scroll","background-type":"","background-media":"","overlay-type":"","overlay-color":"","overlay-opacity":"","overlay-gradient":""}}},"product_brand":[],"product_cat":[37],"product_tag":[],"class_list":{"0":"post-1353","1":"product","2":"type-product","3":"status-publish","4":"has-post-thumbnail","6":"product_cat-portable-power-stations","7":"desktop-align-left","8":"tablet-align-left","9":"mobile-align-left","11":"first","12":"instock","13":"shipping-taxable","14":"product-type-simple"},"acf":[],"yoast_head":"<!-- This site is optimized with the Yoast SEO plugin v25.0 - https:\/\/yoast.com\/wordpress\/plugins\/seo\/ -->\n<title>Portable power station for refrigerator 600w - UPS power supply<\/title>\n<meta name=\"robots\" content=\"index, follow, max-snippet:-1, max-image-preview:large, max-video-preview:-1\" \/>\n<link rel=\"canonical\" href=\"https:\/\/www.upspower-supply.com\/vi\/san-pham\/portable-power-station-for-refrigerator-600w\/\" \/>\n<meta property=\"og:locale\" content=\"vi_VN\" \/>\n<meta property=\"og:type\" content=\"article\" \/>\n<meta property=\"og:title\" content=\"Portable power station for refrigerator 600w - UPS power supply\" \/>\n<meta property=\"og:description\" content=\"Model RM-PA600   Built-in Battery High quality lithium ion battery   Battery Capacity 520Wh \/ 140400mAh \/ 3.7V   Input DC5521 12V-26V\/8A MAX120W Anderson 12V-26V\/8A MAX160W TYPE-C 5V-20V\/3A MAX PD60W   Fully Charged Time Single DC port charging: 4-5h Single Anderson port charging: 4h Single TYPE-C: 11-12h Anderson port + TYPE-C port combination simultaneous charging: 3-4h DC port + TYPE-C port combination simultaneous charging: 4-5h   DC Output USB Port: 1 * USB 5V-12V\/2A, QC 3.0; 2 * USB 5V\/3.1A; Type-C Port: 1 * Type-c 5V-20V\/3A; 5521 DC output: 4 * DC 13.5V\/6A; 1 * Cigarette Lighter adapter(13.5V\/10A MAX150W)   AC Output 2 x AC pure sine wave output   AC Continuous Power 600W   Constant Power Output Voltage 650W (85V-120V (160V-230V))   LED Lighting 4W   Wireless Charging 10W   Operating Temperature -10\u00b0C-40\u00b0C   Product Protection a. Short circuit protection b. Overcurrent protection c. Overvoltage protection d. Undervoltage protection e. Overload protection f. Over temperature protection   Package Included 1 x portable solar generator 1 x power adapter 1 x AC line 1 x user manual 1 x Car charger   Machine Certification PSE FCC CE ROHS MSDS UN38.3, Air transport report, Marine transport report\" \/>\n<meta property=\"og:url\" content=\"https:\/\/www.upspower-supply.com\/vi\/san-pham\/portable-power-station-for-refrigerator-600w\/\" \/>\n<meta property=\"og:site_name\" content=\"UPS power supply\" \/>\n<meta property=\"article:modified_time\" content=\"2026-03-28T19:55:51+00:00\" \/>\n<meta property=\"og:image\" content=\"https:\/\/www.upspower-supply.com\/wp-content\/uploads\/2025\/05\/portable-power-station-for-refrigerator-600w-5.jpg\" \/>\n\t<meta property=\"og:image:width\" content=\"1000\" \/>\n\t<meta property=\"og:image:height\" content=\"1000\" \/>\n\t<meta property=\"og:image:type\" content=\"image\/jpeg\" \/>\n<meta name=\"twitter:card\" content=\"summary_large_image\" \/>\n<meta name=\"twitter:label1\" content=\"\u01af\u1edbc t\u00ednh th\u1eddi gian \u0111\u1ecdc\" \/>\n\t<meta name=\"twitter:data1\" content=\"3 ph\u00fat\" \/>\n<script type=\"application\/ld+json\" class=\"yoast-schema-graph\">{\"@context\":\"https:\/\/schema.org\",\"@graph\":[{\"@type\":\"WebPage\",\"@id\":\"https:\/\/www.upspower-supply.com\/product\/portable-power-station-for-refrigerator-600w\/\",\"url\":\"https:\/\/www.upspower-supply.com\/product\/portable-power-station-for-refrigerator-600w\/\",\"name\":\"Portable power station for refrigerator 600w - UPS power supply\",\"isPartOf\":{\"@id\":\"https:\/\/www.upspower-supply.com\/#website\"},\"primaryImageOfPage\":{\"@id\":\"https:\/\/www.upspower-supply.com\/product\/portable-power-station-for-refrigerator-600w\/#primaryimage\"},\"image\":{\"@id\":\"https:\/\/www.upspower-supply.com\/product\/portable-power-station-for-refrigerator-600w\/#primaryimage\"},\"thumbnailUrl\":\"https:\/\/www.upspower-supply.com\/wp-content\/uploads\/2025\/05\/portable-power-station-for-refrigerator-600w-5.jpg\",\"datePublished\":\"2025-05-13T07:32:12+00:00\",\"dateModified\":\"2026-03-28T19:55:51+00:00\",\"breadcrumb\":{\"@id\":\"https:\/\/www.upspower-supply.com\/product\/portable-power-station-for-refrigerator-600w\/#breadcrumb\"},\"inLanguage\":\"vi\",\"potentialAction\":[{\"@type\":\"ReadAction\",\"target\":[\"https:\/\/www.upspower-supply.com\/product\/portable-power-station-for-refrigerator-600w\/\"]}]},{\"@type\":\"ImageObject\",\"inLanguage\":\"vi\",\"@id\":\"https:\/\/www.upspower-supply.com\/product\/portable-power-station-for-refrigerator-600w\/#primaryimage\",\"url\":\"https:\/\/www.upspower-supply.com\/wp-content\/uploads\/2025\/05\/portable-power-station-for-refrigerator-600w-5.jpg\",\"contentUrl\":\"https:\/\/www.upspower-supply.com\/wp-content\/uploads\/2025\/05\/portable-power-station-for-refrigerator-600w-5.jpg\",\"width\":1000,\"height\":1000,\"caption\":\"portable power station for refrigerator 600w\"},{\"@type\":\"BreadcrumbList\",\"@id\":\"https:\/\/www.upspower-supply.com\/product\/portable-power-station-for-refrigerator-600w\/#breadcrumb\",\"itemListElement\":[{\"@type\":\"ListItem\",\"position\":1,\"name\":\"Home\",\"item\":\"https:\/\/www.upspower-supply.com\/\"},{\"@type\":\"ListItem\",\"position\":2,\"name\":\"Shop\",\"item\":\"https:\/\/www.upspower-supply.com\/shop\/\"},{\"@type\":\"ListItem\",\"position\":3,\"name\":\"Portable power station for refrigerator 600w\"}]},{\"@type\":\"WebSite\",\"@id\":\"https:\/\/www.upspower-supply.com\/#website\",\"url\":\"https:\/\/www.upspower-supply.com\/\",\"name\":\"UPS power supply\",\"description\":\"\",\"potentialAction\":[{\"@type\":\"SearchAction\",\"target\":{\"@type\":\"EntryPoint\",\"urlTemplate\":\"https:\/\/www.upspower-supply.com\/?s={search_term_string}\"},\"query-input\":{\"@type\":\"PropertyValueSpecification\",\"valueRequired\":true,\"valueName\":\"search_term_string\"}}],\"inLanguage\":\"vi\"}]}<\/script>\n<!-- \/ Yoast SEO plugin. -->","yoast_head_json":{"title":"Portable power station for refrigerator 600w - UPS power supply","robots":{"index":"index","follow":"follow","max-snippet":"max-snippet:-1","max-image-preview":"max-image-preview:large","max-video-preview":"max-video-preview:-1"},"canonical":"https:\/\/www.upspower-supply.com\/vi\/san-pham\/portable-power-station-for-refrigerator-600w\/","og_locale":"vi_VN","og_type":"article","og_title":"Portable power station for refrigerator 600w - UPS power supply","og_description":"Model RM-PA600   Built-in Battery High quality lithium ion battery   Battery Capacity 520Wh \/ 140400mAh \/ 3.7V   Input DC5521 12V-26V\/8A MAX120W Anderson 12V-26V\/8A MAX160W TYPE-C 5V-20V\/3A MAX PD60W   Fully Charged Time Single DC port charging: 4-5h Single Anderson port charging: 4h Single TYPE-C: 11-12h Anderson port + TYPE-C port combination simultaneous charging: 3-4h DC port + TYPE-C port combination simultaneous charging: 4-5h   DC Output USB Port: 1 * USB 5V-12V\/2A, QC 3.0; 2 * USB 5V\/3.1A; Type-C Port: 1 * Type-c 5V-20V\/3A; 5521 DC output: 4 * DC 13.5V\/6A; 1 * Cigarette Lighter adapter(13.5V\/10A MAX150W)   AC Output 2 x AC pure sine wave output   AC Continuous Power 600W   Constant Power Output Voltage 650W (85V-120V (160V-230V))   LED Lighting 4W   Wireless Charging 10W   Operating Temperature -10\u00b0C-40\u00b0C   Product Protection a. Short circuit protection b. Overcurrent protection c. Overvoltage protection d. Undervoltage protection e. Overload protection f. Over temperature protection   Package Included 1 x portable solar generator 1 x power adapter 1 x AC line 1 x user manual 1 x Car charger   Machine Certification PSE FCC CE ROHS MSDS UN38.3, Air transport report, Marine transport report","og_url":"https:\/\/www.upspower-supply.com\/vi\/san-pham\/portable-power-station-for-refrigerator-600w\/","og_site_name":"UPS power supply","article_modified_time":"2026-03-28T19:55:51+00:00","og_image":[{"width":1000,"height":1000,"url":"https:\/\/www.upspower-supply.com\/wp-content\/uploads\/2025\/05\/portable-power-station-for-refrigerator-600w-5.jpg","type":"image\/jpeg"}],"twitter_card":"summary_large_image","twitter_misc":{"\u01af\u1edbc t\u00ednh th\u1eddi gian \u0111\u1ecdc":"3 ph\u00fat"},"schema":{"@context":"https:\/\/schema.org","@graph":[{"@type":"WebPage","@id":"https:\/\/www.upspower-supply.com\/product\/portable-power-station-for-refrigerator-600w\/","url":"https:\/\/www.upspower-supply.com\/product\/portable-power-station-for-refrigerator-600w\/","name":"Portable power station for refrigerator 600w - UPS power supply","isPartOf":{"@id":"https:\/\/www.upspower-supply.com\/#website"},"primaryImageOfPage":{"@id":"https:\/\/www.upspower-supply.com\/product\/portable-power-station-for-refrigerator-600w\/#primaryimage"},"image":{"@id":"https:\/\/www.upspower-supply.com\/product\/portable-power-station-for-refrigerator-600w\/#primaryimage"},"thumbnailUrl":"https:\/\/www.upspower-supply.com\/wp-content\/uploads\/2025\/05\/portable-power-station-for-refrigerator-600w-5.jpg","datePublished":"2025-05-13T07:32:12+00:00","dateModified":"2026-03-28T19:55:51+00:00","breadcrumb":{"@id":"https:\/\/www.upspower-supply.com\/product\/portable-power-station-for-refrigerator-600w\/#breadcrumb"},"inLanguage":"vi","potentialAction":[{"@type":"ReadAction","target":["https:\/\/www.upspower-supply.com\/product\/portable-power-station-for-refrigerator-600w\/"]}]},{"@type":"ImageObject","inLanguage":"vi","@id":"https:\/\/www.upspower-supply.com\/product\/portable-power-station-for-refrigerator-600w\/#primaryimage","url":"https:\/\/www.upspower-supply.com\/wp-content\/uploads\/2025\/05\/portable-power-station-for-refrigerator-600w-5.jpg","contentUrl":"https:\/\/www.upspower-supply.com\/wp-content\/uploads\/2025\/05\/portable-power-station-for-refrigerator-600w-5.jpg","width":1000,"height":1000,"caption":"portable power station for refrigerator 600w"},{"@type":"BreadcrumbList","@id":"https:\/\/www.upspower-supply.com\/product\/portable-power-station-for-refrigerator-600w\/#breadcrumb","itemListElement":[{"@type":"ListItem","position":1,"name":"Home","item":"https:\/\/www.upspower-supply.com\/"},{"@type":"ListItem","position":2,"name":"Shop","item":"https:\/\/www.upspower-supply.com\/shop\/"},{"@type":"ListItem","position":3,"name":"Portable power station for refrigerator 600w"}]},{"@type":"WebSite","@id":"https:\/\/www.upspower-supply.com\/#website","url":"https:\/\/www.upspower-supply.com\/","name":"UPS power supply","description":"","potentialAction":[{"@type":"SearchAction","target":{"@type":"EntryPoint","urlTemplate":"https:\/\/www.upspower-supply.com\/?s={search_term_string}"},"query-input":{"@type":"PropertyValueSpecification","valueRequired":true,"valueName":"search_term_string"}}],"inLanguage":"vi"}]}},"uagb_featured_image_src":{"full":["https:\/\/www.upspower-supply.com\/wp-content\/uploads\/2025\/05\/portable-power-station-for-refrigerator-600w-5.jpg",1000,1000,false],"thumbnail":["https:\/\/www.upspower-supply.com\/wp-content\/uploads\/2025\/05\/portable-power-station-for-refrigerator-600w-5-150x150.jpg",150,150,true],"medium":["https:\/\/www.upspower-supply.com\/wp-content\/uploads\/2025\/05\/portable-power-station-for-refrigerator-600w-5-300x300.jpg",300,300,true],"medium_large":["https:\/\/www.upspower-supply.com\/wp-content\/uploads\/2025\/05\/portable-power-station-for-refrigerator-600w-5-768x768.jpg",768,768,true],"large":["https:\/\/www.upspower-supply.com\/wp-content\/uploads\/2025\/05\/portable-power-station-for-refrigerator-600w-5.jpg",1000,1000,false],"1536x1536":["https:\/\/www.upspower-supply.com\/wp-content\/uploads\/2025\/05\/portable-power-station-for-refrigerator-600w-5.jpg",1000,1000,false],"2048x2048":["https:\/\/www.upspower-supply.com\/wp-content\/uploads\/2025\/05\/portable-power-station-for-refrigerator-600w-5.jpg",1000,1000,false],"trp-custom-language-flag":["https:\/\/www.upspower-supply.com\/wp-content\/uploads\/2025\/05\/portable-power-station-for-refrigerator-600w-5-12x12.jpg",12,12,true],"woocommerce_thumbnail":["https:\/\/www.upspower-supply.com\/wp-content\/uploads\/2025\/05\/portable-power-station-for-refrigerator-600w-5-300x300.jpg",300,300,true],"woocommerce_single":["https:\/\/www.upspower-supply.com\/wp-content\/uploads\/2025\/05\/portable-power-station-for-refrigerator-600w-5-600x600.jpg",600,600,true],"woocommerce_gallery_thumbnail":["https:\/\/www.upspower-supply.com\/wp-content\/uploads\/2025\/05\/portable-power-station-for-refrigerator-600w-5-100x100.jpg",100,100,true]},"uagb_author_info":{"display_name":"Tyne Tingey","author_link":"https:\/\/www.upspower-supply.com\/vi\/author\/"},"uagb_comment_info":0,"uagb_excerpt":"Model RM-PA600 Built-in Battery High quality lithium ion battery Battery Capacity 520Wh \/ 140400mAh \/ 3.7V Input DC5521 12V-26V\/8A MAX120W Anderson 12V-26V\/8A MAX160W TYPE-C 5V-20V\/3A MAX PD60W Fully Charged Time Single DC port charging: 4-5h Single Anderson port charging: 4h Single TYPE-C: 11-12h Anderson port + TYPE-C port combination simultaneous charging: 3-4h DC port +&hellip;","_links":{"self":[{"href":"https:\/\/www.upspower-supply.com\/vi\/wp-json\/wp\/v2\/product\/1353","targetHints":{"allow":["GET"]}}],"collection":[{"href":"https:\/\/www.upspower-supply.com\/vi\/wp-json\/wp\/v2\/product"}],"about":[{"href":"https:\/\/www.upspower-supply.com\/vi\/wp-json\/wp\/v2\/types\/product"}],"replies":[{"embeddable":true,"href":"https:\/\/www.upspower-supply.com\/vi\/wp-json\/wp\/v2\/comments?post=1353"}],"wp:featuredmedia":[{"embeddable":true,"href":"https:\/\/www.upspower-supply.com\/vi\/wp-json\/wp\/v2\/media\/1350"}],"wp:attachment":[{"href":"https:\/\/www.upspower-supply.com\/vi\/wp-json\/wp\/v2\/media?parent=1353"}],"wp:term":[{"taxonomy":"product_brand","embeddable":true,"href":"https:\/\/www.upspower-supply.com\/vi\/wp-json\/wp\/v2\/product_brand?post=1353"},{"taxonomy":"product_cat","embeddable":true,"href":"https:\/\/www.upspower-supply.com\/vi\/wp-json\/wp\/v2\/product_cat?post=1353"},{"taxonomy":"product_tag","embeddable":true,"href":"https:\/\/www.upspower-supply.com\/vi\/wp-json\/wp\/v2\/product_tag?post=1353"}],"curies":[{"name":"wp","href":"https:\/\/api.w.org\/{rel}","templated":true}]}}