{"id":1312,"date":"2025-05-13T06:41:13","date_gmt":"2025-05-13T06:41:13","guid":{"rendered":"https:\/\/www.upspower-supply.com\/product\/portable-small-power-station-for-camping-200w\/"},"modified":"2025-06-26T01:21:02","modified_gmt":"2025-06-26T01:21:02","slug":"portable-small-power-station-for-camping-200w","status":"publish","type":"product","link":"https:\/\/www.upspower-supply.com\/vi\/san-pham\/portable-small-power-station-for-camping-200w\/","title":{"rendered":"Tr\u1ea1m \u0111i\u1ec7n nh\u1ecf di \u0111\u1ed9ng cho c\u1eafm tr\u1ea1i 200w"},"content":{"rendered":"<p>RM-PA150 <strong>Tr\u1ea1m \u0111i\u1ec7n di \u0111\u1ed9ng 200W<\/strong>, B\u1ed9 pin n\u0103ng l\u01b0\u1ee3ng m\u1eb7t tr\u1eddi c\u00f3 \u0111\u00e8n LED, d\u00f9ng cho c\u1eafm tr\u1ea1i ngo\u00e0i tr\u1eddi v\u00e0 gia \u0111\u00ecnh<\/p>\n<div style=\"width: 960px;\" class=\"wp-video\"><video class=\"wp-video-shortcode\" id=\"video-1312-1\" width=\"960\" height=\"544\" preload=\"metadata\" controls=\"controls\"><source type=\"video\/mp4\" src=\"https:\/\/www.rhimopower.com\/wp-content\/uploads\/2025\/05\/200w-portable-power-station-a1.mp4?_=1\" \/><a href=\"https:\/\/www.rhimopower.com\/wp-content\/uploads\/2025\/05\/200w-portable-power-station-a1.mp4\">https:\/\/www.rhimopower.com\/wp-content\/uploads\/2025\/05\/200w-portable-power-station-a1.mp4<\/a><\/video><\/div>\n<p>Cho d\u00f9 b\u1ea1n \u0111ang c\u1ea5p \u0111i\u1ec7n cho c\u00e1c thi\u1ebft b\u1ecb nh\u1ecf khi c\u1eafm tr\u1ea1i hay cung c\u1ea5p ngu\u1ed3n \u0111i\u1ec7n d\u1ef1 ph\u00f2ng kh\u1ea9n c\u1ea5p khi m\u1ea5t \u0111i\u1ec7n, Tr\u1ea1m \u0111i\u1ec7n di \u0111\u1ed9ng cung c\u1ea5p n\u0103ng l\u01b0\u1ee3ng s\u1ea1ch, \u1ed5n \u0111\u1ecbnh trong h\u00ecnh th\u1ee9c nh\u1eb9 v\u00e0 ch\u1eafc ch\u1eafn.<\/p>\n<p><img loading=\"lazy\" decoding=\"async\" class=\"alignnone wp-image-1833 size-full\" src=\"https:\/\/www.upspower-supply.com\/wp-content\/uploads\/2025\/05\/portable-small-power-station-for-camping-200w-6a0825.jpg\" alt=\"Tr\u1ea1m \u0111i\u1ec7n di \u0111\u1ed9ng 200w cho c\u1eafm tr\u1ea1i\" width=\"1200\" height=\"1501\" \/><\/p>\n<p><img loading=\"lazy\" decoding=\"async\" class=\"alignnone wp-image-1834 size-full\" src=\"https:\/\/www.upspower-supply.com\/wp-content\/uploads\/2025\/05\/portable-small-power-station-for-camping-200w-8486d8.jpg\" alt=\"Tr\u1ea1m ngu\u1ed3n di \u0111\u1ed9ng 39000 mAh 200w\" width=\"1200\" height=\"752\" \/><\/p>\n<p><img loading=\"lazy\" decoding=\"async\" class=\"alignnone wp-image-1835 size-full\" src=\"https:\/\/www.upspower-supply.com\/wp-content\/uploads\/2025\/05\/portable-small-power-station-for-camping-200w-759a21.jpg\" alt=\"Tr\u1ea1m ngu\u1ed3n di \u0111\u1ed9ng 36000mAh d\u00e0nh cho c\u1eafm tr\u1ea1i\" width=\"1200\" height=\"1034\" \/><\/p>\n<p><img loading=\"lazy\" decoding=\"async\" class=\"alignnone wp-image-1836 size-full\" src=\"https:\/\/www.upspower-supply.com\/wp-content\/uploads\/2025\/05\/portable-small-power-station-for-camping-200w-68c4ff.jpg\" alt=\"Tr\u1ea1m \u0111i\u1ec7n di \u0111\u1ed9ng cho UAV\" width=\"1200\" height=\"1038\" \/><\/p>\n<p><img loading=\"lazy\" decoding=\"async\" class=\"alignnone wp-image-1837 size-full\" src=\"https:\/\/www.upspower-supply.com\/wp-content\/uploads\/2025\/05\/portable-small-power-station-for-camping-200w-7dcb4a.jpg\" alt=\"Th\u00f4ng s\u1ed1 k\u1ef9 thu\u1eadt c\u1ee7a Tr\u1ea1m \u0111i\u1ec7n di \u0111\u1ed9ng\" width=\"1200\" height=\"1001\" \/><\/p>\n<p><img loading=\"lazy\" decoding=\"async\" class=\"alignnone wp-image-1838 size-full\" src=\"https:\/\/www.upspower-supply.com\/wp-content\/uploads\/2025\/05\/portable-small-power-station-for-camping-200w-ddcbd4.jpg\" alt=\"Tr\u1ea1m \u0111i\u1ec7n di \u0111\u1ed9ng\" width=\"1200\" height=\"925\" \/><\/p>\n<p><img loading=\"lazy\" decoding=\"async\" class=\"alignnone wp-image-1839 size-full\" src=\"https:\/\/www.upspower-supply.com\/wp-content\/uploads\/2025\/05\/portable-small-power-station-for-camping-200w-d176b4.jpg\" alt=\"Tr\u1ea1m \u0111i\u1ec7n di \u0111\u1ed9ng s\u1ea1c n\u0103ng l\u01b0\u1ee3ng m\u1eb7t tr\u1eddi\" width=\"1200\" height=\"1176\" \/><\/p>\n<p><img loading=\"lazy\" decoding=\"async\" class=\"alignnone wp-image-1840 size-full\" src=\"https:\/\/www.upspower-supply.com\/wp-content\/uploads\/2025\/05\/portable-small-power-station-for-camping-200w-7c75a4.jpg\" alt=\"V\u1ecb tr\u00ed s\u1ea1c n\u0103ng l\u01b0\u1ee3ng m\u1eb7t tr\u1eddi c\u1ee7a Tr\u1ea1m \u0111i\u1ec7n di \u0111\u1ed9ng\" width=\"1200\" height=\"443\" \/><\/p>\n<p><img loading=\"lazy\" decoding=\"async\" class=\"alignnone wp-image-1841 size-full\" src=\"https:\/\/www.upspower-supply.com\/wp-content\/uploads\/2025\/05\/portable-small-power-station-for-camping-200w-ce7a91.jpg\" alt=\"Tr\u1ea1m \u0111i\u1ec7n di \u0111\u1ed9ng c\u00f3 m\u00e0n h\u00ecnh \u0111i\u1ec1u khi\u1ec3n LED\" width=\"1200\" height=\"959\" \/><\/p>\n<p><img loading=\"lazy\" decoding=\"async\" class=\"alignnone wp-image-1842 size-full\" src=\"https:\/\/www.upspower-supply.com\/wp-content\/uploads\/2025\/05\/portable-small-power-station-for-camping-200w-c5e3a8.jpg\" alt=\"Tr\u1ea1m \u0111i\u1ec7n di \u0111\u1ed9ng cho c\u1eafm tr\u1ea1i\" width=\"1200\" height=\"844\" \/><\/p>\n<p><img loading=\"lazy\" decoding=\"async\" class=\"alignnone wp-image-1843 size-full\" src=\"https:\/\/www.upspower-supply.com\/wp-content\/uploads\/2025\/05\/portable-small-power-station-for-camping-200w-afe132.jpg\" alt=\"Tr\u1ea1m ngu\u1ed3n di \u0111\u1ed9ng cho m\u00e1y t\u00ednh x\u00e1ch tay\" width=\"1200\" height=\"898\" \/><\/p>\n<p><img loading=\"lazy\" decoding=\"async\" class=\"alignnone wp-image-1844 size-full\" src=\"https:\/\/www.upspower-supply.com\/wp-content\/uploads\/2025\/05\/portable-small-power-station-for-camping-200w-569e7a.jpg\" alt=\"Gi\u1ea3i th\u00edch v\u1ec1 c\u00e1c c\u1ed5ng c\u1ee7a Tr\u1ea1m \u0111i\u1ec7n di \u0111\u1ed9ng\" width=\"1200\" height=\"915\" \/><\/p>\n<p><img loading=\"lazy\" decoding=\"async\" class=\"alignnone wp-image-1845 size-full\" src=\"https:\/\/www.upspower-supply.com\/wp-content\/uploads\/2025\/05\/portable-small-power-station-for-camping-200w-6b3ba2.jpg\" alt=\"So s\u00e1nh pin c\u1ee7a Tr\u1ea1m \u0111i\u1ec7n di \u0111\u1ed9ng\" width=\"1200\" height=\"1464\" \/><\/p>\n<p>Ch\u00eca kh\u00f3a <strong>Nh\u00e0 m\u00e1y \u0111i\u1ec7n<\/strong> \u0110\u1eb7c tr\u01b0ng:<\/p>\n<ul>\n<li>\u0110\u1ea7u ra AC s\u00f3ng sin chu\u1ea9n 200W \u2013 An to\u00e0n cho c\u00e1c thi\u1ebft b\u1ecb \u0111i\u1ec7n t\u1eed nh\u1ea1y c\u1ea3m<\/li>\n<li>\u1ed4 c\u1eafm AC c\u00f3 th\u1ec3 t\u00f9y ch\u1ec9nh \u2013 H\u1ed7 tr\u1ee3 OEM\/ODM cho EU, UK, Universal, v.v.<\/li>\n<li>Pin dung l\u01b0\u1ee3ng cao \u2013 Pin lithium 39.000mAh cho th\u1eddi gian ch\u1ea1y d\u00e0i h\u01a1n<\/li>\n<li>Nhi\u1ec1u \u0111\u1ea7u ra \u2013 Bao g\u1ed3m c\u1ed5ng USB-A, USB-C v\u00e0 12V DC<\/li>\n<li>M\u00e0n h\u00ecnh k\u1ef9 thu\u1eadt s\u1ed1 \u2013 M\u1ee9c c\u00f4ng su\u1ea5t v\u00e0 tr\u1ea1ng th\u00e1i \u0111\u1ea7u ra theo th\u1eddi gian th\u1ef1c<\/li>\n<li>Nh\u1ecf g\u1ecdn &amp; Di \u0111\u1ed9ng \u2013 Tay c\u1ea7m t\u00edch h\u1ee3p, v\u1ecf ch\u1eafc ch\u1eafn, d\u1ec5 d\u00e0ng mang theo<\/li>\n<\/ul>","protected":false},"excerpt":{"rendered":"<div class=\"max-w-2xl mx-auto bg-white shadow-md rounded-lg\">\n<table class=\"w-full border-collapse !mb-0\">\n<tbody>\n<tr class=\"border-b\">\n<td class=\"py-2 px-4 font-semibold text-gray-700\">NG\u01af\u1edcI M\u1eaaU<\/td>\n<td class=\"py-2 px-4 text-gray-600\">RM-PA150<\/td>\n<\/tr>\n<tr class=\"border-b\">\n<td class=\"py-2 px-4 font-semibold text-gray-700\">DUNG T\u00cdCH<\/td>\n<td class=\"py-2 px-4 text-gray-600\">39000mAh, 3.7V \/ 145Wh<\/td>\n<\/tr>\n<tr class=\"border-b\">\n<td class=\"py-2 px-4 font-semibold text-gray-700\">K\u00cdCH TH\u01af\u1edaC (D\u00e0i x R\u1ed9ng x Cao)<\/td>\n<td class=\"py-2 px-4 text-gray-600\">196x108x126mm<\/td>\n<\/tr>\n<tr class=\"border-b\">\n<td class=\"py-2 px-4 font-semibold text-gray-700\">C\u00c2N N\u1eb6NG<\/td>\n<td class=\"py-2 px-4 text-gray-600\">1,5kg<\/td>\n<\/tr>\n<tr class=\"border-b\">\n<td class=\"py-2 px-4 font-semibold text-gray-700\">PIN T\u00cdCH H\u1ee2P<\/td>\n<td class=\"py-2 px-4 text-gray-600\">Pin lithium ch\u1ea5t l\u01b0\u1ee3ng cao<\/td>\n<\/tr>\n<tr class=\"border-b\">\n<td class=\"py-2 px-4 font-semibold text-gray-700\">S\u1ea0C L\u1ea0I \u0110\u1ea6U V\u00c0O<\/td>\n<td class=\"py-2 px-4 text-gray-600\">DC15V\/2A<\/td>\n<\/tr>\n<tr class=\"border-b\">\n<td class=\"py-2 px-4 font-semibold text-gray-700\">TH\u1edcI GIAN S\u1ea0C \u0110\u1ea6Y<\/td>\n<td class=\"py-2 px-4 text-gray-600\">DC 15V: 6,5 gi\u1edd<\/td>\n<\/tr>\n<tr class=\"border-b\">\n<td class=\"py-2 px-4 font-semibold text-gray-700\">\u0110\u1ea6U RA<\/td>\n<td class=\"py-2 px-4 text-gray-600\">USB 5V-3.1A (T\u1ed1i \u0111a)<\/td>\n<\/tr>\n<tr class=\"border-b\">\n<td class=\"py-2 px-4 font-semibold text-gray-700\">C\u00f4ng su\u1ea5t DC (T\u1ed1i \u0111a)<\/td>\n<td class=\"py-2 px-4 text-gray-600\">9~12.6V\/10A, 120W(T\u1ed1i \u0111a)<\/td>\n<\/tr>\n<tr class=\"border-b\">\n<td class=\"py-2 px-4 font-semibold text-gray-700\">\u0110\u1ea6U RA AC<\/td>\n<td class=\"py-2 px-4 text-gray-600\">200W, C\u00f4ng su\u1ea5t s\u00f3ng \u0111\u01b0\u1ee3c \u0111i\u1ec1u ch\u1ec9nh.<br \/>\n110V (X\u00e2y d\u1ef1ng theo c\u00e1c qu\u1ed1c gia kh\u00e1c nhau)<\/td>\n<\/tr>\n<tr class=\"border-b\">\n<td class=\"py-2 px-4 font-semibold text-gray-700\">\u0110\u1ed2NG H\u1ed2 B\u00c1O NGU\u1ed2N \u0110I\u1ec6N<\/td>\n<td class=\"py-2 px-4 text-gray-600\">B\u1ea2NG \u0110I\u1ec0U KHI\u1ec2N LED<\/td>\n<\/tr>\n<tr class=\"border-b\">\n<td class=\"py-2 px-4 font-semibold text-gray-700\">PH\u1ea0M VI NHI\u1ec6T \u0110\u1ed8 HO\u1ea0T \u0110\u1ed8NG<\/td>\n<td class=\"py-2 px-4 text-gray-600\">-10\u00b0C~40\u00b0C<\/td>\n<\/tr>\n<tr class=\"border-b\">\n<td class=\"py-2 px-4 font-semibold text-gray-700\">V\u00d2NG \u0110\u1edcI<\/td>\n<td class=\"py-2 px-4 text-gray-600\">&gt;1000 l\u1ea7n<\/td>\n<\/tr>\n<tr class=\"border-b\">\n<td class=\"py-2 px-4 font-semibold text-gray-700\">G\u00d3I BAO G\u1ed2M<\/td>\n<td class=\"py-2 px-4 text-gray-600\">1 x M\u00e1y ph\u00e1t \u0111i\u1ec7n di \u0111\u1ed9ng<br \/>\n1 x B\u1ed9 \u0111\u1ed5i ngu\u1ed3n<br \/>\n1 x B\u1ed9 chuy\u1ec3n \u0111\u1ed5i \u0111\u00e8n thu\u1ed1c l\u00e1<br \/>\n1 x B\u1ed9 s\u1ea1c \u00f4 t\u00f4<br \/>\n1 x H\u01b0\u1edbng d\u1eabn s\u1eed d\u1ee5ng<\/td>\n<\/tr>\n<\/tbody>\n<\/table>\n<p class=\"text-sm text-gray-500 !p-2\">\u203b C\u00f3 th\u1ec3 c\u00f3 m\u1ed9t s\u1ed1 kh\u00e1c bi\u1ec7t gi\u1eefa c\u00e1c ph\u1ee5 t\u00f9ng thay th\u1ebf kh\u00e1c nhau. Vui l\u00f2ng tham kh\u1ea3o s\u1ea3n ph\u1ea9m th\u1ef1c t\u1ebf.<\/p>\n<\/div>","protected":false},"featured_media":1305,"comment_status":"open","ping_status":"closed","template":"","meta":{"_acf_changed":false,"_uag_custom_page_level_css":"","site-sidebar-layout":"default","site-content-layout":"","ast-site-content-layout":"default","site-content-style":"default","site-sidebar-style":"default","ast-global-header-display":"","ast-banner-title-visibility":"","ast-main-header-display":"","ast-hfb-above-header-display":"","ast-hfb-below-header-display":"","ast-hfb-mobile-header-display":"","site-post-title":"","ast-breadcrumbs-content":"","ast-featured-img":"","footer-sml-layout":"","theme-transparent-header-meta":"default","adv-header-id-meta":"","stick-header-meta":"","header-above-stick-meta":"","header-main-stick-meta":"","header-below-stick-meta":"","astra-migrate-meta-layouts":"set","ast-page-background-enabled":"default","ast-page-background-meta":{"desktop":{"background-color":"var(--ast-global-color-4)","background-image":"","background-repeat":"repeat","background-position":"center center","background-size":"auto","background-attachment":"scroll","background-type":"","background-media":"","overlay-type":"","overlay-color":"","overlay-opacity":"","overlay-gradient":""},"tablet":{"background-color":"","background-image":"","background-repeat":"repeat","background-position":"center center","background-size":"auto","background-attachment":"scroll","background-type":"","background-media":"","overlay-type":"","overlay-color":"","overlay-opacity":"","overlay-gradient":""},"mobile":{"background-color":"","background-image":"","background-repeat":"repeat","background-position":"center center","background-size":"auto","background-attachment":"scroll","background-type":"","background-media":"","overlay-type":"","overlay-color":"","overlay-opacity":"","overlay-gradient":""}},"ast-content-background-meta":{"desktop":{"background-color":"var(--ast-global-color-5)","background-image":"","background-repeat":"repeat","background-position":"center center","background-size":"auto","background-attachment":"scroll","background-type":"","background-media":"","overlay-type":"","overlay-color":"","overlay-opacity":"","overlay-gradient":""},"tablet":{"background-color":"var(--ast-global-color-5)","background-image":"","background-repeat":"repeat","background-position":"center center","background-size":"auto","background-attachment":"scroll","background-type":"","background-media":"","overlay-type":"","overlay-color":"","overlay-opacity":"","overlay-gradient":""},"mobile":{"background-color":"var(--ast-global-color-5)","background-image":"","background-repeat":"repeat","background-position":"center center","background-size":"auto","background-attachment":"scroll","background-type":"","background-media":"","overlay-type":"","overlay-color":"","overlay-opacity":"","overlay-gradient":""}}},"product_brand":[],"product_cat":[37],"product_tag":[],"class_list":{"0":"post-1312","1":"product","2":"type-product","3":"status-publish","4":"has-post-thumbnail","6":"product_cat-portable-power-stations","7":"desktop-align-left","8":"tablet-align-left","9":"mobile-align-left","11":"first","12":"instock","13":"shipping-taxable","14":"product-type-simple"},"acf":[],"yoast_head":"<!-- This site is optimized with the Yoast SEO plugin v25.0 - https:\/\/yoast.com\/wordpress\/plugins\/seo\/ -->\n<title>Portable small power station for camping 200w - UPS power supply<\/title>\n<meta name=\"robots\" content=\"index, follow, max-snippet:-1, max-image-preview:large, max-video-preview:-1\" \/>\n<link rel=\"canonical\" href=\"https:\/\/www.upspower-supply.com\/vi\/san-pham\/portable-small-power-station-for-camping-200w\/\" \/>\n<meta property=\"og:locale\" content=\"vi_VN\" \/>\n<meta property=\"og:type\" content=\"article\" \/>\n<meta property=\"og:title\" content=\"Portable small power station for camping 200w - UPS power supply\" \/>\n<meta property=\"og:description\" content=\"MODEL RM-PA150   CAPACITY 39000mAh, 3.7V \/ 145Wh   DIMENSIONS(LWH) 196x108x126mm   WEIGHT 1.5Kg   BUILT-IN BATTERY High quality lithium battery   INPUT RECHARGING DC15V\/2A   FULLY CHARGED TIME DC 15V: 6.5 hours   OUTPUT USB 5V-3.1A(Max)   DC WATTAGE(MAX) 9~12.6V\/10A, 120W(Max)   AC OUTPUT 200W, Modified Wave Output. 110V (Build According to different nations)   POWER INDICATOR LED CONTROL PANEL   OPERATION TEMPERATURE RANGE -10\u00b0C~40\u00b0C   LIFECYCLE &gt;1000 times   PACKAGE INCLUDE 1 x Portable Power Generator 1 x Power Adapter 1 x Cigarette light adapter 1 x Car charger 1 x User manual    \u203b There may be some differences on the different spare parts. Please adhere to the actual product instead.\" \/>\n<meta property=\"og:url\" content=\"https:\/\/www.upspower-supply.com\/vi\/san-pham\/portable-small-power-station-for-camping-200w\/\" \/>\n<meta property=\"og:site_name\" content=\"UPS power supply\" \/>\n<meta property=\"article:modified_time\" content=\"2025-06-26T01:21:02+00:00\" \/>\n<meta property=\"og:image\" content=\"https:\/\/www.upspower-supply.com\/wp-content\/uploads\/2025\/05\/portable-small-power-station-for-camping-200w-1.png\" \/>\n\t<meta property=\"og:image:width\" content=\"1000\" \/>\n\t<meta property=\"og:image:height\" content=\"1000\" \/>\n\t<meta property=\"og:image:type\" content=\"image\/png\" \/>\n<meta name=\"twitter:card\" content=\"summary_large_image\" \/>\n<meta name=\"twitter:label1\" content=\"\u01af\u1edbc t\u00ednh th\u1eddi gian \u0111\u1ecdc\" \/>\n\t<meta name=\"twitter:data1\" content=\"4 ph\u00fat\" \/>\n<script type=\"application\/ld+json\" class=\"yoast-schema-graph\">{\"@context\":\"https:\/\/schema.org\",\"@graph\":[{\"@type\":\"WebPage\",\"@id\":\"https:\/\/www.upspower-supply.com\/product\/portable-small-power-station-for-camping-200w\/\",\"url\":\"https:\/\/www.upspower-supply.com\/product\/portable-small-power-station-for-camping-200w\/\",\"name\":\"Portable small power station for camping 200w - UPS power supply\",\"isPartOf\":{\"@id\":\"https:\/\/www.upspower-supply.com\/#website\"},\"primaryImageOfPage\":{\"@id\":\"https:\/\/www.upspower-supply.com\/product\/portable-small-power-station-for-camping-200w\/#primaryimage\"},\"image\":{\"@id\":\"https:\/\/www.upspower-supply.com\/product\/portable-small-power-station-for-camping-200w\/#primaryimage\"},\"thumbnailUrl\":\"https:\/\/www.upspower-supply.com\/wp-content\/uploads\/2025\/05\/portable-small-power-station-for-camping-200w-1.png\",\"datePublished\":\"2025-05-13T06:41:13+00:00\",\"dateModified\":\"2025-06-26T01:21:02+00:00\",\"breadcrumb\":{\"@id\":\"https:\/\/www.upspower-supply.com\/product\/portable-small-power-station-for-camping-200w\/#breadcrumb\"},\"inLanguage\":\"vi\",\"potentialAction\":[{\"@type\":\"ReadAction\",\"target\":[\"https:\/\/www.upspower-supply.com\/product\/portable-small-power-station-for-camping-200w\/\"]}]},{\"@type\":\"ImageObject\",\"inLanguage\":\"vi\",\"@id\":\"https:\/\/www.upspower-supply.com\/product\/portable-small-power-station-for-camping-200w\/#primaryimage\",\"url\":\"https:\/\/www.upspower-supply.com\/wp-content\/uploads\/2025\/05\/portable-small-power-station-for-camping-200w-1.png\",\"contentUrl\":\"https:\/\/www.upspower-supply.com\/wp-content\/uploads\/2025\/05\/portable-small-power-station-for-camping-200w-1.png\",\"width\":1000,\"height\":1000,\"caption\":\"portable small power station for camping 200w\"},{\"@type\":\"BreadcrumbList\",\"@id\":\"https:\/\/www.upspower-supply.com\/product\/portable-small-power-station-for-camping-200w\/#breadcrumb\",\"itemListElement\":[{\"@type\":\"ListItem\",\"position\":1,\"name\":\"Home\",\"item\":\"https:\/\/www.upspower-supply.com\/\"},{\"@type\":\"ListItem\",\"position\":2,\"name\":\"Shop\",\"item\":\"https:\/\/www.upspower-supply.com\/shop\/\"},{\"@type\":\"ListItem\",\"position\":3,\"name\":\"Portable small power station for camping 200w\"}]},{\"@type\":\"WebSite\",\"@id\":\"https:\/\/www.upspower-supply.com\/#website\",\"url\":\"https:\/\/www.upspower-supply.com\/\",\"name\":\"UPS power supply\",\"description\":\"\",\"potentialAction\":[{\"@type\":\"SearchAction\",\"target\":{\"@type\":\"EntryPoint\",\"urlTemplate\":\"https:\/\/www.upspower-supply.com\/?s={search_term_string}\"},\"query-input\":{\"@type\":\"PropertyValueSpecification\",\"valueRequired\":true,\"valueName\":\"search_term_string\"}}],\"inLanguage\":\"vi\"}]}<\/script>\n<!-- \/ Yoast SEO plugin. -->","yoast_head_json":{"title":"Portable small power station for camping 200w - UPS power supply","robots":{"index":"index","follow":"follow","max-snippet":"max-snippet:-1","max-image-preview":"max-image-preview:large","max-video-preview":"max-video-preview:-1"},"canonical":"https:\/\/www.upspower-supply.com\/vi\/san-pham\/portable-small-power-station-for-camping-200w\/","og_locale":"vi_VN","og_type":"article","og_title":"Portable small power station for camping 200w - UPS power supply","og_description":"MODEL RM-PA150   CAPACITY 39000mAh, 3.7V \/ 145Wh   DIMENSIONS(LWH) 196x108x126mm   WEIGHT 1.5Kg   BUILT-IN BATTERY High quality lithium battery   INPUT RECHARGING DC15V\/2A   FULLY CHARGED TIME DC 15V: 6.5 hours   OUTPUT USB 5V-3.1A(Max)   DC WATTAGE(MAX) 9~12.6V\/10A, 120W(Max)   AC OUTPUT 200W, Modified Wave Output. 110V (Build According to different nations)   POWER INDICATOR LED CONTROL PANEL   OPERATION TEMPERATURE RANGE -10\u00b0C~40\u00b0C   LIFECYCLE &gt;1000 times   PACKAGE INCLUDE 1 x Portable Power Generator 1 x Power Adapter 1 x Cigarette light adapter 1 x Car charger 1 x User manual    \u203b There may be some differences on the different spare parts. Please adhere to the actual product instead.","og_url":"https:\/\/www.upspower-supply.com\/vi\/san-pham\/portable-small-power-station-for-camping-200w\/","og_site_name":"UPS power supply","article_modified_time":"2025-06-26T01:21:02+00:00","og_image":[{"width":1000,"height":1000,"url":"https:\/\/www.upspower-supply.com\/wp-content\/uploads\/2025\/05\/portable-small-power-station-for-camping-200w-1.png","type":"image\/png"}],"twitter_card":"summary_large_image","twitter_misc":{"\u01af\u1edbc t\u00ednh th\u1eddi gian \u0111\u1ecdc":"4 ph\u00fat"},"schema":{"@context":"https:\/\/schema.org","@graph":[{"@type":"WebPage","@id":"https:\/\/www.upspower-supply.com\/product\/portable-small-power-station-for-camping-200w\/","url":"https:\/\/www.upspower-supply.com\/product\/portable-small-power-station-for-camping-200w\/","name":"Portable small power station for camping 200w - UPS power supply","isPartOf":{"@id":"https:\/\/www.upspower-supply.com\/#website"},"primaryImageOfPage":{"@id":"https:\/\/www.upspower-supply.com\/product\/portable-small-power-station-for-camping-200w\/#primaryimage"},"image":{"@id":"https:\/\/www.upspower-supply.com\/product\/portable-small-power-station-for-camping-200w\/#primaryimage"},"thumbnailUrl":"https:\/\/www.upspower-supply.com\/wp-content\/uploads\/2025\/05\/portable-small-power-station-for-camping-200w-1.png","datePublished":"2025-05-13T06:41:13+00:00","dateModified":"2025-06-26T01:21:02+00:00","breadcrumb":{"@id":"https:\/\/www.upspower-supply.com\/product\/portable-small-power-station-for-camping-200w\/#breadcrumb"},"inLanguage":"vi","potentialAction":[{"@type":"ReadAction","target":["https:\/\/www.upspower-supply.com\/product\/portable-small-power-station-for-camping-200w\/"]}]},{"@type":"ImageObject","inLanguage":"vi","@id":"https:\/\/www.upspower-supply.com\/product\/portable-small-power-station-for-camping-200w\/#primaryimage","url":"https:\/\/www.upspower-supply.com\/wp-content\/uploads\/2025\/05\/portable-small-power-station-for-camping-200w-1.png","contentUrl":"https:\/\/www.upspower-supply.com\/wp-content\/uploads\/2025\/05\/portable-small-power-station-for-camping-200w-1.png","width":1000,"height":1000,"caption":"portable small power station for camping 200w"},{"@type":"BreadcrumbList","@id":"https:\/\/www.upspower-supply.com\/product\/portable-small-power-station-for-camping-200w\/#breadcrumb","itemListElement":[{"@type":"ListItem","position":1,"name":"Home","item":"https:\/\/www.upspower-supply.com\/"},{"@type":"ListItem","position":2,"name":"Shop","item":"https:\/\/www.upspower-supply.com\/shop\/"},{"@type":"ListItem","position":3,"name":"Portable small power station for camping 200w"}]},{"@type":"WebSite","@id":"https:\/\/www.upspower-supply.com\/#website","url":"https:\/\/www.upspower-supply.com\/","name":"UPS power supply","description":"","potentialAction":[{"@type":"SearchAction","target":{"@type":"EntryPoint","urlTemplate":"https:\/\/www.upspower-supply.com\/?s={search_term_string}"},"query-input":{"@type":"PropertyValueSpecification","valueRequired":true,"valueName":"search_term_string"}}],"inLanguage":"vi"}]}},"uagb_featured_image_src":{"full":["https:\/\/www.upspower-supply.com\/wp-content\/uploads\/2025\/05\/portable-small-power-station-for-camping-200w-1.png",1000,1000,false],"thumbnail":["https:\/\/www.upspower-supply.com\/wp-content\/uploads\/2025\/05\/portable-small-power-station-for-camping-200w-1-150x150.png",150,150,true],"medium":["https:\/\/www.upspower-supply.com\/wp-content\/uploads\/2025\/05\/portable-small-power-station-for-camping-200w-1-300x300.png",300,300,true],"medium_large":["https:\/\/www.upspower-supply.com\/wp-content\/uploads\/2025\/05\/portable-small-power-station-for-camping-200w-1-768x768.png",768,768,true],"large":["https:\/\/www.upspower-supply.com\/wp-content\/uploads\/2025\/05\/portable-small-power-station-for-camping-200w-1.png",1000,1000,false],"1536x1536":["https:\/\/www.upspower-supply.com\/wp-content\/uploads\/2025\/05\/portable-small-power-station-for-camping-200w-1.png",1000,1000,false],"2048x2048":["https:\/\/www.upspower-supply.com\/wp-content\/uploads\/2025\/05\/portable-small-power-station-for-camping-200w-1.png",1000,1000,false],"trp-custom-language-flag":["https:\/\/www.upspower-supply.com\/wp-content\/uploads\/2025\/05\/portable-small-power-station-for-camping-200w-1-12x12.png",12,12,true],"woocommerce_thumbnail":["https:\/\/www.upspower-supply.com\/wp-content\/uploads\/2025\/05\/portable-small-power-station-for-camping-200w-1-300x300.png",300,300,true],"woocommerce_single":["https:\/\/www.upspower-supply.com\/wp-content\/uploads\/2025\/05\/portable-small-power-station-for-camping-200w-1-600x600.png",600,600,true],"woocommerce_gallery_thumbnail":["https:\/\/www.upspower-supply.com\/wp-content\/uploads\/2025\/05\/portable-small-power-station-for-camping-200w-1-100x100.png",100,100,true]},"uagb_author_info":{"display_name":"Tyne Tingey","author_link":"https:\/\/www.upspower-supply.com\/vi\/author\/"},"uagb_comment_info":0,"uagb_excerpt":"MODEL RM-PA150 CAPACITY 39000mAh, 3.7V \/ 145Wh DIMENSIONS(LWH) 196x108x126mm WEIGHT 1.5Kg BUILT-IN BATTERY High quality lithium battery INPUT RECHARGING DC15V\/2A FULLY CHARGED TIME DC 15V: 6.5 hours OUTPUT USB 5V-3.1A(Max) DC WATTAGE(MAX) 9~12.6V\/10A, 120W(Max) AC OUTPUT 200W, Modified Wave Output. 110V (Build According to different nations) POWER INDICATOR LED CONTROL PANEL OPERATION TEMPERATURE RANGE -10\u00b0C~40\u00b0C&hellip;","_links":{"self":[{"href":"https:\/\/www.upspower-supply.com\/vi\/wp-json\/wp\/v2\/product\/1312","targetHints":{"allow":["GET"]}}],"collection":[{"href":"https:\/\/www.upspower-supply.com\/vi\/wp-json\/wp\/v2\/product"}],"about":[{"href":"https:\/\/www.upspower-supply.com\/vi\/wp-json\/wp\/v2\/types\/product"}],"replies":[{"embeddable":true,"href":"https:\/\/www.upspower-supply.com\/vi\/wp-json\/wp\/v2\/comments?post=1312"}],"wp:featuredmedia":[{"embeddable":true,"href":"https:\/\/www.upspower-supply.com\/vi\/wp-json\/wp\/v2\/media\/1305"}],"wp:attachment":[{"href":"https:\/\/www.upspower-supply.com\/vi\/wp-json\/wp\/v2\/media?parent=1312"}],"wp:term":[{"taxonomy":"product_brand","embeddable":true,"href":"https:\/\/www.upspower-supply.com\/vi\/wp-json\/wp\/v2\/product_brand?post=1312"},{"taxonomy":"product_cat","embeddable":true,"href":"https:\/\/www.upspower-supply.com\/vi\/wp-json\/wp\/v2\/product_cat?post=1312"},{"taxonomy":"product_tag","embeddable":true,"href":"https:\/\/www.upspower-supply.com\/vi\/wp-json\/wp\/v2\/product_tag?post=1312"}],"curies":[{"name":"wp","href":"https:\/\/api.w.org\/{rel}","templated":true}]}}