{"id":2133,"date":"2026-02-26T05:27:28","date_gmt":"2026-02-26T05:27:28","guid":{"rendered":"https:\/\/www.upspower-supply.com\/?page_id=2133"},"modified":"2026-03-31T09:33:10","modified_gmt":"2026-03-31T09:33:10","slug":"nobreak","status":"publish","type":"page","link":"https:\/\/www.upspower-supply.com\/vi\/nobreak\/","title":{"rendered":"Kh\u00f4ng gi\u00e1n \u0111o\u1ea1n"},"content":{"rendered":"<section id=\"products\" class=\"py-20 max-w-7xl mx-auto px-4\">\n        <div class=\"text-center mb-16\">\n            <h2 class=\"text-3xl font-bold text-gray-800\">D\u00f2ng s\u1ea3n ph\u1ea9m cao c\u1ea5p kh\u00f4ng gi\u00e1n \u0111o\u1ea1n c\u1ee7a ch\u00fang t\u00f4i<\/h2>\n            <p class=\"text-gray-600 mt-4\">H\u1ec7 th\u1ed1ng b\u1ea3o v\u1ec7 ngu\u1ed3n \u0111i\u1ec7n \u0111\u01b0\u1ee3c thi\u1ebft k\u1ebf ch\u00ednh x\u00e1c cho m\u1ecdi \u1ee9ng d\u1ee5ng.<\/p>\n        <\/div>\n\n        <div class=\"grid grid-cols-1 md:grid-cols-2 lg:grid-cols-4 gap-8\">\n            \n            <div class=\"bg-white p-6 rounded-2xl shadow-md border border-gray-100 hover:shadow-xl transition\">\n    <a href=\"\/vi\/san-pham\/nobreak-1-10kva-uninterruptible-power-supply-for-small-business\/\">\n        <img decoding=\"async\" src=\"https:\/\/www.upspower-supply.com\/wp-content\/uploads\/2026\/03\/nobreak-1-10kva-1-300x300.jpg\" alt=\"Nobreak 1kVA 2kva 3kva 6kva 10kva\" class=\"w-full mb-6 rounded-lg\">\n    <\/a>\n    <span class=\"text-blue-600 font-bold text-sm uppercase tracking-widest\">Doanh nghi\u1ec7p nh\u1ecf \/ Gia \u0111\u00ecnh<\/span>\n    <a href=\"\/vi\/san-pham\/nobreak-1-10kva-uninterruptible-power-supply-for-small-business\/\">\n        <h3 class=\"text-2xl font-bold mt-2\">Kh\u00f4ng b\u1ecb gi\u00e1n \u0111o\u1ea1n 1-10kVA<\/h3>\n    <\/a>\n    <p class=\"text-gray-600 mt-3 mb-6\">Ho\u00e0n h\u1ea3o cho m\u00e1y tr\u1ea1m, m\u00e1y ch\u1ee7 v\u00e0 thi\u1ebft b\u1ecb m\u1ea1ng. Nh\u1ecf g\u1ecdn, ho\u1ea1t \u0111\u1ed9ng \u00eam \u00e1i v\u00e0 hi\u1ec7u qu\u1ea3 cao.<\/p>\n<\/div>\n\n           <div class=\"bg-white p-6 rounded-2xl shadow-md border border-gray-100 hover:shadow-xl transition\">\n    <a href=\"\/vi\/san-pham\/nobreak-20kva-ups-systems-manufacturer\/\">\n        <img decoding=\"async\" src=\"https:\/\/www.upspower-supply.com\/wp-content\/uploads\/2026\/02\/nobreak-20kva-1-300x300.jpg\" alt=\"Kh\u00f4ng b\u1ecb gi\u00e1n \u0111o\u1ea1n 20kVA\" class=\"w-full mb-6 rounded-lg\">\n    <\/a>\n    <span class=\"text-blue-600 font-bold text-sm uppercase tracking-widest\">Chuy\u00ean gia CNTT<\/span>\n    <a href=\"\/vi\/san-pham\/nobreak-20kva-ups-systems-manufacturer\/\">\n        <h3 class=\"text-2xl font-bold mt-2\">Kh\u00f4ng b\u1ecb gi\u00e1n \u0111o\u1ea1n 20kVA<\/h3>\n    <\/a>\n    <p class=\"text-gray-600 mt-3 mb-6\">\u0110\u01b0\u1ee3c thi\u1ebft k\u1ebf cho ph\u00f2ng m\u00e1y ch\u1ee7 v\u00e0 c\u00e1c thi\u1ebft b\u1ecb y t\u1ebf quan tr\u1ecdng y\u00eau c\u1ea7u ngu\u1ed3n \u0111i\u1ec7n \u1ed5n \u0111\u1ecbnh, d\u1ea1ng s\u00f3ng sin thu\u1ea7n t\u00fay.<\/p>\n<\/div>\n\n<div class=\"bg-white p-6 rounded-2xl shadow-md border border-gray-100 hover:shadow-xl transition\">\n    <a href=\"\/vi\/san-pham\/nobreak-40kva-best-ups-power-supply\/\">\n        <img decoding=\"async\" src=\"https:\/\/www.upspower-supply.com\/wp-content\/uploads\/2026\/02\/nobreak-40kva-1-300x300.jpg\" alt=\"Kh\u00f4ng b\u1ecb gi\u00e1n \u0111o\u1ea1n 40kVA\" class=\"w-full mb-6 rounded-lg\">\n    <\/a>\n    <span class=\"text-blue-600 font-bold text-sm uppercase tracking-widest\">Doanh nghi\u1ec7p<\/span>\n    <a href=\"\/vi\/san-pham\/nobreak-40kva-best-ups-power-supply\/\">\n        <h3 class=\"text-2xl font-bold mt-2\">Kh\u00f4ng b\u1ecb gi\u00e1n \u0111o\u1ea1n 40kVA<\/h3>\n    <\/a>\n    <p class=\"text-gray-600 mt-3 mb-6\">Gi\u1ea3i ph\u00e1p b\u1ea3o v\u1ec7 ngu\u1ed3n \u0111i\u1ec7n m\u1eadt \u0111\u1ed9 cao v\u1edbi kh\u1ea3 n\u0103ng m\u1edf r\u1ed9ng theo m\u00f4-\u0111un d\u00e0nh cho c\u00e1c trung t\u00e2m d\u1eef li\u1ec7u \u0111ang ph\u00e1t tri\u1ec3n.<\/p>\n<\/div>\n\n            <div class=\"bg-white p-6 rounded-2xl shadow-md border border-gray-100 hover:shadow-xl transition\">\n    <a href=\"\/vi\/san-pham\/nobreak-60kva-uninterruptible-power-supply-china\/\">\n        <img decoding=\"async\" src=\"https:\/\/www.upspower-supply.com\/wp-content\/uploads\/2026\/03\/nobreak-60kva-uninterruptible-power-supply-china-2-300x300.jpg\" alt=\"Kh\u00f4ng b\u1ecb gi\u00e1n \u0111o\u1ea1n 60kva\" class=\"w-full mb-6 rounded-lg\">\n    <\/a>\n    <span class=\"text-blue-600 font-bold text-sm uppercase tracking-widest\">Doanh nghi\u1ec7p nh\u1ecf \/ Gia \u0111\u00ecnh<\/span>\n    <a href=\"\/vi\/san-pham\/nobreak-60kva-uninterruptible-power-supply-china\/\">\n        <h3 class=\"text-2xl font-bold mt-2\">Kh\u00f4ng b\u1ecb gi\u00e1n \u0111o\u1ea1n 60kVA<\/h3>\n    <\/a>\n    <p class=\"text-gray-600 mt-3 mb-6\">H\u1ec7 th\u1ed1ng b\u1ea3o v\u1ec7 ngu\u1ed3n \u0111i\u1ec7n 3 pha m\u1ea1nh m\u1ebd d\u00e0nh cho d\u00e2y chuy\u1ec1n s\u1ea3n xu\u1ea5t v\u00e0 c\u01a1 s\u1edf h\u1ea1 t\u1ea7ng quy m\u00f4 l\u1edbn.<\/p>\n<\/div>\n\n            <div class=\"bg-white p-6 rounded-2xl shadow-md border border-gray-100 hover:shadow-xl transition\">\n    <a href=\"\/vi\/san-pham\/nobreak-300kva-ups-systems-manufacturer\/\">\n        <img decoding=\"async\" src=\"https:\/\/www.upspower-supply.com\/wp-content\/uploads\/2026\/03\/nobreak-300kva-300x300.jpg\" alt=\"Kh\u00f4ng b\u1ecb gi\u00e1n \u0111o\u1ea1n 40kVA\" class=\"w-full mb-6 rounded-lg\">\n    <\/a>\n    <span class=\"text-blue-600 font-bold text-sm uppercase tracking-widest\">C\u01a1 s\u1edf h\u1ea1 t\u1ea7ng tr\u1ecdng y\u1ebfu<\/span>\n    <a href=\"\/vi\/san-pham\/nobreak-300kva-ups-systems-manufacturer\/\">\n        <h3 class=\"text-2xl font-bold mt-2\">Kh\u00f4ng b\u1ecb gi\u00e1n \u0111o\u1ea1n 300kVA<\/h3>\n    <\/a>\n    <p class=\"text-gray-600 mt-3 mb-6\">\u0110\u01a1n v\u1ecb m\u00f4-\u0111un m\u1ea1nh m\u1ebd nh\u1ea5t c\u1ee7a ch\u00fang t\u00f4i. Kh\u1ea3 n\u0103ng d\u1ef1 ph\u00f2ng v\u00e0 tr\u00ed th\u00f4ng minh t\u1ed1i \u0111a cho nh\u1eefng m\u00f4i tr\u01b0\u1eddng \u0111\u00f2i h\u1ecfi kh\u1eaft khe nh\u1ea5t.<\/p>\n<\/div>\n\n        <\/div>\n    <\/section><h2 class=\"wp-block-heading\">Nobreak \u2013 Nh\u00e0 s\u1ea3n xu\u1ea5t, nh\u00e0 cung c\u1ea5p, nh\u00e0 m\u00e1y t\u1ea1i Trung Qu\u1ed1c<\/h2><p>\n    L\u00e0 nh\u00e0 s\u1ea3n xu\u1ea5t v\u00e0 cung c\u1ea5p gi\u1ea3i ph\u00e1p ngu\u1ed3n \u0111i\u1ec7n kh\u00f4ng gi\u00e1n \u0111o\u1ea1n chuy\u00ean nghi\u1ec7p t\u1ea1i Trung Qu\u1ed1c, ch\u00fang t\u00f4i chuy\u00ean cung c\u1ea5p c\u00e1c h\u1ec7 th\u1ed1ng hi\u1ec7u su\u1ea5t cao, t\u1eeb c\u00e1c thi\u1ebft b\u1ecb c\u00f4ng su\u1ea5t nh\u1ecf 1-10kVA \u0111\u1ebfn c\u00e1c m\u00f4 h\u00ecnh c\u00f4ng nghi\u1ec7p quy m\u00f4 l\u1edbn 300kVA. V\u1edbi c\u01a1 s\u1edf s\u1ea3n xu\u1ea5t ti\u00ean ti\u1ebfn, \u0111\u1ed9i ng\u0169 k\u1ef9 s\u01b0 gi\u00e0u kinh nghi\u1ec7m v\u00e0 quy tr\u00ecnh ki\u1ec3m so\u00e1t ch\u1ea5t l\u01b0\u1ee3ng nghi\u00eam ng\u1eb7t, ch\u00fang t\u00f4i lu\u00f4n cung c\u1ea5p c\u00e1c h\u1ec7 th\u1ed1ng kh\u00f4ng gi\u00e1n \u0111o\u1ea1n \u0111\u00e1ng tin c\u1eady, hi\u1ec7u qu\u1ea3 v\u00e0 b\u1ec1n b\u1ec9 cho kh\u00e1ch h\u00e0ng to\u00e0n c\u1ea7u.\n  <\/p><figure class=\"wp-block-image size-large\"><img loading=\"lazy\" decoding=\"async\" width=\"1024\" height=\"406\" src=\"https:\/\/www.upspower-supply.com\/wp-content\/uploads\/2026\/03\/nobreak-china-factory-1024x406.jpg\" alt=\"nh\u00e0 m\u00e1y Trung Qu\u1ed1c kh\u00f4ng b\u1ecb h\u1ecfng\" class=\"wp-image-2169\" srcset=\"https:\/\/www.upspower-supply.com\/wp-content\/uploads\/2026\/03\/nobreak-china-factory-1024x406.jpg 1024w, https:\/\/www.upspower-supply.com\/wp-content\/uploads\/2026\/03\/nobreak-china-factory-300x119.jpg 300w, https:\/\/www.upspower-supply.com\/wp-content\/uploads\/2026\/03\/nobreak-china-factory-768x304.jpg 768w, https:\/\/www.upspower-supply.com\/wp-content\/uploads\/2026\/03\/nobreak-china-factory-1536x608.jpg 1536w, https:\/\/www.upspower-supply.com\/wp-content\/uploads\/2026\/03\/nobreak-china-factory-18x7.jpg 18w, https:\/\/www.upspower-supply.com\/wp-content\/uploads\/2026\/03\/nobreak-china-factory-600x238.jpg 600w, https:\/\/www.upspower-supply.com\/wp-content\/uploads\/2026\/03\/nobreak-china-factory.jpg 1815w\" sizes=\"auto, (max-width: 1024px) 100vw, 1024px\" \/><\/figure><p>\n    C\u00e1c s\u1ea3n ph\u1ea9m Nobreak c\u1ee7a ch\u00fang t\u00f4i \u0111\u01b0\u1ee3c \u1ee9ng d\u1ee5ng r\u1ed9ng r\u00e3i trong c\u00e1c trung t\u00e2m d\u1eef li\u1ec7u, b\u1ec7nh vi\u1ec7n, vi\u1ec5n th\u00f4ng, nh\u00e0 m\u00e1y s\u1ea3n xu\u1ea5t, t\u1ed5 ch\u1ee9c t\u00e0i ch\u00ednh v\u00e0 c\u00e1c t\u00f2a nh\u00e0 th\u01b0\u01a1ng m\u1ea1i. V\u1edbi c\u00f4ng ngh\u1ec7 chuy\u1ec3n \u0111\u1ed5i k\u00e9p ti\u00ean ti\u1ebfn, h\u1ec7 th\u1ed1ng gi\u00e1m s\u00e1t th\u00f4ng minh v\u00e0 c\u00e1c linh ki\u1ec7n hi\u1ec7u su\u1ea5t cao, gi\u1ea3i ph\u00e1p c\u1ee7a ch\u00fang t\u00f4i \u0111\u1ea3m b\u1ea3o \u0111i\u1ec7n \u00e1p \u0111\u1ea7u ra \u1ed5n \u0111\u1ecbnh, chuy\u1ec3n m\u1ea1ch ngu\u1ed3n li\u1ec1n m\u1ea1ch v\u00e0 b\u1ea3o v\u1ec7 to\u00e0n di\u1ec7n ch\u1ed1ng l\u1ea1i s\u1ef1 c\u1ed1 m\u1ea5t \u0111i\u1ec7n, t\u0103ng \u00e1p v\u00e0 dao \u0111\u1ed9ng \u0111i\u1ec7n \u00e1p.\n  <\/p><p>\n    Ch\u00fang t\u00f4i \u00e1p d\u1ee5ng c\u00e1c ti\u00eau chu\u1ea9n ki\u1ec3m tra ch\u1ea5t l\u01b0\u1ee3ng nghi\u00eam ng\u1eb7t trong su\u1ed1t qu\u00e1 tr\u00ecnh t\u1eeb t\u00ecm ngu\u1ed3n nguy\u00ean v\u1eadt li\u1ec7u, l\u1eafp r\u00e1p m\u1ea1ch in, t\u00edch h\u1ee3p h\u1ec7 th\u1ed1ng v\u00e0 th\u1eed nghi\u1ec7m t\u1ea3i cu\u1ed1i c\u00f9ng. M\u1ed7i s\u1ea3n ph\u1ea9m \u0111\u1ec1u tr\u1ea3i qua qu\u00e1 tr\u00ecnh ki\u1ec3m tra hi\u1ec7u n\u0103ng v\u00e0 an to\u00e0n to\u00e0n di\u1ec7n tr\u01b0\u1edbc khi xu\u1ea5t x\u01b0\u1edfng \u0111\u1ec3 \u0111\u1ea3m b\u1ea3o t\u00ednh \u1ed5n \u0111\u1ecbnh ho\u1ea1t \u0111\u1ed9ng l\u00e2u d\u00e0i. Ch\u00fang t\u00f4i cung c\u1ea5p d\u1ecbch v\u1ee5 OEM v\u00e0 ODM, bao g\u1ed3m t\u00f9y ch\u1ec9nh \u0111i\u1ec7n \u00e1p, t\u1ea7n s\u1ed1, thi\u1ebft k\u1ebf v\u1ecf m\u00e1y, th\u01b0\u01a1ng hi\u1ec7u v\u00e0 giao th\u1ee9c truy\u1ec1n th\u00f4ng \u0111\u1ec3 \u0111\u00e1p \u1ee9ng c\u00e1c y\u00eau c\u1ea7u c\u1ee5 th\u1ec3 c\u1ee7a d\u1ef1 \u00e1n.\n  <\/p><p>\n    Th\u1ecb tr\u01b0\u1eddng ch\u00ednh c\u1ee7a ch\u00fang t\u00f4i t\u1eadp trung \u1edf \u0110\u00f4ng Nam \u00c1, Trung \u0110\u00f4ng, Nam \u00c1, Ch\u00e2u Phi v\u00e0 m\u1ed9t s\u1ed1 khu v\u1ef1c ch\u00e2u \u00c2u. Ch\u00fang t\u00f4i \u0111\u00e3 x\u00e2y d\u1ef1ng \u0111\u01b0\u1ee3c v\u1ecb th\u1ebf th\u1ecb tr\u01b0\u1eddng v\u1eefng ch\u1eafc t\u1ea1i c\u00e1c khu v\u1ef1c n\u00e0y th\u00f4ng qua gi\u00e1 c\u1ea3 c\u1ea1nh tranh tr\u1ef1c ti\u1ebfp t\u1eeb nh\u00e0 m\u00e1y, n\u0103ng l\u1ef1c cung \u1ee9ng \u1ed5n \u0111\u1ecbnh v\u00e0 d\u1ecbch v\u1ee5 h\u1eadu m\u00e3i \u0111\u00e1ng tin c\u1eady. Hi\u1ec7n t\u1ea1i, tr\u1ecdng t\u00e2m th\u1ecb tr\u01b0\u1eddng c\u1ee7a ch\u00fang t\u00f4i kh\u00f4ng t\u1eadp trung v\u00e0o B\u1eafc M\u1ef9, \u0111i\u1ec1u n\u00e0y cho ph\u00e9p ch\u00fang t\u00f4i t\u1ed1i \u01b0u h\u00f3a t\u1ed1t h\u01a1n c\u00e1c ti\u00eau chu\u1ea9n v\u00e0 ch\u1ee9ng nh\u1eadn s\u1ea3n ph\u1ea9m cho c\u00e1c th\u1ecb tr\u01b0\u1eddng khu v\u1ef1c c\u1ed1t l\u00f5i c\u1ee7a m\u00ecnh.\n  <\/p><figure class=\"wp-block-image size-full\"><img loading=\"lazy\" decoding=\"async\" width=\"1000\" height=\"594\" src=\"https:\/\/www.upspower-supply.com\/wp-content\/uploads\/2026\/03\/packaging-and-shipping-of-nobreak.jpg\" alt=\"\u0111\u00f3ng g\u00f3i v\u00e0 v\u1eadn chuy\u1ec3n h\u00e0ng kh\u00f4ng b\u1ecb h\u1ecfng\" class=\"wp-image-2172\" srcset=\"https:\/\/www.upspower-supply.com\/wp-content\/uploads\/2026\/03\/packaging-and-shipping-of-nobreak.jpg 1000w, https:\/\/www.upspower-supply.com\/wp-content\/uploads\/2026\/03\/packaging-and-shipping-of-nobreak-300x178.jpg 300w, https:\/\/www.upspower-supply.com\/wp-content\/uploads\/2026\/03\/packaging-and-shipping-of-nobreak-768x456.jpg 768w, https:\/\/www.upspower-supply.com\/wp-content\/uploads\/2026\/03\/packaging-and-shipping-of-nobreak-18x12.jpg 18w, https:\/\/www.upspower-supply.com\/wp-content\/uploads\/2026\/03\/packaging-and-shipping-of-nobreak-600x356.jpg 600w\" sizes=\"auto, (max-width: 1000px) 100vw, 1000px\" \/><\/figure><p>\n    Cho d\u00f9 b\u1ea1n \u0111ang t\u00ecm ki\u1ebfm c\u00e1c thi\u1ebft b\u1ecb Nobreak nh\u1ecf g\u1ecdn 1\u201310kVA cho c\u00e1c \u1ee9ng d\u1ee5ng doanh nghi\u1ec7p nh\u1ecf hay c\u00e1c h\u1ec7 th\u1ed1ng c\u00f4ng nghi\u1ec7p c\u00f4ng su\u1ea5t cao 200\u2013300kVA cho c\u00e1c d\u1ef1 \u00e1n c\u01a1 s\u1edf h\u1ea1 t\u1ea7ng l\u1edbn, ch\u00fang t\u00f4i cam k\u1ebft tr\u1edf th\u00e0nh \u0111\u1ed1i t\u00e1c s\u1ea3n xu\u1ea5t \u0111\u00e1ng tin c\u1eady c\u1ee7a b\u1ea1n b\u1eb1ng c\u00e1ch cung c\u1ea5p ch\u1ea5t l\u01b0\u1ee3ng \u1ed5n \u0111\u1ecbnh, h\u1ed7 tr\u1ee3 chuy\u00ean nghi\u1ec7p v\u00e0 gi\u00e1 tr\u1ecb l\u00e2u d\u00e0i.\n  <\/p>","protected":false},"excerpt":{"rendered":"<p>Our Premium Nobreak Lineup Precision-engineered power protection for any application. Small Business \/ Home Nobreak 1-10kVA Perfect for workstations, servers, [&hellip;]<\/p>","protected":false},"author":1,"featured_media":0,"parent":0,"menu_order":0,"comment_status":"closed","ping_status":"closed","template":"","meta":{"_acf_changed":false,"_uag_custom_page_level_css":"","site-sidebar-layout":"default","site-content-layout":"","ast-site-content-layout":"","site-content-style":"default","site-sidebar-style":"default","ast-global-header-display":"","ast-banner-title-visibility":"","ast-main-header-display":"","ast-hfb-above-header-display":"","ast-hfb-below-header-display":"","ast-hfb-mobile-header-display":"","site-post-title":"disabled","ast-breadcrumbs-content":"","ast-featured-img":"","footer-sml-layout":"","theme-transparent-header-meta":"","adv-header-id-meta":"","stick-header-meta":"","header-above-stick-meta":"","header-main-stick-meta":"","header-below-stick-meta":"","astra-migrate-meta-layouts":"default","ast-page-background-enabled":"default","ast-page-background-meta":{"desktop":{"background-color":"var(--ast-global-color-4)","background-image":"","background-repeat":"repeat","background-position":"center center","background-size":"auto","background-attachment":"scroll","background-type":"","background-media":"","overlay-type":"","overlay-color":"","overlay-opacity":"","overlay-gradient":""},"tablet":{"background-color":"","background-image":"","background-repeat":"repeat","background-position":"center center","background-size":"auto","background-attachment":"scroll","background-type":"","background-media":"","overlay-type":"","overlay-color":"","overlay-opacity":"","overlay-gradient":""},"mobile":{"background-color":"","background-image":"","background-repeat":"repeat","background-position":"center center","background-size":"auto","background-attachment":"scroll","background-type":"","background-media":"","overlay-type":"","overlay-color":"","overlay-opacity":"","overlay-gradient":""}},"ast-content-background-meta":{"desktop":{"background-color":"var(--ast-global-color-5)","background-image":"","background-repeat":"repeat","background-position":"center center","background-size":"auto","background-attachment":"scroll","background-type":"","background-media":"","overlay-type":"","overlay-color":"","overlay-opacity":"","overlay-gradient":""},"tablet":{"background-color":"var(--ast-global-color-5)","background-image":"","background-repeat":"repeat","background-position":"center center","background-size":"auto","background-attachment":"scroll","background-type":"","background-media":"","overlay-type":"","overlay-color":"","overlay-opacity":"","overlay-gradient":""},"mobile":{"background-color":"var(--ast-global-color-5)","background-image":"","background-repeat":"repeat","background-position":"center center","background-size":"auto","background-attachment":"scroll","background-type":"","background-media":"","overlay-type":"","overlay-color":"","overlay-opacity":"","overlay-gradient":""}},"footnotes":""},"class_list":["post-2133","page","type-page","status-publish","hentry"],"acf":[],"yoast_head":"<!-- This site is optimized with the Yoast SEO plugin v25.0 - https:\/\/yoast.com\/wordpress\/plugins\/seo\/ -->\n<title>Nobreak supplier &amp; manufacturer, - UPS power supply<\/title>\n<meta name=\"description\" content=\"Protect your infrastructure with reliable Nobreak power systems. nobreak 20kva,nobreak 40kva, nobreak 60kva, to nobreak 300kva, find the perfect backup for home, office, or data centers.\" \/>\n<meta name=\"robots\" content=\"index, follow, max-snippet:-1, max-image-preview:large, max-video-preview:-1\" \/>\n<link rel=\"canonical\" href=\"https:\/\/www.upspower-supply.com\/vi\/nobreak\/\" \/>\n<meta property=\"og:locale\" content=\"vi_VN\" \/>\n<meta property=\"og:type\" content=\"article\" \/>\n<meta property=\"og:title\" content=\"Nobreak supplier &amp; manufacturer, - UPS power supply\" \/>\n<meta property=\"og:description\" content=\"Protect your infrastructure with reliable Nobreak power systems. nobreak 20kva,nobreak 40kva, nobreak 60kva, to nobreak 300kva, find the perfect backup for home, office, or data centers.\" \/>\n<meta property=\"og:url\" content=\"https:\/\/www.upspower-supply.com\/vi\/nobreak\/\" \/>\n<meta property=\"og:site_name\" content=\"UPS power supply\" \/>\n<meta property=\"article:modified_time\" content=\"2026-03-31T09:33:10+00:00\" \/>\n<meta property=\"og:image\" content=\"https:\/\/www.upspower-supply.com\/wp-content\/uploads\/2026\/03\/nobreak-1-10kva-1-300x300.jpg\" \/>\n<meta name=\"twitter:card\" content=\"summary_large_image\" \/>\n<meta name=\"twitter:label1\" content=\"\u01af\u1edbc t\u00ednh th\u1eddi gian \u0111\u1ecdc\" \/>\n\t<meta name=\"twitter:data1\" content=\"3 ph\u00fat\" \/>\n<script type=\"application\/ld+json\" class=\"yoast-schema-graph\">{\"@context\":\"https:\/\/schema.org\",\"@graph\":[{\"@type\":\"WebPage\",\"@id\":\"https:\/\/www.upspower-supply.com\/nobreak\/\",\"url\":\"https:\/\/www.upspower-supply.com\/nobreak\/\",\"name\":\"Nobreak supplier & manufacturer, - UPS power supply\",\"isPartOf\":{\"@id\":\"https:\/\/www.upspower-supply.com\/#website\"},\"primaryImageOfPage\":{\"@id\":\"https:\/\/www.upspower-supply.com\/nobreak\/#primaryimage\"},\"image\":{\"@id\":\"https:\/\/www.upspower-supply.com\/nobreak\/#primaryimage\"},\"thumbnailUrl\":\"https:\/\/www.upspower-supply.com\/wp-content\/uploads\/2026\/03\/nobreak-1-10kva-1-300x300.jpg\",\"datePublished\":\"2026-02-26T05:27:28+00:00\",\"dateModified\":\"2026-03-31T09:33:10+00:00\",\"description\":\"Protect your infrastructure with reliable Nobreak power systems. nobreak 20kva,nobreak 40kva, nobreak 60kva, to nobreak 300kva, find the perfect backup for home, office, or data centers.\",\"breadcrumb\":{\"@id\":\"https:\/\/www.upspower-supply.com\/nobreak\/#breadcrumb\"},\"inLanguage\":\"vi\",\"potentialAction\":[{\"@type\":\"ReadAction\",\"target\":[\"https:\/\/www.upspower-supply.com\/nobreak\/\"]}]},{\"@type\":\"ImageObject\",\"inLanguage\":\"vi\",\"@id\":\"https:\/\/www.upspower-supply.com\/nobreak\/#primaryimage\",\"url\":\"https:\/\/www.upspower-supply.com\/wp-content\/uploads\/2026\/03\/nobreak-1-10kva-1-300x300.jpg\",\"contentUrl\":\"https:\/\/www.upspower-supply.com\/wp-content\/uploads\/2026\/03\/nobreak-1-10kva-1-300x300.jpg\"},{\"@type\":\"BreadcrumbList\",\"@id\":\"https:\/\/www.upspower-supply.com\/nobreak\/#breadcrumb\",\"itemListElement\":[{\"@type\":\"ListItem\",\"position\":1,\"name\":\"Home\",\"item\":\"https:\/\/www.upspower-supply.com\/\"},{\"@type\":\"ListItem\",\"position\":2,\"name\":\"Nobreak\"}]},{\"@type\":\"WebSite\",\"@id\":\"https:\/\/www.upspower-supply.com\/#website\",\"url\":\"https:\/\/www.upspower-supply.com\/\",\"name\":\"UPS power supply\",\"description\":\"\",\"potentialAction\":[{\"@type\":\"SearchAction\",\"target\":{\"@type\":\"EntryPoint\",\"urlTemplate\":\"https:\/\/www.upspower-supply.com\/?s={search_term_string}\"},\"query-input\":{\"@type\":\"PropertyValueSpecification\",\"valueRequired\":true,\"valueName\":\"search_term_string\"}}],\"inLanguage\":\"vi\"}]}<\/script>\n<!-- \/ Yoast SEO plugin. -->","yoast_head_json":{"title":"Nobreak supplier & manufacturer, - UPS power supply","description":"Protect your infrastructure with reliable Nobreak power systems. nobreak 20kva,nobreak 40kva, nobreak 60kva, to nobreak 300kva, find the perfect backup for home, office, or data centers.","robots":{"index":"index","follow":"follow","max-snippet":"max-snippet:-1","max-image-preview":"max-image-preview:large","max-video-preview":"max-video-preview:-1"},"canonical":"https:\/\/www.upspower-supply.com\/vi\/nobreak\/","og_locale":"vi_VN","og_type":"article","og_title":"Nobreak supplier & manufacturer, - UPS power supply","og_description":"Protect your infrastructure with reliable Nobreak power systems. nobreak 20kva,nobreak 40kva, nobreak 60kva, to nobreak 300kva, find the perfect backup for home, office, or data centers.","og_url":"https:\/\/www.upspower-supply.com\/vi\/nobreak\/","og_site_name":"UPS power supply","article_modified_time":"2026-03-31T09:33:10+00:00","og_image":[{"url":"https:\/\/www.upspower-supply.com\/wp-content\/uploads\/2026\/03\/nobreak-1-10kva-1-300x300.jpg","type":"","width":"","height":""}],"twitter_card":"summary_large_image","twitter_misc":{"\u01af\u1edbc t\u00ednh th\u1eddi gian \u0111\u1ecdc":"3 ph\u00fat"},"schema":{"@context":"https:\/\/schema.org","@graph":[{"@type":"WebPage","@id":"https:\/\/www.upspower-supply.com\/nobreak\/","url":"https:\/\/www.upspower-supply.com\/nobreak\/","name":"Nobreak supplier & manufacturer, - UPS power supply","isPartOf":{"@id":"https:\/\/www.upspower-supply.com\/#website"},"primaryImageOfPage":{"@id":"https:\/\/www.upspower-supply.com\/nobreak\/#primaryimage"},"image":{"@id":"https:\/\/www.upspower-supply.com\/nobreak\/#primaryimage"},"thumbnailUrl":"https:\/\/www.upspower-supply.com\/wp-content\/uploads\/2026\/03\/nobreak-1-10kva-1-300x300.jpg","datePublished":"2026-02-26T05:27:28+00:00","dateModified":"2026-03-31T09:33:10+00:00","description":"Protect your infrastructure with reliable Nobreak power systems. nobreak 20kva,nobreak 40kva, nobreak 60kva, to nobreak 300kva, find the perfect backup for home, office, or data centers.","breadcrumb":{"@id":"https:\/\/www.upspower-supply.com\/nobreak\/#breadcrumb"},"inLanguage":"vi","potentialAction":[{"@type":"ReadAction","target":["https:\/\/www.upspower-supply.com\/nobreak\/"]}]},{"@type":"ImageObject","inLanguage":"vi","@id":"https:\/\/www.upspower-supply.com\/nobreak\/#primaryimage","url":"https:\/\/www.upspower-supply.com\/wp-content\/uploads\/2026\/03\/nobreak-1-10kva-1-300x300.jpg","contentUrl":"https:\/\/www.upspower-supply.com\/wp-content\/uploads\/2026\/03\/nobreak-1-10kva-1-300x300.jpg"},{"@type":"BreadcrumbList","@id":"https:\/\/www.upspower-supply.com\/nobreak\/#breadcrumb","itemListElement":[{"@type":"ListItem","position":1,"name":"Home","item":"https:\/\/www.upspower-supply.com\/"},{"@type":"ListItem","position":2,"name":"Nobreak"}]},{"@type":"WebSite","@id":"https:\/\/www.upspower-supply.com\/#website","url":"https:\/\/www.upspower-supply.com\/","name":"UPS power supply","description":"","potentialAction":[{"@type":"SearchAction","target":{"@type":"EntryPoint","urlTemplate":"https:\/\/www.upspower-supply.com\/?s={search_term_string}"},"query-input":{"@type":"PropertyValueSpecification","valueRequired":true,"valueName":"search_term_string"}}],"inLanguage":"vi"}]}},"uagb_featured_image_src":{"full":false,"thumbnail":false,"medium":false,"medium_large":false,"large":false,"1536x1536":false,"2048x2048":false,"trp-custom-language-flag":false,"woocommerce_thumbnail":false,"woocommerce_single":false,"woocommerce_gallery_thumbnail":false},"uagb_author_info":{"display_name":"Tyne Tingey","author_link":"https:\/\/www.upspower-supply.com\/vi\/author\/tyne-tingey\/"},"uagb_comment_info":0,"uagb_excerpt":"Our Premium Nobreak Lineup Precision-engineered power protection for any application. Small Business \/ Home Nobreak 1-10kVA Perfect for workstations, servers, [&hellip;]","_links":{"self":[{"href":"https:\/\/www.upspower-supply.com\/vi\/wp-json\/wp\/v2\/pages\/2133","targetHints":{"allow":["GET"]}}],"collection":[{"href":"https:\/\/www.upspower-supply.com\/vi\/wp-json\/wp\/v2\/pages"}],"about":[{"href":"https:\/\/www.upspower-supply.com\/vi\/wp-json\/wp\/v2\/types\/page"}],"author":[{"embeddable":true,"href":"https:\/\/www.upspower-supply.com\/vi\/wp-json\/wp\/v2\/users\/1"}],"replies":[{"embeddable":true,"href":"https:\/\/www.upspower-supply.com\/vi\/wp-json\/wp\/v2\/comments?post=2133"}],"version-history":[{"count":12,"href":"https:\/\/www.upspower-supply.com\/vi\/wp-json\/wp\/v2\/pages\/2133\/revisions"}],"predecessor-version":[{"id":2220,"href":"https:\/\/www.upspower-supply.com\/vi\/wp-json\/wp\/v2\/pages\/2133\/revisions\/2220"}],"wp:attachment":[{"href":"https:\/\/www.upspower-supply.com\/vi\/wp-json\/wp\/v2\/media?parent=2133"}],"curies":[{"name":"wp","href":"https:\/\/api.w.org\/{rel}","templated":true}]}}