{"id":1177,"date":"2025-04-22T07:33:12","date_gmt":"2025-04-22T07:33:12","guid":{"rendered":"https:\/\/www.upspower-supply.com\/?page_id=1177"},"modified":"2026-04-16T07:43:16","modified_gmt":"2026-04-16T07:43:16","slug":"test","status":"publish","type":"page","link":"https:\/\/www.upspower-supply.com\/vi\/test\/","title":{"rendered":"B\u00e0i ki\u1ec3m tra"},"content":{"rendered":"<div class=\"wp-block-uagb-container uagb-block-b3ea8ed8 alignfull uagb-is-root-container\"><div class=\"uagb-container-inner-blocks-wrap\"><div class=\"wp-block-uagb-tabs uagb-block-c9de8356 uagb-tabs__wrap uagb-tabs__hstyle1-desktop uagb-tabs__vstyle6-tablet uagb-tabs__stack1-mobile\" data-tab-active=\"0\"><ul class=\"uagb-tabs__panel uagb-tabs__align-center\" role=\"tablist\"><li class=\"uagb-tab uagb-tabs__active\" role=\"none\"><a href=\"#uagb-tabs__tab0\" class=\"uagb-tabs-list uagb-tabs__icon-position-left\" data-tab=\"0\" role=\"tab\"><div>Tab 1<\/div><\/a><\/li><li class=\"uagb-tab\" role=\"none\"><a href=\"#uagb-tabs__tab1\" class=\"uagb-tabs-list uagb-tabs__icon-position-left\" data-tab=\"1\" role=\"tab\"><div>Tab 2<\/div><\/a><\/li><li class=\"uagb-tab\" role=\"none\"><a href=\"#uagb-tabs__tab2\" class=\"uagb-tabs-list uagb-tabs__icon-position-left\" data-tab=\"2\" role=\"tab\"><div>Tab 3<\/div><\/a><\/li><\/ul><div class=\"uagb-tabs__body-wrap\"><div class=\"wp-block-uagb-tabs-child uagb-tabs__body-container uagb-inner-tab-0\" aria-labelledby=\"uagb-tabs__tab0\"><p>Lorem ipsum dolor sit amet, consectetur adipiscing elit. Ut elit Tellus, luctus nec ullamcorper mattis, pulvinar dapibus leo.111<\/p><\/div>\n\n<div class=\"wp-block-uagb-tabs-child uagb-tabs__body-container uagb-inner-tab-1\" aria-labelledby=\"uagb-tabs__tab1\"><p>Lorem ipsum dolor sit amet, consectetur adipiscing elit. Ut elit Tellus, luctus nec ullamcorper mattis, pulvinar dapibus leo.2222<\/p><\/div>\n\n<div class=\"wp-block-uagb-tabs-child uagb-tabs__body-container uagb-inner-tab-2\" aria-labelledby=\"uagb-tabs__tab2\"><p>Lorem ipsum dolor sit amet, consectetur adipiscing elit. Ut elit Tellus, luctus nec ullamcorper mattis, pulvinar dapibus leo. 333<\/p><\/div><\/div><\/div><\/div><\/div><div class=\"wp-block-uagb-container uagb-block-8f25598b alignfull uagb-is-root-container\"><div class=\"uagb-container-inner-blocks-wrap\"><p class=\"!mb-3\">!mb-3<\/p><\/div><\/div><div class=\"wp-block-uagb-container uagb-block-yx44bedg alignfull uagb-is-root-container\"><div class=\"uagb-container-inner-blocks-wrap\"><div class=\"wp-block-uagb-advanced-heading uagb-block-tcdd2mrn\"><h2 class=\"uagb-heading-text\">Nh\u1eefng c\u00e2u h\u1ecfi th\u01b0\u1eddng g\u1eb7p<\/h2><\/div>\n\n<div class=\"wp-block-uagb-faq uagb-faq__outer-wrap uagb-block-gqfupjfz uagb-faq-icon-row-reverse uagb-faq-layout-accordion uagb-faq-expand-first-true uagb-faq-inactive-other-true uagb-faq__wrap uagb-buttons-layout-wrap uagb-faq-equal-height\" data-faqtoggle=\"true\" role=\"tablist\"><div class=\"wp-block-uagb-faq-child uagb-faq-child__outer-wrap uagb-faq-item uagb-block-ppeg1jpi\" role=\"tab\" tabindex=\"0\"><div class=\"uagb-faq-questions-button uagb-faq-questions\">\t\t\t<span class=\"uagb-icon uagb-faq-icon-wrap\">\n\t\t\t\t\t\t\t\t<svg xmlns=\"https:\/\/www.w3.org\/2000\/svg\" viewbox= \"0 0 448 512\"><path d=\"M224 416c-8.188 0-16.38-3.125-22.62-9.375l-192-192c-12.5-12.5-12.5-32.75 0-45.25s32.75-12.5 45.25 0L224 338.8l169.4-169.4c12.5-12.5 32.75-12.5 45.25 0s12.5 32.75 0 45.25l-192 192C240.4 412.9 232.2 416 224 416z\"><\/path><\/svg>\n\t\t\t\t\t\t\t<\/span>\n\t\t\t\t\t\t<span class=\"uagb-icon-active uagb-faq-icon-wrap\">\n\t\t\t\t\t\t\t\t<svg xmlns=\"https:\/\/www.w3.org\/2000\/svg\" viewbox= \"0 0 448 512\"><path d=\"M416 352c-8.188 0-16.38-3.125-22.62-9.375L224 173.3l-169.4 169.4c-12.5 12.5-32.75 12.5-45.25 0s-12.5-32.75 0-45.25l192-192c12.5-12.5 32.75-12.5 45.25 0l192 192c12.5 12.5 12.5 32.75 0 45.25C432.4 348.9 424.2 352 416 352z\"><\/path><\/svg>\n\t\t\t\t\t\t\t<\/span>\n\t\t\t<p class=\"uagb-question\">T\u00f4i c\u00f3 th\u1ec3 \u0111\u1eb7t h\u00e0ng nh\u01b0 th\u1ebf n\u00e0o?<\/p><\/div><div class=\"uagb-faq-content\"><p>\u0110\u1ec3 \u0111\u1eb7t h\u00e0ng, ch\u1ec9 c\u1ea7n duy\u1ec7t trang web c\u1ee7a ch\u00fang t\u00f4i, ch\u1ecdn s\u1ea3n ph\u1ea9m mong mu\u1ed1n v\u00e0 ti\u1ebfn h\u00e0nh thanh to\u00e1n. L\u00e0m theo h\u01b0\u1edbng d\u1eabn \u0111\u1ec3 cung c\u1ea5p th\u00f4ng tin giao h\u00e0ng v\u00e0 thanh to\u00e1n, \u0111\u01a1n h\u00e0ng c\u1ee7a b\u1ea1n s\u1ebd \u0111\u01b0\u1ee3c x\u1eed l\u00fd.<\/p><\/div><\/div><div class=\"wp-block-uagb-faq-child uagb-faq-child__outer-wrap uagb-faq-item uagb-block-dja57pov\" role=\"tab\" tabindex=\"0\"><div class=\"uagb-faq-questions-button uagb-faq-questions\">\t\t\t<span class=\"uagb-icon uagb-faq-icon-wrap\">\n\t\t\t\t\t\t\t\t<svg xmlns=\"https:\/\/www.w3.org\/2000\/svg\" viewbox= \"0 0 448 512\"><path d=\"M224 416c-8.188 0-16.38-3.125-22.62-9.375l-192-192c-12.5-12.5-12.5-32.75 0-45.25s32.75-12.5 45.25 0L224 338.8l169.4-169.4c12.5-12.5 32.75-12.5 45.25 0s12.5 32.75 0 45.25l-192 192C240.4 412.9 232.2 416 224 416z\"><\/path><\/svg>\n\t\t\t\t\t\t\t<\/span>\n\t\t\t\t\t\t<span class=\"uagb-icon-active uagb-faq-icon-wrap\">\n\t\t\t\t\t\t\t\t<svg xmlns=\"https:\/\/www.w3.org\/2000\/svg\" viewbox= \"0 0 448 512\"><path d=\"M416 352c-8.188 0-16.38-3.125-22.62-9.375L224 173.3l-169.4 169.4c-12.5 12.5-32.75 12.5-45.25 0s-12.5-32.75 0-45.25l192-192c12.5-12.5 32.75-12.5 45.25 0l192 192c12.5 12.5 12.5 32.75 0 45.25C432.4 348.9 424.2 352 416 352z\"><\/path><\/svg>\n\t\t\t\t\t\t\t<\/span>\n\t\t\t<p class=\"uagb-question\">B\u1ea1n ch\u1ea5p nh\u1eadn nh\u1eefng ph\u01b0\u01a1ng th\u1ee9c thanh to\u00e1n n\u00e0o?<\/p><\/div><div class=\"uagb-faq-content\"><p>Ch\u00fang t\u00f4i ch\u1ea5p nh\u1eadn nhi\u1ec1u ph\u01b0\u01a1ng th\u1ee9c thanh to\u00e1n kh\u00e1c nhau, bao g\u1ed3m th\u1ebb t\u00edn d\u1ee5ng\/th\u1ebb ghi n\u1ee3, PayPal v\u00e0 chuy\u1ec3n kho\u1ea3n ng\u00e2n h\u00e0ng. Khi thanh to\u00e1n, b\u1ea1n s\u1ebd c\u00f3 t\u00f9y ch\u1ecdn ch\u1ecdn ph\u01b0\u01a1ng th\u1ee9c thanh to\u00e1n \u01b0a th\u00edch.<\/p><\/div><\/div><div class=\"wp-block-uagb-faq-child uagb-faq-child__outer-wrap uagb-faq-item uagb-block-s4cpz6us\" role=\"tab\" tabindex=\"0\"><div class=\"uagb-faq-questions-button uagb-faq-questions\">\t\t\t<span class=\"uagb-icon uagb-faq-icon-wrap\">\n\t\t\t\t\t\t\t\t<svg xmlns=\"https:\/\/www.w3.org\/2000\/svg\" viewbox= \"0 0 448 512\"><path d=\"M224 416c-8.188 0-16.38-3.125-22.62-9.375l-192-192c-12.5-12.5-12.5-32.75 0-45.25s32.75-12.5 45.25 0L224 338.8l169.4-169.4c12.5-12.5 32.75-12.5 45.25 0s12.5 32.75 0 45.25l-192 192C240.4 412.9 232.2 416 224 416z\"><\/path><\/svg>\n\t\t\t\t\t\t\t<\/span>\n\t\t\t\t\t\t<span class=\"uagb-icon-active uagb-faq-icon-wrap\">\n\t\t\t\t\t\t\t\t<svg xmlns=\"https:\/\/www.w3.org\/2000\/svg\" viewbox= \"0 0 448 512\"><path d=\"M416 352c-8.188 0-16.38-3.125-22.62-9.375L224 173.3l-169.4 169.4c-12.5 12.5-32.75 12.5-45.25 0s-12.5-32.75 0-45.25l192-192c12.5-12.5 32.75-12.5 45.25 0l192 192c12.5 12.5 12.5 32.75 0 45.25C432.4 348.9 424.2 352 416 352z\"><\/path><\/svg>\n\t\t\t\t\t\t\t<\/span>\n\t\t\t<p class=\"uagb-question\">Th\u1eddi gian v\u1eadn chuy\u1ec3n m\u1ea5t bao l\u00e2u?<\/p><\/div><div class=\"uagb-faq-content\"><p>Th\u1eddi gian giao h\u00e0ng thay \u0111\u1ed5i t\u00f9y theo v\u1ecb tr\u00ed c\u1ee7a b\u1ea1n. Th\u00f4ng th\u01b0\u1eddng, \u0111\u01a1n h\u00e0ng \u0111\u01b0\u1ee3c x\u1eed l\u00fd trong v\u00f2ng 1-2 ng\u00e0y l\u00e0m vi\u1ec7c v\u00e0 th\u1eddi gian giao h\u00e0ng c\u00f3 th\u1ec3 t\u1eeb 3-10 ng\u00e0y l\u00e0m vi\u1ec7c. B\u1ea1n s\u1ebd nh\u1eadn \u0111\u01b0\u1ee3c m\u00e3 theo d\u00f5i sau khi \u0111\u01a1n h\u00e0ng \u0111\u01b0\u1ee3c giao.<\/p><\/div><\/div><div class=\"wp-block-uagb-faq-child uagb-faq-child__outer-wrap uagb-faq-item uagb-block-w5qqsm14\" role=\"tab\" tabindex=\"0\"><div class=\"uagb-faq-questions-button uagb-faq-questions\">\t\t\t<span class=\"uagb-icon uagb-faq-icon-wrap\">\n\t\t\t\t\t\t\t\t<svg xmlns=\"https:\/\/www.w3.org\/2000\/svg\" viewbox= \"0 0 448 512\"><path d=\"M224 416c-8.188 0-16.38-3.125-22.62-9.375l-192-192c-12.5-12.5-12.5-32.75 0-45.25s32.75-12.5 45.25 0L224 338.8l169.4-169.4c12.5-12.5 32.75-12.5 45.25 0s12.5 32.75 0 45.25l-192 192C240.4 412.9 232.2 416 224 416z\"><\/path><\/svg>\n\t\t\t\t\t\t\t<\/span>\n\t\t\t\t\t\t<span class=\"uagb-icon-active uagb-faq-icon-wrap\">\n\t\t\t\t\t\t\t\t<svg xmlns=\"https:\/\/www.w3.org\/2000\/svg\" viewbox= \"0 0 448 512\"><path d=\"M416 352c-8.188 0-16.38-3.125-22.62-9.375L224 173.3l-169.4 169.4c-12.5 12.5-32.75 12.5-45.25 0s-12.5-32.75 0-45.25l192-192c12.5-12.5 32.75-12.5 45.25 0l192 192c12.5 12.5 12.5 32.75 0 45.25C432.4 348.9 424.2 352 416 352z\"><\/path><\/svg>\n\t\t\t\t\t\t\t<\/span>\n\t\t\t<p class=\"uagb-question\">B\u1ea1n c\u00f3 cung c\u1ea5p d\u1ecbch v\u1ee5 v\u1eadn chuy\u1ec3n qu\u1ed1c t\u1ebf kh\u00f4ng?<\/p><\/div><div class=\"uagb-faq-content\"><p>C\u00f3, ch\u00fang t\u00f4i cung c\u1ea5p d\u1ecbch v\u1ee5 v\u1eadn chuy\u1ec3n qu\u1ed1c t\u1ebf \u0111\u1ebfn m\u1ed9t s\u1ed1 qu\u1ed1c gia \u0111\u01b0\u1ee3c ch\u1ecdn. Trong qu\u00e1 tr\u00ecnh thanh to\u00e1n, b\u1ea1n s\u1ebd c\u00f3 th\u1ec3 ki\u1ec3m tra xem qu\u1ed1c gia c\u1ee7a m\u00ecnh c\u00f3 \u0111\u1ee7 \u0111i\u1ec1u ki\u1ec7n v\u1eadn chuy\u1ec3n hay kh\u00f4ng. Xin l\u01b0u \u00fd r\u1eb1ng c\u00f3 th\u1ec3 \u00e1p d\u1ee5ng th\u00eam ph\u00ed h\u1ea3i quan ho\u1eb7c thu\u1ebf khi nh\u1eadn h\u00e0ng, v\u00e0 ng\u01b0\u1eddi nh\u1eadn c\u00f3 tr\u00e1ch nhi\u1ec7m chi tr\u1ea3 c\u00e1c kho\u1ea3n ph\u00ed n\u00e0y.<\/p><\/div><\/div><div class=\"wp-block-uagb-faq-child uagb-faq-child__outer-wrap uagb-faq-item uagb-block-kerpijvb\" role=\"tab\" tabindex=\"0\"><div class=\"uagb-faq-questions-button uagb-faq-questions\">\t\t\t<span class=\"uagb-icon uagb-faq-icon-wrap\">\n\t\t\t\t\t\t\t\t<svg xmlns=\"https:\/\/www.w3.org\/2000\/svg\" viewbox= \"0 0 448 512\"><path d=\"M224 416c-8.188 0-16.38-3.125-22.62-9.375l-192-192c-12.5-12.5-12.5-32.75 0-45.25s32.75-12.5 45.25 0L224 338.8l169.4-169.4c12.5-12.5 32.75-12.5 45.25 0s12.5 32.75 0 45.25l-192 192C240.4 412.9 232.2 416 224 416z\"><\/path><\/svg>\n\t\t\t\t\t\t\t<\/span>\n\t\t\t\t\t\t<span class=\"uagb-icon-active uagb-faq-icon-wrap\">\n\t\t\t\t\t\t\t\t<svg xmlns=\"https:\/\/www.w3.org\/2000\/svg\" viewbox= \"0 0 448 512\"><path d=\"M416 352c-8.188 0-16.38-3.125-22.62-9.375L224 173.3l-169.4 169.4c-12.5 12.5-32.75 12.5-45.25 0s-12.5-32.75 0-45.25l192-192c12.5-12.5 32.75-12.5 45.25 0l192 192c12.5 12.5 12.5 32.75 0 45.25C432.4 348.9 424.2 352 416 352z\"><\/path><\/svg>\n\t\t\t\t\t\t\t<\/span>\n\t\t\t<p class=\"uagb-question\">Ch\u00ednh s\u00e1ch ho\u00e0n tr\u1ea3 c\u1ee7a b\u1ea1n l\u00e0 g\u00ec?<\/p><\/div><div class=\"uagb-faq-content\"><p>Ch\u00fang t\u00f4i c\u00f3 ch\u00ednh s\u00e1ch \u0111\u1ed5i tr\u1ea3 trong v\u00f2ng 30 ng\u00e0y. N\u1ebfu b\u1ea1n kh\u00f4ng h\u00e0i l\u00f2ng v\u1edbi s\u1ea3n ph\u1ea9m \u0111\u00e3 mua, b\u1ea1n c\u00f3 th\u1ec3 tr\u1ea3 l\u1ea1i \u0111\u1ec3 \u0111\u01b0\u1ee3c ho\u00e0n ti\u1ec1n ho\u1eb7c \u0111\u1ed5i s\u1ea3n ph\u1ea9m trong v\u00f2ng 30 ng\u00e0y k\u1ec3 t\u1eeb ng\u00e0y nh\u1eadn h\u00e0ng. Vui l\u00f2ng li\u00ean h\u1ec7 v\u1edbi b\u1ed9 ph\u1eadn ch\u0103m s\u00f3c kh\u00e1ch h\u00e0ng c\u1ee7a ch\u00fang t\u00f4i \u0111\u1ec3 b\u1eaft \u0111\u1ea7u quy tr\u00ecnh \u0111\u1ed5i tr\u1ea3.<\/p><\/div><\/div><div class=\"wp-block-uagb-faq-child uagb-faq-child__outer-wrap uagb-faq-item uagb-block-tkfasqv8\" role=\"tab\" tabindex=\"0\"><div class=\"uagb-faq-questions-button uagb-faq-questions\">\t\t\t<span class=\"uagb-icon uagb-faq-icon-wrap\">\n\t\t\t\t\t\t\t\t<svg xmlns=\"https:\/\/www.w3.org\/2000\/svg\" viewbox= \"0 0 448 512\"><path d=\"M224 416c-8.188 0-16.38-3.125-22.62-9.375l-192-192c-12.5-12.5-12.5-32.75 0-45.25s32.75-12.5 45.25 0L224 338.8l169.4-169.4c12.5-12.5 32.75-12.5 45.25 0s12.5 32.75 0 45.25l-192 192C240.4 412.9 232.2 416 224 416z\"><\/path><\/svg>\n\t\t\t\t\t\t\t<\/span>\n\t\t\t\t\t\t<span class=\"uagb-icon-active uagb-faq-icon-wrap\">\n\t\t\t\t\t\t\t\t<svg xmlns=\"https:\/\/www.w3.org\/2000\/svg\" viewbox= \"0 0 448 512\"><path d=\"M416 352c-8.188 0-16.38-3.125-22.62-9.375L224 173.3l-169.4 169.4c-12.5 12.5-32.75 12.5-45.25 0s-12.5-32.75 0-45.25l192-192c12.5-12.5 32.75-12.5 45.25 0l192 192c12.5 12.5 12.5 32.75 0 45.25C432.4 348.9 424.2 352 416 352z\"><\/path><\/svg>\n\t\t\t\t\t\t\t<\/span>\n\t\t\t<p class=\"uagb-question\">T\u00f4i c\u00f3 th\u1ec3 theo d\u00f5i \u0111\u01a1n h\u00e0ng c\u1ee7a m\u00ecnh kh\u00f4ng?<\/p><\/div><div class=\"uagb-faq-content\"><p>C\u00f3, sau khi \u0111\u01a1n h\u00e0ng c\u1ee7a b\u1ea1n \u0111\u01b0\u1ee3c giao, b\u1ea1n s\u1ebd nh\u1eadn \u0111\u01b0\u1ee3c m\u00e3 s\u1ed1 theo d\u00f5i qua email. B\u1ea1n c\u00f3 th\u1ec3 s\u1eed d\u1ee5ng m\u00e3 s\u1ed1 n\u00e0y \u0111\u1ec3 theo d\u00f5i ti\u1ebfn tr\u00ecnh \u0111\u01a1n h\u00e0ng tr\u00ean trang web c\u1ee7a ch\u00fang t\u00f4i ho\u1eb7c trang web c\u1ee7a \u0111\u01a1n v\u1ecb chuy\u1ec3n ph\u00e1t nhanh.<\/p><\/div><\/div><\/div><\/div><\/div><div class=\"grid-cols-3 md:grid-cols-3 grid\">\n        <div class=\"p-3 bg-blue-100\">1<\/div>\n        <div class=\"p-3 bg-blue-100\">2<\/div>\n        <div class=\"p-3 bg-blue-100\">3<\/div>\n    <\/div><div class=\"wp-block-uagb-container uagb-block-64529dec alignfull uagb-is-root-container\"><div class=\"uagb-container-inner-blocks-wrap\"><div class=\"wp-block-uagb-modal uagb-block-adfa43fd uagb-modal-wrapper\" data-escpress=\"enable\" data-overlayclick=\"disable\"><div class=\"uagb-effect-default uagb-modal-popup uagb-block-adfa43fd uagb-modal-type-undefined\"><div class=\"uagb-modal-popup-wrap\"><div class=\"uagb-modal-popup-content\"><div class=\"wp-block-uagb-info-box uagb-block-174ae235 uagb-infobox__content-wrap  uagb-infobox-icon-above-title uagb-infobox-image-valign-top\"><div class=\"uagb-ifb-content\"><div class=\"uagb-ifb-icon-wrap\"><svg xmlns=\"https:\/\/www.w3.org\/2000\/svg\" viewbox=\"0 0 512 512\"><path d=\"M0 256C0 114.6 114.6 0 256 0C397.4 0 512 114.6 512 256C512 397.4 397.4 512 256 512C114.6 512 0 397.4 0 256zM371.8 211.8C382.7 200.9 382.7 183.1 371.8 172.2C360.9 161.3 343.1 161.3 332.2 172.2L224 280.4L179.8 236.2C168.9 225.3 151.1 225.3 140.2 236.2C129.3 247.1 129.3 264.9 140.2 275.8L204.2 339.8C215.1 350.7 232.9 350.7 243.8 339.8L371.8 211.8z\"><\/path><\/svg><\/div><div class=\"uagb-ifb-title-wrap\"><h3 class=\"uagb-ifb-title\">Thu h\u00fat kh\u00e1ch truy c\u1eadp c\u1ee7a b\u1ea1n!<\/h3><\/div><p class=\"uagb-ifb-desc\">B\u1ea5m v\u00e0o \u0111\u00e2y l\u00e0 n\u1ed9i dung ph\u01b0\u01a1ng th\u1ee9c. Lorem ipsum dolor sit amet, consectetur adipiscing elit. Ut elit Tellus, luctus nec ullamcorper mattis pulvinar dapibus.<\/p><div class=\"uagb-ifb-button-wrapper wp-block-button\"><a href=\"#\" class=\"uagb-infobox-cta-link wp-block-button__link\" target=\"_self\" rel=\"noopener noreferrer\" onclick=\"return false;\"><span class=\"uagb-inline-editing\">K\u00eau g\u1ecdi h\u00e0nh \u0111\u1ed9ng<\/span><\/a><\/div><\/div><\/div>\n\n<p class=\"bg-blue-700 text-white my-3\">fsfsas<\/p><\/div><button class=\"uagb-modal-popup-close\" aria-label=\"\u0110\u00f3ng c\u1eeda s\u1ed5\"><svg xmlns=\"https:\/\/www.w3.org\/2000\/svg\" viewbox=\"0 0 320 512\"><path d=\"M310.6 361.4c12.5 12.5 12.5 32.75 0 45.25C304.4 412.9 296.2 416 288 416s-16.38-3.125-22.62-9.375L160 301.3L54.63 406.6C48.38 412.9 40.19 416 32 416S15.63 412.9 9.375 406.6c-12.5-12.5-12.5-32.75 0-45.25l105.4-105.4L9.375 150.6c-12.5-12.5-12.5-32.75 0-45.25s32.75-12.5 45.25 0L160 210.8l105.4-105.4c12.5-12.5 32.75-12.5 45.25 0s12.5 32.75 0 45.25l-105.4 105.4L310.6 361.4z\"><\/path><\/svg><\/button><\/div><\/div><\/div><\/div><\/div><p class=\"max-h-[80vh] bg-amber-700\">max-h-[80vh]<\/p><p class=\"bg-slate-100\">bg-slate-100<\/p><p class=\"overflow-auto\">tr\u00e0n t\u1ef1 \u0111\u1ed9ng<\/p><p class=\"px-4! pb-4 text-sm text-gray-600 leading-relaxed\">px-4! pb-4 text-sm text-gray-600 leading-relaxed<\/p><p class=\"group-open:hidden\">group-open:hidden<\/p><p class=\"group-open:inline\">group-open:inline<\/p><p class=\"justify-between items-center\">c\u0103n ch\u1ec9nh gi\u1eefa c\u00e1c m\u1ee5c<\/p><p class=\"cursor-pointer\">con tr\u1ecf chu\u1ed9t<\/p><p class=\"sticky top-0\">m\u1eb7t tr\u00ean d\u00ednh-0<\/p><p class=\"sticky top-0 bg-gray-200 px-3 h-96\">sticky top-0 bg-gray-200 px-3 h-96<\/p>","protected":false},"excerpt":{"rendered":"<p>!mb-3 Frequently Asked Questions 1 2 3 max-h-[80vh] bg-slate-100 overflow-auto px-4! pb-4 text-sm text-gray-600 leading-relaxed group-open:hidden group-open:inline justify-between items-center cursor-pointer [&hellip;]<\/p>","protected":false},"author":1,"featured_media":0,"parent":0,"menu_order":0,"comment_status":"closed","ping_status":"closed","template":"","meta":{"_acf_changed":false,"_uag_custom_page_level_css":"","site-sidebar-layout":"default","site-content-layout":"","ast-site-content-layout":"","site-content-style":"default","site-sidebar-style":"default","ast-global-header-display":"","ast-banner-title-visibility":"","ast-main-header-display":"","ast-hfb-above-header-display":"","ast-hfb-below-header-display":"","ast-hfb-mobile-header-display":"","site-post-title":"","ast-breadcrumbs-content":"","ast-featured-img":"","footer-sml-layout":"","theme-transparent-header-meta":"","adv-header-id-meta":"","stick-header-meta":"","header-above-stick-meta":"","header-main-stick-meta":"","header-below-stick-meta":"","astra-migrate-meta-layouts":"default","ast-page-background-enabled":"default","ast-page-background-meta":{"desktop":{"background-color":"var(--ast-global-color-4)","background-image":"","background-repeat":"repeat","background-position":"center center","background-size":"auto","background-attachment":"scroll","background-type":"","background-media":"","overlay-type":"","overlay-color":"","overlay-opacity":"","overlay-gradient":""},"tablet":{"background-color":"","background-image":"","background-repeat":"repeat","background-position":"center center","background-size":"auto","background-attachment":"scroll","background-type":"","background-media":"","overlay-type":"","overlay-color":"","overlay-opacity":"","overlay-gradient":""},"mobile":{"background-color":"","background-image":"","background-repeat":"repeat","background-position":"center center","background-size":"auto","background-attachment":"scroll","background-type":"","background-media":"","overlay-type":"","overlay-color":"","overlay-opacity":"","overlay-gradient":""}},"ast-content-background-meta":{"desktop":{"background-color":"var(--ast-global-color-5)","background-image":"","background-repeat":"repeat","background-position":"center center","background-size":"auto","background-attachment":"scroll","background-type":"","background-media":"","overlay-type":"","overlay-color":"","overlay-opacity":"","overlay-gradient":""},"tablet":{"background-color":"var(--ast-global-color-5)","background-image":"","background-repeat":"repeat","background-position":"center center","background-size":"auto","background-attachment":"scroll","background-type":"","background-media":"","overlay-type":"","overlay-color":"","overlay-opacity":"","overlay-gradient":""},"mobile":{"background-color":"var(--ast-global-color-5)","background-image":"","background-repeat":"repeat","background-position":"center center","background-size":"auto","background-attachment":"scroll","background-type":"","background-media":"","overlay-type":"","overlay-color":"","overlay-opacity":"","overlay-gradient":""}},"footnotes":""},"class_list":["post-1177","page","type-page","status-publish","hentry"],"acf":[],"yoast_head":"<!-- This site is optimized with the Yoast SEO plugin v25.0 - https:\/\/yoast.com\/wordpress\/plugins\/seo\/ -->\n<title>test - UPS power supply<\/title>\n<meta name=\"robots\" content=\"index, follow, max-snippet:-1, max-image-preview:large, max-video-preview:-1\" \/>\n<link rel=\"canonical\" href=\"https:\/\/www.upspower-supply.com\/vi\/test\/\" \/>\n<meta property=\"og:locale\" content=\"vi_VN\" \/>\n<meta property=\"og:type\" content=\"article\" \/>\n<meta property=\"og:title\" content=\"test - UPS power supply\" \/>\n<meta property=\"og:description\" content=\"!mb-3 Frequently Asked Questions 1 2 3 max-h-[80vh] bg-slate-100 overflow-auto px-4! pb-4 text-sm text-gray-600 leading-relaxed group-open:hidden group-open:inline justify-between items-center cursor-pointer [&hellip;]\" \/>\n<meta property=\"og:url\" content=\"https:\/\/www.upspower-supply.com\/vi\/test\/\" \/>\n<meta property=\"og:site_name\" content=\"UPS power supply\" \/>\n<meta property=\"article:modified_time\" content=\"2026-04-16T07:43:16+00:00\" \/>\n<meta name=\"twitter:card\" content=\"summary_large_image\" \/>\n<meta name=\"twitter:label1\" content=\"\u01af\u1edbc t\u00ednh th\u1eddi gian \u0111\u1ecdc\" \/>\n\t<meta name=\"twitter:data1\" content=\"1 ph\u00fat\" \/>\n<script type=\"application\/ld+json\" class=\"yoast-schema-graph\">{\"@context\":\"https:\/\/schema.org\",\"@graph\":[{\"@type\":\"WebPage\",\"@id\":\"https:\/\/www.upspower-supply.com\/test\/\",\"url\":\"https:\/\/www.upspower-supply.com\/test\/\",\"name\":\"test - UPS power supply\",\"isPartOf\":{\"@id\":\"https:\/\/www.upspower-supply.com\/#website\"},\"datePublished\":\"2025-04-22T07:33:12+00:00\",\"dateModified\":\"2026-04-16T07:43:16+00:00\",\"breadcrumb\":{\"@id\":\"https:\/\/www.upspower-supply.com\/test\/#breadcrumb\"},\"inLanguage\":\"vi\",\"potentialAction\":[{\"@type\":\"ReadAction\",\"target\":[\"https:\/\/www.upspower-supply.com\/test\/\"]}]},{\"@type\":\"BreadcrumbList\",\"@id\":\"https:\/\/www.upspower-supply.com\/test\/#breadcrumb\",\"itemListElement\":[{\"@type\":\"ListItem\",\"position\":1,\"name\":\"Home\",\"item\":\"https:\/\/www.upspower-supply.com\/\"},{\"@type\":\"ListItem\",\"position\":2,\"name\":\"test\"}]},{\"@type\":\"WebSite\",\"@id\":\"https:\/\/www.upspower-supply.com\/#website\",\"url\":\"https:\/\/www.upspower-supply.com\/\",\"name\":\"UPS power supply\",\"description\":\"\",\"potentialAction\":[{\"@type\":\"SearchAction\",\"target\":{\"@type\":\"EntryPoint\",\"urlTemplate\":\"https:\/\/www.upspower-supply.com\/?s={search_term_string}\"},\"query-input\":{\"@type\":\"PropertyValueSpecification\",\"valueRequired\":true,\"valueName\":\"search_term_string\"}}],\"inLanguage\":\"vi\"}]}<\/script>\n<!-- \/ Yoast SEO plugin. -->","yoast_head_json":{"title":"test - UPS power supply","robots":{"index":"index","follow":"follow","max-snippet":"max-snippet:-1","max-image-preview":"max-image-preview:large","max-video-preview":"max-video-preview:-1"},"canonical":"https:\/\/www.upspower-supply.com\/vi\/test\/","og_locale":"vi_VN","og_type":"article","og_title":"test - UPS power supply","og_description":"!mb-3 Frequently Asked Questions 1 2 3 max-h-[80vh] bg-slate-100 overflow-auto px-4! pb-4 text-sm text-gray-600 leading-relaxed group-open:hidden group-open:inline justify-between items-center cursor-pointer [&hellip;]","og_url":"https:\/\/www.upspower-supply.com\/vi\/test\/","og_site_name":"UPS power supply","article_modified_time":"2026-04-16T07:43:16+00:00","twitter_card":"summary_large_image","twitter_misc":{"\u01af\u1edbc t\u00ednh th\u1eddi gian \u0111\u1ecdc":"1 ph\u00fat"},"schema":{"@context":"https:\/\/schema.org","@graph":[{"@type":"WebPage","@id":"https:\/\/www.upspower-supply.com\/test\/","url":"https:\/\/www.upspower-supply.com\/test\/","name":"test - UPS power supply","isPartOf":{"@id":"https:\/\/www.upspower-supply.com\/#website"},"datePublished":"2025-04-22T07:33:12+00:00","dateModified":"2026-04-16T07:43:16+00:00","breadcrumb":{"@id":"https:\/\/www.upspower-supply.com\/test\/#breadcrumb"},"inLanguage":"vi","potentialAction":[{"@type":"ReadAction","target":["https:\/\/www.upspower-supply.com\/test\/"]}]},{"@type":"BreadcrumbList","@id":"https:\/\/www.upspower-supply.com\/test\/#breadcrumb","itemListElement":[{"@type":"ListItem","position":1,"name":"Home","item":"https:\/\/www.upspower-supply.com\/"},{"@type":"ListItem","position":2,"name":"test"}]},{"@type":"WebSite","@id":"https:\/\/www.upspower-supply.com\/#website","url":"https:\/\/www.upspower-supply.com\/","name":"UPS power supply","description":"","potentialAction":[{"@type":"SearchAction","target":{"@type":"EntryPoint","urlTemplate":"https:\/\/www.upspower-supply.com\/?s={search_term_string}"},"query-input":{"@type":"PropertyValueSpecification","valueRequired":true,"valueName":"search_term_string"}}],"inLanguage":"vi"}]}},"uagb_featured_image_src":{"full":false,"thumbnail":false,"medium":false,"medium_large":false,"large":false,"1536x1536":false,"2048x2048":false,"trp-custom-language-flag":false,"woocommerce_thumbnail":false,"woocommerce_single":false,"woocommerce_gallery_thumbnail":false},"uagb_author_info":{"display_name":"Tyne Tingey","author_link":"https:\/\/www.upspower-supply.com\/vi\/author\/tyne-tingey\/"},"uagb_comment_info":0,"uagb_excerpt":"!mb-3 Frequently Asked Questions 1 2 3 max-h-[80vh] bg-slate-100 overflow-auto px-4! pb-4 text-sm text-gray-600 leading-relaxed group-open:hidden group-open:inline justify-between items-center cursor-pointer [&hellip;]","_links":{"self":[{"href":"https:\/\/www.upspower-supply.com\/vi\/wp-json\/wp\/v2\/pages\/1177","targetHints":{"allow":["GET"]}}],"collection":[{"href":"https:\/\/www.upspower-supply.com\/vi\/wp-json\/wp\/v2\/pages"}],"about":[{"href":"https:\/\/www.upspower-supply.com\/vi\/wp-json\/wp\/v2\/types\/page"}],"author":[{"embeddable":true,"href":"https:\/\/www.upspower-supply.com\/vi\/wp-json\/wp\/v2\/users\/1"}],"replies":[{"embeddable":true,"href":"https:\/\/www.upspower-supply.com\/vi\/wp-json\/wp\/v2\/comments?post=1177"}],"version-history":[{"count":27,"href":"https:\/\/www.upspower-supply.com\/vi\/wp-json\/wp\/v2\/pages\/1177\/revisions"}],"predecessor-version":[{"id":2274,"href":"https:\/\/www.upspower-supply.com\/vi\/wp-json\/wp\/v2\/pages\/1177\/revisions\/2274"}],"wp:attachment":[{"href":"https:\/\/www.upspower-supply.com\/vi\/wp-json\/wp\/v2\/media?parent=1177"}],"curies":[{"name":"wp","href":"https:\/\/api.w.org\/{rel}","templated":true}]}}