{"id":1126,"date":"2025-04-17T09:30:12","date_gmt":"2025-04-17T09:30:12","guid":{"rendered":"https:\/\/www.upspower-supply.com\/services\/"},"modified":"2025-08-14T03:07:51","modified_gmt":"2025-08-14T03:07:51","slug":"services","status":"publish","type":"page","link":"https:\/\/www.upspower-supply.com\/vi\/services\/","title":{"rendered":"D\u1ecbch v\u1ee5"},"content":{"rendered":"<div class=\"wp-block-uagb-container uagb-block-4902463a alignfull uagb-is-root-container\"><div class=\"uagb-container-inner-blocks-wrap\"><div class=\"wp-block-uagb-advanced-heading uagb-block-a651693a\"><div class=\"uagb-separator\"><\/div><h1 class=\"uagb-heading-text\">Gi\u1ea3i ph\u00e1p cung c\u1ea5p \u0111i\u1ec7n to\u00e0n di\u1ec7n<\/h1><\/div><\/div><\/div><div class=\"wp-block-uagb-container uagb-block-90df69fb alignfull uagb-is-root-container\"><div class=\"uagb-container-inner-blocks-wrap\"><div class=\"wp-block-uagb-container uagb-block-682b4904\"><div class=\"wp-block-uagb-image uagb-block-2729c8bb wp-block-uagb-image--layout-default wp-block-uagb-image--effect-static wp-block-uagb-image--align-none\"><figure class=\"wp-block-uagb-image__figure\"><img decoding=\"async\" srcset=\"https:\/\/www.upspower-supply.com\/wp-content\/uploads\/2025\/06\/ups-product-series-show.jpg ,https:\/\/www.upspower-supply.com\/wp-content\/uploads\/2025\/06\/ups-product-series-show.jpg 780w, https:\/\/www.upspower-supply.com\/wp-content\/uploads\/2025\/06\/ups-product-series-show.jpg 360w\" sizes=\"auto, (max-width: 480px) 150px\" src=\"https:\/\/www.upspower-supply.com\/wp-content\/uploads\/2025\/06\/ups-product-series-show.jpg\" alt=\"s\u1ea3n ph\u1ea9m ups hi\u1ec3n th\u1ecb\" class=\"uag-image-1482\" width=\"600\" height=\"456\" title=\"ups-product-series-show\" loading=\"lazy\" role=\"img\"\/><\/figure><\/div>\n\n<div class=\"wp-block-uagb-container uagb-block-0507d761\"><div class=\"wp-block-uagb-info-box uagb-block-a3ddb9a8 uagb-infobox__content-wrap  uagb-infobox-icon-above-title uagb-infobox-image-valign-top wp-block-uagb-info-box--has-margin\"><div class=\"uagb-infobox-margin-wrapper\"><div class=\"uagb-ifb-content\"><div class=\"uagb-ifb-title-wrap\"><h2 class=\"uagb-ifb-title-prefix\">01.<\/h2><h3 class=\"uagb-ifb-title\">Ngu\u1ed3n \u0111i\u1ec7n li\u00ean t\u1ee5c<\/h3><\/div><p class=\"uagb-ifb-desc\">B\u1ed9 ngu\u1ed3n li\u00ean t\u1ee5c c\u1ee7a ch\u00fang t\u00f4i \u0111\u1ea3m b\u1ea3o ho\u1ea1t \u0111\u1ed9ng li\u00ean t\u1ee5c cho doanh nghi\u1ec7p, ch\u1ed1ng l\u1ea1i t\u00ecnh tr\u1ea1ng m\u1ea5t \u0111i\u1ec7n v\u00e0 bi\u1ebfn \u0111\u1ed9ng \u0111i\u1ec7n nh\u1edd c\u00f4ng ngh\u1ec7 ti\u00ean ti\u1ebfn v\u00e0 hi\u1ec7u qu\u1ea3.<\/p><\/div><\/div><\/div><\/div><\/div>\n\n<div class=\"wp-block-uagb-container uagb-block-41e2ccfd\"><div class=\"wp-block-uagb-image uagb-block-270de036 wp-block-uagb-image--layout-default wp-block-uagb-image--effect-static wp-block-uagb-image--align-none\"><figure class=\"wp-block-uagb-image__figure\"><img decoding=\"async\" srcset=\"https:\/\/www.upspower-supply.com\/wp-content\/uploads\/2025\/08\/eps-solution-1024x686.jpg ,https:\/\/www.upspower-supply.com\/wp-content\/uploads\/2025\/08\/eps-solution.jpg 780w, https:\/\/www.upspower-supply.com\/wp-content\/uploads\/2025\/08\/eps-solution.jpg 360w\" sizes=\"auto, (max-width: 480px) 150px\" src=\"https:\/\/www.upspower-supply.com\/wp-content\/uploads\/2025\/08\/eps-solution-1024x686.jpg\" alt=\"gi\u1ea3i ph\u00e1p eps\" class=\"uag-image-1685\" width=\"600\" height=\"456\" title=\"gi\u1ea3i ph\u00e1p eps\" loading=\"lazy\" role=\"img\"\/><\/figure><\/div>\n\n<div class=\"wp-block-uagb-container uagb-block-e9734346\"><div class=\"wp-block-uagb-info-box uagb-block-3162d113 uagb-infobox__content-wrap  uagb-infobox-icon-above-title uagb-infobox-image-valign-top wp-block-uagb-info-box--has-margin\"><div class=\"uagb-infobox-margin-wrapper\"><div class=\"uagb-ifb-content\"><div class=\"uagb-ifb-title-wrap\"><h2 class=\"uagb-ifb-title-prefix\">02.<\/h2><h3 class=\"uagb-ifb-title\">Gi\u1ea3i ph\u00e1p \u0111i\u1ec7n kh\u1ea9n c\u1ea5p<\/h3><\/div><p class=\"uagb-ifb-desc\">Ngu\u1ed3n \u0111i\u1ec7n kh\u1ea9n c\u1ea5p c\u1ee7a ch\u00fang t\u00f4i cung c\u1ea5p n\u0103ng l\u01b0\u1ee3ng d\u1ef1 ph\u00f2ng \u0111\u00e1ng tin c\u1eady \u0111\u1ec3 \u0111\u1ea3m b\u1ea3o ho\u1ea1t \u0111\u1ed9ng c\u1ee7a b\u1ea1n v\u1eabn di\u1ec5n ra su\u00f4n s\u1ebb khi m\u1ea5t \u0111i\u1ec7n \u0111\u1ed9t ng\u1ed9t.<\/p><\/div><\/div><\/div><\/div><\/div><\/div><\/div><div class=\"wp-block-uagb-container uagb-block-70649f39 alignfull uagb-is-root-container\"><div class=\"uagb-container-inner-blocks-wrap\"><div class=\"wp-block-uagb-star-rating uagb-block-25c9f1d6\"><div class=\"uag-star-rating\" title=\"5\/5\"><span class=\"uag-star\">\u2605<\/span><span class=\"uag-star\">\u2605<\/span><span class=\"uag-star\">\u2605<\/span><span class=\"uag-star\">\u2605<\/span><span class=\"uag-star\">\u2605<\/span><\/div><\/div>\n\n<div class=\"wp-block-uagb-advanced-heading uagb-block-bf1cb40e\"><p class=\"uagb-heading-text\">H\u1ec7 th\u1ed1ng UPS c\u1ee7a Rhimo \u0111\u00e3 chuy\u1ec3n \u0111\u1ed5i ho\u1ea1t \u0111\u1ed9ng trung t\u00e2m d\u1eef li\u1ec7u c\u1ee7a ch\u00fang t\u00f4i. \u0110\u1ed9 tin c\u1eady hi\u1ec7n l\u00e0 \u01b0u ti\u00ean h\u00e0ng \u0111\u1ea7u c\u1ee7a ch\u00fang t\u00f4i.<\/p><\/div>\n\n<div class=\"wp-block-uagb-info-box uagb-block-ce56cd90 uagb-infobox__content-wrap  uagb-infobox-icon-left-title uagb-infobox-left uagb-infobox-image-valign-middle wp-block-uagb-info-box--has-margin\"><div class=\"uagb-infobox-margin-wrapper\"><div class=\"uagb-ifb-content\"><div class=\"uagb-ifb-left-title-image\"><div class=\"uagb-ifb-image-content\"><img decoding=\"async\" src=\"https:\/\/www.upspower-supply.com\/wp-content\/uploads\/2024\/05\/testimonial-skip-09.jpg\" alt=\"\" width=\"50\" height=\"50\" loading=\"lazy\"\/><\/div><div class=\"uagb-ifb-title-wrap\"><p class=\"uagb-ifb-title\">John Smith<\/p><\/div><\/div><\/div><\/div><\/div><\/div><\/div><div class=\"wp-block-uagb-container uagb-block-589680a0 alignfull uagb-is-root-container\"><div class=\"uagb-container-inner-blocks-wrap\"><div class=\"wp-block-uagb-container uagb-block-285b5ea9\"><div class=\"wp-block-uagb-image uagb-block-97226af0 wp-block-uagb-image--layout-default wp-block-uagb-image--effect-static wp-block-uagb-image--align-none\"><figure class=\"wp-block-uagb-image__figure\"><img decoding=\"async\" srcset=\"https:\/\/www.upspower-supply.com\/wp-content\/uploads\/2025\/08\/ups-system-design-installation-1024x648.jpg ,https:\/\/www.upspower-supply.com\/wp-content\/uploads\/2025\/08\/ups-system-design-installation.jpg 780w, https:\/\/www.upspower-supply.com\/wp-content\/uploads\/2025\/08\/ups-system-design-installation.jpg 360w\" sizes=\"auto, (max-width: 480px) 150px\" src=\"https:\/\/www.upspower-supply.com\/wp-content\/uploads\/2025\/08\/ups-system-design-installation-1024x648.jpg\" alt=\"Thi\u1ebft k\u1ebf v\u00e0 l\u1eafp \u0111\u1eb7t h\u1ec7 th\u1ed1ng UPS\" class=\"uag-image-1687\" width=\"600\" height=\"456\" title=\"thi\u1ebft k\u1ebf-l\u1eafp \u0111\u1eb7t h\u1ec7 th\u1ed1ng ups\" loading=\"lazy\" role=\"img\"\/><\/figure><\/div>\n\n<div class=\"wp-block-uagb-container uagb-block-ccf74f78\"><div class=\"wp-block-uagb-info-box uagb-block-2cfa2cf1 uagb-infobox__content-wrap  uagb-infobox-icon-above-title uagb-infobox-image-valign-top wp-block-uagb-info-box--has-margin\"><div class=\"uagb-infobox-margin-wrapper\"><div class=\"uagb-ifb-content\"><div class=\"uagb-ifb-title-wrap\"><h2 class=\"uagb-ifb-title-prefix\">03.<\/h2><h3 class=\"uagb-ifb-title\">Thi\u1ebft k\u1ebf v\u00e0 l\u1eafp \u0111\u1eb7t h\u1ec7 th\u1ed1ng<\/h3><\/div><p class=\"uagb-ifb-desc\">Ch\u00fang t\u00f4i cung c\u1ea5p d\u1ecbch v\u1ee5 thi\u1ebft k\u1ebf v\u00e0 l\u1eafp \u0111\u1eb7t h\u1ec7 th\u1ed1ng to\u00e0n di\u1ec7n, \u0111\u1ea3m b\u1ea3o c\u00e1c gi\u1ea3i ph\u00e1p cung c\u1ea5p \u0111i\u1ec7n c\u1ee7a ch\u00fang t\u00f4i ho\u00e0n to\u00e0n ph\u00f9 h\u1ee3p v\u1edbi nhu c\u1ea7u ho\u1ea1t \u0111\u1ed9ng c\u1ee5 th\u1ec3 c\u1ee7a b\u1ea1n.<\/p><\/div><\/div><\/div><\/div><\/div>\n\n<div class=\"wp-block-uagb-container uagb-block-86c5b1f3\"><div class=\"wp-block-uagb-image uagb-block-20c7cd3a wp-block-uagb-image--layout-default wp-block-uagb-image--effect-static wp-block-uagb-image--align-none\"><figure class=\"wp-block-uagb-image__figure\"><img decoding=\"async\" srcset=\"https:\/\/www.upspower-supply.com\/wp-content\/uploads\/2025\/08\/ups-system-maintenance-support-1024x654.jpg ,https:\/\/www.upspower-supply.com\/wp-content\/uploads\/2025\/08\/ups-system-maintenance-support.jpg 780w, https:\/\/www.upspower-supply.com\/wp-content\/uploads\/2025\/08\/ups-system-maintenance-support.jpg 360w\" sizes=\"auto, (max-width: 480px) 150px\" src=\"https:\/\/www.upspower-supply.com\/wp-content\/uploads\/2025\/08\/ups-system-maintenance-support-1024x654.jpg\" alt=\"B\u1ea3o tr\u00ec v\u00e0 h\u1ed7 tr\u1ee3 h\u1ec7 th\u1ed1ng UPS\" class=\"uag-image-1689\" width=\"600\" height=\"456\" title=\"h\u1ed7 tr\u1ee3 b\u1ea3o tr\u00ec h\u1ec7 th\u1ed1ng ups\" loading=\"lazy\" role=\"img\"\/><\/figure><\/div>\n\n<div class=\"wp-block-uagb-container uagb-block-3ee9de45\"><div class=\"wp-block-uagb-info-box uagb-block-c1b789e3 uagb-infobox__content-wrap  uagb-infobox-icon-above-title uagb-infobox-image-valign-top wp-block-uagb-info-box--has-margin\"><div class=\"uagb-infobox-margin-wrapper\"><div class=\"uagb-ifb-content\"><div class=\"uagb-ifb-title-wrap\"><h2 class=\"uagb-ifb-title-prefix\">04.<\/h2><h3 class=\"uagb-ifb-title\">B\u1ea3o tr\u00ec &amp; H\u1ed7 tr\u1ee3<\/h3><\/div><p class=\"uagb-ifb-desc\">\u0110\u1ed9i ng\u0169 t\u1eadn t\u00e2m c\u1ee7a ch\u00fang t\u00f4i cung c\u1ea5p d\u1ecbch v\u1ee5 b\u1ea3o tr\u00ec v\u00e0 h\u1ed7 tr\u1ee3 k\u1ef9 thu\u1eadt li\u00ean t\u1ee5c, \u0111\u1ea3m b\u1ea3o hi\u1ec7u su\u1ea5t li\u1ec1n m\u1ea1ch v\u00e0 \u0111\u1ed9 tin c\u1eady cho h\u1ec7 th\u1ed1ng cung c\u1ea5p \u0111i\u1ec7n c\u1ee7a b\u1ea1n.<\/p><\/div><\/div><\/div><\/div><\/div><\/div><\/div><div class=\"wp-block-uagb-container uagb-block-804a406b alignfull uagb-is-root-container\"><div class=\"uagb-container-inner-blocks-wrap\"><div class=\"wp-block-uagb-info-box uagb-block-fd4425a9 uagb-infobox__content-wrap  uagb-infobox-icon-above-title uagb-infobox-image-valign-top wp-block-uagb-info-box--has-margin\"><div class=\"uagb-infobox-margin-wrapper\"><div class=\"uagb-ifb-content\"><div class=\"uagb-ifb-title-wrap\"><div class=\"uagb-ifb-separator\"><\/div><h2 class=\"uagb-ifb-title\">H\u00e3y h\u1ee3p t\u00e1c v\u1edbi ch\u00fang t\u00f4i ngay h\u00f4m nay!<\/h2><\/div><p class=\"uagb-ifb-desc\">H\u00e3y \u0111\u1ec3 ch\u00fang t\u00f4i gi\u00fap b\u1ea1n b\u1ea3o v\u1ec7 ho\u1ea1t \u0111\u1ed9ng c\u1ee7a m\u00ecnh b\u1eb1ng c\u00e1c gi\u1ea3i ph\u00e1p n\u0103ng l\u01b0\u1ee3ng s\u00e1ng t\u1ea1o v\u00e0 \u0111\u00e1ng tin c\u1eady ph\u00f9 h\u1ee3p v\u1edbi nhu c\u1ea7u c\u1ee7a b\u1ea1n.<\/p><div class=\"uagb-ifb-button-wrapper wp-block-button\"><a href=\"\/vi\/contact\/\" class=\"uagb-infobox-cta-link wp-block-button__link\" target=\"_self\" rel=\"noopener noreferrer\" onclick=\"return true;\"><span class=\"uagb-inline-editing\">B\u1eaft \u0111\u1ea7u<\/span><\/a><\/div><\/div><\/div><\/div><\/div><\/div>","protected":false},"excerpt":{"rendered":"<p>Gi\u1ea3i ph\u00e1p cung c\u1ea5p \u0111i\u1ec7n to\u00e0n di\u1ec7n H\u1ec7 th\u1ed1ng UPS c\u1ee7a Rhimo \u0111\u00e3 thay \u0111\u1ed5i ho\u1ea1t \u0111\u1ed9ng trung t\u00e2m d\u1eef li\u1ec7u c\u1ee7a ch\u00fang t\u00f4i. \u0110\u1ed9 tin c\u1eady hi\u1ec7n l\u00e0 \u01b0u ti\u00ean h\u00e0ng \u0111\u1ea7u c\u1ee7a ch\u00fang t\u00f4i.<\/p>","protected":false},"author":1,"featured_media":0,"parent":0,"menu_order":0,"comment_status":"closed","ping_status":"closed","template":"","meta":{"_acf_changed":false,"_uag_custom_page_level_css":"","site-sidebar-layout":"default","site-content-layout":"","ast-site-content-layout":"","site-content-style":"default","site-sidebar-style":"default","ast-global-header-display":"","ast-banner-title-visibility":"","ast-main-header-display":"","ast-hfb-above-header-display":"","ast-hfb-below-header-display":"","ast-hfb-mobile-header-display":"","site-post-title":"disabled","ast-breadcrumbs-content":"","ast-featured-img":"","footer-sml-layout":"","theme-transparent-header-meta":"","adv-header-id-meta":"","stick-header-meta":"","header-above-stick-meta":"","header-main-stick-meta":"","header-below-stick-meta":"","astra-migrate-meta-layouts":"default","ast-page-background-enabled":"default","ast-page-background-meta":{"desktop":{"background-color":"var(--ast-global-color-4)","background-image":"","background-repeat":"repeat","background-position":"center center","background-size":"auto","background-attachment":"scroll","background-type":"","background-media":"","overlay-type":"","overlay-color":"","overlay-opacity":"","overlay-gradient":""},"tablet":{"background-color":"","background-image":"","background-repeat":"repeat","background-position":"center center","background-size":"auto","background-attachment":"scroll","background-type":"","background-media":"","overlay-type":"","overlay-color":"","overlay-opacity":"","overlay-gradient":""},"mobile":{"background-color":"","background-image":"","background-repeat":"repeat","background-position":"center center","background-size":"auto","background-attachment":"scroll","background-type":"","background-media":"","overlay-type":"","overlay-color":"","overlay-opacity":"","overlay-gradient":""}},"ast-content-background-meta":{"desktop":{"background-color":"var(--ast-global-color-5)","background-image":"","background-repeat":"repeat","background-position":"center center","background-size":"auto","background-attachment":"scroll","background-type":"","background-media":"","overlay-type":"","overlay-color":"","overlay-opacity":"","overlay-gradient":""},"tablet":{"background-color":"var(--ast-global-color-5)","background-image":"","background-repeat":"repeat","background-position":"center center","background-size":"auto","background-attachment":"scroll","background-type":"","background-media":"","overlay-type":"","overlay-color":"","overlay-opacity":"","overlay-gradient":""},"mobile":{"background-color":"var(--ast-global-color-5)","background-image":"","background-repeat":"repeat","background-position":"center center","background-size":"auto","background-attachment":"scroll","background-type":"","background-media":"","overlay-type":"","overlay-color":"","overlay-opacity":"","overlay-gradient":""}},"footnotes":""},"class_list":["post-1126","page","type-page","status-publish","hentry"],"acf":[],"yoast_head":"<!-- This site is optimized with the Yoast SEO plugin v25.0 - https:\/\/yoast.com\/wordpress\/plugins\/seo\/ -->\n<title>Services - UPS power supply<\/title>\n<meta name=\"robots\" content=\"index, follow, max-snippet:-1, max-image-preview:large, max-video-preview:-1\" \/>\n<link rel=\"canonical\" href=\"https:\/\/www.upspower-supply.com\/vi\/services\/\" \/>\n<meta property=\"og:locale\" content=\"vi_VN\" \/>\n<meta property=\"og:type\" content=\"article\" \/>\n<meta property=\"og:title\" content=\"Services - UPS power supply\" \/>\n<meta property=\"og:description\" content=\"Comprehensive Power Supply Solutions Rhimo&#8217;s UPS systems have transformed our data center operations. Reliability is now our top priority.\" \/>\n<meta property=\"og:url\" content=\"https:\/\/www.upspower-supply.com\/vi\/services\/\" \/>\n<meta property=\"og:site_name\" content=\"UPS power supply\" \/>\n<meta property=\"article:modified_time\" content=\"2025-08-14T03:07:51+00:00\" \/>\n<meta property=\"og:image\" content=\"https:\/\/www.upspower-supply.com\/wp-content\/uploads\/2025\/06\/ups-product-series-show.jpg\" \/>\n<meta name=\"twitter:card\" content=\"summary_large_image\" \/>\n<meta name=\"twitter:label1\" content=\"\u01af\u1edbc t\u00ednh th\u1eddi gian \u0111\u1ecdc\" \/>\n\t<meta name=\"twitter:data1\" content=\"2 ph\u00fat\" \/>\n<script type=\"application\/ld+json\" class=\"yoast-schema-graph\">{\"@context\":\"https:\/\/schema.org\",\"@graph\":[{\"@type\":\"WebPage\",\"@id\":\"https:\/\/www.upspower-supply.com\/services\/\",\"url\":\"https:\/\/www.upspower-supply.com\/services\/\",\"name\":\"Services - UPS power supply\",\"isPartOf\":{\"@id\":\"https:\/\/www.upspower-supply.com\/#website\"},\"primaryImageOfPage\":{\"@id\":\"https:\/\/www.upspower-supply.com\/services\/#primaryimage\"},\"image\":{\"@id\":\"https:\/\/www.upspower-supply.com\/services\/#primaryimage\"},\"thumbnailUrl\":\"https:\/\/www.upspower-supply.com\/wp-content\/uploads\/2025\/06\/ups-product-series-show.jpg\",\"datePublished\":\"2025-04-17T09:30:12+00:00\",\"dateModified\":\"2025-08-14T03:07:51+00:00\",\"breadcrumb\":{\"@id\":\"https:\/\/www.upspower-supply.com\/services\/#breadcrumb\"},\"inLanguage\":\"vi\",\"potentialAction\":[{\"@type\":\"ReadAction\",\"target\":[\"https:\/\/www.upspower-supply.com\/services\/\"]}]},{\"@type\":\"ImageObject\",\"inLanguage\":\"vi\",\"@id\":\"https:\/\/www.upspower-supply.com\/services\/#primaryimage\",\"url\":\"https:\/\/www.upspower-supply.com\/wp-content\/uploads\/2025\/06\/ups-product-series-show.jpg\",\"contentUrl\":\"https:\/\/www.upspower-supply.com\/wp-content\/uploads\/2025\/06\/ups-product-series-show.jpg\"},{\"@type\":\"BreadcrumbList\",\"@id\":\"https:\/\/www.upspower-supply.com\/services\/#breadcrumb\",\"itemListElement\":[{\"@type\":\"ListItem\",\"position\":1,\"name\":\"Home\",\"item\":\"https:\/\/www.upspower-supply.com\/\"},{\"@type\":\"ListItem\",\"position\":2,\"name\":\"Services\"}]},{\"@type\":\"WebSite\",\"@id\":\"https:\/\/www.upspower-supply.com\/#website\",\"url\":\"https:\/\/www.upspower-supply.com\/\",\"name\":\"UPS power supply\",\"description\":\"\",\"potentialAction\":[{\"@type\":\"SearchAction\",\"target\":{\"@type\":\"EntryPoint\",\"urlTemplate\":\"https:\/\/www.upspower-supply.com\/?s={search_term_string}\"},\"query-input\":{\"@type\":\"PropertyValueSpecification\",\"valueRequired\":true,\"valueName\":\"search_term_string\"}}],\"inLanguage\":\"vi\"}]}<\/script>\n<!-- \/ Yoast SEO plugin. -->","yoast_head_json":{"title":"Services - UPS power supply","robots":{"index":"index","follow":"follow","max-snippet":"max-snippet:-1","max-image-preview":"max-image-preview:large","max-video-preview":"max-video-preview:-1"},"canonical":"https:\/\/www.upspower-supply.com\/vi\/services\/","og_locale":"vi_VN","og_type":"article","og_title":"Services - UPS power supply","og_description":"Comprehensive Power Supply Solutions Rhimo&#8217;s UPS systems have transformed our data center operations. Reliability is now our top priority.","og_url":"https:\/\/www.upspower-supply.com\/vi\/services\/","og_site_name":"UPS power supply","article_modified_time":"2025-08-14T03:07:51+00:00","og_image":[{"url":"https:\/\/www.upspower-supply.com\/wp-content\/uploads\/2025\/06\/ups-product-series-show.jpg","type":"","width":"","height":""}],"twitter_card":"summary_large_image","twitter_misc":{"\u01af\u1edbc t\u00ednh th\u1eddi gian \u0111\u1ecdc":"2 ph\u00fat"},"schema":{"@context":"https:\/\/schema.org","@graph":[{"@type":"WebPage","@id":"https:\/\/www.upspower-supply.com\/services\/","url":"https:\/\/www.upspower-supply.com\/services\/","name":"Services - UPS power supply","isPartOf":{"@id":"https:\/\/www.upspower-supply.com\/#website"},"primaryImageOfPage":{"@id":"https:\/\/www.upspower-supply.com\/services\/#primaryimage"},"image":{"@id":"https:\/\/www.upspower-supply.com\/services\/#primaryimage"},"thumbnailUrl":"https:\/\/www.upspower-supply.com\/wp-content\/uploads\/2025\/06\/ups-product-series-show.jpg","datePublished":"2025-04-17T09:30:12+00:00","dateModified":"2025-08-14T03:07:51+00:00","breadcrumb":{"@id":"https:\/\/www.upspower-supply.com\/services\/#breadcrumb"},"inLanguage":"vi","potentialAction":[{"@type":"ReadAction","target":["https:\/\/www.upspower-supply.com\/services\/"]}]},{"@type":"ImageObject","inLanguage":"vi","@id":"https:\/\/www.upspower-supply.com\/services\/#primaryimage","url":"https:\/\/www.upspower-supply.com\/wp-content\/uploads\/2025\/06\/ups-product-series-show.jpg","contentUrl":"https:\/\/www.upspower-supply.com\/wp-content\/uploads\/2025\/06\/ups-product-series-show.jpg"},{"@type":"BreadcrumbList","@id":"https:\/\/www.upspower-supply.com\/services\/#breadcrumb","itemListElement":[{"@type":"ListItem","position":1,"name":"Home","item":"https:\/\/www.upspower-supply.com\/"},{"@type":"ListItem","position":2,"name":"Services"}]},{"@type":"WebSite","@id":"https:\/\/www.upspower-supply.com\/#website","url":"https:\/\/www.upspower-supply.com\/","name":"UPS power supply","description":"","potentialAction":[{"@type":"SearchAction","target":{"@type":"EntryPoint","urlTemplate":"https:\/\/www.upspower-supply.com\/?s={search_term_string}"},"query-input":{"@type":"PropertyValueSpecification","valueRequired":true,"valueName":"search_term_string"}}],"inLanguage":"vi"}]}},"uagb_featured_image_src":{"full":false,"thumbnail":false,"medium":false,"medium_large":false,"large":false,"1536x1536":false,"2048x2048":false,"trp-custom-language-flag":false,"woocommerce_thumbnail":false,"woocommerce_single":false,"woocommerce_gallery_thumbnail":false},"uagb_author_info":{"display_name":"Tyne Tingey","author_link":"https:\/\/www.upspower-supply.com\/vi\/author\/tyne-tingey\/"},"uagb_comment_info":0,"uagb_excerpt":"Comprehensive Power Supply Solutions Rhimo&#8217;s UPS systems have transformed our data center operations. Reliability is now our top priority.","_links":{"self":[{"href":"https:\/\/www.upspower-supply.com\/vi\/wp-json\/wp\/v2\/pages\/1126","targetHints":{"allow":["GET"]}}],"collection":[{"href":"https:\/\/www.upspower-supply.com\/vi\/wp-json\/wp\/v2\/pages"}],"about":[{"href":"https:\/\/www.upspower-supply.com\/vi\/wp-json\/wp\/v2\/types\/page"}],"author":[{"embeddable":true,"href":"https:\/\/www.upspower-supply.com\/vi\/wp-json\/wp\/v2\/users\/1"}],"replies":[{"embeddable":true,"href":"https:\/\/www.upspower-supply.com\/vi\/wp-json\/wp\/v2\/comments?post=1126"}],"version-history":[{"count":9,"href":"https:\/\/www.upspower-supply.com\/vi\/wp-json\/wp\/v2\/pages\/1126\/revisions"}],"predecessor-version":[{"id":1691,"href":"https:\/\/www.upspower-supply.com\/vi\/wp-json\/wp\/v2\/pages\/1126\/revisions\/1691"}],"wp:attachment":[{"href":"https:\/\/www.upspower-supply.com\/vi\/wp-json\/wp\/v2\/media?parent=1126"}],"curies":[{"name":"wp","href":"https:\/\/api.w.org\/{rel}","templated":true}]}}