{"id":2115,"date":"2026-02-17T00:48:43","date_gmt":"2026-02-17T00:48:43","guid":{"rendered":"https:\/\/www.upspower-supply.com\/?post_type=product&#038;p=2115"},"modified":"2026-02-17T01:17:06","modified_gmt":"2026-02-17T01:17:06","slug":"8kw-ip66-hybrid-solar-inverter-48v-3-phase","status":"publish","type":"product","link":"https:\/\/www.upspower-supply.com\/pt\/produto\/8kw-ip66-hybrid-solar-inverter-48v-3-phase\/","title":{"rendered":"Inversor solar h\u00edbrido de 8 kW IP66, 48 V, trif\u00e1sico"},"content":{"rendered":"<h2>Inversor solar h\u00edbrido de 8 kW IP66, 48 V, trif\u00e1sico \u2013 Convers\u00e3o de energia robusta e eficiente.<\/h2>\n<p>O <strong>Inversor solar h\u00edbrido de 8 kW IP66, 48 V, trif\u00e1sico<\/strong> \u00c9 uma solu\u00e7\u00e3o de convers\u00e3o de energia de alto desempenho projetada para sistemas de energia solar residenciais, comerciais e industriais. Constru\u00eddo com uma robusta classifica\u00e7\u00e3o de resist\u00eancia \u00e0s intemp\u00e9ries IP66, este inversor h\u00edbrido oferece desempenho confi\u00e1vel em instala\u00e7\u00f5es externas e internas desafiadoras.<\/p>\n<p><img loading=\"lazy\" decoding=\"async\" class=\"alignnone wp-image-2122 size-full\" src=\"https:\/\/www.upspower-supply.com\/wp-content\/uploads\/2026\/02\/8kw-ip66-hybrid-solar-inverter-48v-3-phase-detail.jpg\" alt=\"Detalhes do inversor solar h\u00edbrido IP66 de 8 kW, 48 V, trif\u00e1sico\" width=\"540\" height=\"1080\" srcset=\"https:\/\/www.upspower-supply.com\/wp-content\/uploads\/2026\/02\/8kw-ip66-hybrid-solar-inverter-48v-3-phase-detail.jpg 540w, https:\/\/www.upspower-supply.com\/wp-content\/uploads\/2026\/02\/8kw-ip66-hybrid-solar-inverter-48v-3-phase-detail-150x300.jpg 150w, https:\/\/www.upspower-supply.com\/wp-content\/uploads\/2026\/02\/8kw-ip66-hybrid-solar-inverter-48v-3-phase-detail-512x1024.jpg 512w, https:\/\/www.upspower-supply.com\/wp-content\/uploads\/2026\/02\/8kw-ip66-hybrid-solar-inverter-48v-3-phase-detail-6x12.jpg 6w\" sizes=\"auto, (max-width: 540px) 100vw, 540px\" \/><\/p>\n<p>Com tecnologia avan\u00e7ada MPPT (Maximum Power Point Tracking) e sa\u00edda de onda senoidal pura, este inversor converte com efici\u00eancia a energia CC proveniente de pain\u00e9is solares e baterias em energia CA est\u00e1vel para cargas trif\u00e1sicas. Projetado para flexibilidade, este inversor h\u00edbrido suporta aplica\u00e7\u00f5es conectadas \u00e0 rede, isoladas da rede e com armazenamento de energia, minimizando as perdas energ\u00e9ticas.<\/p>\n<h3>Principais caracter\u00edsticas<\/h3>\n<ul>\n<li><strong>Inversor trif\u00e1sico<\/strong> \u2013 Sa\u00edda CA trif\u00e1sica est\u00e1vel e equilibrada para sistemas de energia residenciais e comerciais.<\/li>\n<li><strong>M\u00faltiplas op\u00e7\u00f5es de alimenta\u00e7\u00e3o<\/strong> \u2013 Dispon\u00edvel nos modelos de 8KW \/ 10KW \/ 12KW para atender a diferentes capacidades de sistema.<\/li>\n<li><strong>Tela sens\u00edvel ao toque LCD<\/strong> \u2013 Interface amig\u00e1vel para monitoramento em tempo real e f\u00e1cil configura\u00e7\u00e3o do sistema.<\/li>\n<li><strong>Controlador solar MPPT duplo<\/strong> \u2013 O rastreamento MPPT independente melhora a efici\u00eancia da capta\u00e7\u00e3o de energia em condi\u00e7\u00f5es vari\u00e1veis de luz solar.<\/li>\n<li><strong>Design com prote\u00e7\u00e3o IP66<\/strong> Caixa \u00e0 prova de poeira e \u00e1gua com corrente de entrada m\u00e1xima de at\u00e9 36A para instala\u00e7\u00e3o externa confi\u00e1vel.<\/li>\n<li><strong>Suporte \u00e0 expans\u00e3o paralela<\/strong> \u2013 \u00c9 poss\u00edvel conectar at\u00e9 6 unidades em paralelo para expans\u00e3o escal\u00e1vel do sistema.<\/li>\n<li><strong>200% Pot\u00eancia de pico fora da rede<\/strong> \u2013 Suporta capacidade de sobrecarga do modelo 200% por at\u00e9 15 segundos, garantindo a inicializa\u00e7\u00e3o est\u00e1vel de cargas pesadas.<\/li>\n<li><strong>Compat\u00edvel com m\u00f3dulos de alta corrente de 18A<\/strong> \u2013 Adapt\u00e1vel aos principais pain\u00e9is solares de alta corrente dispon\u00edveis no mercado.<\/li>\n<li><strong>200% Propor\u00e7\u00e3o de Sobrevaloriza\u00e7\u00e3o de PV<\/strong> \u2013 Permite a conex\u00e3o de mais m\u00f3dulos fotovoltaicos, garantindo um bom desempenho fora da rede el\u00e9trica e um carregamento mais r\u00e1pido da bateria.<\/li>\n<\/ul>\n<h3><img loading=\"lazy\" decoding=\"async\" class=\"alignnone wp-image-2123 size-full\" src=\"https:\/\/www.upspower-supply.com\/wp-content\/uploads\/2026\/02\/8kw-ip66-hybrid-solar-inverter-48v-3-phase-solution.jpg\" alt=\"Inversor solar h\u00edbrido de 8 kW IP66, 48 V, trif\u00e1sico\" width=\"1080\" height=\"434\" srcset=\"https:\/\/www.upspower-supply.com\/wp-content\/uploads\/2026\/02\/8kw-ip66-hybrid-solar-inverter-48v-3-phase-solution.jpg 1080w, https:\/\/www.upspower-supply.com\/wp-content\/uploads\/2026\/02\/8kw-ip66-hybrid-solar-inverter-48v-3-phase-solution-300x121.jpg 300w, https:\/\/www.upspower-supply.com\/wp-content\/uploads\/2026\/02\/8kw-ip66-hybrid-solar-inverter-48v-3-phase-solution-1024x411.jpg 1024w, https:\/\/www.upspower-supply.com\/wp-content\/uploads\/2026\/02\/8kw-ip66-hybrid-solar-inverter-48v-3-phase-solution-768x309.jpg 768w, https:\/\/www.upspower-supply.com\/wp-content\/uploads\/2026\/02\/8kw-ip66-hybrid-solar-inverter-48v-3-phase-solution-18x7.jpg 18w, https:\/\/www.upspower-supply.com\/wp-content\/uploads\/2026\/02\/8kw-ip66-hybrid-solar-inverter-48v-3-phase-solution-600x241.jpg 600w\" sizes=\"auto, (max-width: 1080px) 100vw, 1080px\" \/><\/h3>\n<h3>Aplica\u00e7\u00f5es<\/h3>\n<ul>\n<li>Instala\u00e7\u00f5es solares residenciais<\/li>\n<li>Sistemas de energia solar comerciais e industriais<\/li>\n<li>Solu\u00e7\u00f5es energ\u00e9ticas h\u00edbridas e fora da rede<\/li>\n<li>Sistemas de armazenamento de energia (ESS)<\/li>\n<li>Aplica\u00e7\u00f5es de energia agr\u00edcola e remota<\/li>\n<\/ul>\n<h3>Por que escolher este inversor solar h\u00edbrido?<\/h3>\n<p>Este inversor h\u00edbrido de 8 kW combina durabilidade, efici\u00eancia e adaptabilidade, tornando-o adequado para uma ampla gama de aplica\u00e7\u00f5es solares. Sua robusta carca\u00e7a IP66 garante desempenho duradouro em instala\u00e7\u00f5es externas, enquanto a sa\u00edda trif\u00e1sica suporta a distribui\u00e7\u00e3o equilibrada de energia em sistemas maiores. Recursos avan\u00e7ados de monitoramento e prote\u00e7\u00e3o ajudam a salvaguardar tanto o inversor quanto as cargas conectadas.<\/p>\n<p>&nbsp;<\/p>\n<table border=\"1\" width=\"100%\" cellspacing=\"0\" cellpadding=\"8\">\n<thead>\n<tr>\n<th>Nome do modelo<\/th>\n<th>ACE-8KS48P3<\/th>\n<th>ACE-10KS48P3<\/th>\n<th>ACE-12KS48P3<\/th>\n<\/tr>\n<\/thead>\n<tbody><!-- Battery Input Data --><\/p>\n<tr>\n<td><strong>Tipo de Bateria<\/strong><\/td>\n<td colspan=\"3\">Bateria de l\u00edtio ou chumbo-\u00e1cido<\/td>\n<\/tr>\n<tr>\n<td><strong>Tens\u00e3o nominal da bateria<\/strong><\/td>\n<td colspan=\"3\">48V<\/td>\n<\/tr>\n<tr>\n<td><strong>Tens\u00e3o m\u00e1xima de carregamento<\/strong><\/td>\n<td colspan=\"3\">\u226460V (Configur\u00e1vel)<\/td>\n<\/tr>\n<tr>\n<td><strong>Corrente m\u00e1xima de carga\/descarga<\/strong><\/td>\n<td>190A<\/td>\n<td>210A<\/td>\n<td>250A<\/td>\n<\/tr>\n<p><!-- PV Input Data --><\/p>\n<tr>\n<td><strong>Pot\u00eancia m\u00e1xima de entrada CC<\/strong><\/td>\n<td>16000W<\/td>\n<td>20000W<\/td>\n<td>24000W<\/td>\n<\/tr>\n<tr>\n<td><strong>Tens\u00e3o m\u00e1xima de entrada CC<\/strong><\/td>\n<td colspan=\"3\">1000V<\/td>\n<\/tr>\n<tr>\n<td><strong>Faixa de tens\u00e3o operacional do MPPT<\/strong><\/td>\n<td colspan=\"3\">200\u2013800V<\/td>\n<\/tr>\n<tr>\n<td><strong>Tens\u00e3o inicial<\/strong><\/td>\n<td colspan=\"3\">150V<\/td>\n<\/tr>\n<tr>\n<td><strong>Corrente de entrada m\u00e1xima<\/strong><\/td>\n<td>18\/18A<\/td>\n<td>36\/18A<\/td>\n<td>36\/18A<\/td>\n<\/tr>\n<tr>\n<td><strong>N\u00famero MPPT<\/strong><\/td>\n<td>2<\/td>\n<td>2<\/td>\n<td>2<\/td>\n<\/tr>\n<p><!-- AC Output (On-Grid) --><\/p>\n<tr>\n<td><strong>Pot\u00eancia aparente m\u00e1xima de sa\u00edda (conectada \u00e0 rede)<\/strong><\/td>\n<td>8800W<\/td>\n<td>11000W<\/td>\n<td>13200W<\/td>\n<\/tr>\n<tr>\n<td><strong>Tens\u00e3o de sa\u00edda nominal<\/strong><\/td>\n<td colspan=\"3\">380\/400V<\/td>\n<\/tr>\n<tr>\n<td><strong>Frequ\u00eancia de sa\u00edda nominal<\/strong><\/td>\n<td colspan=\"3\">50\/60Hz<\/td>\n<\/tr>\n<tr>\n<td><strong>Corrente m\u00e1xima de sa\u00edda (conectada \u00e0 rede)<\/strong><\/td>\n<td>13.3A<\/td>\n<td>16,7A<\/td>\n<td>20A<\/td>\n<\/tr>\n<tr>\n<td><strong>Fator de pot\u00eancia de sa\u00edda<\/strong><\/td>\n<td colspan=\"3\">1 (-0,8 adiantado ~ +0,8 atrasado)<\/td>\n<\/tr>\n<p><!-- AC Output (Off-Grid) --><\/p>\n<tr>\n<td><strong>Pot\u00eancia de sa\u00edda nominal (fora da rede)<\/strong><\/td>\n<td>8000W<\/td>\n<td>10000W<\/td>\n<td>12000W<\/td>\n<\/tr>\n<tr>\n<td><strong>Pot\u00eancia de sa\u00edda m\u00e1xima<\/strong><\/td>\n<td colspan=\"3\">200% por 15 segundos<\/td>\n<\/tr>\n<tr>\n<td><strong>Corrente m\u00e1xima de sa\u00edda (fora da rede)<\/strong><\/td>\n<td>13.3A<\/td>\n<td>16,7A<\/td>\n<td>20A<\/td>\n<\/tr>\n<p><!-- Efficiency --><\/p>\n<tr>\n<td><strong>M\u00e1xima efici\u00eancia<\/strong><\/td>\n<td colspan=\"3\">98%<\/td>\n<\/tr>\n<tr>\n<td><strong>Efici\u00eancia Europeia<\/strong><\/td>\n<td colspan=\"3\">97.5%<\/td>\n<\/tr>\n<p><!-- Protection --><\/p>\n<tr>\n<td><strong>Recursos de prote\u00e7\u00e3o<\/strong><\/td>\n<td colspan=\"3\">Prote\u00e7\u00e3o contra invers\u00e3o de polaridade em sistemas fotovoltaicos, detec\u00e7\u00e3o de isolamento, detec\u00e7\u00e3o de corrente residual.<br \/>\nProte\u00e7\u00e3o contra sobrecorrente, prote\u00e7\u00e3o contra curto-circuito, prote\u00e7\u00e3o contra sobretens\u00e3o<\/td>\n<\/tr>\n<p><!-- Basic Data --><\/p>\n<tr>\n<td><strong>Temperatura de opera\u00e7\u00e3o<\/strong><\/td>\n<td colspan=\"3\">-25\u00b0C ~ 60\u00b0C<\/td>\n<\/tr>\n<tr>\n<td><strong>Temperatura de armazenamento<\/strong><\/td>\n<td colspan=\"3\">-30\u00b0C ~ 65\u00b0C<\/td>\n<\/tr>\n<tr>\n<td><strong>Umidade Relativa<\/strong><\/td>\n<td colspan=\"3\">0\u201395%<\/td>\n<\/tr>\n<tr>\n<td><strong>Altitude m\u00e1xima de trabalho<\/strong><\/td>\n<td colspan=\"3\">\u22644000m<\/td>\n<\/tr>\n<tr>\n<td><strong>Resfriamento<\/strong><\/td>\n<td colspan=\"3\">Resfriamento inteligente por ar for\u00e7ado<\/td>\n<\/tr>\n<tr>\n<td><strong>Barulho<\/strong><\/td>\n<td colspan=\"3\">&lt;55dB<\/td>\n<\/tr>\n<tr>\n<td><strong>Peso<\/strong><\/td>\n<td colspan=\"3\">38 kg<\/td>\n<\/tr>\n<tr>\n<td><strong>Dimens\u00f5es (L\u00d7A\u00d7P)<\/strong><\/td>\n<td colspan=\"3\">475 \u00d7 683 \u00d7 256 mm<\/td>\n<\/tr>\n<tr>\n<td><strong>Classe de prote\u00e7\u00e3o<\/strong><\/td>\n<td colspan=\"3\">IP66<\/td>\n<\/tr>\n<tr>\n<td><strong>Topologia<\/strong><\/td>\n<td colspan=\"3\">Isolamento de alta frequ\u00eancia (lado da bateria)<\/td>\n<\/tr>\n<p><!-- Standards --><\/p>\n<tr>\n<td><strong>Norma de seguran\u00e7a\/EMC<\/strong><\/td>\n<td colspan=\"3\">NB\/T32004-2018, IEC62109, IEC61000, IS16169 e IS16221 (BIS)<\/td>\n<\/tr>\n<tr>\n<td><strong>Padr\u00e3o de grade<\/strong><\/td>\n<td colspan=\"3\">IEC61727, EN50549-1, VDE-4105, NRS-097-2-1<\/td>\n<\/tr>\n<tr>\n<td><strong>Outras normas<\/strong><\/td>\n<td colspan=\"3\">IEC61683, IEC62116, EN50530, IEC60068<\/td>\n<\/tr>\n<\/tbody>\n<\/table>\n<p>Seja voc\u00ea um instalador de energia solar, um contratista EPC, um atacadista ou um parceiro OEM, este inversor oferece desempenho e flexibilidade excepcionais.<\/p>\n<p><a href=\"https:\/\/www.upspower-supply.com\/pt\/produto-etiqueta\/double-conversion-ups\/\" target=\"_blank\">fonte de alimenta\u00e7\u00e3o ininterrupta de dupla convers\u00e3o online<\/a><\/p>","protected":false},"excerpt":{"rendered":"<p>Inversor solar h\u00edbrido de alta efici\u00eancia de 8 kW com classifica\u00e7\u00e3o IP66, entrada de 48 V e sa\u00edda trif\u00e1sica. Onda senoidal pura, design para montagem na parede, perfeito para sistemas de energia residenciais, comerciais e isolados da rede. Dispon\u00edvel para OEM.<\/p>","protected":false},"featured_media":2116,"comment_status":"open","ping_status":"closed","template":"","meta":{"_acf_changed":false,"_uag_custom_page_level_css":"","site-sidebar-layout":"default","site-content-layout":"","ast-site-content-layout":"default","site-content-style":"default","site-sidebar-style":"default","ast-global-header-display":"","ast-banner-title-visibility":"","ast-main-header-display":"","ast-hfb-above-header-display":"","ast-hfb-below-header-display":"","ast-hfb-mobile-header-display":"","site-post-title":"","ast-breadcrumbs-content":"","ast-featured-img":"","footer-sml-layout":"","theme-transparent-header-meta":"default","adv-header-id-meta":"","stick-header-meta":"","header-above-stick-meta":"","header-main-stick-meta":"","header-below-stick-meta":"","astra-migrate-meta-layouts":"set","ast-page-background-enabled":"default","ast-page-background-meta":{"desktop":{"background-color":"var(--ast-global-color-4)","background-image":"","background-repeat":"repeat","background-position":"center center","background-size":"auto","background-attachment":"scroll","background-type":"","background-media":"","overlay-type":"","overlay-color":"","overlay-opacity":"","overlay-gradient":""},"tablet":{"background-color":"","background-image":"","background-repeat":"repeat","background-position":"center center","background-size":"auto","background-attachment":"scroll","background-type":"","background-media":"","overlay-type":"","overlay-color":"","overlay-opacity":"","overlay-gradient":""},"mobile":{"background-color":"","background-image":"","background-repeat":"repeat","background-position":"center center","background-size":"auto","background-attachment":"scroll","background-type":"","background-media":"","overlay-type":"","overlay-color":"","overlay-opacity":"","overlay-gradient":""}},"ast-content-background-meta":{"desktop":{"background-color":"var(--ast-global-color-5)","background-image":"","background-repeat":"repeat","background-position":"center center","background-size":"auto","background-attachment":"scroll","background-type":"","background-media":"","overlay-type":"","overlay-color":"","overlay-opacity":"","overlay-gradient":""},"tablet":{"background-color":"var(--ast-global-color-5)","background-image":"","background-repeat":"repeat","background-position":"center center","background-size":"auto","background-attachment":"scroll","background-type":"","background-media":"","overlay-type":"","overlay-color":"","overlay-opacity":"","overlay-gradient":""},"mobile":{"background-color":"var(--ast-global-color-5)","background-image":"","background-repeat":"repeat","background-position":"center center","background-size":"auto","background-attachment":"scroll","background-type":"","background-media":"","overlay-type":"","overlay-color":"","overlay-opacity":"","overlay-gradient":""}}},"product_brand":[],"product_cat":[48],"product_tag":[],"class_list":{"0":"post-2115","1":"product","2":"type-product","3":"status-publish","4":"has-post-thumbnail","6":"product_cat-solar-inverter","7":"desktop-align-left","8":"tablet-align-left","9":"mobile-align-left","11":"first","12":"instock","13":"shipping-taxable","14":"product-type-simple"},"acf":[],"yoast_head":"<!-- This site is optimized with the Yoast SEO plugin v25.0 - https:\/\/yoast.com\/wordpress\/plugins\/seo\/ -->\n<title>8KW IP66 Hybrid Solar Inverter 48V 3-Phase - UPS power supply<\/title>\n<meta name=\"description\" content=\"8KW IP66 Hybrid Solar Inverter 48V 3-Phase with 98% efficiency, dual MPPT, 16000W PV input, and on\/off-grid support. Compatible with lithium &amp; lead-acid batteries. Ideal for commercial and industrial solar systems.\" \/>\n<meta name=\"robots\" content=\"index, follow, max-snippet:-1, max-image-preview:large, max-video-preview:-1\" \/>\n<link rel=\"canonical\" href=\"https:\/\/www.upspower-supply.com\/pt\/produto\/8kw-ip66-hybrid-solar-inverter-48v-3-phase\/\" \/>\n<meta property=\"og:locale\" content=\"pt_PT\" \/>\n<meta property=\"og:type\" content=\"article\" \/>\n<meta property=\"og:title\" content=\"8KW IP66 Hybrid Solar Inverter 48V 3-Phase - UPS power supply\" \/>\n<meta property=\"og:description\" content=\"8KW IP66 Hybrid Solar Inverter 48V 3-Phase with 98% efficiency, dual MPPT, 16000W PV input, and on\/off-grid support. Compatible with lithium &amp; lead-acid batteries. Ideal for commercial and industrial solar systems.\" \/>\n<meta property=\"og:url\" content=\"https:\/\/www.upspower-supply.com\/pt\/produto\/8kw-ip66-hybrid-solar-inverter-48v-3-phase\/\" \/>\n<meta property=\"og:site_name\" content=\"UPS power supply\" \/>\n<meta property=\"article:modified_time\" content=\"2026-02-17T01:17:06+00:00\" \/>\n<meta property=\"og:image\" content=\"https:\/\/www.upspower-supply.com\/wp-content\/uploads\/2026\/02\/8kw-ip66-hybrid-solar-inverter-48v-3-phase-1.jpg\" \/>\n\t<meta property=\"og:image:width\" content=\"1000\" \/>\n\t<meta property=\"og:image:height\" content=\"1000\" \/>\n\t<meta property=\"og:image:type\" content=\"image\/jpeg\" \/>\n<meta name=\"twitter:card\" content=\"summary_large_image\" \/>\n<meta name=\"twitter:label1\" content=\"Tempo estimado de leitura\" \/>\n\t<meta name=\"twitter:data1\" content=\"3 minutos\" \/>\n<script type=\"application\/ld+json\" class=\"yoast-schema-graph\">{\"@context\":\"https:\/\/schema.org\",\"@graph\":[{\"@type\":\"WebPage\",\"@id\":\"https:\/\/www.upspower-supply.com\/product\/8kw-ip66-hybrid-solar-inverter-48v-3-phase\/\",\"url\":\"https:\/\/www.upspower-supply.com\/product\/8kw-ip66-hybrid-solar-inverter-48v-3-phase\/\",\"name\":\"8KW IP66 Hybrid Solar Inverter 48V 3-Phase - UPS power supply\",\"isPartOf\":{\"@id\":\"https:\/\/www.upspower-supply.com\/#website\"},\"primaryImageOfPage\":{\"@id\":\"https:\/\/www.upspower-supply.com\/product\/8kw-ip66-hybrid-solar-inverter-48v-3-phase\/#primaryimage\"},\"image\":{\"@id\":\"https:\/\/www.upspower-supply.com\/product\/8kw-ip66-hybrid-solar-inverter-48v-3-phase\/#primaryimage\"},\"thumbnailUrl\":\"https:\/\/www.upspower-supply.com\/wp-content\/uploads\/2026\/02\/8kw-ip66-hybrid-solar-inverter-48v-3-phase-1.jpg\",\"datePublished\":\"2026-02-17T00:48:43+00:00\",\"dateModified\":\"2026-02-17T01:17:06+00:00\",\"description\":\"8KW IP66 Hybrid Solar Inverter 48V 3-Phase with 98% efficiency, dual MPPT, 16000W PV input, and on\/off-grid support. Compatible with lithium & lead-acid batteries. Ideal for commercial and industrial solar systems.\",\"breadcrumb\":{\"@id\":\"https:\/\/www.upspower-supply.com\/product\/8kw-ip66-hybrid-solar-inverter-48v-3-phase\/#breadcrumb\"},\"inLanguage\":\"pt-PT\",\"potentialAction\":[{\"@type\":\"ReadAction\",\"target\":[\"https:\/\/www.upspower-supply.com\/product\/8kw-ip66-hybrid-solar-inverter-48v-3-phase\/\"]}]},{\"@type\":\"ImageObject\",\"inLanguage\":\"pt-PT\",\"@id\":\"https:\/\/www.upspower-supply.com\/product\/8kw-ip66-hybrid-solar-inverter-48v-3-phase\/#primaryimage\",\"url\":\"https:\/\/www.upspower-supply.com\/wp-content\/uploads\/2026\/02\/8kw-ip66-hybrid-solar-inverter-48v-3-phase-1.jpg\",\"contentUrl\":\"https:\/\/www.upspower-supply.com\/wp-content\/uploads\/2026\/02\/8kw-ip66-hybrid-solar-inverter-48v-3-phase-1.jpg\",\"width\":1000,\"height\":1000,\"caption\":\"8KW IP66 Hybrid Solar Inverter 48V 3-Phase\"},{\"@type\":\"BreadcrumbList\",\"@id\":\"https:\/\/www.upspower-supply.com\/product\/8kw-ip66-hybrid-solar-inverter-48v-3-phase\/#breadcrumb\",\"itemListElement\":[{\"@type\":\"ListItem\",\"position\":1,\"name\":\"Home\",\"item\":\"https:\/\/www.upspower-supply.com\/\"},{\"@type\":\"ListItem\",\"position\":2,\"name\":\"Shop\",\"item\":\"https:\/\/www.upspower-supply.com\/shop\/\"},{\"@type\":\"ListItem\",\"position\":3,\"name\":\"8KW IP66 Hybrid Solar Inverter 48V 3-Phase\"}]},{\"@type\":\"WebSite\",\"@id\":\"https:\/\/www.upspower-supply.com\/#website\",\"url\":\"https:\/\/www.upspower-supply.com\/\",\"name\":\"UPS power supply\",\"description\":\"\",\"potentialAction\":[{\"@type\":\"SearchAction\",\"target\":{\"@type\":\"EntryPoint\",\"urlTemplate\":\"https:\/\/www.upspower-supply.com\/?s={search_term_string}\"},\"query-input\":{\"@type\":\"PropertyValueSpecification\",\"valueRequired\":true,\"valueName\":\"search_term_string\"}}],\"inLanguage\":\"pt-PT\"}]}<\/script>\n<!-- \/ Yoast SEO plugin. -->","yoast_head_json":{"title":"8KW IP66 Hybrid Solar Inverter 48V 3-Phase - UPS power supply","description":"8KW IP66 Hybrid Solar Inverter 48V 3-Phase with 98% efficiency, dual MPPT, 16000W PV input, and on\/off-grid support. Compatible with lithium & lead-acid batteries. Ideal for commercial and industrial solar systems.","robots":{"index":"index","follow":"follow","max-snippet":"max-snippet:-1","max-image-preview":"max-image-preview:large","max-video-preview":"max-video-preview:-1"},"canonical":"https:\/\/www.upspower-supply.com\/pt\/produto\/8kw-ip66-hybrid-solar-inverter-48v-3-phase\/","og_locale":"pt_PT","og_type":"article","og_title":"8KW IP66 Hybrid Solar Inverter 48V 3-Phase - UPS power supply","og_description":"8KW IP66 Hybrid Solar Inverter 48V 3-Phase with 98% efficiency, dual MPPT, 16000W PV input, and on\/off-grid support. Compatible with lithium & lead-acid batteries. Ideal for commercial and industrial solar systems.","og_url":"https:\/\/www.upspower-supply.com\/pt\/produto\/8kw-ip66-hybrid-solar-inverter-48v-3-phase\/","og_site_name":"UPS power supply","article_modified_time":"2026-02-17T01:17:06+00:00","og_image":[{"width":1000,"height":1000,"url":"https:\/\/www.upspower-supply.com\/wp-content\/uploads\/2026\/02\/8kw-ip66-hybrid-solar-inverter-48v-3-phase-1.jpg","type":"image\/jpeg"}],"twitter_card":"summary_large_image","twitter_misc":{"Tempo estimado de leitura":"3 minutos"},"schema":{"@context":"https:\/\/schema.org","@graph":[{"@type":"WebPage","@id":"https:\/\/www.upspower-supply.com\/product\/8kw-ip66-hybrid-solar-inverter-48v-3-phase\/","url":"https:\/\/www.upspower-supply.com\/product\/8kw-ip66-hybrid-solar-inverter-48v-3-phase\/","name":"8KW IP66 Hybrid Solar Inverter 48V 3-Phase - UPS power supply","isPartOf":{"@id":"https:\/\/www.upspower-supply.com\/#website"},"primaryImageOfPage":{"@id":"https:\/\/www.upspower-supply.com\/product\/8kw-ip66-hybrid-solar-inverter-48v-3-phase\/#primaryimage"},"image":{"@id":"https:\/\/www.upspower-supply.com\/product\/8kw-ip66-hybrid-solar-inverter-48v-3-phase\/#primaryimage"},"thumbnailUrl":"https:\/\/www.upspower-supply.com\/wp-content\/uploads\/2026\/02\/8kw-ip66-hybrid-solar-inverter-48v-3-phase-1.jpg","datePublished":"2026-02-17T00:48:43+00:00","dateModified":"2026-02-17T01:17:06+00:00","description":"8KW IP66 Hybrid Solar Inverter 48V 3-Phase with 98% efficiency, dual MPPT, 16000W PV input, and on\/off-grid support. Compatible with lithium & lead-acid batteries. Ideal for commercial and industrial solar systems.","breadcrumb":{"@id":"https:\/\/www.upspower-supply.com\/product\/8kw-ip66-hybrid-solar-inverter-48v-3-phase\/#breadcrumb"},"inLanguage":"pt-PT","potentialAction":[{"@type":"ReadAction","target":["https:\/\/www.upspower-supply.com\/product\/8kw-ip66-hybrid-solar-inverter-48v-3-phase\/"]}]},{"@type":"ImageObject","inLanguage":"pt-PT","@id":"https:\/\/www.upspower-supply.com\/product\/8kw-ip66-hybrid-solar-inverter-48v-3-phase\/#primaryimage","url":"https:\/\/www.upspower-supply.com\/wp-content\/uploads\/2026\/02\/8kw-ip66-hybrid-solar-inverter-48v-3-phase-1.jpg","contentUrl":"https:\/\/www.upspower-supply.com\/wp-content\/uploads\/2026\/02\/8kw-ip66-hybrid-solar-inverter-48v-3-phase-1.jpg","width":1000,"height":1000,"caption":"8KW IP66 Hybrid Solar Inverter 48V 3-Phase"},{"@type":"BreadcrumbList","@id":"https:\/\/www.upspower-supply.com\/product\/8kw-ip66-hybrid-solar-inverter-48v-3-phase\/#breadcrumb","itemListElement":[{"@type":"ListItem","position":1,"name":"Home","item":"https:\/\/www.upspower-supply.com\/"},{"@type":"ListItem","position":2,"name":"Shop","item":"https:\/\/www.upspower-supply.com\/shop\/"},{"@type":"ListItem","position":3,"name":"8KW IP66 Hybrid Solar Inverter 48V 3-Phase"}]},{"@type":"WebSite","@id":"https:\/\/www.upspower-supply.com\/#website","url":"https:\/\/www.upspower-supply.com\/","name":"UPS power supply","description":"","potentialAction":[{"@type":"SearchAction","target":{"@type":"EntryPoint","urlTemplate":"https:\/\/www.upspower-supply.com\/?s={search_term_string}"},"query-input":{"@type":"PropertyValueSpecification","valueRequired":true,"valueName":"search_term_string"}}],"inLanguage":"pt-PT"}]}},"uagb_featured_image_src":{"full":["https:\/\/www.upspower-supply.com\/wp-content\/uploads\/2026\/02\/8kw-ip66-hybrid-solar-inverter-48v-3-phase-1.jpg",1000,1000,false],"thumbnail":["https:\/\/www.upspower-supply.com\/wp-content\/uploads\/2026\/02\/8kw-ip66-hybrid-solar-inverter-48v-3-phase-1-150x150.jpg",150,150,true],"medium":["https:\/\/www.upspower-supply.com\/wp-content\/uploads\/2026\/02\/8kw-ip66-hybrid-solar-inverter-48v-3-phase-1-300x300.jpg",300,300,true],"medium_large":["https:\/\/www.upspower-supply.com\/wp-content\/uploads\/2026\/02\/8kw-ip66-hybrid-solar-inverter-48v-3-phase-1-768x768.jpg",768,768,true],"large":["https:\/\/www.upspower-supply.com\/wp-content\/uploads\/2026\/02\/8kw-ip66-hybrid-solar-inverter-48v-3-phase-1.jpg",1000,1000,false],"1536x1536":["https:\/\/www.upspower-supply.com\/wp-content\/uploads\/2026\/02\/8kw-ip66-hybrid-solar-inverter-48v-3-phase-1.jpg",1000,1000,false],"2048x2048":["https:\/\/www.upspower-supply.com\/wp-content\/uploads\/2026\/02\/8kw-ip66-hybrid-solar-inverter-48v-3-phase-1.jpg",1000,1000,false],"trp-custom-language-flag":["https:\/\/www.upspower-supply.com\/wp-content\/uploads\/2026\/02\/8kw-ip66-hybrid-solar-inverter-48v-3-phase-1-12x12.jpg",12,12,true],"woocommerce_thumbnail":["https:\/\/www.upspower-supply.com\/wp-content\/uploads\/2026\/02\/8kw-ip66-hybrid-solar-inverter-48v-3-phase-1-300x300.jpg",300,300,true],"woocommerce_single":["https:\/\/www.upspower-supply.com\/wp-content\/uploads\/2026\/02\/8kw-ip66-hybrid-solar-inverter-48v-3-phase-1-600x600.jpg",600,600,true],"woocommerce_gallery_thumbnail":["https:\/\/www.upspower-supply.com\/wp-content\/uploads\/2026\/02\/8kw-ip66-hybrid-solar-inverter-48v-3-phase-1-100x100.jpg",100,100,true]},"uagb_author_info":{"display_name":"Tyne Tingey","author_link":"https:\/\/www.upspower-supply.com\/pt\/author\/"},"uagb_comment_info":0,"uagb_excerpt":"High-efficiency 8KW IP66 Hybrid Solar Inverter with 48V input and 3-phase output. Pure sine wave, wall-mounted design perfect for residential, commercial, and off-grid power systems. OEM available.","_links":{"self":[{"href":"https:\/\/www.upspower-supply.com\/pt\/wp-json\/wp\/v2\/product\/2115","targetHints":{"allow":["GET"]}}],"collection":[{"href":"https:\/\/www.upspower-supply.com\/pt\/wp-json\/wp\/v2\/product"}],"about":[{"href":"https:\/\/www.upspower-supply.com\/pt\/wp-json\/wp\/v2\/types\/product"}],"replies":[{"embeddable":true,"href":"https:\/\/www.upspower-supply.com\/pt\/wp-json\/wp\/v2\/comments?post=2115"}],"wp:featuredmedia":[{"embeddable":true,"href":"https:\/\/www.upspower-supply.com\/pt\/wp-json\/wp\/v2\/media\/2116"}],"wp:attachment":[{"href":"https:\/\/www.upspower-supply.com\/pt\/wp-json\/wp\/v2\/media?parent=2115"}],"wp:term":[{"taxonomy":"product_brand","embeddable":true,"href":"https:\/\/www.upspower-supply.com\/pt\/wp-json\/wp\/v2\/product_brand?post=2115"},{"taxonomy":"product_cat","embeddable":true,"href":"https:\/\/www.upspower-supply.com\/pt\/wp-json\/wp\/v2\/product_cat?post=2115"},{"taxonomy":"product_tag","embeddable":true,"href":"https:\/\/www.upspower-supply.com\/pt\/wp-json\/wp\/v2\/product_tag?post=2115"}],"curies":[{"name":"wp","href":"https:\/\/api.w.org\/{rel}","templated":true}]}}