{"id":2047,"date":"2026-01-12T04:00:11","date_gmt":"2026-01-12T04:00:11","guid":{"rendered":"https:\/\/www.upspower-supply.com\/?post_type=product&#038;p=2047"},"modified":"2026-01-12T05:24:21","modified_gmt":"2026-01-12T05:24:21","slug":"rack-mount-ups-1kva-10kva-single-phase-high-frequency","status":"publish","type":"product","link":"https:\/\/www.upspower-supply.com\/pt\/produto\/rack-mount-ups-1kva-10kva-single-phase-high-frequency\/","title":{"rendered":"UPS de montagem em rack de 1 kVA a 10 kVA monof\u00e1sico de alta frequ\u00eancia"},"content":{"rendered":"<div class=\"grid grid-cols-1 md:grid-cols-3 gap-6\">\n<div class=\"bg-white rounded-2xl shadow-md p-4 border border-gray-100\">\n<h3 class=\"text-xl font-semibold text-gray-900 mb-3\">Tecnologia de energia avan\u00e7ada<\/h3>\n<p class=\"text-gray-600 mb-4\">Projetado para oferecer prote\u00e7\u00e3o de energia est\u00e1vel e confi\u00e1vel, este UPS fornece energia limpa e cont\u00ednua em uma ampla gama de condi\u00e7\u00f5es de entrada.<\/p>\n<ul class=\"space-y-2 text-gray-700 text-sm\">\n<li>Ampla faixa de tens\u00e3o de entrada: 110\u2013300 VCA<\/li>\n<li>Detec\u00e7\u00e3o autom\u00e1tica de frequ\u00eancia de 50\/60Hz<\/li>\n<li>Gerador compat\u00edvel para fornecimento prolongado de energia de reserva.<\/li>\n<li>Projeto monof\u00e1sico: 1 entrada monof\u00e1sica \/ 1 sa\u00edda monof\u00e1sica<\/li>\n<li>Arquitetura de dupla convers\u00e3o online<\/li>\n<\/ul>\n<\/div>\n<div class=\"bg-white rounded-2xl shadow-md p-4 border border-gray-100\">\n<h3 class=\"text-xl font-semibold text-gray-900 mb-3\">Flexibilidade excepcional<\/h3>\n<p class=\"text-gray-600 mb-4\">As configura\u00e7\u00f5es flex\u00edveis de bateria e as op\u00e7\u00f5es de comunica\u00e7\u00e3o tornam este UPS f\u00e1cil de adaptar a uma ampla gama de ambientes de TI e racks de servidores.<\/p>\n<ul class=\"space-y-2 text-gray-700 text-sm\">\n<li>Os modelos de 6 a 10 kVA suportam de 16 a 20 unidades de bateria (configur\u00e1veis).<\/li>\n<li>RS232 e USB padr\u00e3o, RS485 opcional, contato seco e SNMP.<\/li>\n<li>Design compacto para montagem em rack, otimizando o espa\u00e7o durante a instala\u00e7\u00e3o.<\/li>\n<li>Ideal para racks de servidores, salas de rede e salas de TI.<\/li>\n<\/ul>\n<\/div>\n<div class=\"bg-white rounded-2xl shadow-md p-4 border border-gray-100\">\n<h3 class=\"text-xl font-semibold text-gray-900 mb-3\">Desempenho Verde de Alta Efici\u00eancia<\/h3>\n<p class=\"text-gray-600 mb-4\">Projetado para efici\u00eancia energ\u00e9tica e baixo custo operacional, este UPS minimiza a perda de energia, ao mesmo tempo que oferece a m\u00e1xima pot\u00eancia utiliz\u00e1vel.<\/p>\n<ul class=\"space-y-2 text-gray-700 text-sm\">\n<li>Modo ECO para consumo de energia reduzido<\/li>\n<li>Tecnologia PFC avan\u00e7ada<\/li>\n<li>Fator de pot\u00eancia de entrada \u2265 0,99<\/li>\n<li>Fator de pot\u00eancia de sa\u00edda = 1,0<\/li>\n<li>Controle inteligente da ventoinha para resfriamento otimizado e menor ru\u00eddo.<\/li>\n<\/ul>\n<\/div>\n<\/div>\n<div class=\"overflow-x-auto\">\n<table class=\"min-w-full border border-gray-200 text-sm text-gray-800\">\n<thead class=\"\">\n<tr>\n<th class=\"px-4 py-2 text-left\">Modelo<\/th>\n<th class=\"px-4 py-2\">RMU 1KL<\/th>\n<th class=\"px-4 py-2\">RMU 2KL<\/th>\n<th class=\"px-4 py-2\">RMU 3KL<\/th>\n<th class=\"px-4 py-2\">RMU 6KL<\/th>\n<th class=\"px-4 py-2\">RMU 10KL<\/th>\n<\/tr>\n<\/thead>\n<tbody class=\"divide-y divide-gray-200\"><!-- Capacity --><\/p>\n<tr class=\"bg-blue-50\">\n<td class=\"px-4 py-2 font-semibold\">Capacidade<\/td>\n<td class=\"px-4 py-2\">1 kVA<\/td>\n<td class=\"px-4 py-2\">2 kVA<\/td>\n<td class=\"px-4 py-2\">3 kVA<\/td>\n<td class=\"px-4 py-2\">6 kVA<\/td>\n<td class=\"px-4 py-2\">10 kVA<\/td>\n<\/tr>\n<p><!-- Input --><\/p>\n<tr class=\"\">\n<td class=\"px-4 py-2 font-semibold\" colspan=\"6\">Entrada<\/td>\n<\/tr>\n<tr>\n<td class=\"px-4 py-2 font-medium\">Faixa de tens\u00e3o<\/td>\n<td class=\"px-4 py-2\" colspan=\"5\">110\u2013300 VCA, 1 Fase (L+N+PE)<\/td>\n<\/tr>\n<tr>\n<td class=\"px-4 py-2 font-medium\">Faixa de frequ\u00eancia<\/td>\n<td class=\"px-4 py-2\" colspan=\"5\">40\u201370Hz<\/td>\n<\/tr>\n<tr>\n<td class=\"px-4 py-2 font-medium\">Fator de pot\u00eancia de entrada<\/td>\n<td class=\"px-4 py-2\" colspan=\"5\">\u2265 0,99<\/td>\n<\/tr>\n<tr>\n<td class=\"px-4 py-2 font-medium\">THDi<\/td>\n<td class=\"px-4 py-2\" colspan=\"5\">&lt;3% (linear), &lt;5% (n\u00e3o linear)<\/td>\n<\/tr>\n<p><!-- Output --><\/p>\n<tr class=\"\">\n<td class=\"px-4 py-2 font-semibold\" colspan=\"6\">Sa\u00edda<\/td>\n<\/tr>\n<tr>\n<td class=\"px-4 py-2 font-medium\">Tens\u00e3o<\/td>\n<td class=\"px-4 py-2\" colspan=\"5\">208 \/ 220 \/ 230 \/ 240 VCA<\/td>\n<\/tr>\n<tr>\n<td class=\"px-4 py-2 font-medium\">Precis\u00e3o da tens\u00e3o<\/td>\n<td class=\"px-4 py-2\" colspan=\"5\">\u00b11%<\/td>\n<\/tr>\n<tr>\n<td class=\"px-4 py-2 font-medium\">Freq\u00fc\u00eancia<\/td>\n<td class=\"px-4 py-2\" colspan=\"5\">50\/60Hz \u00b10,1%<\/td>\n<\/tr>\n<tr>\n<td class=\"px-4 py-2 font-medium\">Fator de pot\u00eancia de sa\u00edda<\/td>\n<td class=\"px-4 py-2\" colspan=\"5\">1.0<\/td>\n<\/tr>\n<tr>\n<td class=\"px-4 py-2 font-medium\">THDu<\/td>\n<td class=\"px-4 py-2\" colspan=\"5\">\u22642% (linear), \u22645% (n\u00e3o linear)<\/td>\n<\/tr>\n<tr>\n<td class=\"px-4 py-2 font-medium\">Tempo de transfer\u00eancia<\/td>\n<td class=\"px-4 py-2\" colspan=\"5\">0 ms<\/td>\n<\/tr>\n<p><!-- Efficiency --><\/p>\n<tr class=\"\">\n<td class=\"px-4 py-2 font-semibold\" colspan=\"6\">Efici\u00eancia<\/td>\n<\/tr>\n<tr>\n<td class=\"px-4 py-2 font-medium\">Modo inversor<\/td>\n<td class=\"px-4 py-2\">94.5%<\/td>\n<td class=\"px-4 py-2\" colspan=\"4\">&gt;95,5%<\/td>\n<\/tr>\n<p><!-- Battery --><\/p>\n<tr class=\"\">\n<td class=\"px-4 py-2 font-semibold\" colspan=\"6\">Bateria<\/td>\n<\/tr>\n<tr>\n<td class=\"px-4 py-2 font-medium\">Bateria padr\u00e3o<\/td>\n<td class=\"px-4 py-2\" colspan=\"5\">12V \/ 7Ah<\/td>\n<\/tr>\n<tr>\n<td class=\"px-4 py-2 font-medium\">Quantidade padr\u00e3o<\/td>\n<td class=\"px-4 py-2\">2<\/td>\n<td class=\"px-4 py-2\">4<\/td>\n<td class=\"px-4 py-2\">6<\/td>\n<td class=\"px-4 py-2\">16<\/td>\n<td class=\"px-4 py-2\">16<\/td>\n<\/tr>\n<tr>\n<td class=\"px-4 py-2 font-medium\">Baterias de longa dura\u00e7\u00e3o<\/td>\n<td class=\"px-4 py-2\">3<\/td>\n<td class=\"px-4 py-2\">6<\/td>\n<td class=\"px-4 py-2\">8<\/td>\n<td class=\"px-4 py-2\">16\u201320<\/td>\n<td class=\"px-4 py-2\">16\u201320<\/td>\n<\/tr>\n<p><!-- System --><\/p>\n<tr class=\"\">\n<td class=\"px-4 py-2 font-semibold\" colspan=\"6\">Sistema<\/td>\n<\/tr>\n<tr>\n<td class=\"px-4 py-2 font-medium\">Comunica\u00e7\u00e3o<\/td>\n<td class=\"px-4 py-2\" colspan=\"5\">RS232, USB, RS485 opcional, contato seco, SNMP<\/td>\n<\/tr>\n<p><!-- Environment --><\/p>\n<tr class=\"\">\n<td class=\"px-4 py-2 font-semibold\" colspan=\"6\">Ambiente<\/td>\n<\/tr>\n<tr>\n<td class=\"px-4 py-2 font-medium\">Temperatura<\/td>\n<td class=\"px-4 py-2\" colspan=\"5\">0\u201340\u00b0C<\/td>\n<\/tr>\n<tr>\n<td class=\"px-4 py-2 font-medium\">Umidade<\/td>\n<td class=\"px-4 py-2\" colspan=\"5\">0\u201395% (n\u00e3o condens\u00e1vel)<\/td>\n<\/tr>\n<tr>\n<td class=\"px-4 py-2 font-medium\">Barulho<\/td>\n<td class=\"px-4 py-2\" colspan=\"5\">&lt;50 dB a 1 m<\/td>\n<\/tr>\n<\/tbody>\n<\/table>\n<\/div>\n<h2>Aplica\u00e7\u00f5es para UPS de montagem em rack de 1 a 10 kVA<\/h2>\n<ul>\n<li><strong>Centros de dados e salas de servidores<\/strong> \u2013 Protege servidores montados em rack, sistemas de armazenamento, plataformas de virtualiza\u00e7\u00e3o e switches de rede contra quedas de energia, flutua\u00e7\u00f5es de tens\u00e3o e ru\u00eddo el\u00e9trico.<\/li>\n<li><strong>Computa\u00e7\u00e3o de Borda e Racks de Coloca\u00e7\u00e3o<\/strong> \u2013 Ideal para racks de alta densidade em data centers de borda, instala\u00e7\u00f5es de colocation e micro data centers onde o espa\u00e7o \u00e9 limitado, mas a energia confi\u00e1vel \u00e9 essencial.<\/li>\n<li><strong>Infraestrutura de telecomunica\u00e7\u00f5es e redes<\/strong> \u2013 Fornece energia de reserva est\u00e1vel para roteadores, equipamentos de esta\u00e7\u00e3o base, sistemas de telefonia IP e gabinetes de comunica\u00e7\u00e3o, garantindo conectividade ininterrupta.<\/li>\n<li><strong>Institui\u00e7\u00f5es Financeiras<\/strong> \u2013 Oferece suporte a servidores de negocia\u00e7\u00e3o, sistemas banc\u00e1rios, caixas eletr\u00f4nicos e equipamentos de processamento de transa\u00e7\u00f5es, onde at\u00e9 mesmo breves interrup\u00e7\u00f5es de energia podem causar perda de dados ou risco financeiro.<\/li>\n<li><strong>TI em Sa\u00fade e Medicina<\/strong> \u2013 Protege servidores m\u00e9dicos, sistemas de imagem, equipamentos de laborat\u00f3rio e infraestrutura de rede hospitalar que exigem energia cont\u00ednua e limpa.<\/li>\n<li><strong>Sistemas de Controle Industrial<\/strong> \u2013 Garante energia confi\u00e1vel para PLCs, sistemas SCADA, equipamentos de monitoramento e controladores de automa\u00e7\u00e3o em f\u00e1bricas e linhas de produ\u00e7\u00e3o.<\/li>\n<li><strong>Sistemas de seguran\u00e7a e vigil\u00e2ncia<\/strong> \u2013 Mant\u00e9m as c\u00e2meras de CFTV, os sistemas de controle de acesso e os servidores de seguran\u00e7a em funcionamento durante falhas de energia para garantir a seguran\u00e7a e o monitoramento do local.<\/li>\n<li><strong>Instala\u00e7\u00f5es de ensino e pesquisa<\/strong> \u2013 Fornece energia de reserva para centros de dados do campus, laborat\u00f3rios de pesquisa e sistemas de ensino que dependem da disponibilidade cont\u00ednua de TI.<\/li>\n<li><strong>Sistemas de Varejo e PDV<\/strong> \u2013 Protege servidores de ponto de venda, sistemas de invent\u00e1rio e equipamentos de rede em lojas de varejo e centros de distribui\u00e7\u00e3o.<\/li>\n<li><strong>Radiodifus\u00e3o e m\u00eddia<\/strong> \u2013 Oferece suporte a servidores de transmiss\u00e3o, sistemas de processamento de v\u00eddeo e equipamentos de rede de est\u00fadio para evitar tempo de inatividade e corrup\u00e7\u00e3o de dados.<\/li>\n<\/ul>","protected":false},"excerpt":{"rendered":"<p>Nossa s\u00e9rie de UPS para montagem em rack de 1 a 10 kVA oferece prote\u00e7\u00e3o de energia online de n\u00edvel empresarial para racks de servidores, combinando alta efici\u00eancia, design compacto e capacidade escal\u00e1vel. Tamb\u00e9m dispon\u00edvel em 1 kVA, 3 kVA, 6 kVA e 10 kVA.<\/p>","protected":false},"featured_media":2048,"comment_status":"open","ping_status":"closed","template":"","meta":{"_acf_changed":false,"_uag_custom_page_level_css":"","site-sidebar-layout":"default","site-content-layout":"","ast-site-content-layout":"default","site-content-style":"default","site-sidebar-style":"default","ast-global-header-display":"","ast-banner-title-visibility":"","ast-main-header-display":"","ast-hfb-above-header-display":"","ast-hfb-below-header-display":"","ast-hfb-mobile-header-display":"","site-post-title":"","ast-breadcrumbs-content":"","ast-featured-img":"","footer-sml-layout":"","theme-transparent-header-meta":"default","adv-header-id-meta":"","stick-header-meta":"","header-above-stick-meta":"","header-main-stick-meta":"","header-below-stick-meta":"","astra-migrate-meta-layouts":"set","ast-page-background-enabled":"default","ast-page-background-meta":{"desktop":{"background-color":"var(--ast-global-color-4)","background-image":"","background-repeat":"repeat","background-position":"center center","background-size":"auto","background-attachment":"scroll","background-type":"","background-media":"","overlay-type":"","overlay-color":"","overlay-opacity":"","overlay-gradient":""},"tablet":{"background-color":"","background-image":"","background-repeat":"repeat","background-position":"center center","background-size":"auto","background-attachment":"scroll","background-type":"","background-media":"","overlay-type":"","overlay-color":"","overlay-opacity":"","overlay-gradient":""},"mobile":{"background-color":"","background-image":"","background-repeat":"repeat","background-position":"center center","background-size":"auto","background-attachment":"scroll","background-type":"","background-media":"","overlay-type":"","overlay-color":"","overlay-opacity":"","overlay-gradient":""}},"ast-content-background-meta":{"desktop":{"background-color":"var(--ast-global-color-5)","background-image":"","background-repeat":"repeat","background-position":"center center","background-size":"auto","background-attachment":"scroll","background-type":"","background-media":"","overlay-type":"","overlay-color":"","overlay-opacity":"","overlay-gradient":""},"tablet":{"background-color":"var(--ast-global-color-5)","background-image":"","background-repeat":"repeat","background-position":"center center","background-size":"auto","background-attachment":"scroll","background-type":"","background-media":"","overlay-type":"","overlay-color":"","overlay-opacity":"","overlay-gradient":""},"mobile":{"background-color":"var(--ast-global-color-5)","background-image":"","background-repeat":"repeat","background-position":"center center","background-size":"auto","background-attachment":"scroll","background-type":"","background-media":"","overlay-type":"","overlay-color":"","overlay-opacity":"","overlay-gradient":""}}},"product_brand":[],"product_cat":[26,45],"product_tag":[34,46],"class_list":{"0":"post-2047","1":"product","2":"type-product","3":"status-publish","4":"has-post-thumbnail","6":"product_cat-online-ups","7":"product_cat-rack-mount-ups","8":"product_tag-3kva-online-ups","9":"product_tag-double-conversion-ups","10":"desktop-align-left","11":"tablet-align-left","12":"mobile-align-left","14":"first","15":"instock","16":"shipping-taxable","17":"product-type-simple"},"acf":[],"yoast_head":"<!-- This site is optimized with the Yoast SEO plugin v25.0 - https:\/\/yoast.com\/wordpress\/plugins\/seo\/ -->\n<title>Rack Mount UPS 1KVA-10KVA Single Phase High Frequency - UPS power supply<\/title>\n<meta name=\"robots\" content=\"index, follow, max-snippet:-1, max-image-preview:large, max-video-preview:-1\" \/>\n<link rel=\"canonical\" href=\"https:\/\/www.upspower-supply.com\/pt\/produto\/rack-mount-ups-1kva-10kva-single-phase-high-frequency\/\" \/>\n<meta property=\"og:locale\" content=\"pt_PT\" \/>\n<meta property=\"og:type\" content=\"article\" \/>\n<meta property=\"og:title\" content=\"Rack Mount UPS 1KVA-10KVA Single Phase High Frequency - UPS power supply\" \/>\n<meta property=\"og:description\" content=\"Our 1\u201310kVA rack-mount UPS series delivers enterprise-grade online power protection for server racks, combining high efficiency, compact design, and scalable capacity.also available in 1kVA, 3kVA, 6kVA, 10kVA.\" \/>\n<meta property=\"og:url\" content=\"https:\/\/www.upspower-supply.com\/pt\/produto\/rack-mount-ups-1kva-10kva-single-phase-high-frequency\/\" \/>\n<meta property=\"og:site_name\" content=\"UPS power supply\" \/>\n<meta property=\"article:modified_time\" content=\"2026-01-12T05:24:21+00:00\" \/>\n<meta property=\"og:image\" content=\"https:\/\/www.upspower-supply.com\/wp-content\/uploads\/2026\/01\/rack-mount-ups-1kva-10kva-single-phase-high-frequency-3.jpg\" \/>\n\t<meta property=\"og:image:width\" content=\"800\" \/>\n\t<meta property=\"og:image:height\" content=\"800\" \/>\n\t<meta property=\"og:image:type\" content=\"image\/jpeg\" \/>\n<meta name=\"twitter:card\" content=\"summary_large_image\" \/>\n<meta name=\"twitter:label1\" content=\"Tempo estimado de leitura\" \/>\n\t<meta name=\"twitter:data1\" content=\"3 minutos\" \/>\n<script type=\"application\/ld+json\" class=\"yoast-schema-graph\">{\"@context\":\"https:\/\/schema.org\",\"@graph\":[{\"@type\":\"WebPage\",\"@id\":\"https:\/\/www.upspower-supply.com\/product\/rack-mount-ups-1kva-10kva-single-phase-high-frequency\/\",\"url\":\"https:\/\/www.upspower-supply.com\/product\/rack-mount-ups-1kva-10kva-single-phase-high-frequency\/\",\"name\":\"Rack Mount UPS 1KVA-10KVA Single Phase High Frequency - UPS power supply\",\"isPartOf\":{\"@id\":\"https:\/\/www.upspower-supply.com\/#website\"},\"primaryImageOfPage\":{\"@id\":\"https:\/\/www.upspower-supply.com\/product\/rack-mount-ups-1kva-10kva-single-phase-high-frequency\/#primaryimage\"},\"image\":{\"@id\":\"https:\/\/www.upspower-supply.com\/product\/rack-mount-ups-1kva-10kva-single-phase-high-frequency\/#primaryimage\"},\"thumbnailUrl\":\"https:\/\/www.upspower-supply.com\/wp-content\/uploads\/2026\/01\/rack-mount-ups-1kva-10kva-single-phase-high-frequency-3.jpg\",\"datePublished\":\"2026-01-12T04:00:11+00:00\",\"dateModified\":\"2026-01-12T05:24:21+00:00\",\"breadcrumb\":{\"@id\":\"https:\/\/www.upspower-supply.com\/product\/rack-mount-ups-1kva-10kva-single-phase-high-frequency\/#breadcrumb\"},\"inLanguage\":\"pt-PT\",\"potentialAction\":[{\"@type\":\"ReadAction\",\"target\":[\"https:\/\/www.upspower-supply.com\/product\/rack-mount-ups-1kva-10kva-single-phase-high-frequency\/\"]}]},{\"@type\":\"ImageObject\",\"inLanguage\":\"pt-PT\",\"@id\":\"https:\/\/www.upspower-supply.com\/product\/rack-mount-ups-1kva-10kva-single-phase-high-frequency\/#primaryimage\",\"url\":\"https:\/\/www.upspower-supply.com\/wp-content\/uploads\/2026\/01\/rack-mount-ups-1kva-10kva-single-phase-high-frequency-3.jpg\",\"contentUrl\":\"https:\/\/www.upspower-supply.com\/wp-content\/uploads\/2026\/01\/rack-mount-ups-1kva-10kva-single-phase-high-frequency-3.jpg\",\"width\":800,\"height\":800,\"caption\":\"Rack Mount UPS 1KVA-10KVA Single Phase High Frequency\"},{\"@type\":\"BreadcrumbList\",\"@id\":\"https:\/\/www.upspower-supply.com\/product\/rack-mount-ups-1kva-10kva-single-phase-high-frequency\/#breadcrumb\",\"itemListElement\":[{\"@type\":\"ListItem\",\"position\":1,\"name\":\"Home\",\"item\":\"https:\/\/www.upspower-supply.com\/\"},{\"@type\":\"ListItem\",\"position\":2,\"name\":\"Shop\",\"item\":\"https:\/\/www.upspower-supply.com\/shop\/\"},{\"@type\":\"ListItem\",\"position\":3,\"name\":\"Rack Mount UPS 1KVA-10KVA Single Phase High Frequency\"}]},{\"@type\":\"WebSite\",\"@id\":\"https:\/\/www.upspower-supply.com\/#website\",\"url\":\"https:\/\/www.upspower-supply.com\/\",\"name\":\"UPS power supply\",\"description\":\"\",\"potentialAction\":[{\"@type\":\"SearchAction\",\"target\":{\"@type\":\"EntryPoint\",\"urlTemplate\":\"https:\/\/www.upspower-supply.com\/?s={search_term_string}\"},\"query-input\":{\"@type\":\"PropertyValueSpecification\",\"valueRequired\":true,\"valueName\":\"search_term_string\"}}],\"inLanguage\":\"pt-PT\"}]}<\/script>\n<!-- \/ Yoast SEO plugin. -->","yoast_head_json":{"title":"Rack Mount UPS 1KVA-10KVA Single Phase High Frequency - UPS power supply","robots":{"index":"index","follow":"follow","max-snippet":"max-snippet:-1","max-image-preview":"max-image-preview:large","max-video-preview":"max-video-preview:-1"},"canonical":"https:\/\/www.upspower-supply.com\/pt\/produto\/rack-mount-ups-1kva-10kva-single-phase-high-frequency\/","og_locale":"pt_PT","og_type":"article","og_title":"Rack Mount UPS 1KVA-10KVA Single Phase High Frequency - UPS power supply","og_description":"Our 1\u201310kVA rack-mount UPS series delivers enterprise-grade online power protection for server racks, combining high efficiency, compact design, and scalable capacity.also available in 1kVA, 3kVA, 6kVA, 10kVA.","og_url":"https:\/\/www.upspower-supply.com\/pt\/produto\/rack-mount-ups-1kva-10kva-single-phase-high-frequency\/","og_site_name":"UPS power supply","article_modified_time":"2026-01-12T05:24:21+00:00","og_image":[{"width":800,"height":800,"url":"https:\/\/www.upspower-supply.com\/wp-content\/uploads\/2026\/01\/rack-mount-ups-1kva-10kva-single-phase-high-frequency-3.jpg","type":"image\/jpeg"}],"twitter_card":"summary_large_image","twitter_misc":{"Tempo estimado de leitura":"3 minutos"},"schema":{"@context":"https:\/\/schema.org","@graph":[{"@type":"WebPage","@id":"https:\/\/www.upspower-supply.com\/product\/rack-mount-ups-1kva-10kva-single-phase-high-frequency\/","url":"https:\/\/www.upspower-supply.com\/product\/rack-mount-ups-1kva-10kva-single-phase-high-frequency\/","name":"Rack Mount UPS 1KVA-10KVA Single Phase High Frequency - UPS power supply","isPartOf":{"@id":"https:\/\/www.upspower-supply.com\/#website"},"primaryImageOfPage":{"@id":"https:\/\/www.upspower-supply.com\/product\/rack-mount-ups-1kva-10kva-single-phase-high-frequency\/#primaryimage"},"image":{"@id":"https:\/\/www.upspower-supply.com\/product\/rack-mount-ups-1kva-10kva-single-phase-high-frequency\/#primaryimage"},"thumbnailUrl":"https:\/\/www.upspower-supply.com\/wp-content\/uploads\/2026\/01\/rack-mount-ups-1kva-10kva-single-phase-high-frequency-3.jpg","datePublished":"2026-01-12T04:00:11+00:00","dateModified":"2026-01-12T05:24:21+00:00","breadcrumb":{"@id":"https:\/\/www.upspower-supply.com\/product\/rack-mount-ups-1kva-10kva-single-phase-high-frequency\/#breadcrumb"},"inLanguage":"pt-PT","potentialAction":[{"@type":"ReadAction","target":["https:\/\/www.upspower-supply.com\/product\/rack-mount-ups-1kva-10kva-single-phase-high-frequency\/"]}]},{"@type":"ImageObject","inLanguage":"pt-PT","@id":"https:\/\/www.upspower-supply.com\/product\/rack-mount-ups-1kva-10kva-single-phase-high-frequency\/#primaryimage","url":"https:\/\/www.upspower-supply.com\/wp-content\/uploads\/2026\/01\/rack-mount-ups-1kva-10kva-single-phase-high-frequency-3.jpg","contentUrl":"https:\/\/www.upspower-supply.com\/wp-content\/uploads\/2026\/01\/rack-mount-ups-1kva-10kva-single-phase-high-frequency-3.jpg","width":800,"height":800,"caption":"Rack Mount UPS 1KVA-10KVA Single Phase High Frequency"},{"@type":"BreadcrumbList","@id":"https:\/\/www.upspower-supply.com\/product\/rack-mount-ups-1kva-10kva-single-phase-high-frequency\/#breadcrumb","itemListElement":[{"@type":"ListItem","position":1,"name":"Home","item":"https:\/\/www.upspower-supply.com\/"},{"@type":"ListItem","position":2,"name":"Shop","item":"https:\/\/www.upspower-supply.com\/shop\/"},{"@type":"ListItem","position":3,"name":"Rack Mount UPS 1KVA-10KVA Single Phase High Frequency"}]},{"@type":"WebSite","@id":"https:\/\/www.upspower-supply.com\/#website","url":"https:\/\/www.upspower-supply.com\/","name":"UPS power supply","description":"","potentialAction":[{"@type":"SearchAction","target":{"@type":"EntryPoint","urlTemplate":"https:\/\/www.upspower-supply.com\/?s={search_term_string}"},"query-input":{"@type":"PropertyValueSpecification","valueRequired":true,"valueName":"search_term_string"}}],"inLanguage":"pt-PT"}]}},"uagb_featured_image_src":{"full":["https:\/\/www.upspower-supply.com\/wp-content\/uploads\/2026\/01\/rack-mount-ups-1kva-10kva-single-phase-high-frequency-3.jpg",800,800,false],"thumbnail":["https:\/\/www.upspower-supply.com\/wp-content\/uploads\/2026\/01\/rack-mount-ups-1kva-10kva-single-phase-high-frequency-3-150x150.jpg",150,150,true],"medium":["https:\/\/www.upspower-supply.com\/wp-content\/uploads\/2026\/01\/rack-mount-ups-1kva-10kva-single-phase-high-frequency-3-300x300.jpg",300,300,true],"medium_large":["https:\/\/www.upspower-supply.com\/wp-content\/uploads\/2026\/01\/rack-mount-ups-1kva-10kva-single-phase-high-frequency-3-768x768.jpg",768,768,true],"large":["https:\/\/www.upspower-supply.com\/wp-content\/uploads\/2026\/01\/rack-mount-ups-1kva-10kva-single-phase-high-frequency-3.jpg",800,800,false],"1536x1536":["https:\/\/www.upspower-supply.com\/wp-content\/uploads\/2026\/01\/rack-mount-ups-1kva-10kva-single-phase-high-frequency-3.jpg",800,800,false],"2048x2048":["https:\/\/www.upspower-supply.com\/wp-content\/uploads\/2026\/01\/rack-mount-ups-1kva-10kva-single-phase-high-frequency-3.jpg",800,800,false],"trp-custom-language-flag":["https:\/\/www.upspower-supply.com\/wp-content\/uploads\/2026\/01\/rack-mount-ups-1kva-10kva-single-phase-high-frequency-3-12x12.jpg",12,12,true],"woocommerce_thumbnail":["https:\/\/www.upspower-supply.com\/wp-content\/uploads\/2026\/01\/rack-mount-ups-1kva-10kva-single-phase-high-frequency-3-300x300.jpg",300,300,true],"woocommerce_single":["https:\/\/www.upspower-supply.com\/wp-content\/uploads\/2026\/01\/rack-mount-ups-1kva-10kva-single-phase-high-frequency-3-600x600.jpg",600,600,true],"woocommerce_gallery_thumbnail":["https:\/\/www.upspower-supply.com\/wp-content\/uploads\/2026\/01\/rack-mount-ups-1kva-10kva-single-phase-high-frequency-3-100x100.jpg",100,100,true]},"uagb_author_info":{"display_name":"Tyne Tingey","author_link":"https:\/\/www.upspower-supply.com\/pt\/author\/"},"uagb_comment_info":0,"uagb_excerpt":"Our 1\u201310kVA rack-mount UPS series delivers enterprise-grade online power protection for server racks, combining high efficiency, compact design, and scalable capacity.also available in 1kVA, 3kVA, 6kVA, 10kVA.","_links":{"self":[{"href":"https:\/\/www.upspower-supply.com\/pt\/wp-json\/wp\/v2\/product\/2047","targetHints":{"allow":["GET"]}}],"collection":[{"href":"https:\/\/www.upspower-supply.com\/pt\/wp-json\/wp\/v2\/product"}],"about":[{"href":"https:\/\/www.upspower-supply.com\/pt\/wp-json\/wp\/v2\/types\/product"}],"replies":[{"embeddable":true,"href":"https:\/\/www.upspower-supply.com\/pt\/wp-json\/wp\/v2\/comments?post=2047"}],"wp:featuredmedia":[{"embeddable":true,"href":"https:\/\/www.upspower-supply.com\/pt\/wp-json\/wp\/v2\/media\/2048"}],"wp:attachment":[{"href":"https:\/\/www.upspower-supply.com\/pt\/wp-json\/wp\/v2\/media?parent=2047"}],"wp:term":[{"taxonomy":"product_brand","embeddable":true,"href":"https:\/\/www.upspower-supply.com\/pt\/wp-json\/wp\/v2\/product_brand?post=2047"},{"taxonomy":"product_cat","embeddable":true,"href":"https:\/\/www.upspower-supply.com\/pt\/wp-json\/wp\/v2\/product_cat?post=2047"},{"taxonomy":"product_tag","embeddable":true,"href":"https:\/\/www.upspower-supply.com\/pt\/wp-json\/wp\/v2\/product_tag?post=2047"}],"curies":[{"name":"wp","href":"https:\/\/api.w.org\/{rel}","templated":true}]}}