{"id":2022,"date":"2025-12-30T08:31:47","date_gmt":"2025-12-30T08:31:47","guid":{"rendered":"https:\/\/www.upspower-supply.com\/?post_type=product&#038;p=2022"},"modified":"2025-12-30T08:33:14","modified_gmt":"2025-12-30T08:33:14","slug":"3kva-ups-power-supply-online-ups-battery-backup","status":"publish","type":"product","link":"https:\/\/www.upspower-supply.com\/pt\/produto\/3kva-ups-power-supply-online-ups-battery-backup\/","title":{"rendered":"Fonte de alimenta\u00e7\u00e3o ininterrupta (UPS) de 3 kVA com backup de bateria online."},"content":{"rendered":"<p><img loading=\"lazy\" decoding=\"async\" class=\"alignnone wp-image-2028 size-full\" src=\"https:\/\/www.upspower-supply.com\/wp-content\/uploads\/2025\/12\/3kva-ups-power-supply-online-ups-battery-backup-feature-1.jpg\" alt=\"Fonte de alimenta\u00e7\u00e3o UPS de 3 kVA\" width=\"800\" height=\"839\" srcset=\"https:\/\/www.upspower-supply.com\/wp-content\/uploads\/2025\/12\/3kva-ups-power-supply-online-ups-battery-backup-feature-1.jpg 800w, https:\/\/www.upspower-supply.com\/wp-content\/uploads\/2025\/12\/3kva-ups-power-supply-online-ups-battery-backup-feature-1-286x300.jpg 286w, https:\/\/www.upspower-supply.com\/wp-content\/uploads\/2025\/12\/3kva-ups-power-supply-online-ups-battery-backup-feature-1-768x805.jpg 768w, https:\/\/www.upspower-supply.com\/wp-content\/uploads\/2025\/12\/3kva-ups-power-supply-online-ups-battery-backup-feature-1-11x12.jpg 11w, https:\/\/www.upspower-supply.com\/wp-content\/uploads\/2025\/12\/3kva-ups-power-supply-online-ups-battery-backup-feature-1-600x629.jpg 600w\" sizes=\"auto, (max-width: 800px) 100vw, 800px\" \/><\/p>\n<h2>UPS Online 3kVA \u2013 Principais Caracter\u00edsticas<\/h2>\n<ul>\n<li>Tecnologia de dupla convers\u00e3o online verdadeira para prote\u00e7\u00e3o cont\u00ednua de energia.<\/li>\n<li>Controle avan\u00e7ado por microprocessador para aumentar a confiabilidade do sistema.<\/li>\n<li>Tecnologia DSP de alto desempenho para regula\u00e7\u00e3o precisa de energia.<\/li>\n<li>Sa\u00edda de onda senoidal pura para opera\u00e7\u00e3o segura de equipamentos sens\u00edveis.<\/li>\n<li>Corre\u00e7\u00e3o do fator de pot\u00eancia de entrada para melhorar a efici\u00eancia energ\u00e9tica.<\/li>\n<li>Fator de pot\u00eancia de sa\u00edda de 1,0 para m\u00e1xima pot\u00eancia utiliz\u00e1vel.<\/li>\n<li>Ampla faixa de tens\u00e3o de entrada, de 110 VCA a 300 VCA.<\/li>\n<li>Opera\u00e7\u00e3o do conversor de frequ\u00eancia selecion\u00e1vel de 50 Hz \/ 60 Hz<\/li>\n<li>Modo ECO e op\u00e7\u00f5es de tens\u00e3o de opera\u00e7\u00e3o ajust\u00e1veis para economia de energia<\/li>\n<li>LCD gr\u00e1fico com interface de usu\u00e1rio interativa e multil\u00edngue<\/li>\n<li>Corrente de carregamento e modo de carregamento ajust\u00e1veis atrav\u00e9s do painel LCD.<\/li>\n<li>Bateria integrada com 6 baterias de chumbo-\u00e1cido seladas de 12 V e 7 Ah.<\/li>\n<li>Tens\u00e3o de sa\u00edda program\u00e1vel para atender a diferentes requisitos de carga.<\/li>\n<li>Capacidade de partida a frio, permitindo o arranque da bateria sem alimenta\u00e7\u00e3o da rede el\u00e9trica.<\/li>\n<li>Design compat\u00edvel com geradores para opera\u00e7\u00e3o est\u00e1vel com geradores de reserva.<\/li>\n<li>Slot de expans\u00e3o para placa SNMP, contatos secos ou painel de monitoramento remoto.<\/li>\n<\/ul>\n<p><img loading=\"lazy\" decoding=\"async\" class=\"alignnone wp-image-2029 size-full\" src=\"https:\/\/www.upspower-supply.com\/wp-content\/uploads\/2025\/12\/3kva-ups-power-supply-online-ups-battery-backup-ports.jpg\" alt=\"Portas de backup de bateria UPS online de 3 kVA\" width=\"1060\" height=\"446\" srcset=\"https:\/\/www.upspower-supply.com\/wp-content\/uploads\/2025\/12\/3kva-ups-power-supply-online-ups-battery-backup-ports.jpg 1060w, https:\/\/www.upspower-supply.com\/wp-content\/uploads\/2025\/12\/3kva-ups-power-supply-online-ups-battery-backup-ports-300x126.jpg 300w, https:\/\/www.upspower-supply.com\/wp-content\/uploads\/2025\/12\/3kva-ups-power-supply-online-ups-battery-backup-ports-1024x431.jpg 1024w, https:\/\/www.upspower-supply.com\/wp-content\/uploads\/2025\/12\/3kva-ups-power-supply-online-ups-battery-backup-ports-768x323.jpg 768w, https:\/\/www.upspower-supply.com\/wp-content\/uploads\/2025\/12\/3kva-ups-power-supply-online-ups-battery-backup-ports-18x8.jpg 18w, https:\/\/www.upspower-supply.com\/wp-content\/uploads\/2025\/12\/3kva-ups-power-supply-online-ups-battery-backup-ports-600x252.jpg 600w\" sizes=\"auto, (max-width: 1060px) 100vw, 1060px\" \/><br \/>\n<img loading=\"lazy\" decoding=\"async\" class=\"alignnone wp-image-2030 size-large\" src=\"https:\/\/www.upspower-supply.com\/wp-content\/uploads\/2025\/12\/3kva-ups-power-supply-online-ups-battery-backup-ports-explanation-1024x425.jpg\" alt=\"Explica\u00e7\u00e3o das portas de backup de bateria UPS online de 3 kVA\" width=\"1024\" height=\"425\" srcset=\"https:\/\/www.upspower-supply.com\/wp-content\/uploads\/2025\/12\/3kva-ups-power-supply-online-ups-battery-backup-ports-explanation-1024x425.jpg 1024w, https:\/\/www.upspower-supply.com\/wp-content\/uploads\/2025\/12\/3kva-ups-power-supply-online-ups-battery-backup-ports-explanation-300x125.jpg 300w, https:\/\/www.upspower-supply.com\/wp-content\/uploads\/2025\/12\/3kva-ups-power-supply-online-ups-battery-backup-ports-explanation-768x319.jpg 768w, https:\/\/www.upspower-supply.com\/wp-content\/uploads\/2025\/12\/3kva-ups-power-supply-online-ups-battery-backup-ports-explanation-18x7.jpg 18w, https:\/\/www.upspower-supply.com\/wp-content\/uploads\/2025\/12\/3kva-ups-power-supply-online-ups-battery-backup-ports-explanation-600x249.jpg 600w, https:\/\/www.upspower-supply.com\/wp-content\/uploads\/2025\/12\/3kva-ups-power-supply-online-ups-battery-backup-ports-explanation.jpg 1060w\" sizes=\"auto, (max-width: 1024px) 100vw, 1024px\" \/><\/p>","protected":false},"excerpt":{"rendered":"<p>UPS de dupla convers\u00e3o | 3000VA \/ 3000W | 72Vdc | 208V\/220V\/230V\/240V | Bateria UPS integrada de 6 x 12V7AH<\/p>\n<p>Esse <strong>UPS online de 3 kVA<\/strong> Fornece energia limpa e ininterrupta para computadores, servidores e equipamentos de rede, protegendo sistemas cr\u00edticos contra quedas de energia e condi\u00e7\u00f5es de entrada inst\u00e1veis. Utilizando tecnologia de dupla convers\u00e3o online, condiciona continuamente a energia de entrada, eliminando ru\u00eddos el\u00e9tricos, surtos e flutua\u00e7\u00f5es de tens\u00e3o para fornecer uma sa\u00edda est\u00e1vel e confi\u00e1vel em todos os momentos.<\/p>","protected":false},"featured_media":2023,"comment_status":"open","ping_status":"closed","template":"","meta":{"_acf_changed":false,"_uag_custom_page_level_css":"","site-sidebar-layout":"default","site-content-layout":"","ast-site-content-layout":"default","site-content-style":"default","site-sidebar-style":"default","ast-global-header-display":"","ast-banner-title-visibility":"","ast-main-header-display":"","ast-hfb-above-header-display":"","ast-hfb-below-header-display":"","ast-hfb-mobile-header-display":"","site-post-title":"","ast-breadcrumbs-content":"","ast-featured-img":"","footer-sml-layout":"","theme-transparent-header-meta":"default","adv-header-id-meta":"","stick-header-meta":"","header-above-stick-meta":"","header-main-stick-meta":"","header-below-stick-meta":"","astra-migrate-meta-layouts":"set","ast-page-background-enabled":"default","ast-page-background-meta":{"desktop":{"background-color":"var(--ast-global-color-4)","background-image":"","background-repeat":"repeat","background-position":"center center","background-size":"auto","background-attachment":"scroll","background-type":"","background-media":"","overlay-type":"","overlay-color":"","overlay-opacity":"","overlay-gradient":""},"tablet":{"background-color":"","background-image":"","background-repeat":"repeat","background-position":"center center","background-size":"auto","background-attachment":"scroll","background-type":"","background-media":"","overlay-type":"","overlay-color":"","overlay-opacity":"","overlay-gradient":""},"mobile":{"background-color":"","background-image":"","background-repeat":"repeat","background-position":"center center","background-size":"auto","background-attachment":"scroll","background-type":"","background-media":"","overlay-type":"","overlay-color":"","overlay-opacity":"","overlay-gradient":""}},"ast-content-background-meta":{"desktop":{"background-color":"var(--ast-global-color-5)","background-image":"","background-repeat":"repeat","background-position":"center center","background-size":"auto","background-attachment":"scroll","background-type":"","background-media":"","overlay-type":"","overlay-color":"","overlay-opacity":"","overlay-gradient":""},"tablet":{"background-color":"var(--ast-global-color-5)","background-image":"","background-repeat":"repeat","background-position":"center center","background-size":"auto","background-attachment":"scroll","background-type":"","background-media":"","overlay-type":"","overlay-color":"","overlay-opacity":"","overlay-gradient":""},"mobile":{"background-color":"var(--ast-global-color-5)","background-image":"","background-repeat":"repeat","background-position":"center center","background-size":"auto","background-attachment":"scroll","background-type":"","background-media":"","overlay-type":"","overlay-color":"","overlay-opacity":"","overlay-gradient":""}}},"product_brand":[],"product_cat":[26],"product_tag":[20,46],"class_list":{"0":"post-2022","1":"product","2":"type-product","3":"status-publish","4":"has-post-thumbnail","6":"product_cat-online-ups","7":"product_tag-3kva-ups","8":"product_tag-double-conversion-ups","9":"desktop-align-left","10":"tablet-align-left","11":"mobile-align-left","13":"first","14":"instock","15":"shipping-taxable","16":"product-type-simple"},"acf":[],"yoast_head":"<!-- This site is optimized with the Yoast SEO plugin v25.0 - https:\/\/yoast.com\/wordpress\/plugins\/seo\/ -->\n<title>3kva ups power supply online ups battery backup - UPS power supply<\/title>\n<meta name=\"description\" content=\"3kVA online UPS power supply with true double conversion, pure sine wave output, wide input voltage range, and generator compatibility for critical equipment protection.\" \/>\n<meta name=\"robots\" content=\"index, follow, max-snippet:-1, max-image-preview:large, max-video-preview:-1\" \/>\n<link rel=\"canonical\" href=\"https:\/\/www.upspower-supply.com\/pt\/produto\/3kva-ups-power-supply-online-ups-battery-backup\/\" \/>\n<meta property=\"og:locale\" content=\"pt_PT\" \/>\n<meta property=\"og:type\" content=\"article\" \/>\n<meta property=\"og:title\" content=\"3kva ups power supply online ups battery backup - UPS power supply\" \/>\n<meta property=\"og:description\" content=\"3kVA online UPS power supply with true double conversion, pure sine wave output, wide input voltage range, and generator compatibility for critical equipment protection.\" \/>\n<meta property=\"og:url\" content=\"https:\/\/www.upspower-supply.com\/pt\/produto\/3kva-ups-power-supply-online-ups-battery-backup\/\" \/>\n<meta property=\"og:site_name\" content=\"UPS power supply\" \/>\n<meta property=\"article:modified_time\" content=\"2025-12-30T08:33:14+00:00\" \/>\n<meta property=\"og:image\" content=\"https:\/\/www.upspower-supply.com\/wp-content\/uploads\/2025\/12\/3kva-ups-power-supply-online-ups-battery-backup-1.jpg\" \/>\n\t<meta property=\"og:image:width\" content=\"800\" \/>\n\t<meta property=\"og:image:height\" content=\"800\" \/>\n\t<meta property=\"og:image:type\" content=\"image\/jpeg\" \/>\n<meta name=\"twitter:card\" content=\"summary_large_image\" \/>\n<meta name=\"twitter:label1\" content=\"Tempo estimado de leitura\" \/>\n\t<meta name=\"twitter:data1\" content=\"2 minutos\" \/>\n<script type=\"application\/ld+json\" class=\"yoast-schema-graph\">{\"@context\":\"https:\/\/schema.org\",\"@graph\":[{\"@type\":\"WebPage\",\"@id\":\"https:\/\/www.upspower-supply.com\/product\/3kva-ups-power-supply-online-ups-battery-backup\/\",\"url\":\"https:\/\/www.upspower-supply.com\/product\/3kva-ups-power-supply-online-ups-battery-backup\/\",\"name\":\"3kva ups power supply online ups battery backup - UPS power supply\",\"isPartOf\":{\"@id\":\"https:\/\/www.upspower-supply.com\/#website\"},\"primaryImageOfPage\":{\"@id\":\"https:\/\/www.upspower-supply.com\/product\/3kva-ups-power-supply-online-ups-battery-backup\/#primaryimage\"},\"image\":{\"@id\":\"https:\/\/www.upspower-supply.com\/product\/3kva-ups-power-supply-online-ups-battery-backup\/#primaryimage\"},\"thumbnailUrl\":\"https:\/\/www.upspower-supply.com\/wp-content\/uploads\/2025\/12\/3kva-ups-power-supply-online-ups-battery-backup-1.jpg\",\"datePublished\":\"2025-12-30T08:31:47+00:00\",\"dateModified\":\"2025-12-30T08:33:14+00:00\",\"description\":\"3kVA online UPS power supply with true double conversion, pure sine wave output, wide input voltage range, and generator compatibility for critical equipment protection.\",\"breadcrumb\":{\"@id\":\"https:\/\/www.upspower-supply.com\/product\/3kva-ups-power-supply-online-ups-battery-backup\/#breadcrumb\"},\"inLanguage\":\"pt-PT\",\"potentialAction\":[{\"@type\":\"ReadAction\",\"target\":[\"https:\/\/www.upspower-supply.com\/product\/3kva-ups-power-supply-online-ups-battery-backup\/\"]}]},{\"@type\":\"ImageObject\",\"inLanguage\":\"pt-PT\",\"@id\":\"https:\/\/www.upspower-supply.com\/product\/3kva-ups-power-supply-online-ups-battery-backup\/#primaryimage\",\"url\":\"https:\/\/www.upspower-supply.com\/wp-content\/uploads\/2025\/12\/3kva-ups-power-supply-online-ups-battery-backup-1.jpg\",\"contentUrl\":\"https:\/\/www.upspower-supply.com\/wp-content\/uploads\/2025\/12\/3kva-ups-power-supply-online-ups-battery-backup-1.jpg\",\"width\":800,\"height\":800,\"caption\":\"3kva ups power supply\"},{\"@type\":\"BreadcrumbList\",\"@id\":\"https:\/\/www.upspower-supply.com\/product\/3kva-ups-power-supply-online-ups-battery-backup\/#breadcrumb\",\"itemListElement\":[{\"@type\":\"ListItem\",\"position\":1,\"name\":\"Home\",\"item\":\"https:\/\/www.upspower-supply.com\/\"},{\"@type\":\"ListItem\",\"position\":2,\"name\":\"Shop\",\"item\":\"https:\/\/www.upspower-supply.com\/shop\/\"},{\"@type\":\"ListItem\",\"position\":3,\"name\":\"3kva ups power supply online ups battery backup\"}]},{\"@type\":\"WebSite\",\"@id\":\"https:\/\/www.upspower-supply.com\/#website\",\"url\":\"https:\/\/www.upspower-supply.com\/\",\"name\":\"UPS power supply\",\"description\":\"\",\"potentialAction\":[{\"@type\":\"SearchAction\",\"target\":{\"@type\":\"EntryPoint\",\"urlTemplate\":\"https:\/\/www.upspower-supply.com\/?s={search_term_string}\"},\"query-input\":{\"@type\":\"PropertyValueSpecification\",\"valueRequired\":true,\"valueName\":\"search_term_string\"}}],\"inLanguage\":\"pt-PT\"}]}<\/script>\n<!-- \/ Yoast SEO plugin. -->","yoast_head_json":{"title":"3kva ups power supply online ups battery backup - UPS power supply","description":"3kVA online UPS power supply with true double conversion, pure sine wave output, wide input voltage range, and generator compatibility for critical equipment protection.","robots":{"index":"index","follow":"follow","max-snippet":"max-snippet:-1","max-image-preview":"max-image-preview:large","max-video-preview":"max-video-preview:-1"},"canonical":"https:\/\/www.upspower-supply.com\/pt\/produto\/3kva-ups-power-supply-online-ups-battery-backup\/","og_locale":"pt_PT","og_type":"article","og_title":"3kva ups power supply online ups battery backup - UPS power supply","og_description":"3kVA online UPS power supply with true double conversion, pure sine wave output, wide input voltage range, and generator compatibility for critical equipment protection.","og_url":"https:\/\/www.upspower-supply.com\/pt\/produto\/3kva-ups-power-supply-online-ups-battery-backup\/","og_site_name":"UPS power supply","article_modified_time":"2025-12-30T08:33:14+00:00","og_image":[{"width":800,"height":800,"url":"https:\/\/www.upspower-supply.com\/wp-content\/uploads\/2025\/12\/3kva-ups-power-supply-online-ups-battery-backup-1.jpg","type":"image\/jpeg"}],"twitter_card":"summary_large_image","twitter_misc":{"Tempo estimado de leitura":"2 minutos"},"schema":{"@context":"https:\/\/schema.org","@graph":[{"@type":"WebPage","@id":"https:\/\/www.upspower-supply.com\/product\/3kva-ups-power-supply-online-ups-battery-backup\/","url":"https:\/\/www.upspower-supply.com\/product\/3kva-ups-power-supply-online-ups-battery-backup\/","name":"3kva ups power supply online ups battery backup - UPS power supply","isPartOf":{"@id":"https:\/\/www.upspower-supply.com\/#website"},"primaryImageOfPage":{"@id":"https:\/\/www.upspower-supply.com\/product\/3kva-ups-power-supply-online-ups-battery-backup\/#primaryimage"},"image":{"@id":"https:\/\/www.upspower-supply.com\/product\/3kva-ups-power-supply-online-ups-battery-backup\/#primaryimage"},"thumbnailUrl":"https:\/\/www.upspower-supply.com\/wp-content\/uploads\/2025\/12\/3kva-ups-power-supply-online-ups-battery-backup-1.jpg","datePublished":"2025-12-30T08:31:47+00:00","dateModified":"2025-12-30T08:33:14+00:00","description":"3kVA online UPS power supply with true double conversion, pure sine wave output, wide input voltage range, and generator compatibility for critical equipment protection.","breadcrumb":{"@id":"https:\/\/www.upspower-supply.com\/product\/3kva-ups-power-supply-online-ups-battery-backup\/#breadcrumb"},"inLanguage":"pt-PT","potentialAction":[{"@type":"ReadAction","target":["https:\/\/www.upspower-supply.com\/product\/3kva-ups-power-supply-online-ups-battery-backup\/"]}]},{"@type":"ImageObject","inLanguage":"pt-PT","@id":"https:\/\/www.upspower-supply.com\/product\/3kva-ups-power-supply-online-ups-battery-backup\/#primaryimage","url":"https:\/\/www.upspower-supply.com\/wp-content\/uploads\/2025\/12\/3kva-ups-power-supply-online-ups-battery-backup-1.jpg","contentUrl":"https:\/\/www.upspower-supply.com\/wp-content\/uploads\/2025\/12\/3kva-ups-power-supply-online-ups-battery-backup-1.jpg","width":800,"height":800,"caption":"3kva ups power supply"},{"@type":"BreadcrumbList","@id":"https:\/\/www.upspower-supply.com\/product\/3kva-ups-power-supply-online-ups-battery-backup\/#breadcrumb","itemListElement":[{"@type":"ListItem","position":1,"name":"Home","item":"https:\/\/www.upspower-supply.com\/"},{"@type":"ListItem","position":2,"name":"Shop","item":"https:\/\/www.upspower-supply.com\/shop\/"},{"@type":"ListItem","position":3,"name":"3kva ups power supply online ups battery backup"}]},{"@type":"WebSite","@id":"https:\/\/www.upspower-supply.com\/#website","url":"https:\/\/www.upspower-supply.com\/","name":"UPS power supply","description":"","potentialAction":[{"@type":"SearchAction","target":{"@type":"EntryPoint","urlTemplate":"https:\/\/www.upspower-supply.com\/?s={search_term_string}"},"query-input":{"@type":"PropertyValueSpecification","valueRequired":true,"valueName":"search_term_string"}}],"inLanguage":"pt-PT"}]}},"uagb_featured_image_src":{"full":["https:\/\/www.upspower-supply.com\/wp-content\/uploads\/2025\/12\/3kva-ups-power-supply-online-ups-battery-backup-1.jpg",800,800,false],"thumbnail":["https:\/\/www.upspower-supply.com\/wp-content\/uploads\/2025\/12\/3kva-ups-power-supply-online-ups-battery-backup-1-150x150.jpg",150,150,true],"medium":["https:\/\/www.upspower-supply.com\/wp-content\/uploads\/2025\/12\/3kva-ups-power-supply-online-ups-battery-backup-1-300x300.jpg",300,300,true],"medium_large":["https:\/\/www.upspower-supply.com\/wp-content\/uploads\/2025\/12\/3kva-ups-power-supply-online-ups-battery-backup-1-768x768.jpg",768,768,true],"large":["https:\/\/www.upspower-supply.com\/wp-content\/uploads\/2025\/12\/3kva-ups-power-supply-online-ups-battery-backup-1.jpg",800,800,false],"1536x1536":["https:\/\/www.upspower-supply.com\/wp-content\/uploads\/2025\/12\/3kva-ups-power-supply-online-ups-battery-backup-1.jpg",800,800,false],"2048x2048":["https:\/\/www.upspower-supply.com\/wp-content\/uploads\/2025\/12\/3kva-ups-power-supply-online-ups-battery-backup-1.jpg",800,800,false],"trp-custom-language-flag":["https:\/\/www.upspower-supply.com\/wp-content\/uploads\/2025\/12\/3kva-ups-power-supply-online-ups-battery-backup-1-12x12.jpg",12,12,true],"woocommerce_thumbnail":["https:\/\/www.upspower-supply.com\/wp-content\/uploads\/2025\/12\/3kva-ups-power-supply-online-ups-battery-backup-1-300x300.jpg",300,300,true],"woocommerce_single":["https:\/\/www.upspower-supply.com\/wp-content\/uploads\/2025\/12\/3kva-ups-power-supply-online-ups-battery-backup-1-600x600.jpg",600,600,true],"woocommerce_gallery_thumbnail":["https:\/\/www.upspower-supply.com\/wp-content\/uploads\/2025\/12\/3kva-ups-power-supply-online-ups-battery-backup-1-100x100.jpg",100,100,true]},"uagb_author_info":{"display_name":"Tyne Tingey","author_link":"https:\/\/www.upspower-supply.com\/pt\/author\/"},"uagb_comment_info":0,"uagb_excerpt":"Double Conversion UPS | 3000VA \/ 3000W | 72Vdc | 208V\/220V\/230V\/240V | Built-in 6 x12V7AH UPS battery This 3 kVA online UPS delivers uninterrupted, clean power to computers, servers, and network equipment, protecting critical systems from power outages and unstable input conditions. Using true online double-conversion technology, it continuously conditions incoming power, eliminating electrical noise,&hellip;","_links":{"self":[{"href":"https:\/\/www.upspower-supply.com\/pt\/wp-json\/wp\/v2\/product\/2022","targetHints":{"allow":["GET"]}}],"collection":[{"href":"https:\/\/www.upspower-supply.com\/pt\/wp-json\/wp\/v2\/product"}],"about":[{"href":"https:\/\/www.upspower-supply.com\/pt\/wp-json\/wp\/v2\/types\/product"}],"replies":[{"embeddable":true,"href":"https:\/\/www.upspower-supply.com\/pt\/wp-json\/wp\/v2\/comments?post=2022"}],"wp:featuredmedia":[{"embeddable":true,"href":"https:\/\/www.upspower-supply.com\/pt\/wp-json\/wp\/v2\/media\/2023"}],"wp:attachment":[{"href":"https:\/\/www.upspower-supply.com\/pt\/wp-json\/wp\/v2\/media?parent=2022"}],"wp:term":[{"taxonomy":"product_brand","embeddable":true,"href":"https:\/\/www.upspower-supply.com\/pt\/wp-json\/wp\/v2\/product_brand?post=2022"},{"taxonomy":"product_cat","embeddable":true,"href":"https:\/\/www.upspower-supply.com\/pt\/wp-json\/wp\/v2\/product_cat?post=2022"},{"taxonomy":"product_tag","embeddable":true,"href":"https:\/\/www.upspower-supply.com\/pt\/wp-json\/wp\/v2\/product_tag?post=2022"}],"curies":[{"name":"wp","href":"https:\/\/api.w.org\/{rel}","templated":true}]}}