{"id":2000,"date":"2025-12-23T06:45:08","date_gmt":"2025-12-23T06:45:08","guid":{"rendered":"https:\/\/www.upspower-supply.com\/?post_type=product&#038;p=2000"},"modified":"2025-12-24T02:56:19","modified_gmt":"2025-12-24T02:56:19","slug":"online-double-conversion-ups-system-for-banks","status":"publish","type":"product","link":"https:\/\/www.upspower-supply.com\/pt\/produto\/online-double-conversion-ups-system-for-banks\/","title":{"rendered":"Sistema online de dupla convers\u00e3o de UPS para bancos"},"content":{"rendered":"<p>Os bancos desempenham um papel crucial na manuten\u00e7\u00e3o da estabilidade econ\u00f4mica da sociedade moderna, processando grandes volumes de transa\u00e7\u00f5es financeiras que devem permanecer seguras, precisas e continuamente dispon\u00edveis. Com a ampla ado\u00e7\u00e3o de servi\u00e7os banc\u00e1rios online, plataformas de pagamento eletr\u00f4nico e sistemas de negocia\u00e7\u00e3o em tempo real, mesmo uma breve interrup\u00e7\u00e3o de energia pode resultar em perdas financeiras significativas, danos \u00e0 reputa\u00e7\u00e3o e riscos regulat\u00f3rios.<\/p>\n<p>Para garantir a continuidade das opera\u00e7\u00f5es, as institui\u00e7\u00f5es financeiras dependem de sistemas de alimenta\u00e7\u00e3o ininterrupta (UPS) altamente resilientes e confi\u00e1veis. Em caso de falhas na rede el\u00e9trica \u2014 sejam elas causadas por condi\u00e7\u00f5es clim\u00e1ticas severas, instabilidade da rede ou interrup\u00e7\u00f5es localizadas \u2014 um UPS fornece energia de reserva imediata, protege equipamentos sens\u00edveis contra dist\u00farbios el\u00e9tricos e garante uma transi\u00e7\u00e3o perfeita para geradores de emerg\u00eancia. Esse n\u00edvel de prote\u00e7\u00e3o de energia \u00e9 essencial para manter o tempo de atividade, a integridade dos dados e a continuidade operacional tanto em data centers centralizados quanto em ag\u00eancias individuais.<\/p>\n<p><img loading=\"lazy\" decoding=\"async\" class=\"alignnone wp-image-2005 size-full\" src=\"https:\/\/www.upspower-supply.com\/wp-content\/uploads\/2025\/12\/online-double-conversion-ups-system-for-banks-feature.jpg\" alt=\"Sistema online de dupla convers\u00e3o de UPS para bancos\" width=\"800\" height=\"533\" srcset=\"https:\/\/www.upspower-supply.com\/wp-content\/uploads\/2025\/12\/online-double-conversion-ups-system-for-banks-feature.jpg 800w, https:\/\/www.upspower-supply.com\/wp-content\/uploads\/2025\/12\/online-double-conversion-ups-system-for-banks-feature-300x200.jpg 300w, https:\/\/www.upspower-supply.com\/wp-content\/uploads\/2025\/12\/online-double-conversion-ups-system-for-banks-feature-768x512.jpg 768w, https:\/\/www.upspower-supply.com\/wp-content\/uploads\/2025\/12\/online-double-conversion-ups-system-for-banks-feature-18x12.jpg 18w, https:\/\/www.upspower-supply.com\/wp-content\/uploads\/2025\/12\/online-double-conversion-ups-system-for-banks-feature-600x400.jpg 600w\" sizes=\"auto, (max-width: 800px) 100vw, 800px\" \/><\/p>\n<h3>Recurso<\/h3>\n<p>Os sistemas UPS online s\u00e3o amplamente utilizados em bancos, institui\u00e7\u00f5es financeiras e seguradoras para garantir a continuidade das opera\u00e7\u00f5es. Eles n\u00e3o apenas protegem os centros de dados, mantendo o acesso a registros cr\u00edticos e sistemas de processamento de transa\u00e7\u00f5es, mas tamb\u00e9m fornecem energia de reserva confi\u00e1vel para esta\u00e7\u00f5es de trabalho, salas de servidores, caixas eletr\u00f4nicos e outros equipamentos essenciais no local durante quedas de energia.<\/p>\n<div class=\"grid gap-6 md:grid-cols-2 lg:grid-cols-3\">\n<div class=\"rounded-xl border border-gray-200 p-4 shadow-sm hover:shadow-md transition\">\n<div class=\"mb-3 text-blue-600 text-3xl\">\ud83d\udee1\ufe0f<\/div>\n<h3 class=\"mb-2 text-lg font-semibold text-gray-900\">Seguran\u00e7a e integridade de dados<\/h3>\n<p class=\"text-sm text-gray-600 leading-relaxed\">Os sistemas UPS fornecem energia de reserva instant\u00e2nea para infraestruturas cr\u00edticas, garantindo o funcionamento cont\u00ednuo durante interrup\u00e7\u00f5es e protegendo dados sens\u00edveis contra perda ou corrup\u00e7\u00e3o.<\/p>\n<\/div>\n<div class=\"rounded-xl border border-gray-200 p-4 shadow-sm hover:shadow-md transition\">\n<div class=\"mb-3 text-blue-600 text-3xl\">\u26a1<\/div>\n<h3 class=\"mb-2 text-lg font-semibold text-gray-900\">Continuidade Operacional<\/h3>\n<p class=\"text-sm text-gray-600 leading-relaxed\">Ao evitar interrup\u00e7\u00f5es inesperadas de energia, as solu\u00e7\u00f5es UPS permitem que as institui\u00e7\u00f5es financeiras mantenham opera\u00e7\u00f5es est\u00e1veis e ininterruptas em todos os momentos.<\/p>\n<\/div>\n<div class=\"rounded-xl border border-gray-200 p-4 shadow-sm hover:shadow-md transition\">\n<div class=\"mb-3 text-blue-600 text-3xl\">\ud83d\udd04<\/div>\n<h3 class=\"mb-2 text-lg font-semibold text-gray-900\">Processamento de transa\u00e7\u00f5es confi\u00e1vel<\/h3>\n<p class=\"text-sm text-gray-600 leading-relaxed\">O fornecimento cont\u00ednuo de energia mant\u00e9m os sistemas de transa\u00e7\u00e3o online, garantindo um processamento perfeito e refor\u00e7ando a confian\u00e7a com clientes e parceiros.<\/p>\n<\/div>\n<div class=\"rounded-xl border border-gray-200 p-4 shadow-sm hover:shadow-md transition\">\n<div class=\"mb-3 text-blue-600 text-3xl\">\ud83d\udcdc<\/div>\n<h3 class=\"mb-2 text-lg font-semibold text-gray-900\">Conformidade regulat\u00f3ria<\/h3>\n<p class=\"text-sm text-gray-600 leading-relaxed\">Os sistemas UPS auxiliam no cumprimento das exig\u00eancias regulamentares, mantendo a disponibilidade de dados, a seguran\u00e7a do sistema e a continuidade dos neg\u00f3cios.<\/p>\n<\/div>\n<div class=\"rounded-xl border border-gray-200 p-4 shadow-sm hover:shadow-md transition\">\n<div class=\"mb-3 text-blue-600 text-3xl\">\ud83e\udd1d<\/div>\n<h3 class=\"mb-2 text-lg font-semibold text-gray-900\">Confian\u00e7a do cliente<\/h3>\n<p class=\"text-sm text-gray-600 leading-relaxed\">Um fornecimento de energia confi\u00e1vel fortalece a confian\u00e7a do cliente, demonstrando a capacidade da institui\u00e7\u00e3o de fornecer servi\u00e7os consistentes e confi\u00e1veis.<\/p>\n<\/div>\n<div class=\"rounded-xl border border-gray-200 p-4 shadow-sm hover:shadow-md transition\">\n<div class=\"mb-3 text-blue-600 text-3xl\">\ud83e\udded<\/div>\n<h3 class=\"mb-2 text-lg font-semibold text-gray-900\">Mitiga\u00e7\u00e3o de riscos<\/h3>\n<p class=\"text-sm text-gray-600 leading-relaxed\">Ao estabilizar o fornecimento de energia, os sistemas UPS reduzem os riscos de tempo de inatividade e ajudam a evitar perdas financeiras causadas por interrup\u00e7\u00f5es relacionadas \u00e0 energia.<\/p>\n<\/div>\n<\/div>\n<div class=\"overflow-x-auto\">\n<table class=\"w-full border border-gray-200 text-sm text-left\">\n<tbody class=\"divide-y divide-gray-200\">\n<tr>\n<th class=\"w-1\/3 bg-gray-50 px-4 py-3 font-medium text-gray-700\">Modelo<\/th>\n<td class=\"px-4 py-3\">LFL10-300<\/td>\n<\/tr>\n<tr>\n<th class=\"bg-gray-50 px-4 py-3 font-medium text-gray-700\">Poder<\/th>\n<td class=\"px-4 py-3\">10\u2013300 kVA<\/td>\n<\/tr>\n<tr>\n<th class=\"bg-gray-50 px-4 py-3 font-medium text-gray-700\">Faixa de tens\u00e3o de entrada<\/th>\n<td class=\"px-4 py-3\">380 VCA \u00b125% (personaliz\u00e1vel)<\/td>\n<\/tr>\n<tr>\n<th class=\"bg-gray-50 px-4 py-3 font-medium text-gray-700\">Tens\u00e3o de sa\u00edda<\/th>\n<td class=\"px-4 py-3\">380 VCA \u00b11% (personaliz\u00e1vel)<\/td>\n<\/tr>\n<tr>\n<th class=\"bg-gray-50 px-4 py-3 font-medium text-gray-700\">Configura\u00e7\u00e3o de Fase<\/th>\n<td class=\"px-4 py-3\">Entrada trif\u00e1sica \/ Sa\u00edda trif\u00e1sica<\/td>\n<\/tr>\n<tr>\n<th class=\"bg-gray-50 px-4 py-3 font-medium text-gray-700\">Forma de onda de sa\u00edda<\/th>\n<td class=\"px-4 py-3\">Onda senoidal pura<\/td>\n<\/tr>\n<tr>\n<th class=\"bg-gray-50 px-4 py-3 font-medium text-gray-700\">Frequ\u00eancia de trabalho<\/th>\n<td class=\"px-4 py-3\">50\/60 Hz<\/td>\n<\/tr>\n<tr>\n<th class=\"bg-gray-50 px-4 py-3 font-medium text-gray-700\">Tempo de transfer\u00eancia<\/th>\n<td class=\"px-4 py-3\">0 ms<\/td>\n<\/tr>\n<tr>\n<th class=\"bg-gray-50 px-4 py-3 font-medium text-gray-700\">Tipo de Bateria<\/th>\n<td class=\"px-4 py-3\">Bateria de chumbo-\u00e1cido selada<\/td>\n<\/tr>\n<tr>\n<th class=\"bg-gray-50 px-4 py-3 font-medium text-gray-700\">Tens\u00e3o da bateria<\/th>\n<td class=\"px-4 py-3\">384 VCC (ajust\u00e1vel)<\/td>\n<\/tr>\n<tr>\n<th class=\"bg-gray-50 px-4 py-3 font-medium text-gray-700\">Tempo de backup<\/th>\n<td class=\"px-4 py-3\">Personaliz\u00e1vel<\/td>\n<\/tr>\n<tr>\n<th class=\"bg-gray-50 px-4 py-3 font-medium text-gray-700\">Prote\u00e7\u00f5es<\/th>\n<td class=\"px-4 py-3\">Prote\u00e7\u00e3o eletr\u00f4nica contra curto-circuito, com limita\u00e7\u00e3o de corrente em 1,3\u00d7 a corrente nominal.<\/td>\n<\/tr>\n<tr>\n<th class=\"bg-gray-50 px-4 py-3 font-medium text-gray-700\">Capacidade de sobrecarga<\/th>\n<td class=\"px-4 py-3\">110% por 10 min; 125% por 3 min; 150% por 1 min<\/td>\n<\/tr>\n<tr>\n<th class=\"bg-gray-50 px-4 py-3 font-medium text-gray-700\">Indicadores LED<\/th>\n<td class=\"px-4 py-3\">Entrada, inversor, bypass, estado da bateria<\/td>\n<\/tr>\n<tr>\n<th class=\"bg-gray-50 px-4 py-3 font-medium text-gray-700\">Visor LCD<\/th>\n<td class=\"px-4 py-3\">Tens\u00e3o de entrada\/sa\u00edda, frequ\u00eancia, tens\u00e3o da bateria, porcentagem de carga, temperatura<\/td>\n<\/tr>\n<tr>\n<th class=\"bg-gray-50 px-4 py-3 font-medium text-gray-700\">Distor\u00e7\u00e3o da forma de onda<\/th>\n<td class=\"px-4 py-3\">\u22643% (carga linear), \u22645% (carga n\u00e3o linear)<\/td>\n<\/tr>\n<tr>\n<th class=\"bg-gray-50 px-4 py-3 font-medium text-gray-700\">Temperatura de trabalho<\/th>\n<td class=\"px-4 py-3\">0\u00b0C a +45\u00b0C<\/td>\n<\/tr>\n<tr>\n<th class=\"bg-gray-50 px-4 py-3 font-medium text-gray-700\">Temperatura de armazenamento<\/th>\n<td class=\"px-4 py-3\">-25\u00b0C a +55\u00b0C<\/td>\n<\/tr>\n<tr>\n<th class=\"bg-gray-50 px-4 py-3 font-medium text-gray-700\">Umidade Relativa<\/th>\n<td class=\"px-4 py-3\">0\u201395% (n\u00e3o condens\u00e1vel)<\/td>\n<\/tr>\n<tr>\n<th class=\"bg-gray-50 px-4 py-3 font-medium text-gray-700\">Altitude<\/th>\n<td class=\"px-4 py-3\">\u2264 1000 m<\/td>\n<\/tr>\n<tr>\n<th class=\"bg-gray-50 px-4 py-3 font-medium text-gray-700\">N\u00edvel de ru\u00eddo<\/th>\n<td class=\"px-4 py-3\">&lt; 50 dB<\/td>\n<\/tr>\n<tr>\n<th class=\"bg-gray-50 px-4 py-3 font-medium text-gray-700\">Interfaces de comunica\u00e7\u00e3o<\/th>\n<td class=\"px-4 py-3\">RS485, RS232, USB, contato seco, slot para placa de expans\u00e3o inteligente<\/td>\n<\/tr>\n<tr>\n<th class=\"bg-gray-50 px-4 py-3 font-medium text-gray-700\">Padr\u00f5es<\/th>\n<td class=\"px-4 py-3\">IEC 62040-1<\/td>\n<\/tr>\n<tr>\n<th class=\"bg-gray-50 px-4 py-3 font-medium text-gray-700\">Classifica\u00e7\u00e3o IP<\/th>\n<td class=\"px-4 py-3\">IP20<\/td>\n<\/tr>\n<\/tbody>\n<\/table>\n<\/div>","protected":false},"excerpt":{"rendered":"<p>Pot\u00eancia nominal: 10 kVA - 300 kVA<br \/>\nTens\u00e3o de entrada: 380\/400 VCA, etc.<br \/>\nTens\u00e3o de sa\u00edda: 380\/400 VCA, etc.<br \/>\nQuantidade m\u00ednima para encomenda: 1 conjunto\/pe\u00e7a<br \/>\nServi\u00e7os OEM e ODM: Dispon\u00edveis<br \/>\nEmbalagem: Caixa de madeira compensada<\/p>","protected":false},"featured_media":2001,"comment_status":"open","ping_status":"closed","template":"","meta":{"_acf_changed":false,"_uag_custom_page_level_css":"","site-sidebar-layout":"default","site-content-layout":"","ast-site-content-layout":"default","site-content-style":"default","site-sidebar-style":"default","ast-global-header-display":"","ast-banner-title-visibility":"","ast-main-header-display":"","ast-hfb-above-header-display":"","ast-hfb-below-header-display":"","ast-hfb-mobile-header-display":"","site-post-title":"","ast-breadcrumbs-content":"","ast-featured-img":"","footer-sml-layout":"","theme-transparent-header-meta":"default","adv-header-id-meta":"","stick-header-meta":"","header-above-stick-meta":"","header-main-stick-meta":"","header-below-stick-meta":"","astra-migrate-meta-layouts":"set","ast-page-background-enabled":"default","ast-page-background-meta":{"desktop":{"background-color":"var(--ast-global-color-4)","background-image":"","background-repeat":"repeat","background-position":"center center","background-size":"auto","background-attachment":"scroll","background-type":"","background-media":"","overlay-type":"","overlay-color":"","overlay-opacity":"","overlay-gradient":""},"tablet":{"background-color":"","background-image":"","background-repeat":"repeat","background-position":"center center","background-size":"auto","background-attachment":"scroll","background-type":"","background-media":"","overlay-type":"","overlay-color":"","overlay-opacity":"","overlay-gradient":""},"mobile":{"background-color":"","background-image":"","background-repeat":"repeat","background-position":"center center","background-size":"auto","background-attachment":"scroll","background-type":"","background-media":"","overlay-type":"","overlay-color":"","overlay-opacity":"","overlay-gradient":""}},"ast-content-background-meta":{"desktop":{"background-color":"var(--ast-global-color-5)","background-image":"","background-repeat":"repeat","background-position":"center center","background-size":"auto","background-attachment":"scroll","background-type":"","background-media":"","overlay-type":"","overlay-color":"","overlay-opacity":"","overlay-gradient":""},"tablet":{"background-color":"var(--ast-global-color-5)","background-image":"","background-repeat":"repeat","background-position":"center center","background-size":"auto","background-attachment":"scroll","background-type":"","background-media":"","overlay-type":"","overlay-color":"","overlay-opacity":"","overlay-gradient":""},"mobile":{"background-color":"var(--ast-global-color-5)","background-image":"","background-repeat":"repeat","background-position":"center center","background-size":"auto","background-attachment":"scroll","background-type":"","background-media":"","overlay-type":"","overlay-color":"","overlay-opacity":"","overlay-gradient":""}}},"product_brand":[],"product_cat":[26],"product_tag":[46,36],"class_list":{"0":"post-2000","1":"product","2":"type-product","3":"status-publish","4":"has-post-thumbnail","6":"product_cat-online-ups","7":"product_tag-double-conversion-ups","8":"product_tag-pure-sine-wave-ups","9":"desktop-align-left","10":"tablet-align-left","11":"mobile-align-left","13":"first","14":"instock","15":"shipping-taxable","16":"product-type-simple"},"acf":[],"yoast_head":"<!-- This site is optimized with the Yoast SEO plugin v25.0 - https:\/\/yoast.com\/wordpress\/plugins\/seo\/ -->\n<title>Online double conversion ups system for banks\u200b - UPS power supply<\/title>\n<meta name=\"description\" content=\"Online double conversion UPS systems provide reliable, zero-delay backup power for data centers, banks, healthcare, and mission-critical applications.\" \/>\n<meta name=\"robots\" content=\"index, follow, max-snippet:-1, max-image-preview:large, max-video-preview:-1\" \/>\n<link rel=\"canonical\" href=\"https:\/\/www.upspower-supply.com\/pt\/produto\/online-double-conversion-ups-system-for-banks\/\" \/>\n<meta property=\"og:locale\" content=\"pt_PT\" \/>\n<meta property=\"og:type\" content=\"article\" \/>\n<meta property=\"og:title\" content=\"Online double conversion ups system for banks\u200b - UPS power supply\" \/>\n<meta property=\"og:description\" content=\"Online double conversion UPS systems provide reliable, zero-delay backup power for data centers, banks, healthcare, and mission-critical applications.\" \/>\n<meta property=\"og:url\" content=\"https:\/\/www.upspower-supply.com\/pt\/produto\/online-double-conversion-ups-system-for-banks\/\" \/>\n<meta property=\"og:site_name\" content=\"UPS power supply\" \/>\n<meta property=\"article:modified_time\" content=\"2025-12-24T02:56:19+00:00\" \/>\n<meta property=\"og:image\" content=\"https:\/\/www.upspower-supply.com\/wp-content\/uploads\/2025\/12\/online-double-conversion-ups-system-for-banks.jpg\" \/>\n\t<meta property=\"og:image:width\" content=\"800\" \/>\n\t<meta property=\"og:image:height\" content=\"800\" \/>\n\t<meta property=\"og:image:type\" content=\"image\/jpeg\" \/>\n<meta name=\"twitter:card\" content=\"summary_large_image\" \/>\n<meta name=\"twitter:label1\" content=\"Tempo estimado de leitura\" \/>\n\t<meta name=\"twitter:data1\" content=\"3 minutos\" \/>\n<script type=\"application\/ld+json\" class=\"yoast-schema-graph\">{\"@context\":\"https:\/\/schema.org\",\"@graph\":[{\"@type\":\"WebPage\",\"@id\":\"https:\/\/www.upspower-supply.com\/product\/online-double-conversion-ups-system-for-banks\/\",\"url\":\"https:\/\/www.upspower-supply.com\/product\/online-double-conversion-ups-system-for-banks\/\",\"name\":\"Online double conversion ups system for banks\u200b - UPS power supply\",\"isPartOf\":{\"@id\":\"https:\/\/www.upspower-supply.com\/#website\"},\"primaryImageOfPage\":{\"@id\":\"https:\/\/www.upspower-supply.com\/product\/online-double-conversion-ups-system-for-banks\/#primaryimage\"},\"image\":{\"@id\":\"https:\/\/www.upspower-supply.com\/product\/online-double-conversion-ups-system-for-banks\/#primaryimage\"},\"thumbnailUrl\":\"https:\/\/www.upspower-supply.com\/wp-content\/uploads\/2025\/12\/online-double-conversion-ups-system-for-banks.jpg\",\"datePublished\":\"2025-12-23T06:45:08+00:00\",\"dateModified\":\"2025-12-24T02:56:19+00:00\",\"description\":\"Online double conversion UPS systems provide reliable, zero-delay backup power for data centers, banks, healthcare, and mission-critical applications.\",\"breadcrumb\":{\"@id\":\"https:\/\/www.upspower-supply.com\/product\/online-double-conversion-ups-system-for-banks\/#breadcrumb\"},\"inLanguage\":\"pt-PT\",\"potentialAction\":[{\"@type\":\"ReadAction\",\"target\":[\"https:\/\/www.upspower-supply.com\/product\/online-double-conversion-ups-system-for-banks\/\"]}]},{\"@type\":\"ImageObject\",\"inLanguage\":\"pt-PT\",\"@id\":\"https:\/\/www.upspower-supply.com\/product\/online-double-conversion-ups-system-for-banks\/#primaryimage\",\"url\":\"https:\/\/www.upspower-supply.com\/wp-content\/uploads\/2025\/12\/online-double-conversion-ups-system-for-banks.jpg\",\"contentUrl\":\"https:\/\/www.upspower-supply.com\/wp-content\/uploads\/2025\/12\/online-double-conversion-ups-system-for-banks.jpg\",\"width\":800,\"height\":800,\"caption\":\"Online double conversion ups system for banks\u200b\"},{\"@type\":\"BreadcrumbList\",\"@id\":\"https:\/\/www.upspower-supply.com\/product\/online-double-conversion-ups-system-for-banks\/#breadcrumb\",\"itemListElement\":[{\"@type\":\"ListItem\",\"position\":1,\"name\":\"Home\",\"item\":\"https:\/\/www.upspower-supply.com\/\"},{\"@type\":\"ListItem\",\"position\":2,\"name\":\"Shop\",\"item\":\"https:\/\/www.upspower-supply.com\/shop\/\"},{\"@type\":\"ListItem\",\"position\":3,\"name\":\"Online double conversion ups system for banks\u200b\"}]},{\"@type\":\"WebSite\",\"@id\":\"https:\/\/www.upspower-supply.com\/#website\",\"url\":\"https:\/\/www.upspower-supply.com\/\",\"name\":\"UPS power supply\",\"description\":\"\",\"potentialAction\":[{\"@type\":\"SearchAction\",\"target\":{\"@type\":\"EntryPoint\",\"urlTemplate\":\"https:\/\/www.upspower-supply.com\/?s={search_term_string}\"},\"query-input\":{\"@type\":\"PropertyValueSpecification\",\"valueRequired\":true,\"valueName\":\"search_term_string\"}}],\"inLanguage\":\"pt-PT\"}]}<\/script>\n<!-- \/ Yoast SEO plugin. -->","yoast_head_json":{"title":"Online double conversion ups system for banks\u200b - UPS power supply","description":"Online double conversion UPS systems provide reliable, zero-delay backup power for data centers, banks, healthcare, and mission-critical applications.","robots":{"index":"index","follow":"follow","max-snippet":"max-snippet:-1","max-image-preview":"max-image-preview:large","max-video-preview":"max-video-preview:-1"},"canonical":"https:\/\/www.upspower-supply.com\/pt\/produto\/online-double-conversion-ups-system-for-banks\/","og_locale":"pt_PT","og_type":"article","og_title":"Online double conversion ups system for banks\u200b - UPS power supply","og_description":"Online double conversion UPS systems provide reliable, zero-delay backup power for data centers, banks, healthcare, and mission-critical applications.","og_url":"https:\/\/www.upspower-supply.com\/pt\/produto\/online-double-conversion-ups-system-for-banks\/","og_site_name":"UPS power supply","article_modified_time":"2025-12-24T02:56:19+00:00","og_image":[{"width":800,"height":800,"url":"https:\/\/www.upspower-supply.com\/wp-content\/uploads\/2025\/12\/online-double-conversion-ups-system-for-banks.jpg","type":"image\/jpeg"}],"twitter_card":"summary_large_image","twitter_misc":{"Tempo estimado de leitura":"3 minutos"},"schema":{"@context":"https:\/\/schema.org","@graph":[{"@type":"WebPage","@id":"https:\/\/www.upspower-supply.com\/product\/online-double-conversion-ups-system-for-banks\/","url":"https:\/\/www.upspower-supply.com\/product\/online-double-conversion-ups-system-for-banks\/","name":"Online double conversion ups system for banks\u200b - UPS power supply","isPartOf":{"@id":"https:\/\/www.upspower-supply.com\/#website"},"primaryImageOfPage":{"@id":"https:\/\/www.upspower-supply.com\/product\/online-double-conversion-ups-system-for-banks\/#primaryimage"},"image":{"@id":"https:\/\/www.upspower-supply.com\/product\/online-double-conversion-ups-system-for-banks\/#primaryimage"},"thumbnailUrl":"https:\/\/www.upspower-supply.com\/wp-content\/uploads\/2025\/12\/online-double-conversion-ups-system-for-banks.jpg","datePublished":"2025-12-23T06:45:08+00:00","dateModified":"2025-12-24T02:56:19+00:00","description":"Online double conversion UPS systems provide reliable, zero-delay backup power for data centers, banks, healthcare, and mission-critical applications.","breadcrumb":{"@id":"https:\/\/www.upspower-supply.com\/product\/online-double-conversion-ups-system-for-banks\/#breadcrumb"},"inLanguage":"pt-PT","potentialAction":[{"@type":"ReadAction","target":["https:\/\/www.upspower-supply.com\/product\/online-double-conversion-ups-system-for-banks\/"]}]},{"@type":"ImageObject","inLanguage":"pt-PT","@id":"https:\/\/www.upspower-supply.com\/product\/online-double-conversion-ups-system-for-banks\/#primaryimage","url":"https:\/\/www.upspower-supply.com\/wp-content\/uploads\/2025\/12\/online-double-conversion-ups-system-for-banks.jpg","contentUrl":"https:\/\/www.upspower-supply.com\/wp-content\/uploads\/2025\/12\/online-double-conversion-ups-system-for-banks.jpg","width":800,"height":800,"caption":"Online double conversion ups system for banks\u200b"},{"@type":"BreadcrumbList","@id":"https:\/\/www.upspower-supply.com\/product\/online-double-conversion-ups-system-for-banks\/#breadcrumb","itemListElement":[{"@type":"ListItem","position":1,"name":"Home","item":"https:\/\/www.upspower-supply.com\/"},{"@type":"ListItem","position":2,"name":"Shop","item":"https:\/\/www.upspower-supply.com\/shop\/"},{"@type":"ListItem","position":3,"name":"Online double conversion ups system for banks\u200b"}]},{"@type":"WebSite","@id":"https:\/\/www.upspower-supply.com\/#website","url":"https:\/\/www.upspower-supply.com\/","name":"UPS power supply","description":"","potentialAction":[{"@type":"SearchAction","target":{"@type":"EntryPoint","urlTemplate":"https:\/\/www.upspower-supply.com\/?s={search_term_string}"},"query-input":{"@type":"PropertyValueSpecification","valueRequired":true,"valueName":"search_term_string"}}],"inLanguage":"pt-PT"}]}},"uagb_featured_image_src":{"full":["https:\/\/www.upspower-supply.com\/wp-content\/uploads\/2025\/12\/online-double-conversion-ups-system-for-banks.jpg",800,800,false],"thumbnail":["https:\/\/www.upspower-supply.com\/wp-content\/uploads\/2025\/12\/online-double-conversion-ups-system-for-banks-150x150.jpg",150,150,true],"medium":["https:\/\/www.upspower-supply.com\/wp-content\/uploads\/2025\/12\/online-double-conversion-ups-system-for-banks-300x300.jpg",300,300,true],"medium_large":["https:\/\/www.upspower-supply.com\/wp-content\/uploads\/2025\/12\/online-double-conversion-ups-system-for-banks-768x768.jpg",768,768,true],"large":["https:\/\/www.upspower-supply.com\/wp-content\/uploads\/2025\/12\/online-double-conversion-ups-system-for-banks.jpg",800,800,false],"1536x1536":["https:\/\/www.upspower-supply.com\/wp-content\/uploads\/2025\/12\/online-double-conversion-ups-system-for-banks.jpg",800,800,false],"2048x2048":["https:\/\/www.upspower-supply.com\/wp-content\/uploads\/2025\/12\/online-double-conversion-ups-system-for-banks.jpg",800,800,false],"trp-custom-language-flag":["https:\/\/www.upspower-supply.com\/wp-content\/uploads\/2025\/12\/online-double-conversion-ups-system-for-banks-12x12.jpg",12,12,true],"woocommerce_thumbnail":["https:\/\/www.upspower-supply.com\/wp-content\/uploads\/2025\/12\/online-double-conversion-ups-system-for-banks-300x300.jpg",300,300,true],"woocommerce_single":["https:\/\/www.upspower-supply.com\/wp-content\/uploads\/2025\/12\/online-double-conversion-ups-system-for-banks-600x600.jpg",600,600,true],"woocommerce_gallery_thumbnail":["https:\/\/www.upspower-supply.com\/wp-content\/uploads\/2025\/12\/online-double-conversion-ups-system-for-banks-100x100.jpg",100,100,true]},"uagb_author_info":{"display_name":"Tyne Tingey","author_link":"https:\/\/www.upspower-supply.com\/pt\/author\/"},"uagb_comment_info":0,"uagb_excerpt":"Rated Power: 10KVA-300KVA Input Voltage: 380\/400VAC, etc Output Voltage: 380\/400VAC, etc MOQ: 1 Set\/Piece OEM &amp; ODM Service: Available Packaging: Plywood Case","_links":{"self":[{"href":"https:\/\/www.upspower-supply.com\/pt\/wp-json\/wp\/v2\/product\/2000","targetHints":{"allow":["GET"]}}],"collection":[{"href":"https:\/\/www.upspower-supply.com\/pt\/wp-json\/wp\/v2\/product"}],"about":[{"href":"https:\/\/www.upspower-supply.com\/pt\/wp-json\/wp\/v2\/types\/product"}],"replies":[{"embeddable":true,"href":"https:\/\/www.upspower-supply.com\/pt\/wp-json\/wp\/v2\/comments?post=2000"}],"wp:featuredmedia":[{"embeddable":true,"href":"https:\/\/www.upspower-supply.com\/pt\/wp-json\/wp\/v2\/media\/2001"}],"wp:attachment":[{"href":"https:\/\/www.upspower-supply.com\/pt\/wp-json\/wp\/v2\/media?parent=2000"}],"wp:term":[{"taxonomy":"product_brand","embeddable":true,"href":"https:\/\/www.upspower-supply.com\/pt\/wp-json\/wp\/v2\/product_brand?post=2000"},{"taxonomy":"product_cat","embeddable":true,"href":"https:\/\/www.upspower-supply.com\/pt\/wp-json\/wp\/v2\/product_cat?post=2000"},{"taxonomy":"product_tag","embeddable":true,"href":"https:\/\/www.upspower-supply.com\/pt\/wp-json\/wp\/v2\/product_tag?post=2000"}],"curies":[{"name":"wp","href":"https:\/\/api.w.org\/{rel}","templated":true}]}}