{"id":1997,"date":"2025-12-23T03:55:12","date_gmt":"2025-12-23T03:55:12","guid":{"rendered":"https:\/\/www.upspower-supply.com\/?post_type=product&#038;p=1997"},"modified":"2026-04-17T10:28:36","modified_gmt":"2026-04-17T10:28:36","slug":"true-online-ups-10-300-kva","status":"publish","type":"product","link":"https:\/\/www.upspower-supply.com\/pt\/produto\/true-online-ups-10-300-kva\/","title":{"rendered":"True Online UPS 10 \u2013 300 KVA"},"content":{"rendered":"<p>As salas de servidores modernas abrigam infraestrutura de TI cr\u00edtica, incluindo servidores, equipamentos de rede e sistemas de energia e refrigera\u00e7\u00e3o. Dependendo da escala operacional, uma sala de servidores pode conter desde alguns racks at\u00e9 centenas de servidores, todos organizados com seguran\u00e7a em gabinetes de rack para maior efici\u00eancia, seguran\u00e7a e facilidade de manuten\u00e7\u00e3o. Esses servidores normalmente operam sem monitores ou dispositivos de entrada locais e s\u00e3o monitorados e gerenciados remotamente a partir de locais de controle centralizados.<\/p>\n<p>Com o crescimento cont\u00ednuo das demandas de computa\u00e7\u00e3o, os requisitos de energia para salas de servidores tornam-se cada vez mais complexos e cr\u00edticos. Para manter a opera\u00e7\u00e3o ininterrupta e proteger equipamentos sens\u00edveis contra dist\u00farbios de energia, um sistema de alimenta\u00e7\u00e3o ininterrupta (UPS) confi\u00e1vel \u00e9 essencial. Para aplica\u00e7\u00f5es em salas de servidores de m\u00e9dio a grande porte, um <strong>convers\u00e3o dupla verdadeira UPS online<\/strong> A faixa de 10 a 300 kVA \u00e9 a solu\u00e7\u00e3o preferida, fornecendo energia cont\u00ednua e limpa, tempo de transfer\u00eancia zero e m\u00e1xima prote\u00e7\u00e3o para ambientes de TI de miss\u00e3o cr\u00edtica.<\/p>\n<p>&nbsp;<\/p>\n<p>&nbsp;<\/p>\n<h3>Recurso<\/h3>\n<p>Em um sistema UPS online de dupla convers\u00e3o, o inversor opera continuamente para fornecer energia limpa, est\u00e1vel e confi\u00e1vel em todos os momentos. Esse projeto garante o isolamento completo da carga conectada contra dist\u00farbios da rede el\u00e9trica, tornando-o ideal para aplica\u00e7\u00f5es onde o tempo de atividade ininterrupto \u00e9 fundamental.<\/p>\n<p>Ao converter a energia CA de entrada em CC por meio de um retificador e, em seguida, de volta para CA por meio do inversor, o UPS proporciona regula\u00e7\u00e3o precisa de tens\u00e3o, frequ\u00eancia de sa\u00edda est\u00e1vel e prote\u00e7\u00e3o eficaz contra surtos, quedas de tens\u00e3o, harm\u00f4nicos e ru\u00eddo el\u00e9trico. Em caso de falha na rede el\u00e9trica, o sistema utiliza a energia da bateria de forma cont\u00ednua e sem atrasos na transfer\u00eancia, garantindo o fornecimento ininterrupto de energia para equipamentos cr\u00edticos.<\/p>\n<div class=\"ups-features grid gap-6 md:grid-cols-2 lg:grid-cols-3\">\n<div class=\"feature-card border rounded-lg p-4 shadow-sm\">\n<div class=\"feature-title font-semibold text-lg mb-2\">Verdadeira dupla convers\u00e3o online<\/div>\n<div class=\"feature-desc text-gray-700\">Fornece energia online cont\u00ednua com tempo de transfer\u00eancia zero. A tecnologia DSP garante m\u00e1xima confiabilidade e sa\u00edda est\u00e1vel para equipamentos cr\u00edticos.<\/div>\n<\/div>\n<div class=\"feature-card border rounded-lg p-4 shadow-sm\">\n<div class=\"feature-title font-semibold text-lg mb-2\">Projeto de transformador de isolamento galv\u00e2nico<\/div>\n<div class=\"feature-desc text-gray-700\">O transformador de isolamento integrado proporciona um verdadeiro isolamento galv\u00e2nico, protegendo cargas sens\u00edveis contra perturba\u00e7\u00f5es el\u00e9tricas.<\/div>\n<\/div>\n<div class=\"feature-card border rounded-lg p-4 shadow-sm\">\n<div class=\"feature-title font-semibold text-lg mb-2\">Capacidade de processamento paralelo de at\u00e9 4 unidades.<\/div>\n<div class=\"feature-desc text-gray-700\">Suporta configura\u00e7\u00e3o paralela e redundante para melhorar a confiabilidade e a escalabilidade geral do sistema.<\/div>\n<\/div>\n<div class=\"feature-card border rounded-lg p-4 shadow-sm\">\n<div class=\"feature-title font-semibold text-lg mb-2\">Projetado para suportar todos os tipos de carga.<\/div>\n<div class=\"feature-desc text-gray-700\">Design de n\u00edvel industrial adequado para todos os tipos de cargas, garantindo desempenho consistente em diversas condi\u00e7\u00f5es de opera\u00e7\u00e3o.<\/div>\n<\/div>\n<div class=\"feature-card border rounded-lg p-4 shadow-sm\">\n<div class=\"feature-title font-semibold text-lg mb-2\">M\u00faltiplas portas de comunica\u00e7\u00e3o<\/div>\n<div class=\"feature-desc text-gray-700\">Equipado com Modbus RS232\/RS485, contatos secos e slots de expans\u00e3o para facilitar o monitoramento e gerenciamento local e remoto.<\/div>\n<\/div>\n<\/div>\n<p>&nbsp;<\/p>\n<p>&nbsp;<\/p>\n<div class=\"overflow-x-auto\">\n<table class=\"w-full border border-gray-200 text-sm text-left\">\n<tbody class=\"divide-y divide-gray-200\">\n<tr>\n<th class=\"w-1\/3 bg-gray-50 px-4 py-3 font-medium text-gray-700\">Modelo<\/th>\n<td class=\"px-4 py-3\">LFL300<\/td>\n<\/tr>\n<tr>\n<th class=\"bg-gray-50 px-4 py-3 font-medium text-gray-700\">Poder<\/th>\n<td class=\"px-4 py-3\">10\u2013300 kVA<\/td>\n<\/tr>\n<tr>\n<th class=\"bg-gray-50 px-4 py-3 font-medium text-gray-700\">Faixa de tens\u00e3o de entrada<\/th>\n<td class=\"px-4 py-3\">380 VCA \u00b125% (personaliz\u00e1vel)<\/td>\n<\/tr>\n<tr>\n<th class=\"bg-gray-50 px-4 py-3 font-medium text-gray-700\">Tens\u00e3o de sa\u00edda<\/th>\n<td class=\"px-4 py-3\">380 VCA \u00b11% (personaliz\u00e1vel)<\/td>\n<\/tr>\n<tr>\n<th class=\"bg-gray-50 px-4 py-3 font-medium text-gray-700\">Configura\u00e7\u00e3o de Fase<\/th>\n<td class=\"px-4 py-3\">Entrada trif\u00e1sica \/ Sa\u00edda trif\u00e1sica<\/td>\n<\/tr>\n<tr>\n<th class=\"bg-gray-50 px-4 py-3 font-medium text-gray-700\">Forma de onda de sa\u00edda<\/th>\n<td class=\"px-4 py-3\">Onda senoidal pura<\/td>\n<\/tr>\n<tr>\n<th class=\"bg-gray-50 px-4 py-3 font-medium text-gray-700\">Frequ\u00eancia de trabalho<\/th>\n<td class=\"px-4 py-3\">50\/60 Hz<\/td>\n<\/tr>\n<tr>\n<th class=\"bg-gray-50 px-4 py-3 font-medium text-gray-700\">Tempo de transfer\u00eancia<\/th>\n<td class=\"px-4 py-3\">0 ms<\/td>\n<\/tr>\n<tr>\n<th class=\"bg-gray-50 px-4 py-3 font-medium text-gray-700\">Tipo de Bateria<\/th>\n<td class=\"px-4 py-3\">Bateria de chumbo-\u00e1cido selada<\/td>\n<\/tr>\n<tr>\n<th class=\"bg-gray-50 px-4 py-3 font-medium text-gray-700\">Tens\u00e3o da bateria<\/th>\n<td class=\"px-4 py-3\">384 VCC (ajust\u00e1vel)<\/td>\n<\/tr>\n<tr>\n<th class=\"bg-gray-50 px-4 py-3 font-medium text-gray-700\">Tempo de backup<\/th>\n<td class=\"px-4 py-3\">Personaliz\u00e1vel<\/td>\n<\/tr>\n<tr>\n<th class=\"bg-gray-50 px-4 py-3 font-medium text-gray-700\">Prote\u00e7\u00f5es<\/th>\n<td class=\"px-4 py-3\">Prote\u00e7\u00e3o eletr\u00f4nica contra curto-circuito, com limita\u00e7\u00e3o de corrente em 1,3\u00d7 a corrente nominal.<\/td>\n<\/tr>\n<tr>\n<th class=\"bg-gray-50 px-4 py-3 font-medium text-gray-700\">Capacidade de sobrecarga<\/th>\n<td class=\"px-4 py-3\">110% por 10 min; 125% por 3 min; 150% por 1 min<\/td>\n<\/tr>\n<tr>\n<th class=\"bg-gray-50 px-4 py-3 font-medium text-gray-700\">Indicadores LED<\/th>\n<td class=\"px-4 py-3\">Entrada, inversor, bypass, estado da bateria<\/td>\n<\/tr>\n<tr>\n<th class=\"bg-gray-50 px-4 py-3 font-medium text-gray-700\">Visor LCD<\/th>\n<td class=\"px-4 py-3\">Tens\u00e3o de entrada\/sa\u00edda, frequ\u00eancia, tens\u00e3o da bateria, porcentagem de carga, temperatura<\/td>\n<\/tr>\n<tr>\n<th class=\"bg-gray-50 px-4 py-3 font-medium text-gray-700\">Distor\u00e7\u00e3o da forma de onda<\/th>\n<td class=\"px-4 py-3\">\u22643% (carga linear), \u22645% (carga n\u00e3o linear)<\/td>\n<\/tr>\n<tr>\n<th class=\"bg-gray-50 px-4 py-3 font-medium text-gray-700\">Temperatura de trabalho<\/th>\n<td class=\"px-4 py-3\">0\u00b0C a +45\u00b0C<\/td>\n<\/tr>\n<tr>\n<th class=\"bg-gray-50 px-4 py-3 font-medium text-gray-700\">Temperatura de armazenamento<\/th>\n<td class=\"px-4 py-3\">-25\u00b0C a +55\u00b0C<\/td>\n<\/tr>\n<tr>\n<th class=\"bg-gray-50 px-4 py-3 font-medium text-gray-700\">Umidade Relativa<\/th>\n<td class=\"px-4 py-3\">0\u201395% (n\u00e3o condens\u00e1vel)<\/td>\n<\/tr>\n<tr>\n<th class=\"bg-gray-50 px-4 py-3 font-medium text-gray-700\">Altitude<\/th>\n<td class=\"px-4 py-3\">\u2264 1000 m<\/td>\n<\/tr>\n<tr>\n<th class=\"bg-gray-50 px-4 py-3 font-medium text-gray-700\">N\u00edvel de ru\u00eddo<\/th>\n<td class=\"px-4 py-3\">&lt; 50 dB<\/td>\n<\/tr>\n<tr>\n<th class=\"bg-gray-50 px-4 py-3 font-medium text-gray-700\">Interfaces de comunica\u00e7\u00e3o<\/th>\n<td class=\"px-4 py-3\">RS485, RS232, USB, contato seco, slot para placa de expans\u00e3o inteligente<\/td>\n<\/tr>\n<tr>\n<th class=\"bg-gray-50 px-4 py-3 font-medium text-gray-700\">Padr\u00f5es<\/th>\n<td class=\"px-4 py-3\">IEC 62040-1<\/td>\n<\/tr>\n<tr>\n<th class=\"bg-gray-50 px-4 py-3 font-medium text-gray-700\">Classifica\u00e7\u00e3o IP<\/th>\n<td class=\"px-4 py-3\">IP20<\/td>\n<\/tr>\n<\/tbody>\n<\/table>\n<\/div>","protected":false},"excerpt":{"rendered":"<p>Pot\u00eancia nominal: 10 kVA - 300 kVA<br \/>\nTens\u00e3o de entrada: 380\/400 VCA, etc.<br \/>\nTens\u00e3o de sa\u00edda: 380\/400 VCA, etc.<br \/>\nQuantidade m\u00ednima para encomenda: 1 conjunto\/pe\u00e7a<br \/>\nServi\u00e7os OEM e ODM: Dispon\u00edveis<br \/>\nEmbalagem: Caixa de madeira compensada<\/p>","protected":false},"featured_media":1998,"comment_status":"open","ping_status":"closed","template":"","meta":{"_acf_changed":false,"_uag_custom_page_level_css":"","site-sidebar-layout":"default","site-content-layout":"","ast-site-content-layout":"default","site-content-style":"default","site-sidebar-style":"default","ast-global-header-display":"","ast-banner-title-visibility":"","ast-main-header-display":"","ast-hfb-above-header-display":"","ast-hfb-below-header-display":"","ast-hfb-mobile-header-display":"","site-post-title":"","ast-breadcrumbs-content":"","ast-featured-img":"","footer-sml-layout":"","theme-transparent-header-meta":"default","adv-header-id-meta":"","stick-header-meta":"","header-above-stick-meta":"","header-main-stick-meta":"","header-below-stick-meta":"","astra-migrate-meta-layouts":"set","ast-page-background-enabled":"default","ast-page-background-meta":{"desktop":{"background-color":"var(--ast-global-color-4)","background-image":"","background-repeat":"repeat","background-position":"center center","background-size":"auto","background-attachment":"scroll","background-type":"","background-media":"","overlay-type":"","overlay-color":"","overlay-opacity":"","overlay-gradient":""},"tablet":{"background-color":"","background-image":"","background-repeat":"repeat","background-position":"center center","background-size":"auto","background-attachment":"scroll","background-type":"","background-media":"","overlay-type":"","overlay-color":"","overlay-opacity":"","overlay-gradient":""},"mobile":{"background-color":"","background-image":"","background-repeat":"repeat","background-position":"center center","background-size":"auto","background-attachment":"scroll","background-type":"","background-media":"","overlay-type":"","overlay-color":"","overlay-opacity":"","overlay-gradient":""}},"ast-content-background-meta":{"desktop":{"background-color":"var(--ast-global-color-5)","background-image":"","background-repeat":"repeat","background-position":"center center","background-size":"auto","background-attachment":"scroll","background-type":"","background-media":"","overlay-type":"","overlay-color":"","overlay-opacity":"","overlay-gradient":""},"tablet":{"background-color":"var(--ast-global-color-5)","background-image":"","background-repeat":"repeat","background-position":"center center","background-size":"auto","background-attachment":"scroll","background-type":"","background-media":"","overlay-type":"","overlay-color":"","overlay-opacity":"","overlay-gradient":""},"mobile":{"background-color":"var(--ast-global-color-5)","background-image":"","background-repeat":"repeat","background-position":"center center","background-size":"auto","background-attachment":"scroll","background-type":"","background-media":"","overlay-type":"","overlay-color":"","overlay-opacity":"","overlay-gradient":""}}},"product_brand":[],"product_cat":[26],"product_tag":[50,46,51,36],"class_list":{"0":"post-1997","1":"product","2":"type-product","3":"status-publish","4":"has-post-thumbnail","6":"product_cat-online-ups","7":"product_tag-3-phase-ups","8":"product_tag-double-conversion-ups","9":"product_tag-industrial-ups","10":"product_tag-pure-sine-wave-ups","11":"desktop-align-left","12":"tablet-align-left","13":"mobile-align-left","15":"first","16":"instock","17":"shipping-taxable","18":"product-type-simple"},"acf":[],"yoast_head":"<!-- This site is optimized with the Yoast SEO plugin v25.0 - https:\/\/yoast.com\/wordpress\/plugins\/seo\/ -->\n<title>True Online UPS 10 - 300 KVA - UPS power supply<\/title>\n<meta name=\"robots\" content=\"index, follow, max-snippet:-1, max-image-preview:large, max-video-preview:-1\" \/>\n<link rel=\"canonical\" href=\"https:\/\/www.upspower-supply.com\/pt\/produto\/true-online-ups-10-300-kva\/\" \/>\n<meta property=\"og:locale\" content=\"pt_PT\" \/>\n<meta property=\"og:type\" content=\"article\" \/>\n<meta property=\"og:title\" content=\"True Online UPS 10 - 300 KVA - UPS power supply\" \/>\n<meta property=\"og:description\" content=\"Rated Power: 10KVA-300KVA Input Voltage: 380\/400VAC, etc Output Voltage: 380\/400VAC, etc MOQ: 1 Set\/Piece OEM &amp; ODM Service: Available Packaging: Plywood Case\" \/>\n<meta property=\"og:url\" content=\"https:\/\/www.upspower-supply.com\/pt\/produto\/true-online-ups-10-300-kva\/\" \/>\n<meta property=\"og:site_name\" content=\"UPS power supply\" \/>\n<meta property=\"article:modified_time\" content=\"2026-04-17T10:28:36+00:00\" \/>\n<meta property=\"og:image\" content=\"https:\/\/www.upspower-supply.com\/wp-content\/uploads\/2025\/12\/true-online-ups-10-300-kva.jpg\" \/>\n\t<meta property=\"og:image:width\" content=\"800\" \/>\n\t<meta property=\"og:image:height\" content=\"800\" \/>\n\t<meta property=\"og:image:type\" content=\"image\/jpeg\" \/>\n<meta name=\"twitter:card\" content=\"summary_large_image\" \/>\n<meta name=\"twitter:label1\" content=\"Tempo estimado de leitura\" \/>\n\t<meta name=\"twitter:data1\" content=\"3 minutos\" \/>\n<script type=\"application\/ld+json\" class=\"yoast-schema-graph\">{\"@context\":\"https:\/\/schema.org\",\"@graph\":[{\"@type\":\"WebPage\",\"@id\":\"https:\/\/www.upspower-supply.com\/product\/true-online-ups-10-300-kva\/\",\"url\":\"https:\/\/www.upspower-supply.com\/product\/true-online-ups-10-300-kva\/\",\"name\":\"True Online UPS 10 - 300 KVA - UPS power supply\",\"isPartOf\":{\"@id\":\"https:\/\/www.upspower-supply.com\/#website\"},\"primaryImageOfPage\":{\"@id\":\"https:\/\/www.upspower-supply.com\/product\/true-online-ups-10-300-kva\/#primaryimage\"},\"image\":{\"@id\":\"https:\/\/www.upspower-supply.com\/product\/true-online-ups-10-300-kva\/#primaryimage\"},\"thumbnailUrl\":\"https:\/\/www.upspower-supply.com\/wp-content\/uploads\/2025\/12\/true-online-ups-10-300-kva.jpg\",\"datePublished\":\"2025-12-23T03:55:12+00:00\",\"dateModified\":\"2026-04-17T10:28:36+00:00\",\"breadcrumb\":{\"@id\":\"https:\/\/www.upspower-supply.com\/product\/true-online-ups-10-300-kva\/#breadcrumb\"},\"inLanguage\":\"pt-PT\",\"potentialAction\":[{\"@type\":\"ReadAction\",\"target\":[\"https:\/\/www.upspower-supply.com\/product\/true-online-ups-10-300-kva\/\"]}]},{\"@type\":\"ImageObject\",\"inLanguage\":\"pt-PT\",\"@id\":\"https:\/\/www.upspower-supply.com\/product\/true-online-ups-10-300-kva\/#primaryimage\",\"url\":\"https:\/\/www.upspower-supply.com\/wp-content\/uploads\/2025\/12\/true-online-ups-10-300-kva.jpg\",\"contentUrl\":\"https:\/\/www.upspower-supply.com\/wp-content\/uploads\/2025\/12\/true-online-ups-10-300-kva.jpg\",\"width\":800,\"height\":800,\"caption\":\"True Online UPS 10 - 300 KVA\"},{\"@type\":\"BreadcrumbList\",\"@id\":\"https:\/\/www.upspower-supply.com\/product\/true-online-ups-10-300-kva\/#breadcrumb\",\"itemListElement\":[{\"@type\":\"ListItem\",\"position\":1,\"name\":\"Home\",\"item\":\"https:\/\/www.upspower-supply.com\/\"},{\"@type\":\"ListItem\",\"position\":2,\"name\":\"Shop\",\"item\":\"https:\/\/www.upspower-supply.com\/shop\/\"},{\"@type\":\"ListItem\",\"position\":3,\"name\":\"True Online UPS 10 &#8211; 300 KVA\"}]},{\"@type\":\"WebSite\",\"@id\":\"https:\/\/www.upspower-supply.com\/#website\",\"url\":\"https:\/\/www.upspower-supply.com\/\",\"name\":\"UPS power supply\",\"description\":\"\",\"potentialAction\":[{\"@type\":\"SearchAction\",\"target\":{\"@type\":\"EntryPoint\",\"urlTemplate\":\"https:\/\/www.upspower-supply.com\/?s={search_term_string}\"},\"query-input\":{\"@type\":\"PropertyValueSpecification\",\"valueRequired\":true,\"valueName\":\"search_term_string\"}}],\"inLanguage\":\"pt-PT\"}]}<\/script>\n<!-- \/ Yoast SEO plugin. -->","yoast_head_json":{"title":"True Online UPS 10 - 300 KVA - UPS power supply","robots":{"index":"index","follow":"follow","max-snippet":"max-snippet:-1","max-image-preview":"max-image-preview:large","max-video-preview":"max-video-preview:-1"},"canonical":"https:\/\/www.upspower-supply.com\/pt\/produto\/true-online-ups-10-300-kva\/","og_locale":"pt_PT","og_type":"article","og_title":"True Online UPS 10 - 300 KVA - UPS power supply","og_description":"Rated Power: 10KVA-300KVA Input Voltage: 380\/400VAC, etc Output Voltage: 380\/400VAC, etc MOQ: 1 Set\/Piece OEM &amp; ODM Service: Available Packaging: Plywood Case","og_url":"https:\/\/www.upspower-supply.com\/pt\/produto\/true-online-ups-10-300-kva\/","og_site_name":"UPS power supply","article_modified_time":"2026-04-17T10:28:36+00:00","og_image":[{"width":800,"height":800,"url":"https:\/\/www.upspower-supply.com\/wp-content\/uploads\/2025\/12\/true-online-ups-10-300-kva.jpg","type":"image\/jpeg"}],"twitter_card":"summary_large_image","twitter_misc":{"Tempo estimado de leitura":"3 minutos"},"schema":{"@context":"https:\/\/schema.org","@graph":[{"@type":"WebPage","@id":"https:\/\/www.upspower-supply.com\/product\/true-online-ups-10-300-kva\/","url":"https:\/\/www.upspower-supply.com\/product\/true-online-ups-10-300-kva\/","name":"True Online UPS 10 - 300 KVA - UPS power supply","isPartOf":{"@id":"https:\/\/www.upspower-supply.com\/#website"},"primaryImageOfPage":{"@id":"https:\/\/www.upspower-supply.com\/product\/true-online-ups-10-300-kva\/#primaryimage"},"image":{"@id":"https:\/\/www.upspower-supply.com\/product\/true-online-ups-10-300-kva\/#primaryimage"},"thumbnailUrl":"https:\/\/www.upspower-supply.com\/wp-content\/uploads\/2025\/12\/true-online-ups-10-300-kva.jpg","datePublished":"2025-12-23T03:55:12+00:00","dateModified":"2026-04-17T10:28:36+00:00","breadcrumb":{"@id":"https:\/\/www.upspower-supply.com\/product\/true-online-ups-10-300-kva\/#breadcrumb"},"inLanguage":"pt-PT","potentialAction":[{"@type":"ReadAction","target":["https:\/\/www.upspower-supply.com\/product\/true-online-ups-10-300-kva\/"]}]},{"@type":"ImageObject","inLanguage":"pt-PT","@id":"https:\/\/www.upspower-supply.com\/product\/true-online-ups-10-300-kva\/#primaryimage","url":"https:\/\/www.upspower-supply.com\/wp-content\/uploads\/2025\/12\/true-online-ups-10-300-kva.jpg","contentUrl":"https:\/\/www.upspower-supply.com\/wp-content\/uploads\/2025\/12\/true-online-ups-10-300-kva.jpg","width":800,"height":800,"caption":"True Online UPS 10 - 300 KVA"},{"@type":"BreadcrumbList","@id":"https:\/\/www.upspower-supply.com\/product\/true-online-ups-10-300-kva\/#breadcrumb","itemListElement":[{"@type":"ListItem","position":1,"name":"Home","item":"https:\/\/www.upspower-supply.com\/"},{"@type":"ListItem","position":2,"name":"Shop","item":"https:\/\/www.upspower-supply.com\/shop\/"},{"@type":"ListItem","position":3,"name":"True Online UPS 10 &#8211; 300 KVA"}]},{"@type":"WebSite","@id":"https:\/\/www.upspower-supply.com\/#website","url":"https:\/\/www.upspower-supply.com\/","name":"UPS power supply","description":"","potentialAction":[{"@type":"SearchAction","target":{"@type":"EntryPoint","urlTemplate":"https:\/\/www.upspower-supply.com\/?s={search_term_string}"},"query-input":{"@type":"PropertyValueSpecification","valueRequired":true,"valueName":"search_term_string"}}],"inLanguage":"pt-PT"}]}},"uagb_featured_image_src":{"full":["https:\/\/www.upspower-supply.com\/wp-content\/uploads\/2025\/12\/true-online-ups-10-300-kva.jpg",800,800,false],"thumbnail":["https:\/\/www.upspower-supply.com\/wp-content\/uploads\/2025\/12\/true-online-ups-10-300-kva-150x150.jpg",150,150,true],"medium":["https:\/\/www.upspower-supply.com\/wp-content\/uploads\/2025\/12\/true-online-ups-10-300-kva-300x300.jpg",300,300,true],"medium_large":["https:\/\/www.upspower-supply.com\/wp-content\/uploads\/2025\/12\/true-online-ups-10-300-kva-768x768.jpg",768,768,true],"large":["https:\/\/www.upspower-supply.com\/wp-content\/uploads\/2025\/12\/true-online-ups-10-300-kva.jpg",800,800,false],"1536x1536":["https:\/\/www.upspower-supply.com\/wp-content\/uploads\/2025\/12\/true-online-ups-10-300-kva.jpg",800,800,false],"2048x2048":["https:\/\/www.upspower-supply.com\/wp-content\/uploads\/2025\/12\/true-online-ups-10-300-kva.jpg",800,800,false],"trp-custom-language-flag":["https:\/\/www.upspower-supply.com\/wp-content\/uploads\/2025\/12\/true-online-ups-10-300-kva-12x12.jpg",12,12,true],"woocommerce_thumbnail":["https:\/\/www.upspower-supply.com\/wp-content\/uploads\/2025\/12\/true-online-ups-10-300-kva-300x300.jpg",300,300,true],"woocommerce_single":["https:\/\/www.upspower-supply.com\/wp-content\/uploads\/2025\/12\/true-online-ups-10-300-kva-600x600.jpg",600,600,true],"woocommerce_gallery_thumbnail":["https:\/\/www.upspower-supply.com\/wp-content\/uploads\/2025\/12\/true-online-ups-10-300-kva-100x100.jpg",100,100,true]},"uagb_author_info":{"display_name":"Tyne Tingey","author_link":"https:\/\/www.upspower-supply.com\/pt\/author\/"},"uagb_comment_info":1,"uagb_excerpt":"Rated Power: 10KVA-300KVA Input Voltage: 380\/400VAC, etc Output Voltage: 380\/400VAC, etc MOQ: 1 Set\/Piece OEM &amp; ODM Service: Available Packaging: Plywood Case","_links":{"self":[{"href":"https:\/\/www.upspower-supply.com\/pt\/wp-json\/wp\/v2\/product\/1997","targetHints":{"allow":["GET"]}}],"collection":[{"href":"https:\/\/www.upspower-supply.com\/pt\/wp-json\/wp\/v2\/product"}],"about":[{"href":"https:\/\/www.upspower-supply.com\/pt\/wp-json\/wp\/v2\/types\/product"}],"replies":[{"embeddable":true,"href":"https:\/\/www.upspower-supply.com\/pt\/wp-json\/wp\/v2\/comments?post=1997"}],"wp:featuredmedia":[{"embeddable":true,"href":"https:\/\/www.upspower-supply.com\/pt\/wp-json\/wp\/v2\/media\/1998"}],"wp:attachment":[{"href":"https:\/\/www.upspower-supply.com\/pt\/wp-json\/wp\/v2\/media?parent=1997"}],"wp:term":[{"taxonomy":"product_brand","embeddable":true,"href":"https:\/\/www.upspower-supply.com\/pt\/wp-json\/wp\/v2\/product_brand?post=1997"},{"taxonomy":"product_cat","embeddable":true,"href":"https:\/\/www.upspower-supply.com\/pt\/wp-json\/wp\/v2\/product_cat?post=1997"},{"taxonomy":"product_tag","embeddable":true,"href":"https:\/\/www.upspower-supply.com\/pt\/wp-json\/wp\/v2\/product_tag?post=1997"}],"curies":[{"name":"wp","href":"https:\/\/api.w.org\/{rel}","templated":true}]}}