{"id":1617,"date":"2025-07-23T07:20:53","date_gmt":"2025-07-23T07:20:53","guid":{"rendered":"https:\/\/www.upspower-supply.com\/?post_type=product&#038;p=1617"},"modified":"2025-07-23T07:41:33","modified_gmt":"2025-07-23T07:41:33","slug":"mini-uninterruptible-power-supply-mini-dc-ups-18w-24w-36w-5v-9v-12v","status":"publish","type":"product","link":"https:\/\/www.upspower-supply.com\/pt\/produto\/mini-uninterruptible-power-supply-mini-dc-ups-18w-24w-36w-5v-9v-12v\/","title":{"rendered":"Mini fonte de alimenta\u00e7\u00e3o ininterrupta (UPS), Mini UPS DC, 18W 24W 36W, 5V 9V 12V"},"content":{"rendered":"<ul class=\"list-disc pl-5 text-base text-gray-700\">\n<li>Ampla compatibilidade \u2013 suporta roteadores Wi-Fi, modems, c\u00e2meras IP e outros dispositivos alimentados por corrente cont\u00ednua.<\/li>\n<li>Equipado com baterias de l\u00edtio LiFePO4 de alta capacidade de 8800mAh \/ 10400mAh para maior tempo de funcionamento em modo de espera.<\/li>\n<li>A tecnologia PoE (Power over Ethernet) integrada permite a transmiss\u00e3o simult\u00e2nea de energia e dados, simplificando a instala\u00e7\u00e3o de cabos.<\/li>\n<li>Prote\u00e7\u00e3o avan\u00e7ada do circuito \u2013 inclui prote\u00e7\u00f5es contra sobrecarga, descarga excessiva e curto-circuito.<\/li>\n<li>M\u00faltiplas op\u00e7\u00f5es de sa\u00edda: USB, DC 5V\/9V\/12V e porta PoE para suporte flex\u00edvel a dispositivos.<\/li>\n<li>Ampla faixa de entrada CA: 85\u2013265 V CA (compat\u00edvel com sistemas de 110 V e 220 V).<\/li>\n<\/ul>\n<p><img loading=\"lazy\" decoding=\"async\" class=\"alignnone wp-image-1623 size-full\" src=\"https:\/\/www.upspower-supply.com\/wp-content\/uploads\/2025\/07\/mini-uninterruptible-power-supply-detail-2.jpeg\" alt=\"mini fonte de alimenta\u00e7\u00e3o ininterrupta\" width=\"750\" height=\"1100\" srcset=\"https:\/\/www.upspower-supply.com\/wp-content\/uploads\/2025\/07\/mini-uninterruptible-power-supply-detail-2.jpeg 750w, https:\/\/www.upspower-supply.com\/wp-content\/uploads\/2025\/07\/mini-uninterruptible-power-supply-detail-2-205x300.jpeg 205w, https:\/\/www.upspower-supply.com\/wp-content\/uploads\/2025\/07\/mini-uninterruptible-power-supply-detail-2-698x1024.jpeg 698w, https:\/\/www.upspower-supply.com\/wp-content\/uploads\/2025\/07\/mini-uninterruptible-power-supply-detail-2-8x12.jpeg 8w, https:\/\/www.upspower-supply.com\/wp-content\/uploads\/2025\/07\/mini-uninterruptible-power-supply-detail-2-600x880.jpeg 600w\" sizes=\"auto, (max-width: 750px) 100vw, 750px\" \/><\/p>\n<table class=\"table-auto w-full max-w-[1060px] text-left text-sm\">\n<thead>\n<tr class=\"bg-[#f7f8fa]\">\n<th class=\"p-2 text-base\">Modelo<\/th>\n<th class=\"p-2 text-center text-base\">DC18P<\/th>\n<th class=\"p-2 text-center text-base\">DC24P<\/th>\n<th class=\"p-2 text-center text-base\">DC36P<\/th>\n<\/tr>\n<\/thead>\n<tbody>\n<tr>\n<td class=\"p-2 text-base\">Pot\u00eancia de sa\u00edda<\/td>\n<td class=\"p-2 text-center\">18W<\/td>\n<td class=\"p-2 text-center\">24W<\/td>\n<td class=\"p-2 text-center\">36W<\/td>\n<\/tr>\n<tr>\n<td class=\"p-2 align-top\" rowspan=\"6\">\n<div class=\"text-base\">Porta de sa\u00edda<\/div>\n<\/td>\n<td class=\"p-2 text-center\">USB 5V\/2A<\/td>\n<td class=\"p-2 text-center\">USB 5V\/2A<\/td>\n<td class=\"p-2 text-center\">USB 5V\/2A<\/td>\n<\/tr>\n<tr>\n<td class=\"p-2 text-center\">DC 5V\/2A<\/td>\n<td class=\"p-2 text-center\">DC 5V\/2A<\/td>\n<td class=\"p-2 text-center\">DC 5V\/2A<\/td>\n<\/tr>\n<tr>\n<td class=\"p-2 text-center\">DC 9V\/1A<\/td>\n<td class=\"p-2 text-center\">DC 9V\/2A<\/td>\n<td class=\"p-2 text-center\">DC 9V\/2A<\/td>\n<\/tr>\n<tr>\n<td class=\"p-2 text-center\">DC 12V\/1A<\/td>\n<td class=\"p-2 text-center\">DC 12V\/2A<\/td>\n<td class=\"p-2 text-center\">DC 12V\/2A<\/td>\n<\/tr>\n<tr>\n<td class=\"p-2 text-center\">POE 15V\/0,6A<\/td>\n<td class=\"p-2 text-center\">POE 15V\/0,6A<\/td>\n<td class=\"p-2 text-center\">POE 15V\/0,6A<\/td>\n<\/tr>\n<tr>\n<td class=\"p-2 text-center\">POE 24V\/0,6A<\/td>\n<td class=\"p-2 text-center\">POE 24V\/0,6A<\/td>\n<td class=\"p-2 text-center\">POE 24V\/0,6A<\/td>\n<\/tr>\n<tr>\n<td class=\"p-2 text-base\">Porta de entrada<\/td>\n<td class=\"p-2 text-center\" colspan=\"3\">85-265Vac<\/td>\n<\/tr>\n<tr>\n<td class=\"p-2 text-base\">Tipo de Bateria<\/td>\n<td class=\"p-2 text-center\" colspan=\"3\">Bateria de \u00edon-l\u00edtio\/bateria LiFePO4<\/td>\n<\/tr>\n<tr>\n<td class=\"p-2 text-base\">Capacidade da bateria<\/td>\n<td class=\"p-2 text-center\" colspan=\"3\">2200mAh * 4 \/ 2600mAh * 4<\/td>\n<\/tr>\n<tr>\n<td class=\"p-2 text-base\">Cor<\/td>\n<td class=\"p-2 text-center\" colspan=\"3\">Preto padr\u00e3o, cores personalizadas dispon\u00edveis.<\/td>\n<\/tr>\n<tr>\n<td class=\"p-2 text-base\">Efici\u00eancia<\/td>\n<td class=\"p-2 text-center\" colspan=\"3\">Modo de alimenta\u00e7\u00e3o CA municipal &gt;85%, Modo bateria &gt;90%<\/td>\n<\/tr>\n<tr>\n<td class=\"p-2 text-base\">Tipo de fonte de alimenta\u00e7\u00e3o<\/td>\n<td class=\"p-2 text-center\" colspan=\"3\">Fonte de alimenta\u00e7\u00e3o ininterrupta autom\u00e1tica<\/td>\n<\/tr>\n<tr>\n<td class=\"p-2 text-base\">Prote\u00e7\u00e3o<\/td>\n<td class=\"p-2 text-center\" colspan=\"3\">Prote\u00e7\u00e3o contra sobrecarga, sobrecorrente, sobrecorrente, sobretemperatura e curto-circuito.<\/td>\n<\/tr>\n<tr>\n<td class=\"p-2 text-base\">Tamanho do produto<\/td>\n<td class=\"p-2 text-center\" colspan=\"3\">160*105*33mm<\/td>\n<\/tr>\n<tr>\n<td class=\"p-2 text-base\">Tamanho da embalagem<\/td>\n<td class=\"p-2 text-center\" colspan=\"3\">180*160*37mm<\/td>\n<\/tr>\n<tr>\n<td class=\"p-2 text-base\">Peso l\u00edquido<\/td>\n<td class=\"p-2 text-center\">0,39 kg<\/td>\n<td class=\"p-2 text-center\">0,4 kg<\/td>\n<td class=\"p-2 text-center\">0,42 kg<\/td>\n<\/tr>\n<tr>\n<td class=\"p-2 text-base\">Peso bruto<\/td>\n<td class=\"p-2 text-center\">0,5 kg<\/td>\n<td class=\"p-2 text-center\">0,52 kg<\/td>\n<td class=\"p-2 text-center\">0,56 kg<\/td>\n<\/tr>\n<tr>\n<td class=\"p-2 text-base\">Temperatura de trabalho<\/td>\n<td class=\"p-2 text-center\" colspan=\"3\">0\u00baC-40\u00baC<\/td>\n<\/tr>\n<\/tbody>\n<\/table>\n<p><img loading=\"lazy\" decoding=\"async\" class=\"alignnone wp-image-1624 size-full\" src=\"https:\/\/www.upspower-supply.com\/wp-content\/uploads\/2025\/07\/mini-uninterruptible-power-supply-detail-application.jpeg\" alt=\"mini fonte de alimenta\u00e7\u00e3o ininterrupta\" width=\"750\" height=\"843\" srcset=\"https:\/\/www.upspower-supply.com\/wp-content\/uploads\/2025\/07\/mini-uninterruptible-power-supply-detail-application.jpeg 750w, https:\/\/www.upspower-supply.com\/wp-content\/uploads\/2025\/07\/mini-uninterruptible-power-supply-detail-application-267x300.jpeg 267w, https:\/\/www.upspower-supply.com\/wp-content\/uploads\/2025\/07\/mini-uninterruptible-power-supply-detail-application-11x12.jpeg 11w, https:\/\/www.upspower-supply.com\/wp-content\/uploads\/2025\/07\/mini-uninterruptible-power-supply-detail-application-600x674.jpeg 600w\" sizes=\"auto, (max-width: 750px) 100vw, 750px\" \/><\/p>\n<p><img loading=\"lazy\" decoding=\"async\" class=\"alignnone wp-image-1625 size-full\" src=\"https:\/\/www.upspower-supply.com\/wp-content\/uploads\/2025\/07\/mini-uninterruptible-power-supply-detail-3.jpeg\" alt=\"mini fonte de alimenta\u00e7\u00e3o ininterrupta\" width=\"750\" height=\"1119\" srcset=\"https:\/\/www.upspower-supply.com\/wp-content\/uploads\/2025\/07\/mini-uninterruptible-power-supply-detail-3.jpeg 750w, https:\/\/www.upspower-supply.com\/wp-content\/uploads\/2025\/07\/mini-uninterruptible-power-supply-detail-3-201x300.jpeg 201w, https:\/\/www.upspower-supply.com\/wp-content\/uploads\/2025\/07\/mini-uninterruptible-power-supply-detail-3-686x1024.jpeg 686w, https:\/\/www.upspower-supply.com\/wp-content\/uploads\/2025\/07\/mini-uninterruptible-power-supply-detail-3-8x12.jpeg 8w, https:\/\/www.upspower-supply.com\/wp-content\/uploads\/2025\/07\/mini-uninterruptible-power-supply-detail-3-600x895.jpeg 600w\" sizes=\"auto, (max-width: 750px) 100vw, 750px\" \/><\/p>\n<p>&nbsp;<\/p>\n<p><a href=\"https:\/\/www.aqetech.com\/product-category\/3-6-volt-lithium-battery\/\">Bateria de 3,6 V<\/a>\uff0c<a href=\"https:\/\/www.upspower-supply.com\/pt\/categoria-produto\/modular-ups\/\">ups escal\u00e1veis<\/a><\/p>","protected":false},"excerpt":{"rendered":"<p>Mini UPS DC - Bateria LiFePO4 de 8800mAh | Sa\u00edda USB e PoE de 5V\/9V\/12V | Suporte para 18W\/24W\/36W | Alimenta\u00e7\u00e3o ininterrupta para roteadores Wi-Fi, modems e c\u00e2meras<\/p>","protected":false},"featured_media":1620,"comment_status":"open","ping_status":"closed","template":"","meta":{"_acf_changed":false,"_uag_custom_page_level_css":"","site-sidebar-layout":"default","site-content-layout":"","ast-site-content-layout":"default","site-content-style":"default","site-sidebar-style":"default","ast-global-header-display":"","ast-banner-title-visibility":"","ast-main-header-display":"","ast-hfb-above-header-display":"","ast-hfb-below-header-display":"","ast-hfb-mobile-header-display":"","site-post-title":"","ast-breadcrumbs-content":"","ast-featured-img":"","footer-sml-layout":"","theme-transparent-header-meta":"default","adv-header-id-meta":"","stick-header-meta":"","header-above-stick-meta":"","header-main-stick-meta":"","header-below-stick-meta":"","astra-migrate-meta-layouts":"set","ast-page-background-enabled":"default","ast-page-background-meta":{"desktop":{"background-color":"var(--ast-global-color-4)","background-image":"","background-repeat":"repeat","background-position":"center center","background-size":"auto","background-attachment":"scroll","background-type":"","background-media":"","overlay-type":"","overlay-color":"","overlay-opacity":"","overlay-gradient":""},"tablet":{"background-color":"","background-image":"","background-repeat":"repeat","background-position":"center center","background-size":"auto","background-attachment":"scroll","background-type":"","background-media":"","overlay-type":"","overlay-color":"","overlay-opacity":"","overlay-gradient":""},"mobile":{"background-color":"","background-image":"","background-repeat":"repeat","background-position":"center center","background-size":"auto","background-attachment":"scroll","background-type":"","background-media":"","overlay-type":"","overlay-color":"","overlay-opacity":"","overlay-gradient":""}},"ast-content-background-meta":{"desktop":{"background-color":"var(--ast-global-color-5)","background-image":"","background-repeat":"repeat","background-position":"center center","background-size":"auto","background-attachment":"scroll","background-type":"","background-media":"","overlay-type":"","overlay-color":"","overlay-opacity":"","overlay-gradient":""},"tablet":{"background-color":"var(--ast-global-color-5)","background-image":"","background-repeat":"repeat","background-position":"center center","background-size":"auto","background-attachment":"scroll","background-type":"","background-media":"","overlay-type":"","overlay-color":"","overlay-opacity":"","overlay-gradient":""},"mobile":{"background-color":"var(--ast-global-color-5)","background-image":"","background-repeat":"repeat","background-position":"center center","background-size":"auto","background-attachment":"scroll","background-type":"","background-media":"","overlay-type":"","overlay-color":"","overlay-opacity":"","overlay-gradient":""}}},"product_brand":[],"product_cat":[44],"product_tag":[],"class_list":{"0":"post-1617","1":"product","2":"type-product","3":"status-publish","4":"has-post-thumbnail","6":"product_cat-dc-ups","7":"desktop-align-left","8":"tablet-align-left","9":"mobile-align-left","11":"first","12":"instock","13":"shipping-taxable","14":"product-type-simple"},"acf":[],"yoast_head":"<!-- This site is optimized with the Yoast SEO plugin v25.0 - https:\/\/yoast.com\/wordpress\/plugins\/seo\/ -->\n<title>Mini uninterruptible power supply, Mini DC UPS, 18W 24W 36W, 5V 9V 12V<\/title>\n<meta name=\"description\" content=\"Mini DC UPS Backup Power Supply \u2013 8800mAh LiFePO4 | Multi-Voltage USB &amp; POE Output | Reliable Power for Network Devices\uff0cMini DC UPS wholesale\" \/>\n<meta name=\"robots\" content=\"index, follow, max-snippet:-1, max-image-preview:large, max-video-preview:-1\" \/>\n<link rel=\"canonical\" href=\"https:\/\/www.upspower-supply.com\/pt\/produto\/mini-uninterruptible-power-supply-mini-dc-ups-18w-24w-36w-5v-9v-12v\/\" \/>\n<meta property=\"og:locale\" content=\"pt_PT\" \/>\n<meta property=\"og:type\" content=\"article\" \/>\n<meta property=\"og:title\" content=\"Mini uninterruptible power supply, Mini DC UPS, 18W 24W 36W, 5V 9V 12V\" \/>\n<meta property=\"og:description\" content=\"Mini DC UPS Backup Power Supply \u2013 8800mAh LiFePO4 | Multi-Voltage USB &amp; POE Output | Reliable Power for Network Devices\uff0cMini DC UPS wholesale\" \/>\n<meta property=\"og:url\" content=\"https:\/\/www.upspower-supply.com\/pt\/produto\/mini-uninterruptible-power-supply-mini-dc-ups-18w-24w-36w-5v-9v-12v\/\" \/>\n<meta property=\"og:site_name\" content=\"UPS power supply\" \/>\n<meta property=\"article:modified_time\" content=\"2025-07-23T07:41:33+00:00\" \/>\n<meta property=\"og:image\" content=\"https:\/\/www.upspower-supply.com\/wp-content\/uploads\/2025\/07\/mini-uninterruptible-power-supply-1.jpeg\" \/>\n\t<meta property=\"og:image:width\" content=\"1861\" \/>\n\t<meta property=\"og:image:height\" content=\"1457\" \/>\n\t<meta property=\"og:image:type\" content=\"image\/jpeg\" \/>\n<meta name=\"twitter:card\" content=\"summary_large_image\" \/>\n<meta name=\"twitter:label1\" content=\"Tempo estimado de leitura\" \/>\n\t<meta name=\"twitter:data1\" content=\"2 minutos\" \/>\n<script type=\"application\/ld+json\" class=\"yoast-schema-graph\">{\"@context\":\"https:\/\/schema.org\",\"@graph\":[{\"@type\":\"WebPage\",\"@id\":\"https:\/\/www.upspower-supply.com\/product\/mini-uninterruptible-power-supply-mini-dc-ups-18w-24w-36w-5v-9v-12v\/\",\"url\":\"https:\/\/www.upspower-supply.com\/product\/mini-uninterruptible-power-supply-mini-dc-ups-18w-24w-36w-5v-9v-12v\/\",\"name\":\"Mini uninterruptible power supply, Mini DC UPS, 18W 24W 36W, 5V 9V 12V\",\"isPartOf\":{\"@id\":\"https:\/\/www.upspower-supply.com\/#website\"},\"primaryImageOfPage\":{\"@id\":\"https:\/\/www.upspower-supply.com\/product\/mini-uninterruptible-power-supply-mini-dc-ups-18w-24w-36w-5v-9v-12v\/#primaryimage\"},\"image\":{\"@id\":\"https:\/\/www.upspower-supply.com\/product\/mini-uninterruptible-power-supply-mini-dc-ups-18w-24w-36w-5v-9v-12v\/#primaryimage\"},\"thumbnailUrl\":\"https:\/\/www.upspower-supply.com\/wp-content\/uploads\/2025\/07\/mini-uninterruptible-power-supply-1.jpeg\",\"datePublished\":\"2025-07-23T07:20:53+00:00\",\"dateModified\":\"2025-07-23T07:41:33+00:00\",\"description\":\"Mini DC UPS Backup Power Supply \u2013 8800mAh LiFePO4 | Multi-Voltage USB & POE Output | Reliable Power for Network Devices\uff0cMini DC UPS wholesale\",\"breadcrumb\":{\"@id\":\"https:\/\/www.upspower-supply.com\/product\/mini-uninterruptible-power-supply-mini-dc-ups-18w-24w-36w-5v-9v-12v\/#breadcrumb\"},\"inLanguage\":\"pt-PT\",\"potentialAction\":[{\"@type\":\"ReadAction\",\"target\":[\"https:\/\/www.upspower-supply.com\/product\/mini-uninterruptible-power-supply-mini-dc-ups-18w-24w-36w-5v-9v-12v\/\"]}]},{\"@type\":\"ImageObject\",\"inLanguage\":\"pt-PT\",\"@id\":\"https:\/\/www.upspower-supply.com\/product\/mini-uninterruptible-power-supply-mini-dc-ups-18w-24w-36w-5v-9v-12v\/#primaryimage\",\"url\":\"https:\/\/www.upspower-supply.com\/wp-content\/uploads\/2025\/07\/mini-uninterruptible-power-supply-1.jpeg\",\"contentUrl\":\"https:\/\/www.upspower-supply.com\/wp-content\/uploads\/2025\/07\/mini-uninterruptible-power-supply-1.jpeg\",\"width\":1861,\"height\":1457,\"caption\":\"mini uninterruptible power supply\"},{\"@type\":\"BreadcrumbList\",\"@id\":\"https:\/\/www.upspower-supply.com\/product\/mini-uninterruptible-power-supply-mini-dc-ups-18w-24w-36w-5v-9v-12v\/#breadcrumb\",\"itemListElement\":[{\"@type\":\"ListItem\",\"position\":1,\"name\":\"Home\",\"item\":\"https:\/\/www.upspower-supply.com\/\"},{\"@type\":\"ListItem\",\"position\":2,\"name\":\"Shop\",\"item\":\"https:\/\/www.upspower-supply.com\/shop\/\"},{\"@type\":\"ListItem\",\"position\":3,\"name\":\"Mini uninterruptible power supply, Mini DC UPS, 18W 24W 36W, 5V 9V 12V\"}]},{\"@type\":\"WebSite\",\"@id\":\"https:\/\/www.upspower-supply.com\/#website\",\"url\":\"https:\/\/www.upspower-supply.com\/\",\"name\":\"UPS power supply\",\"description\":\"\",\"potentialAction\":[{\"@type\":\"SearchAction\",\"target\":{\"@type\":\"EntryPoint\",\"urlTemplate\":\"https:\/\/www.upspower-supply.com\/?s={search_term_string}\"},\"query-input\":{\"@type\":\"PropertyValueSpecification\",\"valueRequired\":true,\"valueName\":\"search_term_string\"}}],\"inLanguage\":\"pt-PT\"}]}<\/script>\n<!-- \/ Yoast SEO plugin. -->","yoast_head_json":{"title":"Mini uninterruptible power supply, Mini DC UPS, 18W 24W 36W, 5V 9V 12V","description":"Mini DC UPS Backup Power Supply \u2013 8800mAh LiFePO4 | Multi-Voltage USB & POE Output | Reliable Power for Network Devices\uff0cMini DC UPS wholesale","robots":{"index":"index","follow":"follow","max-snippet":"max-snippet:-1","max-image-preview":"max-image-preview:large","max-video-preview":"max-video-preview:-1"},"canonical":"https:\/\/www.upspower-supply.com\/pt\/produto\/mini-uninterruptible-power-supply-mini-dc-ups-18w-24w-36w-5v-9v-12v\/","og_locale":"pt_PT","og_type":"article","og_title":"Mini uninterruptible power supply, Mini DC UPS, 18W 24W 36W, 5V 9V 12V","og_description":"Mini DC UPS Backup Power Supply \u2013 8800mAh LiFePO4 | Multi-Voltage USB & POE Output | Reliable Power for Network Devices\uff0cMini DC UPS wholesale","og_url":"https:\/\/www.upspower-supply.com\/pt\/produto\/mini-uninterruptible-power-supply-mini-dc-ups-18w-24w-36w-5v-9v-12v\/","og_site_name":"UPS power supply","article_modified_time":"2025-07-23T07:41:33+00:00","og_image":[{"width":1861,"height":1457,"url":"https:\/\/www.upspower-supply.com\/wp-content\/uploads\/2025\/07\/mini-uninterruptible-power-supply-1.jpeg","type":"image\/jpeg"}],"twitter_card":"summary_large_image","twitter_misc":{"Tempo estimado de leitura":"2 minutos"},"schema":{"@context":"https:\/\/schema.org","@graph":[{"@type":"WebPage","@id":"https:\/\/www.upspower-supply.com\/product\/mini-uninterruptible-power-supply-mini-dc-ups-18w-24w-36w-5v-9v-12v\/","url":"https:\/\/www.upspower-supply.com\/product\/mini-uninterruptible-power-supply-mini-dc-ups-18w-24w-36w-5v-9v-12v\/","name":"Mini uninterruptible power supply, Mini DC UPS, 18W 24W 36W, 5V 9V 12V","isPartOf":{"@id":"https:\/\/www.upspower-supply.com\/#website"},"primaryImageOfPage":{"@id":"https:\/\/www.upspower-supply.com\/product\/mini-uninterruptible-power-supply-mini-dc-ups-18w-24w-36w-5v-9v-12v\/#primaryimage"},"image":{"@id":"https:\/\/www.upspower-supply.com\/product\/mini-uninterruptible-power-supply-mini-dc-ups-18w-24w-36w-5v-9v-12v\/#primaryimage"},"thumbnailUrl":"https:\/\/www.upspower-supply.com\/wp-content\/uploads\/2025\/07\/mini-uninterruptible-power-supply-1.jpeg","datePublished":"2025-07-23T07:20:53+00:00","dateModified":"2025-07-23T07:41:33+00:00","description":"Mini DC UPS Backup Power Supply \u2013 8800mAh LiFePO4 | Multi-Voltage USB & POE Output | Reliable Power for Network Devices\uff0cMini DC UPS wholesale","breadcrumb":{"@id":"https:\/\/www.upspower-supply.com\/product\/mini-uninterruptible-power-supply-mini-dc-ups-18w-24w-36w-5v-9v-12v\/#breadcrumb"},"inLanguage":"pt-PT","potentialAction":[{"@type":"ReadAction","target":["https:\/\/www.upspower-supply.com\/product\/mini-uninterruptible-power-supply-mini-dc-ups-18w-24w-36w-5v-9v-12v\/"]}]},{"@type":"ImageObject","inLanguage":"pt-PT","@id":"https:\/\/www.upspower-supply.com\/product\/mini-uninterruptible-power-supply-mini-dc-ups-18w-24w-36w-5v-9v-12v\/#primaryimage","url":"https:\/\/www.upspower-supply.com\/wp-content\/uploads\/2025\/07\/mini-uninterruptible-power-supply-1.jpeg","contentUrl":"https:\/\/www.upspower-supply.com\/wp-content\/uploads\/2025\/07\/mini-uninterruptible-power-supply-1.jpeg","width":1861,"height":1457,"caption":"mini uninterruptible power supply"},{"@type":"BreadcrumbList","@id":"https:\/\/www.upspower-supply.com\/product\/mini-uninterruptible-power-supply-mini-dc-ups-18w-24w-36w-5v-9v-12v\/#breadcrumb","itemListElement":[{"@type":"ListItem","position":1,"name":"Home","item":"https:\/\/www.upspower-supply.com\/"},{"@type":"ListItem","position":2,"name":"Shop","item":"https:\/\/www.upspower-supply.com\/shop\/"},{"@type":"ListItem","position":3,"name":"Mini uninterruptible power supply, Mini DC UPS, 18W 24W 36W, 5V 9V 12V"}]},{"@type":"WebSite","@id":"https:\/\/www.upspower-supply.com\/#website","url":"https:\/\/www.upspower-supply.com\/","name":"UPS power supply","description":"","potentialAction":[{"@type":"SearchAction","target":{"@type":"EntryPoint","urlTemplate":"https:\/\/www.upspower-supply.com\/?s={search_term_string}"},"query-input":{"@type":"PropertyValueSpecification","valueRequired":true,"valueName":"search_term_string"}}],"inLanguage":"pt-PT"}]}},"uagb_featured_image_src":{"full":["https:\/\/www.upspower-supply.com\/wp-content\/uploads\/2025\/07\/mini-uninterruptible-power-supply-1.jpeg",1861,1457,false],"thumbnail":["https:\/\/www.upspower-supply.com\/wp-content\/uploads\/2025\/07\/mini-uninterruptible-power-supply-1-150x150.jpeg",150,150,true],"medium":["https:\/\/www.upspower-supply.com\/wp-content\/uploads\/2025\/07\/mini-uninterruptible-power-supply-1-300x235.jpeg",300,235,true],"medium_large":["https:\/\/www.upspower-supply.com\/wp-content\/uploads\/2025\/07\/mini-uninterruptible-power-supply-1-768x601.jpeg",768,601,true],"large":["https:\/\/www.upspower-supply.com\/wp-content\/uploads\/2025\/07\/mini-uninterruptible-power-supply-1-1024x802.jpeg",1024,802,true],"1536x1536":["https:\/\/www.upspower-supply.com\/wp-content\/uploads\/2025\/07\/mini-uninterruptible-power-supply-1-1536x1203.jpeg",1536,1203,true],"2048x2048":["https:\/\/www.upspower-supply.com\/wp-content\/uploads\/2025\/07\/mini-uninterruptible-power-supply-1.jpeg",1861,1457,false],"trp-custom-language-flag":["https:\/\/www.upspower-supply.com\/wp-content\/uploads\/2025\/07\/mini-uninterruptible-power-supply-1-15x12.jpeg",15,12,true],"woocommerce_thumbnail":["https:\/\/www.upspower-supply.com\/wp-content\/uploads\/2025\/07\/mini-uninterruptible-power-supply-1-300x300.jpeg",300,300,true],"woocommerce_single":["https:\/\/www.upspower-supply.com\/wp-content\/uploads\/2025\/07\/mini-uninterruptible-power-supply-1-600x470.jpeg",600,470,true],"woocommerce_gallery_thumbnail":["https:\/\/www.upspower-supply.com\/wp-content\/uploads\/2025\/07\/mini-uninterruptible-power-supply-1-100x100.jpeg",100,100,true]},"uagb_author_info":{"display_name":"Tyne Tingey","author_link":"https:\/\/www.upspower-supply.com\/pt\/author\/"},"uagb_comment_info":0,"uagb_excerpt":"Mini DC UPS Backup Power Supply \u2013 8800mAh LiFePO4 Battery | 5V\/9V\/12V USB &amp; POE Output | 18W \/ 24W \/ 36W Support | Uninterruptible Power for WiFi Routers, Modems, Cameras","_links":{"self":[{"href":"https:\/\/www.upspower-supply.com\/pt\/wp-json\/wp\/v2\/product\/1617","targetHints":{"allow":["GET"]}}],"collection":[{"href":"https:\/\/www.upspower-supply.com\/pt\/wp-json\/wp\/v2\/product"}],"about":[{"href":"https:\/\/www.upspower-supply.com\/pt\/wp-json\/wp\/v2\/types\/product"}],"replies":[{"embeddable":true,"href":"https:\/\/www.upspower-supply.com\/pt\/wp-json\/wp\/v2\/comments?post=1617"}],"wp:featuredmedia":[{"embeddable":true,"href":"https:\/\/www.upspower-supply.com\/pt\/wp-json\/wp\/v2\/media\/1620"}],"wp:attachment":[{"href":"https:\/\/www.upspower-supply.com\/pt\/wp-json\/wp\/v2\/media?parent=1617"}],"wp:term":[{"taxonomy":"product_brand","embeddable":true,"href":"https:\/\/www.upspower-supply.com\/pt\/wp-json\/wp\/v2\/product_brand?post=1617"},{"taxonomy":"product_cat","embeddable":true,"href":"https:\/\/www.upspower-supply.com\/pt\/wp-json\/wp\/v2\/product_cat?post=1617"},{"taxonomy":"product_tag","embeddable":true,"href":"https:\/\/www.upspower-supply.com\/pt\/wp-json\/wp\/v2\/product_tag?post=1617"}],"curies":[{"name":"wp","href":"https:\/\/api.w.org\/{rel}","templated":true}]}}