{"id":1570,"date":"2025-07-14T08:34:15","date_gmt":"2025-07-14T08:34:15","guid":{"rendered":"https:\/\/www.upspower-supply.com\/?post_type=product&#038;p=1570"},"modified":"2026-03-31T08:50:32","modified_gmt":"2026-03-31T08:50:32","slug":"ups-19-inch-rack-rack-mount-ups-power-online-ups","status":"publish","type":"product","link":"https:\/\/www.upspower-supply.com\/pt\/produto\/ups-19-inch-rack-rack-mount-ups-power-online-ups\/","title":{"rendered":"UPS para rack de 19 polegadas, UPS para montagem em rack, UPS online"},"content":{"rendered":"<div class=\"overflow-x-auto\">\n<table class=\"min-w-full border border-gray-300 text-sm text-left\">\n<thead class=\"bg-gray-100 font-semibold\">\n<tr>\n<th class=\"border px-4 py-2\">Par\u00e2metro<\/th>\n<th class=\"border px-4 py-2\">Especifica\u00e7\u00e3o<\/th>\n<\/tr>\n<\/thead>\n<tbody>\n<tr>\n<td class=\"border px-4 py-2\">Nome do produto<\/td>\n<td class=\"border px-4 py-2\">UPS online de 3 kVA para montagem em rack de alta frequ\u00eancia<\/td>\n<\/tr>\n<tr>\n<td class=\"border px-4 py-2\">Modelo<\/td>\n<td class=\"border px-4 py-2\">PRM1103<\/td>\n<\/tr>\n<tr>\n<td class=\"border px-4 py-2\">Capacidade de pot\u00eancia<\/td>\n<td class=\"border px-4 py-2\">3KVA \/ 3KW<\/td>\n<\/tr>\n<tr>\n<td class=\"border px-4 py-2\">Tens\u00e3o da bateria<\/td>\n<td class=\"border px-4 py-2\">96 VCC<\/td>\n<\/tr>\n<tr>\n<td class=\"border px-4 py-2\">Fator de pot\u00eancia<\/td>\n<td class=\"border px-4 py-2\">1.0<\/td>\n<\/tr>\n<tr>\n<td class=\"border px-4 py-2\">Dimens\u00f5es (C x L x A mm)<\/td>\n<td class=\"border px-4 py-2\">440 x 420 x 88<\/td>\n<\/tr>\n<tr>\n<td class=\"border px-4 py-2\">Peso<\/td>\n<td class=\"border px-4 py-2\">7 kg<\/td>\n<\/tr>\n<tr class=\"bg-gray-100 font-semibold\">\n<td class=\"border px-4 py-2\" colspan=\"2\">ENTRADA<\/td>\n<\/tr>\n<tr>\n<td class=\"border px-4 py-2\">Formato de entrada<\/td>\n<td class=\"border px-4 py-2\">L + N + PE<\/td>\n<\/tr>\n<tr>\n<td class=\"border px-4 py-2\">Tens\u00e3o nominal<\/td>\n<td class=\"border px-4 py-2\">208\/220\/230\/240 VCA<\/td>\n<\/tr>\n<tr>\n<td class=\"border px-4 py-2\">Faixa de tens\u00e3o<\/td>\n<td class=\"border px-4 py-2\">110 V\u2013300 VCA<\/td>\n<\/tr>\n<tr>\n<td class=\"border px-4 py-2\">Faixa de frequ\u00eancia<\/td>\n<td class=\"border px-4 py-2\">50\/60\u00b16Hz (ajust\u00e1vel em \u00b110Hz)<\/td>\n<\/tr>\n<tr>\n<td class=\"border px-4 py-2\">Fator de pot\u00eancia<\/td>\n<td class=\"border px-4 py-2\">\u22650,99<\/td>\n<\/tr>\n<tr>\n<td class=\"border px-4 py-2\">THDi<\/td>\n<td class=\"border px-4 py-2\">\u22643% (Linear), \u22645% (N\u00e3o linear)<\/td>\n<\/tr>\n<tr class=\"bg-gray-100 font-semibold\">\n<td class=\"border px-4 py-2\" colspan=\"2\">SA\u00cdDA<\/td>\n<\/tr>\n<tr>\n<td class=\"border px-4 py-2\">Formato de sa\u00edda<\/td>\n<td class=\"border px-4 py-2\">L + N + PE<\/td>\n<\/tr>\n<tr>\n<td class=\"border px-4 py-2\">Tens\u00e3o nominal<\/td>\n<td class=\"border px-4 py-2\">208\/220\/230\/240 VCA<\/td>\n<\/tr>\n<tr>\n<td class=\"border px-4 py-2\">Regula\u00e7\u00e3o de tens\u00e3o<\/td>\n<td class=\"border px-4 py-2\">\u00b1 1%<\/td>\n<\/tr>\n<tr>\n<td class=\"border px-4 py-2\">Frequ\u00eancia (Modo Bateria)<\/td>\n<td class=\"border px-4 py-2\">50\/60Hz \u00b1 1%<\/td>\n<\/tr>\n<tr>\n<td class=\"border px-4 py-2\">THDu<\/td>\n<td class=\"border px-4 py-2\">\u22641% (Linear), \u22643% (N\u00e3o linear)<\/td>\n<\/tr>\n<tr>\n<td class=\"border px-4 py-2\">Fator de pot\u00eancia<\/td>\n<td class=\"border px-4 py-2\">1.0<\/td>\n<\/tr>\n<tr>\n<td class=\"border px-4 py-2\">Capacidade de sobrecarga<\/td>\n<td class=\"border px-4 py-2\">V\u00e1rios limites de tempo dependendo da carga do %<\/td>\n<\/tr>\n<tr>\n<td class=\"border px-4 py-2\">forma de onda<\/td>\n<td class=\"border px-4 py-2\">Onda senoidal pura<\/td>\n<\/tr>\n<tr class=\"bg-gray-100 font-semibold\">\n<td class=\"border px-4 py-2\" colspan=\"2\">TEMPO DE TRANSFER\u00caNCIA<\/td>\n<\/tr>\n<tr>\n<td class=\"border px-4 py-2\">CA para bateria<\/td>\n<td class=\"border px-4 py-2\">0 ms<\/td>\n<\/tr>\n<tr>\n<td class=\"border px-4 py-2\">Inversor para Bypass<\/td>\n<td class=\"border px-4 py-2\">4 ms<\/td>\n<\/tr>\n<tr class=\"bg-gray-100 font-semibold\">\n<td class=\"border px-4 py-2\" colspan=\"2\">EFICI\u00caNCIA<\/td>\n<\/tr>\n<tr>\n<td class=\"border px-4 py-2\">Modo CA<\/td>\n<td class=\"border px-4 py-2\">95,5% a 220 VCA<\/td>\n<\/tr>\n<tr>\n<td class=\"border px-4 py-2\">Modo de bateria<\/td>\n<td class=\"border px-4 py-2\">91.5%<\/td>\n<\/tr>\n<tr class=\"bg-gray-100 font-semibold\">\n<td class=\"border px-4 py-2\" colspan=\"2\">BATERIA<\/td>\n<\/tr>\n<tr>\n<td class=\"border px-4 py-2\">Tipo de Bateria<\/td>\n<td class=\"border px-4 py-2\">Depende da aplica\u00e7\u00e3o.<\/td>\n<\/tr>\n<tr>\n<td class=\"border px-4 py-2\">Contagem de baterias<\/td>\n<td class=\"border px-4 py-2\">8<\/td>\n<\/tr>\n<tr>\n<td class=\"border px-4 py-2\">Corrente de carregamento<\/td>\n<td class=\"border px-4 py-2\">5A (padr\u00e3o), ajust\u00e1vel de 1 a 12A<\/td>\n<\/tr>\n<tr>\n<td class=\"border px-4 py-2\">Modo de carregamento<\/td>\n<td class=\"border px-4 py-2\">Dois est\u00e1gios \/ Tr\u00eas est\u00e1gios<\/td>\n<\/tr>\n<tr class=\"bg-gray-100 font-semibold\">\n<td class=\"border px-4 py-2\" colspan=\"2\">MOSTRAR<\/td>\n<\/tr>\n<tr>\n<td class=\"border px-4 py-2\">LCD<\/td>\n<td class=\"border px-4 py-2\">Modo de opera\u00e7\u00e3o, carga, entrada, sa\u00edda<\/td>\n<\/tr>\n<tr class=\"bg-gray-100 font-semibold\">\n<td class=\"border px-4 py-2\" colspan=\"2\">AMBIENTE<\/td>\n<\/tr>\n<tr>\n<td class=\"border px-4 py-2\">Temperatura de opera\u00e7\u00e3o<\/td>\n<td class=\"border px-4 py-2\">0\u201340\u2103<\/td>\n<\/tr>\n<tr>\n<td class=\"border px-4 py-2\">Temperatura de armazenamento<\/td>\n<td class=\"border px-4 py-2\">-15\u201360\u2103 (Bateria: 0\u201340\u2103)<\/td>\n<\/tr>\n<tr>\n<td class=\"border px-4 py-2\">Umidade<\/td>\n<td class=\"border px-4 py-2\">20\u201395% RH (sem condensa\u00e7\u00e3o)<\/td>\n<\/tr>\n<tr>\n<td class=\"border px-4 py-2\">Altitude<\/td>\n<td class=\"border px-4 py-2\">\u22641000m<\/td>\n<\/tr>\n<tr>\n<td class=\"border px-4 py-2\">Barulho<\/td>\n<td class=\"border px-4 py-2\">&lt; 45 dB a 1 m<\/td>\n<\/tr>\n<tr class=\"bg-gray-100 font-semibold\">\n<td class=\"border px-4 py-2\" colspan=\"2\">GERENCIAMENTO<\/td>\n<\/tr>\n<tr>\n<td class=\"border px-4 py-2\">RS232 \/ USB<\/td>\n<td class=\"border px-4 py-2\">Compat\u00edvel com Windows \/ Linux \/ Mac<\/td>\n<\/tr>\n<tr>\n<td class=\"border px-4 py-2\">SNMP (Opcional)<\/td>\n<td class=\"border px-4 py-2\">Monitoramento remoto de energia via web ou gerenciador SNMP<\/td>\n<\/tr>\n<\/tbody>\n<\/table>\n<p><img loading=\"lazy\" decoding=\"async\" class=\"alignnone wp-image-1577 size-full\" src=\"https:\/\/www.upspower-supply.com\/wp-content\/uploads\/2025\/07\/ups-19-inch-rack-rack-mount-ups-power-detail.jpg\" alt=\"Detalhes dos suportes de montagem em rack de 19 polegadas\" width=\"750\" height=\"1247\" srcset=\"https:\/\/www.upspower-supply.com\/wp-content\/uploads\/2025\/07\/ups-19-inch-rack-rack-mount-ups-power-detail.jpg 750w, https:\/\/www.upspower-supply.com\/wp-content\/uploads\/2025\/07\/ups-19-inch-rack-rack-mount-ups-power-detail-180x300.jpg 180w, https:\/\/www.upspower-supply.com\/wp-content\/uploads\/2025\/07\/ups-19-inch-rack-rack-mount-ups-power-detail-616x1024.jpg 616w, https:\/\/www.upspower-supply.com\/wp-content\/uploads\/2025\/07\/ups-19-inch-rack-rack-mount-ups-power-detail-7x12.jpg 7w, https:\/\/www.upspower-supply.com\/wp-content\/uploads\/2025\/07\/ups-19-inch-rack-rack-mount-ups-power-detail-600x998.jpg 600w\" sizes=\"auto, (max-width: 750px) 100vw, 750px\" \/><\/p>\n<\/div>","protected":false},"excerpt":{"rendered":"<p>UPS compacto de 19 polegadas para montagem em rack, oferecendo prote\u00e7\u00e3o de energia confi\u00e1vel em salas de servidores e data centers. Ideal para equipamentos de rede, proporciona backup est\u00e1vel, alta efici\u00eancia e f\u00e1cil integra\u00e7\u00e3o em racks padr\u00e3o.<\/p>\n<div class=\"text-sm text-gray-700\">\n<h3 class=\"text-base font-semibold mb-2\">Principais caracter\u00edsticas<\/h3>\n<ul class=\"list-disc pl-5 space-y-1\">\n<li>Tecnologia de dupla convers\u00e3o verdadeira para prote\u00e7\u00e3o cont\u00ednua.<\/li>\n<li>O controle por microprocessador e DSP garante alta confiabilidade e desempenho do sistema.<\/li>\n<li>Corre\u00e7\u00e3o do fator de pot\u00eancia de entrada (PFC) integrada<\/li>\n<li>Fornece fator de pot\u00eancia de sa\u00edda total de 1,0.<\/li>\n<li>Ampla faixa de tens\u00e3o de entrada: 110 V\u2013300 V CA<\/li>\n<li>Alta efici\u00eancia de at\u00e9 95,5% no modo online<\/li>\n<li>Suporta o modo de conversor de frequ\u00eancia de 50Hz\/60Hz.<\/li>\n<li>Modo ECO dispon\u00edvel para economia de energia.<\/li>\n<li>Desligamento de emerg\u00eancia (EPO) para fins de seguran\u00e7a.<\/li>\n<li>LCD gr\u00e1fico avan\u00e7ado com interface multil\u00edngue<\/li>\n<li>Quantidade de baterias e corrente de carregamento configur\u00e1veis.<\/li>\n<li>Suporta modos de carregamento de dois e tr\u00eas est\u00e1gios.<\/li>\n<li>Corrente de carregamento expans\u00edvel at\u00e9 12A (para modelos de longa dura\u00e7\u00e3o)<\/li>\n<li>Configura\u00e7\u00f5es program\u00e1veis de tens\u00e3o de sa\u00edda<\/li>\n<li>Funcionalidade de arranque a frio a partir da bateria<\/li>\n<li>A tecnologia de carregamento inteligente prolonga a vida \u00fatil da bateria.<\/li>\n<li>Compat\u00edvel com entrada de gerador<\/li>\n<li>Slot SNMP para monitoramento remoto e gerenciamento de rede.<\/li>\n<\/ul>\n<\/div>","protected":false},"featured_media":1574,"comment_status":"open","ping_status":"closed","template":"","meta":{"_acf_changed":false,"_uag_custom_page_level_css":"","site-sidebar-layout":"default","site-content-layout":"","ast-site-content-layout":"default","site-content-style":"default","site-sidebar-style":"default","ast-global-header-display":"","ast-banner-title-visibility":"","ast-main-header-display":"","ast-hfb-above-header-display":"","ast-hfb-below-header-display":"","ast-hfb-mobile-header-display":"","site-post-title":"","ast-breadcrumbs-content":"","ast-featured-img":"","footer-sml-layout":"","theme-transparent-header-meta":"default","adv-header-id-meta":"","stick-header-meta":"","header-above-stick-meta":"","header-main-stick-meta":"","header-below-stick-meta":"","astra-migrate-meta-layouts":"set","ast-page-background-enabled":"default","ast-page-background-meta":{"desktop":{"background-color":"var(--ast-global-color-4)","background-image":"","background-repeat":"repeat","background-position":"center center","background-size":"auto","background-attachment":"scroll","background-type":"","background-media":"","overlay-type":"","overlay-color":"","overlay-opacity":"","overlay-gradient":""},"tablet":{"background-color":"","background-image":"","background-repeat":"repeat","background-position":"center center","background-size":"auto","background-attachment":"scroll","background-type":"","background-media":"","overlay-type":"","overlay-color":"","overlay-opacity":"","overlay-gradient":""},"mobile":{"background-color":"","background-image":"","background-repeat":"repeat","background-position":"center center","background-size":"auto","background-attachment":"scroll","background-type":"","background-media":"","overlay-type":"","overlay-color":"","overlay-opacity":"","overlay-gradient":""}},"ast-content-background-meta":{"desktop":{"background-color":"var(--ast-global-color-5)","background-image":"","background-repeat":"repeat","background-position":"center center","background-size":"auto","background-attachment":"scroll","background-type":"","background-media":"","overlay-type":"","overlay-color":"","overlay-opacity":"","overlay-gradient":""},"tablet":{"background-color":"var(--ast-global-color-5)","background-image":"","background-repeat":"repeat","background-position":"center center","background-size":"auto","background-attachment":"scroll","background-type":"","background-media":"","overlay-type":"","overlay-color":"","overlay-opacity":"","overlay-gradient":""},"mobile":{"background-color":"var(--ast-global-color-5)","background-image":"","background-repeat":"repeat","background-position":"center center","background-size":"auto","background-attachment":"scroll","background-type":"","background-media":"","overlay-type":"","overlay-color":"","overlay-opacity":"","overlay-gradient":""}}},"product_brand":[],"product_cat":[45],"product_tag":[],"class_list":{"0":"post-1570","1":"product","2":"type-product","3":"status-publish","4":"has-post-thumbnail","6":"product_cat-rack-mount-ups","7":"desktop-align-left","8":"tablet-align-left","9":"mobile-align-left","11":"first","12":"instock","13":"shipping-taxable","14":"product-type-simple"},"acf":[],"yoast_head":"<!-- This site is optimized with the Yoast SEO plugin v25.0 - https:\/\/yoast.com\/wordpress\/plugins\/seo\/ -->\n<title>UPS 19 inch rack, rack mount ups power, Online UPS - UPS power supply<\/title>\n<meta name=\"description\" content=\"Compact 19-inch rack-mount UPS for reliable power protection in server rooms and data centers. Ideal for network equipment, offering stable backup, high efficiency, and easy integration into standard racks.\" \/>\n<meta name=\"robots\" content=\"index, follow, max-snippet:-1, max-image-preview:large, max-video-preview:-1\" \/>\n<link rel=\"canonical\" href=\"https:\/\/www.upspower-supply.com\/pt\/produto\/ups-19-inch-rack-rack-mount-ups-power-online-ups\/\" \/>\n<meta property=\"og:locale\" content=\"pt_PT\" \/>\n<meta property=\"og:type\" content=\"article\" \/>\n<meta property=\"og:title\" content=\"UPS 19 inch rack, rack mount ups power, Online UPS - UPS power supply\" \/>\n<meta property=\"og:description\" content=\"Compact 19-inch rack-mount UPS for reliable power protection in server rooms and data centers. Ideal for network equipment, offering stable backup, high efficiency, and easy integration into standard racks.\" \/>\n<meta property=\"og:url\" content=\"https:\/\/www.upspower-supply.com\/pt\/produto\/ups-19-inch-rack-rack-mount-ups-power-online-ups\/\" \/>\n<meta property=\"og:site_name\" content=\"UPS power supply\" \/>\n<meta property=\"article:modified_time\" content=\"2026-03-31T08:50:32+00:00\" \/>\n<meta property=\"og:image\" content=\"https:\/\/www.upspower-supply.com\/wp-content\/uploads\/2025\/07\/ups-19-inch-rack-rack-mount-ups-power-2.jpg\" \/>\n\t<meta property=\"og:image:width\" content=\"800\" \/>\n\t<meta property=\"og:image:height\" content=\"800\" \/>\n\t<meta property=\"og:image:type\" content=\"image\/jpeg\" \/>\n<meta name=\"twitter:card\" content=\"summary_large_image\" \/>\n<meta name=\"twitter:label1\" content=\"Tempo estimado de leitura\" \/>\n\t<meta name=\"twitter:data1\" content=\"2 minutos\" \/>\n<script type=\"application\/ld+json\" class=\"yoast-schema-graph\">{\"@context\":\"https:\/\/schema.org\",\"@graph\":[{\"@type\":\"WebPage\",\"@id\":\"https:\/\/www.upspower-supply.com\/product\/ups-19-inch-rack-rack-mount-ups-power-online-ups\/\",\"url\":\"https:\/\/www.upspower-supply.com\/product\/ups-19-inch-rack-rack-mount-ups-power-online-ups\/\",\"name\":\"UPS 19 inch rack, rack mount ups power, Online UPS - UPS power supply\",\"isPartOf\":{\"@id\":\"https:\/\/www.upspower-supply.com\/#website\"},\"primaryImageOfPage\":{\"@id\":\"https:\/\/www.upspower-supply.com\/product\/ups-19-inch-rack-rack-mount-ups-power-online-ups\/#primaryimage\"},\"image\":{\"@id\":\"https:\/\/www.upspower-supply.com\/product\/ups-19-inch-rack-rack-mount-ups-power-online-ups\/#primaryimage\"},\"thumbnailUrl\":\"https:\/\/www.upspower-supply.com\/wp-content\/uploads\/2025\/07\/ups-19-inch-rack-rack-mount-ups-power-2.jpg\",\"datePublished\":\"2025-07-14T08:34:15+00:00\",\"dateModified\":\"2026-03-31T08:50:32+00:00\",\"description\":\"Compact 19-inch rack-mount UPS for reliable power protection in server rooms and data centers. Ideal for network equipment, offering stable backup, high efficiency, and easy integration into standard racks.\",\"breadcrumb\":{\"@id\":\"https:\/\/www.upspower-supply.com\/product\/ups-19-inch-rack-rack-mount-ups-power-online-ups\/#breadcrumb\"},\"inLanguage\":\"pt-PT\",\"potentialAction\":[{\"@type\":\"ReadAction\",\"target\":[\"https:\/\/www.upspower-supply.com\/product\/ups-19-inch-rack-rack-mount-ups-power-online-ups\/\"]}]},{\"@type\":\"ImageObject\",\"inLanguage\":\"pt-PT\",\"@id\":\"https:\/\/www.upspower-supply.com\/product\/ups-19-inch-rack-rack-mount-ups-power-online-ups\/#primaryimage\",\"url\":\"https:\/\/www.upspower-supply.com\/wp-content\/uploads\/2025\/07\/ups-19-inch-rack-rack-mount-ups-power-2.jpg\",\"contentUrl\":\"https:\/\/www.upspower-supply.com\/wp-content\/uploads\/2025\/07\/ups-19-inch-rack-rack-mount-ups-power-2.jpg\",\"width\":800,\"height\":800,\"caption\":\"rack mount ups power\"},{\"@type\":\"BreadcrumbList\",\"@id\":\"https:\/\/www.upspower-supply.com\/product\/ups-19-inch-rack-rack-mount-ups-power-online-ups\/#breadcrumb\",\"itemListElement\":[{\"@type\":\"ListItem\",\"position\":1,\"name\":\"Home\",\"item\":\"https:\/\/www.upspower-supply.com\/\"},{\"@type\":\"ListItem\",\"position\":2,\"name\":\"Shop\",\"item\":\"https:\/\/www.upspower-supply.com\/shop\/\"},{\"@type\":\"ListItem\",\"position\":3,\"name\":\"UPS 19 inch rack, rack mount ups power, Online UPS\"}]},{\"@type\":\"WebSite\",\"@id\":\"https:\/\/www.upspower-supply.com\/#website\",\"url\":\"https:\/\/www.upspower-supply.com\/\",\"name\":\"UPS power supply\",\"description\":\"\",\"potentialAction\":[{\"@type\":\"SearchAction\",\"target\":{\"@type\":\"EntryPoint\",\"urlTemplate\":\"https:\/\/www.upspower-supply.com\/?s={search_term_string}\"},\"query-input\":{\"@type\":\"PropertyValueSpecification\",\"valueRequired\":true,\"valueName\":\"search_term_string\"}}],\"inLanguage\":\"pt-PT\"}]}<\/script>\n<!-- \/ Yoast SEO plugin. -->","yoast_head_json":{"title":"UPS 19 inch rack, rack mount ups power, Online UPS - UPS power supply","description":"Compact 19-inch rack-mount UPS for reliable power protection in server rooms and data centers. Ideal for network equipment, offering stable backup, high efficiency, and easy integration into standard racks.","robots":{"index":"index","follow":"follow","max-snippet":"max-snippet:-1","max-image-preview":"max-image-preview:large","max-video-preview":"max-video-preview:-1"},"canonical":"https:\/\/www.upspower-supply.com\/pt\/produto\/ups-19-inch-rack-rack-mount-ups-power-online-ups\/","og_locale":"pt_PT","og_type":"article","og_title":"UPS 19 inch rack, rack mount ups power, Online UPS - UPS power supply","og_description":"Compact 19-inch rack-mount UPS for reliable power protection in server rooms and data centers. Ideal for network equipment, offering stable backup, high efficiency, and easy integration into standard racks.","og_url":"https:\/\/www.upspower-supply.com\/pt\/produto\/ups-19-inch-rack-rack-mount-ups-power-online-ups\/","og_site_name":"UPS power supply","article_modified_time":"2026-03-31T08:50:32+00:00","og_image":[{"width":800,"height":800,"url":"https:\/\/www.upspower-supply.com\/wp-content\/uploads\/2025\/07\/ups-19-inch-rack-rack-mount-ups-power-2.jpg","type":"image\/jpeg"}],"twitter_card":"summary_large_image","twitter_misc":{"Tempo estimado de leitura":"2 minutos"},"schema":{"@context":"https:\/\/schema.org","@graph":[{"@type":"WebPage","@id":"https:\/\/www.upspower-supply.com\/product\/ups-19-inch-rack-rack-mount-ups-power-online-ups\/","url":"https:\/\/www.upspower-supply.com\/product\/ups-19-inch-rack-rack-mount-ups-power-online-ups\/","name":"UPS 19 inch rack, rack mount ups power, Online UPS - UPS power supply","isPartOf":{"@id":"https:\/\/www.upspower-supply.com\/#website"},"primaryImageOfPage":{"@id":"https:\/\/www.upspower-supply.com\/product\/ups-19-inch-rack-rack-mount-ups-power-online-ups\/#primaryimage"},"image":{"@id":"https:\/\/www.upspower-supply.com\/product\/ups-19-inch-rack-rack-mount-ups-power-online-ups\/#primaryimage"},"thumbnailUrl":"https:\/\/www.upspower-supply.com\/wp-content\/uploads\/2025\/07\/ups-19-inch-rack-rack-mount-ups-power-2.jpg","datePublished":"2025-07-14T08:34:15+00:00","dateModified":"2026-03-31T08:50:32+00:00","description":"Compact 19-inch rack-mount UPS for reliable power protection in server rooms and data centers. Ideal for network equipment, offering stable backup, high efficiency, and easy integration into standard racks.","breadcrumb":{"@id":"https:\/\/www.upspower-supply.com\/product\/ups-19-inch-rack-rack-mount-ups-power-online-ups\/#breadcrumb"},"inLanguage":"pt-PT","potentialAction":[{"@type":"ReadAction","target":["https:\/\/www.upspower-supply.com\/product\/ups-19-inch-rack-rack-mount-ups-power-online-ups\/"]}]},{"@type":"ImageObject","inLanguage":"pt-PT","@id":"https:\/\/www.upspower-supply.com\/product\/ups-19-inch-rack-rack-mount-ups-power-online-ups\/#primaryimage","url":"https:\/\/www.upspower-supply.com\/wp-content\/uploads\/2025\/07\/ups-19-inch-rack-rack-mount-ups-power-2.jpg","contentUrl":"https:\/\/www.upspower-supply.com\/wp-content\/uploads\/2025\/07\/ups-19-inch-rack-rack-mount-ups-power-2.jpg","width":800,"height":800,"caption":"rack mount ups power"},{"@type":"BreadcrumbList","@id":"https:\/\/www.upspower-supply.com\/product\/ups-19-inch-rack-rack-mount-ups-power-online-ups\/#breadcrumb","itemListElement":[{"@type":"ListItem","position":1,"name":"Home","item":"https:\/\/www.upspower-supply.com\/"},{"@type":"ListItem","position":2,"name":"Shop","item":"https:\/\/www.upspower-supply.com\/shop\/"},{"@type":"ListItem","position":3,"name":"UPS 19 inch rack, rack mount ups power, Online UPS"}]},{"@type":"WebSite","@id":"https:\/\/www.upspower-supply.com\/#website","url":"https:\/\/www.upspower-supply.com\/","name":"UPS power supply","description":"","potentialAction":[{"@type":"SearchAction","target":{"@type":"EntryPoint","urlTemplate":"https:\/\/www.upspower-supply.com\/?s={search_term_string}"},"query-input":{"@type":"PropertyValueSpecification","valueRequired":true,"valueName":"search_term_string"}}],"inLanguage":"pt-PT"}]}},"uagb_featured_image_src":{"full":["https:\/\/www.upspower-supply.com\/wp-content\/uploads\/2025\/07\/ups-19-inch-rack-rack-mount-ups-power-2.jpg",800,800,false],"thumbnail":["https:\/\/www.upspower-supply.com\/wp-content\/uploads\/2025\/07\/ups-19-inch-rack-rack-mount-ups-power-2-150x150.jpg",150,150,true],"medium":["https:\/\/www.upspower-supply.com\/wp-content\/uploads\/2025\/07\/ups-19-inch-rack-rack-mount-ups-power-2-300x300.jpg",300,300,true],"medium_large":["https:\/\/www.upspower-supply.com\/wp-content\/uploads\/2025\/07\/ups-19-inch-rack-rack-mount-ups-power-2-768x768.jpg",768,768,true],"large":["https:\/\/www.upspower-supply.com\/wp-content\/uploads\/2025\/07\/ups-19-inch-rack-rack-mount-ups-power-2.jpg",800,800,false],"1536x1536":["https:\/\/www.upspower-supply.com\/wp-content\/uploads\/2025\/07\/ups-19-inch-rack-rack-mount-ups-power-2.jpg",800,800,false],"2048x2048":["https:\/\/www.upspower-supply.com\/wp-content\/uploads\/2025\/07\/ups-19-inch-rack-rack-mount-ups-power-2.jpg",800,800,false],"trp-custom-language-flag":["https:\/\/www.upspower-supply.com\/wp-content\/uploads\/2025\/07\/ups-19-inch-rack-rack-mount-ups-power-2-12x12.jpg",12,12,true],"woocommerce_thumbnail":["https:\/\/www.upspower-supply.com\/wp-content\/uploads\/2025\/07\/ups-19-inch-rack-rack-mount-ups-power-2-300x300.jpg",300,300,true],"woocommerce_single":["https:\/\/www.upspower-supply.com\/wp-content\/uploads\/2025\/07\/ups-19-inch-rack-rack-mount-ups-power-2-600x600.jpg",600,600,true],"woocommerce_gallery_thumbnail":["https:\/\/www.upspower-supply.com\/wp-content\/uploads\/2025\/07\/ups-19-inch-rack-rack-mount-ups-power-2-100x100.jpg",100,100,true]},"uagb_author_info":{"display_name":"Tyne Tingey","author_link":"https:\/\/www.upspower-supply.com\/pt\/author\/"},"uagb_comment_info":0,"uagb_excerpt":"Compact 19-inch rack-mount UPS for reliable power protection in server rooms and data centers. Ideal for network equipment, offering stable backup, high efficiency, and easy integration into standard racks. Key Features True double-conversion technology for continuous protection Microprocessor and DSP control ensure high system reliability and performance Built-in input power factor correction (PFC) Delivers full&hellip;","_links":{"self":[{"href":"https:\/\/www.upspower-supply.com\/pt\/wp-json\/wp\/v2\/product\/1570","targetHints":{"allow":["GET"]}}],"collection":[{"href":"https:\/\/www.upspower-supply.com\/pt\/wp-json\/wp\/v2\/product"}],"about":[{"href":"https:\/\/www.upspower-supply.com\/pt\/wp-json\/wp\/v2\/types\/product"}],"replies":[{"embeddable":true,"href":"https:\/\/www.upspower-supply.com\/pt\/wp-json\/wp\/v2\/comments?post=1570"}],"wp:featuredmedia":[{"embeddable":true,"href":"https:\/\/www.upspower-supply.com\/pt\/wp-json\/wp\/v2\/media\/1574"}],"wp:attachment":[{"href":"https:\/\/www.upspower-supply.com\/pt\/wp-json\/wp\/v2\/media?parent=1570"}],"wp:term":[{"taxonomy":"product_brand","embeddable":true,"href":"https:\/\/www.upspower-supply.com\/pt\/wp-json\/wp\/v2\/product_brand?post=1570"},{"taxonomy":"product_cat","embeddable":true,"href":"https:\/\/www.upspower-supply.com\/pt\/wp-json\/wp\/v2\/product_cat?post=1570"},{"taxonomy":"product_tag","embeddable":true,"href":"https:\/\/www.upspower-supply.com\/pt\/wp-json\/wp\/v2\/product_tag?post=1570"}],"curies":[{"name":"wp","href":"https:\/\/api.w.org\/{rel}","templated":true}]}}