{"id":1561,"date":"2025-07-11T02:25:21","date_gmt":"2025-07-11T02:25:21","guid":{"rendered":"https:\/\/www.upspower-supply.com\/?post_type=product&#038;p=1561"},"modified":"2025-07-11T02:37:24","modified_gmt":"2025-07-11T02:37:24","slug":"mini-dc-ups-with-lithium-battery","status":"publish","type":"product","link":"https:\/\/www.upspower-supply.com\/pt\/produto\/mini-dc-ups-with-lithium-battery\/","title":{"rendered":"Mini UPS DC com bateria de l\u00edtio"},"content":{"rendered":"<p>Como fabricante sediado na China, oferecemos pre\u00e7os de atacado B2B, envio r\u00e1pido e suporte OEM\/ODM para compradores globais.<\/p>\n<p><strong>Aplicativo:<\/strong><\/p>\n<p>Roteador\/Sistema Telef\u00f4nico VoIP, Sistemas de Vigil\u00e2ncia\/Modem\/Sistemas de Seguran\u00e7a<\/p>\n<p>&nbsp;<\/p>\n<div class=\"overflow-x-auto\">\n<table class=\"min-w-full table-auto border border-gray-300 text-sm text-left\">\n<thead>\n<tr class=\"bg-gray-100 text-gray-700\">\n<th class=\"border px-4 py-2\">Modelo<\/th>\n<th class=\"border px-4 py-2\">DC1018P<\/th>\n<th class=\"border px-4 py-2\">DC1036P<\/th>\n<\/tr>\n<\/thead>\n<tbody>\n<tr>\n<td class=\"border px-4 py-2\">Entrada<\/td>\n<td class=\"border px-4 py-2\" colspan=\"2\">85-265 Vca \/ 50-60 Hz<\/td>\n<\/tr>\n<tr class=\"bg-gray-50\">\n<td class=\"border px-4 py-2\" rowspan=\"6\">Sa\u00edda<\/td>\n<td class=\"border px-4 py-2\">USB 5V \/ 2A<\/td>\n<td class=\"border px-4 py-2\">USB 5V \/ 2A<\/td>\n<\/tr>\n<tr>\n<td class=\"border px-4 py-2\">DC 5V \/ 2A<\/td>\n<td class=\"border px-4 py-2\">DC 5V \/ 2A<\/td>\n<\/tr>\n<tr class=\"bg-gray-50\">\n<td class=\"border px-4 py-2\">DC 9V \/ 1A<\/td>\n<td class=\"border px-4 py-2\">DC 9V \/ 2A<\/td>\n<\/tr>\n<tr>\n<td class=\"border px-4 py-2\">DC 12V \/ 1A<\/td>\n<td class=\"border px-4 py-2\">DC 12V \/ 2A<\/td>\n<\/tr>\n<tr class=\"bg-gray-50\">\n<td class=\"border px-4 py-2\">POE 15V \/ 0,6A<\/td>\n<td class=\"border px-4 py-2\">POE 15V \/ 1A<\/td>\n<\/tr>\n<tr>\n<td class=\"border px-4 py-2\">POE 24V \/ 0,6A<\/td>\n<td class=\"border px-4 py-2\">POE 24V \/ 1A<\/td>\n<\/tr>\n<tr class=\"bg-gray-50\">\n<td class=\"border px-4 py-2\">Pot\u00eancia de sa\u00edda (m\u00e1x.)<\/td>\n<td class=\"border px-4 py-2\">18W<\/td>\n<td class=\"border px-4 py-2\">36W<\/td>\n<\/tr>\n<tr>\n<td class=\"border px-4 py-2\">Capacidade da bateria<\/td>\n<td class=\"border px-4 py-2\" colspan=\"2\">2200mAh \u00d7 4 (Bateria de l\u00edtio)<\/td>\n<\/tr>\n<tr class=\"bg-gray-50\">\n<td class=\"border px-4 py-2\">Temperatura de opera\u00e7\u00e3o<\/td>\n<td class=\"border px-4 py-2\" colspan=\"2\">-10\u2103 a 40\u2103<\/td>\n<\/tr>\n<tr>\n<td class=\"border px-4 py-2\">Umidade<\/td>\n<td class=\"border px-4 py-2\" colspan=\"2\">10% \u2013 90% RH<\/td>\n<\/tr>\n<tr class=\"bg-gray-50\">\n<td class=\"border px-4 py-2\">Dimens\u00f5es (mm)<\/td>\n<td class=\"border px-4 py-2\" colspan=\"2\">160 \u00d7 105 \u00d7 33 mm<\/td>\n<\/tr>\n<tr>\n<td class=\"border px-4 py-2\">Peso l\u00edquido (kg)<\/td>\n<td class=\"border px-4 py-2\">0,41 kg<\/td>\n<td class=\"border px-4 py-2\">0,42 kg<\/td>\n<\/tr>\n<\/tbody>\n<\/table>\n<\/div>\n<p><a href=\"https:\/\/www.aqetech.com\/product-category\/3-6-volt-lithium-battery\/\">bateria de l\u00edtio 3,6V<\/a><\/p>","protected":false},"excerpt":{"rendered":"<p>Voc\u00ea fica frustrado por perder o acesso \u00e0 internet durante uma queda de energia?<\/p>\n<p>Nossos mini nobreaks DC podem te ajudar a economizar!<\/p>\n<p>Este compacto <strong>Mini UPS DC<\/strong> Possui uma bateria de l\u00edtio integrada para fornecer energia de reserva cont\u00ednua para roteadores, modems, c\u00e2meras de CFTV e outros dispositivos de baixa tens\u00e3o CC. Projetado com prote\u00e7\u00e3o de circuito inteligente e m\u00faltiplas op\u00e7\u00f5es de sa\u00edda CC (5V\/9V\/12V), garante opera\u00e7\u00e3o confi\u00e1vel durante quedas de energia. Ideal para uso dom\u00e9stico, em escrit\u00f3rios e aplica\u00e7\u00f5es de IoT. Capacidades de bateria personalizadas dispon\u00edveis.<\/p>\n<p><strong>Principais funcionalidades:<\/strong><\/p>\n<p>Ampla faixa de tens\u00e3o de entrada: 86\u2013265 V CA<\/p>\n<p>Circuito de prote\u00e7\u00e3o inteligente: evita sobrecarga, descarga excessiva e curto-circuito.<\/p>\n<p>Bateria de l\u00edtio integrada (capacidade personaliz\u00e1vel dispon\u00edvel)<\/p>\n<p>Porta PoE integrada para facilitar a cablagem e a instala\u00e7\u00e3o.<\/p>","protected":false},"featured_media":1563,"comment_status":"open","ping_status":"closed","template":"","meta":{"_acf_changed":false,"_uag_custom_page_level_css":"","site-sidebar-layout":"default","site-content-layout":"","ast-site-content-layout":"default","site-content-style":"default","site-sidebar-style":"default","ast-global-header-display":"","ast-banner-title-visibility":"","ast-main-header-display":"","ast-hfb-above-header-display":"","ast-hfb-below-header-display":"","ast-hfb-mobile-header-display":"","site-post-title":"","ast-breadcrumbs-content":"","ast-featured-img":"","footer-sml-layout":"","theme-transparent-header-meta":"default","adv-header-id-meta":"","stick-header-meta":"","header-above-stick-meta":"","header-main-stick-meta":"","header-below-stick-meta":"","astra-migrate-meta-layouts":"set","ast-page-background-enabled":"default","ast-page-background-meta":{"desktop":{"background-color":"var(--ast-global-color-4)","background-image":"","background-repeat":"repeat","background-position":"center center","background-size":"auto","background-attachment":"scroll","background-type":"","background-media":"","overlay-type":"","overlay-color":"","overlay-opacity":"","overlay-gradient":""},"tablet":{"background-color":"","background-image":"","background-repeat":"repeat","background-position":"center center","background-size":"auto","background-attachment":"scroll","background-type":"","background-media":"","overlay-type":"","overlay-color":"","overlay-opacity":"","overlay-gradient":""},"mobile":{"background-color":"","background-image":"","background-repeat":"repeat","background-position":"center center","background-size":"auto","background-attachment":"scroll","background-type":"","background-media":"","overlay-type":"","overlay-color":"","overlay-opacity":"","overlay-gradient":""}},"ast-content-background-meta":{"desktop":{"background-color":"var(--ast-global-color-5)","background-image":"","background-repeat":"repeat","background-position":"center center","background-size":"auto","background-attachment":"scroll","background-type":"","background-media":"","overlay-type":"","overlay-color":"","overlay-opacity":"","overlay-gradient":""},"tablet":{"background-color":"var(--ast-global-color-5)","background-image":"","background-repeat":"repeat","background-position":"center center","background-size":"auto","background-attachment":"scroll","background-type":"","background-media":"","overlay-type":"","overlay-color":"","overlay-opacity":"","overlay-gradient":""},"mobile":{"background-color":"var(--ast-global-color-5)","background-image":"","background-repeat":"repeat","background-position":"center center","background-size":"auto","background-attachment":"scroll","background-type":"","background-media":"","overlay-type":"","overlay-color":"","overlay-opacity":"","overlay-gradient":""}}},"product_brand":[],"product_cat":[44],"product_tag":[],"class_list":{"0":"post-1561","1":"product","2":"type-product","3":"status-publish","4":"has-post-thumbnail","6":"product_cat-dc-ups","7":"desktop-align-left","8":"tablet-align-left","9":"mobile-align-left","11":"first","12":"instock","13":"shipping-taxable","14":"product-type-simple"},"acf":[],"yoast_head":"<!-- This site is optimized with the Yoast SEO plugin v25.0 - https:\/\/yoast.com\/wordpress\/plugins\/seo\/ -->\n<title>Mini DC UPS with lithium battery, China ups manufacturer - UPS power supply<\/title>\n<meta name=\"description\" content=\"Reliable Mini DC UPS with lithium battery for routers, CCTV, and IoT devices. Provides 5V\/9V\/12V backup with smart protection and compact design.\" \/>\n<meta name=\"robots\" content=\"index, follow, max-snippet:-1, max-image-preview:large, max-video-preview:-1\" \/>\n<link rel=\"canonical\" href=\"https:\/\/www.upspower-supply.com\/pt\/produto\/mini-dc-ups-with-lithium-battery\/\" \/>\n<meta property=\"og:locale\" content=\"pt_PT\" \/>\n<meta property=\"og:type\" content=\"article\" \/>\n<meta property=\"og:title\" content=\"Mini DC UPS with lithium battery, China ups manufacturer - UPS power supply\" \/>\n<meta property=\"og:description\" content=\"Reliable Mini DC UPS with lithium battery for routers, CCTV, and IoT devices. Provides 5V\/9V\/12V backup with smart protection and compact design.\" \/>\n<meta property=\"og:url\" content=\"https:\/\/www.upspower-supply.com\/pt\/produto\/mini-dc-ups-with-lithium-battery\/\" \/>\n<meta property=\"og:site_name\" content=\"UPS power supply\" \/>\n<meta property=\"article:modified_time\" content=\"2025-07-11T02:37:24+00:00\" \/>\n<meta property=\"og:image\" content=\"https:\/\/www.upspower-supply.com\/wp-content\/uploads\/2025\/07\/mini-dc-ups-with-lithium-battery-2.jpg\" \/>\n\t<meta property=\"og:image:width\" content=\"800\" \/>\n\t<meta property=\"og:image:height\" content=\"800\" \/>\n\t<meta property=\"og:image:type\" content=\"image\/jpeg\" \/>\n<meta name=\"twitter:card\" content=\"summary_large_image\" \/>\n<meta name=\"twitter:label1\" content=\"Tempo estimado de leitura\" \/>\n\t<meta name=\"twitter:data1\" content=\"1 minuto\" \/>\n<script type=\"application\/ld+json\" class=\"yoast-schema-graph\">{\"@context\":\"https:\/\/schema.org\",\"@graph\":[{\"@type\":\"WebPage\",\"@id\":\"https:\/\/www.upspower-supply.com\/product\/mini-dc-ups-with-lithium-battery\/\",\"url\":\"https:\/\/www.upspower-supply.com\/product\/mini-dc-ups-with-lithium-battery\/\",\"name\":\"Mini DC UPS with lithium battery, China ups manufacturer - UPS power supply\",\"isPartOf\":{\"@id\":\"https:\/\/www.upspower-supply.com\/#website\"},\"primaryImageOfPage\":{\"@id\":\"https:\/\/www.upspower-supply.com\/product\/mini-dc-ups-with-lithium-battery\/#primaryimage\"},\"image\":{\"@id\":\"https:\/\/www.upspower-supply.com\/product\/mini-dc-ups-with-lithium-battery\/#primaryimage\"},\"thumbnailUrl\":\"https:\/\/www.upspower-supply.com\/wp-content\/uploads\/2025\/07\/mini-dc-ups-with-lithium-battery-2.jpg\",\"datePublished\":\"2025-07-11T02:25:21+00:00\",\"dateModified\":\"2025-07-11T02:37:24+00:00\",\"description\":\"Reliable Mini DC UPS with lithium battery for routers, CCTV, and IoT devices. Provides 5V\/9V\/12V backup with smart protection and compact design.\",\"breadcrumb\":{\"@id\":\"https:\/\/www.upspower-supply.com\/product\/mini-dc-ups-with-lithium-battery\/#breadcrumb\"},\"inLanguage\":\"pt-PT\",\"potentialAction\":[{\"@type\":\"ReadAction\",\"target\":[\"https:\/\/www.upspower-supply.com\/product\/mini-dc-ups-with-lithium-battery\/\"]}]},{\"@type\":\"ImageObject\",\"inLanguage\":\"pt-PT\",\"@id\":\"https:\/\/www.upspower-supply.com\/product\/mini-dc-ups-with-lithium-battery\/#primaryimage\",\"url\":\"https:\/\/www.upspower-supply.com\/wp-content\/uploads\/2025\/07\/mini-dc-ups-with-lithium-battery-2.jpg\",\"contentUrl\":\"https:\/\/www.upspower-supply.com\/wp-content\/uploads\/2025\/07\/mini-dc-ups-with-lithium-battery-2.jpg\",\"width\":800,\"height\":800,\"caption\":\"Mini DC UPS with lithium battery\"},{\"@type\":\"BreadcrumbList\",\"@id\":\"https:\/\/www.upspower-supply.com\/product\/mini-dc-ups-with-lithium-battery\/#breadcrumb\",\"itemListElement\":[{\"@type\":\"ListItem\",\"position\":1,\"name\":\"Home\",\"item\":\"https:\/\/www.upspower-supply.com\/\"},{\"@type\":\"ListItem\",\"position\":2,\"name\":\"Shop\",\"item\":\"https:\/\/www.upspower-supply.com\/shop\/\"},{\"@type\":\"ListItem\",\"position\":3,\"name\":\"Mini DC UPS with lithium battery\"}]},{\"@type\":\"WebSite\",\"@id\":\"https:\/\/www.upspower-supply.com\/#website\",\"url\":\"https:\/\/www.upspower-supply.com\/\",\"name\":\"UPS power supply\",\"description\":\"\",\"potentialAction\":[{\"@type\":\"SearchAction\",\"target\":{\"@type\":\"EntryPoint\",\"urlTemplate\":\"https:\/\/www.upspower-supply.com\/?s={search_term_string}\"},\"query-input\":{\"@type\":\"PropertyValueSpecification\",\"valueRequired\":true,\"valueName\":\"search_term_string\"}}],\"inLanguage\":\"pt-PT\"}]}<\/script>\n<!-- \/ Yoast SEO plugin. -->","yoast_head_json":{"title":"Mini DC UPS with lithium battery, China ups manufacturer - UPS power supply","description":"Reliable Mini DC UPS with lithium battery for routers, CCTV, and IoT devices. Provides 5V\/9V\/12V backup with smart protection and compact design.","robots":{"index":"index","follow":"follow","max-snippet":"max-snippet:-1","max-image-preview":"max-image-preview:large","max-video-preview":"max-video-preview:-1"},"canonical":"https:\/\/www.upspower-supply.com\/pt\/produto\/mini-dc-ups-with-lithium-battery\/","og_locale":"pt_PT","og_type":"article","og_title":"Mini DC UPS with lithium battery, China ups manufacturer - UPS power supply","og_description":"Reliable Mini DC UPS with lithium battery for routers, CCTV, and IoT devices. Provides 5V\/9V\/12V backup with smart protection and compact design.","og_url":"https:\/\/www.upspower-supply.com\/pt\/produto\/mini-dc-ups-with-lithium-battery\/","og_site_name":"UPS power supply","article_modified_time":"2025-07-11T02:37:24+00:00","og_image":[{"width":800,"height":800,"url":"https:\/\/www.upspower-supply.com\/wp-content\/uploads\/2025\/07\/mini-dc-ups-with-lithium-battery-2.jpg","type":"image\/jpeg"}],"twitter_card":"summary_large_image","twitter_misc":{"Tempo estimado de leitura":"1 minuto"},"schema":{"@context":"https:\/\/schema.org","@graph":[{"@type":"WebPage","@id":"https:\/\/www.upspower-supply.com\/product\/mini-dc-ups-with-lithium-battery\/","url":"https:\/\/www.upspower-supply.com\/product\/mini-dc-ups-with-lithium-battery\/","name":"Mini DC UPS with lithium battery, China ups manufacturer - UPS power supply","isPartOf":{"@id":"https:\/\/www.upspower-supply.com\/#website"},"primaryImageOfPage":{"@id":"https:\/\/www.upspower-supply.com\/product\/mini-dc-ups-with-lithium-battery\/#primaryimage"},"image":{"@id":"https:\/\/www.upspower-supply.com\/product\/mini-dc-ups-with-lithium-battery\/#primaryimage"},"thumbnailUrl":"https:\/\/www.upspower-supply.com\/wp-content\/uploads\/2025\/07\/mini-dc-ups-with-lithium-battery-2.jpg","datePublished":"2025-07-11T02:25:21+00:00","dateModified":"2025-07-11T02:37:24+00:00","description":"Reliable Mini DC UPS with lithium battery for routers, CCTV, and IoT devices. Provides 5V\/9V\/12V backup with smart protection and compact design.","breadcrumb":{"@id":"https:\/\/www.upspower-supply.com\/product\/mini-dc-ups-with-lithium-battery\/#breadcrumb"},"inLanguage":"pt-PT","potentialAction":[{"@type":"ReadAction","target":["https:\/\/www.upspower-supply.com\/product\/mini-dc-ups-with-lithium-battery\/"]}]},{"@type":"ImageObject","inLanguage":"pt-PT","@id":"https:\/\/www.upspower-supply.com\/product\/mini-dc-ups-with-lithium-battery\/#primaryimage","url":"https:\/\/www.upspower-supply.com\/wp-content\/uploads\/2025\/07\/mini-dc-ups-with-lithium-battery-2.jpg","contentUrl":"https:\/\/www.upspower-supply.com\/wp-content\/uploads\/2025\/07\/mini-dc-ups-with-lithium-battery-2.jpg","width":800,"height":800,"caption":"Mini DC UPS with lithium battery"},{"@type":"BreadcrumbList","@id":"https:\/\/www.upspower-supply.com\/product\/mini-dc-ups-with-lithium-battery\/#breadcrumb","itemListElement":[{"@type":"ListItem","position":1,"name":"Home","item":"https:\/\/www.upspower-supply.com\/"},{"@type":"ListItem","position":2,"name":"Shop","item":"https:\/\/www.upspower-supply.com\/shop\/"},{"@type":"ListItem","position":3,"name":"Mini DC UPS with lithium battery"}]},{"@type":"WebSite","@id":"https:\/\/www.upspower-supply.com\/#website","url":"https:\/\/www.upspower-supply.com\/","name":"UPS power supply","description":"","potentialAction":[{"@type":"SearchAction","target":{"@type":"EntryPoint","urlTemplate":"https:\/\/www.upspower-supply.com\/?s={search_term_string}"},"query-input":{"@type":"PropertyValueSpecification","valueRequired":true,"valueName":"search_term_string"}}],"inLanguage":"pt-PT"}]}},"uagb_featured_image_src":{"full":["https:\/\/www.upspower-supply.com\/wp-content\/uploads\/2025\/07\/mini-dc-ups-with-lithium-battery-2.jpg",800,800,false],"thumbnail":["https:\/\/www.upspower-supply.com\/wp-content\/uploads\/2025\/07\/mini-dc-ups-with-lithium-battery-2-150x150.jpg",150,150,true],"medium":["https:\/\/www.upspower-supply.com\/wp-content\/uploads\/2025\/07\/mini-dc-ups-with-lithium-battery-2-300x300.jpg",300,300,true],"medium_large":["https:\/\/www.upspower-supply.com\/wp-content\/uploads\/2025\/07\/mini-dc-ups-with-lithium-battery-2-768x768.jpg",768,768,true],"large":["https:\/\/www.upspower-supply.com\/wp-content\/uploads\/2025\/07\/mini-dc-ups-with-lithium-battery-2.jpg",800,800,false],"1536x1536":["https:\/\/www.upspower-supply.com\/wp-content\/uploads\/2025\/07\/mini-dc-ups-with-lithium-battery-2.jpg",800,800,false],"2048x2048":["https:\/\/www.upspower-supply.com\/wp-content\/uploads\/2025\/07\/mini-dc-ups-with-lithium-battery-2.jpg",800,800,false],"trp-custom-language-flag":["https:\/\/www.upspower-supply.com\/wp-content\/uploads\/2025\/07\/mini-dc-ups-with-lithium-battery-2-12x12.jpg",12,12,true],"woocommerce_thumbnail":["https:\/\/www.upspower-supply.com\/wp-content\/uploads\/2025\/07\/mini-dc-ups-with-lithium-battery-2-300x300.jpg",300,300,true],"woocommerce_single":["https:\/\/www.upspower-supply.com\/wp-content\/uploads\/2025\/07\/mini-dc-ups-with-lithium-battery-2-600x600.jpg",600,600,true],"woocommerce_gallery_thumbnail":["https:\/\/www.upspower-supply.com\/wp-content\/uploads\/2025\/07\/mini-dc-ups-with-lithium-battery-2-100x100.jpg",100,100,true]},"uagb_author_info":{"display_name":"Tyne Tingey","author_link":"https:\/\/www.upspower-supply.com\/pt\/author\/"},"uagb_comment_info":0,"uagb_excerpt":"Are you frustrated by losing internet access during a power outage? Our mini dc ups can save you! This compact Mini DC UPS features a built-in lithium battery to provide seamless backup power for routers, modems, CCTV cameras, and other low-voltage DC devices. Designed with intelligent circuit protection and multiple DC output options (5V\/9V\/12V), it&hellip;","_links":{"self":[{"href":"https:\/\/www.upspower-supply.com\/pt\/wp-json\/wp\/v2\/product\/1561","targetHints":{"allow":["GET"]}}],"collection":[{"href":"https:\/\/www.upspower-supply.com\/pt\/wp-json\/wp\/v2\/product"}],"about":[{"href":"https:\/\/www.upspower-supply.com\/pt\/wp-json\/wp\/v2\/types\/product"}],"replies":[{"embeddable":true,"href":"https:\/\/www.upspower-supply.com\/pt\/wp-json\/wp\/v2\/comments?post=1561"}],"wp:featuredmedia":[{"embeddable":true,"href":"https:\/\/www.upspower-supply.com\/pt\/wp-json\/wp\/v2\/media\/1563"}],"wp:attachment":[{"href":"https:\/\/www.upspower-supply.com\/pt\/wp-json\/wp\/v2\/media?parent=1561"}],"wp:term":[{"taxonomy":"product_brand","embeddable":true,"href":"https:\/\/www.upspower-supply.com\/pt\/wp-json\/wp\/v2\/product_brand?post=1561"},{"taxonomy":"product_cat","embeddable":true,"href":"https:\/\/www.upspower-supply.com\/pt\/wp-json\/wp\/v2\/product_cat?post=1561"},{"taxonomy":"product_tag","embeddable":true,"href":"https:\/\/www.upspower-supply.com\/pt\/wp-json\/wp\/v2\/product_tag?post=1561"}],"curies":[{"name":"wp","href":"https:\/\/api.w.org\/{rel}","templated":true}]}}