{"id":1528,"date":"2025-07-01T09:11:36","date_gmt":"2025-07-01T09:11:36","guid":{"rendered":"https:\/\/www.upspower-supply.com\/?post_type=product&#038;p=1528"},"modified":"2026-04-17T10:27:52","modified_gmt":"2026-04-17T10:27:52","slug":"network-and-server-ups-1kva-10kva","status":"publish","type":"product","link":"https:\/\/www.upspower-supply.com\/pt\/produto\/network-and-server-ups-1kva-10kva\/","title":{"rendered":"UPS para redes e servidores de 1 kVA a 10 kVA"},"content":{"rendered":"<p>O nobreak para redes e servidores oferece prote\u00e7\u00e3o completa de energia e backup de bateria confi\u00e1vel para infraestruturas de TI cr\u00edticas. Projetado para servidores, sistemas de armazenamento, dispositivos de rede e outros equipamentos essenciais, ele fornece energia ininterrupta de n\u00edvel de rede com sa\u00edda de onda senoidal pura e regula\u00e7\u00e3o autom\u00e1tica de tens\u00e3o para garantir disponibilidade cont\u00ednua e integridade dos dados. Ideal para tudo, desde pequenas redes empresariais at\u00e9 data centers corporativos, este nobreak suporta uma ampla gama de aplica\u00e7\u00f5es, incluindo sistemas de PDV, equipamentos m\u00e9dicos e dispositivos de seguran\u00e7a. Dispon\u00edvel nos formatos torre e rack, apresenta alta efici\u00eancia em diversos n\u00edveis de carga, autonomia escal\u00e1vel com baterias externas opcionais e gerenciamento avan\u00e7ado por meio da expans\u00e3o Smart-Slot e displays de LED intuitivos. Reconhecida mundialmente, a s\u00e9rie Smart-UPS define o padr\u00e3o de desempenho, confiabilidade e prote\u00e7\u00e3o.<\/p>\n<p><img loading=\"lazy\" decoding=\"async\" class=\"alignnone wp-image-1535 size-full\" src=\"https:\/\/www.upspower-supply.com\/wp-content\/uploads\/2025\/07\/network-and-server-ups-1kva-10kva-detail.jpeg\" alt=\"detalhes do ups do servidor\" width=\"750\" height=\"1148\" srcset=\"https:\/\/www.upspower-supply.com\/wp-content\/uploads\/2025\/07\/network-and-server-ups-1kva-10kva-detail.jpeg 750w, https:\/\/www.upspower-supply.com\/wp-content\/uploads\/2025\/07\/network-and-server-ups-1kva-10kva-detail-196x300.jpeg 196w, https:\/\/www.upspower-supply.com\/wp-content\/uploads\/2025\/07\/network-and-server-ups-1kva-10kva-detail-669x1024.jpeg 669w, https:\/\/www.upspower-supply.com\/wp-content\/uploads\/2025\/07\/network-and-server-ups-1kva-10kva-detail-8x12.jpeg 8w, https:\/\/www.upspower-supply.com\/wp-content\/uploads\/2025\/07\/network-and-server-ups-1kva-10kva-detail-600x918.jpeg 600w\" sizes=\"auto, (max-width: 750px) 100vw, 750px\" \/><\/p>","protected":false},"excerpt":{"rendered":"<ul class=\"list-disc pl-5 text-gray-700\">\n<li><strong>Sa\u00edda de onda senoidal pura com bateria:<\/strong> Fornece energia limpa e est\u00e1vel, ideal para equipamentos de TI sens\u00edveis.<\/li>\n<li><strong>Baterias substitu\u00edveis pelo usu\u00e1rio e com troca a quente:<\/strong> Garantir o funcionamento cont\u00ednuo durante a manuten\u00e7\u00e3o, sem interrup\u00e7\u00e3o de energia.<\/li>\n<li><strong>Op\u00e7\u00f5es de placa de gerenciamento de rede:<\/strong> Habilite o monitoramento remoto, a configura\u00e7\u00e3o e os alertas automatizados para uma gest\u00e3o proativa.<\/li>\n<li><strong>Tomadas program\u00e1veis:<\/strong> Personalize a distribui\u00e7\u00e3o de energia para o desligamento de cargas e a prioriza\u00e7\u00e3o de dispositivos.<\/li>\n<li><strong>Regula\u00e7\u00e3o autom\u00e1tica de tens\u00e3o (AVR):<\/strong> Corrige as flutua\u00e7\u00f5es de tens\u00e3o sem recorrer \u00e0 bateria, prolongando a sua vida \u00fatil.<\/li>\n<li><strong>Tempo de execu\u00e7\u00e3o escal\u00e1vel:<\/strong> Adicione baterias externas para obter um sistema de backup prolongado, adaptado \u00e0 sua carga cr\u00edtica.<\/li>\n<li><strong>Visor LCD ou LED:<\/strong> Fornece o status e o diagn\u00f3stico do UPS em tempo real, de forma clara e objetiva.<\/li>\n<li><strong>Configura\u00e7\u00f5es de rack e torre:<\/strong> Op\u00e7\u00f5es de implanta\u00e7\u00e3o flex\u00edveis para se adequarem a diversos ambientes de instala\u00e7\u00e3o.<\/li>\n<\/ul>","protected":false},"featured_media":1529,"comment_status":"open","ping_status":"closed","template":"","meta":{"_acf_changed":false,"_uag_custom_page_level_css":"","site-sidebar-layout":"default","site-content-layout":"","ast-site-content-layout":"default","site-content-style":"default","site-sidebar-style":"default","ast-global-header-display":"","ast-banner-title-visibility":"","ast-main-header-display":"","ast-hfb-above-header-display":"","ast-hfb-below-header-display":"","ast-hfb-mobile-header-display":"","site-post-title":"","ast-breadcrumbs-content":"","ast-featured-img":"","footer-sml-layout":"","theme-transparent-header-meta":"default","adv-header-id-meta":"","stick-header-meta":"","header-above-stick-meta":"","header-main-stick-meta":"","header-below-stick-meta":"","astra-migrate-meta-layouts":"set","ast-page-background-enabled":"default","ast-page-background-meta":{"desktop":{"background-color":"var(--ast-global-color-4)","background-image":"","background-repeat":"repeat","background-position":"center center","background-size":"auto","background-attachment":"scroll","background-type":"","background-media":"","overlay-type":"","overlay-color":"","overlay-opacity":"","overlay-gradient":""},"tablet":{"background-color":"","background-image":"","background-repeat":"repeat","background-position":"center center","background-size":"auto","background-attachment":"scroll","background-type":"","background-media":"","overlay-type":"","overlay-color":"","overlay-opacity":"","overlay-gradient":""},"mobile":{"background-color":"","background-image":"","background-repeat":"repeat","background-position":"center center","background-size":"auto","background-attachment":"scroll","background-type":"","background-media":"","overlay-type":"","overlay-color":"","overlay-opacity":"","overlay-gradient":""}},"ast-content-background-meta":{"desktop":{"background-color":"var(--ast-global-color-5)","background-image":"","background-repeat":"repeat","background-position":"center center","background-size":"auto","background-attachment":"scroll","background-type":"","background-media":"","overlay-type":"","overlay-color":"","overlay-opacity":"","overlay-gradient":""},"tablet":{"background-color":"var(--ast-global-color-5)","background-image":"","background-repeat":"repeat","background-position":"center center","background-size":"auto","background-attachment":"scroll","background-type":"","background-media":"","overlay-type":"","overlay-color":"","overlay-opacity":"","overlay-gradient":""},"mobile":{"background-color":"var(--ast-global-color-5)","background-image":"","background-repeat":"repeat","background-position":"center center","background-size":"auto","background-attachment":"scroll","background-type":"","background-media":"","overlay-type":"","overlay-color":"","overlay-opacity":"","overlay-gradient":""}}},"product_brand":[],"product_cat":[26],"product_tag":[31,49],"class_list":{"0":"post-1528","1":"product","2":"type-product","3":"status-publish","4":"has-post-thumbnail","6":"product_cat-online-ups","7":"product_tag-1kva-ups","8":"product_tag-single-phase-ups","9":"desktop-align-left","10":"tablet-align-left","11":"mobile-align-left","13":"first","14":"instock","15":"shipping-taxable","16":"product-type-simple"},"acf":[],"yoast_head":"<!-- This site is optimized with the Yoast SEO plugin v25.0 - https:\/\/yoast.com\/wordpress\/plugins\/seo\/ -->\n<title>Network and Server UPS 1kva-10kva - UPS power supply<\/title>\n<meta name=\"description\" content=\"Reliable UPS power protection for servers, networks, and storage systems. Ensure uptime with pure sine wave output, AVR, and scalable battery backup.\" \/>\n<meta name=\"robots\" content=\"index, follow, max-snippet:-1, max-image-preview:large, max-video-preview:-1\" \/>\n<link rel=\"canonical\" href=\"https:\/\/www.upspower-supply.com\/pt\/produto\/network-and-server-ups-1kva-10kva\/\" \/>\n<meta property=\"og:locale\" content=\"pt_PT\" \/>\n<meta property=\"og:type\" content=\"article\" \/>\n<meta property=\"og:title\" content=\"Network and Server UPS 1kva-10kva - UPS power supply\" \/>\n<meta property=\"og:description\" content=\"Reliable UPS power protection for servers, networks, and storage systems. Ensure uptime with pure sine wave output, AVR, and scalable battery backup.\" \/>\n<meta property=\"og:url\" content=\"https:\/\/www.upspower-supply.com\/pt\/produto\/network-and-server-ups-1kva-10kva\/\" \/>\n<meta property=\"og:site_name\" content=\"UPS power supply\" \/>\n<meta property=\"article:modified_time\" content=\"2026-04-17T10:27:52+00:00\" \/>\n<meta property=\"og:image\" content=\"https:\/\/www.upspower-supply.com\/wp-content\/uploads\/2025\/07\/network-and-server-ups-1kva-10kva-6.jpg\" \/>\n\t<meta property=\"og:image:width\" content=\"1000\" \/>\n\t<meta property=\"og:image:height\" content=\"1000\" \/>\n\t<meta property=\"og:image:type\" content=\"image\/jpeg\" \/>\n<meta name=\"twitter:card\" content=\"summary_large_image\" \/>\n<meta name=\"twitter:label1\" content=\"Tempo estimado de leitura\" \/>\n\t<meta name=\"twitter:data1\" content=\"1 minuto\" \/>\n<script type=\"application\/ld+json\" class=\"yoast-schema-graph\">{\"@context\":\"https:\/\/schema.org\",\"@graph\":[{\"@type\":\"WebPage\",\"@id\":\"https:\/\/www.upspower-supply.com\/product\/network-and-server-ups-1kva-10kva\/\",\"url\":\"https:\/\/www.upspower-supply.com\/product\/network-and-server-ups-1kva-10kva\/\",\"name\":\"Network and Server UPS 1kva-10kva - UPS power supply\",\"isPartOf\":{\"@id\":\"https:\/\/www.upspower-supply.com\/#website\"},\"primaryImageOfPage\":{\"@id\":\"https:\/\/www.upspower-supply.com\/product\/network-and-server-ups-1kva-10kva\/#primaryimage\"},\"image\":{\"@id\":\"https:\/\/www.upspower-supply.com\/product\/network-and-server-ups-1kva-10kva\/#primaryimage\"},\"thumbnailUrl\":\"https:\/\/www.upspower-supply.com\/wp-content\/uploads\/2025\/07\/network-and-server-ups-1kva-10kva-6.jpg\",\"datePublished\":\"2025-07-01T09:11:36+00:00\",\"dateModified\":\"2026-04-17T10:27:52+00:00\",\"description\":\"Reliable UPS power protection for servers, networks, and storage systems. Ensure uptime with pure sine wave output, AVR, and scalable battery backup.\",\"breadcrumb\":{\"@id\":\"https:\/\/www.upspower-supply.com\/product\/network-and-server-ups-1kva-10kva\/#breadcrumb\"},\"inLanguage\":\"pt-PT\",\"potentialAction\":[{\"@type\":\"ReadAction\",\"target\":[\"https:\/\/www.upspower-supply.com\/product\/network-and-server-ups-1kva-10kva\/\"]}]},{\"@type\":\"ImageObject\",\"inLanguage\":\"pt-PT\",\"@id\":\"https:\/\/www.upspower-supply.com\/product\/network-and-server-ups-1kva-10kva\/#primaryimage\",\"url\":\"https:\/\/www.upspower-supply.com\/wp-content\/uploads\/2025\/07\/network-and-server-ups-1kva-10kva-6.jpg\",\"contentUrl\":\"https:\/\/www.upspower-supply.com\/wp-content\/uploads\/2025\/07\/network-and-server-ups-1kva-10kva-6.jpg\",\"width\":1000,\"height\":1000,\"caption\":\"Network and Server UPS\"},{\"@type\":\"BreadcrumbList\",\"@id\":\"https:\/\/www.upspower-supply.com\/product\/network-and-server-ups-1kva-10kva\/#breadcrumb\",\"itemListElement\":[{\"@type\":\"ListItem\",\"position\":1,\"name\":\"Home\",\"item\":\"https:\/\/www.upspower-supply.com\/\"},{\"@type\":\"ListItem\",\"position\":2,\"name\":\"Shop\",\"item\":\"https:\/\/www.upspower-supply.com\/shop\/\"},{\"@type\":\"ListItem\",\"position\":3,\"name\":\"Network and Server UPS 1kva-10kva\"}]},{\"@type\":\"WebSite\",\"@id\":\"https:\/\/www.upspower-supply.com\/#website\",\"url\":\"https:\/\/www.upspower-supply.com\/\",\"name\":\"UPS power supply\",\"description\":\"\",\"potentialAction\":[{\"@type\":\"SearchAction\",\"target\":{\"@type\":\"EntryPoint\",\"urlTemplate\":\"https:\/\/www.upspower-supply.com\/?s={search_term_string}\"},\"query-input\":{\"@type\":\"PropertyValueSpecification\",\"valueRequired\":true,\"valueName\":\"search_term_string\"}}],\"inLanguage\":\"pt-PT\"}]}<\/script>\n<!-- \/ Yoast SEO plugin. -->","yoast_head_json":{"title":"Network and Server UPS 1kva-10kva - UPS power supply","description":"Reliable UPS power protection for servers, networks, and storage systems. Ensure uptime with pure sine wave output, AVR, and scalable battery backup.","robots":{"index":"index","follow":"follow","max-snippet":"max-snippet:-1","max-image-preview":"max-image-preview:large","max-video-preview":"max-video-preview:-1"},"canonical":"https:\/\/www.upspower-supply.com\/pt\/produto\/network-and-server-ups-1kva-10kva\/","og_locale":"pt_PT","og_type":"article","og_title":"Network and Server UPS 1kva-10kva - UPS power supply","og_description":"Reliable UPS power protection for servers, networks, and storage systems. Ensure uptime with pure sine wave output, AVR, and scalable battery backup.","og_url":"https:\/\/www.upspower-supply.com\/pt\/produto\/network-and-server-ups-1kva-10kva\/","og_site_name":"UPS power supply","article_modified_time":"2026-04-17T10:27:52+00:00","og_image":[{"width":1000,"height":1000,"url":"https:\/\/www.upspower-supply.com\/wp-content\/uploads\/2025\/07\/network-and-server-ups-1kva-10kva-6.jpg","type":"image\/jpeg"}],"twitter_card":"summary_large_image","twitter_misc":{"Tempo estimado de leitura":"1 minuto"},"schema":{"@context":"https:\/\/schema.org","@graph":[{"@type":"WebPage","@id":"https:\/\/www.upspower-supply.com\/product\/network-and-server-ups-1kva-10kva\/","url":"https:\/\/www.upspower-supply.com\/product\/network-and-server-ups-1kva-10kva\/","name":"Network and Server UPS 1kva-10kva - UPS power supply","isPartOf":{"@id":"https:\/\/www.upspower-supply.com\/#website"},"primaryImageOfPage":{"@id":"https:\/\/www.upspower-supply.com\/product\/network-and-server-ups-1kva-10kva\/#primaryimage"},"image":{"@id":"https:\/\/www.upspower-supply.com\/product\/network-and-server-ups-1kva-10kva\/#primaryimage"},"thumbnailUrl":"https:\/\/www.upspower-supply.com\/wp-content\/uploads\/2025\/07\/network-and-server-ups-1kva-10kva-6.jpg","datePublished":"2025-07-01T09:11:36+00:00","dateModified":"2026-04-17T10:27:52+00:00","description":"Reliable UPS power protection for servers, networks, and storage systems. Ensure uptime with pure sine wave output, AVR, and scalable battery backup.","breadcrumb":{"@id":"https:\/\/www.upspower-supply.com\/product\/network-and-server-ups-1kva-10kva\/#breadcrumb"},"inLanguage":"pt-PT","potentialAction":[{"@type":"ReadAction","target":["https:\/\/www.upspower-supply.com\/product\/network-and-server-ups-1kva-10kva\/"]}]},{"@type":"ImageObject","inLanguage":"pt-PT","@id":"https:\/\/www.upspower-supply.com\/product\/network-and-server-ups-1kva-10kva\/#primaryimage","url":"https:\/\/www.upspower-supply.com\/wp-content\/uploads\/2025\/07\/network-and-server-ups-1kva-10kva-6.jpg","contentUrl":"https:\/\/www.upspower-supply.com\/wp-content\/uploads\/2025\/07\/network-and-server-ups-1kva-10kva-6.jpg","width":1000,"height":1000,"caption":"Network and Server UPS"},{"@type":"BreadcrumbList","@id":"https:\/\/www.upspower-supply.com\/product\/network-and-server-ups-1kva-10kva\/#breadcrumb","itemListElement":[{"@type":"ListItem","position":1,"name":"Home","item":"https:\/\/www.upspower-supply.com\/"},{"@type":"ListItem","position":2,"name":"Shop","item":"https:\/\/www.upspower-supply.com\/shop\/"},{"@type":"ListItem","position":3,"name":"Network and Server UPS 1kva-10kva"}]},{"@type":"WebSite","@id":"https:\/\/www.upspower-supply.com\/#website","url":"https:\/\/www.upspower-supply.com\/","name":"UPS power supply","description":"","potentialAction":[{"@type":"SearchAction","target":{"@type":"EntryPoint","urlTemplate":"https:\/\/www.upspower-supply.com\/?s={search_term_string}"},"query-input":{"@type":"PropertyValueSpecification","valueRequired":true,"valueName":"search_term_string"}}],"inLanguage":"pt-PT"}]}},"uagb_featured_image_src":{"full":["https:\/\/www.upspower-supply.com\/wp-content\/uploads\/2025\/07\/network-and-server-ups-1kva-10kva-6.jpg",1000,1000,false],"thumbnail":["https:\/\/www.upspower-supply.com\/wp-content\/uploads\/2025\/07\/network-and-server-ups-1kva-10kva-6-150x150.jpg",150,150,true],"medium":["https:\/\/www.upspower-supply.com\/wp-content\/uploads\/2025\/07\/network-and-server-ups-1kva-10kva-6-300x300.jpg",300,300,true],"medium_large":["https:\/\/www.upspower-supply.com\/wp-content\/uploads\/2025\/07\/network-and-server-ups-1kva-10kva-6-768x768.jpg",768,768,true],"large":["https:\/\/www.upspower-supply.com\/wp-content\/uploads\/2025\/07\/network-and-server-ups-1kva-10kva-6.jpg",1000,1000,false],"1536x1536":["https:\/\/www.upspower-supply.com\/wp-content\/uploads\/2025\/07\/network-and-server-ups-1kva-10kva-6.jpg",1000,1000,false],"2048x2048":["https:\/\/www.upspower-supply.com\/wp-content\/uploads\/2025\/07\/network-and-server-ups-1kva-10kva-6.jpg",1000,1000,false],"trp-custom-language-flag":["https:\/\/www.upspower-supply.com\/wp-content\/uploads\/2025\/07\/network-and-server-ups-1kva-10kva-6-12x12.jpg",12,12,true],"woocommerce_thumbnail":["https:\/\/www.upspower-supply.com\/wp-content\/uploads\/2025\/07\/network-and-server-ups-1kva-10kva-6-300x300.jpg",300,300,true],"woocommerce_single":["https:\/\/www.upspower-supply.com\/wp-content\/uploads\/2025\/07\/network-and-server-ups-1kva-10kva-6-600x600.jpg",600,600,true],"woocommerce_gallery_thumbnail":["https:\/\/www.upspower-supply.com\/wp-content\/uploads\/2025\/07\/network-and-server-ups-1kva-10kva-6-100x100.jpg",100,100,true]},"uagb_author_info":{"display_name":"Tyne Tingey","author_link":"https:\/\/www.upspower-supply.com\/pt\/author\/"},"uagb_comment_info":1,"uagb_excerpt":"Pure Sinewave Output on Battery: Delivers clean, stable power ideal for sensitive IT equipment. User-Replaceable, Hot-Swappable Batteries: Ensure continuous uptime during maintenance without power interruption. Network Management Card Options: Enable remote monitoring, configuration, and automated alerts for proactive management. Programmable Outlets: Customize power distribution for load shedding and device prioritization. Automatic Voltage Regulation (AVR): Corrects&hellip;","_links":{"self":[{"href":"https:\/\/www.upspower-supply.com\/pt\/wp-json\/wp\/v2\/product\/1528","targetHints":{"allow":["GET"]}}],"collection":[{"href":"https:\/\/www.upspower-supply.com\/pt\/wp-json\/wp\/v2\/product"}],"about":[{"href":"https:\/\/www.upspower-supply.com\/pt\/wp-json\/wp\/v2\/types\/product"}],"replies":[{"embeddable":true,"href":"https:\/\/www.upspower-supply.com\/pt\/wp-json\/wp\/v2\/comments?post=1528"}],"wp:featuredmedia":[{"embeddable":true,"href":"https:\/\/www.upspower-supply.com\/pt\/wp-json\/wp\/v2\/media\/1529"}],"wp:attachment":[{"href":"https:\/\/www.upspower-supply.com\/pt\/wp-json\/wp\/v2\/media?parent=1528"}],"wp:term":[{"taxonomy":"product_brand","embeddable":true,"href":"https:\/\/www.upspower-supply.com\/pt\/wp-json\/wp\/v2\/product_brand?post=1528"},{"taxonomy":"product_cat","embeddable":true,"href":"https:\/\/www.upspower-supply.com\/pt\/wp-json\/wp\/v2\/product_cat?post=1528"},{"taxonomy":"product_tag","embeddable":true,"href":"https:\/\/www.upspower-supply.com\/pt\/wp-json\/wp\/v2\/product_tag?post=1528"}],"curies":[{"name":"wp","href":"https:\/\/api.w.org\/{rel}","templated":true}]}}