{"id":1487,"date":"2025-06-16T08:59:24","date_gmt":"2025-06-16T08:59:24","guid":{"rendered":"https:\/\/www.upspower-supply.com\/?post_type=product&#038;p=1487"},"modified":"2025-06-16T09:12:21","modified_gmt":"2025-06-16T09:12:21","slug":"uninterruptible-power-supply-with-surge-protection","status":"publish","type":"product","link":"https:\/\/www.upspower-supply.com\/pt\/produto\/uninterruptible-power-supply-with-surge-protection\/","title":{"rendered":"Fonte de alimenta\u00e7\u00e3o ininterrupta com prote\u00e7\u00e3o contra surtos"},"content":{"rendered":"<h2><strong>Fonte de alimenta\u00e7\u00e3o ininterrupta com prote\u00e7\u00e3o contra surtos<\/strong><\/h2>\n<p><img loading=\"lazy\" decoding=\"async\" class=\"alignnone wp-image-1494 size-full\" src=\"https:\/\/www.upspower-supply.com\/wp-content\/uploads\/2025\/06\/uninterruptible-power-supply-with-surge-protection-lightning-surge-protection.jpeg\" alt=\"Fonte de alimenta\u00e7\u00e3o ininterrupta com prote\u00e7\u00e3o contra surtos e prote\u00e7\u00e3o contra surtos de raios.\" width=\"750\" height=\"768\" srcset=\"https:\/\/www.upspower-supply.com\/wp-content\/uploads\/2025\/06\/uninterruptible-power-supply-with-surge-protection-lightning-surge-protection.jpeg 750w, https:\/\/www.upspower-supply.com\/wp-content\/uploads\/2025\/06\/uninterruptible-power-supply-with-surge-protection-lightning-surge-protection-293x300.jpeg 293w, https:\/\/www.upspower-supply.com\/wp-content\/uploads\/2025\/06\/uninterruptible-power-supply-with-surge-protection-lightning-surge-protection-12x12.jpeg 12w, https:\/\/www.upspower-supply.com\/wp-content\/uploads\/2025\/06\/uninterruptible-power-supply-with-surge-protection-lightning-surge-protection-600x614.jpeg 600w\" sizes=\"auto, (max-width: 750px) 100vw, 750px\" \/><\/p>\n<p>&nbsp;<\/p>\n<table class=\"w-full mt-3 border border-gray-300 text-sm\">\n<tbody>\n<tr class=\"border-b border-gray-300 max-h-[68px] overflow-hidden\">\n<td class=\"p-4 bg-gray-100 font-normal\">Local de origem<\/td>\n<td class=\"p-4 font-medium\">Xangai<\/td>\n<\/tr>\n<tr class=\"border-b border-gray-300 max-h-[68px] overflow-hidden\">\n<td class=\"p-4 bg-gray-100 font-normal\">N\u00famero do modelo<\/td>\n<td class=\"p-4 font-medium\">RM3K<\/td>\n<\/tr>\n<tr class=\"border-b border-gray-300 max-h-[68px] overflow-hidden\">\n<td class=\"p-4 bg-gray-100 font-normal\">Energia el\u00e9trica<\/td>\n<td class=\"p-4 font-medium\">504 Wh<\/td>\n<\/tr>\n<tr class=\"border-b border-gray-300 max-h-[68px] overflow-hidden\">\n<td class=\"p-4 bg-gray-100 font-normal\">Fase<\/td>\n<td class=\"p-4 font-medium\">Monof\u00e1sico<\/td>\n<\/tr>\n<tr class=\"border-b border-gray-300 max-h-[68px] overflow-hidden\">\n<td class=\"p-4 bg-gray-100 font-normal\">Prote\u00e7\u00e3o<\/td>\n<td class=\"p-4 font-medium\">Sobretens\u00e3o<\/td>\n<\/tr>\n<tr class=\"border-b border-gray-300 max-h-[68px] overflow-hidden\">\n<td class=\"p-4 bg-gray-100 font-normal\">Peso<\/td>\n<td class=\"p-4 font-medium\">21 kg<\/td>\n<\/tr>\n<tr class=\"border-b border-gray-300 max-h-[68px] overflow-hidden\">\n<td class=\"p-4 bg-gray-100 font-normal\">Tipo<\/td>\n<td class=\"p-4 font-medium\">On-line<\/td>\n<\/tr>\n<tr class=\"border-b border-gray-300 max-h-[68px] overflow-hidden\">\n<td class=\"p-4 bg-gray-100 font-normal\">Aplicativo<\/td>\n<td class=\"p-4 font-medium\">COMPUTADOR<\/td>\n<\/tr>\n<tr class=\"border-b border-gray-300 max-h-[68px] overflow-hidden\">\n<td class=\"p-4 bg-gray-100 font-normal\">Nome do produto<\/td>\n<td class=\"p-4 font-medium\">UPS online de 3 kVA com prote\u00e7\u00e3o contra surtos<\/td>\n<\/tr>\n<tr class=\"border-b border-gray-300 max-h-[68px] overflow-hidden\">\n<td class=\"p-4 bg-gray-100 font-normal\">Capacidade da bateria<\/td>\n<td class=\"p-4 font-medium\">12V\/7AH*6<\/td>\n<\/tr>\n<tr class=\"border-b border-gray-300 max-h-[68px] overflow-hidden\">\n<td class=\"p-4 bg-gray-100 font-normal\">Pot\u00eancia nominal<\/td>\n<td class=\"p-4 font-medium\">2700W<\/td>\n<\/tr>\n<tr class=\"border-b border-gray-300 max-h-[68px] overflow-hidden\">\n<td class=\"p-4 bg-gray-100 font-normal\">Tipo de Bateria<\/td>\n<td class=\"p-4 font-medium\">Baterias de chumbo-\u00e1cido sem manuten\u00e7\u00e3o<\/td>\n<\/tr>\n<tr class=\"border-b border-gray-300 max-h-[68px] overflow-hidden\">\n<td class=\"p-4 bg-gray-100 font-normal\">forma de onda<\/td>\n<td class=\"p-4 font-medium\">Pure Sine Ware<\/td>\n<\/tr>\n<tr class=\"border-b border-gray-300 max-h-[68px] overflow-hidden\">\n<td class=\"p-4 bg-gray-100 font-normal\">Faixa de tens\u00e3o de entrada<\/td>\n<td class=\"p-4 font-medium\">115-300 VCA \u00b15<\/td>\n<\/tr>\n<tr class=\"border-b border-gray-300 max-h-[68px] overflow-hidden\">\n<td class=\"p-4 bg-gray-100 font-normal\">Faixa de frequ\u00eancia de entrada<\/td>\n<td class=\"p-4 font-medium\">40-70 Hz<\/td>\n<\/tr>\n<tr class=\"border-b border-gray-300 max-h-[68px] overflow-hidden\">\n<td class=\"p-4 bg-gray-100 font-normal\">Tens\u00e3o de sa\u00edda<\/td>\n<td class=\"p-4 font-medium\">220 VCA \u00b1 3%<\/td>\n<\/tr>\n<tr class=\"border-b border-gray-300 max-h-[68px] overflow-hidden\">\n<td class=\"p-4 bg-gray-100 font-normal\">Frequ\u00eancia de sa\u00edda<\/td>\n<td class=\"p-4 font-medium\">50 Hz (60 Hz selecion\u00e1vel) \u00b10,25 Hz<\/td>\n<\/tr>\n<tr>\n<td class=\"p-4 bg-gray-100 font-normal\">Fator de pot\u00eancia<\/td>\n<td class=\"p-4 font-medium\">0.9<\/td>\n<\/tr>\n<\/tbody>\n<\/table>\n<p><img loading=\"lazy\" decoding=\"async\" class=\"alignnone wp-image-1492 size-full\" src=\"https:\/\/www.upspower-supply.com\/wp-content\/uploads\/2025\/06\/uninterruptible-power-supply-with-surge-protection-detail-0-second-switch.jpeg\" alt=\"Fonte de alimenta\u00e7\u00e3o ininterrupta com prote\u00e7\u00e3o contra surtos - detalhe do interruptor de 0 segundos\" width=\"800\" height=\"800\" srcset=\"https:\/\/www.upspower-supply.com\/wp-content\/uploads\/2025\/06\/uninterruptible-power-supply-with-surge-protection-detail-0-second-switch.jpeg 800w, https:\/\/www.upspower-supply.com\/wp-content\/uploads\/2025\/06\/uninterruptible-power-supply-with-surge-protection-detail-0-second-switch-300x300.jpeg 300w, https:\/\/www.upspower-supply.com\/wp-content\/uploads\/2025\/06\/uninterruptible-power-supply-with-surge-protection-detail-0-second-switch-150x150.jpeg 150w, https:\/\/www.upspower-supply.com\/wp-content\/uploads\/2025\/06\/uninterruptible-power-supply-with-surge-protection-detail-0-second-switch-768x768.jpeg 768w, https:\/\/www.upspower-supply.com\/wp-content\/uploads\/2025\/06\/uninterruptible-power-supply-with-surge-protection-detail-0-second-switch-12x12.jpeg 12w, https:\/\/www.upspower-supply.com\/wp-content\/uploads\/2025\/06\/uninterruptible-power-supply-with-surge-protection-detail-0-second-switch-600x600.jpeg 600w, https:\/\/www.upspower-supply.com\/wp-content\/uploads\/2025\/06\/uninterruptible-power-supply-with-surge-protection-detail-0-second-switch-100x100.jpeg 100w\" sizes=\"auto, (max-width: 800px) 100vw, 800px\" \/><\/p>\n<p>&nbsp;<\/p>\n<p><img loading=\"lazy\" decoding=\"async\" class=\"alignnone wp-image-1493 size-full\" src=\"https:\/\/www.upspower-supply.com\/wp-content\/uploads\/2025\/06\/uninterruptible-power-supply-with-superior-heat-dissipation-performance.jpeg\" alt=\"Fonte de alimenta\u00e7\u00e3o ininterrupta com desempenho superior de dissipa\u00e7\u00e3o de calor.\" width=\"750\" height=\"940\" srcset=\"https:\/\/www.upspower-supply.com\/wp-content\/uploads\/2025\/06\/uninterruptible-power-supply-with-superior-heat-dissipation-performance.jpeg 750w, https:\/\/www.upspower-supply.com\/wp-content\/uploads\/2025\/06\/uninterruptible-power-supply-with-superior-heat-dissipation-performance-239x300.jpeg 239w, https:\/\/www.upspower-supply.com\/wp-content\/uploads\/2025\/06\/uninterruptible-power-supply-with-superior-heat-dissipation-performance-10x12.jpeg 10w, https:\/\/www.upspower-supply.com\/wp-content\/uploads\/2025\/06\/uninterruptible-power-supply-with-superior-heat-dissipation-performance-600x752.jpeg 600w\" sizes=\"auto, (max-width: 750px) 100vw, 750px\" \/> \u00a0<img loading=\"lazy\" decoding=\"async\" class=\"alignnone wp-image-1495 size-full\" src=\"https:\/\/www.upspower-supply.com\/wp-content\/uploads\/2025\/06\/uninterruptible-power-supply-with-surge-protection-pure-sine-wave-output.jpeg\" alt=\"Fonte de alimenta\u00e7\u00e3o ininterrupta com prote\u00e7\u00e3o contra surtos e sa\u00edda de onda senoidal pura.\" width=\"750\" height=\"701\" srcset=\"https:\/\/www.upspower-supply.com\/wp-content\/uploads\/2025\/06\/uninterruptible-power-supply-with-surge-protection-pure-sine-wave-output.jpeg 750w, https:\/\/www.upspower-supply.com\/wp-content\/uploads\/2025\/06\/uninterruptible-power-supply-with-surge-protection-pure-sine-wave-output-300x280.jpeg 300w, https:\/\/www.upspower-supply.com\/wp-content\/uploads\/2025\/06\/uninterruptible-power-supply-with-surge-protection-pure-sine-wave-output-13x12.jpeg 13w, https:\/\/www.upspower-supply.com\/wp-content\/uploads\/2025\/06\/uninterruptible-power-supply-with-surge-protection-pure-sine-wave-output-600x561.jpeg 600w\" sizes=\"auto, (max-width: 750px) 100vw, 750px\" \/> <img loading=\"lazy\" decoding=\"async\" class=\"alignnone wp-image-1496 size-full\" src=\"https:\/\/www.upspower-supply.com\/wp-content\/uploads\/2025\/06\/uninterruptible-power-supply-with-surge-protection-with-automatic-voltage-stabiliser.jpeg\" alt=\"Sistema de alimenta\u00e7\u00e3o ininterrupta com prote\u00e7\u00e3o contra surtos e estabilizador de tens\u00e3o autom\u00e1tico.\" width=\"750\" height=\"763\" srcset=\"https:\/\/www.upspower-supply.com\/wp-content\/uploads\/2025\/06\/uninterruptible-power-supply-with-surge-protection-with-automatic-voltage-stabiliser.jpeg 750w, https:\/\/www.upspower-supply.com\/wp-content\/uploads\/2025\/06\/uninterruptible-power-supply-with-surge-protection-with-automatic-voltage-stabiliser-295x300.jpeg 295w, https:\/\/www.upspower-supply.com\/wp-content\/uploads\/2025\/06\/uninterruptible-power-supply-with-surge-protection-with-automatic-voltage-stabiliser-12x12.jpeg 12w, https:\/\/www.upspower-supply.com\/wp-content\/uploads\/2025\/06\/uninterruptible-power-supply-with-surge-protection-with-automatic-voltage-stabiliser-600x610.jpeg 600w\" sizes=\"auto, (max-width: 750px) 100vw, 750px\" \/> <img loading=\"lazy\" decoding=\"async\" class=\"alignnone wp-image-1497 size-large\" src=\"https:\/\/www.upspower-supply.com\/wp-content\/uploads\/2025\/06\/uninterruptible-power-supply-with-ultra-quiet-design-736x1024.jpeg\" alt=\"Fonte de alimenta\u00e7\u00e3o ininterrupta com design ultrassilencioso\" width=\"736\" height=\"1024\" srcset=\"https:\/\/www.upspower-supply.com\/wp-content\/uploads\/2025\/06\/uninterruptible-power-supply-with-ultra-quiet-design-736x1024.jpeg 736w, https:\/\/www.upspower-supply.com\/wp-content\/uploads\/2025\/06\/uninterruptible-power-supply-with-ultra-quiet-design-216x300.jpeg 216w, https:\/\/www.upspower-supply.com\/wp-content\/uploads\/2025\/06\/uninterruptible-power-supply-with-ultra-quiet-design-9x12.jpeg 9w, https:\/\/www.upspower-supply.com\/wp-content\/uploads\/2025\/06\/uninterruptible-power-supply-with-ultra-quiet-design-600x835.jpeg 600w, https:\/\/www.upspower-supply.com\/wp-content\/uploads\/2025\/06\/uninterruptible-power-supply-with-ultra-quiet-design.jpeg 750w\" sizes=\"auto, (max-width: 736px) 100vw, 736px\" \/><\/p>","protected":false},"excerpt":{"rendered":"<p>Apresentamos nosso nobreak (UPS) de \u00faltima gera\u00e7\u00e3o, projetado para fornecer estabilidade e prote\u00e7\u00e3o de energia incompar\u00e1veis para seus valiosos dispositivos eletr\u00f4nicos. Desenvolvido para proteger contra quedas, picos e surtos de tens\u00e3o, este nobreak garante que seus equipamentos permane\u00e7am operacionais quando voc\u00ea mais precisar.<\/p>","protected":false},"featured_media":1489,"comment_status":"open","ping_status":"closed","template":"","meta":{"_acf_changed":false,"_uag_custom_page_level_css":"","site-sidebar-layout":"default","site-content-layout":"","ast-site-content-layout":"default","site-content-style":"default","site-sidebar-style":"default","ast-global-header-display":"","ast-banner-title-visibility":"","ast-main-header-display":"","ast-hfb-above-header-display":"","ast-hfb-below-header-display":"","ast-hfb-mobile-header-display":"","site-post-title":"","ast-breadcrumbs-content":"","ast-featured-img":"","footer-sml-layout":"","theme-transparent-header-meta":"default","adv-header-id-meta":"","stick-header-meta":"","header-above-stick-meta":"","header-main-stick-meta":"","header-below-stick-meta":"","astra-migrate-meta-layouts":"set","ast-page-background-enabled":"default","ast-page-background-meta":{"desktop":{"background-color":"var(--ast-global-color-4)","background-image":"","background-repeat":"repeat","background-position":"center center","background-size":"auto","background-attachment":"scroll","background-type":"","background-media":"","overlay-type":"","overlay-color":"","overlay-opacity":"","overlay-gradient":""},"tablet":{"background-color":"","background-image":"","background-repeat":"repeat","background-position":"center center","background-size":"auto","background-attachment":"scroll","background-type":"","background-media":"","overlay-type":"","overlay-color":"","overlay-opacity":"","overlay-gradient":""},"mobile":{"background-color":"","background-image":"","background-repeat":"repeat","background-position":"center center","background-size":"auto","background-attachment":"scroll","background-type":"","background-media":"","overlay-type":"","overlay-color":"","overlay-opacity":"","overlay-gradient":""}},"ast-content-background-meta":{"desktop":{"background-color":"var(--ast-global-color-5)","background-image":"","background-repeat":"repeat","background-position":"center center","background-size":"auto","background-attachment":"scroll","background-type":"","background-media":"","overlay-type":"","overlay-color":"","overlay-opacity":"","overlay-gradient":""},"tablet":{"background-color":"var(--ast-global-color-5)","background-image":"","background-repeat":"repeat","background-position":"center center","background-size":"auto","background-attachment":"scroll","background-type":"","background-media":"","overlay-type":"","overlay-color":"","overlay-opacity":"","overlay-gradient":""},"mobile":{"background-color":"var(--ast-global-color-5)","background-image":"","background-repeat":"repeat","background-position":"center center","background-size":"auto","background-attachment":"scroll","background-type":"","background-media":"","overlay-type":"","overlay-color":"","overlay-opacity":"","overlay-gradient":""}}},"product_brand":[],"product_cat":[26],"product_tag":[34],"class_list":{"0":"post-1487","1":"product","2":"type-product","3":"status-publish","4":"has-post-thumbnail","6":"product_cat-online-ups","7":"product_tag-3kva-online-ups","8":"desktop-align-left","9":"tablet-align-left","10":"mobile-align-left","12":"first","13":"instock","14":"shipping-taxable","15":"product-type-simple"},"acf":[],"yoast_head":"<!-- This site is optimized with the Yoast SEO plugin v25.0 - https:\/\/yoast.com\/wordpress\/plugins\/seo\/ -->\n<title>Uninterruptible power supply with surge protection - UPS power supply<\/title>\n<meta name=\"description\" content=\"Uninterruptible Power Supply (UPS) designed to Engineered to safeguard against outages, spikes, and surges, provide power stability and protection.\" \/>\n<meta name=\"robots\" content=\"index, follow, max-snippet:-1, max-image-preview:large, max-video-preview:-1\" \/>\n<link rel=\"canonical\" href=\"https:\/\/www.upspower-supply.com\/pt\/produto\/uninterruptible-power-supply-with-surge-protection\/\" \/>\n<meta property=\"og:locale\" content=\"pt_PT\" \/>\n<meta property=\"og:type\" content=\"article\" \/>\n<meta property=\"og:title\" content=\"Uninterruptible power supply with surge protection - UPS power supply\" \/>\n<meta property=\"og:description\" content=\"Uninterruptible Power Supply (UPS) designed to Engineered to safeguard against outages, spikes, and surges, provide power stability and protection.\" \/>\n<meta property=\"og:url\" content=\"https:\/\/www.upspower-supply.com\/pt\/produto\/uninterruptible-power-supply-with-surge-protection\/\" \/>\n<meta property=\"og:site_name\" content=\"UPS power supply\" \/>\n<meta property=\"article:modified_time\" content=\"2025-06-16T09:12:21+00:00\" \/>\n<meta property=\"og:image\" content=\"https:\/\/www.upspower-supply.com\/wp-content\/uploads\/2025\/06\/uninterruptible-power-supply-with-surge-protection-2.jpg\" \/>\n\t<meta property=\"og:image:width\" content=\"800\" \/>\n\t<meta property=\"og:image:height\" content=\"800\" \/>\n\t<meta property=\"og:image:type\" content=\"image\/jpeg\" \/>\n<meta name=\"twitter:card\" content=\"summary_large_image\" \/>\n<meta name=\"twitter:label1\" content=\"Tempo estimado de leitura\" \/>\n\t<meta name=\"twitter:data1\" content=\"2 minutos\" \/>\n<script type=\"application\/ld+json\" class=\"yoast-schema-graph\">{\"@context\":\"https:\/\/schema.org\",\"@graph\":[{\"@type\":\"WebPage\",\"@id\":\"https:\/\/www.upspower-supply.com\/product\/uninterruptible-power-supply-with-surge-protection\/\",\"url\":\"https:\/\/www.upspower-supply.com\/product\/uninterruptible-power-supply-with-surge-protection\/\",\"name\":\"Uninterruptible power supply with surge protection - UPS power supply\",\"isPartOf\":{\"@id\":\"https:\/\/www.upspower-supply.com\/#website\"},\"primaryImageOfPage\":{\"@id\":\"https:\/\/www.upspower-supply.com\/product\/uninterruptible-power-supply-with-surge-protection\/#primaryimage\"},\"image\":{\"@id\":\"https:\/\/www.upspower-supply.com\/product\/uninterruptible-power-supply-with-surge-protection\/#primaryimage\"},\"thumbnailUrl\":\"https:\/\/www.upspower-supply.com\/wp-content\/uploads\/2025\/06\/uninterruptible-power-supply-with-surge-protection-2.jpg\",\"datePublished\":\"2025-06-16T08:59:24+00:00\",\"dateModified\":\"2025-06-16T09:12:21+00:00\",\"description\":\"Uninterruptible Power Supply (UPS) designed to Engineered to safeguard against outages, spikes, and surges, provide power stability and protection.\",\"breadcrumb\":{\"@id\":\"https:\/\/www.upspower-supply.com\/product\/uninterruptible-power-supply-with-surge-protection\/#breadcrumb\"},\"inLanguage\":\"pt-PT\",\"potentialAction\":[{\"@type\":\"ReadAction\",\"target\":[\"https:\/\/www.upspower-supply.com\/product\/uninterruptible-power-supply-with-surge-protection\/\"]}]},{\"@type\":\"ImageObject\",\"inLanguage\":\"pt-PT\",\"@id\":\"https:\/\/www.upspower-supply.com\/product\/uninterruptible-power-supply-with-surge-protection\/#primaryimage\",\"url\":\"https:\/\/www.upspower-supply.com\/wp-content\/uploads\/2025\/06\/uninterruptible-power-supply-with-surge-protection-2.jpg\",\"contentUrl\":\"https:\/\/www.upspower-supply.com\/wp-content\/uploads\/2025\/06\/uninterruptible-power-supply-with-surge-protection-2.jpg\",\"width\":800,\"height\":800,\"caption\":\"uninterruptible power supply with surge protection 3kva\"},{\"@type\":\"BreadcrumbList\",\"@id\":\"https:\/\/www.upspower-supply.com\/product\/uninterruptible-power-supply-with-surge-protection\/#breadcrumb\",\"itemListElement\":[{\"@type\":\"ListItem\",\"position\":1,\"name\":\"Home\",\"item\":\"https:\/\/www.upspower-supply.com\/\"},{\"@type\":\"ListItem\",\"position\":2,\"name\":\"Shop\",\"item\":\"https:\/\/www.upspower-supply.com\/shop\/\"},{\"@type\":\"ListItem\",\"position\":3,\"name\":\"Uninterruptible power supply with surge protection\"}]},{\"@type\":\"WebSite\",\"@id\":\"https:\/\/www.upspower-supply.com\/#website\",\"url\":\"https:\/\/www.upspower-supply.com\/\",\"name\":\"UPS power supply\",\"description\":\"\",\"potentialAction\":[{\"@type\":\"SearchAction\",\"target\":{\"@type\":\"EntryPoint\",\"urlTemplate\":\"https:\/\/www.upspower-supply.com\/?s={search_term_string}\"},\"query-input\":{\"@type\":\"PropertyValueSpecification\",\"valueRequired\":true,\"valueName\":\"search_term_string\"}}],\"inLanguage\":\"pt-PT\"}]}<\/script>\n<!-- \/ Yoast SEO plugin. -->","yoast_head_json":{"title":"Uninterruptible power supply with surge protection - UPS power supply","description":"Uninterruptible Power Supply (UPS) designed to Engineered to safeguard against outages, spikes, and surges, provide power stability and protection.","robots":{"index":"index","follow":"follow","max-snippet":"max-snippet:-1","max-image-preview":"max-image-preview:large","max-video-preview":"max-video-preview:-1"},"canonical":"https:\/\/www.upspower-supply.com\/pt\/produto\/uninterruptible-power-supply-with-surge-protection\/","og_locale":"pt_PT","og_type":"article","og_title":"Uninterruptible power supply with surge protection - UPS power supply","og_description":"Uninterruptible Power Supply (UPS) designed to Engineered to safeguard against outages, spikes, and surges, provide power stability and protection.","og_url":"https:\/\/www.upspower-supply.com\/pt\/produto\/uninterruptible-power-supply-with-surge-protection\/","og_site_name":"UPS power supply","article_modified_time":"2025-06-16T09:12:21+00:00","og_image":[{"width":800,"height":800,"url":"https:\/\/www.upspower-supply.com\/wp-content\/uploads\/2025\/06\/uninterruptible-power-supply-with-surge-protection-2.jpg","type":"image\/jpeg"}],"twitter_card":"summary_large_image","twitter_misc":{"Tempo estimado de leitura":"2 minutos"},"schema":{"@context":"https:\/\/schema.org","@graph":[{"@type":"WebPage","@id":"https:\/\/www.upspower-supply.com\/product\/uninterruptible-power-supply-with-surge-protection\/","url":"https:\/\/www.upspower-supply.com\/product\/uninterruptible-power-supply-with-surge-protection\/","name":"Uninterruptible power supply with surge protection - UPS power supply","isPartOf":{"@id":"https:\/\/www.upspower-supply.com\/#website"},"primaryImageOfPage":{"@id":"https:\/\/www.upspower-supply.com\/product\/uninterruptible-power-supply-with-surge-protection\/#primaryimage"},"image":{"@id":"https:\/\/www.upspower-supply.com\/product\/uninterruptible-power-supply-with-surge-protection\/#primaryimage"},"thumbnailUrl":"https:\/\/www.upspower-supply.com\/wp-content\/uploads\/2025\/06\/uninterruptible-power-supply-with-surge-protection-2.jpg","datePublished":"2025-06-16T08:59:24+00:00","dateModified":"2025-06-16T09:12:21+00:00","description":"Uninterruptible Power Supply (UPS) designed to Engineered to safeguard against outages, spikes, and surges, provide power stability and protection.","breadcrumb":{"@id":"https:\/\/www.upspower-supply.com\/product\/uninterruptible-power-supply-with-surge-protection\/#breadcrumb"},"inLanguage":"pt-PT","potentialAction":[{"@type":"ReadAction","target":["https:\/\/www.upspower-supply.com\/product\/uninterruptible-power-supply-with-surge-protection\/"]}]},{"@type":"ImageObject","inLanguage":"pt-PT","@id":"https:\/\/www.upspower-supply.com\/product\/uninterruptible-power-supply-with-surge-protection\/#primaryimage","url":"https:\/\/www.upspower-supply.com\/wp-content\/uploads\/2025\/06\/uninterruptible-power-supply-with-surge-protection-2.jpg","contentUrl":"https:\/\/www.upspower-supply.com\/wp-content\/uploads\/2025\/06\/uninterruptible-power-supply-with-surge-protection-2.jpg","width":800,"height":800,"caption":"uninterruptible power supply with surge protection 3kva"},{"@type":"BreadcrumbList","@id":"https:\/\/www.upspower-supply.com\/product\/uninterruptible-power-supply-with-surge-protection\/#breadcrumb","itemListElement":[{"@type":"ListItem","position":1,"name":"Home","item":"https:\/\/www.upspower-supply.com\/"},{"@type":"ListItem","position":2,"name":"Shop","item":"https:\/\/www.upspower-supply.com\/shop\/"},{"@type":"ListItem","position":3,"name":"Uninterruptible power supply with surge protection"}]},{"@type":"WebSite","@id":"https:\/\/www.upspower-supply.com\/#website","url":"https:\/\/www.upspower-supply.com\/","name":"UPS power supply","description":"","potentialAction":[{"@type":"SearchAction","target":{"@type":"EntryPoint","urlTemplate":"https:\/\/www.upspower-supply.com\/?s={search_term_string}"},"query-input":{"@type":"PropertyValueSpecification","valueRequired":true,"valueName":"search_term_string"}}],"inLanguage":"pt-PT"}]}},"uagb_featured_image_src":{"full":["https:\/\/www.upspower-supply.com\/wp-content\/uploads\/2025\/06\/uninterruptible-power-supply-with-surge-protection-2.jpg",800,800,false],"thumbnail":["https:\/\/www.upspower-supply.com\/wp-content\/uploads\/2025\/06\/uninterruptible-power-supply-with-surge-protection-2-150x150.jpg",150,150,true],"medium":["https:\/\/www.upspower-supply.com\/wp-content\/uploads\/2025\/06\/uninterruptible-power-supply-with-surge-protection-2-300x300.jpg",300,300,true],"medium_large":["https:\/\/www.upspower-supply.com\/wp-content\/uploads\/2025\/06\/uninterruptible-power-supply-with-surge-protection-2-768x768.jpg",768,768,true],"large":["https:\/\/www.upspower-supply.com\/wp-content\/uploads\/2025\/06\/uninterruptible-power-supply-with-surge-protection-2.jpg",800,800,false],"1536x1536":["https:\/\/www.upspower-supply.com\/wp-content\/uploads\/2025\/06\/uninterruptible-power-supply-with-surge-protection-2.jpg",800,800,false],"2048x2048":["https:\/\/www.upspower-supply.com\/wp-content\/uploads\/2025\/06\/uninterruptible-power-supply-with-surge-protection-2.jpg",800,800,false],"trp-custom-language-flag":["https:\/\/www.upspower-supply.com\/wp-content\/uploads\/2025\/06\/uninterruptible-power-supply-with-surge-protection-2-12x12.jpg",12,12,true],"woocommerce_thumbnail":["https:\/\/www.upspower-supply.com\/wp-content\/uploads\/2025\/06\/uninterruptible-power-supply-with-surge-protection-2-300x300.jpg",300,300,true],"woocommerce_single":["https:\/\/www.upspower-supply.com\/wp-content\/uploads\/2025\/06\/uninterruptible-power-supply-with-surge-protection-2-600x600.jpg",600,600,true],"woocommerce_gallery_thumbnail":["https:\/\/www.upspower-supply.com\/wp-content\/uploads\/2025\/06\/uninterruptible-power-supply-with-surge-protection-2-100x100.jpg",100,100,true]},"uagb_author_info":{"display_name":"Tyne Tingey","author_link":"https:\/\/www.upspower-supply.com\/pt\/author\/"},"uagb_comment_info":0,"uagb_excerpt":"Introducing our state-of-the-art Uninterruptible Power Supply (UPS) designed to provide uncompromised power stability and protection for your valuable electronic devices. Engineered to safeguard against outages, spikes, and surges, this UPS ensures that your equipment remains operational when you need it most.","_links":{"self":[{"href":"https:\/\/www.upspower-supply.com\/pt\/wp-json\/wp\/v2\/product\/1487","targetHints":{"allow":["GET"]}}],"collection":[{"href":"https:\/\/www.upspower-supply.com\/pt\/wp-json\/wp\/v2\/product"}],"about":[{"href":"https:\/\/www.upspower-supply.com\/pt\/wp-json\/wp\/v2\/types\/product"}],"replies":[{"embeddable":true,"href":"https:\/\/www.upspower-supply.com\/pt\/wp-json\/wp\/v2\/comments?post=1487"}],"wp:featuredmedia":[{"embeddable":true,"href":"https:\/\/www.upspower-supply.com\/pt\/wp-json\/wp\/v2\/media\/1489"}],"wp:attachment":[{"href":"https:\/\/www.upspower-supply.com\/pt\/wp-json\/wp\/v2\/media?parent=1487"}],"wp:term":[{"taxonomy":"product_brand","embeddable":true,"href":"https:\/\/www.upspower-supply.com\/pt\/wp-json\/wp\/v2\/product_brand?post=1487"},{"taxonomy":"product_cat","embeddable":true,"href":"https:\/\/www.upspower-supply.com\/pt\/wp-json\/wp\/v2\/product_cat?post=1487"},{"taxonomy":"product_tag","embeddable":true,"href":"https:\/\/www.upspower-supply.com\/pt\/wp-json\/wp\/v2\/product_tag?post=1487"}],"curies":[{"name":"wp","href":"https:\/\/api.w.org\/{rel}","templated":true}]}}