{"id":1407,"date":"2025-05-29T09:26:48","date_gmt":"2025-05-29T09:26:48","guid":{"rendered":"https:\/\/www.upspower-supply.com\/?post_type=product&#038;p=1407"},"modified":"2026-04-18T05:44:50","modified_gmt":"2026-04-18T05:44:50","slug":"industrial-medical-online-ups-30kva-3-three-phase-50hz-60hz-ups-backup-power-supply","status":"publish","type":"product","link":"https:\/\/www.upspower-supply.com\/pt\/produto\/industrial-medical-online-ups-30kva-3-three-phase-50hz-60hz-ups-backup-power-supply\/","title":{"rendered":"UPS Industrial para Uso M\u00e9dico Online 30KVA Trif\u00e1sico 50HZ 60HZ - Fonte de Alimenta\u00e7\u00e3o de Backup"},"content":{"rendered":"<div class=\"container mx-auto p-4\">\n<table class=\"w-full border-collapse border border-gray-300 bg-white\">\n<thead>\n<tr class=\"bg-gray-200\">\n<th class=\"border border-gray-300 p-2 font-bold\" colspan=\"2\">UPS online de baixa frequ\u00eancia<\/th>\n<th class=\"border border-gray-300 p-2\">RM-U-3310<\/th>\n<th class=\"border border-gray-300 p-2\">RM-U-3315<\/th>\n<th class=\"border border-gray-300 p-2\">RM-U-3320<\/th>\n<th class=\"border border-gray-300 p-2\">RM-U-3330<\/th>\n<th class=\"border border-gray-300 p-2\">RM-U-3340<\/th>\n<th class=\"border border-gray-300 p-2\">RM-U-3360<\/th>\n<\/tr>\n<\/thead>\n<tbody>\n<tr>\n<td class=\"border border-gray-300 p-2 font-bold\" colspan=\"2\">Capacidade nominal (KVA\/KW)<\/td>\n<td class=\"border border-gray-300 p-2 font-bold\">10\/8<\/td>\n<td class=\"border border-gray-300 p-2 font-bold\">15\/12<\/td>\n<td class=\"border border-gray-300 p-2 font-bold\">20\/16<\/td>\n<td class=\"border border-gray-300 p-2 font-bold\">30\/24<\/td>\n<td class=\"border border-gray-300 p-2 font-bold\">40\/32<\/td>\n<td class=\"border border-gray-300 p-2 font-bold\">60\/48<\/td>\n<\/tr>\n<tr>\n<td class=\"border border-gray-300 p-2 font-bold\" rowspan=\"5\">Entrada principal<\/td>\n<td class=\"border border-gray-300 p-2 font-bold\">Fase<\/td>\n<td class=\"border border-gray-300 p-2 font-bold\" colspan=\"6\">Trif\u00e1sico de cinco fios (3L+N+PE)<\/td>\n<\/tr>\n<tr>\n<td class=\"border border-gray-300 p-2 font-bold\">Tens\u00e3o de entrada (Vac)<\/td>\n<td class=\"border border-gray-300 p-2 font-bold\" colspan=\"6\">380\/400\/415<\/td>\n<\/tr>\n<tr>\n<td class=\"border border-gray-300 p-2\">Faixa de tens\u00e3o (Vac)<\/td>\n<td class=\"border border-gray-300 p-2\" colspan=\"6\">\u00b125%<\/td>\n<\/tr>\n<tr>\n<td class=\"border border-gray-300 p-2 font-bold\">Faixa de frequ\u00eancia (Hz)<\/td>\n<td class=\"border border-gray-300 p-2 font-bold\" colspan=\"6\">45\uff5e65<\/td>\n<\/tr>\n<tr>\n<td class=\"border border-gray-300 p-2\">Fator de pot\u00eancia<\/td>\n<td class=\"border border-gray-300 p-2\" colspan=\"6\">&gt;0,95 (com filtro)<\/td>\n<\/tr>\n<tr>\n<td class=\"border border-gray-300 p-2 font-bold\" rowspan=\"4\">Entrada de bypass<\/td>\n<td class=\"border border-gray-300 p-2\">Fase<\/td>\n<td class=\"border border-gray-300 p-2\" colspan=\"6\">Trif\u00e1sico de cinco fios (3L+N+PE)<\/td>\n<\/tr>\n<tr>\n<td class=\"border border-gray-300 p-2\">Tens\u00e3o de entrada (Vac)<\/td>\n<td class=\"border border-gray-300 p-2\" colspan=\"6\">380\/400\/415<\/td>\n<\/tr>\n<tr>\n<td class=\"border border-gray-300 p-2\">Faixa de tens\u00e3o (Vac)<\/td>\n<td class=\"border border-gray-300 p-2\" colspan=\"6\">+10%, +15%, +20% (configur\u00e1veis); -10%, -20%, -30% (configur\u00e1veis)<\/td>\n<\/tr>\n<tr>\n<td class=\"border border-gray-300 p-2\">Frequ\u00eancia de entrada (Hz)<\/td>\n<td class=\"border border-gray-300 p-2\" colspan=\"6\">50 (60) +10%<\/td>\n<\/tr>\n<tr>\n<td class=\"border border-gray-300 p-2 font-bold\" rowspan=\"7\">Sa\u00edda<\/td>\n<td class=\"border border-gray-300 p-2 font-bold\">Tens\u00e3o (Vac)<\/td>\n<td class=\"border border-gray-300 p-2 font-bold\" colspan=\"6\">380\/400\/415 \u00b11%<\/td>\n<\/tr>\n<tr>\n<td class=\"border border-gray-300 p-2 font-bold\">Fator de pot\u00eancia<\/td>\n<td class=\"border border-gray-300 p-2 font-bold\" colspan=\"6\">0.8<\/td>\n<\/tr>\n<tr>\n<td class=\"border border-gray-300 p-2\">Frequ\u00eancia (Hz)<\/td>\n<td class=\"border border-gray-300 p-2\" colspan=\"6\">Monitoramento autom\u00e1tico da frequ\u00eancia de bypass<\/td>\n<\/tr>\n<tr>\n<td class=\"border border-gray-300 p-2\">forma de onda<\/td>\n<td class=\"border border-gray-300 p-2\" colspan=\"6\">Distor\u00e7\u00e3o harm\u00f4nica total (THDV) da onda senoidal inferior a 2% (carga linear pura)<\/td>\n<\/tr>\n<tr>\n<td class=\"border border-gray-300 p-2\">Tempo de comuta\u00e7\u00e3o (ms)<\/td>\n<td class=\"border border-gray-300 p-2\" colspan=\"6\">0 ms<\/td>\n<\/tr>\n<tr>\n<td class=\"border border-gray-300 p-2\">Efici\u00eancia geral<\/td>\n<td class=\"border border-gray-300 p-2\" colspan=\"3\">\u226591%<\/td>\n<td class=\"border border-gray-300 p-2\" colspan=\"3\">\u226592%<\/td>\n<\/tr>\n<tr>\n<td class=\"border border-gray-300 p-2\">Capacidade de sobrecarga<\/td>\n<td class=\"border border-gray-300 p-2\" colspan=\"6\">105%~110%: 60 min para bypass; 110%~125%: 10 min para bypass; 125%~150%: 1 min para bypass; &gt;150%: 10 s para bypass<\/td>\n<\/tr>\n<tr>\n<td class=\"border border-gray-300 p-2 font-bold\">Bateria<\/td>\n<td class=\"border border-gray-300 p-2\">Tens\u00e3o da bateria (Vac)<\/td>\n<td class=\"border border-gray-300 p-2\" colspan=\"3\">384 (348 opcional)<\/td>\n<td class=\"border border-gray-300 p-2\" colspan=\"3\">384 (348\/360 opcional)<\/td>\n<\/tr>\n<tr>\n<td class=\"border border-gray-300 p-2 font-bold\" rowspan=\"5\">Ambiente<\/td>\n<td class=\"border border-gray-300 p-2\">Temperatura de opera\u00e7\u00e3o (\u00b0C)<\/td>\n<td class=\"border border-gray-300 p-2\" colspan=\"6\">-10\uff5e40<\/td>\n<\/tr>\n<tr>\n<td class=\"border border-gray-300 p-2\">Temperatura de armazenamento (\u00b0C)<\/td>\n<td class=\"border border-gray-300 p-2\" colspan=\"6\">-25\uff5e55 (sem bateria)<\/td>\n<\/tr>\n<tr>\n<td class=\"border border-gray-300 p-2\">Umidade relativa<\/td>\n<td class=\"border border-gray-300 p-2\" colspan=\"6\">0\uff5e95% (sem cobertura)<\/td>\n<\/tr>\n<tr>\n<td class=\"border border-gray-300 p-2\">Altitude de trabalho<\/td>\n<td class=\"border border-gray-300 p-2\" colspan=\"6\">&lt; 1500m, utilize a redu\u00e7\u00e3o de pot\u00eancia de acordo com GB\/T3859.2<\/td>\n<\/tr>\n<tr>\n<td class=\"border border-gray-300 p-2\">Ru\u00eddo (dB)<\/td>\n<td class=\"border border-gray-300 p-2\" colspan=\"6\">&lt;55 (a 1 metro do dispositivo)<\/td>\n<\/tr>\n<tr>\n<td class=\"border border-gray-300 p-2 font-bold\" rowspan=\"3\">Outras funcionalidades<\/td>\n<td class=\"border border-gray-300 p-2\">Fun\u00e7\u00e3o de alarme<\/td>\n<td class=\"border border-gray-300 p-2\" colspan=\"6\">Sobrecarga de sa\u00edda, anomalia na rede el\u00e9trica, falha do UPS, subtens\u00e3o da bateria, etc.<\/td>\n<\/tr>\n<tr>\n<td class=\"border border-gray-300 p-2\">Fun\u00e7\u00e3o protetora<\/td>\n<td class=\"border border-gray-300 p-2\" colspan=\"6\">curto-circuito na sa\u00edda, sobrecarga, sobretemperatura, subtens\u00e3o da bateria, sobretens\u00e3o e subtens\u00e3o na sa\u00edda, alarme de falha do ventilador<\/td>\n<\/tr>\n<tr>\n<td class=\"border border-gray-300 p-2\">Fun\u00e7\u00e3o de comunica\u00e7\u00e3o<\/td>\n<td class=\"border border-gray-300 p-2\" colspan=\"6\"><span class=\"font-bold\">Padr\u00e3o: <\/span><span class=\"text-blue-600\">RS232\/RS485<\/span>,<br \/>\n<span class=\"font-bold\">Opcional: <\/span><span class=\"text-blue-600\">SNMP\/JBUS\/MODBUS\/Contato seco<\/span><\/td>\n<\/tr>\n<tr>\n<td class=\"border border-gray-300 p-2 font-bold\" rowspan=\"3\">Caracter\u00edsticas mec\u00e2nicas<\/td>\n<td class=\"border border-gray-300 p-2\">Dimens\u00f5es (L*P*A mm)<\/td>\n<td class=\"border border-gray-300 p-2\" colspan=\"3\">300*600*810<\/td>\n<td class=\"border border-gray-300 p-2\" colspan=\"2\">400*750*1010<\/td>\n<td class=\"border border-gray-300 p-2\">450*810*1160<\/td>\n<\/tr>\n<tr>\n<td class=\"border border-gray-300 p-2\">Peso l\u00edquido (kg)<\/td>\n<td class=\"border border-gray-300 p-2\">84<\/td>\n<td class=\"border border-gray-300 p-2\">106<\/td>\n<td class=\"border border-gray-300 p-2\">113<\/td>\n<td class=\"border border-gray-300 p-2\">177<\/td>\n<td class=\"border border-gray-300 p-2\">195<\/td>\n<td class=\"border border-gray-300 p-2\">270<\/td>\n<\/tr>\n<tr>\n<td class=\"border border-gray-300 p-2\">Padr\u00e3o executivo<\/td>\n<td class=\"border border-gray-300 p-2\" colspan=\"6\">YD\/T1095-2017<\/td>\n<\/tr>\n<\/tbody>\n<\/table>\n<\/div>","protected":false},"excerpt":{"rendered":"<div>O RM-U-3330, um sistema UPS online industrial para uso m\u00e9dico, \u00e9 um robusto dispositivo de 30 kVA\/24 kW. <strong>fonte de alimenta\u00e7\u00e3o ininterrupta trif\u00e1sica<\/strong> Projetado para aplica\u00e7\u00f5es cr\u00edticas em ambientes industriais e m\u00e9dicos, este nobreak possui entrada trif\u00e1sica de cinco fios (380\/400\/415V \u00b125%) e sa\u00edda (380\/400\/415V \u00b11%), garantindo fornecimento de energia est\u00e1vel com fator de pot\u00eancia de 0,8 e efici\u00eancia \u226592%. Com sa\u00edda de onda senoidal pura (THDV &lt;2%), tempo de comuta\u00e7\u00e3o zero e prote\u00e7\u00e3o avan\u00e7ada contra sobrecarga (at\u00e9 150% por 10 segundos), assegura desempenho confi\u00e1vel. Equipado com bateria de 384V (348\/360V opcional), permite opera\u00e7\u00e3o cont\u00ednua durante interrup\u00e7\u00f5es de energia. O nobreak inclui comunica\u00e7\u00e3o RS232\/RS485 (SNMP\/JBUS\/MODBUS opcional) e opera em temperaturas de -10\u00b0C a 40\u00b0C, sendo ideal para ambientes exigentes que requerem energia ininterrupta.<\/div>","protected":false},"featured_media":1409,"comment_status":"open","ping_status":"closed","template":"","meta":{"_acf_changed":false,"_uag_custom_page_level_css":"","site-sidebar-layout":"default","site-content-layout":"","ast-site-content-layout":"default","site-content-style":"default","site-sidebar-style":"default","ast-global-header-display":"","ast-banner-title-visibility":"","ast-main-header-display":"","ast-hfb-above-header-display":"","ast-hfb-below-header-display":"","ast-hfb-mobile-header-display":"","site-post-title":"","ast-breadcrumbs-content":"","ast-featured-img":"","footer-sml-layout":"","theme-transparent-header-meta":"default","adv-header-id-meta":"","stick-header-meta":"","header-above-stick-meta":"","header-main-stick-meta":"","header-below-stick-meta":"","astra-migrate-meta-layouts":"set","ast-page-background-enabled":"default","ast-page-background-meta":{"desktop":{"background-color":"var(--ast-global-color-4)","background-image":"","background-repeat":"repeat","background-position":"center center","background-size":"auto","background-attachment":"scroll","background-type":"","background-media":"","overlay-type":"","overlay-color":"","overlay-opacity":"","overlay-gradient":""},"tablet":{"background-color":"","background-image":"","background-repeat":"repeat","background-position":"center center","background-size":"auto","background-attachment":"scroll","background-type":"","background-media":"","overlay-type":"","overlay-color":"","overlay-opacity":"","overlay-gradient":""},"mobile":{"background-color":"","background-image":"","background-repeat":"repeat","background-position":"center center","background-size":"auto","background-attachment":"scroll","background-type":"","background-media":"","overlay-type":"","overlay-color":"","overlay-opacity":"","overlay-gradient":""}},"ast-content-background-meta":{"desktop":{"background-color":"var(--ast-global-color-5)","background-image":"","background-repeat":"repeat","background-position":"center center","background-size":"auto","background-attachment":"scroll","background-type":"","background-media":"","overlay-type":"","overlay-color":"","overlay-opacity":"","overlay-gradient":""},"tablet":{"background-color":"var(--ast-global-color-5)","background-image":"","background-repeat":"repeat","background-position":"center center","background-size":"auto","background-attachment":"scroll","background-type":"","background-media":"","overlay-type":"","overlay-color":"","overlay-opacity":"","overlay-gradient":""},"mobile":{"background-color":"var(--ast-global-color-5)","background-image":"","background-repeat":"repeat","background-position":"center center","background-size":"auto","background-attachment":"scroll","background-type":"","background-media":"","overlay-type":"","overlay-color":"","overlay-opacity":"","overlay-gradient":""}}},"product_brand":[],"product_cat":[33,26],"product_tag":[51,39],"class_list":{"0":"post-1407","1":"product","2":"type-product","3":"status-publish","4":"has-post-thumbnail","6":"product_cat-modular-ups","7":"product_cat-online-ups","8":"product_tag-industrial-ups","9":"product_tag-ups-30-kva","10":"desktop-align-left","11":"tablet-align-left","12":"mobile-align-left","14":"first","15":"instock","16":"shipping-taxable","17":"product-type-simple"},"acf":[],"yoast_head":"<!-- This site is optimized with the Yoast SEO plugin v25.0 - https:\/\/yoast.com\/wordpress\/plugins\/seo\/ -->\n<title>Industrial Medical Online UPS 30KVA 3 Three Phase 50HZ 60HZ UPS Backup Power Supply - UPS power supply<\/title>\n<meta name=\"robots\" content=\"index, follow, max-snippet:-1, max-image-preview:large, max-video-preview:-1\" \/>\n<link rel=\"canonical\" href=\"https:\/\/www.upspower-supply.com\/pt\/produto\/industrial-medical-online-ups-30kva-3-three-phase-50hz-60hz-ups-backup-power-supply\/\" \/>\n<meta property=\"og:locale\" content=\"pt_PT\" \/>\n<meta property=\"og:type\" content=\"article\" \/>\n<meta property=\"og:title\" content=\"Industrial Medical Online UPS 30KVA 3 Three Phase 50HZ 60HZ UPS Backup Power Supply - UPS power supply\" \/>\n<meta property=\"og:description\" content=\"The RM-U-3330 Industrial Medical Online UPS is a robust 30KVA\/24KW three-phase uninterruptible power supply designed for critical applications in industrial and medical environments. Featuring a three-phase five-wire input (380\/400\/415V \u00b125%) and output (380\/400\/415V \u00b11%), it ensures stable power delivery with a 0.8 power factor and \u226592% efficiency. With a pure sine wave output (THDV &lt;2%), zero switching time, and advanced overload protection (up to 150% for 10 seconds), it guarantees reliable performance. Equipped with a 384V battery (348\/360V optional), it supports seamless operation during power disruptions. The UPS includes RS232\/RS485 communication (optional SNMP\/JBUS\/MODBUS) and operates in temperatures from -10\u00b0C to 40\u00b0C, making it ideal for demanding settings requiring uninterrupted power.\" \/>\n<meta property=\"og:url\" content=\"https:\/\/www.upspower-supply.com\/pt\/produto\/industrial-medical-online-ups-30kva-3-three-phase-50hz-60hz-ups-backup-power-supply\/\" \/>\n<meta property=\"og:site_name\" content=\"UPS power supply\" \/>\n<meta property=\"article:modified_time\" content=\"2026-04-18T05:44:50+00:00\" \/>\n<meta property=\"og:image\" content=\"https:\/\/www.upspower-supply.com\/wp-content\/uploads\/2025\/05\/industrial-medical-online-ups-30kva-3-three-phase-50hz-60hz-ups-1.jpg\" \/>\n\t<meta property=\"og:image:width\" content=\"1000\" \/>\n\t<meta property=\"og:image:height\" content=\"1000\" \/>\n\t<meta property=\"og:image:type\" content=\"image\/jpeg\" \/>\n<meta name=\"twitter:card\" content=\"summary_large_image\" \/>\n<meta name=\"twitter:label1\" content=\"Tempo estimado de leitura\" \/>\n\t<meta name=\"twitter:data1\" content=\"2 minutos\" \/>\n<script type=\"application\/ld+json\" class=\"yoast-schema-graph\">{\"@context\":\"https:\/\/schema.org\",\"@graph\":[{\"@type\":\"WebPage\",\"@id\":\"https:\/\/www.upspower-supply.com\/product\/industrial-medical-online-ups-30kva-3-three-phase-50hz-60hz-ups-backup-power-supply\/\",\"url\":\"https:\/\/www.upspower-supply.com\/product\/industrial-medical-online-ups-30kva-3-three-phase-50hz-60hz-ups-backup-power-supply\/\",\"name\":\"Industrial Medical Online UPS 30KVA 3 Three Phase 50HZ 60HZ UPS Backup Power Supply - UPS power supply\",\"isPartOf\":{\"@id\":\"https:\/\/www.upspower-supply.com\/#website\"},\"primaryImageOfPage\":{\"@id\":\"https:\/\/www.upspower-supply.com\/product\/industrial-medical-online-ups-30kva-3-three-phase-50hz-60hz-ups-backup-power-supply\/#primaryimage\"},\"image\":{\"@id\":\"https:\/\/www.upspower-supply.com\/product\/industrial-medical-online-ups-30kva-3-three-phase-50hz-60hz-ups-backup-power-supply\/#primaryimage\"},\"thumbnailUrl\":\"https:\/\/www.upspower-supply.com\/wp-content\/uploads\/2025\/05\/industrial-medical-online-ups-30kva-3-three-phase-50hz-60hz-ups-1.jpg\",\"datePublished\":\"2025-05-29T09:26:48+00:00\",\"dateModified\":\"2026-04-18T05:44:50+00:00\",\"breadcrumb\":{\"@id\":\"https:\/\/www.upspower-supply.com\/product\/industrial-medical-online-ups-30kva-3-three-phase-50hz-60hz-ups-backup-power-supply\/#breadcrumb\"},\"inLanguage\":\"pt-PT\",\"potentialAction\":[{\"@type\":\"ReadAction\",\"target\":[\"https:\/\/www.upspower-supply.com\/product\/industrial-medical-online-ups-30kva-3-three-phase-50hz-60hz-ups-backup-power-supply\/\"]}]},{\"@type\":\"ImageObject\",\"inLanguage\":\"pt-PT\",\"@id\":\"https:\/\/www.upspower-supply.com\/product\/industrial-medical-online-ups-30kva-3-three-phase-50hz-60hz-ups-backup-power-supply\/#primaryimage\",\"url\":\"https:\/\/www.upspower-supply.com\/wp-content\/uploads\/2025\/05\/industrial-medical-online-ups-30kva-3-three-phase-50hz-60hz-ups-1.jpg\",\"contentUrl\":\"https:\/\/www.upspower-supply.com\/wp-content\/uploads\/2025\/05\/industrial-medical-online-ups-30kva-3-three-phase-50hz-60hz-ups-1.jpg\",\"width\":1000,\"height\":1000,\"caption\":\"30KVA 3 Three Phase Online UPS\"},{\"@type\":\"BreadcrumbList\",\"@id\":\"https:\/\/www.upspower-supply.com\/product\/industrial-medical-online-ups-30kva-3-three-phase-50hz-60hz-ups-backup-power-supply\/#breadcrumb\",\"itemListElement\":[{\"@type\":\"ListItem\",\"position\":1,\"name\":\"Home\",\"item\":\"https:\/\/www.upspower-supply.com\/\"},{\"@type\":\"ListItem\",\"position\":2,\"name\":\"Shop\",\"item\":\"https:\/\/www.upspower-supply.com\/shop\/\"},{\"@type\":\"ListItem\",\"position\":3,\"name\":\"Industrial Medical Online UPS 30KVA 3 Three Phase 50HZ 60HZ UPS Backup Power Supply\"}]},{\"@type\":\"WebSite\",\"@id\":\"https:\/\/www.upspower-supply.com\/#website\",\"url\":\"https:\/\/www.upspower-supply.com\/\",\"name\":\"UPS power supply\",\"description\":\"\",\"potentialAction\":[{\"@type\":\"SearchAction\",\"target\":{\"@type\":\"EntryPoint\",\"urlTemplate\":\"https:\/\/www.upspower-supply.com\/?s={search_term_string}\"},\"query-input\":{\"@type\":\"PropertyValueSpecification\",\"valueRequired\":true,\"valueName\":\"search_term_string\"}}],\"inLanguage\":\"pt-PT\"}]}<\/script>\n<!-- \/ Yoast SEO plugin. -->","yoast_head_json":{"title":"Industrial Medical Online UPS 30KVA 3 Three Phase 50HZ 60HZ UPS Backup Power Supply - UPS power supply","robots":{"index":"index","follow":"follow","max-snippet":"max-snippet:-1","max-image-preview":"max-image-preview:large","max-video-preview":"max-video-preview:-1"},"canonical":"https:\/\/www.upspower-supply.com\/pt\/produto\/industrial-medical-online-ups-30kva-3-three-phase-50hz-60hz-ups-backup-power-supply\/","og_locale":"pt_PT","og_type":"article","og_title":"Industrial Medical Online UPS 30KVA 3 Three Phase 50HZ 60HZ UPS Backup Power Supply - UPS power supply","og_description":"The RM-U-3330 Industrial Medical Online UPS is a robust 30KVA\/24KW three-phase uninterruptible power supply designed for critical applications in industrial and medical environments. Featuring a three-phase five-wire input (380\/400\/415V \u00b125%) and output (380\/400\/415V \u00b11%), it ensures stable power delivery with a 0.8 power factor and \u226592% efficiency. With a pure sine wave output (THDV &lt;2%), zero switching time, and advanced overload protection (up to 150% for 10 seconds), it guarantees reliable performance. Equipped with a 384V battery (348\/360V optional), it supports seamless operation during power disruptions. The UPS includes RS232\/RS485 communication (optional SNMP\/JBUS\/MODBUS) and operates in temperatures from -10\u00b0C to 40\u00b0C, making it ideal for demanding settings requiring uninterrupted power.","og_url":"https:\/\/www.upspower-supply.com\/pt\/produto\/industrial-medical-online-ups-30kva-3-three-phase-50hz-60hz-ups-backup-power-supply\/","og_site_name":"UPS power supply","article_modified_time":"2026-04-18T05:44:50+00:00","og_image":[{"width":1000,"height":1000,"url":"https:\/\/www.upspower-supply.com\/wp-content\/uploads\/2025\/05\/industrial-medical-online-ups-30kva-3-three-phase-50hz-60hz-ups-1.jpg","type":"image\/jpeg"}],"twitter_card":"summary_large_image","twitter_misc":{"Tempo estimado de leitura":"2 minutos"},"schema":{"@context":"https:\/\/schema.org","@graph":[{"@type":"WebPage","@id":"https:\/\/www.upspower-supply.com\/product\/industrial-medical-online-ups-30kva-3-three-phase-50hz-60hz-ups-backup-power-supply\/","url":"https:\/\/www.upspower-supply.com\/product\/industrial-medical-online-ups-30kva-3-three-phase-50hz-60hz-ups-backup-power-supply\/","name":"Industrial Medical Online UPS 30KVA 3 Three Phase 50HZ 60HZ UPS Backup Power Supply - UPS power supply","isPartOf":{"@id":"https:\/\/www.upspower-supply.com\/#website"},"primaryImageOfPage":{"@id":"https:\/\/www.upspower-supply.com\/product\/industrial-medical-online-ups-30kva-3-three-phase-50hz-60hz-ups-backup-power-supply\/#primaryimage"},"image":{"@id":"https:\/\/www.upspower-supply.com\/product\/industrial-medical-online-ups-30kva-3-three-phase-50hz-60hz-ups-backup-power-supply\/#primaryimage"},"thumbnailUrl":"https:\/\/www.upspower-supply.com\/wp-content\/uploads\/2025\/05\/industrial-medical-online-ups-30kva-3-three-phase-50hz-60hz-ups-1.jpg","datePublished":"2025-05-29T09:26:48+00:00","dateModified":"2026-04-18T05:44:50+00:00","breadcrumb":{"@id":"https:\/\/www.upspower-supply.com\/product\/industrial-medical-online-ups-30kva-3-three-phase-50hz-60hz-ups-backup-power-supply\/#breadcrumb"},"inLanguage":"pt-PT","potentialAction":[{"@type":"ReadAction","target":["https:\/\/www.upspower-supply.com\/product\/industrial-medical-online-ups-30kva-3-three-phase-50hz-60hz-ups-backup-power-supply\/"]}]},{"@type":"ImageObject","inLanguage":"pt-PT","@id":"https:\/\/www.upspower-supply.com\/product\/industrial-medical-online-ups-30kva-3-three-phase-50hz-60hz-ups-backup-power-supply\/#primaryimage","url":"https:\/\/www.upspower-supply.com\/wp-content\/uploads\/2025\/05\/industrial-medical-online-ups-30kva-3-three-phase-50hz-60hz-ups-1.jpg","contentUrl":"https:\/\/www.upspower-supply.com\/wp-content\/uploads\/2025\/05\/industrial-medical-online-ups-30kva-3-three-phase-50hz-60hz-ups-1.jpg","width":1000,"height":1000,"caption":"30KVA 3 Three Phase Online UPS"},{"@type":"BreadcrumbList","@id":"https:\/\/www.upspower-supply.com\/product\/industrial-medical-online-ups-30kva-3-three-phase-50hz-60hz-ups-backup-power-supply\/#breadcrumb","itemListElement":[{"@type":"ListItem","position":1,"name":"Home","item":"https:\/\/www.upspower-supply.com\/"},{"@type":"ListItem","position":2,"name":"Shop","item":"https:\/\/www.upspower-supply.com\/shop\/"},{"@type":"ListItem","position":3,"name":"Industrial Medical Online UPS 30KVA 3 Three Phase 50HZ 60HZ UPS Backup Power Supply"}]},{"@type":"WebSite","@id":"https:\/\/www.upspower-supply.com\/#website","url":"https:\/\/www.upspower-supply.com\/","name":"UPS power supply","description":"","potentialAction":[{"@type":"SearchAction","target":{"@type":"EntryPoint","urlTemplate":"https:\/\/www.upspower-supply.com\/?s={search_term_string}"},"query-input":{"@type":"PropertyValueSpecification","valueRequired":true,"valueName":"search_term_string"}}],"inLanguage":"pt-PT"}]}},"uagb_featured_image_src":{"full":["https:\/\/www.upspower-supply.com\/wp-content\/uploads\/2025\/05\/industrial-medical-online-ups-30kva-3-three-phase-50hz-60hz-ups-1.jpg",1000,1000,false],"thumbnail":["https:\/\/www.upspower-supply.com\/wp-content\/uploads\/2025\/05\/industrial-medical-online-ups-30kva-3-three-phase-50hz-60hz-ups-1-150x150.jpg",150,150,true],"medium":["https:\/\/www.upspower-supply.com\/wp-content\/uploads\/2025\/05\/industrial-medical-online-ups-30kva-3-three-phase-50hz-60hz-ups-1-300x300.jpg",300,300,true],"medium_large":["https:\/\/www.upspower-supply.com\/wp-content\/uploads\/2025\/05\/industrial-medical-online-ups-30kva-3-three-phase-50hz-60hz-ups-1-768x768.jpg",768,768,true],"large":["https:\/\/www.upspower-supply.com\/wp-content\/uploads\/2025\/05\/industrial-medical-online-ups-30kva-3-three-phase-50hz-60hz-ups-1.jpg",1000,1000,false],"1536x1536":["https:\/\/www.upspower-supply.com\/wp-content\/uploads\/2025\/05\/industrial-medical-online-ups-30kva-3-three-phase-50hz-60hz-ups-1.jpg",1000,1000,false],"2048x2048":["https:\/\/www.upspower-supply.com\/wp-content\/uploads\/2025\/05\/industrial-medical-online-ups-30kva-3-three-phase-50hz-60hz-ups-1.jpg",1000,1000,false],"trp-custom-language-flag":["https:\/\/www.upspower-supply.com\/wp-content\/uploads\/2025\/05\/industrial-medical-online-ups-30kva-3-three-phase-50hz-60hz-ups-1-12x12.jpg",12,12,true],"woocommerce_thumbnail":["https:\/\/www.upspower-supply.com\/wp-content\/uploads\/2025\/05\/industrial-medical-online-ups-30kva-3-three-phase-50hz-60hz-ups-1-300x300.jpg",300,300,true],"woocommerce_single":["https:\/\/www.upspower-supply.com\/wp-content\/uploads\/2025\/05\/industrial-medical-online-ups-30kva-3-three-phase-50hz-60hz-ups-1-600x600.jpg",600,600,true],"woocommerce_gallery_thumbnail":["https:\/\/www.upspower-supply.com\/wp-content\/uploads\/2025\/05\/industrial-medical-online-ups-30kva-3-three-phase-50hz-60hz-ups-1-100x100.jpg",100,100,true]},"uagb_author_info":{"display_name":"Tyne Tingey","author_link":"https:\/\/www.upspower-supply.com\/pt\/author\/"},"uagb_comment_info":1,"uagb_excerpt":"The RM-U-3330 Industrial Medical Online UPS is a robust 30KVA\/24KW three-phase uninterruptible power supply designed for critical applications in industrial and medical environments. Featuring a three-phase five-wire input (380\/400\/415V \u00b125%) and output (380\/400\/415V \u00b11%), it ensures stable power delivery with a 0.8 power factor and \u226592% efficiency. With a pure sine wave output (THDV &lt;2%),&hellip;","_links":{"self":[{"href":"https:\/\/www.upspower-supply.com\/pt\/wp-json\/wp\/v2\/product\/1407","targetHints":{"allow":["GET"]}}],"collection":[{"href":"https:\/\/www.upspower-supply.com\/pt\/wp-json\/wp\/v2\/product"}],"about":[{"href":"https:\/\/www.upspower-supply.com\/pt\/wp-json\/wp\/v2\/types\/product"}],"replies":[{"embeddable":true,"href":"https:\/\/www.upspower-supply.com\/pt\/wp-json\/wp\/v2\/comments?post=1407"}],"wp:featuredmedia":[{"embeddable":true,"href":"https:\/\/www.upspower-supply.com\/pt\/wp-json\/wp\/v2\/media\/1409"}],"wp:attachment":[{"href":"https:\/\/www.upspower-supply.com\/pt\/wp-json\/wp\/v2\/media?parent=1407"}],"wp:term":[{"taxonomy":"product_brand","embeddable":true,"href":"https:\/\/www.upspower-supply.com\/pt\/wp-json\/wp\/v2\/product_brand?post=1407"},{"taxonomy":"product_cat","embeddable":true,"href":"https:\/\/www.upspower-supply.com\/pt\/wp-json\/wp\/v2\/product_cat?post=1407"},{"taxonomy":"product_tag","embeddable":true,"href":"https:\/\/www.upspower-supply.com\/pt\/wp-json\/wp\/v2\/product_tag?post=1407"}],"curies":[{"name":"wp","href":"https:\/\/api.w.org\/{rel}","templated":true}]}}