{"id":1354,"date":"2025-05-14T09:27:08","date_gmt":"2025-05-14T09:27:08","guid":{"rendered":"https:\/\/www.upspower-supply.com\/?post_type=product&#038;p=1354"},"modified":"2025-06-26T01:19:56","modified_gmt":"2025-06-26T01:19:56","slug":"sine-wave-offline-ups-400va-240w","status":"publish","type":"product","link":"https:\/\/www.upspower-supply.com\/pt\/produto\/sine-wave-offline-ups-400va-240w\/","title":{"rendered":"UPS offline de onda senoidal 400VA 240W"},"content":{"rendered":"<h3>UPS Offline de Onda Senoidal 400VA 240W \u2013 Solu\u00e7\u00e3o de Backup de Energia de Alto Desempenho<\/h3>\n<p>O UPS Offline de Onda Senoidal 400VA 240W foi projetado para uso residencial e comercial. Este confi\u00e1vel sistema de alimenta\u00e7\u00e3o ininterrupta oferece prote\u00e7\u00e3o robusta para todos os seus dispositivos eletr\u00f4nicos, garantindo opera\u00e7\u00e3o cont\u00ednua durante interrup\u00e7\u00f5es de energia. Com um design elegante e compacto, o UPS se integra facilmente a qualquer ambiente.<\/p>\n<div class=\"max-w-2xl mx-auto bg-white shadow-md rounded-lg overflow-y-auto max-h-[700px]\">\n<table class=\"w-full border-collapse !mb-0\">\n<tbody>\n<tr class=\"border-b\">\n<td class=\"py-2 px-4 font-semibold text-gray-700\">Nome da marca<\/td>\n<td class=\"py-2 px-4 text-gray-600\">RM<\/td>\n<\/tr>\n<tr class=\"border-b\">\n<td class=\"py-2 px-4 font-semibold text-gray-700\">N\u00famero do modelo<\/td>\n<td class=\"py-2 px-4 text-gray-600\">RM400<\/td>\n<\/tr>\n<tr class=\"border-b\">\n<td class=\"py-2 px-4 font-semibold text-gray-700\">Fase<\/td>\n<td class=\"py-2 px-4 text-gray-600\">Monof\u00e1sico<\/td>\n<\/tr>\n<tr class=\"border-b\">\n<td class=\"py-2 px-4 font-semibold text-gray-700\">Prote\u00e7\u00e3o<\/td>\n<td class=\"py-2 px-4 text-gray-600\">Sobretens\u00e3o<\/td>\n<\/tr>\n<tr class=\"border-b\">\n<td class=\"py-2 px-4 font-semibold text-gray-700\">Peso<\/td>\n<td class=\"py-2 px-4 text-gray-600\">4,5 kg<\/td>\n<\/tr>\n<tr class=\"border-b\">\n<td class=\"py-2 px-4 font-semibold text-gray-700\">Tipo<\/td>\n<td class=\"py-2 px-4 text-gray-600\">Espera<\/td>\n<\/tr>\n<tr class=\"border-b\">\n<td class=\"py-2 px-4 font-semibold text-gray-700\">Aplicativo<\/td>\n<td class=\"py-2 px-4 text-gray-600\">Computador<\/td>\n<\/tr>\n<tr class=\"border-b\">\n<td class=\"py-2 px-4 font-semibold text-gray-700\">Nome do produto<\/td>\n<td class=\"py-2 px-4 text-gray-600\">UPS 400VA<\/td>\n<\/tr>\n<tr class=\"border-b\">\n<td class=\"py-2 px-4 font-semibold text-gray-700\">Forma de onda<\/td>\n<td class=\"py-2 px-4 text-gray-600\">Onda senoidal modificada<\/td>\n<\/tr>\n<tr class=\"border-b\">\n<td class=\"py-2 px-4 font-semibold text-gray-700\">Tempo de transfer\u00eancia<\/td>\n<td class=\"py-2 px-4 text-gray-600\">6ms<\/td>\n<\/tr>\n<tr class=\"border-b\">\n<td class=\"py-2 px-4 font-semibold text-gray-700\">Capacidade<\/td>\n<td class=\"py-2 px-4 text-gray-600\">240W<\/td>\n<\/tr>\n<tr class=\"border-b\">\n<td class=\"py-2 px-4 font-semibold text-gray-700\">Mostrar<\/td>\n<td class=\"py-2 px-4 text-gray-600\">LCD<\/td>\n<\/tr>\n<tr class=\"border-b\">\n<td class=\"py-2 px-4 font-semibold text-gray-700\">Tipo de Bateria<\/td>\n<td class=\"py-2 px-4 text-gray-600\">12V 7Ah *1 pe\u00e7a<\/td>\n<\/tr>\n<tr class=\"border-b\">\n<td class=\"py-2 px-4 font-semibold text-gray-700\">Tempo de backup<\/td>\n<td class=\"py-2 px-4 text-gray-600\">20 minutos para o computador<\/td>\n<\/tr>\n<tr class=\"border-b\">\n<td class=\"py-2 px-4 font-semibold text-gray-700\">Garantia<\/td>\n<td class=\"py-2 px-4 text-gray-600\">1 ano<\/td>\n<\/tr>\n<tr class=\"border-b\">\n<td class=\"py-2 px-4 font-semibold text-gray-700\">Faixa de tens\u00e3o de entrada<\/td>\n<td class=\"py-2 px-4 text-gray-600\">162 \u2013 268 Vca \/ 170 \u2013 280 Vca<\/td>\n<\/tr>\n<tr class=\"border-b\">\n<td class=\"py-2 px-4 font-semibold text-gray-700\">Freq\u00fc\u00eancia<\/td>\n<td class=\"py-2 px-4 text-gray-600\">50Hz\u00b11Hz ou 60Hz\u00b11Hz<\/td>\n<\/tr>\n<\/tbody>\n<\/table>\n<\/div>","protected":false},"excerpt":{"rendered":"<p>Desbloqueie o potencial do seu neg\u00f3cio com nossas op\u00e7\u00f5es de atacado para o No-Break Offline de Onda Senoidal. Ideal para varejistas ou distribuidores que buscam ampliar seu portf\u00f3lio de produtos, este no-break est\u00e1 dispon\u00edvel a pre\u00e7os competitivos. Al\u00e9m disso, oferecemos servi\u00e7os de OEM e ODM, permitindo que voc\u00ea personalize a unidade para atender \u00e0 sua marca e \u00e0s necessidades espec\u00edficas do mercado. Garanta que seus produtos se destaquem com recursos e identidade visual personalizados.<\/p>","protected":false},"featured_media":1355,"comment_status":"open","ping_status":"closed","template":"","meta":{"_acf_changed":false,"_uag_custom_page_level_css":"","site-sidebar-layout":"default","site-content-layout":"","ast-site-content-layout":"default","site-content-style":"default","site-sidebar-style":"default","ast-global-header-display":"","ast-banner-title-visibility":"","ast-main-header-display":"","ast-hfb-above-header-display":"","ast-hfb-below-header-display":"","ast-hfb-mobile-header-display":"","site-post-title":"","ast-breadcrumbs-content":"","ast-featured-img":"","footer-sml-layout":"","theme-transparent-header-meta":"default","adv-header-id-meta":"","stick-header-meta":"","header-above-stick-meta":"","header-main-stick-meta":"","header-below-stick-meta":"","astra-migrate-meta-layouts":"set","ast-page-background-enabled":"default","ast-page-background-meta":{"desktop":{"background-color":"var(--ast-global-color-4)","background-image":"","background-repeat":"repeat","background-position":"center center","background-size":"auto","background-attachment":"scroll","background-type":"","background-media":"","overlay-type":"","overlay-color":"","overlay-opacity":"","overlay-gradient":""},"tablet":{"background-color":"","background-image":"","background-repeat":"repeat","background-position":"center center","background-size":"auto","background-attachment":"scroll","background-type":"","background-media":"","overlay-type":"","overlay-color":"","overlay-opacity":"","overlay-gradient":""},"mobile":{"background-color":"","background-image":"","background-repeat":"repeat","background-position":"center center","background-size":"auto","background-attachment":"scroll","background-type":"","background-media":"","overlay-type":"","overlay-color":"","overlay-opacity":"","overlay-gradient":""}},"ast-content-background-meta":{"desktop":{"background-color":"var(--ast-global-color-5)","background-image":"","background-repeat":"repeat","background-position":"center center","background-size":"auto","background-attachment":"scroll","background-type":"","background-media":"","overlay-type":"","overlay-color":"","overlay-opacity":"","overlay-gradient":""},"tablet":{"background-color":"var(--ast-global-color-5)","background-image":"","background-repeat":"repeat","background-position":"center center","background-size":"auto","background-attachment":"scroll","background-type":"","background-media":"","overlay-type":"","overlay-color":"","overlay-opacity":"","overlay-gradient":""},"mobile":{"background-color":"var(--ast-global-color-5)","background-image":"","background-repeat":"repeat","background-position":"center center","background-size":"auto","background-attachment":"scroll","background-type":"","background-media":"","overlay-type":"","overlay-color":"","overlay-opacity":"","overlay-gradient":""}}},"product_brand":[],"product_cat":[38],"product_tag":[],"class_list":{"0":"post-1354","1":"product","2":"type-product","3":"status-publish","4":"has-post-thumbnail","6":"product_cat-offline-ups","7":"desktop-align-left","8":"tablet-align-left","9":"mobile-align-left","11":"first","12":"instock","13":"shipping-taxable","14":"product-type-simple"},"acf":[],"yoast_head":"<!-- This site is optimized with the Yoast SEO plugin v25.0 - https:\/\/yoast.com\/wordpress\/plugins\/seo\/ -->\n<title>Sine Wave Offline UPS 400VA 240W - UPS power supply<\/title>\n<meta name=\"robots\" content=\"index, follow, max-snippet:-1, max-image-preview:large, max-video-preview:-1\" \/>\n<link rel=\"canonical\" href=\"https:\/\/www.upspower-supply.com\/pt\/produto\/sine-wave-offline-ups-400va-240w\/\" \/>\n<meta property=\"og:locale\" content=\"pt_PT\" \/>\n<meta property=\"og:type\" content=\"article\" \/>\n<meta property=\"og:title\" content=\"Sine Wave Offline UPS 400VA 240W - UPS power supply\" \/>\n<meta property=\"og:description\" content=\"Unlock the potential for your business with our wholesale options for the Sine Wave Offline UPS. Ideal for retailers or distributors looking to enhance their product portfolio, this UPS is available at competitive pricing. Additionally, we offer OEM and ODM services, allowing you to customize the unit to suit your brand and specific market needs. Ensure your offerings stand out with tailored features and branding.\" \/>\n<meta property=\"og:url\" content=\"https:\/\/www.upspower-supply.com\/pt\/produto\/sine-wave-offline-ups-400va-240w\/\" \/>\n<meta property=\"og:site_name\" content=\"UPS power supply\" \/>\n<meta property=\"article:modified_time\" content=\"2025-06-26T01:19:56+00:00\" \/>\n<meta property=\"og:image\" content=\"https:\/\/www.upspower-supply.com\/wp-content\/uploads\/2025\/05\/sine-wave-offline-ups-400va-240w-1-min.jpg\" \/>\n\t<meta property=\"og:image:width\" content=\"800\" \/>\n\t<meta property=\"og:image:height\" content=\"800\" \/>\n\t<meta property=\"og:image:type\" content=\"image\/jpeg\" \/>\n<meta name=\"twitter:card\" content=\"summary_large_image\" \/>\n<meta name=\"twitter:label1\" content=\"Tempo estimado de leitura\" \/>\n\t<meta name=\"twitter:data1\" content=\"1 minuto\" \/>\n<script type=\"application\/ld+json\" class=\"yoast-schema-graph\">{\"@context\":\"https:\/\/schema.org\",\"@graph\":[{\"@type\":\"WebPage\",\"@id\":\"https:\/\/www.upspower-supply.com\/product\/sine-wave-offline-ups-400va-240w\/\",\"url\":\"https:\/\/www.upspower-supply.com\/product\/sine-wave-offline-ups-400va-240w\/\",\"name\":\"Sine Wave Offline UPS 400VA 240W - UPS power supply\",\"isPartOf\":{\"@id\":\"https:\/\/www.upspower-supply.com\/#website\"},\"primaryImageOfPage\":{\"@id\":\"https:\/\/www.upspower-supply.com\/product\/sine-wave-offline-ups-400va-240w\/#primaryimage\"},\"image\":{\"@id\":\"https:\/\/www.upspower-supply.com\/product\/sine-wave-offline-ups-400va-240w\/#primaryimage\"},\"thumbnailUrl\":\"https:\/\/www.upspower-supply.com\/wp-content\/uploads\/2025\/05\/sine-wave-offline-ups-400va-240w-1-min.jpg\",\"datePublished\":\"2025-05-14T09:27:08+00:00\",\"dateModified\":\"2025-06-26T01:19:56+00:00\",\"breadcrumb\":{\"@id\":\"https:\/\/www.upspower-supply.com\/product\/sine-wave-offline-ups-400va-240w\/#breadcrumb\"},\"inLanguage\":\"pt-PT\",\"potentialAction\":[{\"@type\":\"ReadAction\",\"target\":[\"https:\/\/www.upspower-supply.com\/product\/sine-wave-offline-ups-400va-240w\/\"]}]},{\"@type\":\"ImageObject\",\"inLanguage\":\"pt-PT\",\"@id\":\"https:\/\/www.upspower-supply.com\/product\/sine-wave-offline-ups-400va-240w\/#primaryimage\",\"url\":\"https:\/\/www.upspower-supply.com\/wp-content\/uploads\/2025\/05\/sine-wave-offline-ups-400va-240w-1-min.jpg\",\"contentUrl\":\"https:\/\/www.upspower-supply.com\/wp-content\/uploads\/2025\/05\/sine-wave-offline-ups-400va-240w-1-min.jpg\",\"width\":800,\"height\":800,\"caption\":\"Sine Wave Offline UPS 400VA 240W\"},{\"@type\":\"BreadcrumbList\",\"@id\":\"https:\/\/www.upspower-supply.com\/product\/sine-wave-offline-ups-400va-240w\/#breadcrumb\",\"itemListElement\":[{\"@type\":\"ListItem\",\"position\":1,\"name\":\"Home\",\"item\":\"https:\/\/www.upspower-supply.com\/\"},{\"@type\":\"ListItem\",\"position\":2,\"name\":\"Shop\",\"item\":\"https:\/\/www.upspower-supply.com\/shop\/\"},{\"@type\":\"ListItem\",\"position\":3,\"name\":\"Sine Wave Offline UPS 400VA 240W\"}]},{\"@type\":\"WebSite\",\"@id\":\"https:\/\/www.upspower-supply.com\/#website\",\"url\":\"https:\/\/www.upspower-supply.com\/\",\"name\":\"UPS power supply\",\"description\":\"\",\"potentialAction\":[{\"@type\":\"SearchAction\",\"target\":{\"@type\":\"EntryPoint\",\"urlTemplate\":\"https:\/\/www.upspower-supply.com\/?s={search_term_string}\"},\"query-input\":{\"@type\":\"PropertyValueSpecification\",\"valueRequired\":true,\"valueName\":\"search_term_string\"}}],\"inLanguage\":\"pt-PT\"}]}<\/script>\n<!-- \/ Yoast SEO plugin. -->","yoast_head_json":{"title":"Sine Wave Offline UPS 400VA 240W - UPS power supply","robots":{"index":"index","follow":"follow","max-snippet":"max-snippet:-1","max-image-preview":"max-image-preview:large","max-video-preview":"max-video-preview:-1"},"canonical":"https:\/\/www.upspower-supply.com\/pt\/produto\/sine-wave-offline-ups-400va-240w\/","og_locale":"pt_PT","og_type":"article","og_title":"Sine Wave Offline UPS 400VA 240W - UPS power supply","og_description":"Unlock the potential for your business with our wholesale options for the Sine Wave Offline UPS. Ideal for retailers or distributors looking to enhance their product portfolio, this UPS is available at competitive pricing. Additionally, we offer OEM and ODM services, allowing you to customize the unit to suit your brand and specific market needs. Ensure your offerings stand out with tailored features and branding.","og_url":"https:\/\/www.upspower-supply.com\/pt\/produto\/sine-wave-offline-ups-400va-240w\/","og_site_name":"UPS power supply","article_modified_time":"2025-06-26T01:19:56+00:00","og_image":[{"width":800,"height":800,"url":"https:\/\/www.upspower-supply.com\/wp-content\/uploads\/2025\/05\/sine-wave-offline-ups-400va-240w-1-min.jpg","type":"image\/jpeg"}],"twitter_card":"summary_large_image","twitter_misc":{"Tempo estimado de leitura":"1 minuto"},"schema":{"@context":"https:\/\/schema.org","@graph":[{"@type":"WebPage","@id":"https:\/\/www.upspower-supply.com\/product\/sine-wave-offline-ups-400va-240w\/","url":"https:\/\/www.upspower-supply.com\/product\/sine-wave-offline-ups-400va-240w\/","name":"Sine Wave Offline UPS 400VA 240W - UPS power supply","isPartOf":{"@id":"https:\/\/www.upspower-supply.com\/#website"},"primaryImageOfPage":{"@id":"https:\/\/www.upspower-supply.com\/product\/sine-wave-offline-ups-400va-240w\/#primaryimage"},"image":{"@id":"https:\/\/www.upspower-supply.com\/product\/sine-wave-offline-ups-400va-240w\/#primaryimage"},"thumbnailUrl":"https:\/\/www.upspower-supply.com\/wp-content\/uploads\/2025\/05\/sine-wave-offline-ups-400va-240w-1-min.jpg","datePublished":"2025-05-14T09:27:08+00:00","dateModified":"2025-06-26T01:19:56+00:00","breadcrumb":{"@id":"https:\/\/www.upspower-supply.com\/product\/sine-wave-offline-ups-400va-240w\/#breadcrumb"},"inLanguage":"pt-PT","potentialAction":[{"@type":"ReadAction","target":["https:\/\/www.upspower-supply.com\/product\/sine-wave-offline-ups-400va-240w\/"]}]},{"@type":"ImageObject","inLanguage":"pt-PT","@id":"https:\/\/www.upspower-supply.com\/product\/sine-wave-offline-ups-400va-240w\/#primaryimage","url":"https:\/\/www.upspower-supply.com\/wp-content\/uploads\/2025\/05\/sine-wave-offline-ups-400va-240w-1-min.jpg","contentUrl":"https:\/\/www.upspower-supply.com\/wp-content\/uploads\/2025\/05\/sine-wave-offline-ups-400va-240w-1-min.jpg","width":800,"height":800,"caption":"Sine Wave Offline UPS 400VA 240W"},{"@type":"BreadcrumbList","@id":"https:\/\/www.upspower-supply.com\/product\/sine-wave-offline-ups-400va-240w\/#breadcrumb","itemListElement":[{"@type":"ListItem","position":1,"name":"Home","item":"https:\/\/www.upspower-supply.com\/"},{"@type":"ListItem","position":2,"name":"Shop","item":"https:\/\/www.upspower-supply.com\/shop\/"},{"@type":"ListItem","position":3,"name":"Sine Wave Offline UPS 400VA 240W"}]},{"@type":"WebSite","@id":"https:\/\/www.upspower-supply.com\/#website","url":"https:\/\/www.upspower-supply.com\/","name":"UPS power supply","description":"","potentialAction":[{"@type":"SearchAction","target":{"@type":"EntryPoint","urlTemplate":"https:\/\/www.upspower-supply.com\/?s={search_term_string}"},"query-input":{"@type":"PropertyValueSpecification","valueRequired":true,"valueName":"search_term_string"}}],"inLanguage":"pt-PT"}]}},"uagb_featured_image_src":{"full":["https:\/\/www.upspower-supply.com\/wp-content\/uploads\/2025\/05\/sine-wave-offline-ups-400va-240w-1-min.jpg",800,800,false],"thumbnail":["https:\/\/www.upspower-supply.com\/wp-content\/uploads\/2025\/05\/sine-wave-offline-ups-400va-240w-1-min-150x150.jpg",150,150,true],"medium":["https:\/\/www.upspower-supply.com\/wp-content\/uploads\/2025\/05\/sine-wave-offline-ups-400va-240w-1-min-300x300.jpg",300,300,true],"medium_large":["https:\/\/www.upspower-supply.com\/wp-content\/uploads\/2025\/05\/sine-wave-offline-ups-400va-240w-1-min-768x768.jpg",768,768,true],"large":["https:\/\/www.upspower-supply.com\/wp-content\/uploads\/2025\/05\/sine-wave-offline-ups-400va-240w-1-min.jpg",800,800,false],"1536x1536":["https:\/\/www.upspower-supply.com\/wp-content\/uploads\/2025\/05\/sine-wave-offline-ups-400va-240w-1-min.jpg",800,800,false],"2048x2048":["https:\/\/www.upspower-supply.com\/wp-content\/uploads\/2025\/05\/sine-wave-offline-ups-400va-240w-1-min.jpg",800,800,false],"trp-custom-language-flag":["https:\/\/www.upspower-supply.com\/wp-content\/uploads\/2025\/05\/sine-wave-offline-ups-400va-240w-1-min-12x12.jpg",12,12,true],"woocommerce_thumbnail":["https:\/\/www.upspower-supply.com\/wp-content\/uploads\/2025\/05\/sine-wave-offline-ups-400va-240w-1-min-300x300.jpg",300,300,true],"woocommerce_single":["https:\/\/www.upspower-supply.com\/wp-content\/uploads\/2025\/05\/sine-wave-offline-ups-400va-240w-1-min-600x600.jpg",600,600,true],"woocommerce_gallery_thumbnail":["https:\/\/www.upspower-supply.com\/wp-content\/uploads\/2025\/05\/sine-wave-offline-ups-400va-240w-1-min-100x100.jpg",100,100,true]},"uagb_author_info":{"display_name":"Tyne Tingey","author_link":"https:\/\/www.upspower-supply.com\/pt\/author\/"},"uagb_comment_info":0,"uagb_excerpt":"Unlock the potential for your business with our wholesale options for the Sine Wave Offline UPS. Ideal for retailers or distributors looking to enhance their product portfolio, this UPS is available at competitive pricing. Additionally, we offer OEM and ODM services, allowing you to customize the unit to suit your brand and specific market needs.&hellip;","_links":{"self":[{"href":"https:\/\/www.upspower-supply.com\/pt\/wp-json\/wp\/v2\/product\/1354","targetHints":{"allow":["GET"]}}],"collection":[{"href":"https:\/\/www.upspower-supply.com\/pt\/wp-json\/wp\/v2\/product"}],"about":[{"href":"https:\/\/www.upspower-supply.com\/pt\/wp-json\/wp\/v2\/types\/product"}],"replies":[{"embeddable":true,"href":"https:\/\/www.upspower-supply.com\/pt\/wp-json\/wp\/v2\/comments?post=1354"}],"wp:featuredmedia":[{"embeddable":true,"href":"https:\/\/www.upspower-supply.com\/pt\/wp-json\/wp\/v2\/media\/1355"}],"wp:attachment":[{"href":"https:\/\/www.upspower-supply.com\/pt\/wp-json\/wp\/v2\/media?parent=1354"}],"wp:term":[{"taxonomy":"product_brand","embeddable":true,"href":"https:\/\/www.upspower-supply.com\/pt\/wp-json\/wp\/v2\/product_brand?post=1354"},{"taxonomy":"product_cat","embeddable":true,"href":"https:\/\/www.upspower-supply.com\/pt\/wp-json\/wp\/v2\/product_cat?post=1354"},{"taxonomy":"product_tag","embeddable":true,"href":"https:\/\/www.upspower-supply.com\/pt\/wp-json\/wp\/v2\/product_tag?post=1354"}],"curies":[{"name":"wp","href":"https:\/\/api.w.org\/{rel}","templated":true}]}}