{"id":1353,"date":"2025-05-13T07:32:12","date_gmt":"2025-05-13T07:32:12","guid":{"rendered":"https:\/\/www.upspower-supply.com\/product\/portable-power-station-for-refrigerator-600w\/"},"modified":"2026-03-28T19:55:51","modified_gmt":"2026-03-28T19:55:51","slug":"portable-power-station-for-refrigerator-600w","status":"publish","type":"product","link":"https:\/\/www.upspower-supply.com\/pt\/produto\/portable-power-station-for-refrigerator-600w\/","title":{"rendered":"Esta\u00e7\u00e3o de energia port\u00e1til para geladeira 600w"},"content":{"rendered":"<p>Os 600W <strong>Esta\u00e7\u00e3o de energia port\u00e1til com bateria<\/strong> \u00c9 uma solu\u00e7\u00e3o de energia robusta e vers\u00e1til para uso externo e em situa\u00e7\u00f5es de emerg\u00eancia. Alimentada por uma bateria de \u00edon-l\u00edtio de alta qualidade de 520Wh (140400mAh), fornece at\u00e9 600W de pot\u00eancia CA cont\u00ednua atrav\u00e9s de duas sa\u00eddas de onda senoidal pura, com um pico de 650W. Possui m\u00faltiplas op\u00e7\u00f5es de sa\u00edda, incluindo portas USB, Tipo-C e CC, suportando carregamento r\u00e1pido com QC 3.0 e PD60W. Carrega completamente em apenas 3 a 4 horas usando as entradas CC e Tipo-C combinadas. Com ilumina\u00e7\u00e3o LED de 4W, carregamento sem fio de 10W e um design dur\u00e1vel certificado pela PSE, FCC, CE, RoHS, MSDS e UN38.3, opera de forma confi\u00e1vel de -10\u00b0C a 40\u00b0C. Adequada para <a href=\"https:\/\/www.plastic-crates.co.in\/en\/product-category\/ice-storage-box\/\" class=\"no-translation\" target=\"_blank\" rel=\"noopener\" data-no-translation=\"\">ice storage box<\/a>O pacote inclui um gerador solar, adaptador de energia, cabo de alimenta\u00e7\u00e3o CA, carregador veicular e manual do usu\u00e1rio \u2014 perfeito para alimentar suas aventuras.<\/p>\n<p><img loading=\"lazy\" decoding=\"async\" class=\"alignnone size-full wp-image-1896\" src=\"https:\/\/www.upspower-supply.com\/wp-content\/uploads\/2025\/05\/portable-power-station-for-refrigerator-600w-798c59.jpg\" alt=\"Esta\u00e7\u00e3o de energia port\u00e1til com bateria de 600 W - detalhes\" width=\"1200\" height=\"1800\" \/><br \/>\n<img loading=\"lazy\" decoding=\"async\" class=\"alignnone size-full wp-image-1897\" src=\"https:\/\/www.upspower-supply.com\/wp-content\/uploads\/2025\/05\/portable-power-station-for-refrigerator-600w-f60ccd.jpg\" alt=\"Esta\u00e7\u00e3o de energia port\u00e1til de 600 W com caixa t\u00e9rmica para gelo.\" width=\"1200\" height=\"1744\" \/><br \/>\n<img loading=\"lazy\" decoding=\"async\" class=\"alignnone size-full wp-image-1898\" src=\"https:\/\/www.upspower-supply.com\/wp-content\/uploads\/2025\/05\/portable-power-station-for-refrigerator-600w-42f36f.jpg\" alt=\"Esta\u00e7\u00e3o de energia port\u00e1til de 600 W com luz LED.\" width=\"1200\" height=\"1056\" \/><br \/>\n<img loading=\"lazy\" decoding=\"async\" class=\"alignnone size-full wp-image-1899\" src=\"https:\/\/www.upspower-supply.com\/wp-content\/uploads\/2025\/05\/portable-power-station-for-refrigerator-600w-3d10cd.jpg\" alt=\"Esta\u00e7\u00e3o de energia port\u00e1til com bateria de 600 W e tipos de plugue personalizados.\" width=\"1200\" height=\"959\" \/><\/p>\n<p><img loading=\"lazy\" decoding=\"async\" class=\"alignnone size-full wp-image-1900\" src=\"https:\/\/www.upspower-supply.com\/wp-content\/uploads\/2025\/05\/portable-power-station-for-refrigerator-600w-63f448.jpg\" alt=\"Esta\u00e7\u00e3o de energia port\u00e1til com bateria de 600 W - detalhes\" width=\"1200\" height=\"1469\" \/><br \/>\n<img loading=\"lazy\" decoding=\"async\" class=\"alignnone size-full wp-image-1901\" src=\"https:\/\/www.upspower-supply.com\/wp-content\/uploads\/2025\/05\/portable-power-station-for-refrigerator-600w-6c46a2.jpg\" alt=\"Esta\u00e7\u00e3o de carregamento sem fio port\u00e1til de 600 W com bateria.\" width=\"1200\" height=\"1634\" \/><br \/>\n<img loading=\"lazy\" decoding=\"async\" class=\"alignnone size-full wp-image-1902\" src=\"https:\/\/www.upspower-supply.com\/wp-content\/uploads\/2025\/05\/portable-power-station-for-refrigerator-600w-01b88e.jpg\" alt=\"Esta\u00e7\u00e3o de energia port\u00e1til com bateria de 600 W e BMS\" width=\"1200\" height=\"1828\" \/><\/p>\n<p><img loading=\"lazy\" decoding=\"async\" class=\"alignnone size-full wp-image-1903\" src=\"https:\/\/www.upspower-supply.com\/wp-content\/uploads\/2025\/05\/portable-power-station-for-refrigerator-600w-6d03e9.jpg\" alt=\"Esta\u00e7\u00e3o de energia port\u00e1til com bateria de 600 W.\" width=\"1200\" height=\"818\" \/><\/p>","protected":false},"excerpt":{"rendered":"<div class=\"max-w-2xl mx-auto bg-white shadow-md rounded-lg overflow-y-auto max-h-[700px]\">\n<table class=\"w-full border-collapse !mb-0\">\n<tbody>\n<tr class=\"border-b\">\n<td class=\"py-2 px-4 font-semibold text-gray-700\">Modelo<\/td>\n<td class=\"py-2 px-4 text-gray-600\">RM-PA600<\/td>\n<\/tr>\n<tr class=\"border-b\">\n<td class=\"py-2 px-4 font-semibold text-gray-700\">Bateria integrada<\/td>\n<td class=\"py-2 px-4 text-gray-600\">Bateria de \u00edon-l\u00edtio de alta qualidade<\/td>\n<\/tr>\n<tr class=\"border-b\">\n<td class=\"py-2 px-4 font-semibold text-gray-700\">Capacidade da bateria<\/td>\n<td class=\"py-2 px-4 text-gray-600\">520Wh \/ 140400mAh \/ 3,7V<\/td>\n<\/tr>\n<tr class=\"border-b\">\n<td class=\"py-2 px-4 font-semibold text-gray-700\">Entrada<\/td>\n<td class=\"py-2 px-4 text-gray-600\">DC5521 12V-26V\/8A M\u00c1X. 120W<br \/>\nAnderson 12V-26V\/8A MAX160W<br \/>\nTipo C 5V-20V\/3A M\u00c1X. PD60W<\/td>\n<\/tr>\n<tr class=\"border-b\">\n<td class=\"py-2 px-4 font-semibold text-gray-700\">Tempo de Carga Completa<\/td>\n<td class=\"py-2 px-4 text-gray-600\">Carregamento de porta CC \u00fanica: 4-5 horas<br \/>\nCarregamento por porta Anderson \u00fanica: 4h<br \/>\nTipo C \u00fanico: 11-12h<br \/>\nCarregamento simult\u00e2neo com porta Anderson + porta TYPE-C: 3-4 horas<br \/>\nCarregamento simult\u00e2neo com porta DC + porta TYPE-C: 4-5 horas<\/td>\n<\/tr>\n<tr class=\"border-b\">\n<td class=\"py-2 px-4 font-semibold text-gray-700\">Sa\u00edda CC<\/td>\n<td class=\"py-2 px-4 text-gray-600\">Porta USB: 1 * USB 5V-12V\/2A, QC 3.0;<br \/>\n2 * USB 5V\/3.1A;<br \/>\nPorta Tipo C: 1 * Tipo C 5V-20V\/3A;<br \/>\nSa\u00edda CC 5521: 4 * CC 13,5V\/6A;<br \/>\n1 * Adaptador para isqueiro de carro (13,5V\/10A MAX150W)<\/td>\n<\/tr>\n<tr class=\"border-b\">\n<td class=\"py-2 px-4 font-semibold text-gray-700\">Sa\u00edda CA<\/td>\n<td class=\"py-2 px-4 text-gray-600\">2 sa\u00eddas de onda senoidal pura CA<\/td>\n<\/tr>\n<tr class=\"border-b\">\n<td class=\"py-2 px-4 font-semibold text-gray-700\">Pot\u00eancia CA cont\u00ednua<\/td>\n<td class=\"py-2 px-4 text-gray-600\">600W<\/td>\n<\/tr>\n<tr class=\"border-b\">\n<td class=\"py-2 px-4 font-semibold text-gray-700\">Tens\u00e3o de sa\u00edda de pot\u00eancia constante<\/td>\n<td class=\"py-2 px-4 text-gray-600\">650W (85V-120V (160V-230V))<\/td>\n<\/tr>\n<tr class=\"border-b\">\n<td class=\"py-2 px-4 font-semibold text-gray-700\">Ilumina\u00e7\u00e3o LED<\/td>\n<td class=\"py-2 px-4 text-gray-600\">4W<\/td>\n<\/tr>\n<tr class=\"border-b\">\n<td class=\"py-2 px-4 font-semibold text-gray-700\">Carregamento sem fio<\/td>\n<td class=\"py-2 px-4 text-gray-600\">10W<\/td>\n<\/tr>\n<tr class=\"border-b\">\n<td class=\"py-2 px-4 font-semibold text-gray-700\">Temperatura de opera\u00e7\u00e3o<\/td>\n<td class=\"py-2 px-4 text-gray-600\">-10\u00b0C a 40\u00b0C<\/td>\n<\/tr>\n<tr class=\"border-b\">\n<td class=\"py-2 px-4 font-semibold text-gray-700\">Prote\u00e7\u00e3o do produto<\/td>\n<td class=\"py-2 px-4 text-gray-600\">a. Prote\u00e7\u00e3o contra curto-circuito<br \/>\nb. Prote\u00e7\u00e3o contra sobrecorrente<br \/>\nc. Prote\u00e7\u00e3o contra sobretens\u00e3o<br \/>\nd. Prote\u00e7\u00e3o contra subtens\u00e3o<br \/>\ne. Prote\u00e7\u00e3o contra sobrecarga<br \/>\nf. Prote\u00e7\u00e3o contra sobretemperatura<\/td>\n<\/tr>\n<tr class=\"border-b\">\n<td class=\"py-2 px-4 font-semibold text-gray-700\">Inclu\u00eddo no Pacote<\/td>\n<td class=\"py-2 px-4 text-gray-600\">1 x gerador solar port\u00e1til<br \/>\n1 x adaptador de energia<br \/>\n1 x cabo CA<br \/>\n1 x manual do usu\u00e1rio<br \/>\n1 x Carregador de carro<\/td>\n<\/tr>\n<tr class=\"border-b\">\n<td class=\"py-2 px-4 font-semibold text-gray-700\">Certifica\u00e7\u00e3o de M\u00e1quinas<\/td>\n<td class=\"py-2 px-4 text-gray-600\">PSE FCC CE ROHS MSDS UN38.3, Relat\u00f3rio de transporte a\u00e9reo, Relat\u00f3rio de transporte mar\u00edtimo<\/td>\n<\/tr>\n<\/tbody>\n<\/table>\n<\/div>","protected":false},"featured_media":1350,"comment_status":"open","ping_status":"closed","template":"","meta":{"_acf_changed":false,"_uag_custom_page_level_css":"","site-sidebar-layout":"default","site-content-layout":"","ast-site-content-layout":"default","site-content-style":"default","site-sidebar-style":"default","ast-global-header-display":"","ast-banner-title-visibility":"","ast-main-header-display":"","ast-hfb-above-header-display":"","ast-hfb-below-header-display":"","ast-hfb-mobile-header-display":"","site-post-title":"","ast-breadcrumbs-content":"","ast-featured-img":"","footer-sml-layout":"","theme-transparent-header-meta":"default","adv-header-id-meta":"","stick-header-meta":"","header-above-stick-meta":"","header-main-stick-meta":"","header-below-stick-meta":"","astra-migrate-meta-layouts":"set","ast-page-background-enabled":"default","ast-page-background-meta":{"desktop":{"background-color":"var(--ast-global-color-4)","background-image":"","background-repeat":"repeat","background-position":"center center","background-size":"auto","background-attachment":"scroll","background-type":"","background-media":"","overlay-type":"","overlay-color":"","overlay-opacity":"","overlay-gradient":""},"tablet":{"background-color":"","background-image":"","background-repeat":"repeat","background-position":"center center","background-size":"auto","background-attachment":"scroll","background-type":"","background-media":"","overlay-type":"","overlay-color":"","overlay-opacity":"","overlay-gradient":""},"mobile":{"background-color":"","background-image":"","background-repeat":"repeat","background-position":"center center","background-size":"auto","background-attachment":"scroll","background-type":"","background-media":"","overlay-type":"","overlay-color":"","overlay-opacity":"","overlay-gradient":""}},"ast-content-background-meta":{"desktop":{"background-color":"var(--ast-global-color-5)","background-image":"","background-repeat":"repeat","background-position":"center center","background-size":"auto","background-attachment":"scroll","background-type":"","background-media":"","overlay-type":"","overlay-color":"","overlay-opacity":"","overlay-gradient":""},"tablet":{"background-color":"var(--ast-global-color-5)","background-image":"","background-repeat":"repeat","background-position":"center center","background-size":"auto","background-attachment":"scroll","background-type":"","background-media":"","overlay-type":"","overlay-color":"","overlay-opacity":"","overlay-gradient":""},"mobile":{"background-color":"var(--ast-global-color-5)","background-image":"","background-repeat":"repeat","background-position":"center center","background-size":"auto","background-attachment":"scroll","background-type":"","background-media":"","overlay-type":"","overlay-color":"","overlay-opacity":"","overlay-gradient":""}}},"product_brand":[],"product_cat":[37],"product_tag":[],"class_list":{"0":"post-1353","1":"product","2":"type-product","3":"status-publish","4":"has-post-thumbnail","6":"product_cat-portable-power-stations","7":"desktop-align-left","8":"tablet-align-left","9":"mobile-align-left","11":"first","12":"instock","13":"shipping-taxable","14":"product-type-simple"},"acf":[],"yoast_head":"<!-- This site is optimized with the Yoast SEO plugin v25.0 - https:\/\/yoast.com\/wordpress\/plugins\/seo\/ -->\n<title>Portable power station for refrigerator 600w - UPS power supply<\/title>\n<meta name=\"robots\" content=\"index, follow, max-snippet:-1, max-image-preview:large, max-video-preview:-1\" \/>\n<link rel=\"canonical\" href=\"https:\/\/www.upspower-supply.com\/pt\/produto\/portable-power-station-for-refrigerator-600w\/\" \/>\n<meta property=\"og:locale\" content=\"pt_PT\" \/>\n<meta property=\"og:type\" content=\"article\" \/>\n<meta property=\"og:title\" content=\"Portable power station for refrigerator 600w - UPS power supply\" \/>\n<meta property=\"og:description\" content=\"Model RM-PA600   Built-in Battery High quality lithium ion battery   Battery Capacity 520Wh \/ 140400mAh \/ 3.7V   Input DC5521 12V-26V\/8A MAX120W Anderson 12V-26V\/8A MAX160W TYPE-C 5V-20V\/3A MAX PD60W   Fully Charged Time Single DC port charging: 4-5h Single Anderson port charging: 4h Single TYPE-C: 11-12h Anderson port + TYPE-C port combination simultaneous charging: 3-4h DC port + TYPE-C port combination simultaneous charging: 4-5h   DC Output USB Port: 1 * USB 5V-12V\/2A, QC 3.0; 2 * USB 5V\/3.1A; Type-C Port: 1 * Type-c 5V-20V\/3A; 5521 DC output: 4 * DC 13.5V\/6A; 1 * Cigarette Lighter adapter(13.5V\/10A MAX150W)   AC Output 2 x AC pure sine wave output   AC Continuous Power 600W   Constant Power Output Voltage 650W (85V-120V (160V-230V))   LED Lighting 4W   Wireless Charging 10W   Operating Temperature -10\u00b0C-40\u00b0C   Product Protection a. Short circuit protection b. Overcurrent protection c. Overvoltage protection d. Undervoltage protection e. Overload protection f. Over temperature protection   Package Included 1 x portable solar generator 1 x power adapter 1 x AC line 1 x user manual 1 x Car charger   Machine Certification PSE FCC CE ROHS MSDS UN38.3, Air transport report, Marine transport report\" \/>\n<meta property=\"og:url\" content=\"https:\/\/www.upspower-supply.com\/pt\/produto\/portable-power-station-for-refrigerator-600w\/\" \/>\n<meta property=\"og:site_name\" content=\"UPS power supply\" \/>\n<meta property=\"article:modified_time\" content=\"2026-03-28T19:55:51+00:00\" \/>\n<meta property=\"og:image\" content=\"https:\/\/www.upspower-supply.com\/wp-content\/uploads\/2025\/05\/portable-power-station-for-refrigerator-600w-5.jpg\" \/>\n\t<meta property=\"og:image:width\" content=\"1000\" \/>\n\t<meta property=\"og:image:height\" content=\"1000\" \/>\n\t<meta property=\"og:image:type\" content=\"image\/jpeg\" \/>\n<meta name=\"twitter:card\" content=\"summary_large_image\" \/>\n<meta name=\"twitter:label1\" content=\"Tempo estimado de leitura\" \/>\n\t<meta name=\"twitter:data1\" content=\"3 minutos\" \/>\n<script type=\"application\/ld+json\" class=\"yoast-schema-graph\">{\"@context\":\"https:\/\/schema.org\",\"@graph\":[{\"@type\":\"WebPage\",\"@id\":\"https:\/\/www.upspower-supply.com\/product\/portable-power-station-for-refrigerator-600w\/\",\"url\":\"https:\/\/www.upspower-supply.com\/product\/portable-power-station-for-refrigerator-600w\/\",\"name\":\"Portable power station for refrigerator 600w - UPS power supply\",\"isPartOf\":{\"@id\":\"https:\/\/www.upspower-supply.com\/#website\"},\"primaryImageOfPage\":{\"@id\":\"https:\/\/www.upspower-supply.com\/product\/portable-power-station-for-refrigerator-600w\/#primaryimage\"},\"image\":{\"@id\":\"https:\/\/www.upspower-supply.com\/product\/portable-power-station-for-refrigerator-600w\/#primaryimage\"},\"thumbnailUrl\":\"https:\/\/www.upspower-supply.com\/wp-content\/uploads\/2025\/05\/portable-power-station-for-refrigerator-600w-5.jpg\",\"datePublished\":\"2025-05-13T07:32:12+00:00\",\"dateModified\":\"2026-03-28T19:55:51+00:00\",\"breadcrumb\":{\"@id\":\"https:\/\/www.upspower-supply.com\/product\/portable-power-station-for-refrigerator-600w\/#breadcrumb\"},\"inLanguage\":\"pt-PT\",\"potentialAction\":[{\"@type\":\"ReadAction\",\"target\":[\"https:\/\/www.upspower-supply.com\/product\/portable-power-station-for-refrigerator-600w\/\"]}]},{\"@type\":\"ImageObject\",\"inLanguage\":\"pt-PT\",\"@id\":\"https:\/\/www.upspower-supply.com\/product\/portable-power-station-for-refrigerator-600w\/#primaryimage\",\"url\":\"https:\/\/www.upspower-supply.com\/wp-content\/uploads\/2025\/05\/portable-power-station-for-refrigerator-600w-5.jpg\",\"contentUrl\":\"https:\/\/www.upspower-supply.com\/wp-content\/uploads\/2025\/05\/portable-power-station-for-refrigerator-600w-5.jpg\",\"width\":1000,\"height\":1000,\"caption\":\"portable power station for refrigerator 600w\"},{\"@type\":\"BreadcrumbList\",\"@id\":\"https:\/\/www.upspower-supply.com\/product\/portable-power-station-for-refrigerator-600w\/#breadcrumb\",\"itemListElement\":[{\"@type\":\"ListItem\",\"position\":1,\"name\":\"Home\",\"item\":\"https:\/\/www.upspower-supply.com\/\"},{\"@type\":\"ListItem\",\"position\":2,\"name\":\"Shop\",\"item\":\"https:\/\/www.upspower-supply.com\/shop\/\"},{\"@type\":\"ListItem\",\"position\":3,\"name\":\"Portable power station for refrigerator 600w\"}]},{\"@type\":\"WebSite\",\"@id\":\"https:\/\/www.upspower-supply.com\/#website\",\"url\":\"https:\/\/www.upspower-supply.com\/\",\"name\":\"UPS power supply\",\"description\":\"\",\"potentialAction\":[{\"@type\":\"SearchAction\",\"target\":{\"@type\":\"EntryPoint\",\"urlTemplate\":\"https:\/\/www.upspower-supply.com\/?s={search_term_string}\"},\"query-input\":{\"@type\":\"PropertyValueSpecification\",\"valueRequired\":true,\"valueName\":\"search_term_string\"}}],\"inLanguage\":\"pt-PT\"}]}<\/script>\n<!-- \/ Yoast SEO plugin. -->","yoast_head_json":{"title":"Portable power station for refrigerator 600w - UPS power supply","robots":{"index":"index","follow":"follow","max-snippet":"max-snippet:-1","max-image-preview":"max-image-preview:large","max-video-preview":"max-video-preview:-1"},"canonical":"https:\/\/www.upspower-supply.com\/pt\/produto\/portable-power-station-for-refrigerator-600w\/","og_locale":"pt_PT","og_type":"article","og_title":"Portable power station for refrigerator 600w - UPS power supply","og_description":"Model RM-PA600   Built-in Battery High quality lithium ion battery   Battery Capacity 520Wh \/ 140400mAh \/ 3.7V   Input DC5521 12V-26V\/8A MAX120W Anderson 12V-26V\/8A MAX160W TYPE-C 5V-20V\/3A MAX PD60W   Fully Charged Time Single DC port charging: 4-5h Single Anderson port charging: 4h Single TYPE-C: 11-12h Anderson port + TYPE-C port combination simultaneous charging: 3-4h DC port + TYPE-C port combination simultaneous charging: 4-5h   DC Output USB Port: 1 * USB 5V-12V\/2A, QC 3.0; 2 * USB 5V\/3.1A; Type-C Port: 1 * Type-c 5V-20V\/3A; 5521 DC output: 4 * DC 13.5V\/6A; 1 * Cigarette Lighter adapter(13.5V\/10A MAX150W)   AC Output 2 x AC pure sine wave output   AC Continuous Power 600W   Constant Power Output Voltage 650W (85V-120V (160V-230V))   LED Lighting 4W   Wireless Charging 10W   Operating Temperature -10\u00b0C-40\u00b0C   Product Protection a. Short circuit protection b. Overcurrent protection c. Overvoltage protection d. Undervoltage protection e. Overload protection f. Over temperature protection   Package Included 1 x portable solar generator 1 x power adapter 1 x AC line 1 x user manual 1 x Car charger   Machine Certification PSE FCC CE ROHS MSDS UN38.3, Air transport report, Marine transport report","og_url":"https:\/\/www.upspower-supply.com\/pt\/produto\/portable-power-station-for-refrigerator-600w\/","og_site_name":"UPS power supply","article_modified_time":"2026-03-28T19:55:51+00:00","og_image":[{"width":1000,"height":1000,"url":"https:\/\/www.upspower-supply.com\/wp-content\/uploads\/2025\/05\/portable-power-station-for-refrigerator-600w-5.jpg","type":"image\/jpeg"}],"twitter_card":"summary_large_image","twitter_misc":{"Tempo estimado de leitura":"3 minutos"},"schema":{"@context":"https:\/\/schema.org","@graph":[{"@type":"WebPage","@id":"https:\/\/www.upspower-supply.com\/product\/portable-power-station-for-refrigerator-600w\/","url":"https:\/\/www.upspower-supply.com\/product\/portable-power-station-for-refrigerator-600w\/","name":"Portable power station for refrigerator 600w - UPS power supply","isPartOf":{"@id":"https:\/\/www.upspower-supply.com\/#website"},"primaryImageOfPage":{"@id":"https:\/\/www.upspower-supply.com\/product\/portable-power-station-for-refrigerator-600w\/#primaryimage"},"image":{"@id":"https:\/\/www.upspower-supply.com\/product\/portable-power-station-for-refrigerator-600w\/#primaryimage"},"thumbnailUrl":"https:\/\/www.upspower-supply.com\/wp-content\/uploads\/2025\/05\/portable-power-station-for-refrigerator-600w-5.jpg","datePublished":"2025-05-13T07:32:12+00:00","dateModified":"2026-03-28T19:55:51+00:00","breadcrumb":{"@id":"https:\/\/www.upspower-supply.com\/product\/portable-power-station-for-refrigerator-600w\/#breadcrumb"},"inLanguage":"pt-PT","potentialAction":[{"@type":"ReadAction","target":["https:\/\/www.upspower-supply.com\/product\/portable-power-station-for-refrigerator-600w\/"]}]},{"@type":"ImageObject","inLanguage":"pt-PT","@id":"https:\/\/www.upspower-supply.com\/product\/portable-power-station-for-refrigerator-600w\/#primaryimage","url":"https:\/\/www.upspower-supply.com\/wp-content\/uploads\/2025\/05\/portable-power-station-for-refrigerator-600w-5.jpg","contentUrl":"https:\/\/www.upspower-supply.com\/wp-content\/uploads\/2025\/05\/portable-power-station-for-refrigerator-600w-5.jpg","width":1000,"height":1000,"caption":"portable power station for refrigerator 600w"},{"@type":"BreadcrumbList","@id":"https:\/\/www.upspower-supply.com\/product\/portable-power-station-for-refrigerator-600w\/#breadcrumb","itemListElement":[{"@type":"ListItem","position":1,"name":"Home","item":"https:\/\/www.upspower-supply.com\/"},{"@type":"ListItem","position":2,"name":"Shop","item":"https:\/\/www.upspower-supply.com\/shop\/"},{"@type":"ListItem","position":3,"name":"Portable power station for refrigerator 600w"}]},{"@type":"WebSite","@id":"https:\/\/www.upspower-supply.com\/#website","url":"https:\/\/www.upspower-supply.com\/","name":"UPS power supply","description":"","potentialAction":[{"@type":"SearchAction","target":{"@type":"EntryPoint","urlTemplate":"https:\/\/www.upspower-supply.com\/?s={search_term_string}"},"query-input":{"@type":"PropertyValueSpecification","valueRequired":true,"valueName":"search_term_string"}}],"inLanguage":"pt-PT"}]}},"uagb_featured_image_src":{"full":["https:\/\/www.upspower-supply.com\/wp-content\/uploads\/2025\/05\/portable-power-station-for-refrigerator-600w-5.jpg",1000,1000,false],"thumbnail":["https:\/\/www.upspower-supply.com\/wp-content\/uploads\/2025\/05\/portable-power-station-for-refrigerator-600w-5-150x150.jpg",150,150,true],"medium":["https:\/\/www.upspower-supply.com\/wp-content\/uploads\/2025\/05\/portable-power-station-for-refrigerator-600w-5-300x300.jpg",300,300,true],"medium_large":["https:\/\/www.upspower-supply.com\/wp-content\/uploads\/2025\/05\/portable-power-station-for-refrigerator-600w-5-768x768.jpg",768,768,true],"large":["https:\/\/www.upspower-supply.com\/wp-content\/uploads\/2025\/05\/portable-power-station-for-refrigerator-600w-5.jpg",1000,1000,false],"1536x1536":["https:\/\/www.upspower-supply.com\/wp-content\/uploads\/2025\/05\/portable-power-station-for-refrigerator-600w-5.jpg",1000,1000,false],"2048x2048":["https:\/\/www.upspower-supply.com\/wp-content\/uploads\/2025\/05\/portable-power-station-for-refrigerator-600w-5.jpg",1000,1000,false],"trp-custom-language-flag":["https:\/\/www.upspower-supply.com\/wp-content\/uploads\/2025\/05\/portable-power-station-for-refrigerator-600w-5-12x12.jpg",12,12,true],"woocommerce_thumbnail":["https:\/\/www.upspower-supply.com\/wp-content\/uploads\/2025\/05\/portable-power-station-for-refrigerator-600w-5-300x300.jpg",300,300,true],"woocommerce_single":["https:\/\/www.upspower-supply.com\/wp-content\/uploads\/2025\/05\/portable-power-station-for-refrigerator-600w-5-600x600.jpg",600,600,true],"woocommerce_gallery_thumbnail":["https:\/\/www.upspower-supply.com\/wp-content\/uploads\/2025\/05\/portable-power-station-for-refrigerator-600w-5-100x100.jpg",100,100,true]},"uagb_author_info":{"display_name":"Tyne Tingey","author_link":"https:\/\/www.upspower-supply.com\/pt\/author\/"},"uagb_comment_info":0,"uagb_excerpt":"Model RM-PA600 Built-in Battery High quality lithium ion battery Battery Capacity 520Wh \/ 140400mAh \/ 3.7V Input DC5521 12V-26V\/8A MAX120W Anderson 12V-26V\/8A MAX160W TYPE-C 5V-20V\/3A MAX PD60W Fully Charged Time Single DC port charging: 4-5h Single Anderson port charging: 4h Single TYPE-C: 11-12h Anderson port + TYPE-C port combination simultaneous charging: 3-4h DC port +&hellip;","_links":{"self":[{"href":"https:\/\/www.upspower-supply.com\/pt\/wp-json\/wp\/v2\/product\/1353","targetHints":{"allow":["GET"]}}],"collection":[{"href":"https:\/\/www.upspower-supply.com\/pt\/wp-json\/wp\/v2\/product"}],"about":[{"href":"https:\/\/www.upspower-supply.com\/pt\/wp-json\/wp\/v2\/types\/product"}],"replies":[{"embeddable":true,"href":"https:\/\/www.upspower-supply.com\/pt\/wp-json\/wp\/v2\/comments?post=1353"}],"wp:featuredmedia":[{"embeddable":true,"href":"https:\/\/www.upspower-supply.com\/pt\/wp-json\/wp\/v2\/media\/1350"}],"wp:attachment":[{"href":"https:\/\/www.upspower-supply.com\/pt\/wp-json\/wp\/v2\/media?parent=1353"}],"wp:term":[{"taxonomy":"product_brand","embeddable":true,"href":"https:\/\/www.upspower-supply.com\/pt\/wp-json\/wp\/v2\/product_brand?post=1353"},{"taxonomy":"product_cat","embeddable":true,"href":"https:\/\/www.upspower-supply.com\/pt\/wp-json\/wp\/v2\/product_cat?post=1353"},{"taxonomy":"product_tag","embeddable":true,"href":"https:\/\/www.upspower-supply.com\/pt\/wp-json\/wp\/v2\/product_tag?post=1353"}],"curies":[{"name":"wp","href":"https:\/\/api.w.org\/{rel}","templated":true}]}}