{"id":1312,"date":"2025-05-13T06:41:13","date_gmt":"2025-05-13T06:41:13","guid":{"rendered":"https:\/\/www.upspower-supply.com\/product\/portable-small-power-station-for-camping-200w\/"},"modified":"2025-06-26T01:21:02","modified_gmt":"2025-06-26T01:21:02","slug":"portable-small-power-station-for-camping-200w","status":"publish","type":"product","link":"https:\/\/www.upspower-supply.com\/pt\/produto\/portable-small-power-station-for-camping-200w\/","title":{"rendered":"Esta\u00e7\u00e3o de energia port\u00e1til pequena para camping, 200 W"},"content":{"rendered":"<p>RM-PA150 <strong>Esta\u00e7\u00e3o de energia port\u00e1til de 200 W<\/strong>Pacote de energia solar com luz LED, para uso externo em trailers, acampamentos e resid\u00eancias.<\/p>\n<div style=\"width: 960px;\" class=\"wp-video\"><video class=\"wp-video-shortcode\" id=\"video-1312-1\" width=\"960\" height=\"544\" preload=\"metadata\" controls=\"controls\"><source type=\"video\/mp4\" src=\"https:\/\/www.rhimopower.com\/wp-content\/uploads\/2025\/05\/200w-portable-power-station-a1.mp4?_=1\" \/><a href=\"https:\/\/www.rhimopower.com\/wp-content\/uploads\/2025\/05\/200w-portable-power-station-a1.mp4\">https:\/\/www.rhimopower.com\/wp-content\/uploads\/2025\/05\/200w-portable-power-station-a1.mp4<\/a><\/video><\/div>\n<p>Seja para alimentar pequenos eletrodom\u00e9sticos durante um acampamento ou para fornecer energia de reserva em caso de queda de energia, a Esta\u00e7\u00e3o de Energia Port\u00e1til oferece energia limpa e est\u00e1vel em um formato leve e resistente.<\/p>\n<p><img loading=\"lazy\" decoding=\"async\" class=\"alignnone wp-image-1833 size-full\" src=\"https:\/\/www.upspower-supply.com\/wp-content\/uploads\/2025\/05\/portable-small-power-station-for-camping-200w-6a0825.jpg\" alt=\"Esta\u00e7\u00e3o de energia port\u00e1til de 200 W para camping\" width=\"1200\" height=\"1501\" \/><\/p>\n<p><img loading=\"lazy\" decoding=\"async\" class=\"alignnone wp-image-1834 size-full\" src=\"https:\/\/www.upspower-supply.com\/wp-content\/uploads\/2025\/05\/portable-small-power-station-for-camping-200w-8486d8.jpg\" alt=\"Esta\u00e7\u00e3o de energia port\u00e1til de 39000 mAh e 200 W\" width=\"1200\" height=\"752\" \/><\/p>\n<p><img loading=\"lazy\" decoding=\"async\" class=\"alignnone wp-image-1835 size-full\" src=\"https:\/\/www.upspower-supply.com\/wp-content\/uploads\/2025\/05\/portable-small-power-station-for-camping-200w-759a21.jpg\" alt=\"Esta\u00e7\u00e3o de energia port\u00e1til de 36000mAh para camping\" width=\"1200\" height=\"1034\" \/><\/p>\n<p><img loading=\"lazy\" decoding=\"async\" class=\"alignnone wp-image-1836 size-full\" src=\"https:\/\/www.upspower-supply.com\/wp-content\/uploads\/2025\/05\/portable-small-power-station-for-camping-200w-68c4ff.jpg\" alt=\"Esta\u00e7\u00e3o de energia port\u00e1til para drones\" width=\"1200\" height=\"1038\" \/><\/p>\n<p><img loading=\"lazy\" decoding=\"async\" class=\"alignnone wp-image-1837 size-full\" src=\"https:\/\/www.upspower-supply.com\/wp-content\/uploads\/2025\/05\/portable-small-power-station-for-camping-200w-7dcb4a.jpg\" alt=\"Especifica\u00e7\u00f5es da Esta\u00e7\u00e3o de Energia Port\u00e1til\" width=\"1200\" height=\"1001\" \/><\/p>\n<p><img loading=\"lazy\" decoding=\"async\" class=\"alignnone wp-image-1838 size-full\" src=\"https:\/\/www.upspower-supply.com\/wp-content\/uploads\/2025\/05\/portable-small-power-station-for-camping-200w-ddcbd4.jpg\" alt=\"Esta\u00e7\u00e3o de energia port\u00e1til\" width=\"1200\" height=\"925\" \/><\/p>\n<p><img loading=\"lazy\" decoding=\"async\" class=\"alignnone wp-image-1839 size-full\" src=\"https:\/\/www.upspower-supply.com\/wp-content\/uploads\/2025\/05\/portable-small-power-station-for-camping-200w-d176b4.jpg\" alt=\"Esta\u00e7\u00e3o de energia port\u00e1til com carregamento solar\" width=\"1200\" height=\"1176\" \/><\/p>\n<p><img loading=\"lazy\" decoding=\"async\" class=\"alignnone wp-image-1840 size-full\" src=\"https:\/\/www.upspower-supply.com\/wp-content\/uploads\/2025\/05\/portable-small-power-station-for-camping-200w-7c75a4.jpg\" alt=\"Posi\u00e7\u00e3o de carregamento solar da esta\u00e7\u00e3o de energia port\u00e1til\" width=\"1200\" height=\"443\" \/><\/p>\n<p><img loading=\"lazy\" decoding=\"async\" class=\"alignnone wp-image-1841 size-full\" src=\"https:\/\/www.upspower-supply.com\/wp-content\/uploads\/2025\/05\/portable-small-power-station-for-camping-200w-ce7a91.jpg\" alt=\"Esta\u00e7\u00e3o de energia port\u00e1til com controle de display LED\" width=\"1200\" height=\"959\" \/><\/p>\n<p><img loading=\"lazy\" decoding=\"async\" class=\"alignnone wp-image-1842 size-full\" src=\"https:\/\/www.upspower-supply.com\/wp-content\/uploads\/2025\/05\/portable-small-power-station-for-camping-200w-c5e3a8.jpg\" alt=\"Esta\u00e7\u00e3o de energia port\u00e1til para camping\" width=\"1200\" height=\"844\" \/><\/p>\n<p><img loading=\"lazy\" decoding=\"async\" class=\"alignnone wp-image-1843 size-full\" src=\"https:\/\/www.upspower-supply.com\/wp-content\/uploads\/2025\/05\/portable-small-power-station-for-camping-200w-afe132.jpg\" alt=\"Esta\u00e7\u00e3o de energia port\u00e1til para laptop\" width=\"1200\" height=\"898\" \/><\/p>\n<p><img loading=\"lazy\" decoding=\"async\" class=\"alignnone wp-image-1844 size-full\" src=\"https:\/\/www.upspower-supply.com\/wp-content\/uploads\/2025\/05\/portable-small-power-station-for-camping-200w-569e7a.jpg\" alt=\"Explica\u00e7\u00e3o das portas da esta\u00e7\u00e3o de energia port\u00e1til\" width=\"1200\" height=\"915\" \/><\/p>\n<p><img loading=\"lazy\" decoding=\"async\" class=\"alignnone wp-image-1845 size-full\" src=\"https:\/\/www.upspower-supply.com\/wp-content\/uploads\/2025\/05\/portable-small-power-station-for-camping-200w-6b3ba2.jpg\" alt=\"Compara\u00e7\u00e3o de baterias para esta\u00e7\u00f5es de energia port\u00e1teis\" width=\"1200\" height=\"1464\" \/><\/p>\n<p>Chave <strong>Usina El\u00e9trica<\/strong> Caracter\u00edsticas:<\/p>\n<ul>\n<li>Sa\u00edda de onda senoidal pura de 200 W \u2013 Segura para eletr\u00f4nicos sens\u00edveis.<\/li>\n<li>Tomada CA personaliz\u00e1vel \u2013 Suporte OEM\/ODM para UE, Reino Unido, Universal, etc.<\/li>\n<li>Bateria de alta capacidade \u2013 Bateria de l\u00edtio de 39.000 mAh para maior autonomia.<\/li>\n<li>M\u00faltiplas sa\u00eddas \u2013 Inclui portas USB-A, USB-C e 12V DC.<\/li>\n<li>Visor digital \u2013 N\u00edvel de pot\u00eancia e status de sa\u00edda em tempo real<\/li>\n<li>Compacto e port\u00e1til \u2013 Al\u00e7a integrada, estrutura resistente, f\u00e1cil de transportar.<\/li>\n<\/ul>","protected":false},"excerpt":{"rendered":"<div class=\"max-w-2xl mx-auto bg-white shadow-md rounded-lg\">\n<table class=\"w-full border-collapse !mb-0\">\n<tbody>\n<tr class=\"border-b\">\n<td class=\"py-2 px-4 font-semibold text-gray-700\">MODELO<\/td>\n<td class=\"py-2 px-4 text-gray-600\">RM-PA150<\/td>\n<\/tr>\n<tr class=\"border-b\">\n<td class=\"py-2 px-4 font-semibold text-gray-700\">CAPACIDADE<\/td>\n<td class=\"py-2 px-4 text-gray-600\">39000mAh, 3,7V \/ 145Wh<\/td>\n<\/tr>\n<tr class=\"border-b\">\n<td class=\"py-2 px-4 font-semibold text-gray-700\">DIMENS\u00d5ES (C x L x A)<\/td>\n<td class=\"py-2 px-4 text-gray-600\">196x108x126mm<\/td>\n<\/tr>\n<tr class=\"border-b\">\n<td class=\"py-2 px-4 font-semibold text-gray-700\">PESO<\/td>\n<td class=\"py-2 px-4 text-gray-600\">1,5 kg<\/td>\n<\/tr>\n<tr class=\"border-b\">\n<td class=\"py-2 px-4 font-semibold text-gray-700\">BATERIA INTEGRADA<\/td>\n<td class=\"py-2 px-4 text-gray-600\">Bateria de l\u00edtio de alta qualidade<\/td>\n<\/tr>\n<tr class=\"border-b\">\n<td class=\"py-2 px-4 font-semibold text-gray-700\">RECARGA DE ENTRADA<\/td>\n<td class=\"py-2 px-4 text-gray-600\">DC15V\/2A<\/td>\n<\/tr>\n<tr class=\"border-b\">\n<td class=\"py-2 px-4 font-semibold text-gray-700\">TEMPO DE CARGA COMPLETA<\/td>\n<td class=\"py-2 px-4 text-gray-600\">DC 15V: 6,5 horas<\/td>\n<\/tr>\n<tr class=\"border-b\">\n<td class=\"py-2 px-4 font-semibold text-gray-700\">SA\u00cdDA<\/td>\n<td class=\"py-2 px-4 text-gray-600\">USB 5V-3.1A (m\u00e1x.)<\/td>\n<\/tr>\n<tr class=\"border-b\">\n<td class=\"py-2 px-4 font-semibold text-gray-700\">POT\u00caNCIA CC (M\u00c1XIMA)<\/td>\n<td class=\"py-2 px-4 text-gray-600\">9~12,6V\/10A, 120W (m\u00e1x.)<\/td>\n<\/tr>\n<tr class=\"border-b\">\n<td class=\"py-2 px-4 font-semibold text-gray-700\">SA\u00cdDA CA<\/td>\n<td class=\"py-2 px-4 text-gray-600\">200 W, Sa\u00edda de Onda Modificada.<br \/>\n110V (Constru\u00eddo de acordo com as normas de cada pa\u00eds)<\/td>\n<\/tr>\n<tr class=\"border-b\">\n<td class=\"py-2 px-4 font-semibold text-gray-700\">INDICADOR DE ENERGIA<\/td>\n<td class=\"py-2 px-4 text-gray-600\">PAINEL DE CONTROLE DE LED<\/td>\n<\/tr>\n<tr class=\"border-b\">\n<td class=\"py-2 px-4 font-semibold text-gray-700\">FAIXA DE TEMPERATURA DE OPERA\u00c7\u00c3O<\/td>\n<td class=\"py-2 px-4 text-gray-600\">-10\u00b0C a 40\u00b0C<\/td>\n<\/tr>\n<tr class=\"border-b\">\n<td class=\"py-2 px-4 font-semibold text-gray-700\">VIDA \u00daTIL<\/td>\n<td class=\"py-2 px-4 text-gray-600\">&gt;1000 vezes<\/td>\n<\/tr>\n<tr class=\"border-b\">\n<td class=\"py-2 px-4 font-semibold text-gray-700\">O PACOTE INCLUI<\/td>\n<td class=\"py-2 px-4 text-gray-600\">1 x Gerador de Energia Port\u00e1til<br \/>\n1 x Adaptador de energia<br \/>\n1 x Adaptador para acendedor de cigarros<br \/>\n1 x Carregador de carro<br \/>\n1 x Manual do usu\u00e1rio<\/td>\n<\/tr>\n<\/tbody>\n<\/table>\n<p class=\"text-sm text-gray-500 !p-2\">\u203b Podem existir algumas diferen\u00e7as entre as pe\u00e7as de reposi\u00e7\u00e3o. Por favor, considere o produto real como refer\u00eancia.<\/p>\n<\/div>","protected":false},"featured_media":1305,"comment_status":"open","ping_status":"closed","template":"","meta":{"_acf_changed":false,"_uag_custom_page_level_css":"","site-sidebar-layout":"default","site-content-layout":"","ast-site-content-layout":"default","site-content-style":"default","site-sidebar-style":"default","ast-global-header-display":"","ast-banner-title-visibility":"","ast-main-header-display":"","ast-hfb-above-header-display":"","ast-hfb-below-header-display":"","ast-hfb-mobile-header-display":"","site-post-title":"","ast-breadcrumbs-content":"","ast-featured-img":"","footer-sml-layout":"","theme-transparent-header-meta":"default","adv-header-id-meta":"","stick-header-meta":"","header-above-stick-meta":"","header-main-stick-meta":"","header-below-stick-meta":"","astra-migrate-meta-layouts":"set","ast-page-background-enabled":"default","ast-page-background-meta":{"desktop":{"background-color":"var(--ast-global-color-4)","background-image":"","background-repeat":"repeat","background-position":"center center","background-size":"auto","background-attachment":"scroll","background-type":"","background-media":"","overlay-type":"","overlay-color":"","overlay-opacity":"","overlay-gradient":""},"tablet":{"background-color":"","background-image":"","background-repeat":"repeat","background-position":"center center","background-size":"auto","background-attachment":"scroll","background-type":"","background-media":"","overlay-type":"","overlay-color":"","overlay-opacity":"","overlay-gradient":""},"mobile":{"background-color":"","background-image":"","background-repeat":"repeat","background-position":"center center","background-size":"auto","background-attachment":"scroll","background-type":"","background-media":"","overlay-type":"","overlay-color":"","overlay-opacity":"","overlay-gradient":""}},"ast-content-background-meta":{"desktop":{"background-color":"var(--ast-global-color-5)","background-image":"","background-repeat":"repeat","background-position":"center center","background-size":"auto","background-attachment":"scroll","background-type":"","background-media":"","overlay-type":"","overlay-color":"","overlay-opacity":"","overlay-gradient":""},"tablet":{"background-color":"var(--ast-global-color-5)","background-image":"","background-repeat":"repeat","background-position":"center center","background-size":"auto","background-attachment":"scroll","background-type":"","background-media":"","overlay-type":"","overlay-color":"","overlay-opacity":"","overlay-gradient":""},"mobile":{"background-color":"var(--ast-global-color-5)","background-image":"","background-repeat":"repeat","background-position":"center center","background-size":"auto","background-attachment":"scroll","background-type":"","background-media":"","overlay-type":"","overlay-color":"","overlay-opacity":"","overlay-gradient":""}}},"product_brand":[],"product_cat":[37],"product_tag":[],"class_list":{"0":"post-1312","1":"product","2":"type-product","3":"status-publish","4":"has-post-thumbnail","6":"product_cat-portable-power-stations","7":"desktop-align-left","8":"tablet-align-left","9":"mobile-align-left","11":"first","12":"instock","13":"shipping-taxable","14":"product-type-simple"},"acf":[],"yoast_head":"<!-- This site is optimized with the Yoast SEO plugin v25.0 - https:\/\/yoast.com\/wordpress\/plugins\/seo\/ -->\n<title>Portable small power station for camping 200w - UPS power supply<\/title>\n<meta name=\"robots\" content=\"index, follow, max-snippet:-1, max-image-preview:large, max-video-preview:-1\" \/>\n<link rel=\"canonical\" href=\"https:\/\/www.upspower-supply.com\/pt\/produto\/portable-small-power-station-for-camping-200w\/\" \/>\n<meta property=\"og:locale\" content=\"pt_PT\" \/>\n<meta property=\"og:type\" content=\"article\" \/>\n<meta property=\"og:title\" content=\"Portable small power station for camping 200w - UPS power supply\" \/>\n<meta property=\"og:description\" content=\"MODEL RM-PA150   CAPACITY 39000mAh, 3.7V \/ 145Wh   DIMENSIONS(LWH) 196x108x126mm   WEIGHT 1.5Kg   BUILT-IN BATTERY High quality lithium battery   INPUT RECHARGING DC15V\/2A   FULLY CHARGED TIME DC 15V: 6.5 hours   OUTPUT USB 5V-3.1A(Max)   DC WATTAGE(MAX) 9~12.6V\/10A, 120W(Max)   AC OUTPUT 200W, Modified Wave Output. 110V (Build According to different nations)   POWER INDICATOR LED CONTROL PANEL   OPERATION TEMPERATURE RANGE -10\u00b0C~40\u00b0C   LIFECYCLE &gt;1000 times   PACKAGE INCLUDE 1 x Portable Power Generator 1 x Power Adapter 1 x Cigarette light adapter 1 x Car charger 1 x User manual    \u203b There may be some differences on the different spare parts. Please adhere to the actual product instead.\" \/>\n<meta property=\"og:url\" content=\"https:\/\/www.upspower-supply.com\/pt\/produto\/portable-small-power-station-for-camping-200w\/\" \/>\n<meta property=\"og:site_name\" content=\"UPS power supply\" \/>\n<meta property=\"article:modified_time\" content=\"2025-06-26T01:21:02+00:00\" \/>\n<meta property=\"og:image\" content=\"https:\/\/www.upspower-supply.com\/wp-content\/uploads\/2025\/05\/portable-small-power-station-for-camping-200w-1.png\" \/>\n\t<meta property=\"og:image:width\" content=\"1000\" \/>\n\t<meta property=\"og:image:height\" content=\"1000\" \/>\n\t<meta property=\"og:image:type\" content=\"image\/png\" \/>\n<meta name=\"twitter:card\" content=\"summary_large_image\" \/>\n<meta name=\"twitter:label1\" content=\"Tempo estimado de leitura\" \/>\n\t<meta name=\"twitter:data1\" content=\"4 minutos\" \/>\n<script type=\"application\/ld+json\" class=\"yoast-schema-graph\">{\"@context\":\"https:\/\/schema.org\",\"@graph\":[{\"@type\":\"WebPage\",\"@id\":\"https:\/\/www.upspower-supply.com\/product\/portable-small-power-station-for-camping-200w\/\",\"url\":\"https:\/\/www.upspower-supply.com\/product\/portable-small-power-station-for-camping-200w\/\",\"name\":\"Portable small power station for camping 200w - UPS power supply\",\"isPartOf\":{\"@id\":\"https:\/\/www.upspower-supply.com\/#website\"},\"primaryImageOfPage\":{\"@id\":\"https:\/\/www.upspower-supply.com\/product\/portable-small-power-station-for-camping-200w\/#primaryimage\"},\"image\":{\"@id\":\"https:\/\/www.upspower-supply.com\/product\/portable-small-power-station-for-camping-200w\/#primaryimage\"},\"thumbnailUrl\":\"https:\/\/www.upspower-supply.com\/wp-content\/uploads\/2025\/05\/portable-small-power-station-for-camping-200w-1.png\",\"datePublished\":\"2025-05-13T06:41:13+00:00\",\"dateModified\":\"2025-06-26T01:21:02+00:00\",\"breadcrumb\":{\"@id\":\"https:\/\/www.upspower-supply.com\/product\/portable-small-power-station-for-camping-200w\/#breadcrumb\"},\"inLanguage\":\"pt-PT\",\"potentialAction\":[{\"@type\":\"ReadAction\",\"target\":[\"https:\/\/www.upspower-supply.com\/product\/portable-small-power-station-for-camping-200w\/\"]}]},{\"@type\":\"ImageObject\",\"inLanguage\":\"pt-PT\",\"@id\":\"https:\/\/www.upspower-supply.com\/product\/portable-small-power-station-for-camping-200w\/#primaryimage\",\"url\":\"https:\/\/www.upspower-supply.com\/wp-content\/uploads\/2025\/05\/portable-small-power-station-for-camping-200w-1.png\",\"contentUrl\":\"https:\/\/www.upspower-supply.com\/wp-content\/uploads\/2025\/05\/portable-small-power-station-for-camping-200w-1.png\",\"width\":1000,\"height\":1000,\"caption\":\"portable small power station for camping 200w\"},{\"@type\":\"BreadcrumbList\",\"@id\":\"https:\/\/www.upspower-supply.com\/product\/portable-small-power-station-for-camping-200w\/#breadcrumb\",\"itemListElement\":[{\"@type\":\"ListItem\",\"position\":1,\"name\":\"Home\",\"item\":\"https:\/\/www.upspower-supply.com\/\"},{\"@type\":\"ListItem\",\"position\":2,\"name\":\"Shop\",\"item\":\"https:\/\/www.upspower-supply.com\/shop\/\"},{\"@type\":\"ListItem\",\"position\":3,\"name\":\"Portable small power station for camping 200w\"}]},{\"@type\":\"WebSite\",\"@id\":\"https:\/\/www.upspower-supply.com\/#website\",\"url\":\"https:\/\/www.upspower-supply.com\/\",\"name\":\"UPS power supply\",\"description\":\"\",\"potentialAction\":[{\"@type\":\"SearchAction\",\"target\":{\"@type\":\"EntryPoint\",\"urlTemplate\":\"https:\/\/www.upspower-supply.com\/?s={search_term_string}\"},\"query-input\":{\"@type\":\"PropertyValueSpecification\",\"valueRequired\":true,\"valueName\":\"search_term_string\"}}],\"inLanguage\":\"pt-PT\"}]}<\/script>\n<!-- \/ Yoast SEO plugin. -->","yoast_head_json":{"title":"Portable small power station for camping 200w - UPS power supply","robots":{"index":"index","follow":"follow","max-snippet":"max-snippet:-1","max-image-preview":"max-image-preview:large","max-video-preview":"max-video-preview:-1"},"canonical":"https:\/\/www.upspower-supply.com\/pt\/produto\/portable-small-power-station-for-camping-200w\/","og_locale":"pt_PT","og_type":"article","og_title":"Portable small power station for camping 200w - UPS power supply","og_description":"MODEL RM-PA150   CAPACITY 39000mAh, 3.7V \/ 145Wh   DIMENSIONS(LWH) 196x108x126mm   WEIGHT 1.5Kg   BUILT-IN BATTERY High quality lithium battery   INPUT RECHARGING DC15V\/2A   FULLY CHARGED TIME DC 15V: 6.5 hours   OUTPUT USB 5V-3.1A(Max)   DC WATTAGE(MAX) 9~12.6V\/10A, 120W(Max)   AC OUTPUT 200W, Modified Wave Output. 110V (Build According to different nations)   POWER INDICATOR LED CONTROL PANEL   OPERATION TEMPERATURE RANGE -10\u00b0C~40\u00b0C   LIFECYCLE &gt;1000 times   PACKAGE INCLUDE 1 x Portable Power Generator 1 x Power Adapter 1 x Cigarette light adapter 1 x Car charger 1 x User manual    \u203b There may be some differences on the different spare parts. Please adhere to the actual product instead.","og_url":"https:\/\/www.upspower-supply.com\/pt\/produto\/portable-small-power-station-for-camping-200w\/","og_site_name":"UPS power supply","article_modified_time":"2025-06-26T01:21:02+00:00","og_image":[{"width":1000,"height":1000,"url":"https:\/\/www.upspower-supply.com\/wp-content\/uploads\/2025\/05\/portable-small-power-station-for-camping-200w-1.png","type":"image\/png"}],"twitter_card":"summary_large_image","twitter_misc":{"Tempo estimado de leitura":"4 minutos"},"schema":{"@context":"https:\/\/schema.org","@graph":[{"@type":"WebPage","@id":"https:\/\/www.upspower-supply.com\/product\/portable-small-power-station-for-camping-200w\/","url":"https:\/\/www.upspower-supply.com\/product\/portable-small-power-station-for-camping-200w\/","name":"Portable small power station for camping 200w - UPS power supply","isPartOf":{"@id":"https:\/\/www.upspower-supply.com\/#website"},"primaryImageOfPage":{"@id":"https:\/\/www.upspower-supply.com\/product\/portable-small-power-station-for-camping-200w\/#primaryimage"},"image":{"@id":"https:\/\/www.upspower-supply.com\/product\/portable-small-power-station-for-camping-200w\/#primaryimage"},"thumbnailUrl":"https:\/\/www.upspower-supply.com\/wp-content\/uploads\/2025\/05\/portable-small-power-station-for-camping-200w-1.png","datePublished":"2025-05-13T06:41:13+00:00","dateModified":"2025-06-26T01:21:02+00:00","breadcrumb":{"@id":"https:\/\/www.upspower-supply.com\/product\/portable-small-power-station-for-camping-200w\/#breadcrumb"},"inLanguage":"pt-PT","potentialAction":[{"@type":"ReadAction","target":["https:\/\/www.upspower-supply.com\/product\/portable-small-power-station-for-camping-200w\/"]}]},{"@type":"ImageObject","inLanguage":"pt-PT","@id":"https:\/\/www.upspower-supply.com\/product\/portable-small-power-station-for-camping-200w\/#primaryimage","url":"https:\/\/www.upspower-supply.com\/wp-content\/uploads\/2025\/05\/portable-small-power-station-for-camping-200w-1.png","contentUrl":"https:\/\/www.upspower-supply.com\/wp-content\/uploads\/2025\/05\/portable-small-power-station-for-camping-200w-1.png","width":1000,"height":1000,"caption":"portable small power station for camping 200w"},{"@type":"BreadcrumbList","@id":"https:\/\/www.upspower-supply.com\/product\/portable-small-power-station-for-camping-200w\/#breadcrumb","itemListElement":[{"@type":"ListItem","position":1,"name":"Home","item":"https:\/\/www.upspower-supply.com\/"},{"@type":"ListItem","position":2,"name":"Shop","item":"https:\/\/www.upspower-supply.com\/shop\/"},{"@type":"ListItem","position":3,"name":"Portable small power station for camping 200w"}]},{"@type":"WebSite","@id":"https:\/\/www.upspower-supply.com\/#website","url":"https:\/\/www.upspower-supply.com\/","name":"UPS power supply","description":"","potentialAction":[{"@type":"SearchAction","target":{"@type":"EntryPoint","urlTemplate":"https:\/\/www.upspower-supply.com\/?s={search_term_string}"},"query-input":{"@type":"PropertyValueSpecification","valueRequired":true,"valueName":"search_term_string"}}],"inLanguage":"pt-PT"}]}},"uagb_featured_image_src":{"full":["https:\/\/www.upspower-supply.com\/wp-content\/uploads\/2025\/05\/portable-small-power-station-for-camping-200w-1.png",1000,1000,false],"thumbnail":["https:\/\/www.upspower-supply.com\/wp-content\/uploads\/2025\/05\/portable-small-power-station-for-camping-200w-1-150x150.png",150,150,true],"medium":["https:\/\/www.upspower-supply.com\/wp-content\/uploads\/2025\/05\/portable-small-power-station-for-camping-200w-1-300x300.png",300,300,true],"medium_large":["https:\/\/www.upspower-supply.com\/wp-content\/uploads\/2025\/05\/portable-small-power-station-for-camping-200w-1-768x768.png",768,768,true],"large":["https:\/\/www.upspower-supply.com\/wp-content\/uploads\/2025\/05\/portable-small-power-station-for-camping-200w-1.png",1000,1000,false],"1536x1536":["https:\/\/www.upspower-supply.com\/wp-content\/uploads\/2025\/05\/portable-small-power-station-for-camping-200w-1.png",1000,1000,false],"2048x2048":["https:\/\/www.upspower-supply.com\/wp-content\/uploads\/2025\/05\/portable-small-power-station-for-camping-200w-1.png",1000,1000,false],"trp-custom-language-flag":["https:\/\/www.upspower-supply.com\/wp-content\/uploads\/2025\/05\/portable-small-power-station-for-camping-200w-1-12x12.png",12,12,true],"woocommerce_thumbnail":["https:\/\/www.upspower-supply.com\/wp-content\/uploads\/2025\/05\/portable-small-power-station-for-camping-200w-1-300x300.png",300,300,true],"woocommerce_single":["https:\/\/www.upspower-supply.com\/wp-content\/uploads\/2025\/05\/portable-small-power-station-for-camping-200w-1-600x600.png",600,600,true],"woocommerce_gallery_thumbnail":["https:\/\/www.upspower-supply.com\/wp-content\/uploads\/2025\/05\/portable-small-power-station-for-camping-200w-1-100x100.png",100,100,true]},"uagb_author_info":{"display_name":"Tyne Tingey","author_link":"https:\/\/www.upspower-supply.com\/pt\/author\/"},"uagb_comment_info":0,"uagb_excerpt":"MODEL RM-PA150 CAPACITY 39000mAh, 3.7V \/ 145Wh DIMENSIONS(LWH) 196x108x126mm WEIGHT 1.5Kg BUILT-IN BATTERY High quality lithium battery INPUT RECHARGING DC15V\/2A FULLY CHARGED TIME DC 15V: 6.5 hours OUTPUT USB 5V-3.1A(Max) DC WATTAGE(MAX) 9~12.6V\/10A, 120W(Max) AC OUTPUT 200W, Modified Wave Output. 110V (Build According to different nations) POWER INDICATOR LED CONTROL PANEL OPERATION TEMPERATURE RANGE -10\u00b0C~40\u00b0C&hellip;","_links":{"self":[{"href":"https:\/\/www.upspower-supply.com\/pt\/wp-json\/wp\/v2\/product\/1312","targetHints":{"allow":["GET"]}}],"collection":[{"href":"https:\/\/www.upspower-supply.com\/pt\/wp-json\/wp\/v2\/product"}],"about":[{"href":"https:\/\/www.upspower-supply.com\/pt\/wp-json\/wp\/v2\/types\/product"}],"replies":[{"embeddable":true,"href":"https:\/\/www.upspower-supply.com\/pt\/wp-json\/wp\/v2\/comments?post=1312"}],"wp:featuredmedia":[{"embeddable":true,"href":"https:\/\/www.upspower-supply.com\/pt\/wp-json\/wp\/v2\/media\/1305"}],"wp:attachment":[{"href":"https:\/\/www.upspower-supply.com\/pt\/wp-json\/wp\/v2\/media?parent=1312"}],"wp:term":[{"taxonomy":"product_brand","embeddable":true,"href":"https:\/\/www.upspower-supply.com\/pt\/wp-json\/wp\/v2\/product_brand?post=1312"},{"taxonomy":"product_cat","embeddable":true,"href":"https:\/\/www.upspower-supply.com\/pt\/wp-json\/wp\/v2\/product_cat?post=1312"},{"taxonomy":"product_tag","embeddable":true,"href":"https:\/\/www.upspower-supply.com\/pt\/wp-json\/wp\/v2\/product_tag?post=1312"}],"curies":[{"name":"wp","href":"https:\/\/api.w.org\/{rel}","templated":true}]}}