{"id":1290,"date":"2025-05-13T06:03:48","date_gmt":"2025-05-13T06:03:48","guid":{"rendered":"https:\/\/www.upspower-supply.com\/product\/best-portable-power-stations-for-outages-and-outings-1200w\/"},"modified":"2025-05-13T06:24:39","modified_gmt":"2025-05-13T06:24:39","slug":"best-portable-power-stations-for-outages-and-outings-1200w","status":"publish","type":"product","link":"https:\/\/www.upspower-supply.com\/pt\/produto\/best-portable-power-stations-for-outages-and-outings-1200w\/","title":{"rendered":"Melhores esta\u00e7\u00f5es de energia port\u00e1teis para apag\u00f5es e passeios de 1200 W"},"content":{"rendered":"<p><strong>Melhores esta\u00e7\u00f5es de energia port\u00e1teis para apag\u00f5es e passeios de 1200W<\/strong><\/p>\n<p>Supere os apag\u00f5es e aproveite suas aventuras ao ar livre com esta esta\u00e7\u00e3o de energia port\u00e1til de alta capacidade de 1200 W. Projetada para oferecer confiabilidade e pre\u00e7o acess\u00edvel, ela conta com uma robusta bateria LiFePO\u2084 de 1008 Wh, com vida \u00fatil estimada em mais de 2000 ciclos, garantindo desempenho e seguran\u00e7a a longo prazo.<\/p>\n<p>Com uma pot\u00eancia de sa\u00edda CA cont\u00ednua de 1200 W atrav\u00e9s de quatro tomadas de onda senoidal pura, \u00e9 ideal para eletr\u00f4nicos sens\u00edveis, eletrodom\u00e9sticos e equipamentos de emerg\u00eancia. As m\u00faltiplas sa\u00eddas CC incluem portas USB-A, USB-C PD (60 W) e 12 V reguladas, tornando-o compat\u00edvel com smartphones, laptops, mini-geladeiras e muito mais.<\/p>\n<p>Recarregue rapidamente em apenas 5 horas via 38V DC ou pain\u00e9is solares (compat\u00edvel com MPPT de at\u00e9 350W). Projetada para operar em temperaturas de -10\u00b0C a 40\u00b0C, esta unidade compacta \u00e9 perfeita para uso dom\u00e9stico como fonte de energia reserva, para acampamentos ou para trabalho remoto. A embalagem inclui um adaptador de energia e um manual do usu\u00e1rio.<\/p>\n<p><img loading=\"lazy\" decoding=\"async\" class=\"alignnone size-full wp-image-1911\" src=\"https:\/\/www.upspower-supply.com\/wp-content\/uploads\/2025\/05\/best-portable-power-stations-for-outages-and-outings-1200w-622480.jpg\" alt=\"Esta\u00e7\u00e3o de energia port\u00e1til barata de 1200 W: maneiras de carregar\" width=\"800\" height=\"573\" \/><\/p>\n<p><img loading=\"lazy\" decoding=\"async\" class=\"alignnone size-full wp-image-1912\" src=\"https:\/\/www.upspower-supply.com\/wp-content\/uploads\/2025\/05\/best-portable-power-stations-for-outages-and-outings-1200w-f0e48c.jpg\" alt=\"Esta\u00e7\u00e3o de energia port\u00e1til barata de 1200 W com controle Bluetooth\" width=\"800\" height=\"1162\" \/><\/p>\n<p><img loading=\"lazy\" decoding=\"async\" class=\"alignnone size-full wp-image-1913\" src=\"https:\/\/www.upspower-supply.com\/wp-content\/uploads\/2025\/05\/best-portable-power-stations-for-outages-and-outings-1200w-fb480e.jpg\" alt=\"Esta\u00e7\u00e3o de energia port\u00e1til barata de 1200 W CA para v\u00e1rios pa\u00edses\" width=\"800\" height=\"780\" \/><\/p>\n<p><img loading=\"lazy\" decoding=\"async\" class=\"alignnone size-full wp-image-1914\" src=\"https:\/\/www.upspower-supply.com\/wp-content\/uploads\/2025\/05\/best-portable-power-stations-for-outages-and-outings-1200w-f675bb.jpg\" alt=\"Esta\u00e7\u00e3o de energia port\u00e1til barata com c\u00e9lula de bateria LiFeO4 de 1200 W\" width=\"800\" height=\"795\" \/><\/p>\n<p><img loading=\"lazy\" decoding=\"async\" class=\"alignnone size-full wp-image-1915\" src=\"https:\/\/www.upspower-supply.com\/wp-content\/uploads\/2025\/05\/best-portable-power-stations-for-outages-and-outings-1200w-a5aea3.jpg\" alt=\"Esta\u00e7\u00e3o de energia port\u00e1til barata de 1200 W, equipamento de uso comum.\" width=\"800\" height=\"1150\" \/><\/p>\n<p><img loading=\"lazy\" decoding=\"async\" class=\"alignnone size-full wp-image-1916\" src=\"https:\/\/www.upspower-supply.com\/wp-content\/uploads\/2025\/05\/best-portable-power-stations-for-outages-and-outings-1200w-7a8c9e.jpg\" alt=\"Esta\u00e7\u00e3o de energia port\u00e1til barata de 1200 W para uso em acampamentos\" width=\"800\" height=\"1117\" \/><\/p>\n<p><img loading=\"lazy\" decoding=\"async\" class=\"alignnone size-full wp-image-1917\" src=\"https:\/\/www.upspower-supply.com\/wp-content\/uploads\/2025\/05\/best-portable-power-stations-for-outages-and-outings-1200w-31cb26.jpg\" alt=\"Esta\u00e7\u00e3o de energia port\u00e1til barata de 1200 W com carregamento solar r\u00e1pido.\" width=\"800\" height=\"877\" \/><\/p>\n<p><img loading=\"lazy\" decoding=\"async\" class=\"alignnone size-full wp-image-1918\" src=\"https:\/\/www.upspower-supply.com\/wp-content\/uploads\/2025\/05\/best-portable-power-stations-for-outages-and-outings-1200w-d6bb56.jpg\" alt=\"Esta\u00e7\u00e3o de energia port\u00e1til barata de 1200 W para uso em acampamentos\" width=\"800\" height=\"822\" \/><\/p>\n<p><img loading=\"lazy\" decoding=\"async\" class=\"alignnone size-full wp-image-1919\" src=\"https:\/\/www.upspower-supply.com\/wp-content\/uploads\/2025\/05\/best-portable-power-stations-for-outages-and-outings-1200w-e66f2c.jpg\" alt=\"Esta\u00e7\u00e3o de energia port\u00e1til barata de 1200 W para m\u00e1quina de gelo\" width=\"800\" height=\"679\" \/><\/p>\n<p><img loading=\"lazy\" decoding=\"async\" class=\"alignnone size-full wp-image-1920\" src=\"https:\/\/www.upspower-supply.com\/wp-content\/uploads\/2025\/05\/best-portable-power-stations-for-outages-and-outings-1200w-a303cc.jpg\" alt=\"Esta\u00e7\u00e3o de energia port\u00e1til barata de 1200 W para diversas aplica\u00e7\u00f5es\" width=\"800\" height=\"1085\" \/><\/p>\n<p><img loading=\"lazy\" decoding=\"async\" class=\"alignnone size-full wp-image-1921\" src=\"https:\/\/www.upspower-supply.com\/wp-content\/uploads\/2025\/05\/best-portable-power-stations-for-outages-and-outings-1200w-d6e6a8.jpg\" alt=\"Esta\u00e7\u00e3o de energia port\u00e1til barata de 1200 W com BMS\" width=\"800\" height=\"1141\" \/><\/p>\n<p><img loading=\"lazy\" decoding=\"async\" class=\"alignnone size-full wp-image-1922\" src=\"https:\/\/www.upspower-supply.com\/wp-content\/uploads\/2025\/05\/best-portable-power-stations-for-outages-and-outings-1200w-8ef1df.jpg\" alt=\"esta\u00e7\u00e3o de energia port\u00e1til barata de 1200 W procedimentos de controle de qualidade\" width=\"800\" height=\"1209\" \/><\/p>","protected":false},"excerpt":{"rendered":"<div class=\"max-w-2xl mx-auto bg-white shadow-md rounded-lg overflow-y-auto max-h-[800px]\">\n<table class=\"w-full border-collapse !mb-0\">\n<tbody>\n<tr class=\"border-b\">\n<td class=\"py-2 px-4 font-semibold text-gray-700\">Modelo<\/td>\n<td class=\"py-2 px-4 text-gray-600\">RM-PT1000<\/td>\n<\/tr>\n<tr class=\"border-b\">\n<td class=\"py-2 px-4 font-semibold text-gray-700\">Bateria integrada<\/td>\n<td class=\"py-2 px-4 text-gray-600\">LiFePO4<\/td>\n<\/tr>\n<tr class=\"border-b\">\n<td class=\"py-2 px-4 font-semibold text-gray-700\">Capacidade da bateria<\/td>\n<td class=\"py-2 px-4 text-gray-600\">1008Wh \/ 3,2V 315.000mAh \/ 22,4V 45Ah<\/td>\n<\/tr>\n<tr class=\"border-b\">\n<td class=\"py-2 px-4 font-semibold text-gray-700\">Recarga de entrada<\/td>\n<td class=\"py-2 px-4 text-gray-600\">CC 38V\/6,0A<\/td>\n<\/tr>\n<tr class=\"border-b\">\n<td class=\"py-2 px-4 font-semibold text-gray-700\">Carregamento por painel solar<\/td>\n<td class=\"py-2 px-4 text-gray-600\">12V-50V \/ MPPT M\u00c1X. 350W<\/td>\n<\/tr>\n<tr class=\"border-b\">\n<td class=\"py-2 px-4 font-semibold text-gray-700\">Tempo de Carga Completa<\/td>\n<td class=\"py-2 px-4 text-gray-600\">DC 38V: 5 horas<\/td>\n<\/tr>\n<tr class=\"border-b\">\n<td class=\"py-2 px-4 font-semibold text-gray-700\">Sa\u00edda CC<\/td>\n<td class=\"py-2 px-4 text-gray-600\">8 portas USB: 5V\/2A MAX<br \/>\n2 x USB QC 3.0: 5V-9V\/2A M\u00c1X. 18W<br \/>\n1 porta Tipo C: 5V-9V\/2A M\u00c1X. 18W<br \/>\n1 porta Type-C: 5V-20V PD 60W (carga\/descarga bidirecional)<br \/>\nSa\u00edda CC de 2 x 5521: 12V\/10A (Tens\u00e3o regulada)<br \/>\n1 x Sa\u00edda para isqueiro: 12V\/10A (Tens\u00e3o regulada)<\/td>\n<\/tr>\n<tr class=\"border-b\">\n<td class=\"py-2 px-4 font-semibold text-gray-700\">Sa\u00edda CA<\/td>\n<td class=\"py-2 px-4 text-gray-600\">4 sa\u00eddas de onda senoidal pura CA 230V\/110V<\/td>\n<\/tr>\n<tr class=\"border-b\">\n<td class=\"py-2 px-4 font-semibold text-gray-700\">Sa\u00edda cont\u00ednua de CA<\/td>\n<td class=\"py-2 px-4 text-gray-600\">1200W<\/td>\n<\/tr>\n<tr class=\"border-b\">\n<td class=\"py-2 px-4 font-semibold text-gray-700\">Temperatura de opera\u00e7\u00e3o<\/td>\n<td class=\"py-2 px-4 text-gray-600\">-10\u00b0C a 40\u00b0C<\/td>\n<\/tr>\n<tr class=\"border-b\">\n<td class=\"py-2 px-4 font-semibold text-gray-700\">Vida \u00fatil<\/td>\n<td class=\"py-2 px-4 text-gray-600\">&gt;2000 vezes<\/td>\n<\/tr>\n<tr class=\"border-b\">\n<td class=\"py-2 px-4 font-semibold text-gray-700\">Prote\u00e7\u00e3o do produto<\/td>\n<td class=\"py-2 px-4 text-gray-600\">a. Prote\u00e7\u00e3o contra curto-circuito<br \/>\nb. Prote\u00e7\u00e3o contra sobrecorrente<br \/>\nc. Prote\u00e7\u00e3o contra sobretens\u00e3o<br \/>\nd. Prote\u00e7\u00e3o contra subtens\u00e3o<br \/>\ne. Prote\u00e7\u00e3o contra sobrecarga<br \/>\nf. Prote\u00e7\u00e3o contra sobretemperatura<\/td>\n<\/tr>\n<tr class=\"border-b\">\n<td class=\"py-2 px-4 font-semibold text-gray-700\">Inclu\u00eddo no Pacote<\/td>\n<td class=\"py-2 px-4 text-gray-600\">1 x gerador solar port\u00e1til<br \/>\n1 x adaptador de energia<br \/>\n1 x manual do usu\u00e1rio<\/td>\n<\/tr>\n<\/tbody>\n<\/table>\n<\/div>","protected":false},"featured_media":1284,"comment_status":"open","ping_status":"closed","template":"","meta":{"_acf_changed":false,"_uag_custom_page_level_css":"","site-sidebar-layout":"default","site-content-layout":"","ast-site-content-layout":"default","site-content-style":"default","site-sidebar-style":"default","ast-global-header-display":"","ast-banner-title-visibility":"","ast-main-header-display":"","ast-hfb-above-header-display":"","ast-hfb-below-header-display":"","ast-hfb-mobile-header-display":"","site-post-title":"","ast-breadcrumbs-content":"","ast-featured-img":"","footer-sml-layout":"","theme-transparent-header-meta":"default","adv-header-id-meta":"","stick-header-meta":"","header-above-stick-meta":"","header-main-stick-meta":"","header-below-stick-meta":"","astra-migrate-meta-layouts":"set","ast-page-background-enabled":"default","ast-page-background-meta":{"desktop":{"background-color":"var(--ast-global-color-4)","background-image":"","background-repeat":"repeat","background-position":"center center","background-size":"auto","background-attachment":"scroll","background-type":"","background-media":"","overlay-type":"","overlay-color":"","overlay-opacity":"","overlay-gradient":""},"tablet":{"background-color":"","background-image":"","background-repeat":"repeat","background-position":"center center","background-size":"auto","background-attachment":"scroll","background-type":"","background-media":"","overlay-type":"","overlay-color":"","overlay-opacity":"","overlay-gradient":""},"mobile":{"background-color":"","background-image":"","background-repeat":"repeat","background-position":"center center","background-size":"auto","background-attachment":"scroll","background-type":"","background-media":"","overlay-type":"","overlay-color":"","overlay-opacity":"","overlay-gradient":""}},"ast-content-background-meta":{"desktop":{"background-color":"var(--ast-global-color-5)","background-image":"","background-repeat":"repeat","background-position":"center center","background-size":"auto","background-attachment":"scroll","background-type":"","background-media":"","overlay-type":"","overlay-color":"","overlay-opacity":"","overlay-gradient":""},"tablet":{"background-color":"var(--ast-global-color-5)","background-image":"","background-repeat":"repeat","background-position":"center center","background-size":"auto","background-attachment":"scroll","background-type":"","background-media":"","overlay-type":"","overlay-color":"","overlay-opacity":"","overlay-gradient":""},"mobile":{"background-color":"var(--ast-global-color-5)","background-image":"","background-repeat":"repeat","background-position":"center center","background-size":"auto","background-attachment":"scroll","background-type":"","background-media":"","overlay-type":"","overlay-color":"","overlay-opacity":"","overlay-gradient":""}}},"product_brand":[],"product_cat":[37],"product_tag":[],"class_list":{"0":"post-1290","1":"product","2":"type-product","3":"status-publish","4":"has-post-thumbnail","6":"product_cat-portable-power-stations","7":"desktop-align-left","8":"tablet-align-left","9":"mobile-align-left","11":"first","12":"instock","13":"shipping-taxable","14":"product-type-simple"},"acf":[],"yoast_head":"<!-- This site is optimized with the Yoast SEO plugin v25.0 - https:\/\/yoast.com\/wordpress\/plugins\/seo\/ -->\n<title>Best Portable Power Stations for Outages and Outings 1200w - UPS power supply<\/title>\n<meta name=\"robots\" content=\"index, follow, max-snippet:-1, max-image-preview:large, max-video-preview:-1\" \/>\n<link rel=\"canonical\" href=\"https:\/\/www.upspower-supply.com\/pt\/produto\/best-portable-power-stations-for-outages-and-outings-1200w\/\" \/>\n<meta property=\"og:locale\" content=\"pt_PT\" \/>\n<meta property=\"og:type\" content=\"article\" \/>\n<meta property=\"og:title\" content=\"Best Portable Power Stations for Outages and Outings 1200w - UPS power supply\" \/>\n<meta property=\"og:description\" content=\"Model RM-PT1000   Built-in Battery LiFePO4   Battery Capacity 1008Wh \/ 3.2V 315,000mAh \/ 22.4V 45Ah   Input Recharging DC 38V\/6.0A   Solar Panel Charging 12V-50V \/ MPPT MAX 350W   Fully Charged Time DC 38V: 5 hours   DC Output 8 x USB Port: 5V\/2A MAX 2 x USB QC 3.0: 5V-9V\/2A MAX 18W 1 x Type-C Port: 5V-9V\/2A MAX 18W 1 x Type-C Port: 5V-20V PD 60W (Bi-directional charge\/discharge) 2 x 5521 DC output: 12V\/10A (Regulated voltage) 1 x Cigar output: 12V\/10A (Regulated voltage)   AC Output 4 x AC 230V\/110V pure sine wave output   AC Continuous Output 1200W   Operating Temperature -10\u00b0C-40\u00b0C   Lifecycle &gt;2000 times   Product Protection a. Short circuit protection b. Overcurrent protection c. Overvoltage protection d. Undervoltage protection e. Overload protection f. Over temperature protection   Package Included 1 x portable solar generator 1 x power adapter 1 x user manual\" \/>\n<meta property=\"og:url\" content=\"https:\/\/www.upspower-supply.com\/pt\/produto\/best-portable-power-stations-for-outages-and-outings-1200w\/\" \/>\n<meta property=\"og:site_name\" content=\"UPS power supply\" \/>\n<meta property=\"article:modified_time\" content=\"2025-05-13T06:24:39+00:00\" \/>\n<meta property=\"og:image\" content=\"https:\/\/www.upspower-supply.com\/wp-content\/uploads\/2025\/05\/best-portable-power-stations-for-outages-and-outings-1200w-1.jpg\" \/>\n\t<meta property=\"og:image:width\" content=\"2560\" \/>\n\t<meta property=\"og:image:height\" content=\"2560\" \/>\n\t<meta property=\"og:image:type\" content=\"image\/jpeg\" \/>\n<meta name=\"twitter:card\" content=\"summary_large_image\" \/>\n<meta name=\"twitter:label1\" content=\"Tempo estimado de leitura\" \/>\n\t<meta name=\"twitter:data1\" content=\"4 minutos\" \/>\n<script type=\"application\/ld+json\" class=\"yoast-schema-graph\">{\"@context\":\"https:\/\/schema.org\",\"@graph\":[{\"@type\":\"WebPage\",\"@id\":\"https:\/\/www.upspower-supply.com\/product\/best-portable-power-stations-for-outages-and-outings-1200w\/\",\"url\":\"https:\/\/www.upspower-supply.com\/product\/best-portable-power-stations-for-outages-and-outings-1200w\/\",\"name\":\"Best Portable Power Stations for Outages and Outings 1200w - UPS power supply\",\"isPartOf\":{\"@id\":\"https:\/\/www.upspower-supply.com\/#website\"},\"primaryImageOfPage\":{\"@id\":\"https:\/\/www.upspower-supply.com\/product\/best-portable-power-stations-for-outages-and-outings-1200w\/#primaryimage\"},\"image\":{\"@id\":\"https:\/\/www.upspower-supply.com\/product\/best-portable-power-stations-for-outages-and-outings-1200w\/#primaryimage\"},\"thumbnailUrl\":\"https:\/\/www.upspower-supply.com\/wp-content\/uploads\/2025\/05\/best-portable-power-stations-for-outages-and-outings-1200w-1.jpg\",\"datePublished\":\"2025-05-13T06:03:48+00:00\",\"dateModified\":\"2025-05-13T06:24:39+00:00\",\"breadcrumb\":{\"@id\":\"https:\/\/www.upspower-supply.com\/product\/best-portable-power-stations-for-outages-and-outings-1200w\/#breadcrumb\"},\"inLanguage\":\"pt-PT\",\"potentialAction\":[{\"@type\":\"ReadAction\",\"target\":[\"https:\/\/www.upspower-supply.com\/product\/best-portable-power-stations-for-outages-and-outings-1200w\/\"]}]},{\"@type\":\"ImageObject\",\"inLanguage\":\"pt-PT\",\"@id\":\"https:\/\/www.upspower-supply.com\/product\/best-portable-power-stations-for-outages-and-outings-1200w\/#primaryimage\",\"url\":\"https:\/\/www.upspower-supply.com\/wp-content\/uploads\/2025\/05\/best-portable-power-stations-for-outages-and-outings-1200w-1.jpg\",\"contentUrl\":\"https:\/\/www.upspower-supply.com\/wp-content\/uploads\/2025\/05\/best-portable-power-stations-for-outages-and-outings-1200w-1.jpg\",\"width\":2560,\"height\":2560,\"caption\":\"Portable Power Stations for Outages and Outings\"},{\"@type\":\"BreadcrumbList\",\"@id\":\"https:\/\/www.upspower-supply.com\/product\/best-portable-power-stations-for-outages-and-outings-1200w\/#breadcrumb\",\"itemListElement\":[{\"@type\":\"ListItem\",\"position\":1,\"name\":\"Home\",\"item\":\"https:\/\/www.upspower-supply.com\/\"},{\"@type\":\"ListItem\",\"position\":2,\"name\":\"Shop\",\"item\":\"https:\/\/www.upspower-supply.com\/shop\/\"},{\"@type\":\"ListItem\",\"position\":3,\"name\":\"Best Portable Power Stations for Outages and Outings 1200w\"}]},{\"@type\":\"WebSite\",\"@id\":\"https:\/\/www.upspower-supply.com\/#website\",\"url\":\"https:\/\/www.upspower-supply.com\/\",\"name\":\"UPS power supply\",\"description\":\"\",\"potentialAction\":[{\"@type\":\"SearchAction\",\"target\":{\"@type\":\"EntryPoint\",\"urlTemplate\":\"https:\/\/www.upspower-supply.com\/?s={search_term_string}\"},\"query-input\":{\"@type\":\"PropertyValueSpecification\",\"valueRequired\":true,\"valueName\":\"search_term_string\"}}],\"inLanguage\":\"pt-PT\"}]}<\/script>\n<!-- \/ Yoast SEO plugin. -->","yoast_head_json":{"title":"Best Portable Power Stations for Outages and Outings 1200w - UPS power supply","robots":{"index":"index","follow":"follow","max-snippet":"max-snippet:-1","max-image-preview":"max-image-preview:large","max-video-preview":"max-video-preview:-1"},"canonical":"https:\/\/www.upspower-supply.com\/pt\/produto\/best-portable-power-stations-for-outages-and-outings-1200w\/","og_locale":"pt_PT","og_type":"article","og_title":"Best Portable Power Stations for Outages and Outings 1200w - UPS power supply","og_description":"Model RM-PT1000   Built-in Battery LiFePO4   Battery Capacity 1008Wh \/ 3.2V 315,000mAh \/ 22.4V 45Ah   Input Recharging DC 38V\/6.0A   Solar Panel Charging 12V-50V \/ MPPT MAX 350W   Fully Charged Time DC 38V: 5 hours   DC Output 8 x USB Port: 5V\/2A MAX 2 x USB QC 3.0: 5V-9V\/2A MAX 18W 1 x Type-C Port: 5V-9V\/2A MAX 18W 1 x Type-C Port: 5V-20V PD 60W (Bi-directional charge\/discharge) 2 x 5521 DC output: 12V\/10A (Regulated voltage) 1 x Cigar output: 12V\/10A (Regulated voltage)   AC Output 4 x AC 230V\/110V pure sine wave output   AC Continuous Output 1200W   Operating Temperature -10\u00b0C-40\u00b0C   Lifecycle &gt;2000 times   Product Protection a. Short circuit protection b. Overcurrent protection c. Overvoltage protection d. Undervoltage protection e. Overload protection f. Over temperature protection   Package Included 1 x portable solar generator 1 x power adapter 1 x user manual","og_url":"https:\/\/www.upspower-supply.com\/pt\/produto\/best-portable-power-stations-for-outages-and-outings-1200w\/","og_site_name":"UPS power supply","article_modified_time":"2025-05-13T06:24:39+00:00","og_image":[{"width":2560,"height":2560,"url":"https:\/\/www.upspower-supply.com\/wp-content\/uploads\/2025\/05\/best-portable-power-stations-for-outages-and-outings-1200w-1.jpg","type":"image\/jpeg"}],"twitter_card":"summary_large_image","twitter_misc":{"Tempo estimado de leitura":"4 minutos"},"schema":{"@context":"https:\/\/schema.org","@graph":[{"@type":"WebPage","@id":"https:\/\/www.upspower-supply.com\/product\/best-portable-power-stations-for-outages-and-outings-1200w\/","url":"https:\/\/www.upspower-supply.com\/product\/best-portable-power-stations-for-outages-and-outings-1200w\/","name":"Best Portable Power Stations for Outages and Outings 1200w - UPS power supply","isPartOf":{"@id":"https:\/\/www.upspower-supply.com\/#website"},"primaryImageOfPage":{"@id":"https:\/\/www.upspower-supply.com\/product\/best-portable-power-stations-for-outages-and-outings-1200w\/#primaryimage"},"image":{"@id":"https:\/\/www.upspower-supply.com\/product\/best-portable-power-stations-for-outages-and-outings-1200w\/#primaryimage"},"thumbnailUrl":"https:\/\/www.upspower-supply.com\/wp-content\/uploads\/2025\/05\/best-portable-power-stations-for-outages-and-outings-1200w-1.jpg","datePublished":"2025-05-13T06:03:48+00:00","dateModified":"2025-05-13T06:24:39+00:00","breadcrumb":{"@id":"https:\/\/www.upspower-supply.com\/product\/best-portable-power-stations-for-outages-and-outings-1200w\/#breadcrumb"},"inLanguage":"pt-PT","potentialAction":[{"@type":"ReadAction","target":["https:\/\/www.upspower-supply.com\/product\/best-portable-power-stations-for-outages-and-outings-1200w\/"]}]},{"@type":"ImageObject","inLanguage":"pt-PT","@id":"https:\/\/www.upspower-supply.com\/product\/best-portable-power-stations-for-outages-and-outings-1200w\/#primaryimage","url":"https:\/\/www.upspower-supply.com\/wp-content\/uploads\/2025\/05\/best-portable-power-stations-for-outages-and-outings-1200w-1.jpg","contentUrl":"https:\/\/www.upspower-supply.com\/wp-content\/uploads\/2025\/05\/best-portable-power-stations-for-outages-and-outings-1200w-1.jpg","width":2560,"height":2560,"caption":"Portable Power Stations for Outages and Outings"},{"@type":"BreadcrumbList","@id":"https:\/\/www.upspower-supply.com\/product\/best-portable-power-stations-for-outages-and-outings-1200w\/#breadcrumb","itemListElement":[{"@type":"ListItem","position":1,"name":"Home","item":"https:\/\/www.upspower-supply.com\/"},{"@type":"ListItem","position":2,"name":"Shop","item":"https:\/\/www.upspower-supply.com\/shop\/"},{"@type":"ListItem","position":3,"name":"Best Portable Power Stations for Outages and Outings 1200w"}]},{"@type":"WebSite","@id":"https:\/\/www.upspower-supply.com\/#website","url":"https:\/\/www.upspower-supply.com\/","name":"UPS power supply","description":"","potentialAction":[{"@type":"SearchAction","target":{"@type":"EntryPoint","urlTemplate":"https:\/\/www.upspower-supply.com\/?s={search_term_string}"},"query-input":{"@type":"PropertyValueSpecification","valueRequired":true,"valueName":"search_term_string"}}],"inLanguage":"pt-PT"}]}},"uagb_featured_image_src":{"full":["https:\/\/www.upspower-supply.com\/wp-content\/uploads\/2025\/05\/best-portable-power-stations-for-outages-and-outings-1200w-1.jpg",2560,2560,false],"thumbnail":["https:\/\/www.upspower-supply.com\/wp-content\/uploads\/2025\/05\/best-portable-power-stations-for-outages-and-outings-1200w-1-150x150.jpg",150,150,true],"medium":["https:\/\/www.upspower-supply.com\/wp-content\/uploads\/2025\/05\/best-portable-power-stations-for-outages-and-outings-1200w-1-300x300.jpg",300,300,true],"medium_large":["https:\/\/www.upspower-supply.com\/wp-content\/uploads\/2025\/05\/best-portable-power-stations-for-outages-and-outings-1200w-1-768x768.jpg",768,768,true],"large":["https:\/\/www.upspower-supply.com\/wp-content\/uploads\/2025\/05\/best-portable-power-stations-for-outages-and-outings-1200w-1-1024x1024.jpg",1024,1024,true],"1536x1536":["https:\/\/www.upspower-supply.com\/wp-content\/uploads\/2025\/05\/best-portable-power-stations-for-outages-and-outings-1200w-1-1536x1536.jpg",1536,1536,true],"2048x2048":["https:\/\/www.upspower-supply.com\/wp-content\/uploads\/2025\/05\/best-portable-power-stations-for-outages-and-outings-1200w-1-2048x2048.jpg",2048,2048,true],"trp-custom-language-flag":["https:\/\/www.upspower-supply.com\/wp-content\/uploads\/2025\/05\/best-portable-power-stations-for-outages-and-outings-1200w-1-12x12.jpg",12,12,true],"woocommerce_thumbnail":["https:\/\/www.upspower-supply.com\/wp-content\/uploads\/2025\/05\/best-portable-power-stations-for-outages-and-outings-1200w-1-300x300.jpg",300,300,true],"woocommerce_single":["https:\/\/www.upspower-supply.com\/wp-content\/uploads\/2025\/05\/best-portable-power-stations-for-outages-and-outings-1200w-1-600x600.jpg",600,600,true],"woocommerce_gallery_thumbnail":["https:\/\/www.upspower-supply.com\/wp-content\/uploads\/2025\/05\/best-portable-power-stations-for-outages-and-outings-1200w-1-100x100.jpg",100,100,true]},"uagb_author_info":{"display_name":"Tyne Tingey","author_link":"https:\/\/www.upspower-supply.com\/pt\/author\/"},"uagb_comment_info":0,"uagb_excerpt":"Model RM-PT1000 Built-in Battery LiFePO4 Battery Capacity 1008Wh \/ 3.2V 315,000mAh \/ 22.4V 45Ah Input Recharging DC 38V\/6.0A Solar Panel Charging 12V-50V \/ MPPT MAX 350W Fully Charged Time DC 38V: 5 hours DC Output 8 x USB Port: 5V\/2A MAX 2 x USB QC 3.0: 5V-9V\/2A MAX 18W 1 x Type-C Port: 5V-9V\/2A MAX&hellip;","_links":{"self":[{"href":"https:\/\/www.upspower-supply.com\/pt\/wp-json\/wp\/v2\/product\/1290","targetHints":{"allow":["GET"]}}],"collection":[{"href":"https:\/\/www.upspower-supply.com\/pt\/wp-json\/wp\/v2\/product"}],"about":[{"href":"https:\/\/www.upspower-supply.com\/pt\/wp-json\/wp\/v2\/types\/product"}],"replies":[{"embeddable":true,"href":"https:\/\/www.upspower-supply.com\/pt\/wp-json\/wp\/v2\/comments?post=1290"}],"wp:featuredmedia":[{"embeddable":true,"href":"https:\/\/www.upspower-supply.com\/pt\/wp-json\/wp\/v2\/media\/1284"}],"wp:attachment":[{"href":"https:\/\/www.upspower-supply.com\/pt\/wp-json\/wp\/v2\/media?parent=1290"}],"wp:term":[{"taxonomy":"product_brand","embeddable":true,"href":"https:\/\/www.upspower-supply.com\/pt\/wp-json\/wp\/v2\/product_brand?post=1290"},{"taxonomy":"product_cat","embeddable":true,"href":"https:\/\/www.upspower-supply.com\/pt\/wp-json\/wp\/v2\/product_cat?post=1290"},{"taxonomy":"product_tag","embeddable":true,"href":"https:\/\/www.upspower-supply.com\/pt\/wp-json\/wp\/v2\/product_tag?post=1290"}],"curies":[{"name":"wp","href":"https:\/\/api.w.org\/{rel}","templated":true}]}}