{"id":1227,"date":"2025-04-24T07:37:35","date_gmt":"2025-04-24T07:37:35","guid":{"rendered":"https:\/\/www.upspower-supply.com\/product\/eaton-9sx-1000va-online-ups-900w-double-conversion-tower-ups-230v-with-3x12v-9ah-batteries\/"},"modified":"2025-04-24T07:42:00","modified_gmt":"2025-04-24T07:42:00","slug":"eaton-9sx-1000va-online-ups-900w-double-conversion-tower-ups-230v-with-3x12v-9ah-batteries","status":"publish","type":"product","link":"https:\/\/www.upspower-supply.com\/pt\/produto\/eaton-9sx-1000va-online-ups-900w-double-conversion-tower-ups-230v-with-3x12v-9ah-batteries\/","title":{"rendered":"Eaton 9SX 1000VA - UPS Online - UPS Torre de Dupla Convers\u00e3o de 900W, 230V, com 3 baterias de 12V 9Ah"},"content":{"rendered":"<div class=\"overflow-x-auto\">\n<table class=\"min-w-full border border-gray-300 text-sm text-left text-gray-800\">\n<thead class=\"bg-gray-100\">\n<tr>\n<th class=\"px-4 py-2 border-b\">Atributo<\/th>\n<th class=\"px-4 py-2 border-b\">Valor<\/th>\n<\/tr>\n<\/thead>\n<tbody>\n<tr>\n<td class=\"px-4 py-2 border-b\">Local de origem<\/td>\n<td class=\"px-4 py-2 border-b\">Xangai, China<\/td>\n<\/tr>\n<tr>\n<td class=\"px-4 py-2 border-b\">Nome da marca<\/td>\n<td class=\"px-4 py-2 border-b\">Eaton<\/td>\n<\/tr>\n<tr>\n<td class=\"px-4 py-2 border-b\">N\u00famero do modelo<\/td>\n<td class=\"px-4 py-2 border-b\">9SX1000I<\/td>\n<\/tr>\n<tr>\n<td class=\"px-4 py-2 border-b\">Energia el\u00e9trica<\/td>\n<td class=\"px-4 py-2 border-b\">324 Wh<\/td>\n<\/tr>\n<tr>\n<td class=\"px-4 py-2 border-b\">Tipo de Bateria<\/td>\n<td class=\"px-4 py-2 border-b\">Bateria de chumbo-\u00e1cido<\/td>\n<\/tr>\n<tr>\n<td class=\"px-4 py-2 border-b\">Fase<\/td>\n<td class=\"px-4 py-2 border-b\">Monof\u00e1sico<\/td>\n<\/tr>\n<tr>\n<td class=\"px-4 py-2 border-b\">Prote\u00e7\u00e3o<\/td>\n<td class=\"px-4 py-2 border-b\">Sobretens\u00e3o<\/td>\n<\/tr>\n<tr>\n<td class=\"px-4 py-2 border-b\">Peso<\/td>\n<td class=\"px-4 py-2 border-b\">14,8 kg<\/td>\n<\/tr>\n<tr>\n<td class=\"px-4 py-2 border-b\">Tipo<\/td>\n<td class=\"px-4 py-2 border-b\">On-line<\/td>\n<\/tr>\n<tr>\n<td class=\"px-4 py-2 border-b\">Aplicativo<\/td>\n<td class=\"px-4 py-2 border-b\">M\u00e9dico<\/td>\n<\/tr>\n<tr>\n<td class=\"px-4 py-2 border-b\">Pot\u00eancia nominal<\/td>\n<td class=\"px-4 py-2 border-b\">1000VA | 900W<\/td>\n<\/tr>\n<tr>\n<td class=\"px-4 py-2 border-b\">Tens\u00e3o nominal<\/td>\n<td class=\"px-4 py-2 border-b\">220\/230\/240Vac<\/td>\n<\/tr>\n<tr>\n<td class=\"px-4 py-2 border-b\">Faixa de tens\u00e3o de entrada<\/td>\n<td class=\"px-4 py-2 border-b\">190-276V<\/td>\n<\/tr>\n<tr>\n<td class=\"px-4 py-2 border-b\">Fase de entrada | Fase de sa\u00edda<\/td>\n<td class=\"px-4 py-2 border-b\">Solteiro<\/td>\n<\/tr>\n<tr>\n<td class=\"px-4 py-2 border-b\">Topologia<\/td>\n<td class=\"px-4 py-2 border-b\">Sistema de dupla convers\u00e3o online com corre\u00e7\u00e3o do fator de pot\u00eancia (PFC)<\/td>\n<\/tr>\n<tr>\n<td class=\"px-4 py-2 border-b\">Capacidade da bateria<\/td>\n<td class=\"px-4 py-2 border-b\">3 unidades * 12V9Ah<\/td>\n<\/tr>\n<tr>\n<td class=\"px-4 py-2 border-b\">Porta de comunica\u00e7\u00e3o<\/td>\n<td class=\"px-4 py-2 border-b\">Porta USB + RS232 + 2 mini blocos de terminais<\/td>\n<\/tr>\n<tr>\n<td class=\"px-4 py-2 border-b\">Seguran\u00e7a\/EMC<\/td>\n<td class=\"px-4 py-2 border-b\">IEC\/EN 62040-1, UL 1778, CSA 22.2, IEC\/EN 62040-2, FCC Classe B<\/td>\n<\/tr>\n<tr>\n<td class=\"px-4 py-2 border-b\">Certifica\u00e7\u00e3o<\/td>\n<td class=\"px-4 py-2 border-b\">Relat\u00f3rio CB\/CB (TUV)\/cULus\/EAC\/RCM\/BIS<\/td>\n<\/tr>\n<tr>\n<td class=\"px-4 py-2 border-b\">Garantia<\/td>\n<td class=\"px-4 py-2 border-b\">3 anos<\/td>\n<\/tr>\n<tr>\n<td class=\"px-4 py-2 border-b\">Unidades \u00e0 venda<\/td>\n<td class=\"px-4 py-2 border-b\">Item \u00fanico<\/td>\n<\/tr>\n<tr>\n<td class=\"px-4 py-2 border-b\">Tamanho da embalagem individual<\/td>\n<td class=\"px-4 py-2 border-b\">72 x 42 x 32 cm<\/td>\n<\/tr>\n<tr>\n<td class=\"px-4 py-2 border-b\">Peso bruto \u00fanico<\/td>\n<td class=\"px-4 py-2 border-b\">19.000 kg<\/td>\n<\/tr>\n<\/tbody>\n<\/table>\n<\/div>","protected":false},"excerpt":{"rendered":"<p>O Eaton 9SX 1000VA \u00e9 um nobreak confi\u00e1vel de 1 kVA com tecnologia de dupla convers\u00e3o online, que fornece 900 W de energia limpa. Ideal para sistemas cr\u00edticos, ele conta com 3 baterias de 12 V 9 Ah e entrada de 230 V para garantir opera\u00e7\u00e3o cont\u00ednua e prote\u00e7\u00e3o.<\/p>","protected":false},"featured_media":1223,"comment_status":"open","ping_status":"closed","template":"","meta":{"_acf_changed":false,"_uag_custom_page_level_css":"","site-sidebar-layout":"default","site-content-layout":"","ast-site-content-layout":"default","site-content-style":"default","site-sidebar-style":"default","ast-global-header-display":"","ast-banner-title-visibility":"","ast-main-header-display":"","ast-hfb-above-header-display":"","ast-hfb-below-header-display":"","ast-hfb-mobile-header-display":"","site-post-title":"","ast-breadcrumbs-content":"","ast-featured-img":"","footer-sml-layout":"","theme-transparent-header-meta":"default","adv-header-id-meta":"","stick-header-meta":"","header-above-stick-meta":"","header-main-stick-meta":"","header-below-stick-meta":"","astra-migrate-meta-layouts":"set","ast-page-background-enabled":"default","ast-page-background-meta":{"desktop":{"background-color":"var(--ast-global-color-4)","background-image":"","background-repeat":"repeat","background-position":"center center","background-size":"auto","background-attachment":"scroll","background-type":"","background-media":"","overlay-type":"","overlay-color":"","overlay-opacity":"","overlay-gradient":""},"tablet":{"background-color":"","background-image":"","background-repeat":"repeat","background-position":"center center","background-size":"auto","background-attachment":"scroll","background-type":"","background-media":"","overlay-type":"","overlay-color":"","overlay-opacity":"","overlay-gradient":""},"mobile":{"background-color":"","background-image":"","background-repeat":"repeat","background-position":"center center","background-size":"auto","background-attachment":"scroll","background-type":"","background-media":"","overlay-type":"","overlay-color":"","overlay-opacity":"","overlay-gradient":""}},"ast-content-background-meta":{"desktop":{"background-color":"var(--ast-global-color-5)","background-image":"","background-repeat":"repeat","background-position":"center center","background-size":"auto","background-attachment":"scroll","background-type":"","background-media":"","overlay-type":"","overlay-color":"","overlay-opacity":"","overlay-gradient":""},"tablet":{"background-color":"var(--ast-global-color-5)","background-image":"","background-repeat":"repeat","background-position":"center center","background-size":"auto","background-attachment":"scroll","background-type":"","background-media":"","overlay-type":"","overlay-color":"","overlay-opacity":"","overlay-gradient":""},"mobile":{"background-color":"var(--ast-global-color-5)","background-image":"","background-repeat":"repeat","background-position":"center center","background-size":"auto","background-attachment":"scroll","background-type":"","background-media":"","overlay-type":"","overlay-color":"","overlay-opacity":"","overlay-gradient":""}}},"product_brand":[],"product_cat":[26],"product_tag":[31,29],"class_list":{"0":"post-1227","1":"product","2":"type-product","3":"status-publish","4":"has-post-thumbnail","6":"product_cat-online-ups","7":"product_tag-1kva-ups","8":"product_tag-tower-ups","9":"desktop-align-left","10":"tablet-align-left","11":"mobile-align-left","13":"first","14":"instock","15":"shipping-taxable","16":"product-type-simple"},"acf":[],"yoast_head":"<!-- This site is optimized with the Yoast SEO plugin v25.0 - https:\/\/yoast.com\/wordpress\/plugins\/seo\/ -->\n<title>Eaton 9SX 1000VA Online UPS \u2013 900W Double Conversion Tower UPS, 230V, with 3\u00d712V 9Ah Batteries - UPS power supply<\/title>\n<meta name=\"robots\" content=\"index, follow, max-snippet:-1, max-image-preview:large, max-video-preview:-1\" \/>\n<link rel=\"canonical\" href=\"https:\/\/www.upspower-supply.com\/pt\/produto\/eaton-9sx-1000va-online-ups-900w-double-conversion-tower-ups-230v-with-3x12v-9ah-batteries\/\" \/>\n<meta property=\"og:locale\" content=\"pt_PT\" \/>\n<meta property=\"og:type\" content=\"article\" \/>\n<meta property=\"og:title\" content=\"Eaton 9SX 1000VA Online UPS \u2013 900W Double Conversion Tower UPS, 230V, with 3\u00d712V 9Ah Batteries - UPS power supply\" \/>\n<meta property=\"og:description\" content=\"Reliable 1kVA UPS with online double-conversion technology, the Eaton 9SX 1000VA delivers 900W of clean power. Ideal for critical systems, it features 3\u00d712V 9Ah batteries and 230V input for continuous uptime and protection.\" \/>\n<meta property=\"og:url\" content=\"https:\/\/www.upspower-supply.com\/pt\/produto\/eaton-9sx-1000va-online-ups-900w-double-conversion-tower-ups-230v-with-3x12v-9ah-batteries\/\" \/>\n<meta property=\"og:site_name\" content=\"UPS power supply\" \/>\n<meta property=\"article:modified_time\" content=\"2025-04-24T07:42:00+00:00\" \/>\n<meta property=\"og:image\" content=\"https:\/\/www.upspower-supply.com\/wp-content\/uploads\/2025\/04\/eaton-9sx-1000va-online-ups-900w-double-conversion-tower-ups-230v-with-3-12v-9ah-batteries-2.webp\" \/>\n\t<meta property=\"og:image:width\" content=\"1000\" \/>\n\t<meta property=\"og:image:height\" content=\"1000\" \/>\n\t<meta property=\"og:image:type\" content=\"image\/webp\" \/>\n<meta name=\"twitter:card\" content=\"summary_large_image\" \/>\n<meta name=\"twitter:label1\" content=\"Tempo estimado de leitura\" \/>\n\t<meta name=\"twitter:data1\" content=\"1 minuto\" \/>\n<script type=\"application\/ld+json\" class=\"yoast-schema-graph\">{\"@context\":\"https:\/\/schema.org\",\"@graph\":[{\"@type\":\"WebPage\",\"@id\":\"https:\/\/www.upspower-supply.com\/product\/eaton-9sx-1000va-online-ups-900w-double-conversion-tower-ups-230v-with-3x12v-9ah-batteries\/\",\"url\":\"https:\/\/www.upspower-supply.com\/product\/eaton-9sx-1000va-online-ups-900w-double-conversion-tower-ups-230v-with-3x12v-9ah-batteries\/\",\"name\":\"Eaton 9SX 1000VA Online UPS \u2013 900W Double Conversion Tower UPS, 230V, with 3\u00d712V 9Ah Batteries - UPS power supply\",\"isPartOf\":{\"@id\":\"https:\/\/www.upspower-supply.com\/#website\"},\"primaryImageOfPage\":{\"@id\":\"https:\/\/www.upspower-supply.com\/product\/eaton-9sx-1000va-online-ups-900w-double-conversion-tower-ups-230v-with-3x12v-9ah-batteries\/#primaryimage\"},\"image\":{\"@id\":\"https:\/\/www.upspower-supply.com\/product\/eaton-9sx-1000va-online-ups-900w-double-conversion-tower-ups-230v-with-3x12v-9ah-batteries\/#primaryimage\"},\"thumbnailUrl\":\"https:\/\/www.upspower-supply.com\/wp-content\/uploads\/2025\/04\/eaton-9sx-1000va-online-ups-900w-double-conversion-tower-ups-230v-with-3-12v-9ah-batteries-2.webp\",\"datePublished\":\"2025-04-24T07:37:35+00:00\",\"dateModified\":\"2025-04-24T07:42:00+00:00\",\"breadcrumb\":{\"@id\":\"https:\/\/www.upspower-supply.com\/product\/eaton-9sx-1000va-online-ups-900w-double-conversion-tower-ups-230v-with-3x12v-9ah-batteries\/#breadcrumb\"},\"inLanguage\":\"pt-PT\",\"potentialAction\":[{\"@type\":\"ReadAction\",\"target\":[\"https:\/\/www.upspower-supply.com\/product\/eaton-9sx-1000va-online-ups-900w-double-conversion-tower-ups-230v-with-3x12v-9ah-batteries\/\"]}]},{\"@type\":\"ImageObject\",\"inLanguage\":\"pt-PT\",\"@id\":\"https:\/\/www.upspower-supply.com\/product\/eaton-9sx-1000va-online-ups-900w-double-conversion-tower-ups-230v-with-3x12v-9ah-batteries\/#primaryimage\",\"url\":\"https:\/\/www.upspower-supply.com\/wp-content\/uploads\/2025\/04\/eaton-9sx-1000va-online-ups-900w-double-conversion-tower-ups-230v-with-3-12v-9ah-batteries-2.webp\",\"contentUrl\":\"https:\/\/www.upspower-supply.com\/wp-content\/uploads\/2025\/04\/eaton-9sx-1000va-online-ups-900w-double-conversion-tower-ups-230v-with-3-12v-9ah-batteries-2.webp\",\"width\":1000,\"height\":1000,\"caption\":\"eaton-9sx-1000va-online-ups-900w-double-conversion-tower-ups-230v-with-3-12v-9ah-batteries\"},{\"@type\":\"BreadcrumbList\",\"@id\":\"https:\/\/www.upspower-supply.com\/product\/eaton-9sx-1000va-online-ups-900w-double-conversion-tower-ups-230v-with-3x12v-9ah-batteries\/#breadcrumb\",\"itemListElement\":[{\"@type\":\"ListItem\",\"position\":1,\"name\":\"Home\",\"item\":\"https:\/\/www.upspower-supply.com\/\"},{\"@type\":\"ListItem\",\"position\":2,\"name\":\"Shop\",\"item\":\"https:\/\/www.upspower-supply.com\/shop\/\"},{\"@type\":\"ListItem\",\"position\":3,\"name\":\"Eaton 9SX 1000VA Online UPS \u2013 900W Double Conversion Tower UPS, 230V, with 3\u00d712V 9Ah Batteries\"}]},{\"@type\":\"WebSite\",\"@id\":\"https:\/\/www.upspower-supply.com\/#website\",\"url\":\"https:\/\/www.upspower-supply.com\/\",\"name\":\"UPS power supply\",\"description\":\"\",\"potentialAction\":[{\"@type\":\"SearchAction\",\"target\":{\"@type\":\"EntryPoint\",\"urlTemplate\":\"https:\/\/www.upspower-supply.com\/?s={search_term_string}\"},\"query-input\":{\"@type\":\"PropertyValueSpecification\",\"valueRequired\":true,\"valueName\":\"search_term_string\"}}],\"inLanguage\":\"pt-PT\"}]}<\/script>\n<!-- \/ Yoast SEO plugin. -->","yoast_head_json":{"title":"Eaton 9SX 1000VA Online UPS \u2013 900W Double Conversion Tower UPS, 230V, with 3\u00d712V 9Ah Batteries - UPS power supply","robots":{"index":"index","follow":"follow","max-snippet":"max-snippet:-1","max-image-preview":"max-image-preview:large","max-video-preview":"max-video-preview:-1"},"canonical":"https:\/\/www.upspower-supply.com\/pt\/produto\/eaton-9sx-1000va-online-ups-900w-double-conversion-tower-ups-230v-with-3x12v-9ah-batteries\/","og_locale":"pt_PT","og_type":"article","og_title":"Eaton 9SX 1000VA Online UPS \u2013 900W Double Conversion Tower UPS, 230V, with 3\u00d712V 9Ah Batteries - UPS power supply","og_description":"Reliable 1kVA UPS with online double-conversion technology, the Eaton 9SX 1000VA delivers 900W of clean power. Ideal for critical systems, it features 3\u00d712V 9Ah batteries and 230V input for continuous uptime and protection.","og_url":"https:\/\/www.upspower-supply.com\/pt\/produto\/eaton-9sx-1000va-online-ups-900w-double-conversion-tower-ups-230v-with-3x12v-9ah-batteries\/","og_site_name":"UPS power supply","article_modified_time":"2025-04-24T07:42:00+00:00","og_image":[{"width":1000,"height":1000,"url":"https:\/\/www.upspower-supply.com\/wp-content\/uploads\/2025\/04\/eaton-9sx-1000va-online-ups-900w-double-conversion-tower-ups-230v-with-3-12v-9ah-batteries-2.webp","type":"image\/webp"}],"twitter_card":"summary_large_image","twitter_misc":{"Tempo estimado de leitura":"1 minuto"},"schema":{"@context":"https:\/\/schema.org","@graph":[{"@type":"WebPage","@id":"https:\/\/www.upspower-supply.com\/product\/eaton-9sx-1000va-online-ups-900w-double-conversion-tower-ups-230v-with-3x12v-9ah-batteries\/","url":"https:\/\/www.upspower-supply.com\/product\/eaton-9sx-1000va-online-ups-900w-double-conversion-tower-ups-230v-with-3x12v-9ah-batteries\/","name":"Eaton 9SX 1000VA Online UPS \u2013 900W Double Conversion Tower UPS, 230V, with 3\u00d712V 9Ah Batteries - UPS power supply","isPartOf":{"@id":"https:\/\/www.upspower-supply.com\/#website"},"primaryImageOfPage":{"@id":"https:\/\/www.upspower-supply.com\/product\/eaton-9sx-1000va-online-ups-900w-double-conversion-tower-ups-230v-with-3x12v-9ah-batteries\/#primaryimage"},"image":{"@id":"https:\/\/www.upspower-supply.com\/product\/eaton-9sx-1000va-online-ups-900w-double-conversion-tower-ups-230v-with-3x12v-9ah-batteries\/#primaryimage"},"thumbnailUrl":"https:\/\/www.upspower-supply.com\/wp-content\/uploads\/2025\/04\/eaton-9sx-1000va-online-ups-900w-double-conversion-tower-ups-230v-with-3-12v-9ah-batteries-2.webp","datePublished":"2025-04-24T07:37:35+00:00","dateModified":"2025-04-24T07:42:00+00:00","breadcrumb":{"@id":"https:\/\/www.upspower-supply.com\/product\/eaton-9sx-1000va-online-ups-900w-double-conversion-tower-ups-230v-with-3x12v-9ah-batteries\/#breadcrumb"},"inLanguage":"pt-PT","potentialAction":[{"@type":"ReadAction","target":["https:\/\/www.upspower-supply.com\/product\/eaton-9sx-1000va-online-ups-900w-double-conversion-tower-ups-230v-with-3x12v-9ah-batteries\/"]}]},{"@type":"ImageObject","inLanguage":"pt-PT","@id":"https:\/\/www.upspower-supply.com\/product\/eaton-9sx-1000va-online-ups-900w-double-conversion-tower-ups-230v-with-3x12v-9ah-batteries\/#primaryimage","url":"https:\/\/www.upspower-supply.com\/wp-content\/uploads\/2025\/04\/eaton-9sx-1000va-online-ups-900w-double-conversion-tower-ups-230v-with-3-12v-9ah-batteries-2.webp","contentUrl":"https:\/\/www.upspower-supply.com\/wp-content\/uploads\/2025\/04\/eaton-9sx-1000va-online-ups-900w-double-conversion-tower-ups-230v-with-3-12v-9ah-batteries-2.webp","width":1000,"height":1000,"caption":"eaton-9sx-1000va-online-ups-900w-double-conversion-tower-ups-230v-with-3-12v-9ah-batteries"},{"@type":"BreadcrumbList","@id":"https:\/\/www.upspower-supply.com\/product\/eaton-9sx-1000va-online-ups-900w-double-conversion-tower-ups-230v-with-3x12v-9ah-batteries\/#breadcrumb","itemListElement":[{"@type":"ListItem","position":1,"name":"Home","item":"https:\/\/www.upspower-supply.com\/"},{"@type":"ListItem","position":2,"name":"Shop","item":"https:\/\/www.upspower-supply.com\/shop\/"},{"@type":"ListItem","position":3,"name":"Eaton 9SX 1000VA Online UPS \u2013 900W Double Conversion Tower UPS, 230V, with 3\u00d712V 9Ah Batteries"}]},{"@type":"WebSite","@id":"https:\/\/www.upspower-supply.com\/#website","url":"https:\/\/www.upspower-supply.com\/","name":"UPS power supply","description":"","potentialAction":[{"@type":"SearchAction","target":{"@type":"EntryPoint","urlTemplate":"https:\/\/www.upspower-supply.com\/?s={search_term_string}"},"query-input":{"@type":"PropertyValueSpecification","valueRequired":true,"valueName":"search_term_string"}}],"inLanguage":"pt-PT"}]}},"uagb_featured_image_src":{"full":["https:\/\/www.upspower-supply.com\/wp-content\/uploads\/2025\/04\/eaton-9sx-1000va-online-ups-900w-double-conversion-tower-ups-230v-with-3-12v-9ah-batteries-2.webp",1000,1000,false],"thumbnail":["https:\/\/www.upspower-supply.com\/wp-content\/uploads\/2025\/04\/eaton-9sx-1000va-online-ups-900w-double-conversion-tower-ups-230v-with-3-12v-9ah-batteries-2.webp",150,150,false],"medium":["https:\/\/www.upspower-supply.com\/wp-content\/uploads\/2025\/04\/eaton-9sx-1000va-online-ups-900w-double-conversion-tower-ups-230v-with-3-12v-9ah-batteries-2.webp",300,300,false],"medium_large":["https:\/\/www.upspower-supply.com\/wp-content\/uploads\/2025\/04\/eaton-9sx-1000va-online-ups-900w-double-conversion-tower-ups-230v-with-3-12v-9ah-batteries-2.webp",768,768,false],"large":["https:\/\/www.upspower-supply.com\/wp-content\/uploads\/2025\/04\/eaton-9sx-1000va-online-ups-900w-double-conversion-tower-ups-230v-with-3-12v-9ah-batteries-2.webp",1000,1000,false],"1536x1536":["https:\/\/www.upspower-supply.com\/wp-content\/uploads\/2025\/04\/eaton-9sx-1000va-online-ups-900w-double-conversion-tower-ups-230v-with-3-12v-9ah-batteries-2.webp",1000,1000,false],"2048x2048":["https:\/\/www.upspower-supply.com\/wp-content\/uploads\/2025\/04\/eaton-9sx-1000va-online-ups-900w-double-conversion-tower-ups-230v-with-3-12v-9ah-batteries-2.webp",1000,1000,false],"trp-custom-language-flag":["https:\/\/www.upspower-supply.com\/wp-content\/uploads\/2025\/04\/eaton-9sx-1000va-online-ups-900w-double-conversion-tower-ups-230v-with-3-12v-9ah-batteries-2.webp",12,12,false],"woocommerce_thumbnail":["https:\/\/www.upspower-supply.com\/wp-content\/uploads\/2025\/04\/eaton-9sx-1000va-online-ups-900w-double-conversion-tower-ups-230v-with-3-12v-9ah-batteries-2.webp",300,300,false],"woocommerce_single":["https:\/\/www.upspower-supply.com\/wp-content\/uploads\/2025\/04\/eaton-9sx-1000va-online-ups-900w-double-conversion-tower-ups-230v-with-3-12v-9ah-batteries-2.webp",600,600,false],"woocommerce_gallery_thumbnail":["https:\/\/www.upspower-supply.com\/wp-content\/uploads\/2025\/04\/eaton-9sx-1000va-online-ups-900w-double-conversion-tower-ups-230v-with-3-12v-9ah-batteries-2.webp",100,100,false]},"uagb_author_info":{"display_name":"Tyne Tingey","author_link":"https:\/\/www.upspower-supply.com\/pt\/author\/"},"uagb_comment_info":0,"uagb_excerpt":"Reliable 1kVA UPS with online double-conversion technology, the Eaton 9SX 1000VA delivers 900W of clean power. Ideal for critical systems, it features 3\u00d712V 9Ah batteries and 230V input for continuous uptime and protection.","_links":{"self":[{"href":"https:\/\/www.upspower-supply.com\/pt\/wp-json\/wp\/v2\/product\/1227","targetHints":{"allow":["GET"]}}],"collection":[{"href":"https:\/\/www.upspower-supply.com\/pt\/wp-json\/wp\/v2\/product"}],"about":[{"href":"https:\/\/www.upspower-supply.com\/pt\/wp-json\/wp\/v2\/types\/product"}],"replies":[{"embeddable":true,"href":"https:\/\/www.upspower-supply.com\/pt\/wp-json\/wp\/v2\/comments?post=1227"}],"wp:featuredmedia":[{"embeddable":true,"href":"https:\/\/www.upspower-supply.com\/pt\/wp-json\/wp\/v2\/media\/1223"}],"wp:attachment":[{"href":"https:\/\/www.upspower-supply.com\/pt\/wp-json\/wp\/v2\/media?parent=1227"}],"wp:term":[{"taxonomy":"product_brand","embeddable":true,"href":"https:\/\/www.upspower-supply.com\/pt\/wp-json\/wp\/v2\/product_brand?post=1227"},{"taxonomy":"product_cat","embeddable":true,"href":"https:\/\/www.upspower-supply.com\/pt\/wp-json\/wp\/v2\/product_cat?post=1227"},{"taxonomy":"product_tag","embeddable":true,"href":"https:\/\/www.upspower-supply.com\/pt\/wp-json\/wp\/v2\/product_tag?post=1227"}],"curies":[{"name":"wp","href":"https:\/\/api.w.org\/{rel}","templated":true}]}}