{"id":2133,"date":"2026-02-26T05:27:28","date_gmt":"2026-02-26T05:27:28","guid":{"rendered":"https:\/\/www.upspower-supply.com\/?page_id=2133"},"modified":"2026-03-31T09:33:10","modified_gmt":"2026-03-31T09:33:10","slug":"nobreak","status":"publish","type":"page","link":"https:\/\/www.upspower-supply.com\/pt\/nobreak\/","title":{"rendered":"Sem pausa"},"content":{"rendered":"<section id=\"products\" class=\"py-20 max-w-7xl mx-auto px-4\">\n        <div class=\"text-center mb-16\">\n            <h2 class=\"text-3xl font-bold text-gray-800\">Nossa linha Premium Nobreak<\/h2>\n            <p class=\"text-gray-600 mt-4\">Prote\u00e7\u00e3o de energia com engenharia de precis\u00e3o para qualquer aplica\u00e7\u00e3o.<\/p>\n        <\/div>\n\n        <div class=\"grid grid-cols-1 md:grid-cols-2 lg:grid-cols-4 gap-8\">\n            \n            <div class=\"bg-white p-6 rounded-2xl shadow-md border border-gray-100 hover:shadow-xl transition\">\n    <a href=\"\/pt\/produto\/nobreak-1-10kva-uninterruptible-power-supply-for-small-business\/\">\n        <img decoding=\"async\" src=\"https:\/\/www.upspower-supply.com\/wp-content\/uploads\/2026\/03\/nobreak-1-10kva-1-300x300.jpg\" alt=\"Nobreak 1kVA 2kva 3kva 6kva 10kva\" class=\"w-full mb-6 rounded-lg\">\n    <\/a>\n    <span class=\"text-blue-600 font-bold text-sm uppercase tracking-widest\">Pequenas Empresas \/ Residencial<\/span>\n    <a href=\"\/pt\/produto\/nobreak-1-10kva-uninterruptible-power-supply-for-small-business\/\">\n        <h3 class=\"text-2xl font-bold mt-2\">Nobreak 1-10kVA<\/h3>\n    <\/a>\n    <p class=\"text-gray-600 mt-3 mb-6\">Ideal para esta\u00e7\u00f5es de trabalho, servidores e equipamentos de rede. Compacto, silencioso e altamente eficiente.<\/p>\n<\/div>\n\n           <div class=\"bg-white p-6 rounded-2xl shadow-md border border-gray-100 hover:shadow-xl transition\">\n    <a href=\"\/pt\/produto\/nobreak-20kva-ups-systems-manufacturer\/\">\n        <img decoding=\"async\" src=\"https:\/\/www.upspower-supply.com\/wp-content\/uploads\/2026\/02\/nobreak-20kva-1-300x300.jpg\" alt=\"Nobreak 20kVA\" class=\"w-full mb-6 rounded-lg\">\n    <\/a>\n    <span class=\"text-blue-600 font-bold text-sm uppercase tracking-widest\">TI profissional<\/span>\n    <a href=\"\/pt\/produto\/nobreak-20kva-ups-systems-manufacturer\/\">\n        <h3 class=\"text-2xl font-bold mt-2\">Nobreak 20kVA<\/h3>\n    <\/a>\n    <p class=\"text-gray-600 mt-3 mb-6\">Projetado para salas de servidores e equipamentos m\u00e9dicos cr\u00edticos que exigem energia est\u00e1vel e de onda senoidal pura.<\/p>\n<\/div>\n\n<div class=\"bg-white p-6 rounded-2xl shadow-md border border-gray-100 hover:shadow-xl transition\">\n    <a href=\"\/pt\/produto\/nobreak-40kva-best-ups-power-supply\/\">\n        <img decoding=\"async\" src=\"https:\/\/www.upspower-supply.com\/wp-content\/uploads\/2026\/02\/nobreak-40kva-1-300x300.jpg\" alt=\"Nobreak 40kVA\" class=\"w-full mb-6 rounded-lg\">\n    <\/a>\n    <span class=\"text-blue-600 font-bold text-sm uppercase tracking-widest\">Empresa<\/span>\n    <a href=\"\/pt\/produto\/nobreak-40kva-best-ups-power-supply\/\">\n        <h3 class=\"text-2xl font-bold mt-2\">Nobreak 40kVA<\/h3>\n    <\/a>\n    <p class=\"text-gray-600 mt-3 mb-6\">Prote\u00e7\u00e3o de energia de alta densidade com escalabilidade modular para data centers em crescimento.<\/p>\n<\/div>\n\n            <div class=\"bg-white p-6 rounded-2xl shadow-md border border-gray-100 hover:shadow-xl transition\">\n    <a href=\"\/pt\/produto\/nobreak-60kva-uninterruptible-power-supply-china\/\">\n        <img decoding=\"async\" src=\"https:\/\/www.upspower-supply.com\/wp-content\/uploads\/2026\/03\/nobreak-60kva-uninterruptible-power-supply-china-2-300x300.jpg\" alt=\"Nobreak 60kva\" class=\"w-full mb-6 rounded-lg\">\n    <\/a>\n    <span class=\"text-blue-600 font-bold text-sm uppercase tracking-widest\">Pequenas Empresas \/ Residencial<\/span>\n    <a href=\"\/pt\/produto\/nobreak-60kva-uninterruptible-power-supply-china\/\">\n        <h3 class=\"text-2xl font-bold mt-2\">Nobreak 60kVA<\/h3>\n    <\/a>\n    <p class=\"text-gray-600 mt-3 mb-6\">Prote\u00e7\u00e3o robusta de energia trif\u00e1sica para linhas de produ\u00e7\u00e3o e infraestrutura de grande escala.<\/p>\n<\/div>\n\n            <div class=\"bg-white p-6 rounded-2xl shadow-md border border-gray-100 hover:shadow-xl transition\">\n    <a href=\"\/pt\/produto\/nobreak-300kva-ups-systems-manufacturer\/\">\n        <img decoding=\"async\" src=\"https:\/\/www.upspower-supply.com\/wp-content\/uploads\/2026\/03\/nobreak-300kva-300x300.jpg\" alt=\"Nobreak 40kVA\" class=\"w-full mb-6 rounded-lg\">\n    <\/a>\n    <span class=\"text-blue-600 font-bold text-sm uppercase tracking-widest\">Infraestrutura Cr\u00edtica<\/span>\n    <a href=\"\/pt\/produto\/nobreak-300kva-ups-systems-manufacturer\/\">\n        <h3 class=\"text-2xl font-bold mt-2\">Nobreak 300kVA<\/h3>\n    <\/a>\n    <p class=\"text-gray-600 mt-3 mb-6\">Nossa unidade modular mais potente. M\u00e1xima redund\u00e2ncia e intelig\u00eancia para os ambientes mais exigentes.<\/p>\n<\/div>\n\n        <\/div>\n    <\/section><h2 class=\"wp-block-heading\">Nobreak \u2013 Fabricantes, Fornecedores e F\u00e1bricas da China<\/h2><p>\n    Como fabricante e fornecedor profissional de solu\u00e7\u00f5es de energia Nobreak na China, somos especializados em fornecer sistemas de alto desempenho, desde unidades de pequena capacidade de 1 a 10 kVA at\u00e9 modelos industriais de grande escala de 300 kVA. Com instala\u00e7\u00f5es de produ\u00e7\u00e3o avan\u00e7adas, engenheiros experientes e rigorosos procedimentos de controle de qualidade, entregamos consistentemente sistemas Nobreak confi\u00e1veis, eficientes e dur\u00e1veis para clientes em todo o mundo.\n  <\/p><figure class=\"wp-block-image size-large\"><img loading=\"lazy\" decoding=\"async\" width=\"1024\" height=\"406\" src=\"https:\/\/www.upspower-supply.com\/wp-content\/uploads\/2026\/03\/nobreak-china-factory-1024x406.jpg\" alt=\"f\u00e1brica chinesa sem quebra\" class=\"wp-image-2169\" srcset=\"https:\/\/www.upspower-supply.com\/wp-content\/uploads\/2026\/03\/nobreak-china-factory-1024x406.jpg 1024w, https:\/\/www.upspower-supply.com\/wp-content\/uploads\/2026\/03\/nobreak-china-factory-300x119.jpg 300w, https:\/\/www.upspower-supply.com\/wp-content\/uploads\/2026\/03\/nobreak-china-factory-768x304.jpg 768w, https:\/\/www.upspower-supply.com\/wp-content\/uploads\/2026\/03\/nobreak-china-factory-1536x608.jpg 1536w, https:\/\/www.upspower-supply.com\/wp-content\/uploads\/2026\/03\/nobreak-china-factory-18x7.jpg 18w, https:\/\/www.upspower-supply.com\/wp-content\/uploads\/2026\/03\/nobreak-china-factory-600x238.jpg 600w, https:\/\/www.upspower-supply.com\/wp-content\/uploads\/2026\/03\/nobreak-china-factory.jpg 1815w\" sizes=\"auto, (max-width: 1024px) 100vw, 1024px\" \/><\/figure><p>\n    Nossos produtos Nobreak s\u00e3o amplamente utilizados em data centers, hospitais, telecomunica\u00e7\u00f5es, f\u00e1bricas, institui\u00e7\u00f5es financeiras e edif\u00edcios comerciais. Com tecnologia avan\u00e7ada de dupla convers\u00e3o, sistemas de monitoramento inteligentes e componentes de alta efici\u00eancia, nossas solu\u00e7\u00f5es garantem uma sa\u00edda de tens\u00e3o est\u00e1vel, comuta\u00e7\u00e3o de energia perfeita e prote\u00e7\u00e3o completa contra interrup\u00e7\u00f5es, surtos e flutua\u00e7\u00f5es.\n  <\/p><p>\n    Implementamos rigorosos padr\u00f5es de inspe\u00e7\u00e3o de qualidade em todas as etapas, desde a aquisi\u00e7\u00e3o de mat\u00e9ria-prima, montagem da placa de circuito impresso (PCB), integra\u00e7\u00e3o do sistema e testes finais de carga. Cada unidade passa por testes abrangentes de desempenho e seguran\u00e7a antes do envio para garantir a estabilidade operacional a longo prazo. Oferecemos servi\u00e7os de OEM e ODM, incluindo personaliza\u00e7\u00e3o de tens\u00e3o, frequ\u00eancia, design do gabinete, marca e protocolos de comunica\u00e7\u00e3o para atender aos requisitos espec\u00edficos de cada projeto.\n  <\/p><p>\n    Nossos principais mercados est\u00e3o concentrados no Sudeste Asi\u00e1tico, Oriente M\u00e9dio, Sul da \u00c1sia, \u00c1frica e em regi\u00f5es selecionadas da Europa. Constru\u00edmos uma forte presen\u00e7a nesses mercados por meio de pre\u00e7os competitivos diretamente da f\u00e1brica, capacidade de fornecimento est\u00e1vel e um servi\u00e7o p\u00f3s-venda confi\u00e1vel. Atualmente, nosso foco de mercado n\u00e3o est\u00e1 centrado na Am\u00e9rica do Norte, o que nos permite otimizar melhor os padr\u00f5es e certifica\u00e7\u00f5es de produtos para nossos principais mercados regionais.\n  <\/p><figure class=\"wp-block-image size-full\"><img loading=\"lazy\" decoding=\"async\" width=\"1000\" height=\"594\" src=\"https:\/\/www.upspower-supply.com\/wp-content\/uploads\/2026\/03\/packaging-and-shipping-of-nobreak.jpg\" alt=\"Embalagem e envio de produtos Nobreak\" class=\"wp-image-2172\" srcset=\"https:\/\/www.upspower-supply.com\/wp-content\/uploads\/2026\/03\/packaging-and-shipping-of-nobreak.jpg 1000w, https:\/\/www.upspower-supply.com\/wp-content\/uploads\/2026\/03\/packaging-and-shipping-of-nobreak-300x178.jpg 300w, https:\/\/www.upspower-supply.com\/wp-content\/uploads\/2026\/03\/packaging-and-shipping-of-nobreak-768x456.jpg 768w, https:\/\/www.upspower-supply.com\/wp-content\/uploads\/2026\/03\/packaging-and-shipping-of-nobreak-18x12.jpg 18w, https:\/\/www.upspower-supply.com\/wp-content\/uploads\/2026\/03\/packaging-and-shipping-of-nobreak-600x356.jpg 600w\" sizes=\"auto, (max-width: 1000px) 100vw, 1000px\" \/><\/figure><p>\n    Quer voc\u00ea esteja buscando unidades compactas Nobreak de 1 a 10 kVA para aplica\u00e7\u00f5es em pequenas empresas ou sistemas industriais de alta capacidade de 200 a 300 kVA para grandes projetos de infraestrutura, estamos comprometidos em nos tornar seu parceiro de fabrica\u00e7\u00e3o de confian\u00e7a, fornecendo qualidade consistente, suporte profissional e valor a longo prazo.\n  <\/p>","protected":false},"excerpt":{"rendered":"<p>Our Premium Nobreak Lineup Precision-engineered power protection for any application. Small Business \/ Home Nobreak 1-10kVA Perfect for workstations, servers, [&hellip;]<\/p>","protected":false},"author":1,"featured_media":0,"parent":0,"menu_order":0,"comment_status":"closed","ping_status":"closed","template":"","meta":{"_acf_changed":false,"_uag_custom_page_level_css":"","site-sidebar-layout":"default","site-content-layout":"","ast-site-content-layout":"","site-content-style":"default","site-sidebar-style":"default","ast-global-header-display":"","ast-banner-title-visibility":"","ast-main-header-display":"","ast-hfb-above-header-display":"","ast-hfb-below-header-display":"","ast-hfb-mobile-header-display":"","site-post-title":"disabled","ast-breadcrumbs-content":"","ast-featured-img":"","footer-sml-layout":"","theme-transparent-header-meta":"","adv-header-id-meta":"","stick-header-meta":"","header-above-stick-meta":"","header-main-stick-meta":"","header-below-stick-meta":"","astra-migrate-meta-layouts":"default","ast-page-background-enabled":"default","ast-page-background-meta":{"desktop":{"background-color":"var(--ast-global-color-4)","background-image":"","background-repeat":"repeat","background-position":"center center","background-size":"auto","background-attachment":"scroll","background-type":"","background-media":"","overlay-type":"","overlay-color":"","overlay-opacity":"","overlay-gradient":""},"tablet":{"background-color":"","background-image":"","background-repeat":"repeat","background-position":"center center","background-size":"auto","background-attachment":"scroll","background-type":"","background-media":"","overlay-type":"","overlay-color":"","overlay-opacity":"","overlay-gradient":""},"mobile":{"background-color":"","background-image":"","background-repeat":"repeat","background-position":"center center","background-size":"auto","background-attachment":"scroll","background-type":"","background-media":"","overlay-type":"","overlay-color":"","overlay-opacity":"","overlay-gradient":""}},"ast-content-background-meta":{"desktop":{"background-color":"var(--ast-global-color-5)","background-image":"","background-repeat":"repeat","background-position":"center center","background-size":"auto","background-attachment":"scroll","background-type":"","background-media":"","overlay-type":"","overlay-color":"","overlay-opacity":"","overlay-gradient":""},"tablet":{"background-color":"var(--ast-global-color-5)","background-image":"","background-repeat":"repeat","background-position":"center center","background-size":"auto","background-attachment":"scroll","background-type":"","background-media":"","overlay-type":"","overlay-color":"","overlay-opacity":"","overlay-gradient":""},"mobile":{"background-color":"var(--ast-global-color-5)","background-image":"","background-repeat":"repeat","background-position":"center center","background-size":"auto","background-attachment":"scroll","background-type":"","background-media":"","overlay-type":"","overlay-color":"","overlay-opacity":"","overlay-gradient":""}},"footnotes":""},"class_list":["post-2133","page","type-page","status-publish","hentry"],"acf":[],"yoast_head":"<!-- This site is optimized with the Yoast SEO plugin v25.0 - https:\/\/yoast.com\/wordpress\/plugins\/seo\/ -->\n<title>Nobreak supplier &amp; manufacturer, - UPS power supply<\/title>\n<meta name=\"description\" content=\"Protect your infrastructure with reliable Nobreak power systems. nobreak 20kva,nobreak 40kva, nobreak 60kva, to nobreak 300kva, find the perfect backup for home, office, or data centers.\" \/>\n<meta name=\"robots\" content=\"index, follow, max-snippet:-1, max-image-preview:large, max-video-preview:-1\" \/>\n<link rel=\"canonical\" href=\"https:\/\/www.upspower-supply.com\/pt\/nobreak\/\" \/>\n<meta property=\"og:locale\" content=\"pt_PT\" \/>\n<meta property=\"og:type\" content=\"article\" \/>\n<meta property=\"og:title\" content=\"Nobreak supplier &amp; manufacturer, - UPS power supply\" \/>\n<meta property=\"og:description\" content=\"Protect your infrastructure with reliable Nobreak power systems. nobreak 20kva,nobreak 40kva, nobreak 60kva, to nobreak 300kva, find the perfect backup for home, office, or data centers.\" \/>\n<meta property=\"og:url\" content=\"https:\/\/www.upspower-supply.com\/pt\/nobreak\/\" \/>\n<meta property=\"og:site_name\" content=\"UPS power supply\" \/>\n<meta property=\"article:modified_time\" content=\"2026-03-31T09:33:10+00:00\" \/>\n<meta property=\"og:image\" content=\"https:\/\/www.upspower-supply.com\/wp-content\/uploads\/2026\/03\/nobreak-1-10kva-1-300x300.jpg\" \/>\n<meta name=\"twitter:card\" content=\"summary_large_image\" \/>\n<meta name=\"twitter:label1\" content=\"Tempo estimado de leitura\" \/>\n\t<meta name=\"twitter:data1\" content=\"3 minutos\" \/>\n<script type=\"application\/ld+json\" class=\"yoast-schema-graph\">{\"@context\":\"https:\/\/schema.org\",\"@graph\":[{\"@type\":\"WebPage\",\"@id\":\"https:\/\/www.upspower-supply.com\/nobreak\/\",\"url\":\"https:\/\/www.upspower-supply.com\/nobreak\/\",\"name\":\"Nobreak supplier & manufacturer, - UPS power supply\",\"isPartOf\":{\"@id\":\"https:\/\/www.upspower-supply.com\/#website\"},\"primaryImageOfPage\":{\"@id\":\"https:\/\/www.upspower-supply.com\/nobreak\/#primaryimage\"},\"image\":{\"@id\":\"https:\/\/www.upspower-supply.com\/nobreak\/#primaryimage\"},\"thumbnailUrl\":\"https:\/\/www.upspower-supply.com\/wp-content\/uploads\/2026\/03\/nobreak-1-10kva-1-300x300.jpg\",\"datePublished\":\"2026-02-26T05:27:28+00:00\",\"dateModified\":\"2026-03-31T09:33:10+00:00\",\"description\":\"Protect your infrastructure with reliable Nobreak power systems. nobreak 20kva,nobreak 40kva, nobreak 60kva, to nobreak 300kva, find the perfect backup for home, office, or data centers.\",\"breadcrumb\":{\"@id\":\"https:\/\/www.upspower-supply.com\/nobreak\/#breadcrumb\"},\"inLanguage\":\"pt-PT\",\"potentialAction\":[{\"@type\":\"ReadAction\",\"target\":[\"https:\/\/www.upspower-supply.com\/nobreak\/\"]}]},{\"@type\":\"ImageObject\",\"inLanguage\":\"pt-PT\",\"@id\":\"https:\/\/www.upspower-supply.com\/nobreak\/#primaryimage\",\"url\":\"https:\/\/www.upspower-supply.com\/wp-content\/uploads\/2026\/03\/nobreak-1-10kva-1-300x300.jpg\",\"contentUrl\":\"https:\/\/www.upspower-supply.com\/wp-content\/uploads\/2026\/03\/nobreak-1-10kva-1-300x300.jpg\"},{\"@type\":\"BreadcrumbList\",\"@id\":\"https:\/\/www.upspower-supply.com\/nobreak\/#breadcrumb\",\"itemListElement\":[{\"@type\":\"ListItem\",\"position\":1,\"name\":\"Home\",\"item\":\"https:\/\/www.upspower-supply.com\/\"},{\"@type\":\"ListItem\",\"position\":2,\"name\":\"Nobreak\"}]},{\"@type\":\"WebSite\",\"@id\":\"https:\/\/www.upspower-supply.com\/#website\",\"url\":\"https:\/\/www.upspower-supply.com\/\",\"name\":\"UPS power supply\",\"description\":\"\",\"potentialAction\":[{\"@type\":\"SearchAction\",\"target\":{\"@type\":\"EntryPoint\",\"urlTemplate\":\"https:\/\/www.upspower-supply.com\/?s={search_term_string}\"},\"query-input\":{\"@type\":\"PropertyValueSpecification\",\"valueRequired\":true,\"valueName\":\"search_term_string\"}}],\"inLanguage\":\"pt-PT\"}]}<\/script>\n<!-- \/ Yoast SEO plugin. -->","yoast_head_json":{"title":"Nobreak supplier & manufacturer, - UPS power supply","description":"Protect your infrastructure with reliable Nobreak power systems. nobreak 20kva,nobreak 40kva, nobreak 60kva, to nobreak 300kva, find the perfect backup for home, office, or data centers.","robots":{"index":"index","follow":"follow","max-snippet":"max-snippet:-1","max-image-preview":"max-image-preview:large","max-video-preview":"max-video-preview:-1"},"canonical":"https:\/\/www.upspower-supply.com\/pt\/nobreak\/","og_locale":"pt_PT","og_type":"article","og_title":"Nobreak supplier & manufacturer, - UPS power supply","og_description":"Protect your infrastructure with reliable Nobreak power systems. nobreak 20kva,nobreak 40kva, nobreak 60kva, to nobreak 300kva, find the perfect backup for home, office, or data centers.","og_url":"https:\/\/www.upspower-supply.com\/pt\/nobreak\/","og_site_name":"UPS power supply","article_modified_time":"2026-03-31T09:33:10+00:00","og_image":[{"url":"https:\/\/www.upspower-supply.com\/wp-content\/uploads\/2026\/03\/nobreak-1-10kva-1-300x300.jpg","type":"","width":"","height":""}],"twitter_card":"summary_large_image","twitter_misc":{"Tempo estimado de leitura":"3 minutos"},"schema":{"@context":"https:\/\/schema.org","@graph":[{"@type":"WebPage","@id":"https:\/\/www.upspower-supply.com\/nobreak\/","url":"https:\/\/www.upspower-supply.com\/nobreak\/","name":"Nobreak supplier & manufacturer, - UPS power supply","isPartOf":{"@id":"https:\/\/www.upspower-supply.com\/#website"},"primaryImageOfPage":{"@id":"https:\/\/www.upspower-supply.com\/nobreak\/#primaryimage"},"image":{"@id":"https:\/\/www.upspower-supply.com\/nobreak\/#primaryimage"},"thumbnailUrl":"https:\/\/www.upspower-supply.com\/wp-content\/uploads\/2026\/03\/nobreak-1-10kva-1-300x300.jpg","datePublished":"2026-02-26T05:27:28+00:00","dateModified":"2026-03-31T09:33:10+00:00","description":"Protect your infrastructure with reliable Nobreak power systems. nobreak 20kva,nobreak 40kva, nobreak 60kva, to nobreak 300kva, find the perfect backup for home, office, or data centers.","breadcrumb":{"@id":"https:\/\/www.upspower-supply.com\/nobreak\/#breadcrumb"},"inLanguage":"pt-PT","potentialAction":[{"@type":"ReadAction","target":["https:\/\/www.upspower-supply.com\/nobreak\/"]}]},{"@type":"ImageObject","inLanguage":"pt-PT","@id":"https:\/\/www.upspower-supply.com\/nobreak\/#primaryimage","url":"https:\/\/www.upspower-supply.com\/wp-content\/uploads\/2026\/03\/nobreak-1-10kva-1-300x300.jpg","contentUrl":"https:\/\/www.upspower-supply.com\/wp-content\/uploads\/2026\/03\/nobreak-1-10kva-1-300x300.jpg"},{"@type":"BreadcrumbList","@id":"https:\/\/www.upspower-supply.com\/nobreak\/#breadcrumb","itemListElement":[{"@type":"ListItem","position":1,"name":"Home","item":"https:\/\/www.upspower-supply.com\/"},{"@type":"ListItem","position":2,"name":"Nobreak"}]},{"@type":"WebSite","@id":"https:\/\/www.upspower-supply.com\/#website","url":"https:\/\/www.upspower-supply.com\/","name":"UPS power supply","description":"","potentialAction":[{"@type":"SearchAction","target":{"@type":"EntryPoint","urlTemplate":"https:\/\/www.upspower-supply.com\/?s={search_term_string}"},"query-input":{"@type":"PropertyValueSpecification","valueRequired":true,"valueName":"search_term_string"}}],"inLanguage":"pt-PT"}]}},"uagb_featured_image_src":{"full":false,"thumbnail":false,"medium":false,"medium_large":false,"large":false,"1536x1536":false,"2048x2048":false,"trp-custom-language-flag":false,"woocommerce_thumbnail":false,"woocommerce_single":false,"woocommerce_gallery_thumbnail":false},"uagb_author_info":{"display_name":"Tyne Tingey","author_link":"https:\/\/www.upspower-supply.com\/pt\/author\/tyne-tingey\/"},"uagb_comment_info":0,"uagb_excerpt":"Our Premium Nobreak Lineup Precision-engineered power protection for any application. Small Business \/ Home Nobreak 1-10kVA Perfect for workstations, servers, [&hellip;]","_links":{"self":[{"href":"https:\/\/www.upspower-supply.com\/pt\/wp-json\/wp\/v2\/pages\/2133","targetHints":{"allow":["GET"]}}],"collection":[{"href":"https:\/\/www.upspower-supply.com\/pt\/wp-json\/wp\/v2\/pages"}],"about":[{"href":"https:\/\/www.upspower-supply.com\/pt\/wp-json\/wp\/v2\/types\/page"}],"author":[{"embeddable":true,"href":"https:\/\/www.upspower-supply.com\/pt\/wp-json\/wp\/v2\/users\/1"}],"replies":[{"embeddable":true,"href":"https:\/\/www.upspower-supply.com\/pt\/wp-json\/wp\/v2\/comments?post=2133"}],"version-history":[{"count":12,"href":"https:\/\/www.upspower-supply.com\/pt\/wp-json\/wp\/v2\/pages\/2133\/revisions"}],"predecessor-version":[{"id":2220,"href":"https:\/\/www.upspower-supply.com\/pt\/wp-json\/wp\/v2\/pages\/2133\/revisions\/2220"}],"wp:attachment":[{"href":"https:\/\/www.upspower-supply.com\/pt\/wp-json\/wp\/v2\/media?parent=2133"}],"curies":[{"name":"wp","href":"https:\/\/api.w.org\/{rel}","templated":true}]}}