{"id":1126,"date":"2025-04-17T09:30:12","date_gmt":"2025-04-17T09:30:12","guid":{"rendered":"https:\/\/www.upspower-supply.com\/services\/"},"modified":"2025-08-14T03:07:51","modified_gmt":"2025-08-14T03:07:51","slug":"services","status":"publish","type":"page","link":"https:\/\/www.upspower-supply.com\/pt\/services\/","title":{"rendered":"Servi\u00e7os"},"content":{"rendered":"<div class=\"wp-block-uagb-container uagb-block-4902463a alignfull uagb-is-root-container\"><div class=\"uagb-container-inner-blocks-wrap\"><div class=\"wp-block-uagb-advanced-heading uagb-block-a651693a\"><div class=\"uagb-separator\"><\/div><h1 class=\"uagb-heading-text\">Solu\u00e7\u00f5es completas de fornecimento de energia<\/h1><\/div><\/div><\/div><div class=\"wp-block-uagb-container uagb-block-90df69fb alignfull uagb-is-root-container\"><div class=\"uagb-container-inner-blocks-wrap\"><div class=\"wp-block-uagb-container uagb-block-682b4904\"><div class=\"wp-block-uagb-image uagb-block-2729c8bb wp-block-uagb-image--layout-default wp-block-uagb-image--effect-static wp-block-uagb-image--align-none\"><figure class=\"wp-block-uagb-image__figure\"><img decoding=\"async\" srcset=\"https:\/\/www.upspower-supply.com\/wp-content\/uploads\/2025\/06\/ups-product-series-show.jpg ,https:\/\/www.upspower-supply.com\/wp-content\/uploads\/2025\/06\/ups-product-series-show.jpg 780w, https:\/\/www.upspower-supply.com\/wp-content\/uploads\/2025\/06\/ups-product-series-show.jpg 360w\" sizes=\"auto, (max-width: 480px) 150px\" src=\"https:\/\/www.upspower-supply.com\/wp-content\/uploads\/2025\/06\/ups-product-series-show.jpg\" alt=\"Os produtos da UPS mostram\" class=\"uag-image-1482\" width=\"600\" height=\"456\" title=\"show da s\u00e9rie de produtos ups\" loading=\"lazy\" role=\"img\"\/><\/figure><\/div>\n\n<div class=\"wp-block-uagb-container uagb-block-0507d761\"><div class=\"wp-block-uagb-info-box uagb-block-a3ddb9a8 uagb-infobox__content-wrap  uagb-infobox-icon-above-title uagb-infobox-image-valign-top wp-block-uagb-info-box--has-margin\"><div class=\"uagb-infobox-margin-wrapper\"><div class=\"uagb-ifb-content\"><div class=\"uagb-ifb-title-wrap\"><h2 class=\"uagb-ifb-title-prefix\">01.<\/h2><h3 class=\"uagb-ifb-title\">Fontes de alimenta\u00e7\u00e3o ininterrupta<\/h3><\/div><p class=\"uagb-ifb-desc\">Nossos sistemas de alimenta\u00e7\u00e3o ininterrupta (UPS) garantem o funcionamento cont\u00ednuo das empresas, protegendo-as contra quedas e oscila\u00e7\u00f5es de energia com tecnologia avan\u00e7ada e alta efici\u00eancia.<\/p><\/div><\/div><\/div><\/div><\/div>\n\n<div class=\"wp-block-uagb-container uagb-block-41e2ccfd\"><div class=\"wp-block-uagb-image uagb-block-270de036 wp-block-uagb-image--layout-default wp-block-uagb-image--effect-static wp-block-uagb-image--align-none\"><figure class=\"wp-block-uagb-image__figure\"><img decoding=\"async\" srcset=\"https:\/\/www.upspower-supply.com\/wp-content\/uploads\/2025\/08\/eps-solution-1024x686.jpg ,https:\/\/www.upspower-supply.com\/wp-content\/uploads\/2025\/08\/eps-solution.jpg 780w, https:\/\/www.upspower-supply.com\/wp-content\/uploads\/2025\/08\/eps-solution.jpg 360w\" sizes=\"auto, (max-width: 480px) 150px\" src=\"https:\/\/www.upspower-supply.com\/wp-content\/uploads\/2025\/08\/eps-solution-1024x686.jpg\" alt=\"solu\u00e7\u00e3o eps\" class=\"uag-image-1685\" width=\"600\" height=\"456\" title=\"solu\u00e7\u00e3o eps\" loading=\"lazy\" role=\"img\"\/><\/figure><\/div>\n\n<div class=\"wp-block-uagb-container uagb-block-e9734346\"><div class=\"wp-block-uagb-info-box uagb-block-3162d113 uagb-infobox__content-wrap  uagb-infobox-icon-above-title uagb-infobox-image-valign-top wp-block-uagb-info-box--has-margin\"><div class=\"uagb-infobox-margin-wrapper\"><div class=\"uagb-ifb-content\"><div class=\"uagb-ifb-title-wrap\"><h2 class=\"uagb-ifb-title-prefix\">02.<\/h2><h3 class=\"uagb-ifb-title\">Solu\u00e7\u00f5es de energia de emerg\u00eancia<\/h3><\/div><p class=\"uagb-ifb-desc\">Nossos sistemas de alimenta\u00e7\u00e3o de emerg\u00eancia fornecem energia de reserva confi\u00e1vel para garantir que suas opera\u00e7\u00f5es continuem funcionando sem problemas durante interrup\u00e7\u00f5es inesperadas de energia.<\/p><\/div><\/div><\/div><\/div><\/div><\/div><\/div><div class=\"wp-block-uagb-container uagb-block-70649f39 alignfull uagb-is-root-container\"><div class=\"uagb-container-inner-blocks-wrap\"><div class=\"wp-block-uagb-star-rating uagb-block-25c9f1d6\"><div class=\"uag-star-rating\" title=\"5\/5\"><span class=\"uag-star\">\u2605<\/span><span class=\"uag-star\">\u2605<\/span><span class=\"uag-star\">\u2605<\/span><span class=\"uag-star\">\u2605<\/span><span class=\"uag-star\">\u2605<\/span><\/div><\/div>\n\n<div class=\"wp-block-uagb-advanced-heading uagb-block-bf1cb40e\"><p class=\"uagb-heading-text\">Os sistemas UPS da Rhimo transformaram as opera\u00e7\u00f5es do nosso centro de dados. A confiabilidade agora \u00e9 nossa principal prioridade.<\/p><\/div>\n\n<div class=\"wp-block-uagb-info-box uagb-block-ce56cd90 uagb-infobox__content-wrap  uagb-infobox-icon-left-title uagb-infobox-left uagb-infobox-image-valign-middle wp-block-uagb-info-box--has-margin\"><div class=\"uagb-infobox-margin-wrapper\"><div class=\"uagb-ifb-content\"><div class=\"uagb-ifb-left-title-image\"><div class=\"uagb-ifb-image-content\"><img decoding=\"async\" src=\"https:\/\/www.upspower-supply.com\/wp-content\/uploads\/2024\/05\/testimonial-skip-09.jpg\" alt=\"\" width=\"50\" height=\"50\" loading=\"lazy\"\/><\/div><div class=\"uagb-ifb-title-wrap\"><p class=\"uagb-ifb-title\">Jo\u00e3o Smith<\/p><\/div><\/div><\/div><\/div><\/div><\/div><\/div><div class=\"wp-block-uagb-container uagb-block-589680a0 alignfull uagb-is-root-container\"><div class=\"uagb-container-inner-blocks-wrap\"><div class=\"wp-block-uagb-container uagb-block-285b5ea9\"><div class=\"wp-block-uagb-image uagb-block-97226af0 wp-block-uagb-image--layout-default wp-block-uagb-image--effect-static wp-block-uagb-image--align-none\"><figure class=\"wp-block-uagb-image__figure\"><img decoding=\"async\" srcset=\"https:\/\/www.upspower-supply.com\/wp-content\/uploads\/2025\/08\/ups-system-design-installation-1024x648.jpg ,https:\/\/www.upspower-supply.com\/wp-content\/uploads\/2025\/08\/ups-system-design-installation.jpg 780w, https:\/\/www.upspower-supply.com\/wp-content\/uploads\/2025\/08\/ups-system-design-installation.jpg 360w\" sizes=\"auto, (max-width: 480px) 150px\" src=\"https:\/\/www.upspower-supply.com\/wp-content\/uploads\/2025\/08\/ups-system-design-installation-1024x648.jpg\" alt=\"Projeto e instala\u00e7\u00e3o de sistemas UPS\" class=\"uag-image-1687\" width=\"600\" height=\"456\" title=\"projeto-instala\u00e7\u00e3o-de-sistema-UPS\" loading=\"lazy\" role=\"img\"\/><\/figure><\/div>\n\n<div class=\"wp-block-uagb-container uagb-block-ccf74f78\"><div class=\"wp-block-uagb-info-box uagb-block-2cfa2cf1 uagb-infobox__content-wrap  uagb-infobox-icon-above-title uagb-infobox-image-valign-top wp-block-uagb-info-box--has-margin\"><div class=\"uagb-infobox-margin-wrapper\"><div class=\"uagb-ifb-content\"><div class=\"uagb-ifb-title-wrap\"><h2 class=\"uagb-ifb-title-prefix\">03.<\/h2><h3 class=\"uagb-ifb-title\">Projeto e instala\u00e7\u00e3o do sistema<\/h3><\/div><p class=\"uagb-ifb-desc\">Oferecemos servi\u00e7os completos de projeto e instala\u00e7\u00e3o de sistemas, garantindo que nossas solu\u00e7\u00f5es de fornecimento de energia estejam perfeitamente alinhadas \u00e0s suas necessidades operacionais espec\u00edficas.<\/p><\/div><\/div><\/div><\/div><\/div>\n\n<div class=\"wp-block-uagb-container uagb-block-86c5b1f3\"><div class=\"wp-block-uagb-image uagb-block-20c7cd3a wp-block-uagb-image--layout-default wp-block-uagb-image--effect-static wp-block-uagb-image--align-none\"><figure class=\"wp-block-uagb-image__figure\"><img decoding=\"async\" srcset=\"https:\/\/www.upspower-supply.com\/wp-content\/uploads\/2025\/08\/ups-system-maintenance-support-1024x654.jpg ,https:\/\/www.upspower-supply.com\/wp-content\/uploads\/2025\/08\/ups-system-maintenance-support.jpg 780w, https:\/\/www.upspower-supply.com\/wp-content\/uploads\/2025\/08\/ups-system-maintenance-support.jpg 360w\" sizes=\"auto, (max-width: 480px) 150px\" src=\"https:\/\/www.upspower-supply.com\/wp-content\/uploads\/2025\/08\/ups-system-maintenance-support-1024x654.jpg\" alt=\"Manuten\u00e7\u00e3o e suporte de sistemas UPS\" class=\"uag-image-1689\" width=\"600\" height=\"456\" title=\"suporte de manuten\u00e7\u00e3o de sistemas UPS\" loading=\"lazy\" role=\"img\"\/><\/figure><\/div>\n\n<div class=\"wp-block-uagb-container uagb-block-3ee9de45\"><div class=\"wp-block-uagb-info-box uagb-block-c1b789e3 uagb-infobox__content-wrap  uagb-infobox-icon-above-title uagb-infobox-image-valign-top wp-block-uagb-info-box--has-margin\"><div class=\"uagb-infobox-margin-wrapper\"><div class=\"uagb-ifb-content\"><div class=\"uagb-ifb-title-wrap\"><h2 class=\"uagb-ifb-title-prefix\">04.<\/h2><h3 class=\"uagb-ifb-title\">Manuten\u00e7\u00e3o e suporte<\/h3><\/div><p class=\"uagb-ifb-desc\">Nossa equipe especializada oferece manuten\u00e7\u00e3o cont\u00ednua e suporte t\u00e9cnico, garantindo o desempenho perfeito e a confiabilidade de seus sistemas de alimenta\u00e7\u00e3o de energia.<\/p><\/div><\/div><\/div><\/div><\/div><\/div><\/div><div class=\"wp-block-uagb-container uagb-block-804a406b alignfull uagb-is-root-container\"><div class=\"uagb-container-inner-blocks-wrap\"><div class=\"wp-block-uagb-info-box uagb-block-fd4425a9 uagb-infobox__content-wrap  uagb-infobox-icon-above-title uagb-infobox-image-valign-top wp-block-uagb-info-box--has-margin\"><div class=\"uagb-infobox-margin-wrapper\"><div class=\"uagb-ifb-content\"><div class=\"uagb-ifb-title-wrap\"><div class=\"uagb-ifb-separator\"><\/div><h2 class=\"uagb-ifb-title\">Torne-se nosso parceiro hoje mesmo!<\/h2><\/div><p class=\"uagb-ifb-desc\">Deixe-nos ajud\u00e1-lo a garantir a seguran\u00e7a das suas opera\u00e7\u00f5es com nossas solu\u00e7\u00f5es de energia inovadoras e confi\u00e1veis, adaptadas \u00e0s suas necessidades.<\/p><div class=\"uagb-ifb-button-wrapper wp-block-button\"><a href=\"\/pt\/contact\/\" class=\"uagb-infobox-cta-link wp-block-button__link\" target=\"_self\" rel=\"noopener noreferrer\" onclick=\"return true;\"><span class=\"uagb-inline-editing\">Comece agora<\/span><\/a><\/div><\/div><\/div><\/div><\/div><\/div>","protected":false},"excerpt":{"rendered":"<p>Comprehensive Power Supply Solutions Rhimo&#8217;s UPS systems have transformed our data center operations. Reliability is now our top priority.<\/p>","protected":false},"author":1,"featured_media":0,"parent":0,"menu_order":0,"comment_status":"closed","ping_status":"closed","template":"","meta":{"_acf_changed":false,"_uag_custom_page_level_css":"","site-sidebar-layout":"default","site-content-layout":"","ast-site-content-layout":"","site-content-style":"default","site-sidebar-style":"default","ast-global-header-display":"","ast-banner-title-visibility":"","ast-main-header-display":"","ast-hfb-above-header-display":"","ast-hfb-below-header-display":"","ast-hfb-mobile-header-display":"","site-post-title":"disabled","ast-breadcrumbs-content":"","ast-featured-img":"","footer-sml-layout":"","theme-transparent-header-meta":"","adv-header-id-meta":"","stick-header-meta":"","header-above-stick-meta":"","header-main-stick-meta":"","header-below-stick-meta":"","astra-migrate-meta-layouts":"default","ast-page-background-enabled":"default","ast-page-background-meta":{"desktop":{"background-color":"var(--ast-global-color-4)","background-image":"","background-repeat":"repeat","background-position":"center center","background-size":"auto","background-attachment":"scroll","background-type":"","background-media":"","overlay-type":"","overlay-color":"","overlay-opacity":"","overlay-gradient":""},"tablet":{"background-color":"","background-image":"","background-repeat":"repeat","background-position":"center center","background-size":"auto","background-attachment":"scroll","background-type":"","background-media":"","overlay-type":"","overlay-color":"","overlay-opacity":"","overlay-gradient":""},"mobile":{"background-color":"","background-image":"","background-repeat":"repeat","background-position":"center center","background-size":"auto","background-attachment":"scroll","background-type":"","background-media":"","overlay-type":"","overlay-color":"","overlay-opacity":"","overlay-gradient":""}},"ast-content-background-meta":{"desktop":{"background-color":"var(--ast-global-color-5)","background-image":"","background-repeat":"repeat","background-position":"center center","background-size":"auto","background-attachment":"scroll","background-type":"","background-media":"","overlay-type":"","overlay-color":"","overlay-opacity":"","overlay-gradient":""},"tablet":{"background-color":"var(--ast-global-color-5)","background-image":"","background-repeat":"repeat","background-position":"center center","background-size":"auto","background-attachment":"scroll","background-type":"","background-media":"","overlay-type":"","overlay-color":"","overlay-opacity":"","overlay-gradient":""},"mobile":{"background-color":"var(--ast-global-color-5)","background-image":"","background-repeat":"repeat","background-position":"center center","background-size":"auto","background-attachment":"scroll","background-type":"","background-media":"","overlay-type":"","overlay-color":"","overlay-opacity":"","overlay-gradient":""}},"footnotes":""},"class_list":["post-1126","page","type-page","status-publish","hentry"],"acf":[],"yoast_head":"<!-- This site is optimized with the Yoast SEO plugin v25.0 - https:\/\/yoast.com\/wordpress\/plugins\/seo\/ -->\n<title>Services - UPS power supply<\/title>\n<meta name=\"robots\" content=\"index, follow, max-snippet:-1, max-image-preview:large, max-video-preview:-1\" \/>\n<link rel=\"canonical\" href=\"https:\/\/www.upspower-supply.com\/pt\/services\/\" \/>\n<meta property=\"og:locale\" content=\"pt_PT\" \/>\n<meta property=\"og:type\" content=\"article\" \/>\n<meta property=\"og:title\" content=\"Services - UPS power supply\" \/>\n<meta property=\"og:description\" content=\"Comprehensive Power Supply Solutions Rhimo&#8217;s UPS systems have transformed our data center operations. Reliability is now our top priority.\" \/>\n<meta property=\"og:url\" content=\"https:\/\/www.upspower-supply.com\/pt\/services\/\" \/>\n<meta property=\"og:site_name\" content=\"UPS power supply\" \/>\n<meta property=\"article:modified_time\" content=\"2025-08-14T03:07:51+00:00\" \/>\n<meta property=\"og:image\" content=\"https:\/\/www.upspower-supply.com\/wp-content\/uploads\/2025\/06\/ups-product-series-show.jpg\" \/>\n<meta name=\"twitter:card\" content=\"summary_large_image\" \/>\n<meta name=\"twitter:label1\" content=\"Tempo estimado de leitura\" \/>\n\t<meta name=\"twitter:data1\" content=\"2 minutos\" \/>\n<script type=\"application\/ld+json\" class=\"yoast-schema-graph\">{\"@context\":\"https:\/\/schema.org\",\"@graph\":[{\"@type\":\"WebPage\",\"@id\":\"https:\/\/www.upspower-supply.com\/services\/\",\"url\":\"https:\/\/www.upspower-supply.com\/services\/\",\"name\":\"Services - UPS power supply\",\"isPartOf\":{\"@id\":\"https:\/\/www.upspower-supply.com\/#website\"},\"primaryImageOfPage\":{\"@id\":\"https:\/\/www.upspower-supply.com\/services\/#primaryimage\"},\"image\":{\"@id\":\"https:\/\/www.upspower-supply.com\/services\/#primaryimage\"},\"thumbnailUrl\":\"https:\/\/www.upspower-supply.com\/wp-content\/uploads\/2025\/06\/ups-product-series-show.jpg\",\"datePublished\":\"2025-04-17T09:30:12+00:00\",\"dateModified\":\"2025-08-14T03:07:51+00:00\",\"breadcrumb\":{\"@id\":\"https:\/\/www.upspower-supply.com\/services\/#breadcrumb\"},\"inLanguage\":\"pt-PT\",\"potentialAction\":[{\"@type\":\"ReadAction\",\"target\":[\"https:\/\/www.upspower-supply.com\/services\/\"]}]},{\"@type\":\"ImageObject\",\"inLanguage\":\"pt-PT\",\"@id\":\"https:\/\/www.upspower-supply.com\/services\/#primaryimage\",\"url\":\"https:\/\/www.upspower-supply.com\/wp-content\/uploads\/2025\/06\/ups-product-series-show.jpg\",\"contentUrl\":\"https:\/\/www.upspower-supply.com\/wp-content\/uploads\/2025\/06\/ups-product-series-show.jpg\"},{\"@type\":\"BreadcrumbList\",\"@id\":\"https:\/\/www.upspower-supply.com\/services\/#breadcrumb\",\"itemListElement\":[{\"@type\":\"ListItem\",\"position\":1,\"name\":\"Home\",\"item\":\"https:\/\/www.upspower-supply.com\/\"},{\"@type\":\"ListItem\",\"position\":2,\"name\":\"Services\"}]},{\"@type\":\"WebSite\",\"@id\":\"https:\/\/www.upspower-supply.com\/#website\",\"url\":\"https:\/\/www.upspower-supply.com\/\",\"name\":\"UPS power supply\",\"description\":\"\",\"potentialAction\":[{\"@type\":\"SearchAction\",\"target\":{\"@type\":\"EntryPoint\",\"urlTemplate\":\"https:\/\/www.upspower-supply.com\/?s={search_term_string}\"},\"query-input\":{\"@type\":\"PropertyValueSpecification\",\"valueRequired\":true,\"valueName\":\"search_term_string\"}}],\"inLanguage\":\"pt-PT\"}]}<\/script>\n<!-- \/ Yoast SEO plugin. -->","yoast_head_json":{"title":"Services - UPS power supply","robots":{"index":"index","follow":"follow","max-snippet":"max-snippet:-1","max-image-preview":"max-image-preview:large","max-video-preview":"max-video-preview:-1"},"canonical":"https:\/\/www.upspower-supply.com\/pt\/services\/","og_locale":"pt_PT","og_type":"article","og_title":"Services - UPS power supply","og_description":"Comprehensive Power Supply Solutions Rhimo&#8217;s UPS systems have transformed our data center operations. Reliability is now our top priority.","og_url":"https:\/\/www.upspower-supply.com\/pt\/services\/","og_site_name":"UPS power supply","article_modified_time":"2025-08-14T03:07:51+00:00","og_image":[{"url":"https:\/\/www.upspower-supply.com\/wp-content\/uploads\/2025\/06\/ups-product-series-show.jpg","type":"","width":"","height":""}],"twitter_card":"summary_large_image","twitter_misc":{"Tempo estimado de leitura":"2 minutos"},"schema":{"@context":"https:\/\/schema.org","@graph":[{"@type":"WebPage","@id":"https:\/\/www.upspower-supply.com\/services\/","url":"https:\/\/www.upspower-supply.com\/services\/","name":"Services - UPS power supply","isPartOf":{"@id":"https:\/\/www.upspower-supply.com\/#website"},"primaryImageOfPage":{"@id":"https:\/\/www.upspower-supply.com\/services\/#primaryimage"},"image":{"@id":"https:\/\/www.upspower-supply.com\/services\/#primaryimage"},"thumbnailUrl":"https:\/\/www.upspower-supply.com\/wp-content\/uploads\/2025\/06\/ups-product-series-show.jpg","datePublished":"2025-04-17T09:30:12+00:00","dateModified":"2025-08-14T03:07:51+00:00","breadcrumb":{"@id":"https:\/\/www.upspower-supply.com\/services\/#breadcrumb"},"inLanguage":"pt-PT","potentialAction":[{"@type":"ReadAction","target":["https:\/\/www.upspower-supply.com\/services\/"]}]},{"@type":"ImageObject","inLanguage":"pt-PT","@id":"https:\/\/www.upspower-supply.com\/services\/#primaryimage","url":"https:\/\/www.upspower-supply.com\/wp-content\/uploads\/2025\/06\/ups-product-series-show.jpg","contentUrl":"https:\/\/www.upspower-supply.com\/wp-content\/uploads\/2025\/06\/ups-product-series-show.jpg"},{"@type":"BreadcrumbList","@id":"https:\/\/www.upspower-supply.com\/services\/#breadcrumb","itemListElement":[{"@type":"ListItem","position":1,"name":"Home","item":"https:\/\/www.upspower-supply.com\/"},{"@type":"ListItem","position":2,"name":"Services"}]},{"@type":"WebSite","@id":"https:\/\/www.upspower-supply.com\/#website","url":"https:\/\/www.upspower-supply.com\/","name":"UPS power supply","description":"","potentialAction":[{"@type":"SearchAction","target":{"@type":"EntryPoint","urlTemplate":"https:\/\/www.upspower-supply.com\/?s={search_term_string}"},"query-input":{"@type":"PropertyValueSpecification","valueRequired":true,"valueName":"search_term_string"}}],"inLanguage":"pt-PT"}]}},"uagb_featured_image_src":{"full":false,"thumbnail":false,"medium":false,"medium_large":false,"large":false,"1536x1536":false,"2048x2048":false,"trp-custom-language-flag":false,"woocommerce_thumbnail":false,"woocommerce_single":false,"woocommerce_gallery_thumbnail":false},"uagb_author_info":{"display_name":"Tyne Tingey","author_link":"https:\/\/www.upspower-supply.com\/pt\/author\/tyne-tingey\/"},"uagb_comment_info":0,"uagb_excerpt":"Comprehensive Power Supply Solutions Rhimo&#8217;s UPS systems have transformed our data center operations. Reliability is now our top priority.","_links":{"self":[{"href":"https:\/\/www.upspower-supply.com\/pt\/wp-json\/wp\/v2\/pages\/1126","targetHints":{"allow":["GET"]}}],"collection":[{"href":"https:\/\/www.upspower-supply.com\/pt\/wp-json\/wp\/v2\/pages"}],"about":[{"href":"https:\/\/www.upspower-supply.com\/pt\/wp-json\/wp\/v2\/types\/page"}],"author":[{"embeddable":true,"href":"https:\/\/www.upspower-supply.com\/pt\/wp-json\/wp\/v2\/users\/1"}],"replies":[{"embeddable":true,"href":"https:\/\/www.upspower-supply.com\/pt\/wp-json\/wp\/v2\/comments?post=1126"}],"version-history":[{"count":9,"href":"https:\/\/www.upspower-supply.com\/pt\/wp-json\/wp\/v2\/pages\/1126\/revisions"}],"predecessor-version":[{"id":1691,"href":"https:\/\/www.upspower-supply.com\/pt\/wp-json\/wp\/v2\/pages\/1126\/revisions\/1691"}],"wp:attachment":[{"href":"https:\/\/www.upspower-supply.com\/pt\/wp-json\/wp\/v2\/media?parent=1126"}],"curies":[{"name":"wp","href":"https:\/\/api.w.org\/{rel}","templated":true}]}}