{"id":1125,"date":"2025-04-17T09:30:11","date_gmt":"2025-04-17T09:30:11","guid":{"rendered":"https:\/\/www.upspower-supply.com\/about\/"},"modified":"2025-06-11T07:20:04","modified_gmt":"2025-06-11T07:20:04","slug":"about","status":"publish","type":"page","link":"https:\/\/www.upspower-supply.com\/pt\/about\/","title":{"rendered":"Sobre"},"content":{"rendered":"<div class=\"wp-block-uagb-container uagb-block-4902463a alignfull uagb-is-root-container\"><div class=\"uagb-container-inner-blocks-wrap\"><div class=\"wp-block-uagb-advanced-heading uagb-block-a651693a\"><div class=\"uagb-separator\"><\/div><h1 class=\"uagb-heading-text\">Liderando o futuro das solu\u00e7\u00f5es de energia<\/h1><\/div><\/div><\/div><div class=\"wp-block-uagb-container uagb-block-10c39542 alignfull uagb-is-root-container\"><div class=\"uagb-container-inner-blocks-wrap\"><div class=\"wp-block-uagb-container uagb-block-0987b86f alignfull uagb-is-root-container\"><div class=\"uagb-container-inner-blocks-wrap\"><div class=\"wp-block-uagb-advanced-heading uagb-block-aa35732e\"><div class=\"uagb-separator\"><\/div><h2 class=\"uagb-heading-text\">Descubra a Rhimo: Inovadores em solu\u00e7\u00f5es de alimenta\u00e7\u00e3o ininterrupta (UPS).<\/h2><\/div>\n\n<div class=\"wp-block-uagb-advanced-heading uagb-block-a57423e9\"><p class=\"uagb-heading-text\">A Rhimo est\u00e1 na vanguarda da inova\u00e7\u00e3o em fontes de alimenta\u00e7\u00e3o, especializada em Sistemas de Alimenta\u00e7\u00e3o Ininterrupta (UPS) e Sistemas de Alimenta\u00e7\u00e3o de Emerg\u00eancia (EPS). Comprometida com a confiabilidade, oferecemos solu\u00e7\u00f5es avan\u00e7adas, personalizadas para proteger opera\u00e7\u00f5es cr\u00edticas em diversos setores em todo o mundo.<\/p><p class=\"uagb-desc-text\">Nossas solu\u00e7\u00f5es inovadoras de energia ajudaram in\u00fameras empresas a manter opera\u00e7\u00f5es ininterruptas em meio a desafios, resultando em maior tempo de atividade, efici\u00eancia e satisfa\u00e7\u00e3o do cliente em setores que v\u00e3o da sa\u00fade \u00e0s telecomunica\u00e7\u00f5es.<\/p><\/div><\/div><\/div>\n\n<figure class=\"wp-block-gallery has-nested-images columns-default is-cropped wp-block-gallery-1 is-layout-flex wp-block-gallery-is-layout-flex\"><figure class=\"wp-block-image size-large\"><img loading=\"lazy\" decoding=\"async\" width=\"1024\" height=\"575\" data-id=\"1428\" src=\"https:\/\/www.upspower-supply.com\/wp-content\/uploads\/2025\/06\/ups-factory-1-1-1024x575.jpg\" alt=\"\" class=\"wp-image-1428\" srcset=\"https:\/\/www.upspower-supply.com\/wp-content\/uploads\/2025\/06\/ups-factory-1-1-1024x575.jpg 1024w, https:\/\/www.upspower-supply.com\/wp-content\/uploads\/2025\/06\/ups-factory-1-1-300x169.jpg 300w, https:\/\/www.upspower-supply.com\/wp-content\/uploads\/2025\/06\/ups-factory-1-1-768x431.jpg 768w, https:\/\/www.upspower-supply.com\/wp-content\/uploads\/2025\/06\/ups-factory-1-1-18x10.jpg 18w, https:\/\/www.upspower-supply.com\/wp-content\/uploads\/2025\/06\/ups-factory-1-1-600x337.jpg 600w, https:\/\/www.upspower-supply.com\/wp-content\/uploads\/2025\/06\/ups-factory-1-1.jpg 1280w\" sizes=\"auto, (max-width: 1024px) 100vw, 1024px\" \/><\/figure>\n\n<figure class=\"wp-block-image size-large\"><img loading=\"lazy\" decoding=\"async\" width=\"1024\" height=\"575\" data-id=\"1429\" src=\"https:\/\/www.upspower-supply.com\/wp-content\/uploads\/2025\/06\/ups-factory-4-1024x575.jpg\" alt=\"\" class=\"wp-image-1429\" srcset=\"https:\/\/www.upspower-supply.com\/wp-content\/uploads\/2025\/06\/ups-factory-4-1024x575.jpg 1024w, https:\/\/www.upspower-supply.com\/wp-content\/uploads\/2025\/06\/ups-factory-4-300x169.jpg 300w, https:\/\/www.upspower-supply.com\/wp-content\/uploads\/2025\/06\/ups-factory-4-768x431.jpg 768w, https:\/\/www.upspower-supply.com\/wp-content\/uploads\/2025\/06\/ups-factory-4-18x10.jpg 18w, https:\/\/www.upspower-supply.com\/wp-content\/uploads\/2025\/06\/ups-factory-4-600x337.jpg 600w, https:\/\/www.upspower-supply.com\/wp-content\/uploads\/2025\/06\/ups-factory-4.jpg 1280w\" sizes=\"auto, (max-width: 1024px) 100vw, 1024px\" \/><\/figure>\n\n<figure class=\"wp-block-image size-large\"><img loading=\"lazy\" decoding=\"async\" width=\"1024\" height=\"576\" data-id=\"1430\" src=\"https:\/\/www.upspower-supply.com\/wp-content\/uploads\/2025\/06\/ups-factory-3-1024x576.jpg\" alt=\"\" class=\"wp-image-1430\" srcset=\"https:\/\/www.upspower-supply.com\/wp-content\/uploads\/2025\/06\/ups-factory-3-1024x576.jpg 1024w, https:\/\/www.upspower-supply.com\/wp-content\/uploads\/2025\/06\/ups-factory-3-300x169.jpg 300w, https:\/\/www.upspower-supply.com\/wp-content\/uploads\/2025\/06\/ups-factory-3-768x432.jpg 768w, https:\/\/www.upspower-supply.com\/wp-content\/uploads\/2025\/06\/ups-factory-3-18x10.jpg 18w, https:\/\/www.upspower-supply.com\/wp-content\/uploads\/2025\/06\/ups-factory-3-600x338.jpg 600w, https:\/\/www.upspower-supply.com\/wp-content\/uploads\/2025\/06\/ups-factory-3.jpg 1280w\" sizes=\"auto, (max-width: 1024px) 100vw, 1024px\" \/><\/figure>\n\n<figure class=\"wp-block-image size-large\"><img loading=\"lazy\" decoding=\"async\" width=\"1024\" height=\"576\" data-id=\"1431\" src=\"https:\/\/www.upspower-supply.com\/wp-content\/uploads\/2025\/06\/ups-factory-2-1024x576.jpg\" alt=\"\" class=\"wp-image-1431\" srcset=\"https:\/\/www.upspower-supply.com\/wp-content\/uploads\/2025\/06\/ups-factory-2-1024x576.jpg 1024w, https:\/\/www.upspower-supply.com\/wp-content\/uploads\/2025\/06\/ups-factory-2-300x169.jpg 300w, https:\/\/www.upspower-supply.com\/wp-content\/uploads\/2025\/06\/ups-factory-2-768x432.jpg 768w, https:\/\/www.upspower-supply.com\/wp-content\/uploads\/2025\/06\/ups-factory-2-18x10.jpg 18w, https:\/\/www.upspower-supply.com\/wp-content\/uploads\/2025\/06\/ups-factory-2-600x338.jpg 600w, https:\/\/www.upspower-supply.com\/wp-content\/uploads\/2025\/06\/ups-factory-2.jpg 1280w\" sizes=\"auto, (max-width: 1024px) 100vw, 1024px\" \/><\/figure><\/figure><\/div><\/div><div class=\"wp-block-uagb-container uagb-block-3b46b7c5 alignfull uagb-is-root-container\"><div class=\"uagb-container-inner-blocks-wrap\"><div class=\"wp-block-uagb-advanced-heading uagb-block-26e4386e\"><div class=\"uagb-separator\"><\/div><h2 class=\"uagb-heading-text\">Nossa Miss\u00e3o<\/h2><p class=\"uagb-desc-text\">Na Rhimo, nossa miss\u00e3o \u00e9 capacitar empresas com solu\u00e7\u00f5es de energia confi\u00e1veis e inovadoras que garantam opera\u00e7\u00f5es cont\u00ednuas, aumentem a produtividade e protejam a infraestrutura cr\u00edtica para um futuro sustent\u00e1vel.<\/p><\/div>\n\n<div class=\"wp-block-uagb-advanced-heading uagb-block-57ce3c5c\"><div class=\"uagb-separator\"><\/div><h2 class=\"uagb-heading-text\">Nossos valores<\/h2><p class=\"uagb-desc-text\">Priorizamos a confiabilidade, a sustentabilidade e a inova\u00e7\u00e3o em tudo o que fazemos, garantindo que nossos clientes recebam solu\u00e7\u00f5es e servi\u00e7os de energia da mais alta qualidade, adaptados \u00e0s suas necessidades espec\u00edficas.<\/p><\/div>\n\n<div class=\"wp-block-uagb-advanced-heading uagb-block-e454bd3d\"><div class=\"uagb-separator\"><\/div><h2 class=\"uagb-heading-text\">Nossa vis\u00e3o<\/h2><p class=\"uagb-desc-text\">Nossa vis\u00e3o \u00e9 liderar o setor global de fornecimento de energia, desenvolvendo tecnologias de ponta e sustent\u00e1veis que revolucionem a forma como as organiza\u00e7\u00f5es operam e lidam com os desafios energ\u00e9ticos.<\/p><\/div><\/div><\/div><div class=\"wp-block-uagb-container uagb-block-2d1e4144 alignfull uagb-is-root-container\"><div class=\"uagb-container-inner-blocks-wrap\"><div class=\"wp-block-uagb-image uagb-block-d8782e7d wp-block-uagb-image--layout-default wp-block-uagb-image--effect-static wp-block-uagb-image--align-none\"><figure class=\"wp-block-uagb-image__figure\"><img decoding=\"async\" srcset=\"https:\/\/www.upspower-supply.com\/wp-content\/uploads\/2025\/06\/data-center.jpg ,https:\/\/www.upspower-supply.com\/wp-content\/uploads\/2025\/06\/data-center.jpg 780w, https:\/\/www.upspower-supply.com\/wp-content\/uploads\/2025\/06\/data-center.jpg 360w\" sizes=\"auto, (max-width: 480px) 150px\" src=\"https:\/\/www.upspower-supply.com\/wp-content\/uploads\/2025\/06\/data-center.jpg\" alt=\"UPS para data center\" class=\"uag-image-1433\" width=\"560\" height=\"450\" title=\"centro de dados\" loading=\"lazy\" role=\"img\"\/><\/figure><\/div>\n\n<div class=\"wp-block-uagb-info-box uagb-block-c931f114 uagb-infobox__content-wrap  uagb-infobox-icon-above-title uagb-infobox-image-valign-top wp-block-uagb-info-box--has-margin\"><div class=\"uagb-infobox-margin-wrapper\"><div class=\"uagb-ifb-content\"><div class=\"uagb-ifb-title-wrap\"><div class=\"uagb-ifb-separator\"><\/div><h2 class=\"uagb-ifb-title\">Solu\u00e7\u00f5es de energia inovadoras para as gera\u00e7\u00f5es futuras.<\/h2><\/div><p class=\"uagb-ifb-desc\">A Rhimo \u00e9 uma fabricante confi\u00e1vel de UPS e EPS de \u00faltima gera\u00e7\u00e3o, comprometida com a inova\u00e7\u00e3o e a satisfa\u00e7\u00e3o do cliente.<\/p><\/div><\/div><\/div><\/div><\/div><div class=\"wp-block-uagb-container uagb-block-804a406b alignfull uagb-is-root-container\"><div class=\"uagb-container-inner-blocks-wrap\"><div class=\"wp-block-uagb-info-box uagb-block-fd4425a9 uagb-infobox__content-wrap  uagb-infobox-icon-above-title uagb-infobox-image-valign-top wp-block-uagb-info-box--has-margin\"><div class=\"uagb-infobox-margin-wrapper\"><div class=\"uagb-ifb-content\"><div class=\"uagb-ifb-title-wrap\"><div class=\"uagb-ifb-separator\"><\/div><h2 class=\"uagb-ifb-title\">Torne-se nosso parceiro hoje mesmo!<\/h2><\/div><p class=\"uagb-ifb-desc\">Deixe-nos ajud\u00e1-lo a garantir a seguran\u00e7a das suas opera\u00e7\u00f5es com nossas solu\u00e7\u00f5es de energia inovadoras e confi\u00e1veis, adaptadas \u00e0s suas necessidades.<\/p><div class=\"uagb-ifb-button-wrapper wp-block-button\"><a href=\"\/pt\/contact\/\" class=\"uagb-infobox-cta-link wp-block-button__link\" target=\"_self\" rel=\"noopener noreferrer\" onclick=\"return true;\"><span class=\"uagb-inline-editing\">Comece agora<\/span><\/a><\/div><\/div><\/div><\/div><\/div><\/div>","protected":false},"excerpt":{"rendered":"<p>Leading the Future of Power Solutions Discover Rhimo: Innovators in Uninterruptible Power Supply Solutions Rhimo stands at the forefront of [&hellip;]<\/p>","protected":false},"author":1,"featured_media":0,"parent":0,"menu_order":0,"comment_status":"closed","ping_status":"closed","template":"","meta":{"_acf_changed":false,"_uag_custom_page_level_css":"","site-sidebar-layout":"default","site-content-layout":"","ast-site-content-layout":"","site-content-style":"default","site-sidebar-style":"default","ast-global-header-display":"","ast-banner-title-visibility":"","ast-main-header-display":"","ast-hfb-above-header-display":"","ast-hfb-below-header-display":"","ast-hfb-mobile-header-display":"","site-post-title":"disabled","ast-breadcrumbs-content":"","ast-featured-img":"","footer-sml-layout":"","theme-transparent-header-meta":"","adv-header-id-meta":"","stick-header-meta":"","header-above-stick-meta":"","header-main-stick-meta":"","header-below-stick-meta":"","astra-migrate-meta-layouts":"default","ast-page-background-enabled":"default","ast-page-background-meta":{"desktop":{"background-color":"var(--ast-global-color-4)","background-image":"","background-repeat":"repeat","background-position":"center center","background-size":"auto","background-attachment":"scroll","background-type":"","background-media":"","overlay-type":"","overlay-color":"","overlay-opacity":"","overlay-gradient":""},"tablet":{"background-color":"","background-image":"","background-repeat":"repeat","background-position":"center center","background-size":"auto","background-attachment":"scroll","background-type":"","background-media":"","overlay-type":"","overlay-color":"","overlay-opacity":"","overlay-gradient":""},"mobile":{"background-color":"","background-image":"","background-repeat":"repeat","background-position":"center center","background-size":"auto","background-attachment":"scroll","background-type":"","background-media":"","overlay-type":"","overlay-color":"","overlay-opacity":"","overlay-gradient":""}},"ast-content-background-meta":{"desktop":{"background-color":"var(--ast-global-color-5)","background-image":"","background-repeat":"repeat","background-position":"center center","background-size":"auto","background-attachment":"scroll","background-type":"","background-media":"","overlay-type":"","overlay-color":"","overlay-opacity":"","overlay-gradient":""},"tablet":{"background-color":"var(--ast-global-color-5)","background-image":"","background-repeat":"repeat","background-position":"center center","background-size":"auto","background-attachment":"scroll","background-type":"","background-media":"","overlay-type":"","overlay-color":"","overlay-opacity":"","overlay-gradient":""},"mobile":{"background-color":"var(--ast-global-color-5)","background-image":"","background-repeat":"repeat","background-position":"center center","background-size":"auto","background-attachment":"scroll","background-type":"","background-media":"","overlay-type":"","overlay-color":"","overlay-opacity":"","overlay-gradient":""}},"footnotes":""},"class_list":["post-1125","page","type-page","status-publish","hentry"],"acf":[],"yoast_head":"<!-- This site is optimized with the Yoast SEO plugin v25.0 - https:\/\/yoast.com\/wordpress\/plugins\/seo\/ -->\n<title>About - UPS power supply<\/title>\n<meta name=\"robots\" content=\"index, follow, max-snippet:-1, max-image-preview:large, max-video-preview:-1\" \/>\n<link rel=\"canonical\" href=\"https:\/\/www.upspower-supply.com\/pt\/about\/\" \/>\n<meta property=\"og:locale\" content=\"pt_PT\" \/>\n<meta property=\"og:type\" content=\"article\" \/>\n<meta property=\"og:title\" content=\"About - UPS power supply\" \/>\n<meta property=\"og:description\" content=\"Leading the Future of Power Solutions Discover Rhimo: Innovators in Uninterruptible Power Supply Solutions Rhimo stands at the forefront of [&hellip;]\" \/>\n<meta property=\"og:url\" content=\"https:\/\/www.upspower-supply.com\/pt\/about\/\" \/>\n<meta property=\"og:site_name\" content=\"UPS power supply\" \/>\n<meta property=\"article:modified_time\" content=\"2025-06-11T07:20:04+00:00\" \/>\n<meta property=\"og:image\" content=\"https:\/\/www.upspower-supply.com\/wp-content\/uploads\/2025\/06\/ups-factory-1-1.jpg\" \/>\n\t<meta property=\"og:image:width\" content=\"1280\" \/>\n\t<meta property=\"og:image:height\" content=\"719\" \/>\n\t<meta property=\"og:image:type\" content=\"image\/jpeg\" \/>\n<meta name=\"twitter:card\" content=\"summary_large_image\" \/>\n<meta name=\"twitter:label1\" content=\"Tempo estimado de leitura\" \/>\n\t<meta name=\"twitter:data1\" content=\"1 minuto\" \/>\n<script type=\"application\/ld+json\" class=\"yoast-schema-graph\">{\"@context\":\"https:\/\/schema.org\",\"@graph\":[{\"@type\":\"WebPage\",\"@id\":\"https:\/\/www.upspower-supply.com\/about\/\",\"url\":\"https:\/\/www.upspower-supply.com\/about\/\",\"name\":\"About - UPS power supply\",\"isPartOf\":{\"@id\":\"https:\/\/www.upspower-supply.com\/#website\"},\"primaryImageOfPage\":{\"@id\":\"https:\/\/www.upspower-supply.com\/about\/#primaryimage\"},\"image\":{\"@id\":\"https:\/\/www.upspower-supply.com\/about\/#primaryimage\"},\"thumbnailUrl\":\"https:\/\/www.upspower-supply.com\/wp-content\/uploads\/2025\/06\/ups-factory-1-1-1024x575.jpg\",\"datePublished\":\"2025-04-17T09:30:11+00:00\",\"dateModified\":\"2025-06-11T07:20:04+00:00\",\"breadcrumb\":{\"@id\":\"https:\/\/www.upspower-supply.com\/about\/#breadcrumb\"},\"inLanguage\":\"pt-PT\",\"potentialAction\":[{\"@type\":\"ReadAction\",\"target\":[\"https:\/\/www.upspower-supply.com\/about\/\"]}]},{\"@type\":\"ImageObject\",\"inLanguage\":\"pt-PT\",\"@id\":\"https:\/\/www.upspower-supply.com\/about\/#primaryimage\",\"url\":\"https:\/\/www.upspower-supply.com\/wp-content\/uploads\/2025\/06\/ups-factory-1-1-1024x575.jpg\",\"contentUrl\":\"https:\/\/www.upspower-supply.com\/wp-content\/uploads\/2025\/06\/ups-factory-1-1-1024x575.jpg\"},{\"@type\":\"BreadcrumbList\",\"@id\":\"https:\/\/www.upspower-supply.com\/about\/#breadcrumb\",\"itemListElement\":[{\"@type\":\"ListItem\",\"position\":1,\"name\":\"Home\",\"item\":\"https:\/\/www.upspower-supply.com\/\"},{\"@type\":\"ListItem\",\"position\":2,\"name\":\"About\"}]},{\"@type\":\"WebSite\",\"@id\":\"https:\/\/www.upspower-supply.com\/#website\",\"url\":\"https:\/\/www.upspower-supply.com\/\",\"name\":\"UPS power supply\",\"description\":\"\",\"potentialAction\":[{\"@type\":\"SearchAction\",\"target\":{\"@type\":\"EntryPoint\",\"urlTemplate\":\"https:\/\/www.upspower-supply.com\/?s={search_term_string}\"},\"query-input\":{\"@type\":\"PropertyValueSpecification\",\"valueRequired\":true,\"valueName\":\"search_term_string\"}}],\"inLanguage\":\"pt-PT\"}]}<\/script>\n<!-- \/ Yoast SEO plugin. -->","yoast_head_json":{"title":"About - UPS power supply","robots":{"index":"index","follow":"follow","max-snippet":"max-snippet:-1","max-image-preview":"max-image-preview:large","max-video-preview":"max-video-preview:-1"},"canonical":"https:\/\/www.upspower-supply.com\/pt\/about\/","og_locale":"pt_PT","og_type":"article","og_title":"About - UPS power supply","og_description":"Leading the Future of Power Solutions Discover Rhimo: Innovators in Uninterruptible Power Supply Solutions Rhimo stands at the forefront of [&hellip;]","og_url":"https:\/\/www.upspower-supply.com\/pt\/about\/","og_site_name":"UPS power supply","article_modified_time":"2025-06-11T07:20:04+00:00","og_image":[{"width":1280,"height":719,"url":"https:\/\/www.upspower-supply.com\/wp-content\/uploads\/2025\/06\/ups-factory-1-1.jpg","type":"image\/jpeg"}],"twitter_card":"summary_large_image","twitter_misc":{"Tempo estimado de leitura":"1 minuto"},"schema":{"@context":"https:\/\/schema.org","@graph":[{"@type":"WebPage","@id":"https:\/\/www.upspower-supply.com\/about\/","url":"https:\/\/www.upspower-supply.com\/about\/","name":"About - UPS power supply","isPartOf":{"@id":"https:\/\/www.upspower-supply.com\/#website"},"primaryImageOfPage":{"@id":"https:\/\/www.upspower-supply.com\/about\/#primaryimage"},"image":{"@id":"https:\/\/www.upspower-supply.com\/about\/#primaryimage"},"thumbnailUrl":"https:\/\/www.upspower-supply.com\/wp-content\/uploads\/2025\/06\/ups-factory-1-1-1024x575.jpg","datePublished":"2025-04-17T09:30:11+00:00","dateModified":"2025-06-11T07:20:04+00:00","breadcrumb":{"@id":"https:\/\/www.upspower-supply.com\/about\/#breadcrumb"},"inLanguage":"pt-PT","potentialAction":[{"@type":"ReadAction","target":["https:\/\/www.upspower-supply.com\/about\/"]}]},{"@type":"ImageObject","inLanguage":"pt-PT","@id":"https:\/\/www.upspower-supply.com\/about\/#primaryimage","url":"https:\/\/www.upspower-supply.com\/wp-content\/uploads\/2025\/06\/ups-factory-1-1-1024x575.jpg","contentUrl":"https:\/\/www.upspower-supply.com\/wp-content\/uploads\/2025\/06\/ups-factory-1-1-1024x575.jpg"},{"@type":"BreadcrumbList","@id":"https:\/\/www.upspower-supply.com\/about\/#breadcrumb","itemListElement":[{"@type":"ListItem","position":1,"name":"Home","item":"https:\/\/www.upspower-supply.com\/"},{"@type":"ListItem","position":2,"name":"About"}]},{"@type":"WebSite","@id":"https:\/\/www.upspower-supply.com\/#website","url":"https:\/\/www.upspower-supply.com\/","name":"UPS power supply","description":"","potentialAction":[{"@type":"SearchAction","target":{"@type":"EntryPoint","urlTemplate":"https:\/\/www.upspower-supply.com\/?s={search_term_string}"},"query-input":{"@type":"PropertyValueSpecification","valueRequired":true,"valueName":"search_term_string"}}],"inLanguage":"pt-PT"}]}},"uagb_featured_image_src":{"full":false,"thumbnail":false,"medium":false,"medium_large":false,"large":false,"1536x1536":false,"2048x2048":false,"trp-custom-language-flag":false,"woocommerce_thumbnail":false,"woocommerce_single":false,"woocommerce_gallery_thumbnail":false},"uagb_author_info":{"display_name":"Tyne Tingey","author_link":"https:\/\/www.upspower-supply.com\/pt\/author\/tyne-tingey\/"},"uagb_comment_info":0,"uagb_excerpt":"Leading the Future of Power Solutions Discover Rhimo: Innovators in Uninterruptible Power Supply Solutions Rhimo stands at the forefront of [&hellip;]","_links":{"self":[{"href":"https:\/\/www.upspower-supply.com\/pt\/wp-json\/wp\/v2\/pages\/1125","targetHints":{"allow":["GET"]}}],"collection":[{"href":"https:\/\/www.upspower-supply.com\/pt\/wp-json\/wp\/v2\/pages"}],"about":[{"href":"https:\/\/www.upspower-supply.com\/pt\/wp-json\/wp\/v2\/types\/page"}],"author":[{"embeddable":true,"href":"https:\/\/www.upspower-supply.com\/pt\/wp-json\/wp\/v2\/users\/1"}],"replies":[{"embeddable":true,"href":"https:\/\/www.upspower-supply.com\/pt\/wp-json\/wp\/v2\/comments?post=1125"}],"version-history":[{"count":6,"href":"https:\/\/www.upspower-supply.com\/pt\/wp-json\/wp\/v2\/pages\/1125\/revisions"}],"predecessor-version":[{"id":1434,"href":"https:\/\/www.upspower-supply.com\/pt\/wp-json\/wp\/v2\/pages\/1125\/revisions\/1434"}],"wp:attachment":[{"href":"https:\/\/www.upspower-supply.com\/pt\/wp-json\/wp\/v2\/media?parent=1125"}],"curies":[{"name":"wp","href":"https:\/\/api.w.org\/{rel}","templated":true}]}}