{"id":2155,"date":"2026-03-04T01:33:26","date_gmt":"2026-03-04T01:33:26","guid":{"rendered":"https:\/\/www.upspower-supply.com\/?post_type=product&#038;p=2155"},"modified":"2026-04-18T05:45:11","modified_gmt":"2026-04-18T05:45:11","slug":"nobreak-1-10kva-uninterruptible-power-supply-for-small-business","status":"publish","type":"product","link":"https:\/\/www.upspower-supply.com\/es\/producto\/nobreak-1-10kva-uninterruptible-power-supply-for-small-business\/","title":{"rendered":"Sin interrupci\u00f3n 1-10kva | UPS en l\u00ednea de 1200VA, 2kVA, 3kVA, 6kVA y 10kVA"},"content":{"rendered":"<p>El sistema de alimentaci\u00f3n ininterrumpida (UPS) Nobreak de 1 a 10 kVA es una soluci\u00f3n de protecci\u00f3n de energ\u00eda universal de \u00faltima generaci\u00f3n, de dise\u00f1o innovador, dise\u00f1ada para proporcionar energ\u00eda continua, estable y de alta calidad para peque\u00f1as empresas y entornos profesionales.<\/p>\n<p>Construido sobre una arquitectura de doble conversi\u00f3n en l\u00ednea, el sistema proporciona un aislamiento completo entre la alimentaci\u00f3n de entrada y de salida, protegiendo eficazmente los equipos conectados de una amplia gama de problemas el\u00e9ctricos, entre los que se incluyen:<\/p>\n<h3>Caracter\u00edsticas clave de rendimiento<\/h3>\n<ul>\n<li>Dise\u00f1o de doble conversi\u00f3n en l\u00ednea con tecnolog\u00eda avanzada de control por microprocesador.<\/li>\n<li>Pantalla LCD para un funcionamiento sencillo y un mantenimiento c\u00f3modo.<\/li>\n<li>Amplio rango de voltaje de entrada (110 V CA \u2013 300 V CA), adecuado para entornos de red el\u00e9ctrica adversos.<\/li>\n<li>Factor de potencia de entrada \u2265 0,99 para un dise\u00f1o de energ\u00eda verde energ\u00e9ticamente eficiente.<\/li>\n<li>Factor de potencia de salida seleccionable 0,8 \/ 0,9 \/ 1,0 con gran capacidad de carga.<\/li>\n<li>Eficiencia en modo CA de hasta 94% o superior para un mayor ahorro de energ\u00eda.<\/li>\n<li>Los modelos de larga duraci\u00f3n admiten una corriente de carga de hasta 12 A con gesti\u00f3n de carga inteligente multietapa.<\/li>\n<li>Protecci\u00f3n integral que incluye protecci\u00f3n contra subtensi\u00f3n, sobretensi\u00f3n, cortocircuito y sobretemperatura.<\/li>\n<li>Interfaz de comunicaci\u00f3n RS232 est\u00e1ndar con tarjeta SNMP opcional y puerto USB.<\/li>\n<\/ul>\n<h3>Resumen de especificaciones t\u00e9cnicas<\/h3>\n<div class=\"max-w-4xl max-h-[80vh] my-8 overflow-auto mx-auto overflow-auto rounded-lg border border-gray-200 shadow-sm\">\n<table class=\"min-w-full border border-gray-300 text-sm text-center\">\n<thead class=\"bg-gray-100 font-semibold\">\n<tr>\n<th class=\"border p-2\">Modelo<\/th>\n<th class=\"border p-2\">01L-H<\/th>\n<th class=\"border p-2\">01-H<\/th>\n<th class=\"border p-2\">02L-H<\/th>\n<th class=\"border p-2\">02-H<\/th>\n<th class=\"border p-2\">03L-H<\/th>\n<th class=\"border p-2\">03-H<\/th>\n<th class=\"border p-2\">06L-H<\/th>\n<th class=\"border p-2\">06-H<\/th>\n<th class=\"border p-2\">10L-H<\/th>\n<th class=\"border p-2\">10-H<\/th>\n<\/tr>\n<tr class=\"bg-gray-50\">\n<th class=\"border p-2\">Capacidad<\/th>\n<td class=\"border p-2\" colspan=\"2\">1 kVA<\/td>\n<td class=\"border p-2\" colspan=\"2\">2 kVA<\/td>\n<td class=\"border p-2\" colspan=\"2\">3 kVA<\/td>\n<td class=\"border p-2\" colspan=\"2\">6 kVA<\/td>\n<td class=\"border p-2\" colspan=\"2\">10 kVA<\/td>\n<\/tr>\n<\/thead>\n<tbody>\n      <!-- INPUT --><\/p>\n<tr class=\"bg-gray-100 font-semibold\">\n<td colspan=\"11\" class=\"border p-2 text-left\">Aporte<\/td>\n<\/tr>\n<tr>\n<td class=\"border p-2\">Cableado de entrada<\/td>\n<td colspan=\"10\" class=\"border p-2\">L + N + PE<\/td>\n<\/tr>\n<tr>\n<td class=\"border p-2\">Tensi\u00f3n de entrada nominal<\/td>\n<td colspan=\"10\" class=\"border p-2\">208 \/ 220 \/ 230 \/ 240 V CA<\/td>\n<\/tr>\n<tr>\n<td class=\"border p-2\">Rango de voltaje de entrada<\/td>\n<td colspan=\"10\" class=\"border p-2\">110 \u2013 300 VCA (176\u2013276 VCA sin reducci\u00f3n de potencia)<\/td>\n<\/tr>\n<tr>\n<td class=\"border p-2\">Rango de frecuencia<\/td>\n<td colspan=\"10\" class=\"border p-2\">44\u201356 Hz o 54\u201366 Hz (detecci\u00f3n autom\u00e1tica)<\/td>\n<\/tr>\n<tr>\n<td class=\"border p-2\">Factor de potencia de entrada<\/td>\n<td colspan=\"10\" class=\"border p-2\">\u2265 0,99<\/td>\n<\/tr>\n<p>      <!-- OUTPUT --><\/p>\n<tr class=\"bg-gray-100 font-semibold\">\n<td colspan=\"11\" class=\"border p-2 text-left\">Producci\u00f3n<\/td>\n<\/tr>\n<tr>\n<td class=\"border p-2\">Cableado de salida<\/td>\n<td colspan=\"10\" class=\"border p-2\">L + N + PE<\/td>\n<\/tr>\n<tr>\n<td class=\"border p-2\">Voltaje de salida<\/td>\n<td colspan=\"10\" class=\"border p-2\">208 \/ 220 \/ 230 \/ 240 V CA<\/td>\n<\/tr>\n<tr>\n<td class=\"border p-2\">Regulaci\u00f3n de voltaje<\/td>\n<td colspan=\"10\" class=\"border p-2\">\u00b11%<\/td>\n<\/tr>\n<tr>\n<td class=\"border p-2\">Frecuencia de salida<\/td>\n<td colspan=\"10\" class=\"border p-2\">\n          Modo en l\u00ednea: sincronizado con la red el\u00e9ctrica; Modo bater\u00eda: 50\/60 Hz \u00b10,05 Hz\n        <\/td>\n<\/tr>\n<tr>\n<td class=\"border p-2\">THD<\/td>\n<td colspan=\"10\" class=\"border p-2\">\n          \u22643% (carga lineal), \u22646% (carga no lineal)\n        <\/td>\n<\/tr>\n<tr>\n<td class=\"border p-2\">Factor de potencia de salida<\/td>\n<td colspan=\"10\" class=\"border p-2\">0.8<\/td>\n<\/tr>\n<tr>\n<td class=\"border p-2\">Tiempo de transferencia<\/td>\n<td colspan=\"10\" class=\"border p-2\">\n          Red el\u00e9ctrica \u2192 Bater\u00eda: 0 ms | Inversor \u2192 Bypass: \u22644 ms\n        <\/td>\n<\/tr>\n<tr>\n<td class=\"border p-2\">Capacidad de sobrecarga<\/td>\n<td colspan=\"10\" class=\"border p-2\">\n          Carga 102\u2013110%: 30 min; 110\u2013130%: 10 min; 130\u2013150%: 30 s; \u2265150%: 200 ms\n        <\/td>\n<\/tr>\n<tr>\n<td class=\"border p-2\">Eficiencia (modo CA)<\/td>\n<td colspan=\"10\" class=\"border p-2\">\u226594,5% (1\u20133 kVA), \u226595% (6\u201310 kVA)<\/td>\n<\/tr>\n<p>      <!-- BATTERY --><\/p>\n<tr class=\"bg-gray-100 font-semibold\">\n<td colspan=\"11\" class=\"border p-2 text-left\">Bater\u00eda<\/td>\n<\/tr>\n<tr>\n<td class=\"border p-2\">Voltaje de la bater\u00eda<\/td>\n<td class=\"border p-2\">36 V CC<\/td>\n<td class=\"border p-2\">Bater\u00eda interna de 3 \u00d7 12 V y 7 Ah.<\/td>\n<td class=\"border p-2\">72 V CC<\/td>\n<td class=\"border p-2\">Bater\u00eda interna de 6 \u00d7 12 V y 7 Ah.<\/td>\n<td class=\"border p-2\">96 VCC<\/td>\n<td class=\"border p-2\">Bater\u00eda interna de 8 \u00d7 12 V y 7 Ah.<\/td>\n<td class=\"border p-2\">192\u2013240 V CC<\/td>\n<td class=\"border p-2\">bater\u00eda externa<\/td>\n<td class=\"border p-2\">192\u2013240 V CC<\/td>\n<td class=\"border p-2\">bater\u00eda externa<\/td>\n<\/tr>\n<tr>\n<td class=\"border p-2\">Corriente de carga<\/td>\n<td colspan=\"10\" class=\"border p-2\">\n          Ajustable de 1 a 12 A (modelos de respaldo de larga duraci\u00f3n de hasta 12 A)\n        <\/td>\n<\/tr>\n<p>      <!-- SYSTEM --><\/p>\n<tr class=\"bg-gray-100 font-semibold\">\n<td colspan=\"11\" class=\"border p-2 text-left\">Sistema<\/td>\n<\/tr>\n<tr>\n<td class=\"border p-2\">Mostrar<\/td>\n<td colspan=\"10\" class=\"border p-2\">\n          Pantalla LCD que muestra el voltaje de entrada\/salida, la carga, el estado de la bater\u00eda y el modo de funcionamiento.\n        <\/td>\n<\/tr>\n<tr>\n<td class=\"border p-2\">Interfaz de comunicaci\u00f3n<\/td>\n<td colspan=\"10\" class=\"border p-2\">\n          Interfaz RS232 est\u00e1ndar, tarjeta SNMP opcional e interfaz USB.\n        <\/td>\n<\/tr>\n<p>      <!-- ENVIRONMENT --><\/p>\n<tr class=\"bg-gray-100 font-semibold\">\n<td colspan=\"11\" class=\"border p-2 text-left\">Ambiente<\/td>\n<\/tr>\n<tr>\n<td class=\"border p-2\">Temperatura de funcionamiento<\/td>\n<td colspan=\"10\" class=\"border p-2\">0\u00b0C \u2013 40\u00b0C<\/td>\n<\/tr>\n<tr>\n<td class=\"border p-2\">Humedad<\/td>\n<td colspan=\"10\" class=\"border p-2\">20% \u2013 95% (sin condensaci\u00f3n)<\/td>\n<\/tr>\n<tr>\n<td class=\"border p-2\">Altitud<\/td>\n<td colspan=\"10\" class=\"border p-2\">\n          \u22641000 m sin reducci\u00f3n de potencia (reducci\u00f3n de potencia por encima de 1000 m)\n        <\/td>\n<\/tr>\n<\/tbody>\n<\/table>\n<\/div>","protected":false},"excerpt":{"rendered":"<p>El sistema de alimentaci\u00f3n ininterrumpida (UPS) Nobreak de 1 a 10 kVA para peque\u00f1as empresas es un UPS en l\u00ednea de doble conversi\u00f3n de alto rendimiento dise\u00f1ado para brindar protecci\u00f3n de energ\u00eda confiable y limpia para equipos cr\u00edticos. Con tecnolog\u00eda de control digital DSP avanzada y un dise\u00f1o convertible flexible de torre\/rack, garantiza una salida de energ\u00eda estable frente a cortes, fluctuaciones de voltaje, sobretensiones y perturbaciones el\u00e9ctricas, lo que lo hace ideal para oficinas, salas de TI y aplicaciones comerciales. Disponible en 1 kVA Nobreak, 2 kVA Nobreak, 3 kVA Nobreak, 6 kVA Nobreak y 10 kVA Nobreak.<\/p>\n<p><a href=\"https:\/\/www.upspower-supply.com\/es\/nobreak\/\">fuente de alimentaci\u00f3n ininterrumpida<\/a><\/p>","protected":false},"featured_media":2156,"comment_status":"open","ping_status":"closed","template":"","meta":{"_acf_changed":false,"_uag_custom_page_level_css":"","site-sidebar-layout":"default","site-content-layout":"","ast-site-content-layout":"default","site-content-style":"default","site-sidebar-style":"default","ast-global-header-display":"","ast-banner-title-visibility":"","ast-main-header-display":"","ast-hfb-above-header-display":"","ast-hfb-below-header-display":"","ast-hfb-mobile-header-display":"","site-post-title":"","ast-breadcrumbs-content":"","ast-featured-img":"","footer-sml-layout":"","theme-transparent-header-meta":"default","adv-header-id-meta":"","stick-header-meta":"","header-above-stick-meta":"","header-main-stick-meta":"","header-below-stick-meta":"","astra-migrate-meta-layouts":"set","ast-page-background-enabled":"default","ast-page-background-meta":{"desktop":{"background-color":"var(--ast-global-color-4)","background-image":"","background-repeat":"repeat","background-position":"center center","background-size":"auto","background-attachment":"scroll","background-type":"","background-media":"","overlay-type":"","overlay-color":"","overlay-opacity":"","overlay-gradient":""},"tablet":{"background-color":"","background-image":"","background-repeat":"repeat","background-position":"center center","background-size":"auto","background-attachment":"scroll","background-type":"","background-media":"","overlay-type":"","overlay-color":"","overlay-opacity":"","overlay-gradient":""},"mobile":{"background-color":"","background-image":"","background-repeat":"repeat","background-position":"center center","background-size":"auto","background-attachment":"scroll","background-type":"","background-media":"","overlay-type":"","overlay-color":"","overlay-opacity":"","overlay-gradient":""}},"ast-content-background-meta":{"desktop":{"background-color":"var(--ast-global-color-5)","background-image":"","background-repeat":"repeat","background-position":"center center","background-size":"auto","background-attachment":"scroll","background-type":"","background-media":"","overlay-type":"","overlay-color":"","overlay-opacity":"","overlay-gradient":""},"tablet":{"background-color":"var(--ast-global-color-5)","background-image":"","background-repeat":"repeat","background-position":"center center","background-size":"auto","background-attachment":"scroll","background-type":"","background-media":"","overlay-type":"","overlay-color":"","overlay-opacity":"","overlay-gradient":""},"mobile":{"background-color":"var(--ast-global-color-5)","background-image":"","background-repeat":"repeat","background-position":"center center","background-size":"auto","background-attachment":"scroll","background-type":"","background-media":"","overlay-type":"","overlay-color":"","overlay-opacity":"","overlay-gradient":""}}},"product_brand":[],"product_cat":[26],"product_tag":[46,49],"class_list":{"0":"post-2155","1":"product","2":"type-product","3":"status-publish","4":"has-post-thumbnail","6":"product_cat-online-ups","7":"product_tag-double-conversion-ups","8":"product_tag-single-phase-ups","9":"desktop-align-left","10":"tablet-align-left","11":"mobile-align-left","13":"first","14":"instock","15":"shipping-taxable","16":"product-type-simple"},"acf":[],"yoast_head":"<!-- This site is optimized with the Yoast SEO plugin v25.0 - https:\/\/yoast.com\/wordpress\/plugins\/seo\/ -->\n<title>Nobreak 1-10kva | 1200VA, 2kVA, 3kVA, 6kVA, 10kVA Online UPS - UPS power supply<\/title>\n<meta name=\"description\" content=\"Nobreak UPS solutions including 1200VA, 2kVA, 3kVA, 6kVA and 10kVA models. Online UPS systems designed for small business, servers, network equipment and critical power backup.\" \/>\n<meta name=\"robots\" content=\"index, follow, max-snippet:-1, max-image-preview:large, max-video-preview:-1\" \/>\n<link rel=\"canonical\" href=\"https:\/\/www.upspower-supply.com\/es\/producto\/nobreak-1-10kva-uninterruptible-power-supply-for-small-business\/\" \/>\n<meta property=\"og:locale\" content=\"es_ES\" \/>\n<meta property=\"og:type\" content=\"article\" \/>\n<meta property=\"og:title\" content=\"Nobreak 1-10kva | 1200VA, 2kVA, 3kVA, 6kVA, 10kVA Online UPS - UPS power supply\" \/>\n<meta property=\"og:description\" content=\"Nobreak UPS solutions including 1200VA, 2kVA, 3kVA, 6kVA and 10kVA models. Online UPS systems designed for small business, servers, network equipment and critical power backup.\" \/>\n<meta property=\"og:url\" content=\"https:\/\/www.upspower-supply.com\/es\/producto\/nobreak-1-10kva-uninterruptible-power-supply-for-small-business\/\" \/>\n<meta property=\"og:site_name\" content=\"UPS power supply\" \/>\n<meta property=\"article:modified_time\" content=\"2026-04-18T05:45:11+00:00\" \/>\n<meta property=\"og:image\" content=\"https:\/\/www.upspower-supply.com\/wp-content\/uploads\/2026\/03\/nobreak-1-10kva-1.jpg\" \/>\n\t<meta property=\"og:image:width\" content=\"1000\" \/>\n\t<meta property=\"og:image:height\" content=\"894\" \/>\n\t<meta property=\"og:image:type\" content=\"image\/jpeg\" \/>\n<meta name=\"twitter:card\" content=\"summary_large_image\" \/>\n<meta name=\"twitter:label1\" content=\"Tiempo de lectura\" \/>\n\t<meta name=\"twitter:data1\" content=\"2 minutos\" \/>\n<script type=\"application\/ld+json\" class=\"yoast-schema-graph\">{\"@context\":\"https:\/\/schema.org\",\"@graph\":[{\"@type\":\"WebPage\",\"@id\":\"https:\/\/www.upspower-supply.com\/product\/nobreak-1-10kva-uninterruptible-power-supply-for-small-business\/\",\"url\":\"https:\/\/www.upspower-supply.com\/product\/nobreak-1-10kva-uninterruptible-power-supply-for-small-business\/\",\"name\":\"Nobreak 1-10kva | 1200VA, 2kVA, 3kVA, 6kVA, 10kVA Online UPS - UPS power supply\",\"isPartOf\":{\"@id\":\"https:\/\/www.upspower-supply.com\/#website\"},\"primaryImageOfPage\":{\"@id\":\"https:\/\/www.upspower-supply.com\/product\/nobreak-1-10kva-uninterruptible-power-supply-for-small-business\/#primaryimage\"},\"image\":{\"@id\":\"https:\/\/www.upspower-supply.com\/product\/nobreak-1-10kva-uninterruptible-power-supply-for-small-business\/#primaryimage\"},\"thumbnailUrl\":\"https:\/\/www.upspower-supply.com\/wp-content\/uploads\/2026\/03\/nobreak-1-10kva-1.jpg\",\"datePublished\":\"2026-03-04T01:33:26+00:00\",\"dateModified\":\"2026-04-18T05:45:11+00:00\",\"description\":\"Nobreak UPS solutions including 1200VA, 2kVA, 3kVA, 6kVA and 10kVA models. Online UPS systems designed for small business, servers, network equipment and critical power backup.\",\"breadcrumb\":{\"@id\":\"https:\/\/www.upspower-supply.com\/product\/nobreak-1-10kva-uninterruptible-power-supply-for-small-business\/#breadcrumb\"},\"inLanguage\":\"es\",\"potentialAction\":[{\"@type\":\"ReadAction\",\"target\":[\"https:\/\/www.upspower-supply.com\/product\/nobreak-1-10kva-uninterruptible-power-supply-for-small-business\/\"]}]},{\"@type\":\"ImageObject\",\"inLanguage\":\"es\",\"@id\":\"https:\/\/www.upspower-supply.com\/product\/nobreak-1-10kva-uninterruptible-power-supply-for-small-business\/#primaryimage\",\"url\":\"https:\/\/www.upspower-supply.com\/wp-content\/uploads\/2026\/03\/nobreak-1-10kva-1.jpg\",\"contentUrl\":\"https:\/\/www.upspower-supply.com\/wp-content\/uploads\/2026\/03\/nobreak-1-10kva-1.jpg\",\"width\":1000,\"height\":894,\"caption\":\"nobreak 1-10kva tower ups\"},{\"@type\":\"BreadcrumbList\",\"@id\":\"https:\/\/www.upspower-supply.com\/product\/nobreak-1-10kva-uninterruptible-power-supply-for-small-business\/#breadcrumb\",\"itemListElement\":[{\"@type\":\"ListItem\",\"position\":1,\"name\":\"Home\",\"item\":\"https:\/\/www.upspower-supply.com\/\"},{\"@type\":\"ListItem\",\"position\":2,\"name\":\"Shop\",\"item\":\"https:\/\/www.upspower-supply.com\/shop\/\"},{\"@type\":\"ListItem\",\"position\":3,\"name\":\"Nobreak 1-10kva | 1200VA, 2kVA, 3kVA, 6kVA, 10kVA Online UPS\"}]},{\"@type\":\"WebSite\",\"@id\":\"https:\/\/www.upspower-supply.com\/#website\",\"url\":\"https:\/\/www.upspower-supply.com\/\",\"name\":\"UPS power supply\",\"description\":\"\",\"potentialAction\":[{\"@type\":\"SearchAction\",\"target\":{\"@type\":\"EntryPoint\",\"urlTemplate\":\"https:\/\/www.upspower-supply.com\/?s={search_term_string}\"},\"query-input\":{\"@type\":\"PropertyValueSpecification\",\"valueRequired\":true,\"valueName\":\"search_term_string\"}}],\"inLanguage\":\"es\"}]}<\/script>\n<!-- \/ Yoast SEO plugin. -->","yoast_head_json":{"title":"Nobreak 1-10kva | 1200VA, 2kVA, 3kVA, 6kVA, 10kVA Online UPS - UPS power supply","description":"Nobreak UPS solutions including 1200VA, 2kVA, 3kVA, 6kVA and 10kVA models. Online UPS systems designed for small business, servers, network equipment and critical power backup.","robots":{"index":"index","follow":"follow","max-snippet":"max-snippet:-1","max-image-preview":"max-image-preview:large","max-video-preview":"max-video-preview:-1"},"canonical":"https:\/\/www.upspower-supply.com\/es\/producto\/nobreak-1-10kva-uninterruptible-power-supply-for-small-business\/","og_locale":"es_ES","og_type":"article","og_title":"Nobreak 1-10kva | 1200VA, 2kVA, 3kVA, 6kVA, 10kVA Online UPS - UPS power supply","og_description":"Nobreak UPS solutions including 1200VA, 2kVA, 3kVA, 6kVA and 10kVA models. Online UPS systems designed for small business, servers, network equipment and critical power backup.","og_url":"https:\/\/www.upspower-supply.com\/es\/producto\/nobreak-1-10kva-uninterruptible-power-supply-for-small-business\/","og_site_name":"UPS power supply","article_modified_time":"2026-04-18T05:45:11+00:00","og_image":[{"width":1000,"height":894,"url":"https:\/\/www.upspower-supply.com\/wp-content\/uploads\/2026\/03\/nobreak-1-10kva-1.jpg","type":"image\/jpeg"}],"twitter_card":"summary_large_image","twitter_misc":{"Tiempo de lectura":"2 minutos"},"schema":{"@context":"https:\/\/schema.org","@graph":[{"@type":"WebPage","@id":"https:\/\/www.upspower-supply.com\/product\/nobreak-1-10kva-uninterruptible-power-supply-for-small-business\/","url":"https:\/\/www.upspower-supply.com\/product\/nobreak-1-10kva-uninterruptible-power-supply-for-small-business\/","name":"Nobreak 1-10kva | 1200VA, 2kVA, 3kVA, 6kVA, 10kVA Online UPS - UPS power supply","isPartOf":{"@id":"https:\/\/www.upspower-supply.com\/#website"},"primaryImageOfPage":{"@id":"https:\/\/www.upspower-supply.com\/product\/nobreak-1-10kva-uninterruptible-power-supply-for-small-business\/#primaryimage"},"image":{"@id":"https:\/\/www.upspower-supply.com\/product\/nobreak-1-10kva-uninterruptible-power-supply-for-small-business\/#primaryimage"},"thumbnailUrl":"https:\/\/www.upspower-supply.com\/wp-content\/uploads\/2026\/03\/nobreak-1-10kva-1.jpg","datePublished":"2026-03-04T01:33:26+00:00","dateModified":"2026-04-18T05:45:11+00:00","description":"Nobreak UPS solutions including 1200VA, 2kVA, 3kVA, 6kVA and 10kVA models. Online UPS systems designed for small business, servers, network equipment and critical power backup.","breadcrumb":{"@id":"https:\/\/www.upspower-supply.com\/product\/nobreak-1-10kva-uninterruptible-power-supply-for-small-business\/#breadcrumb"},"inLanguage":"es","potentialAction":[{"@type":"ReadAction","target":["https:\/\/www.upspower-supply.com\/product\/nobreak-1-10kva-uninterruptible-power-supply-for-small-business\/"]}]},{"@type":"ImageObject","inLanguage":"es","@id":"https:\/\/www.upspower-supply.com\/product\/nobreak-1-10kva-uninterruptible-power-supply-for-small-business\/#primaryimage","url":"https:\/\/www.upspower-supply.com\/wp-content\/uploads\/2026\/03\/nobreak-1-10kva-1.jpg","contentUrl":"https:\/\/www.upspower-supply.com\/wp-content\/uploads\/2026\/03\/nobreak-1-10kva-1.jpg","width":1000,"height":894,"caption":"nobreak 1-10kva tower ups"},{"@type":"BreadcrumbList","@id":"https:\/\/www.upspower-supply.com\/product\/nobreak-1-10kva-uninterruptible-power-supply-for-small-business\/#breadcrumb","itemListElement":[{"@type":"ListItem","position":1,"name":"Home","item":"https:\/\/www.upspower-supply.com\/"},{"@type":"ListItem","position":2,"name":"Shop","item":"https:\/\/www.upspower-supply.com\/shop\/"},{"@type":"ListItem","position":3,"name":"Nobreak 1-10kva | 1200VA, 2kVA, 3kVA, 6kVA, 10kVA Online UPS"}]},{"@type":"WebSite","@id":"https:\/\/www.upspower-supply.com\/#website","url":"https:\/\/www.upspower-supply.com\/","name":"UPS power supply","description":"","potentialAction":[{"@type":"SearchAction","target":{"@type":"EntryPoint","urlTemplate":"https:\/\/www.upspower-supply.com\/?s={search_term_string}"},"query-input":{"@type":"PropertyValueSpecification","valueRequired":true,"valueName":"search_term_string"}}],"inLanguage":"es"}]}},"uagb_featured_image_src":{"full":["https:\/\/www.upspower-supply.com\/wp-content\/uploads\/2026\/03\/nobreak-1-10kva-1.jpg",1000,894,false],"thumbnail":["https:\/\/www.upspower-supply.com\/wp-content\/uploads\/2026\/03\/nobreak-1-10kva-1-150x150.jpg",150,150,true],"medium":["https:\/\/www.upspower-supply.com\/wp-content\/uploads\/2026\/03\/nobreak-1-10kva-1-300x268.jpg",300,268,true],"medium_large":["https:\/\/www.upspower-supply.com\/wp-content\/uploads\/2026\/03\/nobreak-1-10kva-1-768x687.jpg",768,687,true],"large":["https:\/\/www.upspower-supply.com\/wp-content\/uploads\/2026\/03\/nobreak-1-10kva-1.jpg",1000,894,false],"1536x1536":["https:\/\/www.upspower-supply.com\/wp-content\/uploads\/2026\/03\/nobreak-1-10kva-1.jpg",1000,894,false],"2048x2048":["https:\/\/www.upspower-supply.com\/wp-content\/uploads\/2026\/03\/nobreak-1-10kva-1.jpg",1000,894,false],"trp-custom-language-flag":["https:\/\/www.upspower-supply.com\/wp-content\/uploads\/2026\/03\/nobreak-1-10kva-1-13x12.jpg",13,12,true],"woocommerce_thumbnail":["https:\/\/www.upspower-supply.com\/wp-content\/uploads\/2026\/03\/nobreak-1-10kva-1-300x300.jpg",300,300,true],"woocommerce_single":["https:\/\/www.upspower-supply.com\/wp-content\/uploads\/2026\/03\/nobreak-1-10kva-1-600x536.jpg",600,536,true],"woocommerce_gallery_thumbnail":["https:\/\/www.upspower-supply.com\/wp-content\/uploads\/2026\/03\/nobreak-1-10kva-1-100x100.jpg",100,100,true]},"uagb_author_info":{"display_name":"Tyne Tingey","author_link":"https:\/\/www.upspower-supply.com\/es\/author\/"},"uagb_comment_info":1,"uagb_excerpt":"Nobreak 1\u201310kVA Uninterruptible Power Supply for Small Business is a high-performance online double-conversion UPS designed to provide reliable and clean power protection for critical equipment. Featuring advanced DSP digital control technology and flexible tower\/rack convertible design, it ensures stable power output against outages, voltage fluctuations, surges, and electrical disturbances, making it ideal for offices, IT&hellip;","_links":{"self":[{"href":"https:\/\/www.upspower-supply.com\/es\/wp-json\/wp\/v2\/product\/2155","targetHints":{"allow":["GET"]}}],"collection":[{"href":"https:\/\/www.upspower-supply.com\/es\/wp-json\/wp\/v2\/product"}],"about":[{"href":"https:\/\/www.upspower-supply.com\/es\/wp-json\/wp\/v2\/types\/product"}],"replies":[{"embeddable":true,"href":"https:\/\/www.upspower-supply.com\/es\/wp-json\/wp\/v2\/comments?post=2155"}],"wp:featuredmedia":[{"embeddable":true,"href":"https:\/\/www.upspower-supply.com\/es\/wp-json\/wp\/v2\/media\/2156"}],"wp:attachment":[{"href":"https:\/\/www.upspower-supply.com\/es\/wp-json\/wp\/v2\/media?parent=2155"}],"wp:term":[{"taxonomy":"product_brand","embeddable":true,"href":"https:\/\/www.upspower-supply.com\/es\/wp-json\/wp\/v2\/product_brand?post=2155"},{"taxonomy":"product_cat","embeddable":true,"href":"https:\/\/www.upspower-supply.com\/es\/wp-json\/wp\/v2\/product_cat?post=2155"},{"taxonomy":"product_tag","embeddable":true,"href":"https:\/\/www.upspower-supply.com\/es\/wp-json\/wp\/v2\/product_tag?post=2155"}],"curies":[{"name":"wp","href":"https:\/\/api.w.org\/{rel}","templated":true}]}}