{"id":2115,"date":"2026-02-17T00:48:43","date_gmt":"2026-02-17T00:48:43","guid":{"rendered":"https:\/\/www.upspower-supply.com\/?post_type=product&#038;p=2115"},"modified":"2026-02-17T01:17:06","modified_gmt":"2026-02-17T01:17:06","slug":"8kw-ip66-hybrid-solar-inverter-48v-3-phase","status":"publish","type":"product","link":"https:\/\/www.upspower-supply.com\/es\/producto\/8kw-ip66-hybrid-solar-inverter-48v-3-phase\/","title":{"rendered":"Inversor solar h\u00edbrido IP66 de 8 kW, 48 V, trif\u00e1sico"},"content":{"rendered":"<h2>Inversor solar h\u00edbrido IP66 de 8 kW, 48 V, trif\u00e1sico: conversi\u00f3n de energ\u00eda robusta y eficiente.<\/h2>\n<p>El <strong>Inversor solar h\u00edbrido IP66 de 8 kW, 48 V, trif\u00e1sico<\/strong> Es una soluci\u00f3n de conversi\u00f3n de energ\u00eda de alto rendimiento dise\u00f1ada para sistemas de energ\u00eda solar residenciales, comerciales e industriales. Fabricado con una robusta clasificaci\u00f3n de resistencia a la intemperie IP66, este inversor h\u00edbrido ofrece un rendimiento fiable en instalaciones exigentes tanto en interiores como en exteriores.<\/p>\n<p><img loading=\"lazy\" decoding=\"async\" class=\"alignnone wp-image-2122 size-full\" src=\"https:\/\/www.upspower-supply.com\/wp-content\/uploads\/2026\/02\/8kw-ip66-hybrid-solar-inverter-48v-3-phase-detail.jpg\" alt=\"Detalles del inversor solar h\u00edbrido de 8 kW IP66, 48 V, trif\u00e1sico\" width=\"540\" height=\"1080\" srcset=\"https:\/\/www.upspower-supply.com\/wp-content\/uploads\/2026\/02\/8kw-ip66-hybrid-solar-inverter-48v-3-phase-detail.jpg 540w, https:\/\/www.upspower-supply.com\/wp-content\/uploads\/2026\/02\/8kw-ip66-hybrid-solar-inverter-48v-3-phase-detail-150x300.jpg 150w, https:\/\/www.upspower-supply.com\/wp-content\/uploads\/2026\/02\/8kw-ip66-hybrid-solar-inverter-48v-3-phase-detail-512x1024.jpg 512w, https:\/\/www.upspower-supply.com\/wp-content\/uploads\/2026\/02\/8kw-ip66-hybrid-solar-inverter-48v-3-phase-detail-6x12.jpg 6w\" sizes=\"auto, (max-width: 540px) 100vw, 540px\" \/><\/p>\n<p>Gracias a su avanzada tecnolog\u00eda MPPT (Seguimiento del Punto de M\u00e1xima Potencia) y a su salida de onda sinusoidal pura, convierte eficientemente la energ\u00eda de CC proveniente de paneles solares y bater\u00edas en energ\u00eda de CA estable para cargas trif\u00e1sicas. Dise\u00f1ado para ofrecer flexibilidad, este inversor h\u00edbrido admite aplicaciones conectadas a la red, aisladas y de almacenamiento, minimizando al mismo tiempo la p\u00e9rdida de energ\u00eda.<\/p>\n<h3>Caracter\u00edsticas principales<\/h3>\n<ul>\n<li><strong>Inversor trif\u00e1sico<\/strong> \u2013 Salida de corriente alterna trif\u00e1sica estable y equilibrada para sistemas de alimentaci\u00f3n residenciales y comerciales.<\/li>\n<li><strong>M\u00faltiples opciones de alimentaci\u00f3n<\/strong> \u2013 Disponible en modelos de 8KW \/ 10KW \/ 12KW para adaptarse a diferentes capacidades del sistema.<\/li>\n<li><strong>Pantalla t\u00e1ctil LCD<\/strong> \u2013 Interfaz f\u00e1cil de usar para la monitorizaci\u00f3n en tiempo real y la configuraci\u00f3n sencilla del sistema.<\/li>\n<li><strong>Controlador solar MPPT dual<\/strong> \u2013 El seguimiento MPPT independiente mejora la eficiencia de la captaci\u00f3n de energ\u00eda en condiciones variables de luz solar.<\/li>\n<li><strong>Dise\u00f1o de protecci\u00f3n IP66<\/strong> \u2013 Carcasa a prueba de polvo y agua con una corriente de entrada m\u00e1xima de hasta 36 A para una instalaci\u00f3n fiable en exteriores.<\/li>\n<li><strong>Soporte para expansi\u00f3n paralela<\/strong> \u2013 Se pueden conectar hasta 6 unidades en paralelo para una expansi\u00f3n escalable del sistema.<\/li>\n<li><strong>200% Potencia m\u00e1xima fuera de la red<\/strong> \u2013 Admite una capacidad de sobrecarga del 200% de hasta 15 segundos, lo que garantiza un arranque estable de cargas pesadas.<\/li>\n<li><strong>Compatible con m\u00f3dulos de alta corriente de 18 A.<\/strong> \u2013 Adaptable a los paneles solares de alta corriente m\u00e1s comunes del mercado.<\/li>\n<li><strong>200% PV Relaci\u00f3n de sobreproporci\u00f3n<\/strong> \u2013 Permite conectar m\u00e1s m\u00f3dulos fotovoltaicos, lo que garantiza un excelente rendimiento fuera de la red el\u00e9ctrica y una carga de bater\u00eda m\u00e1s r\u00e1pida.<\/li>\n<\/ul>\n<h3><img loading=\"lazy\" decoding=\"async\" class=\"alignnone wp-image-2123 size-full\" src=\"https:\/\/www.upspower-supply.com\/wp-content\/uploads\/2026\/02\/8kw-ip66-hybrid-solar-inverter-48v-3-phase-solution.jpg\" alt=\"Inversor solar h\u00edbrido IP66 de 8 kW, 48 V, trif\u00e1sico\" width=\"1080\" height=\"434\" srcset=\"https:\/\/www.upspower-supply.com\/wp-content\/uploads\/2026\/02\/8kw-ip66-hybrid-solar-inverter-48v-3-phase-solution.jpg 1080w, https:\/\/www.upspower-supply.com\/wp-content\/uploads\/2026\/02\/8kw-ip66-hybrid-solar-inverter-48v-3-phase-solution-300x121.jpg 300w, https:\/\/www.upspower-supply.com\/wp-content\/uploads\/2026\/02\/8kw-ip66-hybrid-solar-inverter-48v-3-phase-solution-1024x411.jpg 1024w, https:\/\/www.upspower-supply.com\/wp-content\/uploads\/2026\/02\/8kw-ip66-hybrid-solar-inverter-48v-3-phase-solution-768x309.jpg 768w, https:\/\/www.upspower-supply.com\/wp-content\/uploads\/2026\/02\/8kw-ip66-hybrid-solar-inverter-48v-3-phase-solution-18x7.jpg 18w, https:\/\/www.upspower-supply.com\/wp-content\/uploads\/2026\/02\/8kw-ip66-hybrid-solar-inverter-48v-3-phase-solution-600x241.jpg 600w\" sizes=\"auto, (max-width: 1080px) 100vw, 1080px\" \/><\/h3>\n<h3>Aplicaciones<\/h3>\n<ul>\n<li>Instalaciones solares residenciales<\/li>\n<li>Sistemas de energ\u00eda solar comerciales y para f\u00e1bricas<\/li>\n<li>Soluciones energ\u00e9ticas h\u00edbridas y fuera de la red<\/li>\n<li>sistemas de almacenamiento de energ\u00eda (ESS)<\/li>\n<li>Aplicaciones de energ\u00eda agr\u00edcola y en zonas remotas<\/li>\n<\/ul>\n<h3>\u00bfPor qu\u00e9 elegir este inversor solar h\u00edbrido?<\/h3>\n<p>Este inversor h\u00edbrido de 8 kW combina durabilidad, eficiencia y adaptabilidad, lo que lo hace ideal para una amplia gama de aplicaciones solares. Su robusta carcasa IP66 garantiza un rendimiento duradero en instalaciones exteriores, mientras que la salida trif\u00e1sica permite una distribuci\u00f3n de energ\u00eda equilibrada en sistemas de mayor tama\u00f1o. Sus avanzadas funciones de monitorizaci\u00f3n y protecci\u00f3n ayudan a salvaguardar tanto el inversor como las cargas conectadas.<\/p>\n<p>&nbsp;<\/p>\n<table border=\"1\" width=\"100%\" cellspacing=\"0\" cellpadding=\"8\">\n<thead>\n<tr>\n<th>Nombre del modelo<\/th>\n<th>ACE-8KS48P3<\/th>\n<th>ACE-10KS48P3<\/th>\n<th>ACE-12KS48P3<\/th>\n<\/tr>\n<\/thead>\n<tbody><!-- Battery Input Data --><\/p>\n<tr>\n<td><strong>Tipo de bater\u00eda<\/strong><\/td>\n<td colspan=\"3\">Bater\u00eda de litio o de plomo-\u00e1cido<\/td>\n<\/tr>\n<tr>\n<td><strong>Voltaje nominal de la bater\u00eda<\/strong><\/td>\n<td colspan=\"3\">48V<\/td>\n<\/tr>\n<tr>\n<td><strong>Voltaje m\u00e1ximo de carga<\/strong><\/td>\n<td colspan=\"3\">\u226460V (Configurable)<\/td>\n<\/tr>\n<tr>\n<td><strong>Corriente m\u00e1xima de carga\/descarga<\/strong><\/td>\n<td>190A<\/td>\n<td>210A<\/td>\n<td>250A<\/td>\n<\/tr>\n<p><!-- PV Input Data --><\/p>\n<tr>\n<td><strong>Potencia m\u00e1xima de entrada de CC<\/strong><\/td>\n<td>16000W<\/td>\n<td>20000W<\/td>\n<td>24000W<\/td>\n<\/tr>\n<tr>\n<td><strong>Voltaje m\u00e1ximo de entrada de CC<\/strong><\/td>\n<td colspan=\"3\">1000 V<\/td>\n<\/tr>\n<tr>\n<td><strong>Rango de voltaje de funcionamiento del MPPT<\/strong><\/td>\n<td colspan=\"3\">200\u2013800 V<\/td>\n<\/tr>\n<tr>\n<td><strong>Voltaje de arranque<\/strong><\/td>\n<td colspan=\"3\">150V<\/td>\n<\/tr>\n<tr>\n<td><strong>Corriente de entrada m\u00e1xima<\/strong><\/td>\n<td>18\/18A<\/td>\n<td>36\/18A<\/td>\n<td>36\/18A<\/td>\n<\/tr>\n<tr>\n<td><strong>N\u00famero MPPT<\/strong><\/td>\n<td>2<\/td>\n<td>2<\/td>\n<td>2<\/td>\n<\/tr>\n<p><!-- AC Output (On-Grid) --><\/p>\n<tr>\n<td><strong>Potencia aparente de salida m\u00e1xima (conectada a la red)<\/strong><\/td>\n<td>8800 W<\/td>\n<td>11000W<\/td>\n<td>13200W<\/td>\n<\/tr>\n<tr>\n<td><strong>Tensi\u00f3n de salida nominal<\/strong><\/td>\n<td colspan=\"3\">380\/400 V<\/td>\n<\/tr>\n<tr>\n<td><strong>Frecuencia de salida nominal<\/strong><\/td>\n<td colspan=\"3\">50\/60 Hz<\/td>\n<\/tr>\n<tr>\n<td><strong>Corriente de salida m\u00e1xima (conectada a la red)<\/strong><\/td>\n<td>13.3A<\/td>\n<td>16.7A<\/td>\n<td>20A<\/td>\n<\/tr>\n<tr>\n<td><strong>Factor de potencia de salida<\/strong><\/td>\n<td colspan=\"3\">1 (-0,8 adelantado ~ +0,8 retrasado)<\/td>\n<\/tr>\n<p><!-- AC Output (Off-Grid) --><\/p>\n<tr>\n<td><strong>Potencia de salida nominal (fuera de la red)<\/strong><\/td>\n<td>8000 W<\/td>\n<td>10000W<\/td>\n<td>12000W<\/td>\n<\/tr>\n<tr>\n<td><strong>Potencia de salida m\u00e1xima<\/strong><\/td>\n<td colspan=\"3\">200% durante 15 segundos<\/td>\n<\/tr>\n<tr>\n<td><strong>Corriente de salida m\u00e1xima (fuera de la red)<\/strong><\/td>\n<td>13.3A<\/td>\n<td>16.7A<\/td>\n<td>20A<\/td>\n<\/tr>\n<p><!-- Efficiency --><\/p>\n<tr>\n<td><strong>M\u00e1xima eficiencia<\/strong><\/td>\n<td colspan=\"3\">98%<\/td>\n<\/tr>\n<tr>\n<td><strong>Eficiencia europea<\/strong><\/td>\n<td colspan=\"3\">97.5%<\/td>\n<\/tr>\n<p><!-- Protection --><\/p>\n<tr>\n<td><strong>Caracter\u00edsticas de protecci\u00f3n<\/strong><\/td>\n<td colspan=\"3\">Protecci\u00f3n contra polaridad inversa fotovoltaica, detecci\u00f3n de aislamiento, detecci\u00f3n de corriente residual,<br \/>\nProtecci\u00f3n contra sobrecorriente, protecci\u00f3n contra cortocircuitos, protecci\u00f3n contra sobretensi\u00f3n.<\/td>\n<\/tr>\n<p><!-- Basic Data --><\/p>\n<tr>\n<td><strong>Temperatura de funcionamiento<\/strong><\/td>\n<td colspan=\"3\">-25\u00b0C ~ 60\u00b0C<\/td>\n<\/tr>\n<tr>\n<td><strong>Temperatura de almacenamiento<\/strong><\/td>\n<td colspan=\"3\">-30\u00b0C ~ 65\u00b0C<\/td>\n<\/tr>\n<tr>\n<td><strong>Humedad relativa<\/strong><\/td>\n<td colspan=\"3\">0\u201395%<\/td>\n<\/tr>\n<tr>\n<td><strong>Altitud m\u00e1xima de trabajo<\/strong><\/td>\n<td colspan=\"3\">\u22644000 m<\/td>\n<\/tr>\n<tr>\n<td><strong>Enfriamiento<\/strong><\/td>\n<td colspan=\"3\">Refrigeraci\u00f3n por aire forzado inteligente<\/td>\n<\/tr>\n<tr>\n<td><strong>Ruido<\/strong><\/td>\n<td colspan=\"3\">&lt;55 dB<\/td>\n<\/tr>\n<tr>\n<td><strong>Peso<\/strong><\/td>\n<td colspan=\"3\">38 kg<\/td>\n<\/tr>\n<tr>\n<td><strong>Dimensiones (Ancho \u00d7 Alto \u00d7 Profundidad)<\/strong><\/td>\n<td colspan=\"3\">475 \u00d7 683 \u00d7 256 mm<\/td>\n<\/tr>\n<tr>\n<td><strong>Clase de protecci\u00f3n<\/strong><\/td>\n<td colspan=\"3\">IP66<\/td>\n<\/tr>\n<tr>\n<td><strong>Topolog\u00eda<\/strong><\/td>\n<td colspan=\"3\">Aislamiento de alta frecuencia (lado de la bater\u00eda)<\/td>\n<\/tr>\n<p><!-- Standards --><\/p>\n<tr>\n<td><strong>Norma de seguridad\/compatibilidad electromagn\u00e9tica<\/strong><\/td>\n<td colspan=\"3\">NB\/T32004-2018, IEC62109, IEC61000, IS16169 e IS16221 (BIS)<\/td>\n<\/tr>\n<tr>\n<td><strong>Est\u00e1ndar de red<\/strong><\/td>\n<td colspan=\"3\">IEC61727, EN50549-1, VDE-4105, NRS-097-2-1<\/td>\n<\/tr>\n<tr>\n<td><strong>Otras normas<\/strong><\/td>\n<td colspan=\"3\">IEC61683, IEC62116, EN50530, IEC60068<\/td>\n<\/tr>\n<\/tbody>\n<\/table>\n<p>Tanto si eres instalador de paneles solares, contratista EPC, mayorista o socio OEM, este inversor ofrece un rendimiento y una flexibilidad excepcionales.<\/p>\n<p><a href=\"https:\/\/www.upspower-supply.com\/es\/etiqueta-producto\/double-conversion-ups\/\" target=\"_blank\">fuente de alimentaci\u00f3n ininterrumpida de doble conversi\u00f3n en l\u00ednea<\/a><\/p>","protected":false},"excerpt":{"rendered":"<p>Inversor solar h\u00edbrido de alta eficiencia de 8 kW con clasificaci\u00f3n IP66, entrada de 48 V y salida trif\u00e1sica. Onda sinusoidal pura, dise\u00f1o para montaje en pared, ideal para sistemas de energ\u00eda residenciales, comerciales y aislados de la red. Fabricaci\u00f3n OEM disponible.<\/p>","protected":false},"featured_media":2116,"comment_status":"open","ping_status":"closed","template":"","meta":{"_acf_changed":false,"_uag_custom_page_level_css":"","site-sidebar-layout":"default","site-content-layout":"","ast-site-content-layout":"default","site-content-style":"default","site-sidebar-style":"default","ast-global-header-display":"","ast-banner-title-visibility":"","ast-main-header-display":"","ast-hfb-above-header-display":"","ast-hfb-below-header-display":"","ast-hfb-mobile-header-display":"","site-post-title":"","ast-breadcrumbs-content":"","ast-featured-img":"","footer-sml-layout":"","theme-transparent-header-meta":"default","adv-header-id-meta":"","stick-header-meta":"","header-above-stick-meta":"","header-main-stick-meta":"","header-below-stick-meta":"","astra-migrate-meta-layouts":"set","ast-page-background-enabled":"default","ast-page-background-meta":{"desktop":{"background-color":"var(--ast-global-color-4)","background-image":"","background-repeat":"repeat","background-position":"center center","background-size":"auto","background-attachment":"scroll","background-type":"","background-media":"","overlay-type":"","overlay-color":"","overlay-opacity":"","overlay-gradient":""},"tablet":{"background-color":"","background-image":"","background-repeat":"repeat","background-position":"center center","background-size":"auto","background-attachment":"scroll","background-type":"","background-media":"","overlay-type":"","overlay-color":"","overlay-opacity":"","overlay-gradient":""},"mobile":{"background-color":"","background-image":"","background-repeat":"repeat","background-position":"center center","background-size":"auto","background-attachment":"scroll","background-type":"","background-media":"","overlay-type":"","overlay-color":"","overlay-opacity":"","overlay-gradient":""}},"ast-content-background-meta":{"desktop":{"background-color":"var(--ast-global-color-5)","background-image":"","background-repeat":"repeat","background-position":"center center","background-size":"auto","background-attachment":"scroll","background-type":"","background-media":"","overlay-type":"","overlay-color":"","overlay-opacity":"","overlay-gradient":""},"tablet":{"background-color":"var(--ast-global-color-5)","background-image":"","background-repeat":"repeat","background-position":"center center","background-size":"auto","background-attachment":"scroll","background-type":"","background-media":"","overlay-type":"","overlay-color":"","overlay-opacity":"","overlay-gradient":""},"mobile":{"background-color":"var(--ast-global-color-5)","background-image":"","background-repeat":"repeat","background-position":"center center","background-size":"auto","background-attachment":"scroll","background-type":"","background-media":"","overlay-type":"","overlay-color":"","overlay-opacity":"","overlay-gradient":""}}},"product_brand":[],"product_cat":[48],"product_tag":[],"class_list":{"0":"post-2115","1":"product","2":"type-product","3":"status-publish","4":"has-post-thumbnail","6":"product_cat-solar-inverter","7":"desktop-align-left","8":"tablet-align-left","9":"mobile-align-left","11":"first","12":"instock","13":"shipping-taxable","14":"product-type-simple"},"acf":[],"yoast_head":"<!-- This site is optimized with the Yoast SEO plugin v25.0 - https:\/\/yoast.com\/wordpress\/plugins\/seo\/ -->\n<title>8KW IP66 Hybrid Solar Inverter 48V 3-Phase - UPS power supply<\/title>\n<meta name=\"description\" content=\"8KW IP66 Hybrid Solar Inverter 48V 3-Phase with 98% efficiency, dual MPPT, 16000W PV input, and on\/off-grid support. Compatible with lithium &amp; lead-acid batteries. Ideal for commercial and industrial solar systems.\" \/>\n<meta name=\"robots\" content=\"index, follow, max-snippet:-1, max-image-preview:large, max-video-preview:-1\" \/>\n<link rel=\"canonical\" href=\"https:\/\/www.upspower-supply.com\/es\/producto\/8kw-ip66-hybrid-solar-inverter-48v-3-phase\/\" \/>\n<meta property=\"og:locale\" content=\"es_ES\" \/>\n<meta property=\"og:type\" content=\"article\" \/>\n<meta property=\"og:title\" content=\"8KW IP66 Hybrid Solar Inverter 48V 3-Phase - UPS power supply\" \/>\n<meta property=\"og:description\" content=\"8KW IP66 Hybrid Solar Inverter 48V 3-Phase with 98% efficiency, dual MPPT, 16000W PV input, and on\/off-grid support. Compatible with lithium &amp; lead-acid batteries. Ideal for commercial and industrial solar systems.\" \/>\n<meta property=\"og:url\" content=\"https:\/\/www.upspower-supply.com\/es\/producto\/8kw-ip66-hybrid-solar-inverter-48v-3-phase\/\" \/>\n<meta property=\"og:site_name\" content=\"UPS power supply\" \/>\n<meta property=\"article:modified_time\" content=\"2026-02-17T01:17:06+00:00\" \/>\n<meta property=\"og:image\" content=\"https:\/\/www.upspower-supply.com\/wp-content\/uploads\/2026\/02\/8kw-ip66-hybrid-solar-inverter-48v-3-phase-1.jpg\" \/>\n\t<meta property=\"og:image:width\" content=\"1000\" \/>\n\t<meta property=\"og:image:height\" content=\"1000\" \/>\n\t<meta property=\"og:image:type\" content=\"image\/jpeg\" \/>\n<meta name=\"twitter:card\" content=\"summary_large_image\" \/>\n<meta name=\"twitter:label1\" content=\"Tiempo de lectura\" \/>\n\t<meta name=\"twitter:data1\" content=\"3 minutos\" \/>\n<script type=\"application\/ld+json\" class=\"yoast-schema-graph\">{\"@context\":\"https:\/\/schema.org\",\"@graph\":[{\"@type\":\"WebPage\",\"@id\":\"https:\/\/www.upspower-supply.com\/product\/8kw-ip66-hybrid-solar-inverter-48v-3-phase\/\",\"url\":\"https:\/\/www.upspower-supply.com\/product\/8kw-ip66-hybrid-solar-inverter-48v-3-phase\/\",\"name\":\"8KW IP66 Hybrid Solar Inverter 48V 3-Phase - UPS power supply\",\"isPartOf\":{\"@id\":\"https:\/\/www.upspower-supply.com\/#website\"},\"primaryImageOfPage\":{\"@id\":\"https:\/\/www.upspower-supply.com\/product\/8kw-ip66-hybrid-solar-inverter-48v-3-phase\/#primaryimage\"},\"image\":{\"@id\":\"https:\/\/www.upspower-supply.com\/product\/8kw-ip66-hybrid-solar-inverter-48v-3-phase\/#primaryimage\"},\"thumbnailUrl\":\"https:\/\/www.upspower-supply.com\/wp-content\/uploads\/2026\/02\/8kw-ip66-hybrid-solar-inverter-48v-3-phase-1.jpg\",\"datePublished\":\"2026-02-17T00:48:43+00:00\",\"dateModified\":\"2026-02-17T01:17:06+00:00\",\"description\":\"8KW IP66 Hybrid Solar Inverter 48V 3-Phase with 98% efficiency, dual MPPT, 16000W PV input, and on\/off-grid support. Compatible with lithium & lead-acid batteries. Ideal for commercial and industrial solar systems.\",\"breadcrumb\":{\"@id\":\"https:\/\/www.upspower-supply.com\/product\/8kw-ip66-hybrid-solar-inverter-48v-3-phase\/#breadcrumb\"},\"inLanguage\":\"es\",\"potentialAction\":[{\"@type\":\"ReadAction\",\"target\":[\"https:\/\/www.upspower-supply.com\/product\/8kw-ip66-hybrid-solar-inverter-48v-3-phase\/\"]}]},{\"@type\":\"ImageObject\",\"inLanguage\":\"es\",\"@id\":\"https:\/\/www.upspower-supply.com\/product\/8kw-ip66-hybrid-solar-inverter-48v-3-phase\/#primaryimage\",\"url\":\"https:\/\/www.upspower-supply.com\/wp-content\/uploads\/2026\/02\/8kw-ip66-hybrid-solar-inverter-48v-3-phase-1.jpg\",\"contentUrl\":\"https:\/\/www.upspower-supply.com\/wp-content\/uploads\/2026\/02\/8kw-ip66-hybrid-solar-inverter-48v-3-phase-1.jpg\",\"width\":1000,\"height\":1000,\"caption\":\"8KW IP66 Hybrid Solar Inverter 48V 3-Phase\"},{\"@type\":\"BreadcrumbList\",\"@id\":\"https:\/\/www.upspower-supply.com\/product\/8kw-ip66-hybrid-solar-inverter-48v-3-phase\/#breadcrumb\",\"itemListElement\":[{\"@type\":\"ListItem\",\"position\":1,\"name\":\"Home\",\"item\":\"https:\/\/www.upspower-supply.com\/\"},{\"@type\":\"ListItem\",\"position\":2,\"name\":\"Shop\",\"item\":\"https:\/\/www.upspower-supply.com\/shop\/\"},{\"@type\":\"ListItem\",\"position\":3,\"name\":\"8KW IP66 Hybrid Solar Inverter 48V 3-Phase\"}]},{\"@type\":\"WebSite\",\"@id\":\"https:\/\/www.upspower-supply.com\/#website\",\"url\":\"https:\/\/www.upspower-supply.com\/\",\"name\":\"UPS power supply\",\"description\":\"\",\"potentialAction\":[{\"@type\":\"SearchAction\",\"target\":{\"@type\":\"EntryPoint\",\"urlTemplate\":\"https:\/\/www.upspower-supply.com\/?s={search_term_string}\"},\"query-input\":{\"@type\":\"PropertyValueSpecification\",\"valueRequired\":true,\"valueName\":\"search_term_string\"}}],\"inLanguage\":\"es\"}]}<\/script>\n<!-- \/ Yoast SEO plugin. -->","yoast_head_json":{"title":"8KW IP66 Hybrid Solar Inverter 48V 3-Phase - UPS power supply","description":"8KW IP66 Hybrid Solar Inverter 48V 3-Phase with 98% efficiency, dual MPPT, 16000W PV input, and on\/off-grid support. Compatible with lithium & lead-acid batteries. Ideal for commercial and industrial solar systems.","robots":{"index":"index","follow":"follow","max-snippet":"max-snippet:-1","max-image-preview":"max-image-preview:large","max-video-preview":"max-video-preview:-1"},"canonical":"https:\/\/www.upspower-supply.com\/es\/producto\/8kw-ip66-hybrid-solar-inverter-48v-3-phase\/","og_locale":"es_ES","og_type":"article","og_title":"8KW IP66 Hybrid Solar Inverter 48V 3-Phase - UPS power supply","og_description":"8KW IP66 Hybrid Solar Inverter 48V 3-Phase with 98% efficiency, dual MPPT, 16000W PV input, and on\/off-grid support. Compatible with lithium & lead-acid batteries. Ideal for commercial and industrial solar systems.","og_url":"https:\/\/www.upspower-supply.com\/es\/producto\/8kw-ip66-hybrid-solar-inverter-48v-3-phase\/","og_site_name":"UPS power supply","article_modified_time":"2026-02-17T01:17:06+00:00","og_image":[{"width":1000,"height":1000,"url":"https:\/\/www.upspower-supply.com\/wp-content\/uploads\/2026\/02\/8kw-ip66-hybrid-solar-inverter-48v-3-phase-1.jpg","type":"image\/jpeg"}],"twitter_card":"summary_large_image","twitter_misc":{"Tiempo de lectura":"3 minutos"},"schema":{"@context":"https:\/\/schema.org","@graph":[{"@type":"WebPage","@id":"https:\/\/www.upspower-supply.com\/product\/8kw-ip66-hybrid-solar-inverter-48v-3-phase\/","url":"https:\/\/www.upspower-supply.com\/product\/8kw-ip66-hybrid-solar-inverter-48v-3-phase\/","name":"8KW IP66 Hybrid Solar Inverter 48V 3-Phase - UPS power supply","isPartOf":{"@id":"https:\/\/www.upspower-supply.com\/#website"},"primaryImageOfPage":{"@id":"https:\/\/www.upspower-supply.com\/product\/8kw-ip66-hybrid-solar-inverter-48v-3-phase\/#primaryimage"},"image":{"@id":"https:\/\/www.upspower-supply.com\/product\/8kw-ip66-hybrid-solar-inverter-48v-3-phase\/#primaryimage"},"thumbnailUrl":"https:\/\/www.upspower-supply.com\/wp-content\/uploads\/2026\/02\/8kw-ip66-hybrid-solar-inverter-48v-3-phase-1.jpg","datePublished":"2026-02-17T00:48:43+00:00","dateModified":"2026-02-17T01:17:06+00:00","description":"8KW IP66 Hybrid Solar Inverter 48V 3-Phase with 98% efficiency, dual MPPT, 16000W PV input, and on\/off-grid support. Compatible with lithium & lead-acid batteries. Ideal for commercial and industrial solar systems.","breadcrumb":{"@id":"https:\/\/www.upspower-supply.com\/product\/8kw-ip66-hybrid-solar-inverter-48v-3-phase\/#breadcrumb"},"inLanguage":"es","potentialAction":[{"@type":"ReadAction","target":["https:\/\/www.upspower-supply.com\/product\/8kw-ip66-hybrid-solar-inverter-48v-3-phase\/"]}]},{"@type":"ImageObject","inLanguage":"es","@id":"https:\/\/www.upspower-supply.com\/product\/8kw-ip66-hybrid-solar-inverter-48v-3-phase\/#primaryimage","url":"https:\/\/www.upspower-supply.com\/wp-content\/uploads\/2026\/02\/8kw-ip66-hybrid-solar-inverter-48v-3-phase-1.jpg","contentUrl":"https:\/\/www.upspower-supply.com\/wp-content\/uploads\/2026\/02\/8kw-ip66-hybrid-solar-inverter-48v-3-phase-1.jpg","width":1000,"height":1000,"caption":"8KW IP66 Hybrid Solar Inverter 48V 3-Phase"},{"@type":"BreadcrumbList","@id":"https:\/\/www.upspower-supply.com\/product\/8kw-ip66-hybrid-solar-inverter-48v-3-phase\/#breadcrumb","itemListElement":[{"@type":"ListItem","position":1,"name":"Home","item":"https:\/\/www.upspower-supply.com\/"},{"@type":"ListItem","position":2,"name":"Shop","item":"https:\/\/www.upspower-supply.com\/shop\/"},{"@type":"ListItem","position":3,"name":"8KW IP66 Hybrid Solar Inverter 48V 3-Phase"}]},{"@type":"WebSite","@id":"https:\/\/www.upspower-supply.com\/#website","url":"https:\/\/www.upspower-supply.com\/","name":"UPS power supply","description":"","potentialAction":[{"@type":"SearchAction","target":{"@type":"EntryPoint","urlTemplate":"https:\/\/www.upspower-supply.com\/?s={search_term_string}"},"query-input":{"@type":"PropertyValueSpecification","valueRequired":true,"valueName":"search_term_string"}}],"inLanguage":"es"}]}},"uagb_featured_image_src":{"full":["https:\/\/www.upspower-supply.com\/wp-content\/uploads\/2026\/02\/8kw-ip66-hybrid-solar-inverter-48v-3-phase-1.jpg",1000,1000,false],"thumbnail":["https:\/\/www.upspower-supply.com\/wp-content\/uploads\/2026\/02\/8kw-ip66-hybrid-solar-inverter-48v-3-phase-1-150x150.jpg",150,150,true],"medium":["https:\/\/www.upspower-supply.com\/wp-content\/uploads\/2026\/02\/8kw-ip66-hybrid-solar-inverter-48v-3-phase-1-300x300.jpg",300,300,true],"medium_large":["https:\/\/www.upspower-supply.com\/wp-content\/uploads\/2026\/02\/8kw-ip66-hybrid-solar-inverter-48v-3-phase-1-768x768.jpg",768,768,true],"large":["https:\/\/www.upspower-supply.com\/wp-content\/uploads\/2026\/02\/8kw-ip66-hybrid-solar-inverter-48v-3-phase-1.jpg",1000,1000,false],"1536x1536":["https:\/\/www.upspower-supply.com\/wp-content\/uploads\/2026\/02\/8kw-ip66-hybrid-solar-inverter-48v-3-phase-1.jpg",1000,1000,false],"2048x2048":["https:\/\/www.upspower-supply.com\/wp-content\/uploads\/2026\/02\/8kw-ip66-hybrid-solar-inverter-48v-3-phase-1.jpg",1000,1000,false],"trp-custom-language-flag":["https:\/\/www.upspower-supply.com\/wp-content\/uploads\/2026\/02\/8kw-ip66-hybrid-solar-inverter-48v-3-phase-1-12x12.jpg",12,12,true],"woocommerce_thumbnail":["https:\/\/www.upspower-supply.com\/wp-content\/uploads\/2026\/02\/8kw-ip66-hybrid-solar-inverter-48v-3-phase-1-300x300.jpg",300,300,true],"woocommerce_single":["https:\/\/www.upspower-supply.com\/wp-content\/uploads\/2026\/02\/8kw-ip66-hybrid-solar-inverter-48v-3-phase-1-600x600.jpg",600,600,true],"woocommerce_gallery_thumbnail":["https:\/\/www.upspower-supply.com\/wp-content\/uploads\/2026\/02\/8kw-ip66-hybrid-solar-inverter-48v-3-phase-1-100x100.jpg",100,100,true]},"uagb_author_info":{"display_name":"Tyne Tingey","author_link":"https:\/\/www.upspower-supply.com\/es\/author\/"},"uagb_comment_info":0,"uagb_excerpt":"High-efficiency 8KW IP66 Hybrid Solar Inverter with 48V input and 3-phase output. Pure sine wave, wall-mounted design perfect for residential, commercial, and off-grid power systems. OEM available.","_links":{"self":[{"href":"https:\/\/www.upspower-supply.com\/es\/wp-json\/wp\/v2\/product\/2115","targetHints":{"allow":["GET"]}}],"collection":[{"href":"https:\/\/www.upspower-supply.com\/es\/wp-json\/wp\/v2\/product"}],"about":[{"href":"https:\/\/www.upspower-supply.com\/es\/wp-json\/wp\/v2\/types\/product"}],"replies":[{"embeddable":true,"href":"https:\/\/www.upspower-supply.com\/es\/wp-json\/wp\/v2\/comments?post=2115"}],"wp:featuredmedia":[{"embeddable":true,"href":"https:\/\/www.upspower-supply.com\/es\/wp-json\/wp\/v2\/media\/2116"}],"wp:attachment":[{"href":"https:\/\/www.upspower-supply.com\/es\/wp-json\/wp\/v2\/media?parent=2115"}],"wp:term":[{"taxonomy":"product_brand","embeddable":true,"href":"https:\/\/www.upspower-supply.com\/es\/wp-json\/wp\/v2\/product_brand?post=2115"},{"taxonomy":"product_cat","embeddable":true,"href":"https:\/\/www.upspower-supply.com\/es\/wp-json\/wp\/v2\/product_cat?post=2115"},{"taxonomy":"product_tag","embeddable":true,"href":"https:\/\/www.upspower-supply.com\/es\/wp-json\/wp\/v2\/product_tag?post=2115"}],"curies":[{"name":"wp","href":"https:\/\/api.w.org\/{rel}","templated":true}]}}