{"id":1997,"date":"2025-12-23T03:55:12","date_gmt":"2025-12-23T03:55:12","guid":{"rendered":"https:\/\/www.upspower-supply.com\/?post_type=product&#038;p=1997"},"modified":"2025-12-23T05:12:34","modified_gmt":"2025-12-23T05:12:34","slug":"true-online-ups-10-300-kva","status":"publish","type":"product","link":"https:\/\/www.upspower-supply.com\/es\/producto\/true-online-ups-10-300-kva\/","title":{"rendered":"Verdadero UPS en l\u00ednea de 10 a 300 KVA"},"content":{"rendered":"<p>Las salas de servidores modernas albergan infraestructura inform\u00e1tica cr\u00edtica, como servidores, equipos de red y sistemas de alimentaci\u00f3n y refrigeraci\u00f3n. Dependiendo de la escala operativa, una sala de servidores puede contener desde unos pocos racks hasta cientos de servidores, todos organizados de forma segura dentro de armarios de rack para garantizar la eficiencia, la seguridad y la facilidad de mantenimiento. Estos servidores suelen funcionar sin pantallas ni dispositivos de entrada locales y se supervisan y gestionan de forma remota desde ubicaciones de control centralizadas.<\/p>\n<p>A medida que las demandas inform\u00e1ticas siguen creciendo, los requisitos de energ\u00eda de las salas de servidores se vuelven cada vez m\u00e1s complejos y cr\u00edticos. Para mantener un funcionamiento ininterrumpido y proteger los equipos sensibles de las interrupciones del suministro el\u00e9ctrico, es esencial contar con un sistema de alimentaci\u00f3n ininterrumpida (SAI) fiable. Para aplicaciones de salas de servidores de tama\u00f1o mediano a grande, un <strong>UPS en l\u00ednea verdadero de doble conversi\u00f3n<\/strong> en el rango de 10 a 300 kVA es la soluci\u00f3n preferida, ya que proporciona energ\u00eda continua y limpia, tiempo de transferencia cero y m\u00e1xima protecci\u00f3n para entornos de TI de misi\u00f3n cr\u00edtica.<\/p>\n<p>&nbsp;<\/p>\n<p>&nbsp;<\/p>\n<h3>Caracter\u00edstica<\/h3>\n<p>En un SAI de doble conversi\u00f3n en l\u00ednea, el inversor funciona continuamente para suministrar energ\u00eda limpia, estable y fiable en todo momento. Este dise\u00f1o garantiza el aislamiento completo de la carga conectada frente a las perturbaciones de la red el\u00e9ctrica, lo que lo hace ideal para aplicaciones donde la disponibilidad ininterrumpida es crucial.<\/p>\n<p>Al convertir la corriente alterna (CA) entrante en CC mediante un rectificador y luego de vuelta a CA mediante el inversor, el SAI proporciona una regulaci\u00f3n precisa del voltaje, una frecuencia de salida estable y una protecci\u00f3n eficaz contra sobretensiones, ca\u00eddas de tensi\u00f3n, arm\u00f3nicos y ruido el\u00e9ctrico. En caso de un fallo de la red el\u00e9ctrica, el sistema extrae energ\u00eda de la bater\u00eda sin interrupciones, sin demoras en la transferencia, lo que garantiza un suministro de energ\u00eda ininterrumpido a los equipos cr\u00edticos.<\/p>\n<div class=\"ups-features grid gap-6 md:grid-cols-2 lg:grid-cols-3\">\n<div class=\"feature-card border rounded-lg p-4 shadow-sm\">\n<div class=\"feature-title font-semibold text-lg mb-2\">Doble conversi\u00f3n online real<\/div>\n<div class=\"feature-desc text-gray-700\">Proporciona alimentaci\u00f3n continua en l\u00ednea con tiempo de transferencia cero. La tecnolog\u00eda DSP garantiza la m\u00e1xima fiabilidad y una salida estable para equipos cr\u00edticos.<\/div>\n<\/div>\n<div class=\"feature-card border rounded-lg p-4 shadow-sm\">\n<div class=\"feature-title font-semibold text-lg mb-2\">Dise\u00f1o de transformadores de aislamiento galv\u00e1nico<\/div>\n<div class=\"feature-desc text-gray-700\">El transformador de aislamiento incorporado proporciona un verdadero aislamiento galv\u00e1nico, protegiendo las cargas sensibles de perturbaciones el\u00e9ctricas.<\/div>\n<\/div>\n<div class=\"feature-card border rounded-lg p-4 shadow-sm\">\n<div class=\"feature-title font-semibold text-lg mb-2\">Capacidad paralela de hasta 4 unidades<\/div>\n<div class=\"feature-desc text-gray-700\">Admite configuraci\u00f3n paralela y redundante para mejorar la confiabilidad y escalabilidad general del sistema.<\/div>\n<\/div>\n<div class=\"feature-card border rounded-lg p-4 shadow-sm\">\n<div class=\"feature-title font-semibold text-lg mb-2\">Dise\u00f1ado para soportar todo tipo de carga<\/div>\n<div class=\"feature-desc text-gray-700\">Dise\u00f1o de grado industrial adecuado para todo tipo de cargas, garantizando un rendimiento constante en variadas condiciones de funcionamiento.<\/div>\n<\/div>\n<div class=\"feature-card border rounded-lg p-4 shadow-sm\">\n<div class=\"feature-title font-semibold text-lg mb-2\">M\u00faltiples puertos de comunicaci\u00f3n<\/div>\n<div class=\"feature-desc text-gray-700\">Equipado con Modbus RS232\/RS485, contactos secos y ranuras de expansi\u00f3n para una c\u00f3moda monitorizaci\u00f3n y gesti\u00f3n local y remota.<\/div>\n<\/div>\n<\/div>\n<p>&nbsp;<\/p>\n<p>&nbsp;<\/p>\n<div class=\"overflow-x-auto\">\n<table class=\"w-full border border-gray-200 text-sm text-left\">\n<tbody class=\"divide-y divide-gray-200\">\n<tr>\n<th class=\"w-1\/3 bg-gray-50 px-4 py-3 font-medium text-gray-700\">Modelo<\/th>\n<td class=\"px-4 py-3\">LFL300<\/td>\n<\/tr>\n<tr>\n<th class=\"bg-gray-50 px-4 py-3 font-medium text-gray-700\">Fuerza<\/th>\n<td class=\"px-4 py-3\">10\u2013300 kVA<\/td>\n<\/tr>\n<tr>\n<th class=\"bg-gray-50 px-4 py-3 font-medium text-gray-700\">Rango de voltaje de entrada<\/th>\n<td class=\"px-4 py-3\">380 VCA \u00b125% (personalizable)<\/td>\n<\/tr>\n<tr>\n<th class=\"bg-gray-50 px-4 py-3 font-medium text-gray-700\">Voltaje de salida<\/th>\n<td class=\"px-4 py-3\">380 VCA \u00b11% (personalizable)<\/td>\n<\/tr>\n<tr>\n<th class=\"bg-gray-50 px-4 py-3 font-medium text-gray-700\">Configuraci\u00f3n de fase<\/th>\n<td class=\"px-4 py-3\">Entrada trif\u00e1sica \/ Salida trif\u00e1sica<\/td>\n<\/tr>\n<tr>\n<th class=\"bg-gray-50 px-4 py-3 font-medium text-gray-700\">Forma de onda de salida<\/th>\n<td class=\"px-4 py-3\">Onda sinusoidal pura<\/td>\n<\/tr>\n<tr>\n<th class=\"bg-gray-50 px-4 py-3 font-medium text-gray-700\">Frecuencia de trabajo<\/th>\n<td class=\"px-4 py-3\">50\/60 Hz<\/td>\n<\/tr>\n<tr>\n<th class=\"bg-gray-50 px-4 py-3 font-medium text-gray-700\">Tiempo de transferencia<\/th>\n<td class=\"px-4 py-3\">0 ms<\/td>\n<\/tr>\n<tr>\n<th class=\"bg-gray-50 px-4 py-3 font-medium text-gray-700\">Tipo de bater\u00eda<\/th>\n<td class=\"px-4 py-3\">Bater\u00eda de plomo-\u00e1cido sellada<\/td>\n<\/tr>\n<tr>\n<th class=\"bg-gray-50 px-4 py-3 font-medium text-gray-700\">Voltaje de la bater\u00eda<\/th>\n<td class=\"px-4 py-3\">384 VCC (ajustable)<\/td>\n<\/tr>\n<tr>\n<th class=\"bg-gray-50 px-4 py-3 font-medium text-gray-700\">Tiempo de respaldo<\/th>\n<td class=\"px-4 py-3\">Personalizable<\/td>\n<\/tr>\n<tr>\n<th class=\"bg-gray-50 px-4 py-3 font-medium text-gray-700\">Protecciones<\/th>\n<td class=\"px-4 py-3\">Protecci\u00f3n electr\u00f3nica contra cortocircuitos, limitaci\u00f3n de corriente a 1,3\u00d7 corriente nominal<\/td>\n<\/tr>\n<tr>\n<th class=\"bg-gray-50 px-4 py-3 font-medium text-gray-700\">Capacidad de sobrecarga<\/th>\n<td class=\"px-4 py-3\">110% durante 10 min; 125% durante 3 min; 150% durante 1 min<\/td>\n<\/tr>\n<tr>\n<th class=\"bg-gray-50 px-4 py-3 font-medium text-gray-700\">Indicadores LED<\/th>\n<td class=\"px-4 py-3\">Entrada, inversor, bypass, estado de la bater\u00eda<\/td>\n<\/tr>\n<tr>\n<th class=\"bg-gray-50 px-4 py-3 font-medium text-gray-700\">Pantalla LCD<\/th>\n<td class=\"px-4 py-3\">Voltaje de entrada\/salida, frecuencia, voltaje de la bater\u00eda, porcentaje de carga, temperatura<\/td>\n<\/tr>\n<tr>\n<th class=\"bg-gray-50 px-4 py-3 font-medium text-gray-700\">Distorsi\u00f3n de la forma de onda<\/th>\n<td class=\"px-4 py-3\">\u22643% (carga lineal), \u22645% (carga no lineal)<\/td>\n<\/tr>\n<tr>\n<th class=\"bg-gray-50 px-4 py-3 font-medium text-gray-700\">Temperatura de trabajo<\/th>\n<td class=\"px-4 py-3\">0\u00b0C a +45\u00b0C<\/td>\n<\/tr>\n<tr>\n<th class=\"bg-gray-50 px-4 py-3 font-medium text-gray-700\">Temperatura de almacenamiento<\/th>\n<td class=\"px-4 py-3\">-25\u00b0C a +55\u00b0C<\/td>\n<\/tr>\n<tr>\n<th class=\"bg-gray-50 px-4 py-3 font-medium text-gray-700\">Humedad relativa<\/th>\n<td class=\"px-4 py-3\">0\u201395% (sin condensaci\u00f3n)<\/td>\n<\/tr>\n<tr>\n<th class=\"bg-gray-50 px-4 py-3 font-medium text-gray-700\">Altitud<\/th>\n<td class=\"px-4 py-3\">\u2264 1000 metros<\/td>\n<\/tr>\n<tr>\n<th class=\"bg-gray-50 px-4 py-3 font-medium text-gray-700\">Nivel de ruido<\/th>\n<td class=\"px-4 py-3\">&lt;50 dB<\/td>\n<\/tr>\n<tr>\n<th class=\"bg-gray-50 px-4 py-3 font-medium text-gray-700\">Interfaces de comunicaci\u00f3n<\/th>\n<td class=\"px-4 py-3\">RS485, RS232, USB, contacto seco, ranura para tarjeta de expansi\u00f3n inteligente<\/td>\n<\/tr>\n<tr>\n<th class=\"bg-gray-50 px-4 py-3 font-medium text-gray-700\">Normas<\/th>\n<td class=\"px-4 py-3\">IEC 62040-1<\/td>\n<\/tr>\n<tr>\n<th class=\"bg-gray-50 px-4 py-3 font-medium text-gray-700\">Clasificaci\u00f3n IP<\/th>\n<td class=\"px-4 py-3\">IP20<\/td>\n<\/tr>\n<\/tbody>\n<\/table>\n<\/div>","protected":false},"excerpt":{"rendered":"<p>Potencia nominal: 10KVA-300KVA<br \/>\nVoltaje de entrada: 380\/400 VCA, etc.<br \/>\nVoltaje de salida: 380\/400 VCA, etc.<br \/>\nCantidad m\u00ednima de pedido: 1 juego\/pieza<br \/>\nServicio OEM y ODM: Disponible<br \/>\nEmbalaje: Caja de madera contrachapada<\/p>","protected":false},"featured_media":1998,"comment_status":"open","ping_status":"closed","template":"","meta":{"_acf_changed":false,"_uag_custom_page_level_css":"","site-sidebar-layout":"default","site-content-layout":"","ast-site-content-layout":"default","site-content-style":"default","site-sidebar-style":"default","ast-global-header-display":"","ast-banner-title-visibility":"","ast-main-header-display":"","ast-hfb-above-header-display":"","ast-hfb-below-header-display":"","ast-hfb-mobile-header-display":"","site-post-title":"","ast-breadcrumbs-content":"","ast-featured-img":"","footer-sml-layout":"","theme-transparent-header-meta":"default","adv-header-id-meta":"","stick-header-meta":"","header-above-stick-meta":"","header-main-stick-meta":"","header-below-stick-meta":"","astra-migrate-meta-layouts":"set","ast-page-background-enabled":"default","ast-page-background-meta":{"desktop":{"background-color":"var(--ast-global-color-4)","background-image":"","background-repeat":"repeat","background-position":"center center","background-size":"auto","background-attachment":"scroll","background-type":"","background-media":"","overlay-type":"","overlay-color":"","overlay-opacity":"","overlay-gradient":""},"tablet":{"background-color":"","background-image":"","background-repeat":"repeat","background-position":"center center","background-size":"auto","background-attachment":"scroll","background-type":"","background-media":"","overlay-type":"","overlay-color":"","overlay-opacity":"","overlay-gradient":""},"mobile":{"background-color":"","background-image":"","background-repeat":"repeat","background-position":"center center","background-size":"auto","background-attachment":"scroll","background-type":"","background-media":"","overlay-type":"","overlay-color":"","overlay-opacity":"","overlay-gradient":""}},"ast-content-background-meta":{"desktop":{"background-color":"var(--ast-global-color-5)","background-image":"","background-repeat":"repeat","background-position":"center center","background-size":"auto","background-attachment":"scroll","background-type":"","background-media":"","overlay-type":"","overlay-color":"","overlay-opacity":"","overlay-gradient":""},"tablet":{"background-color":"var(--ast-global-color-5)","background-image":"","background-repeat":"repeat","background-position":"center center","background-size":"auto","background-attachment":"scroll","background-type":"","background-media":"","overlay-type":"","overlay-color":"","overlay-opacity":"","overlay-gradient":""},"mobile":{"background-color":"var(--ast-global-color-5)","background-image":"","background-repeat":"repeat","background-position":"center center","background-size":"auto","background-attachment":"scroll","background-type":"","background-media":"","overlay-type":"","overlay-color":"","overlay-opacity":"","overlay-gradient":""}}},"product_brand":[],"product_cat":[26],"product_tag":[46,36],"class_list":{"0":"post-1997","1":"product","2":"type-product","3":"status-publish","4":"has-post-thumbnail","6":"product_cat-online-ups","7":"product_tag-double-conversion-ups","8":"product_tag-pure-sine-wave-ups","9":"desktop-align-left","10":"tablet-align-left","11":"mobile-align-left","13":"first","14":"instock","15":"shipping-taxable","16":"product-type-simple"},"acf":[],"yoast_head":"<!-- This site is optimized with the Yoast SEO plugin v25.0 - https:\/\/yoast.com\/wordpress\/plugins\/seo\/ -->\n<title>True Online UPS 10 - 300 KVA - UPS power supply<\/title>\n<meta name=\"robots\" content=\"index, follow, max-snippet:-1, max-image-preview:large, max-video-preview:-1\" \/>\n<link rel=\"canonical\" href=\"https:\/\/www.upspower-supply.com\/es\/producto\/true-online-ups-10-300-kva\/\" \/>\n<meta property=\"og:locale\" content=\"es_ES\" \/>\n<meta property=\"og:type\" content=\"article\" \/>\n<meta property=\"og:title\" content=\"True Online UPS 10 - 300 KVA - UPS power supply\" \/>\n<meta property=\"og:description\" content=\"Rated Power: 10KVA-300KVA Input Voltage: 380\/400VAC, etc Output Voltage: 380\/400VAC, etc MOQ: 1 Set\/Piece OEM &amp; ODM Service: Available Packaging: Plywood Case\" \/>\n<meta property=\"og:url\" content=\"https:\/\/www.upspower-supply.com\/es\/producto\/true-online-ups-10-300-kva\/\" \/>\n<meta property=\"og:site_name\" content=\"UPS power supply\" \/>\n<meta property=\"article:modified_time\" content=\"2025-12-23T05:12:34+00:00\" \/>\n<meta property=\"og:image\" content=\"https:\/\/www.upspower-supply.com\/wp-content\/uploads\/2025\/12\/true-online-ups-10-300-kva.jpg\" \/>\n\t<meta property=\"og:image:width\" content=\"800\" \/>\n\t<meta property=\"og:image:height\" content=\"800\" \/>\n\t<meta property=\"og:image:type\" content=\"image\/jpeg\" \/>\n<meta name=\"twitter:card\" content=\"summary_large_image\" \/>\n<meta name=\"twitter:label1\" content=\"Tiempo de lectura\" \/>\n\t<meta name=\"twitter:data1\" content=\"3 minutos\" \/>\n<script type=\"application\/ld+json\" class=\"yoast-schema-graph\">{\"@context\":\"https:\/\/schema.org\",\"@graph\":[{\"@type\":\"WebPage\",\"@id\":\"https:\/\/www.upspower-supply.com\/product\/true-online-ups-10-300-kva\/\",\"url\":\"https:\/\/www.upspower-supply.com\/product\/true-online-ups-10-300-kva\/\",\"name\":\"True Online UPS 10 - 300 KVA - UPS power supply\",\"isPartOf\":{\"@id\":\"https:\/\/www.upspower-supply.com\/#website\"},\"primaryImageOfPage\":{\"@id\":\"https:\/\/www.upspower-supply.com\/product\/true-online-ups-10-300-kva\/#primaryimage\"},\"image\":{\"@id\":\"https:\/\/www.upspower-supply.com\/product\/true-online-ups-10-300-kva\/#primaryimage\"},\"thumbnailUrl\":\"https:\/\/www.upspower-supply.com\/wp-content\/uploads\/2025\/12\/true-online-ups-10-300-kva.jpg\",\"datePublished\":\"2025-12-23T03:55:12+00:00\",\"dateModified\":\"2025-12-23T05:12:34+00:00\",\"breadcrumb\":{\"@id\":\"https:\/\/www.upspower-supply.com\/product\/true-online-ups-10-300-kva\/#breadcrumb\"},\"inLanguage\":\"es\",\"potentialAction\":[{\"@type\":\"ReadAction\",\"target\":[\"https:\/\/www.upspower-supply.com\/product\/true-online-ups-10-300-kva\/\"]}]},{\"@type\":\"ImageObject\",\"inLanguage\":\"es\",\"@id\":\"https:\/\/www.upspower-supply.com\/product\/true-online-ups-10-300-kva\/#primaryimage\",\"url\":\"https:\/\/www.upspower-supply.com\/wp-content\/uploads\/2025\/12\/true-online-ups-10-300-kva.jpg\",\"contentUrl\":\"https:\/\/www.upspower-supply.com\/wp-content\/uploads\/2025\/12\/true-online-ups-10-300-kva.jpg\",\"width\":800,\"height\":800,\"caption\":\"True Online UPS 10 - 300 KVA\"},{\"@type\":\"BreadcrumbList\",\"@id\":\"https:\/\/www.upspower-supply.com\/product\/true-online-ups-10-300-kva\/#breadcrumb\",\"itemListElement\":[{\"@type\":\"ListItem\",\"position\":1,\"name\":\"Home\",\"item\":\"https:\/\/www.upspower-supply.com\/\"},{\"@type\":\"ListItem\",\"position\":2,\"name\":\"Shop\",\"item\":\"https:\/\/www.upspower-supply.com\/shop\/\"},{\"@type\":\"ListItem\",\"position\":3,\"name\":\"True Online UPS 10 &#8211; 300 KVA\"}]},{\"@type\":\"WebSite\",\"@id\":\"https:\/\/www.upspower-supply.com\/#website\",\"url\":\"https:\/\/www.upspower-supply.com\/\",\"name\":\"UPS power supply\",\"description\":\"\",\"potentialAction\":[{\"@type\":\"SearchAction\",\"target\":{\"@type\":\"EntryPoint\",\"urlTemplate\":\"https:\/\/www.upspower-supply.com\/?s={search_term_string}\"},\"query-input\":{\"@type\":\"PropertyValueSpecification\",\"valueRequired\":true,\"valueName\":\"search_term_string\"}}],\"inLanguage\":\"es\"}]}<\/script>\n<!-- \/ Yoast SEO plugin. -->","yoast_head_json":{"title":"True Online UPS 10 - 300 KVA - UPS power supply","robots":{"index":"index","follow":"follow","max-snippet":"max-snippet:-1","max-image-preview":"max-image-preview:large","max-video-preview":"max-video-preview:-1"},"canonical":"https:\/\/www.upspower-supply.com\/es\/producto\/true-online-ups-10-300-kva\/","og_locale":"es_ES","og_type":"article","og_title":"True Online UPS 10 - 300 KVA - UPS power supply","og_description":"Rated Power: 10KVA-300KVA Input Voltage: 380\/400VAC, etc Output Voltage: 380\/400VAC, etc MOQ: 1 Set\/Piece OEM &amp; ODM Service: Available Packaging: Plywood Case","og_url":"https:\/\/www.upspower-supply.com\/es\/producto\/true-online-ups-10-300-kva\/","og_site_name":"UPS power supply","article_modified_time":"2025-12-23T05:12:34+00:00","og_image":[{"width":800,"height":800,"url":"https:\/\/www.upspower-supply.com\/wp-content\/uploads\/2025\/12\/true-online-ups-10-300-kva.jpg","type":"image\/jpeg"}],"twitter_card":"summary_large_image","twitter_misc":{"Tiempo de lectura":"3 minutos"},"schema":{"@context":"https:\/\/schema.org","@graph":[{"@type":"WebPage","@id":"https:\/\/www.upspower-supply.com\/product\/true-online-ups-10-300-kva\/","url":"https:\/\/www.upspower-supply.com\/product\/true-online-ups-10-300-kva\/","name":"True Online UPS 10 - 300 KVA - UPS power supply","isPartOf":{"@id":"https:\/\/www.upspower-supply.com\/#website"},"primaryImageOfPage":{"@id":"https:\/\/www.upspower-supply.com\/product\/true-online-ups-10-300-kva\/#primaryimage"},"image":{"@id":"https:\/\/www.upspower-supply.com\/product\/true-online-ups-10-300-kva\/#primaryimage"},"thumbnailUrl":"https:\/\/www.upspower-supply.com\/wp-content\/uploads\/2025\/12\/true-online-ups-10-300-kva.jpg","datePublished":"2025-12-23T03:55:12+00:00","dateModified":"2025-12-23T05:12:34+00:00","breadcrumb":{"@id":"https:\/\/www.upspower-supply.com\/product\/true-online-ups-10-300-kva\/#breadcrumb"},"inLanguage":"es","potentialAction":[{"@type":"ReadAction","target":["https:\/\/www.upspower-supply.com\/product\/true-online-ups-10-300-kva\/"]}]},{"@type":"ImageObject","inLanguage":"es","@id":"https:\/\/www.upspower-supply.com\/product\/true-online-ups-10-300-kva\/#primaryimage","url":"https:\/\/www.upspower-supply.com\/wp-content\/uploads\/2025\/12\/true-online-ups-10-300-kva.jpg","contentUrl":"https:\/\/www.upspower-supply.com\/wp-content\/uploads\/2025\/12\/true-online-ups-10-300-kva.jpg","width":800,"height":800,"caption":"True Online UPS 10 - 300 KVA"},{"@type":"BreadcrumbList","@id":"https:\/\/www.upspower-supply.com\/product\/true-online-ups-10-300-kva\/#breadcrumb","itemListElement":[{"@type":"ListItem","position":1,"name":"Home","item":"https:\/\/www.upspower-supply.com\/"},{"@type":"ListItem","position":2,"name":"Shop","item":"https:\/\/www.upspower-supply.com\/shop\/"},{"@type":"ListItem","position":3,"name":"True Online UPS 10 &#8211; 300 KVA"}]},{"@type":"WebSite","@id":"https:\/\/www.upspower-supply.com\/#website","url":"https:\/\/www.upspower-supply.com\/","name":"UPS power supply","description":"","potentialAction":[{"@type":"SearchAction","target":{"@type":"EntryPoint","urlTemplate":"https:\/\/www.upspower-supply.com\/?s={search_term_string}"},"query-input":{"@type":"PropertyValueSpecification","valueRequired":true,"valueName":"search_term_string"}}],"inLanguage":"es"}]}},"uagb_featured_image_src":{"full":["https:\/\/www.upspower-supply.com\/wp-content\/uploads\/2025\/12\/true-online-ups-10-300-kva.jpg",800,800,false],"thumbnail":["https:\/\/www.upspower-supply.com\/wp-content\/uploads\/2025\/12\/true-online-ups-10-300-kva-150x150.jpg",150,150,true],"medium":["https:\/\/www.upspower-supply.com\/wp-content\/uploads\/2025\/12\/true-online-ups-10-300-kva-300x300.jpg",300,300,true],"medium_large":["https:\/\/www.upspower-supply.com\/wp-content\/uploads\/2025\/12\/true-online-ups-10-300-kva-768x768.jpg",768,768,true],"large":["https:\/\/www.upspower-supply.com\/wp-content\/uploads\/2025\/12\/true-online-ups-10-300-kva.jpg",800,800,false],"1536x1536":["https:\/\/www.upspower-supply.com\/wp-content\/uploads\/2025\/12\/true-online-ups-10-300-kva.jpg",800,800,false],"2048x2048":["https:\/\/www.upspower-supply.com\/wp-content\/uploads\/2025\/12\/true-online-ups-10-300-kva.jpg",800,800,false],"trp-custom-language-flag":["https:\/\/www.upspower-supply.com\/wp-content\/uploads\/2025\/12\/true-online-ups-10-300-kva-12x12.jpg",12,12,true],"woocommerce_thumbnail":["https:\/\/www.upspower-supply.com\/wp-content\/uploads\/2025\/12\/true-online-ups-10-300-kva-300x300.jpg",300,300,true],"woocommerce_single":["https:\/\/www.upspower-supply.com\/wp-content\/uploads\/2025\/12\/true-online-ups-10-300-kva-600x600.jpg",600,600,true],"woocommerce_gallery_thumbnail":["https:\/\/www.upspower-supply.com\/wp-content\/uploads\/2025\/12\/true-online-ups-10-300-kva-100x100.jpg",100,100,true]},"uagb_author_info":{"display_name":"Tyne Tingey","author_link":"https:\/\/www.upspower-supply.com\/es\/author\/"},"uagb_comment_info":0,"uagb_excerpt":"Rated Power: 10KVA-300KVA Input Voltage: 380\/400VAC, etc Output Voltage: 380\/400VAC, etc MOQ: 1 Set\/Piece OEM &amp; ODM Service: Available Packaging: Plywood Case","_links":{"self":[{"href":"https:\/\/www.upspower-supply.com\/es\/wp-json\/wp\/v2\/product\/1997","targetHints":{"allow":["GET"]}}],"collection":[{"href":"https:\/\/www.upspower-supply.com\/es\/wp-json\/wp\/v2\/product"}],"about":[{"href":"https:\/\/www.upspower-supply.com\/es\/wp-json\/wp\/v2\/types\/product"}],"replies":[{"embeddable":true,"href":"https:\/\/www.upspower-supply.com\/es\/wp-json\/wp\/v2\/comments?post=1997"}],"wp:featuredmedia":[{"embeddable":true,"href":"https:\/\/www.upspower-supply.com\/es\/wp-json\/wp\/v2\/media\/1998"}],"wp:attachment":[{"href":"https:\/\/www.upspower-supply.com\/es\/wp-json\/wp\/v2\/media?parent=1997"}],"wp:term":[{"taxonomy":"product_brand","embeddable":true,"href":"https:\/\/www.upspower-supply.com\/es\/wp-json\/wp\/v2\/product_brand?post=1997"},{"taxonomy":"product_cat","embeddable":true,"href":"https:\/\/www.upspower-supply.com\/es\/wp-json\/wp\/v2\/product_cat?post=1997"},{"taxonomy":"product_tag","embeddable":true,"href":"https:\/\/www.upspower-supply.com\/es\/wp-json\/wp\/v2\/product_tag?post=1997"}],"curies":[{"name":"wp","href":"https:\/\/api.w.org\/{rel}","templated":true}]}}