{"id":1570,"date":"2025-07-14T08:34:15","date_gmt":"2025-07-14T08:34:15","guid":{"rendered":"https:\/\/www.upspower-supply.com\/?post_type=product&#038;p=1570"},"modified":"2026-03-31T08:50:32","modified_gmt":"2026-03-31T08:50:32","slug":"ups-19-inch-rack-rack-mount-ups-power-online-ups","status":"publish","type":"product","link":"https:\/\/www.upspower-supply.com\/es\/producto\/ups-19-inch-rack-rack-mount-ups-power-online-ups\/","title":{"rendered":"UPS para rack de 19 pulgadas, sistema UPS para montaje en rack, UPS en l\u00ednea"},"content":{"rendered":"<div class=\"overflow-x-auto\">\n<table class=\"min-w-full border border-gray-300 text-sm text-left\">\n<thead class=\"bg-gray-100 font-semibold\">\n<tr>\n<th class=\"border px-4 py-2\">Par\u00e1metro<\/th>\n<th class=\"border px-4 py-2\">Especificaci\u00f3n<\/th>\n<\/tr>\n<\/thead>\n<tbody>\n<tr>\n<td class=\"border px-4 py-2\">Nombre del producto<\/td>\n<td class=\"border px-4 py-2\">UPS en l\u00ednea de alta frecuencia de 3 kVA para montaje en rack<\/td>\n<\/tr>\n<tr>\n<td class=\"border px-4 py-2\">Modelo<\/td>\n<td class=\"border px-4 py-2\">PRM1103<\/td>\n<\/tr>\n<tr>\n<td class=\"border px-4 py-2\">Capacidad de potencia<\/td>\n<td class=\"border px-4 py-2\">3 kVA \/ 3 kW<\/td>\n<\/tr>\n<tr>\n<td class=\"border px-4 py-2\">Voltaje de la bater\u00eda<\/td>\n<td class=\"border px-4 py-2\">96 VCC<\/td>\n<\/tr>\n<tr>\n<td class=\"border px-4 py-2\">Factor de potencia<\/td>\n<td class=\"border px-4 py-2\">1.0<\/td>\n<\/tr>\n<tr>\n<td class=\"border px-4 py-2\">Dimensiones (Pr x An x Al mm)<\/td>\n<td class=\"border px-4 py-2\">440 x 420 x 88<\/td>\n<\/tr>\n<tr>\n<td class=\"border px-4 py-2\">Peso<\/td>\n<td class=\"border px-4 py-2\">7 kilos<\/td>\n<\/tr>\n<tr class=\"bg-gray-100 font-semibold\">\n<td class=\"border px-4 py-2\" colspan=\"2\">APORTE<\/td>\n<\/tr>\n<tr>\n<td class=\"border px-4 py-2\">Formato de entrada<\/td>\n<td class=\"border px-4 py-2\">L + N + PE<\/td>\n<\/tr>\n<tr>\n<td class=\"border px-4 py-2\">Voltaje nominal<\/td>\n<td class=\"border px-4 py-2\">208\/220\/230\/240 VCA<\/td>\n<\/tr>\n<tr>\n<td class=\"border px-4 py-2\">Rango de voltaje<\/td>\n<td class=\"border px-4 py-2\">110 V\u2013300 V CA<\/td>\n<\/tr>\n<tr>\n<td class=\"border px-4 py-2\">Rango de frecuencia<\/td>\n<td class=\"border px-4 py-2\">50\/60 \u00b1 6 Hz (\u00b1 10 Hz configurable)<\/td>\n<\/tr>\n<tr>\n<td class=\"border px-4 py-2\">Factor de potencia<\/td>\n<td class=\"border px-4 py-2\">\u22650,99<\/td>\n<\/tr>\n<tr>\n<td class=\"border px-4 py-2\">Distorsi\u00f3n armoniosa (THDi)<\/td>\n<td class=\"border px-4 py-2\">\u22643% (lineal), \u22645% (no lineal)<\/td>\n<\/tr>\n<tr class=\"bg-gray-100 font-semibold\">\n<td class=\"border px-4 py-2\" colspan=\"2\">PRODUCCI\u00d3N<\/td>\n<\/tr>\n<tr>\n<td class=\"border px-4 py-2\">Formato de salida<\/td>\n<td class=\"border px-4 py-2\">L + N + PE<\/td>\n<\/tr>\n<tr>\n<td class=\"border px-4 py-2\">Voltaje nominal<\/td>\n<td class=\"border px-4 py-2\">208\/220\/230\/240 VCA<\/td>\n<\/tr>\n<tr>\n<td class=\"border px-4 py-2\">Regulaci\u00f3n de voltaje<\/td>\n<td class=\"border px-4 py-2\">\u00b1 1%<\/td>\n<\/tr>\n<tr>\n<td class=\"border px-4 py-2\">Frecuencia (modo bater\u00eda)<\/td>\n<td class=\"border px-4 py-2\">50\/60 Hz \u00b1 1%<\/td>\n<\/tr>\n<tr>\n<td class=\"border px-4 py-2\">Distorsi\u00f3n arm\u00f3nica total<\/td>\n<td class=\"border px-4 py-2\">\u22641% (lineal), \u22643% (no lineal)<\/td>\n<\/tr>\n<tr>\n<td class=\"border px-4 py-2\">Factor de potencia<\/td>\n<td class=\"border px-4 py-2\">1.0<\/td>\n<\/tr>\n<tr>\n<td class=\"border px-4 py-2\">Capacidad de sobrecarga<\/td>\n<td class=\"border px-4 py-2\">Varios l\u00edmites de tiempo seg\u00fan la carga de %<\/td>\n<\/tr>\n<tr>\n<td class=\"border px-4 py-2\">Forma de onda<\/td>\n<td class=\"border px-4 py-2\">Onda sinusoidal pura<\/td>\n<\/tr>\n<tr class=\"bg-gray-100 font-semibold\">\n<td class=\"border px-4 py-2\" colspan=\"2\">TIEMPO DE TRANSFERENCIA<\/td>\n<\/tr>\n<tr>\n<td class=\"border px-4 py-2\">CA a bater\u00eda<\/td>\n<td class=\"border px-4 py-2\">0 ms<\/td>\n<\/tr>\n<tr>\n<td class=\"border px-4 py-2\">Inversor a bypass<\/td>\n<td class=\"border px-4 py-2\">4 ms<\/td>\n<\/tr>\n<tr class=\"bg-gray-100 font-semibold\">\n<td class=\"border px-4 py-2\" colspan=\"2\">EFICIENCIA<\/td>\n<\/tr>\n<tr>\n<td class=\"border px-4 py-2\">Modo CA<\/td>\n<td class=\"border px-4 py-2\">95.5% a 220 VCA<\/td>\n<\/tr>\n<tr>\n<td class=\"border px-4 py-2\">Modo bater\u00eda<\/td>\n<td class=\"border px-4 py-2\">91.5%<\/td>\n<\/tr>\n<tr class=\"bg-gray-100 font-semibold\">\n<td class=\"border px-4 py-2\" colspan=\"2\">BATER\u00cdA<\/td>\n<\/tr>\n<tr>\n<td class=\"border px-4 py-2\">Tipo de bater\u00eda<\/td>\n<td class=\"border px-4 py-2\">Depende de la aplicaci\u00f3n<\/td>\n<\/tr>\n<tr>\n<td class=\"border px-4 py-2\">Conteo de bater\u00eda<\/td>\n<td class=\"border px-4 py-2\">8<\/td>\n<\/tr>\n<tr>\n<td class=\"border px-4 py-2\">Corriente de carga<\/td>\n<td class=\"border px-4 py-2\">5 A (predeterminado), ajustable de 1 a 12 A<\/td>\n<\/tr>\n<tr>\n<td class=\"border px-4 py-2\">Modo de carga<\/td>\n<td class=\"border px-4 py-2\">Dos etapas \/ Tres etapas<\/td>\n<\/tr>\n<tr class=\"bg-gray-100 font-semibold\">\n<td class=\"border px-4 py-2\" colspan=\"2\">MOSTRAR<\/td>\n<\/tr>\n<tr>\n<td class=\"border px-4 py-2\">Pantalla LCD<\/td>\n<td class=\"border px-4 py-2\">Modo de trabajo, carga, entrada, salida<\/td>\n<\/tr>\n<tr class=\"bg-gray-100 font-semibold\">\n<td class=\"border px-4 py-2\" colspan=\"2\">AMBIENTE<\/td>\n<\/tr>\n<tr>\n<td class=\"border px-4 py-2\">Temperatura de funcionamiento<\/td>\n<td class=\"border px-4 py-2\">0\u201340\u2103<\/td>\n<\/tr>\n<tr>\n<td class=\"border px-4 py-2\">Temperatura de almacenamiento<\/td>\n<td class=\"border px-4 py-2\">-15\u201360 \u2103 (Bater\u00eda: 0\u201340 \u2103)<\/td>\n<\/tr>\n<tr>\n<td class=\"border px-4 py-2\">Humedad<\/td>\n<td class=\"border px-4 py-2\">20\u201395% RH (sin condensaci\u00f3n)<\/td>\n<\/tr>\n<tr>\n<td class=\"border px-4 py-2\">Altitud<\/td>\n<td class=\"border px-4 py-2\">\u22641000 m<\/td>\n<\/tr>\n<tr>\n<td class=\"border px-4 py-2\">Ruido<\/td>\n<td class=\"border px-4 py-2\">&lt; 45 dB a 1 m<\/td>\n<\/tr>\n<tr class=\"bg-gray-100 font-semibold\">\n<td class=\"border px-4 py-2\" colspan=\"2\">GESTI\u00d3N<\/td>\n<\/tr>\n<tr>\n<td class=\"border px-4 py-2\">RS232 \/ USB<\/td>\n<td class=\"border px-4 py-2\">Compatible con Windows\/Linux\/Mac<\/td>\n<\/tr>\n<tr>\n<td class=\"border px-4 py-2\">SNMP (opcional)<\/td>\n<td class=\"border px-4 py-2\">Monitoreo remoto de energ\u00eda a trav\u00e9s de la web o el administrador SNMP<\/td>\n<\/tr>\n<\/tbody>\n<\/table>\n<p><img loading=\"lazy\" decoding=\"async\" class=\"alignnone wp-image-1577 size-full\" src=\"https:\/\/www.upspower-supply.com\/wp-content\/uploads\/2025\/07\/ups-19-inch-rack-rack-mount-ups-power-detail.jpg\" alt=\"Detalle del SAI de montaje en rack de 19 pulgadas\" width=\"750\" height=\"1247\" srcset=\"https:\/\/www.upspower-supply.com\/wp-content\/uploads\/2025\/07\/ups-19-inch-rack-rack-mount-ups-power-detail.jpg 750w, https:\/\/www.upspower-supply.com\/wp-content\/uploads\/2025\/07\/ups-19-inch-rack-rack-mount-ups-power-detail-180x300.jpg 180w, https:\/\/www.upspower-supply.com\/wp-content\/uploads\/2025\/07\/ups-19-inch-rack-rack-mount-ups-power-detail-616x1024.jpg 616w, https:\/\/www.upspower-supply.com\/wp-content\/uploads\/2025\/07\/ups-19-inch-rack-rack-mount-ups-power-detail-7x12.jpg 7w, https:\/\/www.upspower-supply.com\/wp-content\/uploads\/2025\/07\/ups-19-inch-rack-rack-mount-ups-power-detail-600x998.jpg 600w\" sizes=\"auto, (max-width: 750px) 100vw, 750px\" \/><\/p>\n<\/div>","protected":false},"excerpt":{"rendered":"<p>SAI compacto de 19 pulgadas para montaje en rack que ofrece protecci\u00f3n energ\u00e9tica fiable en salas de servidores y centros de datos. Ideal para equipos de red, ofrece respaldo estable, alta eficiencia y f\u00e1cil integraci\u00f3n en racks est\u00e1ndar.<\/p>\n<div class=\"text-sm text-gray-700\">\n<h3 class=\"text-base font-semibold mb-2\">Caracter\u00edsticas principales<\/h3>\n<ul class=\"list-disc pl-5 space-y-1\">\n<li>Tecnolog\u00eda de doble conversi\u00f3n real para una protecci\u00f3n continua<\/li>\n<li>El control por microprocesador y DSP garantiza una alta confiabilidad y rendimiento del sistema.<\/li>\n<li>Correcci\u00f3n del factor de potencia de entrada (PFC) incorporada<\/li>\n<li>Ofrece un factor de potencia de salida completo de 1,0<\/li>\n<li>Amplio rango de voltaje de entrada: 110 V\u2013300 V CA<\/li>\n<li>Alta eficiencia hasta 95,5% en modo online<\/li>\n<li>Admite modo de convertidor de frecuencia de 50 Hz\/60 Hz<\/li>\n<li>Modo ECO disponible para ahorrar energ\u00eda<\/li>\n<li>Apagado de emergencia (EPO) para cumplimiento de seguridad<\/li>\n<li>Pantalla LCD gr\u00e1fica avanzada con interfaz multiling\u00fce<\/li>\n<li>Cantidad de bater\u00eda y corriente de carga configurables<\/li>\n<li>Admite modos de carga de dos y tres etapas.<\/li>\n<li>Corriente de cargador expandible hasta 12 A (para modelos de larga duraci\u00f3n)<\/li>\n<li>Configuraciones de voltaje de salida programables<\/li>\n<li>Funcionalidad de arranque en fr\u00edo desde la bater\u00eda<\/li>\n<li>La tecnolog\u00eda de carga inteligente extiende la vida \u00fatil de la bater\u00eda.<\/li>\n<li>Compatible con entrada de generador<\/li>\n<li>Ranura SNMP para monitorizaci\u00f3n remota y gesti\u00f3n de red<\/li>\n<\/ul>\n<\/div>","protected":false},"featured_media":1574,"comment_status":"open","ping_status":"closed","template":"","meta":{"_acf_changed":false,"_uag_custom_page_level_css":"","site-sidebar-layout":"default","site-content-layout":"","ast-site-content-layout":"default","site-content-style":"default","site-sidebar-style":"default","ast-global-header-display":"","ast-banner-title-visibility":"","ast-main-header-display":"","ast-hfb-above-header-display":"","ast-hfb-below-header-display":"","ast-hfb-mobile-header-display":"","site-post-title":"","ast-breadcrumbs-content":"","ast-featured-img":"","footer-sml-layout":"","theme-transparent-header-meta":"default","adv-header-id-meta":"","stick-header-meta":"","header-above-stick-meta":"","header-main-stick-meta":"","header-below-stick-meta":"","astra-migrate-meta-layouts":"set","ast-page-background-enabled":"default","ast-page-background-meta":{"desktop":{"background-color":"var(--ast-global-color-4)","background-image":"","background-repeat":"repeat","background-position":"center center","background-size":"auto","background-attachment":"scroll","background-type":"","background-media":"","overlay-type":"","overlay-color":"","overlay-opacity":"","overlay-gradient":""},"tablet":{"background-color":"","background-image":"","background-repeat":"repeat","background-position":"center center","background-size":"auto","background-attachment":"scroll","background-type":"","background-media":"","overlay-type":"","overlay-color":"","overlay-opacity":"","overlay-gradient":""},"mobile":{"background-color":"","background-image":"","background-repeat":"repeat","background-position":"center center","background-size":"auto","background-attachment":"scroll","background-type":"","background-media":"","overlay-type":"","overlay-color":"","overlay-opacity":"","overlay-gradient":""}},"ast-content-background-meta":{"desktop":{"background-color":"var(--ast-global-color-5)","background-image":"","background-repeat":"repeat","background-position":"center center","background-size":"auto","background-attachment":"scroll","background-type":"","background-media":"","overlay-type":"","overlay-color":"","overlay-opacity":"","overlay-gradient":""},"tablet":{"background-color":"var(--ast-global-color-5)","background-image":"","background-repeat":"repeat","background-position":"center center","background-size":"auto","background-attachment":"scroll","background-type":"","background-media":"","overlay-type":"","overlay-color":"","overlay-opacity":"","overlay-gradient":""},"mobile":{"background-color":"var(--ast-global-color-5)","background-image":"","background-repeat":"repeat","background-position":"center center","background-size":"auto","background-attachment":"scroll","background-type":"","background-media":"","overlay-type":"","overlay-color":"","overlay-opacity":"","overlay-gradient":""}}},"product_brand":[],"product_cat":[45],"product_tag":[],"class_list":{"0":"post-1570","1":"product","2":"type-product","3":"status-publish","4":"has-post-thumbnail","6":"product_cat-rack-mount-ups","7":"desktop-align-left","8":"tablet-align-left","9":"mobile-align-left","11":"first","12":"instock","13":"shipping-taxable","14":"product-type-simple"},"acf":[],"yoast_head":"<!-- This site is optimized with the Yoast SEO plugin v25.0 - https:\/\/yoast.com\/wordpress\/plugins\/seo\/ -->\n<title>UPS 19 inch rack, rack mount ups power, Online UPS - UPS power supply<\/title>\n<meta name=\"description\" content=\"Compact 19-inch rack-mount UPS for reliable power protection in server rooms and data centers. Ideal for network equipment, offering stable backup, high efficiency, and easy integration into standard racks.\" \/>\n<meta name=\"robots\" content=\"index, follow, max-snippet:-1, max-image-preview:large, max-video-preview:-1\" \/>\n<link rel=\"canonical\" href=\"https:\/\/www.upspower-supply.com\/es\/producto\/ups-19-inch-rack-rack-mount-ups-power-online-ups\/\" \/>\n<meta property=\"og:locale\" content=\"es_ES\" \/>\n<meta property=\"og:type\" content=\"article\" \/>\n<meta property=\"og:title\" content=\"UPS 19 inch rack, rack mount ups power, Online UPS - UPS power supply\" \/>\n<meta property=\"og:description\" content=\"Compact 19-inch rack-mount UPS for reliable power protection in server rooms and data centers. Ideal for network equipment, offering stable backup, high efficiency, and easy integration into standard racks.\" \/>\n<meta property=\"og:url\" content=\"https:\/\/www.upspower-supply.com\/es\/producto\/ups-19-inch-rack-rack-mount-ups-power-online-ups\/\" \/>\n<meta property=\"og:site_name\" content=\"UPS power supply\" \/>\n<meta property=\"article:modified_time\" content=\"2026-03-31T08:50:32+00:00\" \/>\n<meta property=\"og:image\" content=\"https:\/\/www.upspower-supply.com\/wp-content\/uploads\/2025\/07\/ups-19-inch-rack-rack-mount-ups-power-2.jpg\" \/>\n\t<meta property=\"og:image:width\" content=\"800\" \/>\n\t<meta property=\"og:image:height\" content=\"800\" \/>\n\t<meta property=\"og:image:type\" content=\"image\/jpeg\" \/>\n<meta name=\"twitter:card\" content=\"summary_large_image\" \/>\n<meta name=\"twitter:label1\" content=\"Tiempo de lectura\" \/>\n\t<meta name=\"twitter:data1\" content=\"2 minutos\" \/>\n<script type=\"application\/ld+json\" class=\"yoast-schema-graph\">{\"@context\":\"https:\/\/schema.org\",\"@graph\":[{\"@type\":\"WebPage\",\"@id\":\"https:\/\/www.upspower-supply.com\/product\/ups-19-inch-rack-rack-mount-ups-power-online-ups\/\",\"url\":\"https:\/\/www.upspower-supply.com\/product\/ups-19-inch-rack-rack-mount-ups-power-online-ups\/\",\"name\":\"UPS 19 inch rack, rack mount ups power, Online UPS - UPS power supply\",\"isPartOf\":{\"@id\":\"https:\/\/www.upspower-supply.com\/#website\"},\"primaryImageOfPage\":{\"@id\":\"https:\/\/www.upspower-supply.com\/product\/ups-19-inch-rack-rack-mount-ups-power-online-ups\/#primaryimage\"},\"image\":{\"@id\":\"https:\/\/www.upspower-supply.com\/product\/ups-19-inch-rack-rack-mount-ups-power-online-ups\/#primaryimage\"},\"thumbnailUrl\":\"https:\/\/www.upspower-supply.com\/wp-content\/uploads\/2025\/07\/ups-19-inch-rack-rack-mount-ups-power-2.jpg\",\"datePublished\":\"2025-07-14T08:34:15+00:00\",\"dateModified\":\"2026-03-31T08:50:32+00:00\",\"description\":\"Compact 19-inch rack-mount UPS for reliable power protection in server rooms and data centers. Ideal for network equipment, offering stable backup, high efficiency, and easy integration into standard racks.\",\"breadcrumb\":{\"@id\":\"https:\/\/www.upspower-supply.com\/product\/ups-19-inch-rack-rack-mount-ups-power-online-ups\/#breadcrumb\"},\"inLanguage\":\"es\",\"potentialAction\":[{\"@type\":\"ReadAction\",\"target\":[\"https:\/\/www.upspower-supply.com\/product\/ups-19-inch-rack-rack-mount-ups-power-online-ups\/\"]}]},{\"@type\":\"ImageObject\",\"inLanguage\":\"es\",\"@id\":\"https:\/\/www.upspower-supply.com\/product\/ups-19-inch-rack-rack-mount-ups-power-online-ups\/#primaryimage\",\"url\":\"https:\/\/www.upspower-supply.com\/wp-content\/uploads\/2025\/07\/ups-19-inch-rack-rack-mount-ups-power-2.jpg\",\"contentUrl\":\"https:\/\/www.upspower-supply.com\/wp-content\/uploads\/2025\/07\/ups-19-inch-rack-rack-mount-ups-power-2.jpg\",\"width\":800,\"height\":800,\"caption\":\"rack mount ups power\"},{\"@type\":\"BreadcrumbList\",\"@id\":\"https:\/\/www.upspower-supply.com\/product\/ups-19-inch-rack-rack-mount-ups-power-online-ups\/#breadcrumb\",\"itemListElement\":[{\"@type\":\"ListItem\",\"position\":1,\"name\":\"Home\",\"item\":\"https:\/\/www.upspower-supply.com\/\"},{\"@type\":\"ListItem\",\"position\":2,\"name\":\"Shop\",\"item\":\"https:\/\/www.upspower-supply.com\/shop\/\"},{\"@type\":\"ListItem\",\"position\":3,\"name\":\"UPS 19 inch rack, rack mount ups power, Online UPS\"}]},{\"@type\":\"WebSite\",\"@id\":\"https:\/\/www.upspower-supply.com\/#website\",\"url\":\"https:\/\/www.upspower-supply.com\/\",\"name\":\"UPS power supply\",\"description\":\"\",\"potentialAction\":[{\"@type\":\"SearchAction\",\"target\":{\"@type\":\"EntryPoint\",\"urlTemplate\":\"https:\/\/www.upspower-supply.com\/?s={search_term_string}\"},\"query-input\":{\"@type\":\"PropertyValueSpecification\",\"valueRequired\":true,\"valueName\":\"search_term_string\"}}],\"inLanguage\":\"es\"}]}<\/script>\n<!-- \/ Yoast SEO plugin. -->","yoast_head_json":{"title":"UPS 19 inch rack, rack mount ups power, Online UPS - UPS power supply","description":"Compact 19-inch rack-mount UPS for reliable power protection in server rooms and data centers. Ideal for network equipment, offering stable backup, high efficiency, and easy integration into standard racks.","robots":{"index":"index","follow":"follow","max-snippet":"max-snippet:-1","max-image-preview":"max-image-preview:large","max-video-preview":"max-video-preview:-1"},"canonical":"https:\/\/www.upspower-supply.com\/es\/producto\/ups-19-inch-rack-rack-mount-ups-power-online-ups\/","og_locale":"es_ES","og_type":"article","og_title":"UPS 19 inch rack, rack mount ups power, Online UPS - UPS power supply","og_description":"Compact 19-inch rack-mount UPS for reliable power protection in server rooms and data centers. Ideal for network equipment, offering stable backup, high efficiency, and easy integration into standard racks.","og_url":"https:\/\/www.upspower-supply.com\/es\/producto\/ups-19-inch-rack-rack-mount-ups-power-online-ups\/","og_site_name":"UPS power supply","article_modified_time":"2026-03-31T08:50:32+00:00","og_image":[{"width":800,"height":800,"url":"https:\/\/www.upspower-supply.com\/wp-content\/uploads\/2025\/07\/ups-19-inch-rack-rack-mount-ups-power-2.jpg","type":"image\/jpeg"}],"twitter_card":"summary_large_image","twitter_misc":{"Tiempo de lectura":"2 minutos"},"schema":{"@context":"https:\/\/schema.org","@graph":[{"@type":"WebPage","@id":"https:\/\/www.upspower-supply.com\/product\/ups-19-inch-rack-rack-mount-ups-power-online-ups\/","url":"https:\/\/www.upspower-supply.com\/product\/ups-19-inch-rack-rack-mount-ups-power-online-ups\/","name":"UPS 19 inch rack, rack mount ups power, Online UPS - UPS power supply","isPartOf":{"@id":"https:\/\/www.upspower-supply.com\/#website"},"primaryImageOfPage":{"@id":"https:\/\/www.upspower-supply.com\/product\/ups-19-inch-rack-rack-mount-ups-power-online-ups\/#primaryimage"},"image":{"@id":"https:\/\/www.upspower-supply.com\/product\/ups-19-inch-rack-rack-mount-ups-power-online-ups\/#primaryimage"},"thumbnailUrl":"https:\/\/www.upspower-supply.com\/wp-content\/uploads\/2025\/07\/ups-19-inch-rack-rack-mount-ups-power-2.jpg","datePublished":"2025-07-14T08:34:15+00:00","dateModified":"2026-03-31T08:50:32+00:00","description":"Compact 19-inch rack-mount UPS for reliable power protection in server rooms and data centers. Ideal for network equipment, offering stable backup, high efficiency, and easy integration into standard racks.","breadcrumb":{"@id":"https:\/\/www.upspower-supply.com\/product\/ups-19-inch-rack-rack-mount-ups-power-online-ups\/#breadcrumb"},"inLanguage":"es","potentialAction":[{"@type":"ReadAction","target":["https:\/\/www.upspower-supply.com\/product\/ups-19-inch-rack-rack-mount-ups-power-online-ups\/"]}]},{"@type":"ImageObject","inLanguage":"es","@id":"https:\/\/www.upspower-supply.com\/product\/ups-19-inch-rack-rack-mount-ups-power-online-ups\/#primaryimage","url":"https:\/\/www.upspower-supply.com\/wp-content\/uploads\/2025\/07\/ups-19-inch-rack-rack-mount-ups-power-2.jpg","contentUrl":"https:\/\/www.upspower-supply.com\/wp-content\/uploads\/2025\/07\/ups-19-inch-rack-rack-mount-ups-power-2.jpg","width":800,"height":800,"caption":"rack mount ups power"},{"@type":"BreadcrumbList","@id":"https:\/\/www.upspower-supply.com\/product\/ups-19-inch-rack-rack-mount-ups-power-online-ups\/#breadcrumb","itemListElement":[{"@type":"ListItem","position":1,"name":"Home","item":"https:\/\/www.upspower-supply.com\/"},{"@type":"ListItem","position":2,"name":"Shop","item":"https:\/\/www.upspower-supply.com\/shop\/"},{"@type":"ListItem","position":3,"name":"UPS 19 inch rack, rack mount ups power, Online UPS"}]},{"@type":"WebSite","@id":"https:\/\/www.upspower-supply.com\/#website","url":"https:\/\/www.upspower-supply.com\/","name":"UPS power supply","description":"","potentialAction":[{"@type":"SearchAction","target":{"@type":"EntryPoint","urlTemplate":"https:\/\/www.upspower-supply.com\/?s={search_term_string}"},"query-input":{"@type":"PropertyValueSpecification","valueRequired":true,"valueName":"search_term_string"}}],"inLanguage":"es"}]}},"uagb_featured_image_src":{"full":["https:\/\/www.upspower-supply.com\/wp-content\/uploads\/2025\/07\/ups-19-inch-rack-rack-mount-ups-power-2.jpg",800,800,false],"thumbnail":["https:\/\/www.upspower-supply.com\/wp-content\/uploads\/2025\/07\/ups-19-inch-rack-rack-mount-ups-power-2-150x150.jpg",150,150,true],"medium":["https:\/\/www.upspower-supply.com\/wp-content\/uploads\/2025\/07\/ups-19-inch-rack-rack-mount-ups-power-2-300x300.jpg",300,300,true],"medium_large":["https:\/\/www.upspower-supply.com\/wp-content\/uploads\/2025\/07\/ups-19-inch-rack-rack-mount-ups-power-2-768x768.jpg",768,768,true],"large":["https:\/\/www.upspower-supply.com\/wp-content\/uploads\/2025\/07\/ups-19-inch-rack-rack-mount-ups-power-2.jpg",800,800,false],"1536x1536":["https:\/\/www.upspower-supply.com\/wp-content\/uploads\/2025\/07\/ups-19-inch-rack-rack-mount-ups-power-2.jpg",800,800,false],"2048x2048":["https:\/\/www.upspower-supply.com\/wp-content\/uploads\/2025\/07\/ups-19-inch-rack-rack-mount-ups-power-2.jpg",800,800,false],"trp-custom-language-flag":["https:\/\/www.upspower-supply.com\/wp-content\/uploads\/2025\/07\/ups-19-inch-rack-rack-mount-ups-power-2-12x12.jpg",12,12,true],"woocommerce_thumbnail":["https:\/\/www.upspower-supply.com\/wp-content\/uploads\/2025\/07\/ups-19-inch-rack-rack-mount-ups-power-2-300x300.jpg",300,300,true],"woocommerce_single":["https:\/\/www.upspower-supply.com\/wp-content\/uploads\/2025\/07\/ups-19-inch-rack-rack-mount-ups-power-2-600x600.jpg",600,600,true],"woocommerce_gallery_thumbnail":["https:\/\/www.upspower-supply.com\/wp-content\/uploads\/2025\/07\/ups-19-inch-rack-rack-mount-ups-power-2-100x100.jpg",100,100,true]},"uagb_author_info":{"display_name":"Tyne Tingey","author_link":"https:\/\/www.upspower-supply.com\/es\/author\/"},"uagb_comment_info":0,"uagb_excerpt":"Compact 19-inch rack-mount UPS for reliable power protection in server rooms and data centers. Ideal for network equipment, offering stable backup, high efficiency, and easy integration into standard racks. Key Features True double-conversion technology for continuous protection Microprocessor and DSP control ensure high system reliability and performance Built-in input power factor correction (PFC) Delivers full&hellip;","_links":{"self":[{"href":"https:\/\/www.upspower-supply.com\/es\/wp-json\/wp\/v2\/product\/1570","targetHints":{"allow":["GET"]}}],"collection":[{"href":"https:\/\/www.upspower-supply.com\/es\/wp-json\/wp\/v2\/product"}],"about":[{"href":"https:\/\/www.upspower-supply.com\/es\/wp-json\/wp\/v2\/types\/product"}],"replies":[{"embeddable":true,"href":"https:\/\/www.upspower-supply.com\/es\/wp-json\/wp\/v2\/comments?post=1570"}],"wp:featuredmedia":[{"embeddable":true,"href":"https:\/\/www.upspower-supply.com\/es\/wp-json\/wp\/v2\/media\/1574"}],"wp:attachment":[{"href":"https:\/\/www.upspower-supply.com\/es\/wp-json\/wp\/v2\/media?parent=1570"}],"wp:term":[{"taxonomy":"product_brand","embeddable":true,"href":"https:\/\/www.upspower-supply.com\/es\/wp-json\/wp\/v2\/product_brand?post=1570"},{"taxonomy":"product_cat","embeddable":true,"href":"https:\/\/www.upspower-supply.com\/es\/wp-json\/wp\/v2\/product_cat?post=1570"},{"taxonomy":"product_tag","embeddable":true,"href":"https:\/\/www.upspower-supply.com\/es\/wp-json\/wp\/v2\/product_tag?post=1570"}],"curies":[{"name":"wp","href":"https:\/\/api.w.org\/{rel}","templated":true}]}}