{"id":1561,"date":"2025-07-11T02:25:21","date_gmt":"2025-07-11T02:25:21","guid":{"rendered":"https:\/\/www.upspower-supply.com\/?post_type=product&#038;p=1561"},"modified":"2025-07-11T02:37:24","modified_gmt":"2025-07-11T02:37:24","slug":"mini-dc-ups-with-lithium-battery","status":"publish","type":"product","link":"https:\/\/www.upspower-supply.com\/es\/producto\/mini-dc-ups-with-lithium-battery\/","title":{"rendered":"Mini UPS DC con bater\u00eda de litio"},"content":{"rendered":"<p>Como fabricante con sede en China, ofrecemos precios mayoristas B2B, env\u00edo r\u00e1pido y soporte OEM\/ODM para compradores globales.<\/p>\n<p><strong>Solicitud:<\/strong><\/p>\n<p>Enrutador\/Sistema telef\u00f3nico VOIP Sistemas de vigilancia\/M\u00f3dem\/Sistemas de seguridad<\/p>\n<p>&nbsp;<\/p>\n<div class=\"overflow-x-auto\">\n<table class=\"min-w-full table-auto border border-gray-300 text-sm text-left\">\n<thead>\n<tr class=\"bg-gray-100 text-gray-700\">\n<th class=\"border px-4 py-2\">Modelo<\/th>\n<th class=\"border px-4 py-2\">DC1018P<\/th>\n<th class=\"border px-4 py-2\">DC1036P<\/th>\n<\/tr>\n<\/thead>\n<tbody>\n<tr>\n<td class=\"border px-4 py-2\">Aporte<\/td>\n<td class=\"border px-4 py-2\" colspan=\"2\">85-265 V CA \/ 50-60 Hz<\/td>\n<\/tr>\n<tr class=\"bg-gray-50\">\n<td class=\"border px-4 py-2\" rowspan=\"6\">Producci\u00f3n<\/td>\n<td class=\"border px-4 py-2\">USB 5 V\/2 A<\/td>\n<td class=\"border px-4 py-2\">USB 5 V\/2 A<\/td>\n<\/tr>\n<tr>\n<td class=\"border px-4 py-2\">CC 5 V \/ 2 A<\/td>\n<td class=\"border px-4 py-2\">CC 5 V \/ 2 A<\/td>\n<\/tr>\n<tr class=\"bg-gray-50\">\n<td class=\"border px-4 py-2\">CC 9 V \/ 1 A<\/td>\n<td class=\"border px-4 py-2\">CC 9 V \/ 2 A<\/td>\n<\/tr>\n<tr>\n<td class=\"border px-4 py-2\">CC 12 V \/ 1 A<\/td>\n<td class=\"border px-4 py-2\">CC 12 V \/ 2 A<\/td>\n<\/tr>\n<tr class=\"bg-gray-50\">\n<td class=\"border px-4 py-2\">POE 15 V \/ 0,6 A<\/td>\n<td class=\"border px-4 py-2\">POE 15 V \/ 1 A<\/td>\n<\/tr>\n<tr>\n<td class=\"border px-4 py-2\">POE 24 V \/ 0,6 A<\/td>\n<td class=\"border px-4 py-2\">POE 24 V \/ 1 A<\/td>\n<\/tr>\n<tr class=\"bg-gray-50\">\n<td class=\"border px-4 py-2\">Potencia de salida (m\u00e1x.)<\/td>\n<td class=\"border px-4 py-2\">18W<\/td>\n<td class=\"border px-4 py-2\">36W<\/td>\n<\/tr>\n<tr>\n<td class=\"border px-4 py-2\">Capacidad de la bater\u00eda<\/td>\n<td class=\"border px-4 py-2\" colspan=\"2\">2200 mAh \u00d7 4 (bater\u00eda de litio)<\/td>\n<\/tr>\n<tr class=\"bg-gray-50\">\n<td class=\"border px-4 py-2\">Temperatura de funcionamiento<\/td>\n<td class=\"border px-4 py-2\" colspan=\"2\">-10\u2103 a 40\u2103<\/td>\n<\/tr>\n<tr>\n<td class=\"border px-4 py-2\">Humedad<\/td>\n<td class=\"border px-4 py-2\" colspan=\"2\">10% \u2013 90% derecha<\/td>\n<\/tr>\n<tr class=\"bg-gray-50\">\n<td class=\"border px-4 py-2\">Dimensiones (mm)<\/td>\n<td class=\"border px-4 py-2\" colspan=\"2\">160 \u00d7 105 \u00d7 33 mm<\/td>\n<\/tr>\n<tr>\n<td class=\"border px-4 py-2\">Peso neto (kg)<\/td>\n<td class=\"border px-4 py-2\">0,41 kilogramos<\/td>\n<td class=\"border px-4 py-2\">0,42 kilogramos<\/td>\n<\/tr>\n<\/tbody>\n<\/table>\n<\/div>\n<p><a href=\"https:\/\/www.aqetech.com\/product-category\/3-6-volt-lithium-battery\/\">bater\u00eda de litio de 3,6 V<\/a><\/p>","protected":false},"excerpt":{"rendered":"<p>\u00bfEst\u00e1 frustrado por perder el acceso a Internet durante un corte de energ\u00eda?<\/p>\n<p>\u00a1Nuestros mini dc ups pueden salvarte!<\/p>\n<p>Este compacto <strong>Mini SAI de CC<\/strong> Cuenta con una bater\u00eda de litio integrada que proporciona energ\u00eda de respaldo sin interrupciones para routers, m\u00f3dems, c\u00e1maras de CCTV y otros dispositivos de CC de bajo voltaje. Dise\u00f1ado con protecci\u00f3n de circuito inteligente y m\u00faltiples opciones de salida de CC (5 V\/9 V\/12 V), garantiza un funcionamiento confiable durante cortes de energ\u00eda. Ideal para el hogar, la oficina y aplicaciones de IoT. Capacidades de bater\u00eda personalizadas disponibles.<\/p>\n<p><strong>Funciones destacadas:<\/strong><\/p>\n<p>Amplio rango de voltaje de entrada: 86\u2013265 V CA<\/p>\n<p>Circuito de protecci\u00f3n inteligente: evita sobrecargas, descargas excesivas y cortocircuitos.<\/p>\n<p>Bater\u00eda de litio incorporada (capacidad personalizable disponible)<\/p>\n<p>Puerto PoE integrado para simplificar el cableado y la instalaci\u00f3n<\/p>","protected":false},"featured_media":1563,"comment_status":"open","ping_status":"closed","template":"","meta":{"_acf_changed":false,"_uag_custom_page_level_css":"","site-sidebar-layout":"default","site-content-layout":"","ast-site-content-layout":"default","site-content-style":"default","site-sidebar-style":"default","ast-global-header-display":"","ast-banner-title-visibility":"","ast-main-header-display":"","ast-hfb-above-header-display":"","ast-hfb-below-header-display":"","ast-hfb-mobile-header-display":"","site-post-title":"","ast-breadcrumbs-content":"","ast-featured-img":"","footer-sml-layout":"","theme-transparent-header-meta":"default","adv-header-id-meta":"","stick-header-meta":"","header-above-stick-meta":"","header-main-stick-meta":"","header-below-stick-meta":"","astra-migrate-meta-layouts":"set","ast-page-background-enabled":"default","ast-page-background-meta":{"desktop":{"background-color":"var(--ast-global-color-4)","background-image":"","background-repeat":"repeat","background-position":"center center","background-size":"auto","background-attachment":"scroll","background-type":"","background-media":"","overlay-type":"","overlay-color":"","overlay-opacity":"","overlay-gradient":""},"tablet":{"background-color":"","background-image":"","background-repeat":"repeat","background-position":"center center","background-size":"auto","background-attachment":"scroll","background-type":"","background-media":"","overlay-type":"","overlay-color":"","overlay-opacity":"","overlay-gradient":""},"mobile":{"background-color":"","background-image":"","background-repeat":"repeat","background-position":"center center","background-size":"auto","background-attachment":"scroll","background-type":"","background-media":"","overlay-type":"","overlay-color":"","overlay-opacity":"","overlay-gradient":""}},"ast-content-background-meta":{"desktop":{"background-color":"var(--ast-global-color-5)","background-image":"","background-repeat":"repeat","background-position":"center center","background-size":"auto","background-attachment":"scroll","background-type":"","background-media":"","overlay-type":"","overlay-color":"","overlay-opacity":"","overlay-gradient":""},"tablet":{"background-color":"var(--ast-global-color-5)","background-image":"","background-repeat":"repeat","background-position":"center center","background-size":"auto","background-attachment":"scroll","background-type":"","background-media":"","overlay-type":"","overlay-color":"","overlay-opacity":"","overlay-gradient":""},"mobile":{"background-color":"var(--ast-global-color-5)","background-image":"","background-repeat":"repeat","background-position":"center center","background-size":"auto","background-attachment":"scroll","background-type":"","background-media":"","overlay-type":"","overlay-color":"","overlay-opacity":"","overlay-gradient":""}}},"product_brand":[],"product_cat":[44],"product_tag":[],"class_list":{"0":"post-1561","1":"product","2":"type-product","3":"status-publish","4":"has-post-thumbnail","6":"product_cat-dc-ups","7":"desktop-align-left","8":"tablet-align-left","9":"mobile-align-left","11":"first","12":"instock","13":"shipping-taxable","14":"product-type-simple"},"acf":[],"yoast_head":"<!-- This site is optimized with the Yoast SEO plugin v25.0 - https:\/\/yoast.com\/wordpress\/plugins\/seo\/ -->\n<title>Mini DC UPS with lithium battery, China ups manufacturer - UPS power supply<\/title>\n<meta name=\"description\" content=\"Reliable Mini DC UPS with lithium battery for routers, CCTV, and IoT devices. Provides 5V\/9V\/12V backup with smart protection and compact design.\" \/>\n<meta name=\"robots\" content=\"index, follow, max-snippet:-1, max-image-preview:large, max-video-preview:-1\" \/>\n<link rel=\"canonical\" href=\"https:\/\/www.upspower-supply.com\/es\/producto\/mini-dc-ups-with-lithium-battery\/\" \/>\n<meta property=\"og:locale\" content=\"es_ES\" \/>\n<meta property=\"og:type\" content=\"article\" \/>\n<meta property=\"og:title\" content=\"Mini DC UPS with lithium battery, China ups manufacturer - UPS power supply\" \/>\n<meta property=\"og:description\" content=\"Reliable Mini DC UPS with lithium battery for routers, CCTV, and IoT devices. Provides 5V\/9V\/12V backup with smart protection and compact design.\" \/>\n<meta property=\"og:url\" content=\"https:\/\/www.upspower-supply.com\/es\/producto\/mini-dc-ups-with-lithium-battery\/\" \/>\n<meta property=\"og:site_name\" content=\"UPS power supply\" \/>\n<meta property=\"article:modified_time\" content=\"2025-07-11T02:37:24+00:00\" \/>\n<meta property=\"og:image\" content=\"https:\/\/www.upspower-supply.com\/wp-content\/uploads\/2025\/07\/mini-dc-ups-with-lithium-battery-2.jpg\" \/>\n\t<meta property=\"og:image:width\" content=\"800\" \/>\n\t<meta property=\"og:image:height\" content=\"800\" \/>\n\t<meta property=\"og:image:type\" content=\"image\/jpeg\" \/>\n<meta name=\"twitter:card\" content=\"summary_large_image\" \/>\n<meta name=\"twitter:label1\" content=\"Tiempo de lectura\" \/>\n\t<meta name=\"twitter:data1\" content=\"1 minuto\" \/>\n<script type=\"application\/ld+json\" class=\"yoast-schema-graph\">{\"@context\":\"https:\/\/schema.org\",\"@graph\":[{\"@type\":\"WebPage\",\"@id\":\"https:\/\/www.upspower-supply.com\/product\/mini-dc-ups-with-lithium-battery\/\",\"url\":\"https:\/\/www.upspower-supply.com\/product\/mini-dc-ups-with-lithium-battery\/\",\"name\":\"Mini DC UPS with lithium battery, China ups manufacturer - UPS power supply\",\"isPartOf\":{\"@id\":\"https:\/\/www.upspower-supply.com\/#website\"},\"primaryImageOfPage\":{\"@id\":\"https:\/\/www.upspower-supply.com\/product\/mini-dc-ups-with-lithium-battery\/#primaryimage\"},\"image\":{\"@id\":\"https:\/\/www.upspower-supply.com\/product\/mini-dc-ups-with-lithium-battery\/#primaryimage\"},\"thumbnailUrl\":\"https:\/\/www.upspower-supply.com\/wp-content\/uploads\/2025\/07\/mini-dc-ups-with-lithium-battery-2.jpg\",\"datePublished\":\"2025-07-11T02:25:21+00:00\",\"dateModified\":\"2025-07-11T02:37:24+00:00\",\"description\":\"Reliable Mini DC UPS with lithium battery for routers, CCTV, and IoT devices. Provides 5V\/9V\/12V backup with smart protection and compact design.\",\"breadcrumb\":{\"@id\":\"https:\/\/www.upspower-supply.com\/product\/mini-dc-ups-with-lithium-battery\/#breadcrumb\"},\"inLanguage\":\"es\",\"potentialAction\":[{\"@type\":\"ReadAction\",\"target\":[\"https:\/\/www.upspower-supply.com\/product\/mini-dc-ups-with-lithium-battery\/\"]}]},{\"@type\":\"ImageObject\",\"inLanguage\":\"es\",\"@id\":\"https:\/\/www.upspower-supply.com\/product\/mini-dc-ups-with-lithium-battery\/#primaryimage\",\"url\":\"https:\/\/www.upspower-supply.com\/wp-content\/uploads\/2025\/07\/mini-dc-ups-with-lithium-battery-2.jpg\",\"contentUrl\":\"https:\/\/www.upspower-supply.com\/wp-content\/uploads\/2025\/07\/mini-dc-ups-with-lithium-battery-2.jpg\",\"width\":800,\"height\":800,\"caption\":\"Mini DC UPS with lithium battery\"},{\"@type\":\"BreadcrumbList\",\"@id\":\"https:\/\/www.upspower-supply.com\/product\/mini-dc-ups-with-lithium-battery\/#breadcrumb\",\"itemListElement\":[{\"@type\":\"ListItem\",\"position\":1,\"name\":\"Home\",\"item\":\"https:\/\/www.upspower-supply.com\/\"},{\"@type\":\"ListItem\",\"position\":2,\"name\":\"Shop\",\"item\":\"https:\/\/www.upspower-supply.com\/shop\/\"},{\"@type\":\"ListItem\",\"position\":3,\"name\":\"Mini DC UPS with lithium battery\"}]},{\"@type\":\"WebSite\",\"@id\":\"https:\/\/www.upspower-supply.com\/#website\",\"url\":\"https:\/\/www.upspower-supply.com\/\",\"name\":\"UPS power supply\",\"description\":\"\",\"potentialAction\":[{\"@type\":\"SearchAction\",\"target\":{\"@type\":\"EntryPoint\",\"urlTemplate\":\"https:\/\/www.upspower-supply.com\/?s={search_term_string}\"},\"query-input\":{\"@type\":\"PropertyValueSpecification\",\"valueRequired\":true,\"valueName\":\"search_term_string\"}}],\"inLanguage\":\"es\"}]}<\/script>\n<!-- \/ Yoast SEO plugin. -->","yoast_head_json":{"title":"Mini DC UPS with lithium battery, China ups manufacturer - UPS power supply","description":"Reliable Mini DC UPS with lithium battery for routers, CCTV, and IoT devices. Provides 5V\/9V\/12V backup with smart protection and compact design.","robots":{"index":"index","follow":"follow","max-snippet":"max-snippet:-1","max-image-preview":"max-image-preview:large","max-video-preview":"max-video-preview:-1"},"canonical":"https:\/\/www.upspower-supply.com\/es\/producto\/mini-dc-ups-with-lithium-battery\/","og_locale":"es_ES","og_type":"article","og_title":"Mini DC UPS with lithium battery, China ups manufacturer - UPS power supply","og_description":"Reliable Mini DC UPS with lithium battery for routers, CCTV, and IoT devices. Provides 5V\/9V\/12V backup with smart protection and compact design.","og_url":"https:\/\/www.upspower-supply.com\/es\/producto\/mini-dc-ups-with-lithium-battery\/","og_site_name":"UPS power supply","article_modified_time":"2025-07-11T02:37:24+00:00","og_image":[{"width":800,"height":800,"url":"https:\/\/www.upspower-supply.com\/wp-content\/uploads\/2025\/07\/mini-dc-ups-with-lithium-battery-2.jpg","type":"image\/jpeg"}],"twitter_card":"summary_large_image","twitter_misc":{"Tiempo de lectura":"1 minuto"},"schema":{"@context":"https:\/\/schema.org","@graph":[{"@type":"WebPage","@id":"https:\/\/www.upspower-supply.com\/product\/mini-dc-ups-with-lithium-battery\/","url":"https:\/\/www.upspower-supply.com\/product\/mini-dc-ups-with-lithium-battery\/","name":"Mini DC UPS with lithium battery, China ups manufacturer - UPS power supply","isPartOf":{"@id":"https:\/\/www.upspower-supply.com\/#website"},"primaryImageOfPage":{"@id":"https:\/\/www.upspower-supply.com\/product\/mini-dc-ups-with-lithium-battery\/#primaryimage"},"image":{"@id":"https:\/\/www.upspower-supply.com\/product\/mini-dc-ups-with-lithium-battery\/#primaryimage"},"thumbnailUrl":"https:\/\/www.upspower-supply.com\/wp-content\/uploads\/2025\/07\/mini-dc-ups-with-lithium-battery-2.jpg","datePublished":"2025-07-11T02:25:21+00:00","dateModified":"2025-07-11T02:37:24+00:00","description":"Reliable Mini DC UPS with lithium battery for routers, CCTV, and IoT devices. Provides 5V\/9V\/12V backup with smart protection and compact design.","breadcrumb":{"@id":"https:\/\/www.upspower-supply.com\/product\/mini-dc-ups-with-lithium-battery\/#breadcrumb"},"inLanguage":"es","potentialAction":[{"@type":"ReadAction","target":["https:\/\/www.upspower-supply.com\/product\/mini-dc-ups-with-lithium-battery\/"]}]},{"@type":"ImageObject","inLanguage":"es","@id":"https:\/\/www.upspower-supply.com\/product\/mini-dc-ups-with-lithium-battery\/#primaryimage","url":"https:\/\/www.upspower-supply.com\/wp-content\/uploads\/2025\/07\/mini-dc-ups-with-lithium-battery-2.jpg","contentUrl":"https:\/\/www.upspower-supply.com\/wp-content\/uploads\/2025\/07\/mini-dc-ups-with-lithium-battery-2.jpg","width":800,"height":800,"caption":"Mini DC UPS with lithium battery"},{"@type":"BreadcrumbList","@id":"https:\/\/www.upspower-supply.com\/product\/mini-dc-ups-with-lithium-battery\/#breadcrumb","itemListElement":[{"@type":"ListItem","position":1,"name":"Home","item":"https:\/\/www.upspower-supply.com\/"},{"@type":"ListItem","position":2,"name":"Shop","item":"https:\/\/www.upspower-supply.com\/shop\/"},{"@type":"ListItem","position":3,"name":"Mini DC UPS with lithium battery"}]},{"@type":"WebSite","@id":"https:\/\/www.upspower-supply.com\/#website","url":"https:\/\/www.upspower-supply.com\/","name":"UPS power supply","description":"","potentialAction":[{"@type":"SearchAction","target":{"@type":"EntryPoint","urlTemplate":"https:\/\/www.upspower-supply.com\/?s={search_term_string}"},"query-input":{"@type":"PropertyValueSpecification","valueRequired":true,"valueName":"search_term_string"}}],"inLanguage":"es"}]}},"uagb_featured_image_src":{"full":["https:\/\/www.upspower-supply.com\/wp-content\/uploads\/2025\/07\/mini-dc-ups-with-lithium-battery-2.jpg",800,800,false],"thumbnail":["https:\/\/www.upspower-supply.com\/wp-content\/uploads\/2025\/07\/mini-dc-ups-with-lithium-battery-2-150x150.jpg",150,150,true],"medium":["https:\/\/www.upspower-supply.com\/wp-content\/uploads\/2025\/07\/mini-dc-ups-with-lithium-battery-2-300x300.jpg",300,300,true],"medium_large":["https:\/\/www.upspower-supply.com\/wp-content\/uploads\/2025\/07\/mini-dc-ups-with-lithium-battery-2-768x768.jpg",768,768,true],"large":["https:\/\/www.upspower-supply.com\/wp-content\/uploads\/2025\/07\/mini-dc-ups-with-lithium-battery-2.jpg",800,800,false],"1536x1536":["https:\/\/www.upspower-supply.com\/wp-content\/uploads\/2025\/07\/mini-dc-ups-with-lithium-battery-2.jpg",800,800,false],"2048x2048":["https:\/\/www.upspower-supply.com\/wp-content\/uploads\/2025\/07\/mini-dc-ups-with-lithium-battery-2.jpg",800,800,false],"trp-custom-language-flag":["https:\/\/www.upspower-supply.com\/wp-content\/uploads\/2025\/07\/mini-dc-ups-with-lithium-battery-2-12x12.jpg",12,12,true],"woocommerce_thumbnail":["https:\/\/www.upspower-supply.com\/wp-content\/uploads\/2025\/07\/mini-dc-ups-with-lithium-battery-2-300x300.jpg",300,300,true],"woocommerce_single":["https:\/\/www.upspower-supply.com\/wp-content\/uploads\/2025\/07\/mini-dc-ups-with-lithium-battery-2-600x600.jpg",600,600,true],"woocommerce_gallery_thumbnail":["https:\/\/www.upspower-supply.com\/wp-content\/uploads\/2025\/07\/mini-dc-ups-with-lithium-battery-2-100x100.jpg",100,100,true]},"uagb_author_info":{"display_name":"Tyne Tingey","author_link":"https:\/\/www.upspower-supply.com\/es\/author\/"},"uagb_comment_info":0,"uagb_excerpt":"Are you frustrated by losing internet access during a power outage? Our mini dc ups can save you! This compact Mini DC UPS features a built-in lithium battery to provide seamless backup power for routers, modems, CCTV cameras, and other low-voltage DC devices. Designed with intelligent circuit protection and multiple DC output options (5V\/9V\/12V), it&hellip;","_links":{"self":[{"href":"https:\/\/www.upspower-supply.com\/es\/wp-json\/wp\/v2\/product\/1561","targetHints":{"allow":["GET"]}}],"collection":[{"href":"https:\/\/www.upspower-supply.com\/es\/wp-json\/wp\/v2\/product"}],"about":[{"href":"https:\/\/www.upspower-supply.com\/es\/wp-json\/wp\/v2\/types\/product"}],"replies":[{"embeddable":true,"href":"https:\/\/www.upspower-supply.com\/es\/wp-json\/wp\/v2\/comments?post=1561"}],"wp:featuredmedia":[{"embeddable":true,"href":"https:\/\/www.upspower-supply.com\/es\/wp-json\/wp\/v2\/media\/1563"}],"wp:attachment":[{"href":"https:\/\/www.upspower-supply.com\/es\/wp-json\/wp\/v2\/media?parent=1561"}],"wp:term":[{"taxonomy":"product_brand","embeddable":true,"href":"https:\/\/www.upspower-supply.com\/es\/wp-json\/wp\/v2\/product_brand?post=1561"},{"taxonomy":"product_cat","embeddable":true,"href":"https:\/\/www.upspower-supply.com\/es\/wp-json\/wp\/v2\/product_cat?post=1561"},{"taxonomy":"product_tag","embeddable":true,"href":"https:\/\/www.upspower-supply.com\/es\/wp-json\/wp\/v2\/product_tag?post=1561"}],"curies":[{"name":"wp","href":"https:\/\/api.w.org\/{rel}","templated":true}]}}