{"id":1353,"date":"2025-05-13T07:32:12","date_gmt":"2025-05-13T07:32:12","guid":{"rendered":"https:\/\/www.upspower-supply.com\/product\/portable-power-station-for-refrigerator-600w\/"},"modified":"2026-03-28T19:55:51","modified_gmt":"2026-03-28T19:55:51","slug":"portable-power-station-for-refrigerator-600w","status":"publish","type":"product","link":"https:\/\/www.upspower-supply.com\/es\/producto\/portable-power-station-for-refrigerator-600w\/","title":{"rendered":"Estaci\u00f3n de energ\u00eda port\u00e1til para refrigerador 600w"},"content":{"rendered":"<p>Los 600W <strong>Estaci\u00f3n de energ\u00eda de bater\u00eda port\u00e1til<\/strong> Es una soluci\u00f3n energ\u00e9tica robusta y vers\u00e1til para exteriores y emergencias. Alimentada por una bater\u00eda de iones de litio de alta calidad de 520 Wh (140 400 mAh), ofrece hasta 600 W de potencia CA continua a trav\u00e9s de dos salidas de onda sinusoidal pura, con una potencia m\u00e1xima de 650 W. Cuenta con m\u00faltiples opciones de salida, incluyendo puertos USB, Tipo-C y CC, y admite carga r\u00e1pida con QC 3.0 y PD60W. Se carga completamente en tan solo 3-4 horas utilizando las entradas combinadas de CC y Tipo-C. Con iluminaci\u00f3n LED de 4 W, carga inal\u00e1mbrica de 10 W y un dise\u00f1o duradero con certificaci\u00f3n PSE, FCC, CE, ROHS, MSDS y UN38.3, funciona de forma fiable entre -10 \u00b0C y 40 \u00b0C. Apto para <a href=\"https:\/\/www.plastic-crates.co.in\/en\/product-category\/ice-storage-box\/\" class=\"no-translation\" target=\"_blank\" rel=\"noopener\" data-no-translation=\"\">ice storage box<\/a>El paquete incluye un generador solar, un adaptador de corriente, un cable de CA, un cargador para autom\u00f3vil y un manual de usuario: perfecto para impulsar tus aventuras.<\/p>\n<p><img loading=\"lazy\" decoding=\"async\" class=\"alignnone size-full wp-image-1896\" src=\"https:\/\/www.upspower-supply.com\/wp-content\/uploads\/2025\/05\/portable-power-station-for-refrigerator-600w-798c59.jpg\" alt=\"Estaci\u00f3n de energ\u00eda de bater\u00eda port\u00e1til de 600 W, detalle\" width=\"1200\" height=\"1800\" \/><br \/>\n<img loading=\"lazy\" decoding=\"async\" class=\"alignnone size-full wp-image-1897\" src=\"https:\/\/www.upspower-supply.com\/wp-content\/uploads\/2025\/05\/portable-power-station-for-refrigerator-600w-f60ccd.jpg\" alt=\"Estaci\u00f3n de energ\u00eda de bater\u00eda port\u00e1til de 600 W con nevera port\u00e1til\" width=\"1200\" height=\"1744\" \/><br \/>\n<img loading=\"lazy\" decoding=\"async\" class=\"alignnone size-full wp-image-1898\" src=\"https:\/\/www.upspower-supply.com\/wp-content\/uploads\/2025\/05\/portable-power-station-for-refrigerator-600w-42f36f.jpg\" alt=\"Estaci\u00f3n de energ\u00eda de bater\u00eda port\u00e1til de 600 W con luz LED encendida\" width=\"1200\" height=\"1056\" \/><br \/>\n<img loading=\"lazy\" decoding=\"async\" class=\"alignnone size-full wp-image-1899\" src=\"https:\/\/www.upspower-supply.com\/wp-content\/uploads\/2025\/05\/portable-power-station-for-refrigerator-600w-3d10cd.jpg\" alt=\"Estaci\u00f3n de energ\u00eda de bater\u00eda port\u00e1til de 600 W con tipos de enchufes personalizados\" width=\"1200\" height=\"959\" \/><\/p>\n<p><img loading=\"lazy\" decoding=\"async\" class=\"alignnone size-full wp-image-1900\" src=\"https:\/\/www.upspower-supply.com\/wp-content\/uploads\/2025\/05\/portable-power-station-for-refrigerator-600w-63f448.jpg\" alt=\"Estaci\u00f3n de energ\u00eda de bater\u00eda port\u00e1til de 600 W, detalle\" width=\"1200\" height=\"1469\" \/><br \/>\n<img loading=\"lazy\" decoding=\"async\" class=\"alignnone size-full wp-image-1901\" src=\"https:\/\/www.upspower-supply.com\/wp-content\/uploads\/2025\/05\/portable-power-station-for-refrigerator-600w-6c46a2.jpg\" alt=\"Estaci\u00f3n de energ\u00eda de bater\u00eda port\u00e1til de 600 W con carga inal\u00e1mbrica\" width=\"1200\" height=\"1634\" \/><br \/>\n<img loading=\"lazy\" decoding=\"async\" class=\"alignnone size-full wp-image-1902\" src=\"https:\/\/www.upspower-supply.com\/wp-content\/uploads\/2025\/05\/portable-power-station-for-refrigerator-600w-01b88e.jpg\" alt=\"Estaci\u00f3n de energ\u00eda de bater\u00eda port\u00e1til 600w BMS\" width=\"1200\" height=\"1828\" \/><\/p>\n<p><img loading=\"lazy\" decoding=\"async\" class=\"alignnone size-full wp-image-1903\" src=\"https:\/\/www.upspower-supply.com\/wp-content\/uploads\/2025\/05\/portable-power-station-for-refrigerator-600w-6d03e9.jpg\" alt=\"Caracter\u00edsticas de la estaci\u00f3n de energ\u00eda de bater\u00eda port\u00e1til de 600 W\" width=\"1200\" height=\"818\" \/><\/p>","protected":false},"excerpt":{"rendered":"<div class=\"max-w-2xl mx-auto bg-white shadow-md rounded-lg overflow-y-auto max-h-[700px]\">\n<table class=\"w-full border-collapse !mb-0\">\n<tbody>\n<tr class=\"border-b\">\n<td class=\"py-2 px-4 font-semibold text-gray-700\">Modelo<\/td>\n<td class=\"py-2 px-4 text-gray-600\">RM-PA600<\/td>\n<\/tr>\n<tr class=\"border-b\">\n<td class=\"py-2 px-4 font-semibold text-gray-700\">Bater\u00eda incorporada<\/td>\n<td class=\"py-2 px-4 text-gray-600\">Bater\u00eda de iones de litio de alta calidad<\/td>\n<\/tr>\n<tr class=\"border-b\">\n<td class=\"py-2 px-4 font-semibold text-gray-700\">Capacidad de la bater\u00eda<\/td>\n<td class=\"py-2 px-4 text-gray-600\">520 Wh \/ 140400 mAh \/ 3,7 V<\/td>\n<\/tr>\n<tr class=\"border-b\">\n<td class=\"py-2 px-4 font-semibold text-gray-700\">Aporte<\/td>\n<td class=\"py-2 px-4 text-gray-600\">DC5521 12 V-26 V\/8 A M\u00c1X. 120 W<br \/>\nAnderson 12 V-26 V\/8 A M\u00c1X. 160 W<br \/>\nTIPO C 5 V-20 V\/3 A M\u00c1X. PD60 W<\/td>\n<\/tr>\n<tr class=\"border-b\">\n<td class=\"py-2 px-4 font-semibold text-gray-700\">Tiempo de carga completa<\/td>\n<td class=\"py-2 px-4 text-gray-600\">Carga de un solo puerto de CC: 4-5 h<br \/>\nCarga de un solo puerto Anderson: 4 h<br \/>\nIndividual TIPO-C: 11-12 h<br \/>\nCombinaci\u00f3n de puerto Anderson + puerto TIPO C, carga simult\u00e1nea: 3-4 h<br \/>\nCombinaci\u00f3n de puerto CC + puerto TIPO C, carga simult\u00e1nea: 4-5 h<\/td>\n<\/tr>\n<tr class=\"border-b\">\n<td class=\"py-2 px-4 font-semibold text-gray-700\">Salida de CC<\/td>\n<td class=\"py-2 px-4 text-gray-600\">Puerto USB: 1 * USB 5V-12V\/2A, QC 3.0;<br \/>\n2 * USB 5 V\/3,1 A;<br \/>\nPuerto tipo C: 1 * Tipo C 5 V-20 V\/3 A;<br \/>\n5521 Salida CC: 4 * CC 13,5 V\/6 A;<br \/>\n1 * Adaptador de encendedor de cigarrillos (13,5 V\/10 A M\u00c1X. 150 W)<\/td>\n<\/tr>\n<tr class=\"border-b\">\n<td class=\"py-2 px-4 font-semibold text-gray-700\">Salida de CA<\/td>\n<td class=\"py-2 px-4 text-gray-600\">2 salidas de onda sinusoidal pura de CA<\/td>\n<\/tr>\n<tr class=\"border-b\">\n<td class=\"py-2 px-4 font-semibold text-gray-700\">Potencia continua de CA<\/td>\n<td class=\"py-2 px-4 text-gray-600\">600 W<\/td>\n<\/tr>\n<tr class=\"border-b\">\n<td class=\"py-2 px-4 font-semibold text-gray-700\">Voltaje de salida de potencia constante<\/td>\n<td class=\"py-2 px-4 text-gray-600\">650 W (85 V-120 V (160 V-230 V))<\/td>\n<\/tr>\n<tr class=\"border-b\">\n<td class=\"py-2 px-4 font-semibold text-gray-700\">Iluminaci\u00f3n LED<\/td>\n<td class=\"py-2 px-4 text-gray-600\">4W<\/td>\n<\/tr>\n<tr class=\"border-b\">\n<td class=\"py-2 px-4 font-semibold text-gray-700\">Carga inal\u00e1mbrica<\/td>\n<td class=\"py-2 px-4 text-gray-600\">10 W<\/td>\n<\/tr>\n<tr class=\"border-b\">\n<td class=\"py-2 px-4 font-semibold text-gray-700\">Temperatura de funcionamiento<\/td>\n<td class=\"py-2 px-4 text-gray-600\">-10\u00b0C-40\u00b0C<\/td>\n<\/tr>\n<tr class=\"border-b\">\n<td class=\"py-2 px-4 font-semibold text-gray-700\">Protecci\u00f3n del producto<\/td>\n<td class=\"py-2 px-4 text-gray-600\">a. Protecci\u00f3n contra cortocircuitos<br \/>\nb. Protecci\u00f3n contra sobrecorriente<br \/>\nc. Protecci\u00f3n contra sobretensiones<br \/>\nd. Protecci\u00f3n contra subtensi\u00f3n<br \/>\ne. Protecci\u00f3n contra sobrecargas<br \/>\nf. Protecci\u00f3n contra sobretemperatura<\/td>\n<\/tr>\n<tr class=\"border-b\">\n<td class=\"py-2 px-4 font-semibold text-gray-700\">El paquete incluye<\/td>\n<td class=\"py-2 px-4 text-gray-600\">1 x generador solar port\u00e1til<br \/>\n1 x adaptador de corriente<br \/>\n1 x l\u00ednea de CA<br \/>\n1 manual de usuario<br \/>\n1 x cargador de coche<\/td>\n<\/tr>\n<tr class=\"border-b\">\n<td class=\"py-2 px-4 font-semibold text-gray-700\">Certificaci\u00f3n de m\u00e1quinas<\/td>\n<td class=\"py-2 px-4 text-gray-600\">PSE FCC CE ROHS MSDS UN38.3, Informe de transporte a\u00e9reo, Informe de transporte mar\u00edtimo<\/td>\n<\/tr>\n<\/tbody>\n<\/table>\n<\/div>","protected":false},"featured_media":1350,"comment_status":"open","ping_status":"closed","template":"","meta":{"_acf_changed":false,"_uag_custom_page_level_css":"","site-sidebar-layout":"default","site-content-layout":"","ast-site-content-layout":"default","site-content-style":"default","site-sidebar-style":"default","ast-global-header-display":"","ast-banner-title-visibility":"","ast-main-header-display":"","ast-hfb-above-header-display":"","ast-hfb-below-header-display":"","ast-hfb-mobile-header-display":"","site-post-title":"","ast-breadcrumbs-content":"","ast-featured-img":"","footer-sml-layout":"","theme-transparent-header-meta":"default","adv-header-id-meta":"","stick-header-meta":"","header-above-stick-meta":"","header-main-stick-meta":"","header-below-stick-meta":"","astra-migrate-meta-layouts":"set","ast-page-background-enabled":"default","ast-page-background-meta":{"desktop":{"background-color":"var(--ast-global-color-4)","background-image":"","background-repeat":"repeat","background-position":"center center","background-size":"auto","background-attachment":"scroll","background-type":"","background-media":"","overlay-type":"","overlay-color":"","overlay-opacity":"","overlay-gradient":""},"tablet":{"background-color":"","background-image":"","background-repeat":"repeat","background-position":"center center","background-size":"auto","background-attachment":"scroll","background-type":"","background-media":"","overlay-type":"","overlay-color":"","overlay-opacity":"","overlay-gradient":""},"mobile":{"background-color":"","background-image":"","background-repeat":"repeat","background-position":"center center","background-size":"auto","background-attachment":"scroll","background-type":"","background-media":"","overlay-type":"","overlay-color":"","overlay-opacity":"","overlay-gradient":""}},"ast-content-background-meta":{"desktop":{"background-color":"var(--ast-global-color-5)","background-image":"","background-repeat":"repeat","background-position":"center center","background-size":"auto","background-attachment":"scroll","background-type":"","background-media":"","overlay-type":"","overlay-color":"","overlay-opacity":"","overlay-gradient":""},"tablet":{"background-color":"var(--ast-global-color-5)","background-image":"","background-repeat":"repeat","background-position":"center center","background-size":"auto","background-attachment":"scroll","background-type":"","background-media":"","overlay-type":"","overlay-color":"","overlay-opacity":"","overlay-gradient":""},"mobile":{"background-color":"var(--ast-global-color-5)","background-image":"","background-repeat":"repeat","background-position":"center center","background-size":"auto","background-attachment":"scroll","background-type":"","background-media":"","overlay-type":"","overlay-color":"","overlay-opacity":"","overlay-gradient":""}}},"product_brand":[],"product_cat":[37],"product_tag":[],"class_list":{"0":"post-1353","1":"product","2":"type-product","3":"status-publish","4":"has-post-thumbnail","6":"product_cat-portable-power-stations","7":"desktop-align-left","8":"tablet-align-left","9":"mobile-align-left","11":"first","12":"instock","13":"shipping-taxable","14":"product-type-simple"},"acf":[],"yoast_head":"<!-- This site is optimized with the Yoast SEO plugin v25.0 - https:\/\/yoast.com\/wordpress\/plugins\/seo\/ -->\n<title>Portable power station for refrigerator 600w - UPS power supply<\/title>\n<meta name=\"robots\" content=\"index, follow, max-snippet:-1, max-image-preview:large, max-video-preview:-1\" \/>\n<link rel=\"canonical\" href=\"https:\/\/www.upspower-supply.com\/es\/producto\/portable-power-station-for-refrigerator-600w\/\" \/>\n<meta property=\"og:locale\" content=\"es_ES\" \/>\n<meta property=\"og:type\" content=\"article\" \/>\n<meta property=\"og:title\" content=\"Portable power station for refrigerator 600w - UPS power supply\" \/>\n<meta property=\"og:description\" content=\"Model RM-PA600   Built-in Battery High quality lithium ion battery   Battery Capacity 520Wh \/ 140400mAh \/ 3.7V   Input DC5521 12V-26V\/8A MAX120W Anderson 12V-26V\/8A MAX160W TYPE-C 5V-20V\/3A MAX PD60W   Fully Charged Time Single DC port charging: 4-5h Single Anderson port charging: 4h Single TYPE-C: 11-12h Anderson port + TYPE-C port combination simultaneous charging: 3-4h DC port + TYPE-C port combination simultaneous charging: 4-5h   DC Output USB Port: 1 * USB 5V-12V\/2A, QC 3.0; 2 * USB 5V\/3.1A; Type-C Port: 1 * Type-c 5V-20V\/3A; 5521 DC output: 4 * DC 13.5V\/6A; 1 * Cigarette Lighter adapter(13.5V\/10A MAX150W)   AC Output 2 x AC pure sine wave output   AC Continuous Power 600W   Constant Power Output Voltage 650W (85V-120V (160V-230V))   LED Lighting 4W   Wireless Charging 10W   Operating Temperature -10\u00b0C-40\u00b0C   Product Protection a. Short circuit protection b. Overcurrent protection c. Overvoltage protection d. Undervoltage protection e. Overload protection f. Over temperature protection   Package Included 1 x portable solar generator 1 x power adapter 1 x AC line 1 x user manual 1 x Car charger   Machine Certification PSE FCC CE ROHS MSDS UN38.3, Air transport report, Marine transport report\" \/>\n<meta property=\"og:url\" content=\"https:\/\/www.upspower-supply.com\/es\/producto\/portable-power-station-for-refrigerator-600w\/\" \/>\n<meta property=\"og:site_name\" content=\"UPS power supply\" \/>\n<meta property=\"article:modified_time\" content=\"2026-03-28T19:55:51+00:00\" \/>\n<meta property=\"og:image\" content=\"https:\/\/www.upspower-supply.com\/wp-content\/uploads\/2025\/05\/portable-power-station-for-refrigerator-600w-5.jpg\" \/>\n\t<meta property=\"og:image:width\" content=\"1000\" \/>\n\t<meta property=\"og:image:height\" content=\"1000\" \/>\n\t<meta property=\"og:image:type\" content=\"image\/jpeg\" \/>\n<meta name=\"twitter:card\" content=\"summary_large_image\" \/>\n<meta name=\"twitter:label1\" content=\"Tiempo de lectura\" \/>\n\t<meta name=\"twitter:data1\" content=\"3 minutos\" \/>\n<script type=\"application\/ld+json\" class=\"yoast-schema-graph\">{\"@context\":\"https:\/\/schema.org\",\"@graph\":[{\"@type\":\"WebPage\",\"@id\":\"https:\/\/www.upspower-supply.com\/product\/portable-power-station-for-refrigerator-600w\/\",\"url\":\"https:\/\/www.upspower-supply.com\/product\/portable-power-station-for-refrigerator-600w\/\",\"name\":\"Portable power station for refrigerator 600w - UPS power supply\",\"isPartOf\":{\"@id\":\"https:\/\/www.upspower-supply.com\/#website\"},\"primaryImageOfPage\":{\"@id\":\"https:\/\/www.upspower-supply.com\/product\/portable-power-station-for-refrigerator-600w\/#primaryimage\"},\"image\":{\"@id\":\"https:\/\/www.upspower-supply.com\/product\/portable-power-station-for-refrigerator-600w\/#primaryimage\"},\"thumbnailUrl\":\"https:\/\/www.upspower-supply.com\/wp-content\/uploads\/2025\/05\/portable-power-station-for-refrigerator-600w-5.jpg\",\"datePublished\":\"2025-05-13T07:32:12+00:00\",\"dateModified\":\"2026-03-28T19:55:51+00:00\",\"breadcrumb\":{\"@id\":\"https:\/\/www.upspower-supply.com\/product\/portable-power-station-for-refrigerator-600w\/#breadcrumb\"},\"inLanguage\":\"es\",\"potentialAction\":[{\"@type\":\"ReadAction\",\"target\":[\"https:\/\/www.upspower-supply.com\/product\/portable-power-station-for-refrigerator-600w\/\"]}]},{\"@type\":\"ImageObject\",\"inLanguage\":\"es\",\"@id\":\"https:\/\/www.upspower-supply.com\/product\/portable-power-station-for-refrigerator-600w\/#primaryimage\",\"url\":\"https:\/\/www.upspower-supply.com\/wp-content\/uploads\/2025\/05\/portable-power-station-for-refrigerator-600w-5.jpg\",\"contentUrl\":\"https:\/\/www.upspower-supply.com\/wp-content\/uploads\/2025\/05\/portable-power-station-for-refrigerator-600w-5.jpg\",\"width\":1000,\"height\":1000,\"caption\":\"portable power station for refrigerator 600w\"},{\"@type\":\"BreadcrumbList\",\"@id\":\"https:\/\/www.upspower-supply.com\/product\/portable-power-station-for-refrigerator-600w\/#breadcrumb\",\"itemListElement\":[{\"@type\":\"ListItem\",\"position\":1,\"name\":\"Home\",\"item\":\"https:\/\/www.upspower-supply.com\/\"},{\"@type\":\"ListItem\",\"position\":2,\"name\":\"Shop\",\"item\":\"https:\/\/www.upspower-supply.com\/shop\/\"},{\"@type\":\"ListItem\",\"position\":3,\"name\":\"Portable power station for refrigerator 600w\"}]},{\"@type\":\"WebSite\",\"@id\":\"https:\/\/www.upspower-supply.com\/#website\",\"url\":\"https:\/\/www.upspower-supply.com\/\",\"name\":\"UPS power supply\",\"description\":\"\",\"potentialAction\":[{\"@type\":\"SearchAction\",\"target\":{\"@type\":\"EntryPoint\",\"urlTemplate\":\"https:\/\/www.upspower-supply.com\/?s={search_term_string}\"},\"query-input\":{\"@type\":\"PropertyValueSpecification\",\"valueRequired\":true,\"valueName\":\"search_term_string\"}}],\"inLanguage\":\"es\"}]}<\/script>\n<!-- \/ Yoast SEO plugin. -->","yoast_head_json":{"title":"Portable power station for refrigerator 600w - UPS power supply","robots":{"index":"index","follow":"follow","max-snippet":"max-snippet:-1","max-image-preview":"max-image-preview:large","max-video-preview":"max-video-preview:-1"},"canonical":"https:\/\/www.upspower-supply.com\/es\/producto\/portable-power-station-for-refrigerator-600w\/","og_locale":"es_ES","og_type":"article","og_title":"Portable power station for refrigerator 600w - UPS power supply","og_description":"Model RM-PA600   Built-in Battery High quality lithium ion battery   Battery Capacity 520Wh \/ 140400mAh \/ 3.7V   Input DC5521 12V-26V\/8A MAX120W Anderson 12V-26V\/8A MAX160W TYPE-C 5V-20V\/3A MAX PD60W   Fully Charged Time Single DC port charging: 4-5h Single Anderson port charging: 4h Single TYPE-C: 11-12h Anderson port + TYPE-C port combination simultaneous charging: 3-4h DC port + TYPE-C port combination simultaneous charging: 4-5h   DC Output USB Port: 1 * USB 5V-12V\/2A, QC 3.0; 2 * USB 5V\/3.1A; Type-C Port: 1 * Type-c 5V-20V\/3A; 5521 DC output: 4 * DC 13.5V\/6A; 1 * Cigarette Lighter adapter(13.5V\/10A MAX150W)   AC Output 2 x AC pure sine wave output   AC Continuous Power 600W   Constant Power Output Voltage 650W (85V-120V (160V-230V))   LED Lighting 4W   Wireless Charging 10W   Operating Temperature -10\u00b0C-40\u00b0C   Product Protection a. Short circuit protection b. Overcurrent protection c. Overvoltage protection d. Undervoltage protection e. Overload protection f. Over temperature protection   Package Included 1 x portable solar generator 1 x power adapter 1 x AC line 1 x user manual 1 x Car charger   Machine Certification PSE FCC CE ROHS MSDS UN38.3, Air transport report, Marine transport report","og_url":"https:\/\/www.upspower-supply.com\/es\/producto\/portable-power-station-for-refrigerator-600w\/","og_site_name":"UPS power supply","article_modified_time":"2026-03-28T19:55:51+00:00","og_image":[{"width":1000,"height":1000,"url":"https:\/\/www.upspower-supply.com\/wp-content\/uploads\/2025\/05\/portable-power-station-for-refrigerator-600w-5.jpg","type":"image\/jpeg"}],"twitter_card":"summary_large_image","twitter_misc":{"Tiempo de lectura":"3 minutos"},"schema":{"@context":"https:\/\/schema.org","@graph":[{"@type":"WebPage","@id":"https:\/\/www.upspower-supply.com\/product\/portable-power-station-for-refrigerator-600w\/","url":"https:\/\/www.upspower-supply.com\/product\/portable-power-station-for-refrigerator-600w\/","name":"Portable power station for refrigerator 600w - UPS power supply","isPartOf":{"@id":"https:\/\/www.upspower-supply.com\/#website"},"primaryImageOfPage":{"@id":"https:\/\/www.upspower-supply.com\/product\/portable-power-station-for-refrigerator-600w\/#primaryimage"},"image":{"@id":"https:\/\/www.upspower-supply.com\/product\/portable-power-station-for-refrigerator-600w\/#primaryimage"},"thumbnailUrl":"https:\/\/www.upspower-supply.com\/wp-content\/uploads\/2025\/05\/portable-power-station-for-refrigerator-600w-5.jpg","datePublished":"2025-05-13T07:32:12+00:00","dateModified":"2026-03-28T19:55:51+00:00","breadcrumb":{"@id":"https:\/\/www.upspower-supply.com\/product\/portable-power-station-for-refrigerator-600w\/#breadcrumb"},"inLanguage":"es","potentialAction":[{"@type":"ReadAction","target":["https:\/\/www.upspower-supply.com\/product\/portable-power-station-for-refrigerator-600w\/"]}]},{"@type":"ImageObject","inLanguage":"es","@id":"https:\/\/www.upspower-supply.com\/product\/portable-power-station-for-refrigerator-600w\/#primaryimage","url":"https:\/\/www.upspower-supply.com\/wp-content\/uploads\/2025\/05\/portable-power-station-for-refrigerator-600w-5.jpg","contentUrl":"https:\/\/www.upspower-supply.com\/wp-content\/uploads\/2025\/05\/portable-power-station-for-refrigerator-600w-5.jpg","width":1000,"height":1000,"caption":"portable power station for refrigerator 600w"},{"@type":"BreadcrumbList","@id":"https:\/\/www.upspower-supply.com\/product\/portable-power-station-for-refrigerator-600w\/#breadcrumb","itemListElement":[{"@type":"ListItem","position":1,"name":"Home","item":"https:\/\/www.upspower-supply.com\/"},{"@type":"ListItem","position":2,"name":"Shop","item":"https:\/\/www.upspower-supply.com\/shop\/"},{"@type":"ListItem","position":3,"name":"Portable power station for refrigerator 600w"}]},{"@type":"WebSite","@id":"https:\/\/www.upspower-supply.com\/#website","url":"https:\/\/www.upspower-supply.com\/","name":"UPS power supply","description":"","potentialAction":[{"@type":"SearchAction","target":{"@type":"EntryPoint","urlTemplate":"https:\/\/www.upspower-supply.com\/?s={search_term_string}"},"query-input":{"@type":"PropertyValueSpecification","valueRequired":true,"valueName":"search_term_string"}}],"inLanguage":"es"}]}},"uagb_featured_image_src":{"full":["https:\/\/www.upspower-supply.com\/wp-content\/uploads\/2025\/05\/portable-power-station-for-refrigerator-600w-5.jpg",1000,1000,false],"thumbnail":["https:\/\/www.upspower-supply.com\/wp-content\/uploads\/2025\/05\/portable-power-station-for-refrigerator-600w-5-150x150.jpg",150,150,true],"medium":["https:\/\/www.upspower-supply.com\/wp-content\/uploads\/2025\/05\/portable-power-station-for-refrigerator-600w-5-300x300.jpg",300,300,true],"medium_large":["https:\/\/www.upspower-supply.com\/wp-content\/uploads\/2025\/05\/portable-power-station-for-refrigerator-600w-5-768x768.jpg",768,768,true],"large":["https:\/\/www.upspower-supply.com\/wp-content\/uploads\/2025\/05\/portable-power-station-for-refrigerator-600w-5.jpg",1000,1000,false],"1536x1536":["https:\/\/www.upspower-supply.com\/wp-content\/uploads\/2025\/05\/portable-power-station-for-refrigerator-600w-5.jpg",1000,1000,false],"2048x2048":["https:\/\/www.upspower-supply.com\/wp-content\/uploads\/2025\/05\/portable-power-station-for-refrigerator-600w-5.jpg",1000,1000,false],"trp-custom-language-flag":["https:\/\/www.upspower-supply.com\/wp-content\/uploads\/2025\/05\/portable-power-station-for-refrigerator-600w-5-12x12.jpg",12,12,true],"woocommerce_thumbnail":["https:\/\/www.upspower-supply.com\/wp-content\/uploads\/2025\/05\/portable-power-station-for-refrigerator-600w-5-300x300.jpg",300,300,true],"woocommerce_single":["https:\/\/www.upspower-supply.com\/wp-content\/uploads\/2025\/05\/portable-power-station-for-refrigerator-600w-5-600x600.jpg",600,600,true],"woocommerce_gallery_thumbnail":["https:\/\/www.upspower-supply.com\/wp-content\/uploads\/2025\/05\/portable-power-station-for-refrigerator-600w-5-100x100.jpg",100,100,true]},"uagb_author_info":{"display_name":"Tyne Tingey","author_link":"https:\/\/www.upspower-supply.com\/es\/author\/"},"uagb_comment_info":0,"uagb_excerpt":"Model RM-PA600 Built-in Battery High quality lithium ion battery Battery Capacity 520Wh \/ 140400mAh \/ 3.7V Input DC5521 12V-26V\/8A MAX120W Anderson 12V-26V\/8A MAX160W TYPE-C 5V-20V\/3A MAX PD60W Fully Charged Time Single DC port charging: 4-5h Single Anderson port charging: 4h Single TYPE-C: 11-12h Anderson port + TYPE-C port combination simultaneous charging: 3-4h DC port +&hellip;","_links":{"self":[{"href":"https:\/\/www.upspower-supply.com\/es\/wp-json\/wp\/v2\/product\/1353","targetHints":{"allow":["GET"]}}],"collection":[{"href":"https:\/\/www.upspower-supply.com\/es\/wp-json\/wp\/v2\/product"}],"about":[{"href":"https:\/\/www.upspower-supply.com\/es\/wp-json\/wp\/v2\/types\/product"}],"replies":[{"embeddable":true,"href":"https:\/\/www.upspower-supply.com\/es\/wp-json\/wp\/v2\/comments?post=1353"}],"wp:featuredmedia":[{"embeddable":true,"href":"https:\/\/www.upspower-supply.com\/es\/wp-json\/wp\/v2\/media\/1350"}],"wp:attachment":[{"href":"https:\/\/www.upspower-supply.com\/es\/wp-json\/wp\/v2\/media?parent=1353"}],"wp:term":[{"taxonomy":"product_brand","embeddable":true,"href":"https:\/\/www.upspower-supply.com\/es\/wp-json\/wp\/v2\/product_brand?post=1353"},{"taxonomy":"product_cat","embeddable":true,"href":"https:\/\/www.upspower-supply.com\/es\/wp-json\/wp\/v2\/product_cat?post=1353"},{"taxonomy":"product_tag","embeddable":true,"href":"https:\/\/www.upspower-supply.com\/es\/wp-json\/wp\/v2\/product_tag?post=1353"}],"curies":[{"name":"wp","href":"https:\/\/api.w.org\/{rel}","templated":true}]}}