{"id":1220,"date":"2025-04-24T07:16:42","date_gmt":"2025-04-24T07:16:42","guid":{"rendered":"https:\/\/www.upspower-supply.com\/product\/eaton-rmrt2ks-2kva-2u-rackmount-online-ups-no-built-in-battery\/"},"modified":"2026-04-18T05:44:35","modified_gmt":"2026-04-18T05:44:35","slug":"eaton-rmrt2ks-2kva-2u-rackmount-online-ups-no-built-in-battery","status":"publish","type":"product","link":"https:\/\/www.upspower-supply.com\/es\/producto\/eaton-rmrt2ks-2kva-2u-rackmount-online-ups-no-built-in-battery\/","title":{"rendered":"SAI en l\u00ednea Eaton RMRT2KS de 2 kVA y 2 U para montaje en rack (sin bater\u00eda integrada)"},"content":{"rendered":"<div class=\"attribute-layout\">\n<h2 id=\"key-attributes\" class=\"att-title\">Atributos clave del SAI de 2 kVA<\/h2>\n<h3>Otros atributos<\/h3>\n<table class=\"min-w-full table-auto border-collapse border border-gray-300\">\n<thead>\n<tr>\n<th class=\"border-b px-4 py-2 text-left\">Atributo<\/th>\n<th class=\"border-b px-4 py-2 text-left\">Detalles<\/th>\n<\/tr>\n<\/thead>\n<tbody>\n<tr>\n<td class=\"border-b px-4 py-2\">Lugar de origen<\/td>\n<td class=\"border-b px-4 py-2\">Guangdong, China<\/td>\n<\/tr>\n<tr>\n<td class=\"border-b px-4 py-2\">Nombre de marca<\/td>\n<td class=\"border-b px-4 py-2\">Eaton<\/td>\n<\/tr>\n<tr>\n<td class=\"border-b px-4 py-2\">N\u00famero de modelo<\/td>\n<td class=\"border-b px-4 py-2\">DXRT2KS<\/td>\n<\/tr>\n<tr>\n<td class=\"border-b px-4 py-2\">Energ\u00eda el\u00e9ctrica<\/td>\n<td class=\"border-b px-4 py-2\">0 Wh<\/td>\n<\/tr>\n<tr>\n<td class=\"border-b px-4 py-2\">Fase<\/td>\n<td class=\"border-b px-4 py-2\">Monof\u00e1sico<\/td>\n<\/tr>\n<tr>\n<td class=\"border-b px-4 py-2\">Protecci\u00f3n<\/td>\n<td class=\"border-b px-4 py-2\">Sobretensi\u00f3n<\/td>\n<\/tr>\n<tr>\n<td class=\"border-b px-4 py-2\">Peso<\/td>\n<td class=\"border-b px-4 py-2\">10 kG<\/td>\n<\/tr>\n<tr>\n<td class=\"border-b px-4 py-2\">Tipo<\/td>\n<td class=\"border-b px-4 py-2\">En l\u00ednea<\/td>\n<\/tr>\n<tr>\n<td class=\"border-b px-4 py-2\">Solicitud<\/td>\n<td class=\"border-b px-4 py-2\">Redes<\/td>\n<\/tr>\n<tr>\n<td class=\"border-b px-4 py-2\">Potencia nominal<\/td>\n<td class=\"border-b px-4 py-2\">2000 VA | 1800 W<\/td>\n<\/tr>\n<tr>\n<td class=\"border-b px-4 py-2\">Tensi\u00f3n nominal<\/td>\n<td class=\"border-b px-4 py-2\">220\/230\/240 V CA (predeterminado 220 V CA)<\/td>\n<\/tr>\n<tr>\n<td class=\"border-b px-4 py-2\">Rango de voltaje de entrada<\/td>\n<td class=\"border-b px-4 py-2\">110-275 V CA<\/td>\n<\/tr>\n<tr>\n<td class=\"border-b px-4 py-2\">Fase de entrada | salida<\/td>\n<td class=\"border-b px-4 py-2\">1:1<\/td>\n<\/tr>\n<tr>\n<td class=\"border-b px-4 py-2\">Topolog\u00eda<\/td>\n<td class=\"border-b px-4 py-2\">Doble conversi\u00f3n en l\u00ednea con sistema de correcci\u00f3n del factor de potencia (PFC)<\/td>\n<\/tr>\n<tr>\n<td class=\"border-b px-4 py-2\">Capacidad de la bater\u00eda<\/td>\n<td class=\"border-b px-4 py-2\">Sin bater\u00eda incorporada, 72 V CC<\/td>\n<\/tr>\n<tr>\n<td class=\"border-b px-4 py-2\">Puerto de comunicaci\u00f3n<\/td>\n<td class=\"border-b px-4 py-2\">USB, ranura para tarjeta inteligente<\/td>\n<\/tr>\n<tr>\n<td class=\"border-b px-4 py-2\">Tiempo de respaldo<\/td>\n<td class=\"border-b px-4 py-2\">Depende de EBM o bater\u00eda externa<\/td>\n<\/tr>\n<tr>\n<td class=\"border-b px-4 py-2\">Proceso de dar un t\u00edtulo<\/td>\n<td class=\"border-b px-4 py-2\">CE<\/td>\n<\/tr>\n<tr>\n<td class=\"border-b px-4 py-2\">Garant\u00eda<\/td>\n<td class=\"border-b px-4 py-2\">3 a\u00f1os<\/td>\n<\/tr>\n<\/tbody>\n<\/table>\n<h3>Embalaje y entrega<\/h3>\n<table class=\"min-w-full table-auto border-collapse border border-gray-300 mt-4\">\n<thead>\n<tr>\n<th class=\"border-b px-4 py-2 text-left\">Atributo<\/th>\n<th class=\"border-b px-4 py-2 text-left\">Detalles<\/th>\n<\/tr>\n<\/thead>\n<tbody>\n<tr>\n<td class=\"border-b px-4 py-2\">Venta de unidades<\/td>\n<td class=\"border-b px-4 py-2\">Art\u00edculo \u00fanico<\/td>\n<\/tr>\n<tr>\n<td class=\"border-b px-4 py-2\">Tama\u00f1o de paquete \u00fanico<\/td>\n<td class=\"border-b px-4 py-2\">56X55X24 cm<\/td>\n<\/tr>\n<tr>\n<td class=\"border-b px-4 py-2\">Peso bruto individual<\/td>\n<td class=\"border-b px-4 py-2\">15.000 kilos<\/td>\n<\/tr>\n<\/tbody>\n<\/table>\n<\/div>","protected":false},"excerpt":{"rendered":"<p>El Eaton RMRT2KS es un SAI en l\u00ednea de 2 kVA y alto rendimiento, dise\u00f1ado para una protecci\u00f3n energ\u00e9tica fiable en aplicaciones cr\u00edticas. Con su dise\u00f1o para montaje en rack 2U, este SAI de doble conversi\u00f3n garantiza un suministro el\u00e9ctrico ininterrumpido, ofreciendo energ\u00eda limpia y estable para equipos sensibles. Con una entrada de bater\u00eda de 72 V CC (sin bater\u00eda interna), es perfecto para entornos que requieren configuraciones de bater\u00eda flexibles. Ideal para sistemas inform\u00e1ticos peque\u00f1os y medianos, este SAI proporciona una gesti\u00f3n energ\u00e9tica eficiente y protecci\u00f3n avanzada contra fluctuaciones de tensi\u00f3n.<\/p>","protected":false},"featured_media":1214,"comment_status":"open","ping_status":"closed","template":"","meta":{"_acf_changed":false,"_uag_custom_page_level_css":"","site-sidebar-layout":"default","site-content-layout":"","ast-site-content-layout":"default","site-content-style":"default","site-sidebar-style":"default","ast-global-header-display":"","ast-banner-title-visibility":"","ast-main-header-display":"","ast-hfb-above-header-display":"","ast-hfb-below-header-display":"","ast-hfb-mobile-header-display":"","site-post-title":"","ast-breadcrumbs-content":"","ast-featured-img":"","footer-sml-layout":"","theme-transparent-header-meta":"default","adv-header-id-meta":"","stick-header-meta":"","header-above-stick-meta":"","header-main-stick-meta":"","header-below-stick-meta":"","astra-migrate-meta-layouts":"set","ast-page-background-enabled":"default","ast-page-background-meta":{"desktop":{"background-color":"var(--ast-global-color-4)","background-image":"","background-repeat":"repeat","background-position":"center center","background-size":"auto","background-attachment":"scroll","background-type":"","background-media":"","overlay-type":"","overlay-color":"","overlay-opacity":"","overlay-gradient":""},"tablet":{"background-color":"","background-image":"","background-repeat":"repeat","background-position":"center center","background-size":"auto","background-attachment":"scroll","background-type":"","background-media":"","overlay-type":"","overlay-color":"","overlay-opacity":"","overlay-gradient":""},"mobile":{"background-color":"","background-image":"","background-repeat":"repeat","background-position":"center center","background-size":"auto","background-attachment":"scroll","background-type":"","background-media":"","overlay-type":"","overlay-color":"","overlay-opacity":"","overlay-gradient":""}},"ast-content-background-meta":{"desktop":{"background-color":"var(--ast-global-color-5)","background-image":"","background-repeat":"repeat","background-position":"center center","background-size":"auto","background-attachment":"scroll","background-type":"","background-media":"","overlay-type":"","overlay-color":"","overlay-opacity":"","overlay-gradient":""},"tablet":{"background-color":"var(--ast-global-color-5)","background-image":"","background-repeat":"repeat","background-position":"center center","background-size":"auto","background-attachment":"scroll","background-type":"","background-media":"","overlay-type":"","overlay-color":"","overlay-opacity":"","overlay-gradient":""},"mobile":{"background-color":"var(--ast-global-color-5)","background-image":"","background-repeat":"repeat","background-position":"center center","background-size":"auto","background-attachment":"scroll","background-type":"","background-media":"","overlay-type":"","overlay-color":"","overlay-opacity":"","overlay-gradient":""}}},"product_brand":[],"product_cat":[26,45],"product_tag":[30,28,49],"class_list":{"0":"post-1220","1":"product","2":"type-product","3":"status-publish","4":"has-post-thumbnail","6":"product_cat-online-ups","7":"product_cat-rack-mount-ups","8":"product_tag-2kva-ups","9":"product_tag-rack-mount-ups","10":"product_tag-single-phase-ups","11":"desktop-align-left","12":"tablet-align-left","13":"mobile-align-left","15":"first","16":"instock","17":"shipping-taxable","18":"product-type-simple"},"acf":[],"yoast_head":"<!-- This site is optimized with the Yoast SEO plugin v25.0 - https:\/\/yoast.com\/wordpress\/plugins\/seo\/ -->\n<title>Eaton RMRT2KS 2kVA 2U Rackmount Online UPS \u2013 No Built-In Battery - UPS power supply<\/title>\n<meta name=\"robots\" content=\"index, follow, max-snippet:-1, max-image-preview:large, max-video-preview:-1\" \/>\n<link rel=\"canonical\" href=\"https:\/\/www.upspower-supply.com\/es\/producto\/eaton-rmrt2ks-2kva-2u-rackmount-online-ups-no-built-in-battery\/\" \/>\n<meta property=\"og:locale\" content=\"es_ES\" \/>\n<meta property=\"og:type\" content=\"article\" \/>\n<meta property=\"og:title\" content=\"Eaton RMRT2KS 2kVA 2U Rackmount Online UPS \u2013 No Built-In Battery - UPS power supply\" \/>\n<meta property=\"og:description\" content=\"The Eaton RMRT2KS is a high-performance 2kVA online UPS designed for reliable power protection in mission-critical applications. With its 2U rackmount design, this double-conversion UPS ensures uninterrupted power supply, offering clean and stable energy for sensitive equipment. Featuring a 72Vdc battery input (no internal battery), it is perfect for environments requiring flexible battery configurations. Ideal for small to medium IT systems, this UPS provides efficient power management and advanced protection against power fluctuations.\" \/>\n<meta property=\"og:url\" content=\"https:\/\/www.upspower-supply.com\/es\/producto\/eaton-rmrt2ks-2kva-2u-rackmount-online-ups-no-built-in-battery\/\" \/>\n<meta property=\"og:site_name\" content=\"UPS power supply\" \/>\n<meta property=\"article:modified_time\" content=\"2026-04-18T05:44:35+00:00\" \/>\n<meta property=\"og:image\" content=\"https:\/\/www.upspower-supply.com\/wp-content\/uploads\/2025\/04\/eaton-rmrt2ks-2kva-2u-rackmount-online-ups-no-built-in-battery-1.webp\" \/>\n\t<meta property=\"og:image:width\" content=\"2500\" \/>\n\t<meta property=\"og:image:height\" content=\"2500\" \/>\n\t<meta property=\"og:image:type\" content=\"image\/webp\" \/>\n<meta name=\"twitter:card\" content=\"summary_large_image\" \/>\n<meta name=\"twitter:label1\" content=\"Tiempo de lectura\" \/>\n\t<meta name=\"twitter:data1\" content=\"1 minuto\" \/>\n<script type=\"application\/ld+json\" class=\"yoast-schema-graph\">{\"@context\":\"https:\/\/schema.org\",\"@graph\":[{\"@type\":\"WebPage\",\"@id\":\"https:\/\/www.upspower-supply.com\/product\/eaton-rmrt2ks-2kva-2u-rackmount-online-ups-no-built-in-battery\/\",\"url\":\"https:\/\/www.upspower-supply.com\/product\/eaton-rmrt2ks-2kva-2u-rackmount-online-ups-no-built-in-battery\/\",\"name\":\"Eaton RMRT2KS 2kVA 2U Rackmount Online UPS \u2013 No Built-In Battery - UPS power supply\",\"isPartOf\":{\"@id\":\"https:\/\/www.upspower-supply.com\/#website\"},\"primaryImageOfPage\":{\"@id\":\"https:\/\/www.upspower-supply.com\/product\/eaton-rmrt2ks-2kva-2u-rackmount-online-ups-no-built-in-battery\/#primaryimage\"},\"image\":{\"@id\":\"https:\/\/www.upspower-supply.com\/product\/eaton-rmrt2ks-2kva-2u-rackmount-online-ups-no-built-in-battery\/#primaryimage\"},\"thumbnailUrl\":\"https:\/\/www.upspower-supply.com\/wp-content\/uploads\/2025\/04\/eaton-rmrt2ks-2kva-2u-rackmount-online-ups-no-built-in-battery-1.webp\",\"datePublished\":\"2025-04-24T07:16:42+00:00\",\"dateModified\":\"2026-04-18T05:44:35+00:00\",\"breadcrumb\":{\"@id\":\"https:\/\/www.upspower-supply.com\/product\/eaton-rmrt2ks-2kva-2u-rackmount-online-ups-no-built-in-battery\/#breadcrumb\"},\"inLanguage\":\"es\",\"potentialAction\":[{\"@type\":\"ReadAction\",\"target\":[\"https:\/\/www.upspower-supply.com\/product\/eaton-rmrt2ks-2kva-2u-rackmount-online-ups-no-built-in-battery\/\"]}]},{\"@type\":\"ImageObject\",\"inLanguage\":\"es\",\"@id\":\"https:\/\/www.upspower-supply.com\/product\/eaton-rmrt2ks-2kva-2u-rackmount-online-ups-no-built-in-battery\/#primaryimage\",\"url\":\"https:\/\/www.upspower-supply.com\/wp-content\/uploads\/2025\/04\/eaton-rmrt2ks-2kva-2u-rackmount-online-ups-no-built-in-battery-1.webp\",\"contentUrl\":\"https:\/\/www.upspower-supply.com\/wp-content\/uploads\/2025\/04\/eaton-rmrt2ks-2kva-2u-rackmount-online-ups-no-built-in-battery-1.webp\",\"width\":2500,\"height\":2500,\"caption\":\"Eaton RMRT2KS 2kVA 2U Rackmount Online UPS\"},{\"@type\":\"BreadcrumbList\",\"@id\":\"https:\/\/www.upspower-supply.com\/product\/eaton-rmrt2ks-2kva-2u-rackmount-online-ups-no-built-in-battery\/#breadcrumb\",\"itemListElement\":[{\"@type\":\"ListItem\",\"position\":1,\"name\":\"Home\",\"item\":\"https:\/\/www.upspower-supply.com\/\"},{\"@type\":\"ListItem\",\"position\":2,\"name\":\"Shop\",\"item\":\"https:\/\/www.upspower-supply.com\/shop\/\"},{\"@type\":\"ListItem\",\"position\":3,\"name\":\"Eaton RMRT2KS 2kVA 2U Rackmount Online UPS \u2013 No Built-In Battery\"}]},{\"@type\":\"WebSite\",\"@id\":\"https:\/\/www.upspower-supply.com\/#website\",\"url\":\"https:\/\/www.upspower-supply.com\/\",\"name\":\"UPS power supply\",\"description\":\"\",\"potentialAction\":[{\"@type\":\"SearchAction\",\"target\":{\"@type\":\"EntryPoint\",\"urlTemplate\":\"https:\/\/www.upspower-supply.com\/?s={search_term_string}\"},\"query-input\":{\"@type\":\"PropertyValueSpecification\",\"valueRequired\":true,\"valueName\":\"search_term_string\"}}],\"inLanguage\":\"es\"}]}<\/script>\n<!-- \/ Yoast SEO plugin. -->","yoast_head_json":{"title":"Eaton RMRT2KS 2kVA 2U Rackmount Online UPS \u2013 No Built-In Battery - UPS power supply","robots":{"index":"index","follow":"follow","max-snippet":"max-snippet:-1","max-image-preview":"max-image-preview:large","max-video-preview":"max-video-preview:-1"},"canonical":"https:\/\/www.upspower-supply.com\/es\/producto\/eaton-rmrt2ks-2kva-2u-rackmount-online-ups-no-built-in-battery\/","og_locale":"es_ES","og_type":"article","og_title":"Eaton RMRT2KS 2kVA 2U Rackmount Online UPS \u2013 No Built-In Battery - UPS power supply","og_description":"The Eaton RMRT2KS is a high-performance 2kVA online UPS designed for reliable power protection in mission-critical applications. With its 2U rackmount design, this double-conversion UPS ensures uninterrupted power supply, offering clean and stable energy for sensitive equipment. Featuring a 72Vdc battery input (no internal battery), it is perfect for environments requiring flexible battery configurations. Ideal for small to medium IT systems, this UPS provides efficient power management and advanced protection against power fluctuations.","og_url":"https:\/\/www.upspower-supply.com\/es\/producto\/eaton-rmrt2ks-2kva-2u-rackmount-online-ups-no-built-in-battery\/","og_site_name":"UPS power supply","article_modified_time":"2026-04-18T05:44:35+00:00","og_image":[{"width":2500,"height":2500,"url":"https:\/\/www.upspower-supply.com\/wp-content\/uploads\/2025\/04\/eaton-rmrt2ks-2kva-2u-rackmount-online-ups-no-built-in-battery-1.webp","type":"image\/webp"}],"twitter_card":"summary_large_image","twitter_misc":{"Tiempo de lectura":"1 minuto"},"schema":{"@context":"https:\/\/schema.org","@graph":[{"@type":"WebPage","@id":"https:\/\/www.upspower-supply.com\/product\/eaton-rmrt2ks-2kva-2u-rackmount-online-ups-no-built-in-battery\/","url":"https:\/\/www.upspower-supply.com\/product\/eaton-rmrt2ks-2kva-2u-rackmount-online-ups-no-built-in-battery\/","name":"Eaton RMRT2KS 2kVA 2U Rackmount Online UPS \u2013 No Built-In Battery - UPS power supply","isPartOf":{"@id":"https:\/\/www.upspower-supply.com\/#website"},"primaryImageOfPage":{"@id":"https:\/\/www.upspower-supply.com\/product\/eaton-rmrt2ks-2kva-2u-rackmount-online-ups-no-built-in-battery\/#primaryimage"},"image":{"@id":"https:\/\/www.upspower-supply.com\/product\/eaton-rmrt2ks-2kva-2u-rackmount-online-ups-no-built-in-battery\/#primaryimage"},"thumbnailUrl":"https:\/\/www.upspower-supply.com\/wp-content\/uploads\/2025\/04\/eaton-rmrt2ks-2kva-2u-rackmount-online-ups-no-built-in-battery-1.webp","datePublished":"2025-04-24T07:16:42+00:00","dateModified":"2026-04-18T05:44:35+00:00","breadcrumb":{"@id":"https:\/\/www.upspower-supply.com\/product\/eaton-rmrt2ks-2kva-2u-rackmount-online-ups-no-built-in-battery\/#breadcrumb"},"inLanguage":"es","potentialAction":[{"@type":"ReadAction","target":["https:\/\/www.upspower-supply.com\/product\/eaton-rmrt2ks-2kva-2u-rackmount-online-ups-no-built-in-battery\/"]}]},{"@type":"ImageObject","inLanguage":"es","@id":"https:\/\/www.upspower-supply.com\/product\/eaton-rmrt2ks-2kva-2u-rackmount-online-ups-no-built-in-battery\/#primaryimage","url":"https:\/\/www.upspower-supply.com\/wp-content\/uploads\/2025\/04\/eaton-rmrt2ks-2kva-2u-rackmount-online-ups-no-built-in-battery-1.webp","contentUrl":"https:\/\/www.upspower-supply.com\/wp-content\/uploads\/2025\/04\/eaton-rmrt2ks-2kva-2u-rackmount-online-ups-no-built-in-battery-1.webp","width":2500,"height":2500,"caption":"Eaton RMRT2KS 2kVA 2U Rackmount Online UPS"},{"@type":"BreadcrumbList","@id":"https:\/\/www.upspower-supply.com\/product\/eaton-rmrt2ks-2kva-2u-rackmount-online-ups-no-built-in-battery\/#breadcrumb","itemListElement":[{"@type":"ListItem","position":1,"name":"Home","item":"https:\/\/www.upspower-supply.com\/"},{"@type":"ListItem","position":2,"name":"Shop","item":"https:\/\/www.upspower-supply.com\/shop\/"},{"@type":"ListItem","position":3,"name":"Eaton RMRT2KS 2kVA 2U Rackmount Online UPS \u2013 No Built-In Battery"}]},{"@type":"WebSite","@id":"https:\/\/www.upspower-supply.com\/#website","url":"https:\/\/www.upspower-supply.com\/","name":"UPS power supply","description":"","potentialAction":[{"@type":"SearchAction","target":{"@type":"EntryPoint","urlTemplate":"https:\/\/www.upspower-supply.com\/?s={search_term_string}"},"query-input":{"@type":"PropertyValueSpecification","valueRequired":true,"valueName":"search_term_string"}}],"inLanguage":"es"}]}},"uagb_featured_image_src":{"full":["https:\/\/www.upspower-supply.com\/wp-content\/uploads\/2025\/04\/eaton-rmrt2ks-2kva-2u-rackmount-online-ups-no-built-in-battery-1.webp",2500,2500,false],"thumbnail":["https:\/\/www.upspower-supply.com\/wp-content\/uploads\/2025\/04\/eaton-rmrt2ks-2kva-2u-rackmount-online-ups-no-built-in-battery-1.webp",150,150,false],"medium":["https:\/\/www.upspower-supply.com\/wp-content\/uploads\/2025\/04\/eaton-rmrt2ks-2kva-2u-rackmount-online-ups-no-built-in-battery-1.webp",300,300,false],"medium_large":["https:\/\/www.upspower-supply.com\/wp-content\/uploads\/2025\/04\/eaton-rmrt2ks-2kva-2u-rackmount-online-ups-no-built-in-battery-1.webp",768,768,false],"large":["https:\/\/www.upspower-supply.com\/wp-content\/uploads\/2025\/04\/eaton-rmrt2ks-2kva-2u-rackmount-online-ups-no-built-in-battery-1.webp",1024,1024,false],"1536x1536":["https:\/\/www.upspower-supply.com\/wp-content\/uploads\/2025\/04\/eaton-rmrt2ks-2kva-2u-rackmount-online-ups-no-built-in-battery-1.webp",1536,1536,false],"2048x2048":["https:\/\/www.upspower-supply.com\/wp-content\/uploads\/2025\/04\/eaton-rmrt2ks-2kva-2u-rackmount-online-ups-no-built-in-battery-1.webp",2048,2048,false],"trp-custom-language-flag":["https:\/\/www.upspower-supply.com\/wp-content\/uploads\/2025\/04\/eaton-rmrt2ks-2kva-2u-rackmount-online-ups-no-built-in-battery-1.webp",12,12,false],"woocommerce_thumbnail":["https:\/\/www.upspower-supply.com\/wp-content\/uploads\/2025\/04\/eaton-rmrt2ks-2kva-2u-rackmount-online-ups-no-built-in-battery-1.webp",300,300,false],"woocommerce_single":["https:\/\/www.upspower-supply.com\/wp-content\/uploads\/2025\/04\/eaton-rmrt2ks-2kva-2u-rackmount-online-ups-no-built-in-battery-1.webp",600,600,false],"woocommerce_gallery_thumbnail":["https:\/\/www.upspower-supply.com\/wp-content\/uploads\/2025\/04\/eaton-rmrt2ks-2kva-2u-rackmount-online-ups-no-built-in-battery-1.webp",100,100,false]},"uagb_author_info":{"display_name":"Tyne Tingey","author_link":"https:\/\/www.upspower-supply.com\/es\/author\/"},"uagb_comment_info":2,"uagb_excerpt":"The Eaton RMRT2KS is a high-performance 2kVA online UPS designed for reliable power protection in mission-critical applications. With its 2U rackmount design, this double-conversion UPS ensures uninterrupted power supply, offering clean and stable energy for sensitive equipment. Featuring a 72Vdc battery input (no internal battery), it is perfect for environments requiring flexible battery configurations. Ideal&hellip;","_links":{"self":[{"href":"https:\/\/www.upspower-supply.com\/es\/wp-json\/wp\/v2\/product\/1220","targetHints":{"allow":["GET"]}}],"collection":[{"href":"https:\/\/www.upspower-supply.com\/es\/wp-json\/wp\/v2\/product"}],"about":[{"href":"https:\/\/www.upspower-supply.com\/es\/wp-json\/wp\/v2\/types\/product"}],"replies":[{"embeddable":true,"href":"https:\/\/www.upspower-supply.com\/es\/wp-json\/wp\/v2\/comments?post=1220"}],"wp:featuredmedia":[{"embeddable":true,"href":"https:\/\/www.upspower-supply.com\/es\/wp-json\/wp\/v2\/media\/1214"}],"wp:attachment":[{"href":"https:\/\/www.upspower-supply.com\/es\/wp-json\/wp\/v2\/media?parent=1220"}],"wp:term":[{"taxonomy":"product_brand","embeddable":true,"href":"https:\/\/www.upspower-supply.com\/es\/wp-json\/wp\/v2\/product_brand?post=1220"},{"taxonomy":"product_cat","embeddable":true,"href":"https:\/\/www.upspower-supply.com\/es\/wp-json\/wp\/v2\/product_cat?post=1220"},{"taxonomy":"product_tag","embeddable":true,"href":"https:\/\/www.upspower-supply.com\/es\/wp-json\/wp\/v2\/product_tag?post=1220"}],"curies":[{"name":"wp","href":"https:\/\/api.w.org\/{rel}","templated":true}]}}