{"id":1210,"date":"2025-04-24T06:47:37","date_gmt":"2025-04-24T06:47:37","guid":{"rendered":"https:\/\/www.upspower-supply.com\/product\/eaton-dxrt-10kva-ups-3-phase-in-1-phase-out-rackmount\/"},"modified":"2025-04-24T07:07:03","modified_gmt":"2025-04-24T07:07:03","slug":"eaton-dxrt-10kva-ups-3-phase-in-1-phase-out-rackmount","status":"publish","type":"product","link":"https:\/\/www.upspower-supply.com\/es\/producto\/eaton-dxrt-10kva-ups-3-phase-in-1-phase-out-rackmount\/","title":{"rendered":"SAI Eaton DXRT de 10 kVA: entrada trif\u00e1sica, salida monof\u00e1sica, montaje en rack"},"content":{"rendered":"<div class=\"overflow-x-auto\">\n<h3 class=\"text-lg font-semibold text-gray-800 mb-4\">Otros atributos de UPS<\/h3>\n<table class=\"table-auto w-full text-left border border-gray-200\">\n<thead class=\"bg-gray-100 text-gray-700\">\n<tr>\n<th class=\"px-4 py-2 border\">Atributo<\/th>\n<th class=\"px-4 py-2 border\">Valor<\/th>\n<\/tr>\n<\/thead>\n<tbody class=\"text-gray-800\">\n<tr class=\"border-t\">\n<td class=\"px-4 py-2 border\">Lugar de origen<\/td>\n<td class=\"px-4 py-2 border\">Shangh\u00e1i, China<\/td>\n<\/tr>\n<tr>\n<td class=\"px-4 py-2 border\">Nombre de marca<\/td>\n<td class=\"px-4 py-2 border\">Eaton<\/td>\n<\/tr>\n<tr>\n<td class=\"px-4 py-2 border\">N\u00famero de modelo<\/td>\n<td class=\"px-4 py-2 border\">RM10KXL31<\/td>\n<\/tr>\n<tr>\n<td class=\"px-4 py-2 border\">Energ\u00eda el\u00e9ctrica<\/td>\n<td class=\"px-4 py-2 border\">0 Wh<\/td>\n<\/tr>\n<tr>\n<td class=\"px-4 py-2 border\">Fase<\/td>\n<td class=\"px-4 py-2 border\">Monof\u00e1sico<\/td>\n<\/tr>\n<tr>\n<td class=\"px-4 py-2 border\">Protecci\u00f3n<\/td>\n<td class=\"px-4 py-2 border\">Cortocircuito<\/td>\n<\/tr>\n<tr>\n<td class=\"px-4 py-2 border\">Peso<\/td>\n<td class=\"px-4 py-2 border\">32 kilos<\/td>\n<\/tr>\n<tr>\n<td class=\"px-4 py-2 border\">Tipo<\/td>\n<td class=\"px-4 py-2 border\">En l\u00ednea<\/td>\n<\/tr>\n<tr>\n<td class=\"px-4 py-2 border\">Solicitud<\/td>\n<td class=\"px-4 py-2 border\">Redes<\/td>\n<\/tr>\n<tr>\n<td class=\"px-4 py-2 border\">Potencia nominal<\/td>\n<td class=\"px-4 py-2 border\">10 kVA | 10 kW<\/td>\n<\/tr>\n<tr>\n<td class=\"px-4 py-2 border\">Voltaje nominal<\/td>\n<td class=\"px-4 py-2 border\">380\/400\/415 V CA (predeterminado 380 V CA)<\/td>\n<\/tr>\n<tr>\n<td class=\"px-4 py-2 border\">Rango de voltaje de entrada<\/td>\n<td class=\"px-4 py-2 border\">208\u2013474 V CA<\/td>\n<\/tr>\n<tr>\n<td class=\"px-4 py-2 border\">Fase de entrada | salida<\/td>\n<td class=\"px-4 py-2 border\">3:1<\/td>\n<\/tr>\n<tr>\n<td class=\"px-4 py-2 border\">Topolog\u00eda<\/td>\n<td class=\"px-4 py-2 border\">Doble conversi\u00f3n en l\u00ednea con correcci\u00f3n del factor de potencia (PFC)<\/td>\n<\/tr>\n<tr>\n<td class=\"px-4 py-2 border\">Capacidad de la bater\u00eda<\/td>\n<td class=\"px-4 py-2 border\">Sin bater\u00eda incorporada, 192 V CC<\/td>\n<\/tr>\n<tr>\n<td class=\"px-4 py-2 border\">Puerto de comunicaci\u00f3n<\/td>\n<td class=\"px-4 py-2 border\">RS323, USB, EPO, ranura para tarjeta inteligente<\/td>\n<\/tr>\n<tr>\n<td class=\"px-4 py-2 border\">Tiempo de respaldo<\/td>\n<td class=\"px-4 py-2 border\">Depende de EBM o bater\u00eda externa<\/td>\n<\/tr>\n<tr>\n<td class=\"px-4 py-2 border\">Proceso de dar un t\u00edtulo<\/td>\n<td class=\"px-4 py-2 border\">CE<\/td>\n<\/tr>\n<tr>\n<td class=\"px-4 py-2 border\">Garant\u00eda<\/td>\n<td class=\"px-4 py-2 border\">3 a\u00f1os<\/td>\n<\/tr>\n<\/tbody>\n<\/table>\n<h3 class=\"text-lg font-semibold text-gray-800 mt-8 mb-4\">Embalaje y entrega<\/h3>\n<table class=\"table-auto w-full text-left border border-gray-200\">\n<thead class=\"bg-gray-100 text-gray-700\">\n<tr>\n<th class=\"px-4 py-2 border\">Atributo<\/th>\n<th class=\"px-4 py-2 border\">Valor<\/th>\n<\/tr>\n<\/thead>\n<tbody class=\"text-gray-800\">\n<tr>\n<td class=\"px-4 py-2 border\">Venta de unidades<\/td>\n<td class=\"px-4 py-2 border\">Art\u00edculo \u00fanico<\/td>\n<\/tr>\n<tr>\n<td class=\"px-4 py-2 border\">Tama\u00f1o de paquete \u00fanico<\/td>\n<td class=\"px-4 py-2 border\">60\u00d7107\u00d733 cm<\/td>\n<\/tr>\n<tr>\n<td class=\"px-4 py-2 border\">Peso bruto \u00fanico<\/td>\n<td class=\"px-4 py-2 border\">38.000 kilos<\/td>\n<\/tr>\n<\/tbody>\n<\/table>\n<\/div>","protected":false},"excerpt":{"rendered":"<p>El Eaton DXRT es un SAI en l\u00ednea de doble conversi\u00f3n de 10 kVA\/10 kW y alto rendimiento, dise\u00f1ado para aplicaciones de energ\u00eda cr\u00edticas. Con entrada trif\u00e1sica y salida monof\u00e1sica (3:1), garantiza un suministro de energ\u00eda continuo y limpio. Su dise\u00f1o compacto para montaje en rack 2U y compatibilidad con bater\u00edas externas de 192 V CC lo hacen ideal para centros de datos, sistemas industriales e infraestructuras de TI que requieren un tiempo de actividad m\u00e1ximo y una escalabilidad flexible.<\/p>","protected":false},"featured_media":1204,"comment_status":"open","ping_status":"closed","template":"","meta":{"_acf_changed":false,"_uag_custom_page_level_css":"","site-sidebar-layout":"default","site-content-layout":"","ast-site-content-layout":"default","site-content-style":"default","site-sidebar-style":"default","ast-global-header-display":"","ast-banner-title-visibility":"","ast-main-header-display":"","ast-hfb-above-header-display":"","ast-hfb-below-header-display":"","ast-hfb-mobile-header-display":"","site-post-title":"","ast-breadcrumbs-content":"","ast-featured-img":"","footer-sml-layout":"","theme-transparent-header-meta":"default","adv-header-id-meta":"","stick-header-meta":"","header-above-stick-meta":"","header-main-stick-meta":"","header-below-stick-meta":"","astra-migrate-meta-layouts":"set","ast-page-background-enabled":"default","ast-page-background-meta":{"desktop":{"background-color":"var(--ast-global-color-4)","background-image":"","background-repeat":"repeat","background-position":"center center","background-size":"auto","background-attachment":"scroll","background-type":"","background-media":"","overlay-type":"","overlay-color":"","overlay-opacity":"","overlay-gradient":""},"tablet":{"background-color":"","background-image":"","background-repeat":"repeat","background-position":"center center","background-size":"auto","background-attachment":"scroll","background-type":"","background-media":"","overlay-type":"","overlay-color":"","overlay-opacity":"","overlay-gradient":""},"mobile":{"background-color":"","background-image":"","background-repeat":"repeat","background-position":"center center","background-size":"auto","background-attachment":"scroll","background-type":"","background-media":"","overlay-type":"","overlay-color":"","overlay-opacity":"","overlay-gradient":""}},"ast-content-background-meta":{"desktop":{"background-color":"var(--ast-global-color-5)","background-image":"","background-repeat":"repeat","background-position":"center center","background-size":"auto","background-attachment":"scroll","background-type":"","background-media":"","overlay-type":"","overlay-color":"","overlay-opacity":"","overlay-gradient":""},"tablet":{"background-color":"var(--ast-global-color-5)","background-image":"","background-repeat":"repeat","background-position":"center center","background-size":"auto","background-attachment":"scroll","background-type":"","background-media":"","overlay-type":"","overlay-color":"","overlay-opacity":"","overlay-gradient":""},"mobile":{"background-color":"var(--ast-global-color-5)","background-image":"","background-repeat":"repeat","background-position":"center center","background-size":"auto","background-attachment":"scroll","background-type":"","background-media":"","overlay-type":"","overlay-color":"","overlay-opacity":"","overlay-gradient":""}}},"product_brand":[],"product_cat":[26],"product_tag":[27,28],"class_list":{"0":"post-1210","1":"product","2":"type-product","3":"status-publish","4":"has-post-thumbnail","6":"product_cat-online-ups","7":"product_tag-10-kva-ups","8":"product_tag-rack-mount-ups","9":"desktop-align-left","10":"tablet-align-left","11":"mobile-align-left","13":"first","14":"instock","15":"shipping-taxable","16":"product-type-simple"},"acf":[],"yoast_head":"<!-- This site is optimized with the Yoast SEO plugin v25.0 - https:\/\/yoast.com\/wordpress\/plugins\/seo\/ -->\n<title>Eaton DXRT 10kVA UPS \u2013 3-Phase In, 1-Phase Out, Rackmount - UPS power supply<\/title>\n<meta name=\"robots\" content=\"index, follow, max-snippet:-1, max-image-preview:large, max-video-preview:-1\" \/>\n<link rel=\"canonical\" href=\"https:\/\/www.upspower-supply.com\/es\/producto\/eaton-dxrt-10kva-ups-3-phase-in-1-phase-out-rackmount\/\" \/>\n<meta property=\"og:locale\" content=\"es_ES\" \/>\n<meta property=\"og:type\" content=\"article\" \/>\n<meta property=\"og:title\" content=\"Eaton DXRT 10kVA UPS \u2013 3-Phase In, 1-Phase Out, Rackmount - UPS power supply\" \/>\n<meta property=\"og:description\" content=\"The Eaton DXRT is a high-performance 10kVA\/10kW double-conversion online UPS designed for critical power applications. Featuring a 3-phase input and single-phase output (3:1), it ensures continuous, clean power delivery. Its compact 2U rackmount design and 192VDC external battery support make it ideal for data centers, industrial systems, and IT infrastructure requiring maximum uptime and flexible runtime scalability.\" \/>\n<meta property=\"og:url\" content=\"https:\/\/www.upspower-supply.com\/es\/producto\/eaton-dxrt-10kva-ups-3-phase-in-1-phase-out-rackmount\/\" \/>\n<meta property=\"og:site_name\" content=\"UPS power supply\" \/>\n<meta property=\"article:modified_time\" content=\"2025-04-24T07:07:03+00:00\" \/>\n<meta property=\"og:image\" content=\"https:\/\/www.upspower-supply.com\/wp-content\/uploads\/2025\/04\/eaton-dxrt-10kva-ups-3-phase-in-1-phase-out-rackmount-1.webp\" \/>\n\t<meta property=\"og:image:width\" content=\"2500\" \/>\n\t<meta property=\"og:image:height\" content=\"2500\" \/>\n\t<meta property=\"og:image:type\" content=\"image\/webp\" \/>\n<meta name=\"twitter:card\" content=\"summary_large_image\" \/>\n<meta name=\"twitter:label1\" content=\"Tiempo de lectura\" \/>\n\t<meta name=\"twitter:data1\" content=\"1 minuto\" \/>\n<script type=\"application\/ld+json\" class=\"yoast-schema-graph\">{\"@context\":\"https:\/\/schema.org\",\"@graph\":[{\"@type\":\"WebPage\",\"@id\":\"https:\/\/www.upspower-supply.com\/product\/eaton-dxrt-10kva-ups-3-phase-in-1-phase-out-rackmount\/\",\"url\":\"https:\/\/www.upspower-supply.com\/product\/eaton-dxrt-10kva-ups-3-phase-in-1-phase-out-rackmount\/\",\"name\":\"Eaton DXRT 10kVA UPS \u2013 3-Phase In, 1-Phase Out, Rackmount - UPS power supply\",\"isPartOf\":{\"@id\":\"https:\/\/www.upspower-supply.com\/#website\"},\"primaryImageOfPage\":{\"@id\":\"https:\/\/www.upspower-supply.com\/product\/eaton-dxrt-10kva-ups-3-phase-in-1-phase-out-rackmount\/#primaryimage\"},\"image\":{\"@id\":\"https:\/\/www.upspower-supply.com\/product\/eaton-dxrt-10kva-ups-3-phase-in-1-phase-out-rackmount\/#primaryimage\"},\"thumbnailUrl\":\"https:\/\/www.upspower-supply.com\/wp-content\/uploads\/2025\/04\/eaton-dxrt-10kva-ups-3-phase-in-1-phase-out-rackmount-1.webp\",\"datePublished\":\"2025-04-24T06:47:37+00:00\",\"dateModified\":\"2025-04-24T07:07:03+00:00\",\"breadcrumb\":{\"@id\":\"https:\/\/www.upspower-supply.com\/product\/eaton-dxrt-10kva-ups-3-phase-in-1-phase-out-rackmount\/#breadcrumb\"},\"inLanguage\":\"es\",\"potentialAction\":[{\"@type\":\"ReadAction\",\"target\":[\"https:\/\/www.upspower-supply.com\/product\/eaton-dxrt-10kva-ups-3-phase-in-1-phase-out-rackmount\/\"]}]},{\"@type\":\"ImageObject\",\"inLanguage\":\"es\",\"@id\":\"https:\/\/www.upspower-supply.com\/product\/eaton-dxrt-10kva-ups-3-phase-in-1-phase-out-rackmount\/#primaryimage\",\"url\":\"https:\/\/www.upspower-supply.com\/wp-content\/uploads\/2025\/04\/eaton-dxrt-10kva-ups-3-phase-in-1-phase-out-rackmount-1.webp\",\"contentUrl\":\"https:\/\/www.upspower-supply.com\/wp-content\/uploads\/2025\/04\/eaton-dxrt-10kva-ups-3-phase-in-1-phase-out-rackmount-1.webp\",\"width\":2500,\"height\":2500,\"caption\":\"10kVA UPS \u2013 3-Phase In, 1-Phase Out, Rackmount\"},{\"@type\":\"BreadcrumbList\",\"@id\":\"https:\/\/www.upspower-supply.com\/product\/eaton-dxrt-10kva-ups-3-phase-in-1-phase-out-rackmount\/#breadcrumb\",\"itemListElement\":[{\"@type\":\"ListItem\",\"position\":1,\"name\":\"Home\",\"item\":\"https:\/\/www.upspower-supply.com\/\"},{\"@type\":\"ListItem\",\"position\":2,\"name\":\"Shop\",\"item\":\"https:\/\/www.upspower-supply.com\/shop\/\"},{\"@type\":\"ListItem\",\"position\":3,\"name\":\"Eaton DXRT 10kVA UPS \u2013 3-Phase In, 1-Phase Out, Rackmount\"}]},{\"@type\":\"WebSite\",\"@id\":\"https:\/\/www.upspower-supply.com\/#website\",\"url\":\"https:\/\/www.upspower-supply.com\/\",\"name\":\"UPS power supply\",\"description\":\"\",\"potentialAction\":[{\"@type\":\"SearchAction\",\"target\":{\"@type\":\"EntryPoint\",\"urlTemplate\":\"https:\/\/www.upspower-supply.com\/?s={search_term_string}\"},\"query-input\":{\"@type\":\"PropertyValueSpecification\",\"valueRequired\":true,\"valueName\":\"search_term_string\"}}],\"inLanguage\":\"es\"}]}<\/script>\n<!-- \/ Yoast SEO plugin. -->","yoast_head_json":{"title":"Eaton DXRT 10kVA UPS \u2013 3-Phase In, 1-Phase Out, Rackmount - UPS power supply","robots":{"index":"index","follow":"follow","max-snippet":"max-snippet:-1","max-image-preview":"max-image-preview:large","max-video-preview":"max-video-preview:-1"},"canonical":"https:\/\/www.upspower-supply.com\/es\/producto\/eaton-dxrt-10kva-ups-3-phase-in-1-phase-out-rackmount\/","og_locale":"es_ES","og_type":"article","og_title":"Eaton DXRT 10kVA UPS \u2013 3-Phase In, 1-Phase Out, Rackmount - UPS power supply","og_description":"The Eaton DXRT is a high-performance 10kVA\/10kW double-conversion online UPS designed for critical power applications. Featuring a 3-phase input and single-phase output (3:1), it ensures continuous, clean power delivery. Its compact 2U rackmount design and 192VDC external battery support make it ideal for data centers, industrial systems, and IT infrastructure requiring maximum uptime and flexible runtime scalability.","og_url":"https:\/\/www.upspower-supply.com\/es\/producto\/eaton-dxrt-10kva-ups-3-phase-in-1-phase-out-rackmount\/","og_site_name":"UPS power supply","article_modified_time":"2025-04-24T07:07:03+00:00","og_image":[{"width":2500,"height":2500,"url":"https:\/\/www.upspower-supply.com\/wp-content\/uploads\/2025\/04\/eaton-dxrt-10kva-ups-3-phase-in-1-phase-out-rackmount-1.webp","type":"image\/webp"}],"twitter_card":"summary_large_image","twitter_misc":{"Tiempo de lectura":"1 minuto"},"schema":{"@context":"https:\/\/schema.org","@graph":[{"@type":"WebPage","@id":"https:\/\/www.upspower-supply.com\/product\/eaton-dxrt-10kva-ups-3-phase-in-1-phase-out-rackmount\/","url":"https:\/\/www.upspower-supply.com\/product\/eaton-dxrt-10kva-ups-3-phase-in-1-phase-out-rackmount\/","name":"Eaton DXRT 10kVA UPS \u2013 3-Phase In, 1-Phase Out, Rackmount - UPS power supply","isPartOf":{"@id":"https:\/\/www.upspower-supply.com\/#website"},"primaryImageOfPage":{"@id":"https:\/\/www.upspower-supply.com\/product\/eaton-dxrt-10kva-ups-3-phase-in-1-phase-out-rackmount\/#primaryimage"},"image":{"@id":"https:\/\/www.upspower-supply.com\/product\/eaton-dxrt-10kva-ups-3-phase-in-1-phase-out-rackmount\/#primaryimage"},"thumbnailUrl":"https:\/\/www.upspower-supply.com\/wp-content\/uploads\/2025\/04\/eaton-dxrt-10kva-ups-3-phase-in-1-phase-out-rackmount-1.webp","datePublished":"2025-04-24T06:47:37+00:00","dateModified":"2025-04-24T07:07:03+00:00","breadcrumb":{"@id":"https:\/\/www.upspower-supply.com\/product\/eaton-dxrt-10kva-ups-3-phase-in-1-phase-out-rackmount\/#breadcrumb"},"inLanguage":"es","potentialAction":[{"@type":"ReadAction","target":["https:\/\/www.upspower-supply.com\/product\/eaton-dxrt-10kva-ups-3-phase-in-1-phase-out-rackmount\/"]}]},{"@type":"ImageObject","inLanguage":"es","@id":"https:\/\/www.upspower-supply.com\/product\/eaton-dxrt-10kva-ups-3-phase-in-1-phase-out-rackmount\/#primaryimage","url":"https:\/\/www.upspower-supply.com\/wp-content\/uploads\/2025\/04\/eaton-dxrt-10kva-ups-3-phase-in-1-phase-out-rackmount-1.webp","contentUrl":"https:\/\/www.upspower-supply.com\/wp-content\/uploads\/2025\/04\/eaton-dxrt-10kva-ups-3-phase-in-1-phase-out-rackmount-1.webp","width":2500,"height":2500,"caption":"10kVA UPS \u2013 3-Phase In, 1-Phase Out, Rackmount"},{"@type":"BreadcrumbList","@id":"https:\/\/www.upspower-supply.com\/product\/eaton-dxrt-10kva-ups-3-phase-in-1-phase-out-rackmount\/#breadcrumb","itemListElement":[{"@type":"ListItem","position":1,"name":"Home","item":"https:\/\/www.upspower-supply.com\/"},{"@type":"ListItem","position":2,"name":"Shop","item":"https:\/\/www.upspower-supply.com\/shop\/"},{"@type":"ListItem","position":3,"name":"Eaton DXRT 10kVA UPS \u2013 3-Phase In, 1-Phase Out, Rackmount"}]},{"@type":"WebSite","@id":"https:\/\/www.upspower-supply.com\/#website","url":"https:\/\/www.upspower-supply.com\/","name":"UPS power supply","description":"","potentialAction":[{"@type":"SearchAction","target":{"@type":"EntryPoint","urlTemplate":"https:\/\/www.upspower-supply.com\/?s={search_term_string}"},"query-input":{"@type":"PropertyValueSpecification","valueRequired":true,"valueName":"search_term_string"}}],"inLanguage":"es"}]}},"uagb_featured_image_src":{"full":["https:\/\/www.upspower-supply.com\/wp-content\/uploads\/2025\/04\/eaton-dxrt-10kva-ups-3-phase-in-1-phase-out-rackmount-1.webp",2500,2500,false],"thumbnail":["https:\/\/www.upspower-supply.com\/wp-content\/uploads\/2025\/04\/eaton-dxrt-10kva-ups-3-phase-in-1-phase-out-rackmount-1.webp",150,150,false],"medium":["https:\/\/www.upspower-supply.com\/wp-content\/uploads\/2025\/04\/eaton-dxrt-10kva-ups-3-phase-in-1-phase-out-rackmount-1.webp",300,300,false],"medium_large":["https:\/\/www.upspower-supply.com\/wp-content\/uploads\/2025\/04\/eaton-dxrt-10kva-ups-3-phase-in-1-phase-out-rackmount-1.webp",768,768,false],"large":["https:\/\/www.upspower-supply.com\/wp-content\/uploads\/2025\/04\/eaton-dxrt-10kva-ups-3-phase-in-1-phase-out-rackmount-1.webp",1024,1024,false],"1536x1536":["https:\/\/www.upspower-supply.com\/wp-content\/uploads\/2025\/04\/eaton-dxrt-10kva-ups-3-phase-in-1-phase-out-rackmount-1.webp",1536,1536,false],"2048x2048":["https:\/\/www.upspower-supply.com\/wp-content\/uploads\/2025\/04\/eaton-dxrt-10kva-ups-3-phase-in-1-phase-out-rackmount-1.webp",2048,2048,false],"trp-custom-language-flag":["https:\/\/www.upspower-supply.com\/wp-content\/uploads\/2025\/04\/eaton-dxrt-10kva-ups-3-phase-in-1-phase-out-rackmount-1.webp",12,12,false],"woocommerce_thumbnail":["https:\/\/www.upspower-supply.com\/wp-content\/uploads\/2025\/04\/eaton-dxrt-10kva-ups-3-phase-in-1-phase-out-rackmount-1.webp",300,300,false],"woocommerce_single":["https:\/\/www.upspower-supply.com\/wp-content\/uploads\/2025\/04\/eaton-dxrt-10kva-ups-3-phase-in-1-phase-out-rackmount-1.webp",600,600,false],"woocommerce_gallery_thumbnail":["https:\/\/www.upspower-supply.com\/wp-content\/uploads\/2025\/04\/eaton-dxrt-10kva-ups-3-phase-in-1-phase-out-rackmount-1.webp",100,100,false]},"uagb_author_info":{"display_name":"Tyne Tingey","author_link":"https:\/\/www.upspower-supply.com\/es\/author\/"},"uagb_comment_info":0,"uagb_excerpt":"The Eaton DXRT is a high-performance 10kVA\/10kW double-conversion online UPS designed for critical power applications. Featuring a 3-phase input and single-phase output (3:1), it ensures continuous, clean power delivery. Its compact 2U rackmount design and 192VDC external battery support make it ideal for data centers, industrial systems, and IT infrastructure requiring maximum uptime and flexible&hellip;","_links":{"self":[{"href":"https:\/\/www.upspower-supply.com\/es\/wp-json\/wp\/v2\/product\/1210","targetHints":{"allow":["GET"]}}],"collection":[{"href":"https:\/\/www.upspower-supply.com\/es\/wp-json\/wp\/v2\/product"}],"about":[{"href":"https:\/\/www.upspower-supply.com\/es\/wp-json\/wp\/v2\/types\/product"}],"replies":[{"embeddable":true,"href":"https:\/\/www.upspower-supply.com\/es\/wp-json\/wp\/v2\/comments?post=1210"}],"wp:featuredmedia":[{"embeddable":true,"href":"https:\/\/www.upspower-supply.com\/es\/wp-json\/wp\/v2\/media\/1204"}],"wp:attachment":[{"href":"https:\/\/www.upspower-supply.com\/es\/wp-json\/wp\/v2\/media?parent=1210"}],"wp:term":[{"taxonomy":"product_brand","embeddable":true,"href":"https:\/\/www.upspower-supply.com\/es\/wp-json\/wp\/v2\/product_brand?post=1210"},{"taxonomy":"product_cat","embeddable":true,"href":"https:\/\/www.upspower-supply.com\/es\/wp-json\/wp\/v2\/product_cat?post=1210"},{"taxonomy":"product_tag","embeddable":true,"href":"https:\/\/www.upspower-supply.com\/es\/wp-json\/wp\/v2\/product_tag?post=1210"}],"curies":[{"name":"wp","href":"https:\/\/api.w.org\/{rel}","templated":true}]}}