{"id":1202,"date":"2025-04-24T06:27:31","date_gmt":"2025-04-24T06:27:31","guid":{"rendered":"https:\/\/www.upspower-supply.com\/product\/eaton-dxrt3ks-3000va-double-conversion-rackmount-ups\/"},"modified":"2025-04-24T07:07:32","modified_gmt":"2025-04-24T07:07:32","slug":"eaton-dxrt3ks-3000va-double-conversion-rackmount-ups","status":"publish","type":"product","link":"https:\/\/www.upspower-supply.com\/es\/producto\/eaton-dxrt3ks-3000va-double-conversion-rackmount-ups\/","title":{"rendered":"SAI Eaton DXRT3KS de 3000 VA para montaje en rack de doble conversi\u00f3n"},"content":{"rendered":"<div class=\"space-y-6\">\n<div>\n<h3 class=\"text-lg font-semibold text-gray-800 mb-4\">Otros atributos<\/h3>\n<div class=\"grid gap-4\">\n<div class=\"flex justify-between border-b pb-2\"><span class=\"font-medium text-gray-600\">Lugar de origen<\/span><br \/>\n<span class=\"text-gray-800\">Shangh\u00e1i, China<\/span><\/div>\n<div class=\"flex justify-between border-b pb-2\"><span class=\"font-medium text-gray-600\">Nombre de marca<\/span><br \/>\n<span class=\"text-gray-800\">Eaton<\/span><\/div>\n<div class=\"flex justify-between border-b pb-2\"><span class=\"font-medium text-gray-600\">N\u00famero de modelo<\/span><br \/>\n<span class=\"text-gray-800\">DXRT3KS<\/span><\/div>\n<div class=\"flex justify-between border-b pb-2\"><span class=\"font-medium text-gray-600\">Energ\u00eda el\u00e9ctrica<\/span><br \/>\n<span class=\"text-gray-800\">0 Wh<\/span><\/div>\n<div class=\"flex justify-between border-b pb-2\"><span class=\"font-medium text-gray-600\">Fase<\/span><br \/>\n<span class=\"text-gray-800\">Monof\u00e1sico<\/span><\/div>\n<div class=\"flex justify-between border-b pb-2\"><span class=\"font-medium text-gray-600\">Protecci\u00f3n<\/span><br \/>\n<span class=\"text-gray-800\">Sobretensi\u00f3n<\/span><\/div>\n<div class=\"flex justify-between border-b pb-2\"><span class=\"font-medium text-gray-600\">Peso<\/span><br \/>\n<span class=\"text-gray-800\">10,1 kG<\/span><\/div>\n<div class=\"flex justify-between border-b pb-2\"><span class=\"font-medium text-gray-600\">Tipo<\/span><br \/>\n<span class=\"text-gray-800\">En l\u00ednea<\/span><\/div>\n<div class=\"flex justify-between border-b pb-2\"><span class=\"font-medium text-gray-600\">Solicitud<\/span><br \/>\n<span class=\"text-gray-800\">Redes<\/span><\/div>\n<div class=\"flex justify-between border-b pb-2\"><span class=\"font-medium text-gray-600\">Potencia nominal<\/span><br \/>\n<span class=\"text-gray-800\">3000 VA | 2700 W<\/span><\/div>\n<div class=\"flex justify-between border-b pb-2\"><span class=\"font-medium text-gray-600\">Voltaje nominal<\/span><br \/>\n<span class=\"text-gray-800\">220\/230\/240 V CA (predeterminado 220 V CA)<\/span><\/div>\n<div class=\"flex justify-between border-b pb-2\"><span class=\"font-medium text-gray-600\">Rango de voltaje de entrada<\/span><br \/>\n<span class=\"text-gray-800\">110-275 V CA<\/span><\/div>\n<div class=\"flex justify-between border-b pb-2\"><span class=\"font-medium text-gray-600\">Fase de entrada | salida<\/span><br \/>\n<span class=\"text-gray-800\">1:1<\/span><\/div>\n<div class=\"flex justify-between border-b pb-2\"><span class=\"font-medium text-gray-600\">Topolog\u00eda<\/span><br \/>\n<span class=\"text-gray-800\">Doble conversi\u00f3n en l\u00ednea con sistema de correcci\u00f3n del factor de potencia (PFC)<\/span><\/div>\n<div class=\"flex justify-between border-b pb-2\"><span class=\"font-medium text-gray-600\">Capacidad de la bater\u00eda<\/span><br \/>\n<span class=\"text-gray-800\">Sin bater\u00eda incorporada, 96 V CC<\/span><\/div>\n<div class=\"flex justify-between border-b pb-2\"><span class=\"font-medium text-gray-600\">Puerto de comunicaci\u00f3n<\/span><br \/>\n<span class=\"text-gray-800\">USB, ranura para tarjeta inteligente<\/span><\/div>\n<div class=\"flex justify-between border-b pb-2\"><span class=\"font-medium text-gray-600\">Tiempo de respaldo<\/span><br \/>\n<span class=\"text-gray-800\">Depende de EBM o bater\u00eda externa<\/span><\/div>\n<div class=\"flex justify-between border-b pb-2\"><span class=\"font-medium text-gray-600\">Proceso de dar un t\u00edtulo<\/span><br \/>\n<span class=\"text-gray-800\">CE<\/span><\/div>\n<div class=\"flex justify-between\"><span class=\"font-medium text-gray-600\">Garant\u00eda<\/span><br \/>\n<span class=\"text-gray-800\">3 a\u00f1os<\/span><\/div>\n<\/div>\n<\/div>\n<div>\n<h3 class=\"text-lg font-semibold text-gray-800 mb-4\">Embalaje y entrega<\/h3>\n<div class=\"grid gap-4\">\n<div class=\"flex justify-between border-b pb-2\"><span class=\"font-medium text-gray-600\">Venta de unidades<\/span><br \/>\n<span class=\"text-gray-800\">Art\u00edculo \u00fanico<\/span><\/div>\n<div class=\"flex justify-between border-b pb-2\"><span class=\"font-medium text-gray-600\">Tama\u00f1o de paquete \u00fanico<\/span><br \/>\n<span class=\"text-gray-800\">56X55X24 cm<\/span><\/div>\n<div class=\"flex justify-between\"><span class=\"font-medium text-gray-600\">Peso bruto \u00fanico<\/span><br \/>\n<span class=\"text-gray-800\">15.000 kilos<\/span><\/div>\n<\/div>\n<\/div>\n<\/div>","protected":false},"excerpt":{"rendered":"<p>El Eaton DXRT3KS es un SAI en l\u00ednea de doble conversi\u00f3n de 3 kVA (2700 W) dise\u00f1ado para proporcionar energ\u00eda limpia y continua para aplicaciones cr\u00edticas de TI e industriales. Su formato de montaje en rack 2U garantiza un uso eficiente del espacio en salas de servidores y centros de datos. Con una salida de 230 V CA y una entrada de bater\u00eda de 96 V CC, este modelo est\u00e1 dise\u00f1ado para configuraciones que utilizan m\u00f3dulos de bater\u00eda externos, ofreciendo configuraciones flexibles de autonom\u00eda.<\/p>","protected":false},"featured_media":1196,"comment_status":"open","ping_status":"closed","template":"","meta":{"_acf_changed":false,"_uag_custom_page_level_css":"","site-sidebar-layout":"default","site-content-layout":"","ast-site-content-layout":"default","site-content-style":"default","site-sidebar-style":"default","ast-global-header-display":"","ast-banner-title-visibility":"","ast-main-header-display":"","ast-hfb-above-header-display":"","ast-hfb-below-header-display":"","ast-hfb-mobile-header-display":"","site-post-title":"","ast-breadcrumbs-content":"","ast-featured-img":"","footer-sml-layout":"","theme-transparent-header-meta":"default","adv-header-id-meta":"","stick-header-meta":"","header-above-stick-meta":"","header-main-stick-meta":"","header-below-stick-meta":"","astra-migrate-meta-layouts":"set","ast-page-background-enabled":"default","ast-page-background-meta":{"desktop":{"background-color":"var(--ast-global-color-4)","background-image":"","background-repeat":"repeat","background-position":"center center","background-size":"auto","background-attachment":"scroll","background-type":"","background-media":"","overlay-type":"","overlay-color":"","overlay-opacity":"","overlay-gradient":""},"tablet":{"background-color":"","background-image":"","background-repeat":"repeat","background-position":"center center","background-size":"auto","background-attachment":"scroll","background-type":"","background-media":"","overlay-type":"","overlay-color":"","overlay-opacity":"","overlay-gradient":""},"mobile":{"background-color":"","background-image":"","background-repeat":"repeat","background-position":"center center","background-size":"auto","background-attachment":"scroll","background-type":"","background-media":"","overlay-type":"","overlay-color":"","overlay-opacity":"","overlay-gradient":""}},"ast-content-background-meta":{"desktop":{"background-color":"var(--ast-global-color-5)","background-image":"","background-repeat":"repeat","background-position":"center center","background-size":"auto","background-attachment":"scroll","background-type":"","background-media":"","overlay-type":"","overlay-color":"","overlay-opacity":"","overlay-gradient":""},"tablet":{"background-color":"var(--ast-global-color-5)","background-image":"","background-repeat":"repeat","background-position":"center center","background-size":"auto","background-attachment":"scroll","background-type":"","background-media":"","overlay-type":"","overlay-color":"","overlay-opacity":"","overlay-gradient":""},"mobile":{"background-color":"var(--ast-global-color-5)","background-image":"","background-repeat":"repeat","background-position":"center center","background-size":"auto","background-attachment":"scroll","background-type":"","background-media":"","overlay-type":"","overlay-color":"","overlay-opacity":"","overlay-gradient":""}}},"product_brand":[],"product_cat":[26],"product_tag":[20,28],"class_list":{"0":"post-1202","1":"product","2":"type-product","3":"status-publish","4":"has-post-thumbnail","6":"product_cat-online-ups","7":"product_tag-3kva-ups","8":"product_tag-rack-mount-ups","9":"desktop-align-left","10":"tablet-align-left","11":"mobile-align-left","13":"first","14":"instock","15":"shipping-taxable","16":"product-type-simple"},"acf":[],"yoast_head":"<!-- This site is optimized with the Yoast SEO plugin v25.0 - https:\/\/yoast.com\/wordpress\/plugins\/seo\/ -->\n<title>Eaton DXRT3KS 3000VA Double Conversion Rackmount UPS - UPS power supply<\/title>\n<meta name=\"robots\" content=\"index, follow, max-snippet:-1, max-image-preview:large, max-video-preview:-1\" \/>\n<link rel=\"canonical\" href=\"https:\/\/www.upspower-supply.com\/es\/producto\/eaton-dxrt3ks-3000va-double-conversion-rackmount-ups\/\" \/>\n<meta property=\"og:locale\" content=\"es_ES\" \/>\n<meta property=\"og:type\" content=\"article\" \/>\n<meta property=\"og:title\" content=\"Eaton DXRT3KS 3000VA Double Conversion Rackmount UPS - UPS power supply\" \/>\n<meta property=\"og:description\" content=\"The Eaton DXRT3KS is a 3kVA (2700W) double-conversion online UPS designed to provide continuous, clean power for critical IT and industrial applications. Its 2U rackmount form factor ensures efficient use of space in server rooms and data centers. Operating at 230V AC output with a 96V DC battery input, this model is tailored for setups utilizing external battery modules, offering flexible runtime configurations.\u200b\" \/>\n<meta property=\"og:url\" content=\"https:\/\/www.upspower-supply.com\/es\/producto\/eaton-dxrt3ks-3000va-double-conversion-rackmount-ups\/\" \/>\n<meta property=\"og:site_name\" content=\"UPS power supply\" \/>\n<meta property=\"article:modified_time\" content=\"2025-04-24T07:07:32+00:00\" \/>\n<meta property=\"og:image\" content=\"https:\/\/www.upspower-supply.com\/wp-content\/uploads\/2025\/04\/3000va-double-conversion-rackmount-ups-1.webp\" \/>\n\t<meta property=\"og:image:width\" content=\"2500\" \/>\n\t<meta property=\"og:image:height\" content=\"2500\" \/>\n\t<meta property=\"og:image:type\" content=\"image\/webp\" \/>\n<meta name=\"twitter:card\" content=\"summary_large_image\" \/>\n<meta name=\"twitter:label1\" content=\"Tiempo de lectura\" \/>\n\t<meta name=\"twitter:data1\" content=\"1 minuto\" \/>\n<script type=\"application\/ld+json\" class=\"yoast-schema-graph\">{\"@context\":\"https:\/\/schema.org\",\"@graph\":[{\"@type\":\"WebPage\",\"@id\":\"https:\/\/www.upspower-supply.com\/product\/eaton-dxrt3ks-3000va-double-conversion-rackmount-ups\/\",\"url\":\"https:\/\/www.upspower-supply.com\/product\/eaton-dxrt3ks-3000va-double-conversion-rackmount-ups\/\",\"name\":\"Eaton DXRT3KS 3000VA Double Conversion Rackmount UPS - UPS power supply\",\"isPartOf\":{\"@id\":\"https:\/\/www.upspower-supply.com\/#website\"},\"primaryImageOfPage\":{\"@id\":\"https:\/\/www.upspower-supply.com\/product\/eaton-dxrt3ks-3000va-double-conversion-rackmount-ups\/#primaryimage\"},\"image\":{\"@id\":\"https:\/\/www.upspower-supply.com\/product\/eaton-dxrt3ks-3000va-double-conversion-rackmount-ups\/#primaryimage\"},\"thumbnailUrl\":\"https:\/\/www.upspower-supply.com\/wp-content\/uploads\/2025\/04\/3000va-double-conversion-rackmount-ups-1.webp\",\"datePublished\":\"2025-04-24T06:27:31+00:00\",\"dateModified\":\"2025-04-24T07:07:32+00:00\",\"breadcrumb\":{\"@id\":\"https:\/\/www.upspower-supply.com\/product\/eaton-dxrt3ks-3000va-double-conversion-rackmount-ups\/#breadcrumb\"},\"inLanguage\":\"es\",\"potentialAction\":[{\"@type\":\"ReadAction\",\"target\":[\"https:\/\/www.upspower-supply.com\/product\/eaton-dxrt3ks-3000va-double-conversion-rackmount-ups\/\"]}]},{\"@type\":\"ImageObject\",\"inLanguage\":\"es\",\"@id\":\"https:\/\/www.upspower-supply.com\/product\/eaton-dxrt3ks-3000va-double-conversion-rackmount-ups\/#primaryimage\",\"url\":\"https:\/\/www.upspower-supply.com\/wp-content\/uploads\/2025\/04\/3000va-double-conversion-rackmount-ups-1.webp\",\"contentUrl\":\"https:\/\/www.upspower-supply.com\/wp-content\/uploads\/2025\/04\/3000va-double-conversion-rackmount-ups-1.webp\",\"width\":2500,\"height\":2500,\"caption\":\"3000VA Double Conversion Rackmount UPS\"},{\"@type\":\"BreadcrumbList\",\"@id\":\"https:\/\/www.upspower-supply.com\/product\/eaton-dxrt3ks-3000va-double-conversion-rackmount-ups\/#breadcrumb\",\"itemListElement\":[{\"@type\":\"ListItem\",\"position\":1,\"name\":\"Home\",\"item\":\"https:\/\/www.upspower-supply.com\/\"},{\"@type\":\"ListItem\",\"position\":2,\"name\":\"Shop\",\"item\":\"https:\/\/www.upspower-supply.com\/shop\/\"},{\"@type\":\"ListItem\",\"position\":3,\"name\":\"Eaton DXRT3KS 3000VA Double Conversion Rackmount UPS\"}]},{\"@type\":\"WebSite\",\"@id\":\"https:\/\/www.upspower-supply.com\/#website\",\"url\":\"https:\/\/www.upspower-supply.com\/\",\"name\":\"UPS power supply\",\"description\":\"\",\"potentialAction\":[{\"@type\":\"SearchAction\",\"target\":{\"@type\":\"EntryPoint\",\"urlTemplate\":\"https:\/\/www.upspower-supply.com\/?s={search_term_string}\"},\"query-input\":{\"@type\":\"PropertyValueSpecification\",\"valueRequired\":true,\"valueName\":\"search_term_string\"}}],\"inLanguage\":\"es\"}]}<\/script>\n<!-- \/ Yoast SEO plugin. -->","yoast_head_json":{"title":"Eaton DXRT3KS 3000VA Double Conversion Rackmount UPS - UPS power supply","robots":{"index":"index","follow":"follow","max-snippet":"max-snippet:-1","max-image-preview":"max-image-preview:large","max-video-preview":"max-video-preview:-1"},"canonical":"https:\/\/www.upspower-supply.com\/es\/producto\/eaton-dxrt3ks-3000va-double-conversion-rackmount-ups\/","og_locale":"es_ES","og_type":"article","og_title":"Eaton DXRT3KS 3000VA Double Conversion Rackmount UPS - UPS power supply","og_description":"The Eaton DXRT3KS is a 3kVA (2700W) double-conversion online UPS designed to provide continuous, clean power for critical IT and industrial applications. Its 2U rackmount form factor ensures efficient use of space in server rooms and data centers. Operating at 230V AC output with a 96V DC battery input, this model is tailored for setups utilizing external battery modules, offering flexible runtime configurations.\u200b","og_url":"https:\/\/www.upspower-supply.com\/es\/producto\/eaton-dxrt3ks-3000va-double-conversion-rackmount-ups\/","og_site_name":"UPS power supply","article_modified_time":"2025-04-24T07:07:32+00:00","og_image":[{"width":2500,"height":2500,"url":"https:\/\/www.upspower-supply.com\/wp-content\/uploads\/2025\/04\/3000va-double-conversion-rackmount-ups-1.webp","type":"image\/webp"}],"twitter_card":"summary_large_image","twitter_misc":{"Tiempo de lectura":"1 minuto"},"schema":{"@context":"https:\/\/schema.org","@graph":[{"@type":"WebPage","@id":"https:\/\/www.upspower-supply.com\/product\/eaton-dxrt3ks-3000va-double-conversion-rackmount-ups\/","url":"https:\/\/www.upspower-supply.com\/product\/eaton-dxrt3ks-3000va-double-conversion-rackmount-ups\/","name":"Eaton DXRT3KS 3000VA Double Conversion Rackmount UPS - UPS power supply","isPartOf":{"@id":"https:\/\/www.upspower-supply.com\/#website"},"primaryImageOfPage":{"@id":"https:\/\/www.upspower-supply.com\/product\/eaton-dxrt3ks-3000va-double-conversion-rackmount-ups\/#primaryimage"},"image":{"@id":"https:\/\/www.upspower-supply.com\/product\/eaton-dxrt3ks-3000va-double-conversion-rackmount-ups\/#primaryimage"},"thumbnailUrl":"https:\/\/www.upspower-supply.com\/wp-content\/uploads\/2025\/04\/3000va-double-conversion-rackmount-ups-1.webp","datePublished":"2025-04-24T06:27:31+00:00","dateModified":"2025-04-24T07:07:32+00:00","breadcrumb":{"@id":"https:\/\/www.upspower-supply.com\/product\/eaton-dxrt3ks-3000va-double-conversion-rackmount-ups\/#breadcrumb"},"inLanguage":"es","potentialAction":[{"@type":"ReadAction","target":["https:\/\/www.upspower-supply.com\/product\/eaton-dxrt3ks-3000va-double-conversion-rackmount-ups\/"]}]},{"@type":"ImageObject","inLanguage":"es","@id":"https:\/\/www.upspower-supply.com\/product\/eaton-dxrt3ks-3000va-double-conversion-rackmount-ups\/#primaryimage","url":"https:\/\/www.upspower-supply.com\/wp-content\/uploads\/2025\/04\/3000va-double-conversion-rackmount-ups-1.webp","contentUrl":"https:\/\/www.upspower-supply.com\/wp-content\/uploads\/2025\/04\/3000va-double-conversion-rackmount-ups-1.webp","width":2500,"height":2500,"caption":"3000VA Double Conversion Rackmount UPS"},{"@type":"BreadcrumbList","@id":"https:\/\/www.upspower-supply.com\/product\/eaton-dxrt3ks-3000va-double-conversion-rackmount-ups\/#breadcrumb","itemListElement":[{"@type":"ListItem","position":1,"name":"Home","item":"https:\/\/www.upspower-supply.com\/"},{"@type":"ListItem","position":2,"name":"Shop","item":"https:\/\/www.upspower-supply.com\/shop\/"},{"@type":"ListItem","position":3,"name":"Eaton DXRT3KS 3000VA Double Conversion Rackmount UPS"}]},{"@type":"WebSite","@id":"https:\/\/www.upspower-supply.com\/#website","url":"https:\/\/www.upspower-supply.com\/","name":"UPS power supply","description":"","potentialAction":[{"@type":"SearchAction","target":{"@type":"EntryPoint","urlTemplate":"https:\/\/www.upspower-supply.com\/?s={search_term_string}"},"query-input":{"@type":"PropertyValueSpecification","valueRequired":true,"valueName":"search_term_string"}}],"inLanguage":"es"}]}},"uagb_featured_image_src":{"full":["https:\/\/www.upspower-supply.com\/wp-content\/uploads\/2025\/04\/3000va-double-conversion-rackmount-ups-1.webp",2500,2500,false],"thumbnail":["https:\/\/www.upspower-supply.com\/wp-content\/uploads\/2025\/04\/3000va-double-conversion-rackmount-ups-1.webp",150,150,false],"medium":["https:\/\/www.upspower-supply.com\/wp-content\/uploads\/2025\/04\/3000va-double-conversion-rackmount-ups-1.webp",300,300,false],"medium_large":["https:\/\/www.upspower-supply.com\/wp-content\/uploads\/2025\/04\/3000va-double-conversion-rackmount-ups-1.webp",768,768,false],"large":["https:\/\/www.upspower-supply.com\/wp-content\/uploads\/2025\/04\/3000va-double-conversion-rackmount-ups-1.webp",1024,1024,false],"1536x1536":["https:\/\/www.upspower-supply.com\/wp-content\/uploads\/2025\/04\/3000va-double-conversion-rackmount-ups-1.webp",1536,1536,false],"2048x2048":["https:\/\/www.upspower-supply.com\/wp-content\/uploads\/2025\/04\/3000va-double-conversion-rackmount-ups-1.webp",2048,2048,false],"trp-custom-language-flag":["https:\/\/www.upspower-supply.com\/wp-content\/uploads\/2025\/04\/3000va-double-conversion-rackmount-ups-1.webp",12,12,false],"woocommerce_thumbnail":["https:\/\/www.upspower-supply.com\/wp-content\/uploads\/2025\/04\/3000va-double-conversion-rackmount-ups-1.webp",300,300,false],"woocommerce_single":["https:\/\/www.upspower-supply.com\/wp-content\/uploads\/2025\/04\/3000va-double-conversion-rackmount-ups-1.webp",600,600,false],"woocommerce_gallery_thumbnail":["https:\/\/www.upspower-supply.com\/wp-content\/uploads\/2025\/04\/3000va-double-conversion-rackmount-ups-1.webp",100,100,false]},"uagb_author_info":{"display_name":"Tyne Tingey","author_link":"https:\/\/www.upspower-supply.com\/es\/author\/"},"uagb_comment_info":0,"uagb_excerpt":"The Eaton DXRT3KS is a 3kVA (2700W) double-conversion online UPS designed to provide continuous, clean power for critical IT and industrial applications. Its 2U rackmount form factor ensures efficient use of space in server rooms and data centers. Operating at 230V AC output with a 96V DC battery input, this model is tailored for setups&hellip;","_links":{"self":[{"href":"https:\/\/www.upspower-supply.com\/es\/wp-json\/wp\/v2\/product\/1202","targetHints":{"allow":["GET"]}}],"collection":[{"href":"https:\/\/www.upspower-supply.com\/es\/wp-json\/wp\/v2\/product"}],"about":[{"href":"https:\/\/www.upspower-supply.com\/es\/wp-json\/wp\/v2\/types\/product"}],"replies":[{"embeddable":true,"href":"https:\/\/www.upspower-supply.com\/es\/wp-json\/wp\/v2\/comments?post=1202"}],"wp:featuredmedia":[{"embeddable":true,"href":"https:\/\/www.upspower-supply.com\/es\/wp-json\/wp\/v2\/media\/1196"}],"wp:attachment":[{"href":"https:\/\/www.upspower-supply.com\/es\/wp-json\/wp\/v2\/media?parent=1202"}],"wp:term":[{"taxonomy":"product_brand","embeddable":true,"href":"https:\/\/www.upspower-supply.com\/es\/wp-json\/wp\/v2\/product_brand?post=1202"},{"taxonomy":"product_cat","embeddable":true,"href":"https:\/\/www.upspower-supply.com\/es\/wp-json\/wp\/v2\/product_cat?post=1202"},{"taxonomy":"product_tag","embeddable":true,"href":"https:\/\/www.upspower-supply.com\/es\/wp-json\/wp\/v2\/product_tag?post=1202"}],"curies":[{"name":"wp","href":"https:\/\/api.w.org\/{rel}","templated":true}]}}