{"id":2133,"date":"2026-02-26T05:27:28","date_gmt":"2026-02-26T05:27:28","guid":{"rendered":"https:\/\/www.upspower-supply.com\/?page_id=2133"},"modified":"2026-03-31T09:33:10","modified_gmt":"2026-03-31T09:33:10","slug":"nobreak","status":"publish","type":"page","link":"https:\/\/www.upspower-supply.com\/es\/nobreak\/","title":{"rendered":"Sin descanso"},"content":{"rendered":"<section id=\"products\" class=\"py-20 max-w-7xl mx-auto px-4\">\n        <div class=\"text-center mb-16\">\n            <h2 class=\"text-3xl font-bold text-gray-800\">Nuestra l\u00ednea Premium Nobreak<\/h2>\n            <p class=\"text-gray-600 mt-4\">Protecci\u00f3n de energ\u00eda dise\u00f1ada con precisi\u00f3n para cualquier aplicaci\u00f3n.<\/p>\n        <\/div>\n\n        <div class=\"grid grid-cols-1 md:grid-cols-2 lg:grid-cols-4 gap-8\">\n            \n            <div class=\"bg-white p-6 rounded-2xl shadow-md border border-gray-100 hover:shadow-xl transition\">\n    <a href=\"\/es\/producto\/nobreak-1-10kva-uninterruptible-power-supply-for-small-business\/\">\n        <img decoding=\"async\" src=\"https:\/\/www.upspower-supply.com\/wp-content\/uploads\/2026\/03\/nobreak-1-10kva-1-300x300.jpg\" alt=\"Sin interrupci\u00f3n 1kVA 2kva 3kva 6kva 10kva\" class=\"w-full mb-6 rounded-lg\">\n    <\/a>\n    <span class=\"text-blue-600 font-bold text-sm uppercase tracking-widest\">Peque\u00f1a empresa \/ Hogar<\/span>\n    <a href=\"\/es\/producto\/nobreak-1-10kva-uninterruptible-power-supply-for-small-business\/\">\n        <h3 class=\"text-2xl font-bold mt-2\">Sin interrupci\u00f3n 1-10 kVA<\/h3>\n    <\/a>\n    <p class=\"text-gray-600 mt-3 mb-6\">Perfecto para estaciones de trabajo, servidores y equipos de red. Compacto, silencioso y altamente eficiente.<\/p>\n<\/div>\n\n           <div class=\"bg-white p-6 rounded-2xl shadow-md border border-gray-100 hover:shadow-xl transition\">\n    <a href=\"\/es\/producto\/nobreak-20kva-ups-systems-manufacturer\/\">\n        <img decoding=\"async\" src=\"https:\/\/www.upspower-supply.com\/wp-content\/uploads\/2026\/02\/nobreak-20kva-1-300x300.jpg\" alt=\"Sin interrupci\u00f3n 20 kVA\" class=\"w-full mb-6 rounded-lg\">\n    <\/a>\n    <span class=\"text-blue-600 font-bold text-sm uppercase tracking-widest\">TI profesional<\/span>\n    <a href=\"\/es\/producto\/nobreak-20kva-ups-systems-manufacturer\/\">\n        <h3 class=\"text-2xl font-bold mt-2\">Sin interrupci\u00f3n 20 kVA<\/h3>\n    <\/a>\n    <p class=\"text-gray-600 mt-3 mb-6\">Dise\u00f1ado para salas de servidores y equipos m\u00e9dicos cr\u00edticos que requieren energ\u00eda de onda sinusoidal pura y estable.<\/p>\n<\/div>\n\n<div class=\"bg-white p-6 rounded-2xl shadow-md border border-gray-100 hover:shadow-xl transition\">\n    <a href=\"\/es\/producto\/nobreak-40kva-best-ups-power-supply\/\">\n        <img decoding=\"async\" src=\"https:\/\/www.upspower-supply.com\/wp-content\/uploads\/2026\/02\/nobreak-40kva-1-300x300.jpg\" alt=\"Sin interrupci\u00f3n 40 kVA\" class=\"w-full mb-6 rounded-lg\">\n    <\/a>\n    <span class=\"text-blue-600 font-bold text-sm uppercase tracking-widest\">Empresa<\/span>\n    <a href=\"\/es\/producto\/nobreak-40kva-best-ups-power-supply\/\">\n        <h3 class=\"text-2xl font-bold mt-2\">Sin interrupci\u00f3n 40 kVA<\/h3>\n    <\/a>\n    <p class=\"text-gray-600 mt-3 mb-6\">Protecci\u00f3n de energ\u00eda de alta densidad con escalabilidad modular para centros de datos en crecimiento.<\/p>\n<\/div>\n\n            <div class=\"bg-white p-6 rounded-2xl shadow-md border border-gray-100 hover:shadow-xl transition\">\n    <a href=\"\/es\/producto\/nobreak-60kva-uninterruptible-power-supply-china\/\">\n        <img decoding=\"async\" src=\"https:\/\/www.upspower-supply.com\/wp-content\/uploads\/2026\/03\/nobreak-60kva-uninterruptible-power-supply-china-2-300x300.jpg\" alt=\"Sin interrupci\u00f3n 60kva\" class=\"w-full mb-6 rounded-lg\">\n    <\/a>\n    <span class=\"text-blue-600 font-bold text-sm uppercase tracking-widest\">Peque\u00f1a empresa \/ Hogar<\/span>\n    <a href=\"\/es\/producto\/nobreak-60kva-uninterruptible-power-supply-china\/\">\n        <h3 class=\"text-2xl font-bold mt-2\">Sin interrupci\u00f3n 60 kVA<\/h3>\n    <\/a>\n    <p class=\"text-gray-600 mt-3 mb-6\">Protecci\u00f3n el\u00e9ctrica trif\u00e1sica robusta para l\u00edneas de fabricaci\u00f3n e infraestructura a gran escala.<\/p>\n<\/div>\n\n            <div class=\"bg-white p-6 rounded-2xl shadow-md border border-gray-100 hover:shadow-xl transition\">\n    <a href=\"\/es\/producto\/nobreak-300kva-ups-systems-manufacturer\/\">\n        <img decoding=\"async\" src=\"https:\/\/www.upspower-supply.com\/wp-content\/uploads\/2026\/03\/nobreak-300kva-300x300.jpg\" alt=\"Sin interrupci\u00f3n 40 kVA\" class=\"w-full mb-6 rounded-lg\">\n    <\/a>\n    <span class=\"text-blue-600 font-bold text-sm uppercase tracking-widest\">Infraestructura cr\u00edtica<\/span>\n    <a href=\"\/es\/producto\/nobreak-300kva-ups-systems-manufacturer\/\">\n        <h3 class=\"text-2xl font-bold mt-2\">Sin interrupci\u00f3n 300 kVA<\/h3>\n    <\/a>\n    <p class=\"text-gray-600 mt-3 mb-6\">Nuestra unidad modular m\u00e1s potente. M\u00e1xima redundancia e inteligencia para los entornos m\u00e1s exigentes.<\/p>\n<\/div>\n\n        <\/div>\n    <\/section><h2 class=\"wp-block-heading\">Nobreak \u2013 Fabricantes, proveedores y f\u00e1bricas de China<\/h2><p>\n    Como fabricante y proveedor profesional de soluciones de energ\u00eda Nobreak en China, nos especializamos en proporcionar sistemas de alto rendimiento que abarcan desde unidades de peque\u00f1a capacidad de 1 a 10 kVA hasta modelos industriales de gran escala de 300 kVA. Gracias a nuestras avanzadas instalaciones de producci\u00f3n, ingenieros experimentados y estrictos procedimientos de control de calidad, entregamos constantemente sistemas Nobreak confiables, eficientes y duraderos a clientes globales.\n  <\/p><figure class=\"wp-block-image size-large\"><img loading=\"lazy\" decoding=\"async\" width=\"1024\" height=\"406\" src=\"https:\/\/www.upspower-supply.com\/wp-content\/uploads\/2026\/03\/nobreak-china-factory-1024x406.jpg\" alt=\"F\u00e1brica china sin frenos\" class=\"wp-image-2169\" srcset=\"https:\/\/www.upspower-supply.com\/wp-content\/uploads\/2026\/03\/nobreak-china-factory-1024x406.jpg 1024w, https:\/\/www.upspower-supply.com\/wp-content\/uploads\/2026\/03\/nobreak-china-factory-300x119.jpg 300w, https:\/\/www.upspower-supply.com\/wp-content\/uploads\/2026\/03\/nobreak-china-factory-768x304.jpg 768w, https:\/\/www.upspower-supply.com\/wp-content\/uploads\/2026\/03\/nobreak-china-factory-1536x608.jpg 1536w, https:\/\/www.upspower-supply.com\/wp-content\/uploads\/2026\/03\/nobreak-china-factory-18x7.jpg 18w, https:\/\/www.upspower-supply.com\/wp-content\/uploads\/2026\/03\/nobreak-china-factory-600x238.jpg 600w, https:\/\/www.upspower-supply.com\/wp-content\/uploads\/2026\/03\/nobreak-china-factory.jpg 1815w\" sizes=\"auto, (max-width: 1024px) 100vw, 1024px\" \/><\/figure><p>\n    Nuestros productos Nobreak se utilizan ampliamente en centros de datos, hospitales, telecomunicaciones, plantas de fabricaci\u00f3n, instituciones financieras y edificios comerciales. Con tecnolog\u00eda avanzada de doble conversi\u00f3n, sistemas de monitoreo inteligente y componentes de alta eficiencia, nuestras soluciones garantizan una salida de voltaje estable, una conmutaci\u00f3n de energ\u00eda fluida y una protecci\u00f3n integral contra cortes de energ\u00eda, sobretensiones y fluctuaciones.\n  <\/p><p>\n    Implementamos estrictos est\u00e1ndares de inspecci\u00f3n de calidad durante todo el proceso: desde la obtenci\u00f3n de materias primas hasta el ensamblaje de PCB, la integraci\u00f3n de sistemas y las pruebas de carga final. Cada unidad se somete a exhaustivas pruebas de rendimiento y seguridad antes del env\u00edo para garantizar su estabilidad operativa a largo plazo. Ofrecemos servicios OEM y ODM, que incluyen voltaje, frecuencia, dise\u00f1o de gabinete, marca y protocolos de comunicaci\u00f3n personalizados para satisfacer los requisitos espec\u00edficos del proyecto.\n  <\/p><p>\n    Nuestros principales mercados se concentran en el Sudeste Asi\u00e1tico, Oriente Medio, el Sur de Asia, \u00c1frica y algunas regiones europeas. Hemos consolidado una s\u00f3lida presencia en estas regiones gracias a nuestros precios competitivos directos de f\u00e1brica, una capacidad de suministro estable y un servicio posventa fiable. Actualmente, nuestro mercado no se centra en Norteam\u00e9rica, lo que nos permite optimizar los est\u00e1ndares y certificaciones de nuestros productos para nuestros principales mercados regionales.\n  <\/p><figure class=\"wp-block-image size-full\"><img loading=\"lazy\" decoding=\"async\" width=\"1000\" height=\"594\" src=\"https:\/\/www.upspower-supply.com\/wp-content\/uploads\/2026\/03\/packaging-and-shipping-of-nobreak.jpg\" alt=\"Embalaje y env\u00edo de nobreak\" class=\"wp-image-2172\" srcset=\"https:\/\/www.upspower-supply.com\/wp-content\/uploads\/2026\/03\/packaging-and-shipping-of-nobreak.jpg 1000w, https:\/\/www.upspower-supply.com\/wp-content\/uploads\/2026\/03\/packaging-and-shipping-of-nobreak-300x178.jpg 300w, https:\/\/www.upspower-supply.com\/wp-content\/uploads\/2026\/03\/packaging-and-shipping-of-nobreak-768x456.jpg 768w, https:\/\/www.upspower-supply.com\/wp-content\/uploads\/2026\/03\/packaging-and-shipping-of-nobreak-18x12.jpg 18w, https:\/\/www.upspower-supply.com\/wp-content\/uploads\/2026\/03\/packaging-and-shipping-of-nobreak-600x356.jpg 600w\" sizes=\"auto, (max-width: 1000px) 100vw, 1000px\" \/><\/figure><p>\n    Ya sea que est\u00e9 buscando unidades Nobreak compactas de 1 a 10 kVA para aplicaciones de peque\u00f1as empresas o sistemas industriales de alta capacidad de 200 a 300 kVA para grandes proyectos de infraestructura, estamos comprometidos a convertirnos en su socio de fabricaci\u00f3n de confianza al brindar calidad constante, soporte profesional y valor a largo plazo.\n  <\/p>","protected":false},"excerpt":{"rendered":"<p>Our Premium Nobreak Lineup Precision-engineered power protection for any application. Small Business \/ Home Nobreak 1-10kVA Perfect for workstations, servers, [&hellip;]<\/p>","protected":false},"author":1,"featured_media":0,"parent":0,"menu_order":0,"comment_status":"closed","ping_status":"closed","template":"","meta":{"_acf_changed":false,"_uag_custom_page_level_css":"","site-sidebar-layout":"default","site-content-layout":"","ast-site-content-layout":"","site-content-style":"default","site-sidebar-style":"default","ast-global-header-display":"","ast-banner-title-visibility":"","ast-main-header-display":"","ast-hfb-above-header-display":"","ast-hfb-below-header-display":"","ast-hfb-mobile-header-display":"","site-post-title":"disabled","ast-breadcrumbs-content":"","ast-featured-img":"","footer-sml-layout":"","theme-transparent-header-meta":"","adv-header-id-meta":"","stick-header-meta":"","header-above-stick-meta":"","header-main-stick-meta":"","header-below-stick-meta":"","astra-migrate-meta-layouts":"default","ast-page-background-enabled":"default","ast-page-background-meta":{"desktop":{"background-color":"var(--ast-global-color-4)","background-image":"","background-repeat":"repeat","background-position":"center center","background-size":"auto","background-attachment":"scroll","background-type":"","background-media":"","overlay-type":"","overlay-color":"","overlay-opacity":"","overlay-gradient":""},"tablet":{"background-color":"","background-image":"","background-repeat":"repeat","background-position":"center center","background-size":"auto","background-attachment":"scroll","background-type":"","background-media":"","overlay-type":"","overlay-color":"","overlay-opacity":"","overlay-gradient":""},"mobile":{"background-color":"","background-image":"","background-repeat":"repeat","background-position":"center center","background-size":"auto","background-attachment":"scroll","background-type":"","background-media":"","overlay-type":"","overlay-color":"","overlay-opacity":"","overlay-gradient":""}},"ast-content-background-meta":{"desktop":{"background-color":"var(--ast-global-color-5)","background-image":"","background-repeat":"repeat","background-position":"center center","background-size":"auto","background-attachment":"scroll","background-type":"","background-media":"","overlay-type":"","overlay-color":"","overlay-opacity":"","overlay-gradient":""},"tablet":{"background-color":"var(--ast-global-color-5)","background-image":"","background-repeat":"repeat","background-position":"center center","background-size":"auto","background-attachment":"scroll","background-type":"","background-media":"","overlay-type":"","overlay-color":"","overlay-opacity":"","overlay-gradient":""},"mobile":{"background-color":"var(--ast-global-color-5)","background-image":"","background-repeat":"repeat","background-position":"center center","background-size":"auto","background-attachment":"scroll","background-type":"","background-media":"","overlay-type":"","overlay-color":"","overlay-opacity":"","overlay-gradient":""}},"footnotes":""},"class_list":["post-2133","page","type-page","status-publish","hentry"],"acf":[],"yoast_head":"<!-- This site is optimized with the Yoast SEO plugin v25.0 - https:\/\/yoast.com\/wordpress\/plugins\/seo\/ -->\n<title>Nobreak supplier &amp; manufacturer, - UPS power supply<\/title>\n<meta name=\"description\" content=\"Protect your infrastructure with reliable Nobreak power systems. nobreak 20kva,nobreak 40kva, nobreak 60kva, to nobreak 300kva, find the perfect backup for home, office, or data centers.\" \/>\n<meta name=\"robots\" content=\"index, follow, max-snippet:-1, max-image-preview:large, max-video-preview:-1\" \/>\n<link rel=\"canonical\" href=\"https:\/\/www.upspower-supply.com\/es\/nobreak\/\" \/>\n<meta property=\"og:locale\" content=\"es_ES\" \/>\n<meta property=\"og:type\" content=\"article\" \/>\n<meta property=\"og:title\" content=\"Nobreak supplier &amp; manufacturer, - UPS power supply\" \/>\n<meta property=\"og:description\" content=\"Protect your infrastructure with reliable Nobreak power systems. nobreak 20kva,nobreak 40kva, nobreak 60kva, to nobreak 300kva, find the perfect backup for home, office, or data centers.\" \/>\n<meta property=\"og:url\" content=\"https:\/\/www.upspower-supply.com\/es\/nobreak\/\" \/>\n<meta property=\"og:site_name\" content=\"UPS power supply\" \/>\n<meta property=\"article:modified_time\" content=\"2026-03-31T09:33:10+00:00\" \/>\n<meta property=\"og:image\" content=\"https:\/\/www.upspower-supply.com\/wp-content\/uploads\/2026\/03\/nobreak-1-10kva-1-300x300.jpg\" \/>\n<meta name=\"twitter:card\" content=\"summary_large_image\" \/>\n<meta name=\"twitter:label1\" content=\"Tiempo de lectura\" \/>\n\t<meta name=\"twitter:data1\" content=\"3 minutos\" \/>\n<script type=\"application\/ld+json\" class=\"yoast-schema-graph\">{\"@context\":\"https:\/\/schema.org\",\"@graph\":[{\"@type\":\"WebPage\",\"@id\":\"https:\/\/www.upspower-supply.com\/nobreak\/\",\"url\":\"https:\/\/www.upspower-supply.com\/nobreak\/\",\"name\":\"Nobreak supplier & manufacturer, - UPS power supply\",\"isPartOf\":{\"@id\":\"https:\/\/www.upspower-supply.com\/#website\"},\"primaryImageOfPage\":{\"@id\":\"https:\/\/www.upspower-supply.com\/nobreak\/#primaryimage\"},\"image\":{\"@id\":\"https:\/\/www.upspower-supply.com\/nobreak\/#primaryimage\"},\"thumbnailUrl\":\"https:\/\/www.upspower-supply.com\/wp-content\/uploads\/2026\/03\/nobreak-1-10kva-1-300x300.jpg\",\"datePublished\":\"2026-02-26T05:27:28+00:00\",\"dateModified\":\"2026-03-31T09:33:10+00:00\",\"description\":\"Protect your infrastructure with reliable Nobreak power systems. nobreak 20kva,nobreak 40kva, nobreak 60kva, to nobreak 300kva, find the perfect backup for home, office, or data centers.\",\"breadcrumb\":{\"@id\":\"https:\/\/www.upspower-supply.com\/nobreak\/#breadcrumb\"},\"inLanguage\":\"es\",\"potentialAction\":[{\"@type\":\"ReadAction\",\"target\":[\"https:\/\/www.upspower-supply.com\/nobreak\/\"]}]},{\"@type\":\"ImageObject\",\"inLanguage\":\"es\",\"@id\":\"https:\/\/www.upspower-supply.com\/nobreak\/#primaryimage\",\"url\":\"https:\/\/www.upspower-supply.com\/wp-content\/uploads\/2026\/03\/nobreak-1-10kva-1-300x300.jpg\",\"contentUrl\":\"https:\/\/www.upspower-supply.com\/wp-content\/uploads\/2026\/03\/nobreak-1-10kva-1-300x300.jpg\"},{\"@type\":\"BreadcrumbList\",\"@id\":\"https:\/\/www.upspower-supply.com\/nobreak\/#breadcrumb\",\"itemListElement\":[{\"@type\":\"ListItem\",\"position\":1,\"name\":\"Home\",\"item\":\"https:\/\/www.upspower-supply.com\/\"},{\"@type\":\"ListItem\",\"position\":2,\"name\":\"Nobreak\"}]},{\"@type\":\"WebSite\",\"@id\":\"https:\/\/www.upspower-supply.com\/#website\",\"url\":\"https:\/\/www.upspower-supply.com\/\",\"name\":\"UPS power supply\",\"description\":\"\",\"potentialAction\":[{\"@type\":\"SearchAction\",\"target\":{\"@type\":\"EntryPoint\",\"urlTemplate\":\"https:\/\/www.upspower-supply.com\/?s={search_term_string}\"},\"query-input\":{\"@type\":\"PropertyValueSpecification\",\"valueRequired\":true,\"valueName\":\"search_term_string\"}}],\"inLanguage\":\"es\"}]}<\/script>\n<!-- \/ Yoast SEO plugin. -->","yoast_head_json":{"title":"Nobreak supplier & manufacturer, - UPS power supply","description":"Protect your infrastructure with reliable Nobreak power systems. nobreak 20kva,nobreak 40kva, nobreak 60kva, to nobreak 300kva, find the perfect backup for home, office, or data centers.","robots":{"index":"index","follow":"follow","max-snippet":"max-snippet:-1","max-image-preview":"max-image-preview:large","max-video-preview":"max-video-preview:-1"},"canonical":"https:\/\/www.upspower-supply.com\/es\/nobreak\/","og_locale":"es_ES","og_type":"article","og_title":"Nobreak supplier & manufacturer, - UPS power supply","og_description":"Protect your infrastructure with reliable Nobreak power systems. nobreak 20kva,nobreak 40kva, nobreak 60kva, to nobreak 300kva, find the perfect backup for home, office, or data centers.","og_url":"https:\/\/www.upspower-supply.com\/es\/nobreak\/","og_site_name":"UPS power supply","article_modified_time":"2026-03-31T09:33:10+00:00","og_image":[{"url":"https:\/\/www.upspower-supply.com\/wp-content\/uploads\/2026\/03\/nobreak-1-10kva-1-300x300.jpg","type":"","width":"","height":""}],"twitter_card":"summary_large_image","twitter_misc":{"Tiempo de lectura":"3 minutos"},"schema":{"@context":"https:\/\/schema.org","@graph":[{"@type":"WebPage","@id":"https:\/\/www.upspower-supply.com\/nobreak\/","url":"https:\/\/www.upspower-supply.com\/nobreak\/","name":"Nobreak supplier & manufacturer, - UPS power supply","isPartOf":{"@id":"https:\/\/www.upspower-supply.com\/#website"},"primaryImageOfPage":{"@id":"https:\/\/www.upspower-supply.com\/nobreak\/#primaryimage"},"image":{"@id":"https:\/\/www.upspower-supply.com\/nobreak\/#primaryimage"},"thumbnailUrl":"https:\/\/www.upspower-supply.com\/wp-content\/uploads\/2026\/03\/nobreak-1-10kva-1-300x300.jpg","datePublished":"2026-02-26T05:27:28+00:00","dateModified":"2026-03-31T09:33:10+00:00","description":"Protect your infrastructure with reliable Nobreak power systems. nobreak 20kva,nobreak 40kva, nobreak 60kva, to nobreak 300kva, find the perfect backup for home, office, or data centers.","breadcrumb":{"@id":"https:\/\/www.upspower-supply.com\/nobreak\/#breadcrumb"},"inLanguage":"es","potentialAction":[{"@type":"ReadAction","target":["https:\/\/www.upspower-supply.com\/nobreak\/"]}]},{"@type":"ImageObject","inLanguage":"es","@id":"https:\/\/www.upspower-supply.com\/nobreak\/#primaryimage","url":"https:\/\/www.upspower-supply.com\/wp-content\/uploads\/2026\/03\/nobreak-1-10kva-1-300x300.jpg","contentUrl":"https:\/\/www.upspower-supply.com\/wp-content\/uploads\/2026\/03\/nobreak-1-10kva-1-300x300.jpg"},{"@type":"BreadcrumbList","@id":"https:\/\/www.upspower-supply.com\/nobreak\/#breadcrumb","itemListElement":[{"@type":"ListItem","position":1,"name":"Home","item":"https:\/\/www.upspower-supply.com\/"},{"@type":"ListItem","position":2,"name":"Nobreak"}]},{"@type":"WebSite","@id":"https:\/\/www.upspower-supply.com\/#website","url":"https:\/\/www.upspower-supply.com\/","name":"UPS power supply","description":"","potentialAction":[{"@type":"SearchAction","target":{"@type":"EntryPoint","urlTemplate":"https:\/\/www.upspower-supply.com\/?s={search_term_string}"},"query-input":{"@type":"PropertyValueSpecification","valueRequired":true,"valueName":"search_term_string"}}],"inLanguage":"es"}]}},"uagb_featured_image_src":{"full":false,"thumbnail":false,"medium":false,"medium_large":false,"large":false,"1536x1536":false,"2048x2048":false,"trp-custom-language-flag":false,"woocommerce_thumbnail":false,"woocommerce_single":false,"woocommerce_gallery_thumbnail":false},"uagb_author_info":{"display_name":"Tyne Tingey","author_link":"https:\/\/www.upspower-supply.com\/es\/author\/tyne-tingey\/"},"uagb_comment_info":0,"uagb_excerpt":"Our Premium Nobreak Lineup Precision-engineered power protection for any application. Small Business \/ Home Nobreak 1-10kVA Perfect for workstations, servers, [&hellip;]","_links":{"self":[{"href":"https:\/\/www.upspower-supply.com\/es\/wp-json\/wp\/v2\/pages\/2133","targetHints":{"allow":["GET"]}}],"collection":[{"href":"https:\/\/www.upspower-supply.com\/es\/wp-json\/wp\/v2\/pages"}],"about":[{"href":"https:\/\/www.upspower-supply.com\/es\/wp-json\/wp\/v2\/types\/page"}],"author":[{"embeddable":true,"href":"https:\/\/www.upspower-supply.com\/es\/wp-json\/wp\/v2\/users\/1"}],"replies":[{"embeddable":true,"href":"https:\/\/www.upspower-supply.com\/es\/wp-json\/wp\/v2\/comments?post=2133"}],"version-history":[{"count":12,"href":"https:\/\/www.upspower-supply.com\/es\/wp-json\/wp\/v2\/pages\/2133\/revisions"}],"predecessor-version":[{"id":2220,"href":"https:\/\/www.upspower-supply.com\/es\/wp-json\/wp\/v2\/pages\/2133\/revisions\/2220"}],"wp:attachment":[{"href":"https:\/\/www.upspower-supply.com\/es\/wp-json\/wp\/v2\/media?parent=2133"}],"curies":[{"name":"wp","href":"https:\/\/api.w.org\/{rel}","templated":true}]}}